{"id":17789,"date":"2024-10-02T14:22:10","date_gmt":"2024-10-02T12:22:10","guid":{"rendered":"https:\/\/webknjizara.hr\/?post_type=product&#038;p=17789"},"modified":"2024-10-02T14:24:07","modified_gmt":"2024-10-02T12:24:07","slug":"biologija-metodicki-prirucnik-s-problemskim-zadacima-nina-pereza-sasa-ostojic","status":"publish","type":"product","link":"https:\/\/webknjizara.hr\/en\/proizvod\/biologija-metodicki-prirucnik-s-problemskim-zadacima-nina-pereza-sasa-ostojic\/","title":{"rendered":"BIOLOGIJA \u2013 METODI\u010cKI PRIRU\u010cNIK S PROBLEMSKIM ZADACIMA, Nina Pereza, Sa\u0161a Ostoji\u0107"},"content":{"rendered":"<p><span style=\"color: #000000;\"><span lang=\"hr-HR\">Metodi\u010dki priru\u010dnik s problemskim zadacima iz obaveznog kolegija Biologija namijenjen je studentima prve godine sveu\u010dili\u0161nog prijediplomskog studija Medicinsko-laboratorijska dijagnostika na Medicinskom fakultetu u Rijeci. Kolegij je podijeljen na dvije cjeline, uklju\u010duju\u0107i stani\u010dnu biologiju, te molekularnu (funkcionalnu) biologiju s osnovama genetike. Kolegij je organiziran u obliku multimedijalnih predavanja, seminara i vje\u017ebi, koji se kroz tjedne u semestru precizno nadopunjuju u me\u0111usobno povezanim manjim tematskim cjelinama prema postoje\u0107em izvedbenom nastavnom planu i programu. Seminari i vje\u017ebe provode se kroz metode aktivnog u\u010denja, posebice problemski orijentiranog u\u010denja uz poticanje i razvijanje otvorenog, istra\u017eiva\u010dkog i kriti\u010dkog razmi\u0161ljanja i komunikacijskih vje\u0161tina. Na taj se metodi\u010dki na\u010din olak\u0161ava strukturirano usvajanje znanja i vje\u0161tina o suvremenoj biolo\u0161koj znanosti temeljenoj na dokazima kroz problemske zadatke koji omogu\u0107avaju:<\/span><\/span><\/p>\n<p><span style=\"color: #000000;\"><span lang=\"hr-HR\">&#8211; ponavljanje osnovnih pojmova nakon odr\u017eanog teorijskog dijela gradiva odre\u0111ene nastavne jedinice na predavanjima i seminarima<\/span><\/span><\/p>\n<p lang=\"hr-HR\"><span style=\"color: #000000;\">&#8211; povezivanje pojmova i primjenu teorijskog dijela gradiva odre\u0111ene nastavne jedinice na predavanjima, seminarima i vje\u017ebama<\/span><\/p>\n<p lang=\"hr-HR\"><span style=\"color: #000000;\">&#8211; prepoznavanje i snala\u017eenje na mikroskopskim preparatima na vje\u017ebama.<\/span><\/p>\n<p><span style=\"color: #000000;\"><span lang=\"hr-HR\">S ciljem vertikalne uskla\u0111enosti s potrebama struke, ovaj metodi\u010dki priru\u010dnik ostvaruje model ranog uklju\u010divanja medicinskih sadr\u017eaja u temeljna znanja, primjenom primjera bolesti i patolo\u0161kih stanja iz na\u0161e medicinske prakse. Navedenim pristupom \u017eelimo pobuditi interes u studenata uz poticanje na samostalni rad, dubinsko i analiti\u010dko studiranje predvi\u0111enih tema te na u\u010denje s razumijevanjem uz bolju komunikaciju tijekom nastave.<\/span><\/span><\/p>\n<p>&nbsp;<\/p>\n<p><span style=\"font-family: Arial, sans-serif;\"><span lang=\"hr-HR\"><b>Bilje\u0161ka o autorima: <\/b><\/span><\/span><\/p>\n<p align=\"JUSTIFY\"><span style=\"font-family: Trebuchet MS, sans-serif;\"><span lang=\"hr-HR\"><b>Nina Pereza<\/b><\/span><\/span><span style=\"font-family: Trebuchet MS, sans-serif;\"><span lang=\"hr-HR\"> je izvanredna profesorica na <\/span><\/span><span style=\"color: #000000;\"><span style=\"font-family: Trebuchet MS, sans-serif;\"><span lang=\"hr-HR\">Katedri za Medicinsku biologiju i genetiku te voditeljica Centra za geneti\u010dku edukaciju Medicinskog fakulteta Sveu\u010dili\u0161ta u Rijeci. Dobitnica je nekoliko presti\u017enih nagrada za nastavnu izvrsnost, uklju\u010duju\u0107i Dr\u017eavnu nagradu \u2018Ivan Filipovi\u0107\u2019 za iznimne dosege u odgojno-obrazovnom radu u visoko\u0161kolskom obrazovanju. Osim toga, dobitnica je <\/span><\/span><\/span><span style=\"color: #000000;\"><span style=\"font-family: Trebuchet MS, sans-serif;\"><span lang=\"hr-HR\">Dr\u017eavne nagrade za znanost te Nagrade za najbolju mladu znanstvenicu Medicinskog fakulteta u Rijeci za temeljne medicinske znanosti,<\/span><\/span><\/span><span style=\"color: #000000;\"><span style=\"font-family: Trebuchet MS, sans-serif;\"><span lang=\"hr-HR\"> kao i Diplome i <\/span><\/span><\/span><span style=\"color: #000000;\"><span style=\"font-family: Trebuchet MS, sans-serif;\"><span lang=\"hr-HR\">Zahvalnice Hrvatskoga lije\u010dni\u010dkog zbora. Autorica je i koautorica brojnih znanstvenih \u010dlanaka u doma\u0107im i me\u0111unarodnim znanstvenim \u010dasopisima s relevantnom indeksacijom te urednica i autorica deset nastavnih priru\u010dnika. Nadalje, njezin dugogodi\u0161nji rad temelji se i na popularizaciji znanosti, ponajvi\u0161e kroz edukaciju studenata odr\u017eavanjem radionica i pisanjem priru\u010dnika. Obna\u0161a ulogu Pomo\u0107ne urednice za Studentsku sekciju u znanstveno-stru\u010dnom \u010dasopisu Medicina Fluminensis.<\/span><\/span><\/span><span style=\"color: #000000;\"><span style=\"font-family: Trebuchet MS, sans-serif;\"><span lang=\"hr-HR\"> Voditeljica je i suradnica na brojnim kolegijima u okviru prijediplomskog, diplomskog, integriranog, doktorskog i specijalisti\u010dkog studija pri Medicinskom fakultetu i na Studiju Logopedije Sveu\u010dili\u0161ta u Rijeci. Naposljetku, profesorica je voditeljica Centra za unaprje\u0111enje nastavni\u010dkih kompetencija i komunikacijskih vje\u0161tina Medicinskog fakulteta u Rijeci te voditeljica temeljnog institucijskog programa cjelo\u017eivotnog obrazovanja za usavr\u0161avanje nastavnika u podru\u010dju metodologije medicinske edukacije.<\/span><\/span><\/span><\/p>\n<p align=\"JUSTIFY\"><span style=\"color: #000000;\"><span style=\"font-family: Trebuchet MS, sans-serif;\"><span lang=\"hr-HR\"><b>Sa\u0161a Ostoji\u0107<\/b><\/span><\/span><\/span> <span style=\"color: #000000;\"><span style=\"font-family: Trebuchet MS, sans-serif;\"><span lang=\"hr-HR\"><b>r<\/b><\/span><\/span><\/span><span style=\"color: #000000;\"><span style=\"font-family: Trebuchet MS, sans-serif;\"><span lang=\"hr-HR\">edovni je profesor i znanstveni savjetnik u trajnom zvanju na Katedri za Medicinsku biologiju i genetiku Medicinskog fakulteta Sveu\u010dili\u0161ta u Rijeci. \u0160kolovao se u vi\u0161e doma\u0107ih i inozemnih znanstvenih i stru\u010dnih ustanova. <\/span><\/span><\/span><span style=\"font-family: Trebuchet MS, sans-serif;\"><span lang=\"hr-HR\">Njegov dugogodi\u0161nji rad na popularizaciji znanstvenih spoznaja i inovativnom razmi\u0161ljanju u pou\u010davanju, prepoznat je i dodjelom najvi\u0161ih dr\u017eavnih priznanja. <\/span><\/span><span style=\"color: #000000;\"><span style=\"font-family: Trebuchet MS, sans-serif;\"><span lang=\"pl-PL\">Dobitnik je \u2018Dr\u017eavne nagrade za znanost\u2019 u kategoriji \u2018Godi\u0161nje nagrade za popularizaciju i promid\u017ebu znanosti\u2019, Dr\u017eavne nagrade \u2018Ivan Filipovi\u0107\u2019 za iznimne dosege u odgojno-obrazovnom radu u visoko\u0161kolskim ustanovama, \u2018Godi\u0161nje nagrade Grada Rijeke\u2019 za izniman doprinos spoznaji, promociji, popularizaciji i unapre\u0111enju biomedicinskih znanosti, kao i \u2018Nagrade Ladislav Rakovac\u2019 <\/span><\/span><\/span><span style=\"color: #000000;\"><span style=\"font-family: Trebuchet MS, sans-serif;\"><span lang=\"hr-HR\">Hrvatskoga lije\u010dni\u010dkog zbora<\/span><\/span><\/span><span style=\"color: #000000;\"><span style=\"font-family: Trebuchet MS, sans-serif;\"><span lang=\"pl-PL\">.<\/span><\/span><\/span> <span style=\"color: #000000;\"><span style=\"font-family: Trebuchet MS, sans-serif;\"><span lang=\"it-IT\">Bio je Prodekan Medicinskog fakulteta za razvojne programe i Studij sanitarno in\u017eenjerstva u dva mandata. <\/span><\/span><\/span><span style=\"color: #000000;\"><span style=\"font-family: Trebuchet MS, sans-serif;\"><span lang=\"it-IT\">Glavni je urednik u znanstveno-stru\u010dnom \u010dasopisu Medicina Fluminensis. <\/span><\/span><\/span><span style=\"color: #000000;\"><span style=\"font-family: Trebuchet MS, sans-serif;\"><span lang=\"it-IT\">Kao Sveu\u010dili\u0161ni nastavnik, voditeljem je i suradnikom na brojnim kolegijima u okviru prijediplomskog, diplomskog, integriranog, doktorskog i specijalisti\u010dkog studija, pri Medicinskom fakultetu i Odjelu za biotehnologiju Sveu\u010dili\u0161ta u Rijeci. Ko-autorom je vi\u0161e Sveu\u010dili\u0161nih ud\u017ebenika i Priru\u010dnika.<\/span><\/span><\/span><\/p>\n<p>&nbsp;<\/p>\n<p><strong><span style=\"font-family: Arial, sans-serif;\"><span lang=\"hr-HR\">Naslov: <\/span><\/span><\/strong><strong><span style=\"font-family: Arial, sans-serif;\">Biologija \u2013 Metodi\u010dki priru\u010dnik s problemskim zadacima<\/span><\/strong><span style=\"font-family: Arial, sans-serif;\"><span lang=\"hr-HR\"><br \/>\n<\/span><\/span><strong><span style=\"font-family: Arial, sans-serif;\"><span lang=\"hr-HR\">Autor\/autorica:<\/span><\/span><\/strong> <span style=\"font-family: Arial, sans-serif;\">Nina Pereza, Sa\u0161a Ostoji\u0107<\/span><span style=\"font-family: Arial, sans-serif;\"><span lang=\"hr-HR\"><br \/>\n<\/span><\/span><strong><span style=\"font-family: Arial, sans-serif;\"><span lang=\"hr-HR\">Broj stranica: <\/span><\/span><\/strong><span style=\"font-family: Arial, sans-serif;\"><span lang=\"\">112<\/span><\/span><span style=\"font-family: Arial, sans-serif;\"><span lang=\"hr-HR\"><br \/>\n<\/span><\/span><strong><span style=\"font-family: Arial, sans-serif;\"><span lang=\"hr-HR\">Nakladnik: <\/span><\/span><\/strong><strong><span style=\"font-family: Arial, sans-serif;\">Sveu\u010dili\u0161te u Rijeci, Medicinski fakultet<\/span><\/strong><span style=\"font-family: Arial, sans-serif;\"><span lang=\"hr-HR\"><br \/>\n<\/span><\/span><strong><span style=\"font-family: Arial, sans-serif;\"><span lang=\"hr-HR\">Godina izdanja: <\/span><\/span><\/strong><strong><span style=\"font-family: Arial, sans-serif;\">2024.<\/span><\/strong><strong><span style=\"font-family: Arial, sans-serif;\"><span lang=\"hr-HR\">.<br \/>\n<\/span><\/span><\/strong><strong><span style=\"font-family: Arial, sans-serif;\"><span lang=\"it-IT\">ISBN:<\/span><\/span><\/strong> <span style=\"font-family: Arial, sans-serif;\">978-953-8341-49-6<\/span><span style=\"font-family: Arial, sans-serif;\"><span lang=\"it-IT\"><br \/>\n<\/span><\/span><strong><span style=\"font-family: Arial, sans-serif;\"><span lang=\"it-IT\">Tisak:<\/span><\/span><\/strong><span style=\"font-family: Arial, sans-serif;\"><span lang=\"it-IT\"> digitalni tisak knjiga &#8211; print na zahtjev<\/span><\/span><\/p>\n","protected":false},"excerpt":{"rendered":"<p>Metodi\u010dki priru\u010dnik s problemskim zadacima iz obaveznog kolegija Biologija namijenjen je studentima prve godine sveu\u010dili\u0161nog prijediplomskog studija Medicinsko-laboratorijska dijagnostika na Medicinskom fakultetu u Rijeci. Kolegij je podijeljen na dvije cjeline, uklju\u010duju\u0107i stani\u010dnu biologiju, te molekularnu (funkcionalnu) biologiju s osnovama genetike. Kolegij je organiziran u obliku multimedijalnih predavanja, seminara i vje\u017ebi, koji se kroz tjedne u [&hellip;]<\/p>\n","protected":false},"featured_media":17790,"comment_status":"open","ping_status":"closed","template":"","meta":{"_acf_changed":false},"product_brand":[],"product_cat":[1527],"product_tag":[],"class_list":{"0":"post-17789","1":"product","2":"type-product","3":"status-publish","4":"has-post-thumbnail","6":"product_cat-sveucilisni-udzbenici","7":"pa_autor-nina-pereza","8":"pa_autor-sasa-ostojic","9":"pa_nakladnik-sveuciliste-u-rijeci-medicinski-fakultet","11":"first","12":"instock","13":"shipping-taxable","14":"purchasable","15":"product-type-simple"},"acf":[],"yoast_head":"<!-- This site is optimized with the Yoast SEO plugin v27.3 - https:\/\/yoast.com\/product\/yoast-seo-wordpress\/ -->\n<title>BIOLOGIJA \u2013 METODI\u010cKI PRIRU\u010cNIK S PROBLEMSKIM ZADACIMA, Nina Pereza, Sa\u0161a Ostoji\u0107 - Web-knji\u017eara<\/title>\n<meta name=\"robots\" content=\"index, follow, max-snippet:-1, max-image-preview:large, max-video-preview:-1\" \/>\n<link rel=\"canonical\" href=\"https:\/\/webknjizara.hr\/proizvod\/biologija-metodicki-prirucnik-s-problemskim-zadacima-nina-pereza-sasa-ostojic\/\" \/>\n<meta property=\"og:locale\" content=\"en_US\" \/>\n<meta property=\"og:type\" content=\"article\" \/>\n<meta property=\"og:title\" content=\"BIOLOGIJA \u2013 METODI\u010cKI PRIRU\u010cNIK S PROBLEMSKIM ZADACIMA, Nina Pereza, Sa\u0161a Ostoji\u0107 - Web-knji\u017eara\" \/>\n<meta property=\"og:description\" content=\"Metodi\u010dki priru\u010dnik s problemskim zadacima iz obaveznog kolegija Biologija namijenjen je studentima prve godine sveu\u010dili\u0161nog prijediplomskog studija Medicinsko-laboratorijska dijagnostika na Medicinskom fakultetu u Rijeci. Kolegij je podijeljen na dvije cjeline, uklju\u010duju\u0107i stani\u010dnu biologiju, te molekularnu (funkcionalnu) biologiju s osnovama genetike. Kolegij je organiziran u obliku multimedijalnih predavanja, seminara i vje\u017ebi, koji se kroz tjedne u [&hellip;]\" \/>\n<meta property=\"og:url\" content=\"https:\/\/webknjizara.hr\/proizvod\/biologija-metodicki-prirucnik-s-problemskim-zadacima-nina-pereza-sasa-ostojic\/\" \/>\n<meta property=\"og:site_name\" content=\"Web-knji\u017eara\" \/>\n<meta property=\"article:modified_time\" content=\"2024-10-02T12:24:07+00:00\" \/>\n<meta property=\"og:image\" content=\"https:\/\/webknjizara.hr\/wp-content\/uploads\/2024\/10\/Nina_Pereza_Sasa_Ostojic_Biologija_\u2013_Metodicki_prirucnik_s_problemskim_zadacima_webknjizara_redak_WEB_1614.jpg\" \/>\n\t<meta property=\"og:image:width\" content=\"300\" \/>\n\t<meta property=\"og:image:height\" content=\"405\" \/>\n\t<meta property=\"og:image:type\" content=\"image\/jpeg\" \/>\n<meta name=\"twitter:card\" content=\"summary_large_image\" \/>\n<meta name=\"twitter:label1\" content=\"Est. reading time\" \/>\n\t<meta name=\"twitter:data1\" content=\"4 minutes\" \/>\n<script type=\"application\/ld+json\" class=\"yoast-schema-graph\">{\"@context\":\"https:\\\/\\\/schema.org\",\"@graph\":[{\"@type\":\"WebPage\",\"@id\":\"https:\\\/\\\/webknjizara.hr\\\/proizvod\\\/biologija-metodicki-prirucnik-s-problemskim-zadacima-nina-pereza-sasa-ostojic\\\/\",\"url\":\"https:\\\/\\\/webknjizara.hr\\\/proizvod\\\/biologija-metodicki-prirucnik-s-problemskim-zadacima-nina-pereza-sasa-ostojic\\\/\",\"name\":\"BIOLOGIJA \u2013 METODI\u010cKI PRIRU\u010cNIK S PROBLEMSKIM ZADACIMA, Nina Pereza, Sa\u0161a Ostoji\u0107 - Web-knji\u017eara\",\"isPartOf\":{\"@id\":\"https:\\\/\\\/webknjizara.hr\\\/#website\"},\"primaryImageOfPage\":{\"@id\":\"https:\\\/\\\/webknjizara.hr\\\/proizvod\\\/biologija-metodicki-prirucnik-s-problemskim-zadacima-nina-pereza-sasa-ostojic\\\/#primaryimage\"},\"image\":{\"@id\":\"https:\\\/\\\/webknjizara.hr\\\/proizvod\\\/biologija-metodicki-prirucnik-s-problemskim-zadacima-nina-pereza-sasa-ostojic\\\/#primaryimage\"},\"thumbnailUrl\":\"https:\\\/\\\/webknjizara.hr\\\/wp-content\\\/uploads\\\/2024\\\/10\\\/Nina_Pereza_Sasa_Ostojic_Biologija_\u2013_Metodicki_prirucnik_s_problemskim_zadacima_webknjizara_redak_WEB_1614.jpg\",\"datePublished\":\"2024-10-02T12:22:10+00:00\",\"dateModified\":\"2024-10-02T12:24:07+00:00\",\"breadcrumb\":{\"@id\":\"https:\\\/\\\/webknjizara.hr\\\/proizvod\\\/biologija-metodicki-prirucnik-s-problemskim-zadacima-nina-pereza-sasa-ostojic\\\/#breadcrumb\"},\"inLanguage\":\"en-US\",\"potentialAction\":[{\"@type\":\"ReadAction\",\"target\":[\"https:\\\/\\\/webknjizara.hr\\\/proizvod\\\/biologija-metodicki-prirucnik-s-problemskim-zadacima-nina-pereza-sasa-ostojic\\\/\"]}]},{\"@type\":\"ImageObject\",\"inLanguage\":\"en-US\",\"@id\":\"https:\\\/\\\/webknjizara.hr\\\/proizvod\\\/biologija-metodicki-prirucnik-s-problemskim-zadacima-nina-pereza-sasa-ostojic\\\/#primaryimage\",\"url\":\"https:\\\/\\\/webknjizara.hr\\\/wp-content\\\/uploads\\\/2024\\\/10\\\/Nina_Pereza_Sasa_Ostojic_Biologija_\u2013_Metodicki_prirucnik_s_problemskim_zadacima_webknjizara_redak_WEB_1614.jpg\",\"contentUrl\":\"https:\\\/\\\/webknjizara.hr\\\/wp-content\\\/uploads\\\/2024\\\/10\\\/Nina_Pereza_Sasa_Ostojic_Biologija_\u2013_Metodicki_prirucnik_s_problemskim_zadacima_webknjizara_redak_WEB_1614.jpg\",\"width\":300,\"height\":405},{\"@type\":\"BreadcrumbList\",\"@id\":\"https:\\\/\\\/webknjizara.hr\\\/proizvod\\\/biologija-metodicki-prirucnik-s-problemskim-zadacima-nina-pereza-sasa-ostojic\\\/#breadcrumb\",\"itemListElement\":[{\"@type\":\"ListItem\",\"position\":1,\"name\":\"Po\u010detna stranica\",\"item\":\"https:\\\/\\\/webknjizara.hr\\\/en\\\/\"},{\"@type\":\"ListItem\",\"position\":2,\"name\":\"Shop\",\"item\":\"https:\\\/\\\/webknjizara.hr\\\/shop\\\/\"},{\"@type\":\"ListItem\",\"position\":3,\"name\":\"BIOLOGIJA \u2013 METODI\u010cKI PRIRU\u010cNIK S PROBLEMSKIM ZADACIMA, Nina Pereza, Sa\u0161a Ostoji\u0107\"}]},{\"@type\":\"WebSite\",\"@id\":\"https:\\\/\\\/webknjizara.hr\\\/#website\",\"url\":\"https:\\\/\\\/webknjizara.hr\\\/\",\"name\":\"Web Knji\u017eara\",\"description\":\"\",\"publisher\":{\"@id\":\"https:\\\/\\\/webknjizara.hr\\\/#organization\"},\"potentialAction\":[{\"@type\":\"SearchAction\",\"target\":{\"@type\":\"EntryPoint\",\"urlTemplate\":\"https:\\\/\\\/webknjizara.hr\\\/?s={search_term_string}\"},\"query-input\":{\"@type\":\"PropertyValueSpecification\",\"valueRequired\":true,\"valueName\":\"search_term_string\"}}],\"inLanguage\":\"en-US\"},{\"@type\":\"Organization\",\"@id\":\"https:\\\/\\\/webknjizara.hr\\\/#organization\",\"name\":\"REDAK D.O.O.\",\"url\":\"https:\\\/\\\/webknjizara.hr\\\/\",\"logo\":{\"@type\":\"ImageObject\",\"inLanguage\":\"en-US\",\"@id\":\"https:\\\/\\\/webknjizara.hr\\\/#\\\/schema\\\/logo\\\/image\\\/\",\"url\":\"https:\\\/\\\/webknjizara.hr\\\/wp-content\\\/uploads\\\/2023\\\/01\\\/web-knjizara-logo.webp\",\"contentUrl\":\"https:\\\/\\\/webknjizara.hr\\\/wp-content\\\/uploads\\\/2023\\\/01\\\/web-knjizara-logo.webp\",\"width\":324,\"height\":79,\"caption\":\"REDAK D.O.O.\"},\"image\":{\"@id\":\"https:\\\/\\\/webknjizara.hr\\\/#\\\/schema\\\/logo\\\/image\\\/\"}}]}<\/script>\n<!-- \/ Yoast SEO plugin. -->","yoast_head_json":{"title":"BIOLOGIJA \u2013 METODI\u010cKI PRIRU\u010cNIK S PROBLEMSKIM ZADACIMA, Nina Pereza, Sa\u0161a Ostoji\u0107 - Web-knji\u017eara","robots":{"index":"index","follow":"follow","max-snippet":"max-snippet:-1","max-image-preview":"max-image-preview:large","max-video-preview":"max-video-preview:-1"},"canonical":"https:\/\/webknjizara.hr\/proizvod\/biologija-metodicki-prirucnik-s-problemskim-zadacima-nina-pereza-sasa-ostojic\/","og_locale":"en_US","og_type":"article","og_title":"BIOLOGIJA \u2013 METODI\u010cKI PRIRU\u010cNIK S PROBLEMSKIM ZADACIMA, Nina Pereza, Sa\u0161a Ostoji\u0107 - Web-knji\u017eara","og_description":"Metodi\u010dki priru\u010dnik s problemskim zadacima iz obaveznog kolegija Biologija namijenjen je studentima prve godine sveu\u010dili\u0161nog prijediplomskog studija Medicinsko-laboratorijska dijagnostika na Medicinskom fakultetu u Rijeci. Kolegij je podijeljen na dvije cjeline, uklju\u010duju\u0107i stani\u010dnu biologiju, te molekularnu (funkcionalnu) biologiju s osnovama genetike. Kolegij je organiziran u obliku multimedijalnih predavanja, seminara i vje\u017ebi, koji se kroz tjedne u [&hellip;]","og_url":"https:\/\/webknjizara.hr\/proizvod\/biologija-metodicki-prirucnik-s-problemskim-zadacima-nina-pereza-sasa-ostojic\/","og_site_name":"Web-knji\u017eara","article_modified_time":"2024-10-02T12:24:07+00:00","og_image":[{"width":300,"height":405,"url":"https:\/\/webknjizara.hr\/wp-content\/uploads\/2024\/10\/Nina_Pereza_Sasa_Ostojic_Biologija_\u2013_Metodicki_prirucnik_s_problemskim_zadacima_webknjizara_redak_WEB_1614.jpg","type":"image\/jpeg"}],"twitter_card":"summary_large_image","twitter_misc":{"Est. reading time":"4 minutes"},"schema":{"@context":"https:\/\/schema.org","@graph":[{"@type":"WebPage","@id":"https:\/\/webknjizara.hr\/proizvod\/biologija-metodicki-prirucnik-s-problemskim-zadacima-nina-pereza-sasa-ostojic\/","url":"https:\/\/webknjizara.hr\/proizvod\/biologija-metodicki-prirucnik-s-problemskim-zadacima-nina-pereza-sasa-ostojic\/","name":"BIOLOGIJA \u2013 METODI\u010cKI PRIRU\u010cNIK S PROBLEMSKIM ZADACIMA, Nina Pereza, Sa\u0161a Ostoji\u0107 - Web-knji\u017eara","isPartOf":{"@id":"https:\/\/webknjizara.hr\/#website"},"primaryImageOfPage":{"@id":"https:\/\/webknjizara.hr\/proizvod\/biologija-metodicki-prirucnik-s-problemskim-zadacima-nina-pereza-sasa-ostojic\/#primaryimage"},"image":{"@id":"https:\/\/webknjizara.hr\/proizvod\/biologija-metodicki-prirucnik-s-problemskim-zadacima-nina-pereza-sasa-ostojic\/#primaryimage"},"thumbnailUrl":"https:\/\/webknjizara.hr\/wp-content\/uploads\/2024\/10\/Nina_Pereza_Sasa_Ostojic_Biologija_\u2013_Metodicki_prirucnik_s_problemskim_zadacima_webknjizara_redak_WEB_1614.jpg","datePublished":"2024-10-02T12:22:10+00:00","dateModified":"2024-10-02T12:24:07+00:00","breadcrumb":{"@id":"https:\/\/webknjizara.hr\/proizvod\/biologija-metodicki-prirucnik-s-problemskim-zadacima-nina-pereza-sasa-ostojic\/#breadcrumb"},"inLanguage":"en-US","potentialAction":[{"@type":"ReadAction","target":["https:\/\/webknjizara.hr\/proizvod\/biologija-metodicki-prirucnik-s-problemskim-zadacima-nina-pereza-sasa-ostojic\/"]}]},{"@type":"ImageObject","inLanguage":"en-US","@id":"https:\/\/webknjizara.hr\/proizvod\/biologija-metodicki-prirucnik-s-problemskim-zadacima-nina-pereza-sasa-ostojic\/#primaryimage","url":"https:\/\/webknjizara.hr\/wp-content\/uploads\/2024\/10\/Nina_Pereza_Sasa_Ostojic_Biologija_\u2013_Metodicki_prirucnik_s_problemskim_zadacima_webknjizara_redak_WEB_1614.jpg","contentUrl":"https:\/\/webknjizara.hr\/wp-content\/uploads\/2024\/10\/Nina_Pereza_Sasa_Ostojic_Biologija_\u2013_Metodicki_prirucnik_s_problemskim_zadacima_webknjizara_redak_WEB_1614.jpg","width":300,"height":405},{"@type":"BreadcrumbList","@id":"https:\/\/webknjizara.hr\/proizvod\/biologija-metodicki-prirucnik-s-problemskim-zadacima-nina-pereza-sasa-ostojic\/#breadcrumb","itemListElement":[{"@type":"ListItem","position":1,"name":"Po\u010detna stranica","item":"https:\/\/webknjizara.hr\/en\/"},{"@type":"ListItem","position":2,"name":"Shop","item":"https:\/\/webknjizara.hr\/shop\/"},{"@type":"ListItem","position":3,"name":"BIOLOGIJA \u2013 METODI\u010cKI PRIRU\u010cNIK S PROBLEMSKIM ZADACIMA, Nina Pereza, Sa\u0161a Ostoji\u0107"}]},{"@type":"WebSite","@id":"https:\/\/webknjizara.hr\/#website","url":"https:\/\/webknjizara.hr\/","name":"Web Knji\u017eara","description":"","publisher":{"@id":"https:\/\/webknjizara.hr\/#organization"},"potentialAction":[{"@type":"SearchAction","target":{"@type":"EntryPoint","urlTemplate":"https:\/\/webknjizara.hr\/?s={search_term_string}"},"query-input":{"@type":"PropertyValueSpecification","valueRequired":true,"valueName":"search_term_string"}}],"inLanguage":"en-US"},{"@type":"Organization","@id":"https:\/\/webknjizara.hr\/#organization","name":"REDAK D.O.O.","url":"https:\/\/webknjizara.hr\/","logo":{"@type":"ImageObject","inLanguage":"en-US","@id":"https:\/\/webknjizara.hr\/#\/schema\/logo\/image\/","url":"https:\/\/webknjizara.hr\/wp-content\/uploads\/2023\/01\/web-knjizara-logo.webp","contentUrl":"https:\/\/webknjizara.hr\/wp-content\/uploads\/2023\/01\/web-knjizara-logo.webp","width":324,"height":79,"caption":"REDAK D.O.O."},"image":{"@id":"https:\/\/webknjizara.hr\/#\/schema\/logo\/image\/"}}]}},"_links":{"self":[{"href":"https:\/\/webknjizara.hr\/en\/wp-json\/wp\/v2\/product\/17789","targetHints":{"allow":["GET"]}}],"collection":[{"href":"https:\/\/webknjizara.hr\/en\/wp-json\/wp\/v2\/product"}],"about":[{"href":"https:\/\/webknjizara.hr\/en\/wp-json\/wp\/v2\/types\/product"}],"replies":[{"embeddable":true,"href":"https:\/\/webknjizara.hr\/en\/wp-json\/wp\/v2\/comments?post=17789"}],"wp:featuredmedia":[{"embeddable":true,"href":"https:\/\/webknjizara.hr\/en\/wp-json\/wp\/v2\/media\/17790"}],"wp:attachment":[{"href":"https:\/\/webknjizara.hr\/en\/wp-json\/wp\/v2\/media?parent=17789"}],"wp:term":[{"taxonomy":"product_brand","embeddable":true,"href":"https:\/\/webknjizara.hr\/en\/wp-json\/wp\/v2\/product_brand?post=17789"},{"taxonomy":"product_cat","embeddable":true,"href":"https:\/\/webknjizara.hr\/en\/wp-json\/wp\/v2\/product_cat?post=17789"},{"taxonomy":"product_tag","embeddable":true,"href":"https:\/\/webknjizara.hr\/en\/wp-json\/wp\/v2\/product_tag?post=17789"}],"curies":[{"name":"wp","href":"https:\/\/api.w.org\/{rel}","templated":true}]}}