{"id":17616,"date":"2024-09-10T12:38:53","date_gmt":"2024-09-10T10:38:53","guid":{"rendered":"https:\/\/webknjizara.hr\/?post_type=product&#038;p=17616"},"modified":"2024-09-10T12:39:54","modified_gmt":"2024-09-10T10:39:54","slug":"porezna-reforma-od-2016-do-2024-8c-marijana-vuraic-kudeljan-i-renata-kalcic","status":"publish","type":"product","link":"https:\/\/webknjizara.hr\/en\/proizvod\/porezna-reforma-od-2016-do-2024-8c-marijana-vuraic-kudeljan-i-renata-kalcic\/","title":{"rendered":"POREZNA REFORMA OD 2016. DO 2024. (8C), Marijana Vurai\u0107 Kudeljan i Renata Kal\u010di\u0107"},"content":{"rendered":"<p>Ovim priru\u010dnikom obuhva\u0107ene su sve promjene u poreznom sustavu koje su provedene u razdoblju od 2016. do 2024., tijekom provedbe porezne reforme. Promjene su prikazane u svim poreznim zakonima i pojedinim poreznim oblicima kako bi se dobila cjelovita slika o u\u010dinjenome i kako bi se omogu\u0107ilo kronolo\u0161ko pra\u0107enje promjena u poreznom sustavu.<\/p>\n<p><span style=\"font-family: Arial, sans-serif;\"><span lang=\"hr-HR\"><b>E-mail: <\/b><\/span><\/span><a href=\"http:\/\/MAILTO:martina.fabris@ijf.hr\" target=\"_blank\" rel=\"noopener\"><span style=\"color: #000000;\">Kontakt autora<\/span><\/a><\/p>\n<p>&nbsp;<\/p>\n<p><strong><span style=\"font-family: Arial, sans-serif;\"><span lang=\"hr-HR\">Naslov: <\/span><\/span><\/strong><strong><span style=\"font-family: Arial, sans-serif;\">Porezna reforma od 2016. do 2024. (8c)<\/span><\/strong><span style=\"font-family: Arial, sans-serif;\"><span lang=\"hr-HR\"><br \/>\n<\/span><\/span><strong><span style=\"font-family: Arial, sans-serif;\"><span lang=\"hr-HR\">Autori:<\/span><\/span><\/strong> <span style=\"font-family: Arial, sans-serif;\">Marijana Vurai\u0107 Kudeljan i Renata Kal\u010di\u0107<\/span><span style=\"font-family: Arial, sans-serif;\"><span lang=\"hr-HR\"><br \/>\n<\/span><\/span><strong><span style=\"font-family: Arial, sans-serif;\"><span lang=\"hr-HR\">Broj stranica: <\/span><\/span><\/strong><span style=\"font-family: Arial, sans-serif;\"><span lang=\"\">172<\/span><\/span><span style=\"font-family: Arial, sans-serif;\"><span lang=\"hr-HR\"><br \/>\n<\/span><\/span><strong><span style=\"font-family: Arial, sans-serif;\"><span lang=\"hr-HR\">Nakladnik: <\/span><\/span><\/strong><strong><span style=\"font-family: Arial, sans-serif;\">Institut za javne financije, Zagreb<\/span><\/strong><span style=\"font-family: Arial, sans-serif;\"><span lang=\"hr-HR\"><br \/>\n<\/span><\/span><strong><span style=\"font-family: Arial, sans-serif;\"><span lang=\"hr-HR\">Godina izdanja: <\/span><\/span><\/strong><strong><span style=\"font-family: Arial, sans-serif;\">2024.<\/span><\/strong><strong><span style=\"font-family: Arial, sans-serif;\"><span lang=\"hr-HR\">.<br \/>\n<\/span><\/span><\/strong><strong><span style=\"font-family: Arial, sans-serif;\"><span lang=\"hr-HR\">ISBN:<\/span><\/span><\/strong> <span style=\"font-family: Arial, sans-serif;\">ISSN 1333-073X<\/span><span style=\"font-family: Arial, sans-serif;\"><span lang=\"hr-HR\"><br \/>\n<\/span><\/span><strong><span style=\"font-family: Arial, sans-serif;\"><span lang=\"hr-HR\">Tisak:<\/span><\/span><\/strong><span style=\"font-family: Arial, sans-serif;\"><span lang=\"hr-HR\"> digitalni tisak knjiga &#8211; print na zahtjev<\/span><\/span><\/p>\n","protected":false},"excerpt":{"rendered":"<p>Ovim priru\u010dnikom obuhva\u0107ene su sve promjene u poreznom sustavu koje su provedene u razdoblju od 2016. do 2024., tijekom provedbe porezne reforme. Promjene su prikazane u svim poreznim zakonima i pojedinim poreznim oblicima kako bi se dobila cjelovita slika o u\u010dinjenome i kako bi se omogu\u0107ilo kronolo\u0161ko pra\u0107enje promjena u poreznom sustavu. E-mail: Kontakt autora [&hellip;]<\/p>\n","protected":false},"featured_media":17617,"comment_status":"open","ping_status":"closed","template":"","meta":{"_acf_changed":false},"product_brand":[],"product_cat":[2508,2425,1384],"product_tag":[],"class_list":{"0":"post-17616","1":"product","2":"type-product","3":"status-publish","4":"has-post-thumbnail","6":"product_cat-institut-za-javne-financije","7":"product_cat-znanstveno-strucne-publikacije","8":"product_cat-ekonomija","9":"pa_autor-renata-kalcic-i-marijana-vuraic-kudeljan","10":"pa_nakladnik-institut-za-javne-financije-zagreb","12":"first","13":"instock","14":"shipping-taxable","15":"purchasable","16":"product-type-simple"},"acf":[],"yoast_head":"<!-- This site is optimized with the Yoast SEO plugin v27.3 - https:\/\/yoast.com\/product\/yoast-seo-wordpress\/ -->\n<title>POREZNA REFORMA OD 2016. DO 2024. (8C), Marijana Vurai\u0107 Kudeljan i Renata Kal\u010di\u0107 - Web-knji\u017eara<\/title>\n<meta name=\"robots\" content=\"index, follow, max-snippet:-1, max-image-preview:large, max-video-preview:-1\" \/>\n<link rel=\"canonical\" href=\"https:\/\/webknjizara.hr\/proizvod\/porezna-reforma-od-2016-do-2024-8c-marijana-vuraic-kudeljan-i-renata-kalcic\/\" \/>\n<meta property=\"og:locale\" content=\"en_US\" \/>\n<meta property=\"og:type\" content=\"article\" \/>\n<meta property=\"og:title\" content=\"POREZNA REFORMA OD 2016. DO 2024. (8C), Marijana Vurai\u0107 Kudeljan i Renata Kal\u010di\u0107 - Web-knji\u017eara\" \/>\n<meta property=\"og:description\" content=\"Ovim priru\u010dnikom obuhva\u0107ene su sve promjene u poreznom sustavu koje su provedene u razdoblju od 2016. do 2024., tijekom provedbe porezne reforme. Promjene su prikazane u svim poreznim zakonima i pojedinim poreznim oblicima kako bi se dobila cjelovita slika o u\u010dinjenome i kako bi se omogu\u0107ilo kronolo\u0161ko pra\u0107enje promjena u poreznom sustavu. E-mail: Kontakt autora [&hellip;]\" \/>\n<meta property=\"og:url\" content=\"https:\/\/webknjizara.hr\/proizvod\/porezna-reforma-od-2016-do-2024-8c-marijana-vuraic-kudeljan-i-renata-kalcic\/\" \/>\n<meta property=\"og:site_name\" content=\"Web-knji\u017eara\" \/>\n<meta property=\"article:modified_time\" content=\"2024-09-10T10:39:54+00:00\" \/>\n<meta property=\"og:image\" content=\"https:\/\/webknjizara.hr\/wp-content\/uploads\/2024\/09\/Marijana_Vuraic_Kudeljan_i_Renata_Kalcic_Porezna_reforma_od_2016._do_2024._8c_webknjizara_redak_WEB_1610.jpg\" \/>\n\t<meta property=\"og:image:width\" content=\"300\" \/>\n\t<meta property=\"og:image:height\" content=\"419\" \/>\n\t<meta property=\"og:image:type\" content=\"image\/jpeg\" \/>\n<meta name=\"twitter:card\" content=\"summary_large_image\" \/>\n<meta name=\"twitter:label1\" content=\"Est. reading time\" \/>\n\t<meta name=\"twitter:data1\" content=\"1 minute\" \/>\n<script type=\"application\/ld+json\" class=\"yoast-schema-graph\">{\"@context\":\"https:\\\/\\\/schema.org\",\"@graph\":[{\"@type\":\"WebPage\",\"@id\":\"https:\\\/\\\/webknjizara.hr\\\/proizvod\\\/porezna-reforma-od-2016-do-2024-8c-marijana-vuraic-kudeljan-i-renata-kalcic\\\/\",\"url\":\"https:\\\/\\\/webknjizara.hr\\\/proizvod\\\/porezna-reforma-od-2016-do-2024-8c-marijana-vuraic-kudeljan-i-renata-kalcic\\\/\",\"name\":\"POREZNA REFORMA OD 2016. DO 2024. (8C), Marijana Vurai\u0107 Kudeljan i Renata Kal\u010di\u0107 - Web-knji\u017eara\",\"isPartOf\":{\"@id\":\"https:\\\/\\\/webknjizara.hr\\\/#website\"},\"primaryImageOfPage\":{\"@id\":\"https:\\\/\\\/webknjizara.hr\\\/proizvod\\\/porezna-reforma-od-2016-do-2024-8c-marijana-vuraic-kudeljan-i-renata-kalcic\\\/#primaryimage\"},\"image\":{\"@id\":\"https:\\\/\\\/webknjizara.hr\\\/proizvod\\\/porezna-reforma-od-2016-do-2024-8c-marijana-vuraic-kudeljan-i-renata-kalcic\\\/#primaryimage\"},\"thumbnailUrl\":\"https:\\\/\\\/webknjizara.hr\\\/wp-content\\\/uploads\\\/2024\\\/09\\\/Marijana_Vuraic_Kudeljan_i_Renata_Kalcic_Porezna_reforma_od_2016._do_2024._8c_webknjizara_redak_WEB_1610.jpg\",\"datePublished\":\"2024-09-10T10:38:53+00:00\",\"dateModified\":\"2024-09-10T10:39:54+00:00\",\"breadcrumb\":{\"@id\":\"https:\\\/\\\/webknjizara.hr\\\/proizvod\\\/porezna-reforma-od-2016-do-2024-8c-marijana-vuraic-kudeljan-i-renata-kalcic\\\/#breadcrumb\"},\"inLanguage\":\"en-US\",\"potentialAction\":[{\"@type\":\"ReadAction\",\"target\":[\"https:\\\/\\\/webknjizara.hr\\\/proizvod\\\/porezna-reforma-od-2016-do-2024-8c-marijana-vuraic-kudeljan-i-renata-kalcic\\\/\"]}]},{\"@type\":\"ImageObject\",\"inLanguage\":\"en-US\",\"@id\":\"https:\\\/\\\/webknjizara.hr\\\/proizvod\\\/porezna-reforma-od-2016-do-2024-8c-marijana-vuraic-kudeljan-i-renata-kalcic\\\/#primaryimage\",\"url\":\"https:\\\/\\\/webknjizara.hr\\\/wp-content\\\/uploads\\\/2024\\\/09\\\/Marijana_Vuraic_Kudeljan_i_Renata_Kalcic_Porezna_reforma_od_2016._do_2024._8c_webknjizara_redak_WEB_1610.jpg\",\"contentUrl\":\"https:\\\/\\\/webknjizara.hr\\\/wp-content\\\/uploads\\\/2024\\\/09\\\/Marijana_Vuraic_Kudeljan_i_Renata_Kalcic_Porezna_reforma_od_2016._do_2024._8c_webknjizara_redak_WEB_1610.jpg\",\"width\":300,\"height\":419},{\"@type\":\"BreadcrumbList\",\"@id\":\"https:\\\/\\\/webknjizara.hr\\\/proizvod\\\/porezna-reforma-od-2016-do-2024-8c-marijana-vuraic-kudeljan-i-renata-kalcic\\\/#breadcrumb\",\"itemListElement\":[{\"@type\":\"ListItem\",\"position\":1,\"name\":\"Po\u010detna stranica\",\"item\":\"https:\\\/\\\/webknjizara.hr\\\/en\\\/\"},{\"@type\":\"ListItem\",\"position\":2,\"name\":\"Shop\",\"item\":\"https:\\\/\\\/webknjizara.hr\\\/shop\\\/\"},{\"@type\":\"ListItem\",\"position\":3,\"name\":\"POREZNA REFORMA OD 2016. DO 2024. (8C), Marijana Vurai\u0107 Kudeljan i Renata Kal\u010di\u0107\"}]},{\"@type\":\"WebSite\",\"@id\":\"https:\\\/\\\/webknjizara.hr\\\/#website\",\"url\":\"https:\\\/\\\/webknjizara.hr\\\/\",\"name\":\"Web Knji\u017eara\",\"description\":\"\",\"publisher\":{\"@id\":\"https:\\\/\\\/webknjizara.hr\\\/#organization\"},\"potentialAction\":[{\"@type\":\"SearchAction\",\"target\":{\"@type\":\"EntryPoint\",\"urlTemplate\":\"https:\\\/\\\/webknjizara.hr\\\/?s={search_term_string}\"},\"query-input\":{\"@type\":\"PropertyValueSpecification\",\"valueRequired\":true,\"valueName\":\"search_term_string\"}}],\"inLanguage\":\"en-US\"},{\"@type\":\"Organization\",\"@id\":\"https:\\\/\\\/webknjizara.hr\\\/#organization\",\"name\":\"REDAK D.O.O.\",\"url\":\"https:\\\/\\\/webknjizara.hr\\\/\",\"logo\":{\"@type\":\"ImageObject\",\"inLanguage\":\"en-US\",\"@id\":\"https:\\\/\\\/webknjizara.hr\\\/#\\\/schema\\\/logo\\\/image\\\/\",\"url\":\"https:\\\/\\\/webknjizara.hr\\\/wp-content\\\/uploads\\\/2023\\\/01\\\/web-knjizara-logo.webp\",\"contentUrl\":\"https:\\\/\\\/webknjizara.hr\\\/wp-content\\\/uploads\\\/2023\\\/01\\\/web-knjizara-logo.webp\",\"width\":324,\"height\":79,\"caption\":\"REDAK D.O.O.\"},\"image\":{\"@id\":\"https:\\\/\\\/webknjizara.hr\\\/#\\\/schema\\\/logo\\\/image\\\/\"}}]}<\/script>\n<!-- \/ Yoast SEO plugin. -->","yoast_head_json":{"title":"POREZNA REFORMA OD 2016. DO 2024. (8C), Marijana Vurai\u0107 Kudeljan i Renata Kal\u010di\u0107 - Web-knji\u017eara","robots":{"index":"index","follow":"follow","max-snippet":"max-snippet:-1","max-image-preview":"max-image-preview:large","max-video-preview":"max-video-preview:-1"},"canonical":"https:\/\/webknjizara.hr\/proizvod\/porezna-reforma-od-2016-do-2024-8c-marijana-vuraic-kudeljan-i-renata-kalcic\/","og_locale":"en_US","og_type":"article","og_title":"POREZNA REFORMA OD 2016. DO 2024. (8C), Marijana Vurai\u0107 Kudeljan i Renata Kal\u010di\u0107 - Web-knji\u017eara","og_description":"Ovim priru\u010dnikom obuhva\u0107ene su sve promjene u poreznom sustavu koje su provedene u razdoblju od 2016. do 2024., tijekom provedbe porezne reforme. Promjene su prikazane u svim poreznim zakonima i pojedinim poreznim oblicima kako bi se dobila cjelovita slika o u\u010dinjenome i kako bi se omogu\u0107ilo kronolo\u0161ko pra\u0107enje promjena u poreznom sustavu. E-mail: Kontakt autora [&hellip;]","og_url":"https:\/\/webknjizara.hr\/proizvod\/porezna-reforma-od-2016-do-2024-8c-marijana-vuraic-kudeljan-i-renata-kalcic\/","og_site_name":"Web-knji\u017eara","article_modified_time":"2024-09-10T10:39:54+00:00","og_image":[{"width":300,"height":419,"url":"https:\/\/webknjizara.hr\/wp-content\/uploads\/2024\/09\/Marijana_Vuraic_Kudeljan_i_Renata_Kalcic_Porezna_reforma_od_2016._do_2024._8c_webknjizara_redak_WEB_1610.jpg","type":"image\/jpeg"}],"twitter_card":"summary_large_image","twitter_misc":{"Est. reading time":"1 minute"},"schema":{"@context":"https:\/\/schema.org","@graph":[{"@type":"WebPage","@id":"https:\/\/webknjizara.hr\/proizvod\/porezna-reforma-od-2016-do-2024-8c-marijana-vuraic-kudeljan-i-renata-kalcic\/","url":"https:\/\/webknjizara.hr\/proizvod\/porezna-reforma-od-2016-do-2024-8c-marijana-vuraic-kudeljan-i-renata-kalcic\/","name":"POREZNA REFORMA OD 2016. DO 2024. (8C), Marijana Vurai\u0107 Kudeljan i Renata Kal\u010di\u0107 - Web-knji\u017eara","isPartOf":{"@id":"https:\/\/webknjizara.hr\/#website"},"primaryImageOfPage":{"@id":"https:\/\/webknjizara.hr\/proizvod\/porezna-reforma-od-2016-do-2024-8c-marijana-vuraic-kudeljan-i-renata-kalcic\/#primaryimage"},"image":{"@id":"https:\/\/webknjizara.hr\/proizvod\/porezna-reforma-od-2016-do-2024-8c-marijana-vuraic-kudeljan-i-renata-kalcic\/#primaryimage"},"thumbnailUrl":"https:\/\/webknjizara.hr\/wp-content\/uploads\/2024\/09\/Marijana_Vuraic_Kudeljan_i_Renata_Kalcic_Porezna_reforma_od_2016._do_2024._8c_webknjizara_redak_WEB_1610.jpg","datePublished":"2024-09-10T10:38:53+00:00","dateModified":"2024-09-10T10:39:54+00:00","breadcrumb":{"@id":"https:\/\/webknjizara.hr\/proizvod\/porezna-reforma-od-2016-do-2024-8c-marijana-vuraic-kudeljan-i-renata-kalcic\/#breadcrumb"},"inLanguage":"en-US","potentialAction":[{"@type":"ReadAction","target":["https:\/\/webknjizara.hr\/proizvod\/porezna-reforma-od-2016-do-2024-8c-marijana-vuraic-kudeljan-i-renata-kalcic\/"]}]},{"@type":"ImageObject","inLanguage":"en-US","@id":"https:\/\/webknjizara.hr\/proizvod\/porezna-reforma-od-2016-do-2024-8c-marijana-vuraic-kudeljan-i-renata-kalcic\/#primaryimage","url":"https:\/\/webknjizara.hr\/wp-content\/uploads\/2024\/09\/Marijana_Vuraic_Kudeljan_i_Renata_Kalcic_Porezna_reforma_od_2016._do_2024._8c_webknjizara_redak_WEB_1610.jpg","contentUrl":"https:\/\/webknjizara.hr\/wp-content\/uploads\/2024\/09\/Marijana_Vuraic_Kudeljan_i_Renata_Kalcic_Porezna_reforma_od_2016._do_2024._8c_webknjizara_redak_WEB_1610.jpg","width":300,"height":419},{"@type":"BreadcrumbList","@id":"https:\/\/webknjizara.hr\/proizvod\/porezna-reforma-od-2016-do-2024-8c-marijana-vuraic-kudeljan-i-renata-kalcic\/#breadcrumb","itemListElement":[{"@type":"ListItem","position":1,"name":"Po\u010detna stranica","item":"https:\/\/webknjizara.hr\/en\/"},{"@type":"ListItem","position":2,"name":"Shop","item":"https:\/\/webknjizara.hr\/shop\/"},{"@type":"ListItem","position":3,"name":"POREZNA REFORMA OD 2016. DO 2024. (8C), Marijana Vurai\u0107 Kudeljan i Renata Kal\u010di\u0107"}]},{"@type":"WebSite","@id":"https:\/\/webknjizara.hr\/#website","url":"https:\/\/webknjizara.hr\/","name":"Web Knji\u017eara","description":"","publisher":{"@id":"https:\/\/webknjizara.hr\/#organization"},"potentialAction":[{"@type":"SearchAction","target":{"@type":"EntryPoint","urlTemplate":"https:\/\/webknjizara.hr\/?s={search_term_string}"},"query-input":{"@type":"PropertyValueSpecification","valueRequired":true,"valueName":"search_term_string"}}],"inLanguage":"en-US"},{"@type":"Organization","@id":"https:\/\/webknjizara.hr\/#organization","name":"REDAK D.O.O.","url":"https:\/\/webknjizara.hr\/","logo":{"@type":"ImageObject","inLanguage":"en-US","@id":"https:\/\/webknjizara.hr\/#\/schema\/logo\/image\/","url":"https:\/\/webknjizara.hr\/wp-content\/uploads\/2023\/01\/web-knjizara-logo.webp","contentUrl":"https:\/\/webknjizara.hr\/wp-content\/uploads\/2023\/01\/web-knjizara-logo.webp","width":324,"height":79,"caption":"REDAK D.O.O."},"image":{"@id":"https:\/\/webknjizara.hr\/#\/schema\/logo\/image\/"}}]}},"_links":{"self":[{"href":"https:\/\/webknjizara.hr\/en\/wp-json\/wp\/v2\/product\/17616","targetHints":{"allow":["GET"]}}],"collection":[{"href":"https:\/\/webknjizara.hr\/en\/wp-json\/wp\/v2\/product"}],"about":[{"href":"https:\/\/webknjizara.hr\/en\/wp-json\/wp\/v2\/types\/product"}],"replies":[{"embeddable":true,"href":"https:\/\/webknjizara.hr\/en\/wp-json\/wp\/v2\/comments?post=17616"}],"wp:featuredmedia":[{"embeddable":true,"href":"https:\/\/webknjizara.hr\/en\/wp-json\/wp\/v2\/media\/17617"}],"wp:attachment":[{"href":"https:\/\/webknjizara.hr\/en\/wp-json\/wp\/v2\/media?parent=17616"}],"wp:term":[{"taxonomy":"product_brand","embeddable":true,"href":"https:\/\/webknjizara.hr\/en\/wp-json\/wp\/v2\/product_brand?post=17616"},{"taxonomy":"product_cat","embeddable":true,"href":"https:\/\/webknjizara.hr\/en\/wp-json\/wp\/v2\/product_cat?post=17616"},{"taxonomy":"product_tag","embeddable":true,"href":"https:\/\/webknjizara.hr\/en\/wp-json\/wp\/v2\/product_tag?post=17616"}],"curies":[{"name":"wp","href":"https:\/\/api.w.org\/{rel}","templated":true}]}}