{"id":17519,"date":"2024-08-27T12:56:55","date_gmt":"2024-08-27T10:56:55","guid":{"rendered":"https:\/\/webknjizara.hr\/?post_type=product&#038;p=17519"},"modified":"2024-08-27T14:57:07","modified_gmt":"2024-08-27T12:57:07","slug":"vjecnost-sada-francis-lucille","status":"publish","type":"product","link":"https:\/\/webknjizara.hr\/en\/proizvod\/vjecnost-sada-francis-lucille\/","title":{"rendered":"VJE\u010cNOST SADA, Francis Lucille"},"content":{"rendered":"<p><span style=\"color: #000000;\"><span lang=\"hr-HR\">Prijevod razgovora s Francisom Lucilleom vo\u0111enih tijekom organiziranih dru\u017eenja i seminara u SAD-u i Europi<\/span><\/span><\/p>\n<p>&nbsp;<\/p>\n<p><span style=\"font-family: Arial, sans-serif;\"><span lang=\"hr-HR\"><b>Bilje\u0161ka o autoru: <\/b><\/span><\/span><\/p>\n<p lang=\"es-ES\"><span style=\"color: #000000;\">Francis Lucille duhovni u\u010ditelj u tradiciji advaita vedante <\/span><\/p>\n<p><span style=\"font-family: Arial, sans-serif;\"><span lang=\"hr-HR\"><b>Link: <\/b><\/span><\/span><a href=\"http:\/\/www.francislucille.com\" target=\"_blank\" rel=\"noopener\"><span style=\"color: #000000;\">www.francislucille.com<\/span><\/a><\/p>\n<p><span style=\"font-family: Arial, sans-serif;\"><span lang=\"hr-HR\"><b>E-mail: <\/b><\/span><\/span><a href=\"http:\/\/MAILTO:fea.munitic@gmail.com\" target=\"_blank\" rel=\"noopener\"><span style=\"color: #000000;\"><span style=\"font-family: Arial, sans-serif;\">Francis Lucille<\/span><\/span><\/a><\/p>\n<p>&nbsp;<\/p>\n<p><strong><span style=\"font-family: Arial, sans-serif;\"><span lang=\"hr-HR\">Naslov: <\/span><\/span><\/strong><strong><span style=\"font-family: Arial, sans-serif;\">Vje\u010dnost sada<\/span><\/strong><span style=\"font-family: Arial, sans-serif;\"><span lang=\"hr-HR\"><br \/>\n<\/span><\/span><strong><span style=\"font-family: Arial, sans-serif;\"><span lang=\"hr-HR\">Autor\/autorica:<\/span><\/span><\/strong> <span style=\"font-family: Arial, sans-serif;\">Francis Lucille<br \/>\n<\/span><span style=\"font-family: Arial, sans-serif;\"><span lang=\"hr-HR\"><strong>Prevoditeljica:<\/strong> Fea Muniti\u0107<br \/>\n<\/span><\/span><strong><span style=\"font-family: Arial, sans-serif;\"><span lang=\"hr-HR\">Broj stranica: <\/span><\/span><\/strong><span style=\"font-family: Arial, sans-serif;\"><span lang=\"\">146<\/span><\/span><span style=\"font-family: Arial, sans-serif;\"><span lang=\"hr-HR\"><br \/>\n<\/span><\/span><strong><span style=\"font-family: Arial, sans-serif;\"><span lang=\"hr-HR\">Nakladnik: <\/span><\/span><\/strong><strong><span style=\"font-family: Arial, sans-serif;\">Vlastita naklada<\/span><\/strong><span style=\"font-family: Arial, sans-serif;\"><span lang=\"hr-HR\"><br \/>\n<\/span><\/span><strong><span style=\"font-family: Arial, sans-serif;\"><span lang=\"hr-HR\">Godina izdanja: <\/span><\/span><\/strong><strong><span style=\"font-family: Arial, sans-serif;\">2024.<\/span><\/strong><strong><span style=\"font-family: Arial, sans-serif;\"><span lang=\"hr-HR\">.<br \/>\n<\/span><\/span><\/strong><strong><span style=\"font-family: Arial, sans-serif;\"><span lang=\"hr-HR\">ISBN:<\/span><\/span><\/strong> <span style=\"font-family: Arial, sans-serif;\">978-953-50138-2-2<\/span><span style=\"font-family: Arial, sans-serif;\"><span lang=\"hr-HR\"><br \/>\n<\/span><\/span><strong><span style=\"font-family: Arial, sans-serif;\"><span lang=\"hr-HR\">Tisak:<\/span><\/span><\/strong><span style=\"font-family: Arial, sans-serif;\"><span lang=\"hr-HR\"> digitalni tisak knjiga &#8211; print na zahtjev<\/span><\/span><\/p>\n","protected":false},"excerpt":{"rendered":"<p>Prijevod razgovora s Francisom Lucilleom vo\u0111enih tijekom organiziranih dru\u017eenja i seminara u SAD-u i Europi &nbsp; Bilje\u0161ka o autoru: Francis Lucille duhovni u\u010ditelj u tradiciji advaita vedante Link: www.francislucille.com E-mail: Francis Lucille &nbsp; Naslov: Vje\u010dnost sada Autor\/autorica: Francis Lucille Prevoditeljica: Fea Muniti\u0107 Broj stranica: 146 Nakladnik: Vlastita naklada Godina izdanja: 2024.. ISBN: 978-953-50138-2-2 Tisak: digitalni [&hellip;]<\/p>\n","protected":false},"featured_media":17520,"comment_status":"open","ping_status":"closed","template":"","meta":{"_acf_changed":false},"product_brand":[],"product_cat":[2528,2527],"product_tag":[],"class_list":{"0":"post-17519","1":"product","2":"type-product","3":"status-publish","4":"has-post-thumbnail","6":"product_cat-duhovnost","7":"product_cat-filozofija-svijesti","8":"pa_autor-francis-lucille","9":"pa_nakladnik-vlastita-naklada","11":"first","12":"instock","13":"shipping-taxable","14":"purchasable","15":"product-type-simple"},"acf":[],"yoast_head":"<!-- This site is optimized with the Yoast SEO plugin v27.3 - https:\/\/yoast.com\/product\/yoast-seo-wordpress\/ -->\n<title>VJE\u010cNOST SADA, Francis Lucille - Web-knji\u017eara<\/title>\n<meta name=\"robots\" content=\"index, follow, max-snippet:-1, max-image-preview:large, max-video-preview:-1\" \/>\n<link rel=\"canonical\" href=\"https:\/\/webknjizara.hr\/proizvod\/vjecnost-sada-francis-lucille\/\" \/>\n<meta property=\"og:locale\" content=\"en_US\" \/>\n<meta property=\"og:type\" content=\"article\" \/>\n<meta property=\"og:title\" content=\"VJE\u010cNOST SADA, Francis Lucille - Web-knji\u017eara\" \/>\n<meta property=\"og:description\" content=\"Prijevod razgovora s Francisom Lucilleom vo\u0111enih tijekom organiziranih dru\u017eenja i seminara u SAD-u i Europi &nbsp; Bilje\u0161ka o autoru: Francis Lucille duhovni u\u010ditelj u tradiciji advaita vedante Link: www.francislucille.com E-mail: Francis Lucille &nbsp; Naslov: Vje\u010dnost sada Autor\/autorica: Francis Lucille Prevoditeljica: Fea Muniti\u0107 Broj stranica: 146 Nakladnik: Vlastita naklada Godina izdanja: 2024.. ISBN: 978-953-50138-2-2 Tisak: digitalni [&hellip;]\" \/>\n<meta property=\"og:url\" content=\"https:\/\/webknjizara.hr\/proizvod\/vjecnost-sada-francis-lucille\/\" \/>\n<meta property=\"og:site_name\" content=\"Web-knji\u017eara\" \/>\n<meta property=\"article:modified_time\" content=\"2024-08-27T12:57:07+00:00\" \/>\n<meta property=\"og:image\" content=\"https:\/\/webknjizara.hr\/wp-content\/uploads\/2024\/08\/Francis_Lucille_Vjecnost_sada_webknjizara_redak_WEB_1597.jpg\" \/>\n\t<meta property=\"og:image:width\" content=\"300\" \/>\n\t<meta property=\"og:image:height\" content=\"419\" \/>\n\t<meta property=\"og:image:type\" content=\"image\/jpeg\" \/>\n<meta name=\"twitter:card\" content=\"summary_large_image\" \/>\n<meta name=\"twitter:label1\" content=\"Est. reading time\" \/>\n\t<meta name=\"twitter:data1\" content=\"1 minute\" \/>\n<script type=\"application\/ld+json\" class=\"yoast-schema-graph\">{\"@context\":\"https:\\\/\\\/schema.org\",\"@graph\":[{\"@type\":\"WebPage\",\"@id\":\"https:\\\/\\\/webknjizara.hr\\\/proizvod\\\/vjecnost-sada-francis-lucille\\\/\",\"url\":\"https:\\\/\\\/webknjizara.hr\\\/proizvod\\\/vjecnost-sada-francis-lucille\\\/\",\"name\":\"VJE\u010cNOST SADA, Francis Lucille - Web-knji\u017eara\",\"isPartOf\":{\"@id\":\"https:\\\/\\\/webknjizara.hr\\\/#website\"},\"primaryImageOfPage\":{\"@id\":\"https:\\\/\\\/webknjizara.hr\\\/proizvod\\\/vjecnost-sada-francis-lucille\\\/#primaryimage\"},\"image\":{\"@id\":\"https:\\\/\\\/webknjizara.hr\\\/proizvod\\\/vjecnost-sada-francis-lucille\\\/#primaryimage\"},\"thumbnailUrl\":\"https:\\\/\\\/webknjizara.hr\\\/wp-content\\\/uploads\\\/2024\\\/08\\\/Francis_Lucille_Vjecnost_sada_webknjizara_redak_WEB_1597.jpg\",\"datePublished\":\"2024-08-27T10:56:55+00:00\",\"dateModified\":\"2024-08-27T12:57:07+00:00\",\"breadcrumb\":{\"@id\":\"https:\\\/\\\/webknjizara.hr\\\/proizvod\\\/vjecnost-sada-francis-lucille\\\/#breadcrumb\"},\"inLanguage\":\"en-US\",\"potentialAction\":[{\"@type\":\"ReadAction\",\"target\":[\"https:\\\/\\\/webknjizara.hr\\\/proizvod\\\/vjecnost-sada-francis-lucille\\\/\"]}]},{\"@type\":\"ImageObject\",\"inLanguage\":\"en-US\",\"@id\":\"https:\\\/\\\/webknjizara.hr\\\/proizvod\\\/vjecnost-sada-francis-lucille\\\/#primaryimage\",\"url\":\"https:\\\/\\\/webknjizara.hr\\\/wp-content\\\/uploads\\\/2024\\\/08\\\/Francis_Lucille_Vjecnost_sada_webknjizara_redak_WEB_1597.jpg\",\"contentUrl\":\"https:\\\/\\\/webknjizara.hr\\\/wp-content\\\/uploads\\\/2024\\\/08\\\/Francis_Lucille_Vjecnost_sada_webknjizara_redak_WEB_1597.jpg\",\"width\":300,\"height\":419},{\"@type\":\"BreadcrumbList\",\"@id\":\"https:\\\/\\\/webknjizara.hr\\\/proizvod\\\/vjecnost-sada-francis-lucille\\\/#breadcrumb\",\"itemListElement\":[{\"@type\":\"ListItem\",\"position\":1,\"name\":\"Po\u010detna stranica\",\"item\":\"https:\\\/\\\/webknjizara.hr\\\/en\\\/\"},{\"@type\":\"ListItem\",\"position\":2,\"name\":\"Shop\",\"item\":\"https:\\\/\\\/webknjizara.hr\\\/shop\\\/\"},{\"@type\":\"ListItem\",\"position\":3,\"name\":\"VJE\u010cNOST SADA, Francis Lucille\"}]},{\"@type\":\"WebSite\",\"@id\":\"https:\\\/\\\/webknjizara.hr\\\/#website\",\"url\":\"https:\\\/\\\/webknjizara.hr\\\/\",\"name\":\"Web Knji\u017eara\",\"description\":\"\",\"publisher\":{\"@id\":\"https:\\\/\\\/webknjizara.hr\\\/#organization\"},\"potentialAction\":[{\"@type\":\"SearchAction\",\"target\":{\"@type\":\"EntryPoint\",\"urlTemplate\":\"https:\\\/\\\/webknjizara.hr\\\/?s={search_term_string}\"},\"query-input\":{\"@type\":\"PropertyValueSpecification\",\"valueRequired\":true,\"valueName\":\"search_term_string\"}}],\"inLanguage\":\"en-US\"},{\"@type\":\"Organization\",\"@id\":\"https:\\\/\\\/webknjizara.hr\\\/#organization\",\"name\":\"REDAK D.O.O.\",\"url\":\"https:\\\/\\\/webknjizara.hr\\\/\",\"logo\":{\"@type\":\"ImageObject\",\"inLanguage\":\"en-US\",\"@id\":\"https:\\\/\\\/webknjizara.hr\\\/#\\\/schema\\\/logo\\\/image\\\/\",\"url\":\"https:\\\/\\\/webknjizara.hr\\\/wp-content\\\/uploads\\\/2023\\\/01\\\/web-knjizara-logo.webp\",\"contentUrl\":\"https:\\\/\\\/webknjizara.hr\\\/wp-content\\\/uploads\\\/2023\\\/01\\\/web-knjizara-logo.webp\",\"width\":324,\"height\":79,\"caption\":\"REDAK D.O.O.\"},\"image\":{\"@id\":\"https:\\\/\\\/webknjizara.hr\\\/#\\\/schema\\\/logo\\\/image\\\/\"}}]}<\/script>\n<!-- \/ Yoast SEO plugin. -->","yoast_head_json":{"title":"VJE\u010cNOST SADA, Francis Lucille - Web-knji\u017eara","robots":{"index":"index","follow":"follow","max-snippet":"max-snippet:-1","max-image-preview":"max-image-preview:large","max-video-preview":"max-video-preview:-1"},"canonical":"https:\/\/webknjizara.hr\/proizvod\/vjecnost-sada-francis-lucille\/","og_locale":"en_US","og_type":"article","og_title":"VJE\u010cNOST SADA, Francis Lucille - Web-knji\u017eara","og_description":"Prijevod razgovora s Francisom Lucilleom vo\u0111enih tijekom organiziranih dru\u017eenja i seminara u SAD-u i Europi &nbsp; Bilje\u0161ka o autoru: Francis Lucille duhovni u\u010ditelj u tradiciji advaita vedante Link: www.francislucille.com E-mail: Francis Lucille &nbsp; Naslov: Vje\u010dnost sada Autor\/autorica: Francis Lucille Prevoditeljica: Fea Muniti\u0107 Broj stranica: 146 Nakladnik: Vlastita naklada Godina izdanja: 2024.. ISBN: 978-953-50138-2-2 Tisak: digitalni [&hellip;]","og_url":"https:\/\/webknjizara.hr\/proizvod\/vjecnost-sada-francis-lucille\/","og_site_name":"Web-knji\u017eara","article_modified_time":"2024-08-27T12:57:07+00:00","og_image":[{"width":300,"height":419,"url":"https:\/\/webknjizara.hr\/wp-content\/uploads\/2024\/08\/Francis_Lucille_Vjecnost_sada_webknjizara_redak_WEB_1597.jpg","type":"image\/jpeg"}],"twitter_card":"summary_large_image","twitter_misc":{"Est. reading time":"1 minute"},"schema":{"@context":"https:\/\/schema.org","@graph":[{"@type":"WebPage","@id":"https:\/\/webknjizara.hr\/proizvod\/vjecnost-sada-francis-lucille\/","url":"https:\/\/webknjizara.hr\/proizvod\/vjecnost-sada-francis-lucille\/","name":"VJE\u010cNOST SADA, Francis Lucille - Web-knji\u017eara","isPartOf":{"@id":"https:\/\/webknjizara.hr\/#website"},"primaryImageOfPage":{"@id":"https:\/\/webknjizara.hr\/proizvod\/vjecnost-sada-francis-lucille\/#primaryimage"},"image":{"@id":"https:\/\/webknjizara.hr\/proizvod\/vjecnost-sada-francis-lucille\/#primaryimage"},"thumbnailUrl":"https:\/\/webknjizara.hr\/wp-content\/uploads\/2024\/08\/Francis_Lucille_Vjecnost_sada_webknjizara_redak_WEB_1597.jpg","datePublished":"2024-08-27T10:56:55+00:00","dateModified":"2024-08-27T12:57:07+00:00","breadcrumb":{"@id":"https:\/\/webknjizara.hr\/proizvod\/vjecnost-sada-francis-lucille\/#breadcrumb"},"inLanguage":"en-US","potentialAction":[{"@type":"ReadAction","target":["https:\/\/webknjizara.hr\/proizvod\/vjecnost-sada-francis-lucille\/"]}]},{"@type":"ImageObject","inLanguage":"en-US","@id":"https:\/\/webknjizara.hr\/proizvod\/vjecnost-sada-francis-lucille\/#primaryimage","url":"https:\/\/webknjizara.hr\/wp-content\/uploads\/2024\/08\/Francis_Lucille_Vjecnost_sada_webknjizara_redak_WEB_1597.jpg","contentUrl":"https:\/\/webknjizara.hr\/wp-content\/uploads\/2024\/08\/Francis_Lucille_Vjecnost_sada_webknjizara_redak_WEB_1597.jpg","width":300,"height":419},{"@type":"BreadcrumbList","@id":"https:\/\/webknjizara.hr\/proizvod\/vjecnost-sada-francis-lucille\/#breadcrumb","itemListElement":[{"@type":"ListItem","position":1,"name":"Po\u010detna stranica","item":"https:\/\/webknjizara.hr\/en\/"},{"@type":"ListItem","position":2,"name":"Shop","item":"https:\/\/webknjizara.hr\/shop\/"},{"@type":"ListItem","position":3,"name":"VJE\u010cNOST SADA, Francis Lucille"}]},{"@type":"WebSite","@id":"https:\/\/webknjizara.hr\/#website","url":"https:\/\/webknjizara.hr\/","name":"Web Knji\u017eara","description":"","publisher":{"@id":"https:\/\/webknjizara.hr\/#organization"},"potentialAction":[{"@type":"SearchAction","target":{"@type":"EntryPoint","urlTemplate":"https:\/\/webknjizara.hr\/?s={search_term_string}"},"query-input":{"@type":"PropertyValueSpecification","valueRequired":true,"valueName":"search_term_string"}}],"inLanguage":"en-US"},{"@type":"Organization","@id":"https:\/\/webknjizara.hr\/#organization","name":"REDAK D.O.O.","url":"https:\/\/webknjizara.hr\/","logo":{"@type":"ImageObject","inLanguage":"en-US","@id":"https:\/\/webknjizara.hr\/#\/schema\/logo\/image\/","url":"https:\/\/webknjizara.hr\/wp-content\/uploads\/2023\/01\/web-knjizara-logo.webp","contentUrl":"https:\/\/webknjizara.hr\/wp-content\/uploads\/2023\/01\/web-knjizara-logo.webp","width":324,"height":79,"caption":"REDAK D.O.O."},"image":{"@id":"https:\/\/webknjizara.hr\/#\/schema\/logo\/image\/"}}]}},"_links":{"self":[{"href":"https:\/\/webknjizara.hr\/en\/wp-json\/wp\/v2\/product\/17519","targetHints":{"allow":["GET"]}}],"collection":[{"href":"https:\/\/webknjizara.hr\/en\/wp-json\/wp\/v2\/product"}],"about":[{"href":"https:\/\/webknjizara.hr\/en\/wp-json\/wp\/v2\/types\/product"}],"replies":[{"embeddable":true,"href":"https:\/\/webknjizara.hr\/en\/wp-json\/wp\/v2\/comments?post=17519"}],"wp:featuredmedia":[{"embeddable":true,"href":"https:\/\/webknjizara.hr\/en\/wp-json\/wp\/v2\/media\/17520"}],"wp:attachment":[{"href":"https:\/\/webknjizara.hr\/en\/wp-json\/wp\/v2\/media?parent=17519"}],"wp:term":[{"taxonomy":"product_brand","embeddable":true,"href":"https:\/\/webknjizara.hr\/en\/wp-json\/wp\/v2\/product_brand?post=17519"},{"taxonomy":"product_cat","embeddable":true,"href":"https:\/\/webknjizara.hr\/en\/wp-json\/wp\/v2\/product_cat?post=17519"},{"taxonomy":"product_tag","embeddable":true,"href":"https:\/\/webknjizara.hr\/en\/wp-json\/wp\/v2\/product_tag?post=17519"}],"curies":[{"name":"wp","href":"https:\/\/api.w.org\/{rel}","templated":true}]}}