{"id":17475,"date":"2024-08-22T12:14:58","date_gmt":"2024-08-22T10:14:58","guid":{"rendered":"https:\/\/webknjizara.hr\/?post_type=product&#038;p=17475"},"modified":"2024-08-22T12:15:21","modified_gmt":"2024-08-22T10:15:21","slug":"brojalice-kreativni-spontani-djecji-izraz-lana-kihas","status":"publish","type":"product","link":"https:\/\/webknjizara.hr\/en\/proizvod\/brojalice-kreativni-spontani-djecji-izraz-lana-kihas\/","title":{"rendered":"BROJALICE KREATIVNI SPONTANI DJE\u010cJI IZRAZ, Lana Kihas"},"content":{"rendered":"<p><span lang=\"es-ES\">Brojalice su dio odrastanja svakog djeteta i one se prenose generacijama. Knjiga sadr\u017ei mno\u0161tvo primjera brojalica i opis igara koji se mogu koristiti u radu s djecom. One se mogu igrati na razli\u010dite na\u010dine, ovisno o tome \u0161to \u017eelimo kod djece razvijati: motoriku, razvoj koncentracije, pa\u017enje, razvoj matemati\u010dkih kompetencija, zatim \u017eelimo li utjecati na razvoj govornih kompetencija, na poticanje razvoja socijalnih i emocionalnih kompetencija, razvoj kulturne svijesti i poticanje kreativnog izra\u017eavanja i stvaranja, itd. Tako\u0111er, indirektno, brojalicom poti\u010demo djecu da samostalno u\u010de na kreativan i ma\u0161tovit na\u010din. A kako bi bilo lak\u0161e odabrati brojalicu i igru, uz svaku brojalicu i igru su navedeni ciljevi, potrebni rekviziti i dob djece.<\/span><\/p>\n<p lang=\"es-ES\">Ova knjiga namijenjena je roditeljima, dadiljama, odgojiteljima i u\u010diteljima razredne nastave s ciljem da potaknu djecu na igru brojalicama, preno\u0161enje brojalica, stvaranje novih brojalica i ono najva\u017enije &#8211; na kreativno i aktivno u\u010denje djece.<\/p>\n<p><span style=\"font-family: Arial, sans-serif;\"><span lang=\"hr-HR\"><b>Bilje\u0161ka o autorici: <\/b><\/span><\/span><\/p>\n<p>Lana Kihas magistra je ranog i pred\u0161kolskog odgoja i orbazovanja. Ima dugogodi\u0161nje iskustvo u radu s djecom u razli\u010ditim odgojno-obrazovnim ustanovama u Hrvatskoj te Francuskoj, Velikoj Britaniji i Irskoj. Trenutno radi kao edukatorica za odgojitelje i dadilje u vlastitom obrtu za poduku Kreativna sova i kao predava\u010dica u programu za osposobljavanje dadilja Zdravstvenog u\u010dili\u0161ta Medical. Koordinatorica je programa online pedago\u0161ke akademije Mlije\u010dni zub.<\/p>\n<p>Autorica je priru\u010dnika Tajni sastojci za odgoj djece koji pru\u017ea uvid u teorijska znanja, osobna iskustva i prakti\u010dne primjere kori\u0161tenja pedagogije slu\u0161anja i uspje\u0161ne komunikacija s djecom. Suautorica je i Razvojnog putokaza djeteta za djecu 3 do 5 godina i za djecu od 5 do 7 godina, priru\u010dnika kojemu je glavni cilj potaknuti djecu, roditelje i odgojitelja na cjelovit pristup razvoju djeteta pred\u0161kolske dobi. Roditeljima i odgojiteljima slu\u017ei kao alat za procjenu, pra\u0107enje i vrednovanje razvoja djeteta, a djeci kao podr\u0161ka izra\u017eavanju, razvoju samosvijesti i samopouzdanja, kao izvor u\u010denja i alat za samovrednovanje.<\/p>\n<p><span style=\"font-family: Arial, sans-serif;\"><span lang=\"hr-HR\"><b>Link: <\/b><\/span><\/span><a href=\"http:\/\/www.lanakihas.com\" target=\"_blank\" rel=\"noopener\"><span style=\"color: #000000;\">www.lanakihas.com<\/span><\/a><\/p>\n<p><span style=\"font-family: Arial, sans-serif;\"><span lang=\"hr-HR\"><b>E-mail: <\/b><\/span><\/span><a href=\"http:\/\/MAILTO:info@lanakihas.com\" target=\"_blank\" rel=\"noopener\"><span style=\"color: #000000;\"><span style=\"font-family: Arial, sans-serif;\">Lana Kihas<\/span><\/span><\/a><\/p>\n<p>&nbsp;<\/p>\n<p><strong><span style=\"font-family: Arial, sans-serif;\"><span lang=\"hr-HR\">Naslov: <\/span><\/span><\/strong><strong><span style=\"font-family: Arial, sans-serif;\">BROJALICE Kreativni spontani dje\u010dji izraz<\/span><\/strong><span style=\"font-family: Arial, sans-serif;\"><span lang=\"hr-HR\"><br \/>\n<\/span><\/span><strong><span style=\"font-family: Arial, sans-serif;\"><span lang=\"hr-HR\">Autorica:<\/span><\/span><\/strong> <span style=\"font-family: Arial, sans-serif;\">Lana Kihas<\/span><span style=\"font-family: Arial, sans-serif;\"><span lang=\"hr-HR\"><br \/>\n<\/span><\/span><strong><span style=\"font-family: Arial, sans-serif;\"><span lang=\"hr-HR\">Broj stranica: <\/span><\/span><\/strong><span style=\"font-family: Arial, sans-serif;\"><span lang=\"\">112<\/span><\/span><span style=\"font-family: Arial, sans-serif;\"><span lang=\"hr-HR\"><br \/>\n<\/span><\/span><strong><span style=\"font-family: Arial, sans-serif;\"><span lang=\"hr-HR\">Nakladnik: <\/span><\/span><\/strong><strong><span style=\"font-family: Arial, sans-serif;\">Kreativna sova, Zagreb<\/span><\/strong><span style=\"font-family: Arial, sans-serif;\"><span lang=\"hr-HR\"><br \/>\n<\/span><\/span><strong><span style=\"font-family: Arial, sans-serif;\"><span lang=\"hr-HR\">Godina izdanja: <\/span><\/span><\/strong><strong><span style=\"font-family: Arial, sans-serif;\">2024.<\/span><\/strong><strong><span style=\"font-family: Arial, sans-serif;\"><span lang=\"hr-HR\"><br \/>\n<\/span><\/span><\/strong><strong><span style=\"font-family: Arial, sans-serif;\"><span lang=\"hr-HR\">ISBN:<\/span><\/span><\/strong> <span style=\"font-family: Arial, sans-serif;\">978-953-49596-1-9<\/span><span style=\"font-family: Arial, sans-serif;\"><span lang=\"hr-HR\"><br \/>\n<\/span><\/span><strong><span style=\"font-family: Arial, sans-serif;\"><span lang=\"hr-HR\">Tisak:<\/span><\/span><\/strong><span style=\"font-family: Arial, sans-serif;\"><span lang=\"hr-HR\"> digitalni tisak knjiga &#8211; print na zahtjev<\/span><\/span><\/p>\n","protected":false},"excerpt":{"rendered":"<p>Brojalice su dio odrastanja svakog djeteta i one se prenose generacijama. Knjiga sadr\u017ei mno\u0161tvo primjera brojalica i opis igara koji se mogu koristiti u radu s djecom. One se mogu igrati na razli\u010dite na\u010dine, ovisno o tome \u0161to \u017eelimo kod djece razvijati: motoriku, razvoj koncentracije, pa\u017enje, razvoj matemati\u010dkih kompetencija, zatim \u017eelimo li utjecati na razvoj [&hellip;]<\/p>\n","protected":false},"featured_media":17476,"comment_status":"open","ping_status":"closed","template":"","meta":{"_acf_changed":false},"product_brand":[],"product_cat":[2471],"product_tag":[],"class_list":{"0":"post-17475","1":"product","2":"type-product","3":"status-publish","4":"has-post-thumbnail","6":"product_cat-prirucnik","7":"pa_autor-lana-kihas","8":"pa_nakladnik-kreativna-sova-zagreb","10":"first","11":"instock","12":"shipping-taxable","13":"purchasable","14":"product-type-simple"},"acf":[],"yoast_head":"<!-- This site is optimized with the Yoast SEO plugin v27.3 - https:\/\/yoast.com\/product\/yoast-seo-wordpress\/ -->\n<title>BROJALICE KREATIVNI SPONTANI DJE\u010cJI IZRAZ, Lana Kihas - Web-knji\u017eara<\/title>\n<meta name=\"robots\" content=\"index, follow, max-snippet:-1, max-image-preview:large, max-video-preview:-1\" \/>\n<link rel=\"canonical\" href=\"https:\/\/webknjizara.hr\/proizvod\/brojalice-kreativni-spontani-djecji-izraz-lana-kihas\/\" \/>\n<meta property=\"og:locale\" content=\"en_US\" \/>\n<meta property=\"og:type\" content=\"article\" \/>\n<meta property=\"og:title\" content=\"BROJALICE KREATIVNI SPONTANI DJE\u010cJI IZRAZ, Lana Kihas - Web-knji\u017eara\" \/>\n<meta property=\"og:description\" content=\"Brojalice su dio odrastanja svakog djeteta i one se prenose generacijama. Knjiga sadr\u017ei mno\u0161tvo primjera brojalica i opis igara koji se mogu koristiti u radu s djecom. One se mogu igrati na razli\u010dite na\u010dine, ovisno o tome \u0161to \u017eelimo kod djece razvijati: motoriku, razvoj koncentracije, pa\u017enje, razvoj matemati\u010dkih kompetencija, zatim \u017eelimo li utjecati na razvoj [&hellip;]\" \/>\n<meta property=\"og:url\" content=\"https:\/\/webknjizara.hr\/proizvod\/brojalice-kreativni-spontani-djecji-izraz-lana-kihas\/\" \/>\n<meta property=\"og:site_name\" content=\"Web-knji\u017eara\" \/>\n<meta property=\"article:modified_time\" content=\"2024-08-22T10:15:21+00:00\" \/>\n<meta property=\"og:image\" content=\"https:\/\/webknjizara.hr\/wp-content\/uploads\/2024\/08\/Lana_Kihas_BROJALICE_Kreativni_spontani_djecji_izraz_webknjizara_redak_WEB_1595.jpg\" \/>\n\t<meta property=\"og:image:width\" content=\"300\" \/>\n\t<meta property=\"og:image:height\" content=\"419\" \/>\n\t<meta property=\"og:image:type\" content=\"image\/jpeg\" \/>\n<meta name=\"twitter:card\" content=\"summary_large_image\" \/>\n<meta name=\"twitter:label1\" content=\"Est. reading time\" \/>\n\t<meta name=\"twitter:data1\" content=\"2 minutes\" \/>\n<script type=\"application\/ld+json\" class=\"yoast-schema-graph\">{\"@context\":\"https:\\\/\\\/schema.org\",\"@graph\":[{\"@type\":\"WebPage\",\"@id\":\"https:\\\/\\\/webknjizara.hr\\\/proizvod\\\/brojalice-kreativni-spontani-djecji-izraz-lana-kihas\\\/\",\"url\":\"https:\\\/\\\/webknjizara.hr\\\/proizvod\\\/brojalice-kreativni-spontani-djecji-izraz-lana-kihas\\\/\",\"name\":\"BROJALICE KREATIVNI SPONTANI DJE\u010cJI IZRAZ, Lana Kihas - Web-knji\u017eara\",\"isPartOf\":{\"@id\":\"https:\\\/\\\/webknjizara.hr\\\/#website\"},\"primaryImageOfPage\":{\"@id\":\"https:\\\/\\\/webknjizara.hr\\\/proizvod\\\/brojalice-kreativni-spontani-djecji-izraz-lana-kihas\\\/#primaryimage\"},\"image\":{\"@id\":\"https:\\\/\\\/webknjizara.hr\\\/proizvod\\\/brojalice-kreativni-spontani-djecji-izraz-lana-kihas\\\/#primaryimage\"},\"thumbnailUrl\":\"https:\\\/\\\/webknjizara.hr\\\/wp-content\\\/uploads\\\/2024\\\/08\\\/Lana_Kihas_BROJALICE_Kreativni_spontani_djecji_izraz_webknjizara_redak_WEB_1595.jpg\",\"datePublished\":\"2024-08-22T10:14:58+00:00\",\"dateModified\":\"2024-08-22T10:15:21+00:00\",\"breadcrumb\":{\"@id\":\"https:\\\/\\\/webknjizara.hr\\\/proizvod\\\/brojalice-kreativni-spontani-djecji-izraz-lana-kihas\\\/#breadcrumb\"},\"inLanguage\":\"en-US\",\"potentialAction\":[{\"@type\":\"ReadAction\",\"target\":[\"https:\\\/\\\/webknjizara.hr\\\/proizvod\\\/brojalice-kreativni-spontani-djecji-izraz-lana-kihas\\\/\"]}]},{\"@type\":\"ImageObject\",\"inLanguage\":\"en-US\",\"@id\":\"https:\\\/\\\/webknjizara.hr\\\/proizvod\\\/brojalice-kreativni-spontani-djecji-izraz-lana-kihas\\\/#primaryimage\",\"url\":\"https:\\\/\\\/webknjizara.hr\\\/wp-content\\\/uploads\\\/2024\\\/08\\\/Lana_Kihas_BROJALICE_Kreativni_spontani_djecji_izraz_webknjizara_redak_WEB_1595.jpg\",\"contentUrl\":\"https:\\\/\\\/webknjizara.hr\\\/wp-content\\\/uploads\\\/2024\\\/08\\\/Lana_Kihas_BROJALICE_Kreativni_spontani_djecji_izraz_webknjizara_redak_WEB_1595.jpg\",\"width\":300,\"height\":419},{\"@type\":\"BreadcrumbList\",\"@id\":\"https:\\\/\\\/webknjizara.hr\\\/proizvod\\\/brojalice-kreativni-spontani-djecji-izraz-lana-kihas\\\/#breadcrumb\",\"itemListElement\":[{\"@type\":\"ListItem\",\"position\":1,\"name\":\"Po\u010detna stranica\",\"item\":\"https:\\\/\\\/webknjizara.hr\\\/en\\\/\"},{\"@type\":\"ListItem\",\"position\":2,\"name\":\"Shop\",\"item\":\"https:\\\/\\\/webknjizara.hr\\\/shop\\\/\"},{\"@type\":\"ListItem\",\"position\":3,\"name\":\"BROJALICE KREATIVNI SPONTANI DJE\u010cJI IZRAZ, Lana Kihas\"}]},{\"@type\":\"WebSite\",\"@id\":\"https:\\\/\\\/webknjizara.hr\\\/#website\",\"url\":\"https:\\\/\\\/webknjizara.hr\\\/\",\"name\":\"Web Knji\u017eara\",\"description\":\"\",\"publisher\":{\"@id\":\"https:\\\/\\\/webknjizara.hr\\\/#organization\"},\"potentialAction\":[{\"@type\":\"SearchAction\",\"target\":{\"@type\":\"EntryPoint\",\"urlTemplate\":\"https:\\\/\\\/webknjizara.hr\\\/?s={search_term_string}\"},\"query-input\":{\"@type\":\"PropertyValueSpecification\",\"valueRequired\":true,\"valueName\":\"search_term_string\"}}],\"inLanguage\":\"en-US\"},{\"@type\":\"Organization\",\"@id\":\"https:\\\/\\\/webknjizara.hr\\\/#organization\",\"name\":\"REDAK D.O.O.\",\"url\":\"https:\\\/\\\/webknjizara.hr\\\/\",\"logo\":{\"@type\":\"ImageObject\",\"inLanguage\":\"en-US\",\"@id\":\"https:\\\/\\\/webknjizara.hr\\\/#\\\/schema\\\/logo\\\/image\\\/\",\"url\":\"https:\\\/\\\/webknjizara.hr\\\/wp-content\\\/uploads\\\/2023\\\/01\\\/web-knjizara-logo.webp\",\"contentUrl\":\"https:\\\/\\\/webknjizara.hr\\\/wp-content\\\/uploads\\\/2023\\\/01\\\/web-knjizara-logo.webp\",\"width\":324,\"height\":79,\"caption\":\"REDAK D.O.O.\"},\"image\":{\"@id\":\"https:\\\/\\\/webknjizara.hr\\\/#\\\/schema\\\/logo\\\/image\\\/\"}}]}<\/script>\n<!-- \/ Yoast SEO plugin. -->","yoast_head_json":{"title":"BROJALICE KREATIVNI SPONTANI DJE\u010cJI IZRAZ, Lana Kihas - Web-knji\u017eara","robots":{"index":"index","follow":"follow","max-snippet":"max-snippet:-1","max-image-preview":"max-image-preview:large","max-video-preview":"max-video-preview:-1"},"canonical":"https:\/\/webknjizara.hr\/proizvod\/brojalice-kreativni-spontani-djecji-izraz-lana-kihas\/","og_locale":"en_US","og_type":"article","og_title":"BROJALICE KREATIVNI SPONTANI DJE\u010cJI IZRAZ, Lana Kihas - Web-knji\u017eara","og_description":"Brojalice su dio odrastanja svakog djeteta i one se prenose generacijama. Knjiga sadr\u017ei mno\u0161tvo primjera brojalica i opis igara koji se mogu koristiti u radu s djecom. One se mogu igrati na razli\u010dite na\u010dine, ovisno o tome \u0161to \u017eelimo kod djece razvijati: motoriku, razvoj koncentracije, pa\u017enje, razvoj matemati\u010dkih kompetencija, zatim \u017eelimo li utjecati na razvoj [&hellip;]","og_url":"https:\/\/webknjizara.hr\/proizvod\/brojalice-kreativni-spontani-djecji-izraz-lana-kihas\/","og_site_name":"Web-knji\u017eara","article_modified_time":"2024-08-22T10:15:21+00:00","og_image":[{"width":300,"height":419,"url":"https:\/\/webknjizara.hr\/wp-content\/uploads\/2024\/08\/Lana_Kihas_BROJALICE_Kreativni_spontani_djecji_izraz_webknjizara_redak_WEB_1595.jpg","type":"image\/jpeg"}],"twitter_card":"summary_large_image","twitter_misc":{"Est. reading time":"2 minutes"},"schema":{"@context":"https:\/\/schema.org","@graph":[{"@type":"WebPage","@id":"https:\/\/webknjizara.hr\/proizvod\/brojalice-kreativni-spontani-djecji-izraz-lana-kihas\/","url":"https:\/\/webknjizara.hr\/proizvod\/brojalice-kreativni-spontani-djecji-izraz-lana-kihas\/","name":"BROJALICE KREATIVNI SPONTANI DJE\u010cJI IZRAZ, Lana Kihas - Web-knji\u017eara","isPartOf":{"@id":"https:\/\/webknjizara.hr\/#website"},"primaryImageOfPage":{"@id":"https:\/\/webknjizara.hr\/proizvod\/brojalice-kreativni-spontani-djecji-izraz-lana-kihas\/#primaryimage"},"image":{"@id":"https:\/\/webknjizara.hr\/proizvod\/brojalice-kreativni-spontani-djecji-izraz-lana-kihas\/#primaryimage"},"thumbnailUrl":"https:\/\/webknjizara.hr\/wp-content\/uploads\/2024\/08\/Lana_Kihas_BROJALICE_Kreativni_spontani_djecji_izraz_webknjizara_redak_WEB_1595.jpg","datePublished":"2024-08-22T10:14:58+00:00","dateModified":"2024-08-22T10:15:21+00:00","breadcrumb":{"@id":"https:\/\/webknjizara.hr\/proizvod\/brojalice-kreativni-spontani-djecji-izraz-lana-kihas\/#breadcrumb"},"inLanguage":"en-US","potentialAction":[{"@type":"ReadAction","target":["https:\/\/webknjizara.hr\/proizvod\/brojalice-kreativni-spontani-djecji-izraz-lana-kihas\/"]}]},{"@type":"ImageObject","inLanguage":"en-US","@id":"https:\/\/webknjizara.hr\/proizvod\/brojalice-kreativni-spontani-djecji-izraz-lana-kihas\/#primaryimage","url":"https:\/\/webknjizara.hr\/wp-content\/uploads\/2024\/08\/Lana_Kihas_BROJALICE_Kreativni_spontani_djecji_izraz_webknjizara_redak_WEB_1595.jpg","contentUrl":"https:\/\/webknjizara.hr\/wp-content\/uploads\/2024\/08\/Lana_Kihas_BROJALICE_Kreativni_spontani_djecji_izraz_webknjizara_redak_WEB_1595.jpg","width":300,"height":419},{"@type":"BreadcrumbList","@id":"https:\/\/webknjizara.hr\/proizvod\/brojalice-kreativni-spontani-djecji-izraz-lana-kihas\/#breadcrumb","itemListElement":[{"@type":"ListItem","position":1,"name":"Po\u010detna stranica","item":"https:\/\/webknjizara.hr\/en\/"},{"@type":"ListItem","position":2,"name":"Shop","item":"https:\/\/webknjizara.hr\/shop\/"},{"@type":"ListItem","position":3,"name":"BROJALICE KREATIVNI SPONTANI DJE\u010cJI IZRAZ, Lana Kihas"}]},{"@type":"WebSite","@id":"https:\/\/webknjizara.hr\/#website","url":"https:\/\/webknjizara.hr\/","name":"Web Knji\u017eara","description":"","publisher":{"@id":"https:\/\/webknjizara.hr\/#organization"},"potentialAction":[{"@type":"SearchAction","target":{"@type":"EntryPoint","urlTemplate":"https:\/\/webknjizara.hr\/?s={search_term_string}"},"query-input":{"@type":"PropertyValueSpecification","valueRequired":true,"valueName":"search_term_string"}}],"inLanguage":"en-US"},{"@type":"Organization","@id":"https:\/\/webknjizara.hr\/#organization","name":"REDAK D.O.O.","url":"https:\/\/webknjizara.hr\/","logo":{"@type":"ImageObject","inLanguage":"en-US","@id":"https:\/\/webknjizara.hr\/#\/schema\/logo\/image\/","url":"https:\/\/webknjizara.hr\/wp-content\/uploads\/2023\/01\/web-knjizara-logo.webp","contentUrl":"https:\/\/webknjizara.hr\/wp-content\/uploads\/2023\/01\/web-knjizara-logo.webp","width":324,"height":79,"caption":"REDAK D.O.O."},"image":{"@id":"https:\/\/webknjizara.hr\/#\/schema\/logo\/image\/"}}]}},"_links":{"self":[{"href":"https:\/\/webknjizara.hr\/en\/wp-json\/wp\/v2\/product\/17475","targetHints":{"allow":["GET"]}}],"collection":[{"href":"https:\/\/webknjizara.hr\/en\/wp-json\/wp\/v2\/product"}],"about":[{"href":"https:\/\/webknjizara.hr\/en\/wp-json\/wp\/v2\/types\/product"}],"replies":[{"embeddable":true,"href":"https:\/\/webknjizara.hr\/en\/wp-json\/wp\/v2\/comments?post=17475"}],"wp:featuredmedia":[{"embeddable":true,"href":"https:\/\/webknjizara.hr\/en\/wp-json\/wp\/v2\/media\/17476"}],"wp:attachment":[{"href":"https:\/\/webknjizara.hr\/en\/wp-json\/wp\/v2\/media?parent=17475"}],"wp:term":[{"taxonomy":"product_brand","embeddable":true,"href":"https:\/\/webknjizara.hr\/en\/wp-json\/wp\/v2\/product_brand?post=17475"},{"taxonomy":"product_cat","embeddable":true,"href":"https:\/\/webknjizara.hr\/en\/wp-json\/wp\/v2\/product_cat?post=17475"},{"taxonomy":"product_tag","embeddable":true,"href":"https:\/\/webknjizara.hr\/en\/wp-json\/wp\/v2\/product_tag?post=17475"}],"curies":[{"name":"wp","href":"https:\/\/api.w.org\/{rel}","templated":true}]}}