{"id":17447,"date":"2024-08-21T14:36:10","date_gmt":"2024-08-21T12:36:10","guid":{"rendered":"https:\/\/webknjizara.hr\/?post_type=product&#038;p=17447"},"modified":"2025-08-18T14:51:57","modified_gmt":"2025-08-18T12:51:57","slug":"obojena-svjetlost-matija-rubic","status":"publish","type":"product","link":"https:\/\/webknjizara.hr\/en\/proizvod\/obojena-svjetlost-matija-rubic\/","title":{"rendered":"OBOJENA SVJETLOST, Matija Rubi\u0107"},"content":{"rendered":"<p><span style=\"color: #000000;\"><span lang=\"hr-HR\">Kada splitska policija naizgled rije\u0161i okrutno ubojstvo mlade studentice, istra\u017eitelj Roko Mileti\u0107 otkriva da zlo\u010din koji je potresao Split skriva mnogo vi\u0161e od onog \u0161to se na prvi pogled \u010dini. Dok istra\u017euje nove tragove, njegova otkri\u0107a suo\u010davaju ga s opasnim protivnicima i skrivenim tajnama, a njegova hrabrost i vje\u0161tina stavljene su na najve\u0107u ku\u0161nju. Roman Obojena svjetlost ne donosi samo napetu kriminalisti\u010dku pri\u010du koja prati prvi slu\u010daj u karijeri mladoga istra\u017eitelja, on uranja u autenti\u010dni svakodnevni ritam grada i njegovih \u017eitelja. Dijalozi koji dominiraju djelom uvla\u010de vas u autorov Split i oslikavaju jasne junake koji tek zapo\u010dinju sa svojim avanturama. Mileti\u0107ev prvi slu\u010daj sjajan je po\u010detak pri\u010de o mladom splitskom detektivu nakon kojeg \u0107ete zasigurno po\u017eeljeti pro\u010ditati kakva ga budu\u0107nost o\u010dekuje u sljede\u0107oj knjizi.<\/span><\/span><\/p>\n<p>&nbsp;<\/p>\n<p><span style=\"font-family: Arial, sans-serif;\"><span lang=\"hr-HR\"><b>Bilje\u0161ka o autoru: <\/b><\/span><\/span><\/p>\n<p lang=\"hr-HR\"><span style=\"color: #000000;\">Matija Rubi\u0107 dvadesetpetogodi\u0161nji je diplomirani ekonomist iz Splita koji od svojih dje\u010da\u010dkih nogu gaji strast prema knjizi i filmu. U svojim rukopisima trudi se povezati ta dva svijeta i stvoriti fikciju u kojoj se sedma umjetnost prelijeva na papir i tintu. <\/span><\/p>\n<p lang=\"hr-HR\"><span style=\"color: #000000;\">Obojena svjetlost njegov je prvi objavljeni roman koji pripada ve\u0107em ciklusu jo\u0161 neobjavljenih romana o istra\u017eitelju Roku Mileti\u0107u.<\/span><\/p>\n<p><span style=\"font-family: Arial, sans-serif;\"><span lang=\"hr-HR\"><b>E-mail: <\/b><\/span><\/span><a href=\"http:\/\/MAILTO:matijarubic@gmail.com\" target=\"_blank\" rel=\"noopener\"><span style=\"color: #000000;\"><span style=\"font-family: Arial, sans-serif;\">Matija Rubi\u0107<\/span><\/span><\/a><\/p>\n<p>&nbsp;<\/p>\n<p><strong><span style=\"font-family: Arial, sans-serif;\"><span lang=\"hr-HR\">Naslov: <\/span><\/span><\/strong><strong><span style=\"font-family: Arial, sans-serif;\">Obojena svjetlost<\/span><\/strong><span style=\"font-family: Arial, sans-serif;\"><span lang=\"hr-HR\"><br \/>\n<\/span><\/span><strong><span style=\"font-family: Arial, sans-serif;\"><span lang=\"hr-HR\">Autor:<\/span><\/span><\/strong> <span style=\"font-family: Arial, sans-serif;\">Matija Rubi\u0107<\/span><span style=\"font-family: Arial, sans-serif;\"><span lang=\"hr-HR\"><br \/>\n<\/span><\/span><strong><span style=\"font-family: Arial, sans-serif;\"><span lang=\"hr-HR\">Broj stranica: <\/span><\/span><\/strong><span style=\"font-family: Arial, sans-serif;\"><span lang=\"\">200<\/span><\/span><span style=\"font-family: Arial, sans-serif;\"><span lang=\"hr-HR\"><br \/>\n<\/span><\/span><strong><span style=\"font-family: Arial, sans-serif;\"><span lang=\"hr-HR\">Nakladnik: <\/span><\/span><\/strong><strong><span style=\"font-family: Arial, sans-serif;\">REDAK<\/span><\/strong><span style=\"font-family: Arial, sans-serif;\"><span lang=\"hr-HR\"><br \/>\n<\/span><\/span><strong><span style=\"font-family: Arial, sans-serif;\"><span lang=\"hr-HR\">Godina izdanja: <\/span><\/span><\/strong><strong><span style=\"font-family: Arial, sans-serif;\">2024.<\/span><\/strong><strong><span style=\"font-family: Arial, sans-serif;\"><span lang=\"hr-HR\">.<br \/>\n<\/span><\/span><\/strong><strong><span style=\"font-family: Arial, sans-serif;\"><span lang=\"hr-HR\">ISBN:<\/span><\/span><\/strong> <span style=\"font-family: Arial, sans-serif;\">978-953-395-019-8<\/span><span style=\"font-family: Arial, sans-serif;\"><span lang=\"hr-HR\"><br \/>\n<\/span><\/span><strong><span style=\"font-family: Arial, sans-serif;\"><span lang=\"hr-HR\">Tisak:<\/span><\/span><\/strong><span style=\"font-family: Arial, sans-serif;\"><span lang=\"hr-HR\"> digitalni tisak knjiga &#8211; print na zahtjev<\/span><\/span><\/p>\n","protected":false},"excerpt":{"rendered":"<p>Kada splitska policija naizgled rije\u0161i okrutno ubojstvo mlade studentice, istra\u017eitelj Roko Mileti\u0107 otkriva da zlo\u010din koji je potresao Split skriva mnogo vi\u0161e od onog \u0161to se na prvi pogled \u010dini. Dok istra\u017euje nove tragove, njegova otkri\u0107a suo\u010davaju ga s opasnim protivnicima i skrivenim tajnama, a njegova hrabrost i vje\u0161tina stavljene su na najve\u0107u ku\u0161nju. Roman [&hellip;]<\/p>\n","protected":false},"featured_media":17448,"comment_status":"open","ping_status":"closed","template":"","meta":{"_acf_changed":false},"product_brand":[],"product_cat":[1607],"product_tag":[],"class_list":{"0":"post-17447","1":"product","2":"type-product","3":"status-publish","4":"has-post-thumbnail","6":"product_cat-proza","7":"pa_autor-matija-rubic","8":"pa_nakladnik-redak","10":"first","11":"instock","12":"shipping-taxable","13":"purchasable","14":"product-type-simple"},"acf":[],"yoast_head":"<!-- This site is optimized with the Yoast SEO plugin v27.3 - https:\/\/yoast.com\/product\/yoast-seo-wordpress\/ -->\n<title>OBOJENA SVJETLOST, Matija Rubi\u0107 - Web-knji\u017eara<\/title>\n<meta name=\"robots\" content=\"index, follow, max-snippet:-1, max-image-preview:large, max-video-preview:-1\" \/>\n<link rel=\"canonical\" href=\"https:\/\/webknjizara.hr\/proizvod\/obojena-svjetlost-matija-rubic\/\" \/>\n<meta property=\"og:locale\" content=\"en_US\" \/>\n<meta property=\"og:type\" content=\"article\" \/>\n<meta property=\"og:title\" content=\"OBOJENA SVJETLOST, Matija Rubi\u0107 - Web-knji\u017eara\" \/>\n<meta property=\"og:description\" content=\"Kada splitska policija naizgled rije\u0161i okrutno ubojstvo mlade studentice, istra\u017eitelj Roko Mileti\u0107 otkriva da zlo\u010din koji je potresao Split skriva mnogo vi\u0161e od onog \u0161to se na prvi pogled \u010dini. Dok istra\u017euje nove tragove, njegova otkri\u0107a suo\u010davaju ga s opasnim protivnicima i skrivenim tajnama, a njegova hrabrost i vje\u0161tina stavljene su na najve\u0107u ku\u0161nju. Roman [&hellip;]\" \/>\n<meta property=\"og:url\" content=\"https:\/\/webknjizara.hr\/proizvod\/obojena-svjetlost-matija-rubic\/\" \/>\n<meta property=\"og:site_name\" content=\"Web-knji\u017eara\" \/>\n<meta property=\"article:modified_time\" content=\"2025-08-18T12:51:57+00:00\" \/>\n<meta property=\"og:image\" content=\"https:\/\/webknjizara.hr\/wp-content\/uploads\/2024\/08\/Matija_Rubic_Obojena_svjetlost_webknjizara_redak_WEB_1608.jpg\" \/>\n\t<meta property=\"og:image:width\" content=\"300\" \/>\n\t<meta property=\"og:image:height\" content=\"419\" \/>\n\t<meta property=\"og:image:type\" content=\"image\/jpeg\" \/>\n<meta name=\"twitter:card\" content=\"summary_large_image\" \/>\n<meta name=\"twitter:label1\" content=\"Est. reading time\" \/>\n\t<meta name=\"twitter:data1\" content=\"2 minutes\" \/>\n<script type=\"application\/ld+json\" class=\"yoast-schema-graph\">{\"@context\":\"https:\\\/\\\/schema.org\",\"@graph\":[{\"@type\":\"WebPage\",\"@id\":\"https:\\\/\\\/webknjizara.hr\\\/proizvod\\\/obojena-svjetlost-matija-rubic\\\/\",\"url\":\"https:\\\/\\\/webknjizara.hr\\\/proizvod\\\/obojena-svjetlost-matija-rubic\\\/\",\"name\":\"OBOJENA SVJETLOST, Matija Rubi\u0107 - Web-knji\u017eara\",\"isPartOf\":{\"@id\":\"https:\\\/\\\/webknjizara.hr\\\/#website\"},\"primaryImageOfPage\":{\"@id\":\"https:\\\/\\\/webknjizara.hr\\\/proizvod\\\/obojena-svjetlost-matija-rubic\\\/#primaryimage\"},\"image\":{\"@id\":\"https:\\\/\\\/webknjizara.hr\\\/proizvod\\\/obojena-svjetlost-matija-rubic\\\/#primaryimage\"},\"thumbnailUrl\":\"https:\\\/\\\/webknjizara.hr\\\/wp-content\\\/uploads\\\/2024\\\/08\\\/Matija_Rubic_Obojena_svjetlost_webknjizara_redak_WEB_1608.jpg\",\"datePublished\":\"2024-08-21T12:36:10+00:00\",\"dateModified\":\"2025-08-18T12:51:57+00:00\",\"breadcrumb\":{\"@id\":\"https:\\\/\\\/webknjizara.hr\\\/proizvod\\\/obojena-svjetlost-matija-rubic\\\/#breadcrumb\"},\"inLanguage\":\"en-US\",\"potentialAction\":[{\"@type\":\"ReadAction\",\"target\":[\"https:\\\/\\\/webknjizara.hr\\\/proizvod\\\/obojena-svjetlost-matija-rubic\\\/\"]}]},{\"@type\":\"ImageObject\",\"inLanguage\":\"en-US\",\"@id\":\"https:\\\/\\\/webknjizara.hr\\\/proizvod\\\/obojena-svjetlost-matija-rubic\\\/#primaryimage\",\"url\":\"https:\\\/\\\/webknjizara.hr\\\/wp-content\\\/uploads\\\/2024\\\/08\\\/Matija_Rubic_Obojena_svjetlost_webknjizara_redak_WEB_1608.jpg\",\"contentUrl\":\"https:\\\/\\\/webknjizara.hr\\\/wp-content\\\/uploads\\\/2024\\\/08\\\/Matija_Rubic_Obojena_svjetlost_webknjizara_redak_WEB_1608.jpg\",\"width\":300,\"height\":419},{\"@type\":\"BreadcrumbList\",\"@id\":\"https:\\\/\\\/webknjizara.hr\\\/proizvod\\\/obojena-svjetlost-matija-rubic\\\/#breadcrumb\",\"itemListElement\":[{\"@type\":\"ListItem\",\"position\":1,\"name\":\"Po\u010detna stranica\",\"item\":\"https:\\\/\\\/webknjizara.hr\\\/en\\\/\"},{\"@type\":\"ListItem\",\"position\":2,\"name\":\"Shop\",\"item\":\"https:\\\/\\\/webknjizara.hr\\\/shop\\\/\"},{\"@type\":\"ListItem\",\"position\":3,\"name\":\"OBOJENA SVJETLOST, Matija Rubi\u0107\"}]},{\"@type\":\"WebSite\",\"@id\":\"https:\\\/\\\/webknjizara.hr\\\/#website\",\"url\":\"https:\\\/\\\/webknjizara.hr\\\/\",\"name\":\"Web Knji\u017eara\",\"description\":\"\",\"publisher\":{\"@id\":\"https:\\\/\\\/webknjizara.hr\\\/#organization\"},\"potentialAction\":[{\"@type\":\"SearchAction\",\"target\":{\"@type\":\"EntryPoint\",\"urlTemplate\":\"https:\\\/\\\/webknjizara.hr\\\/?s={search_term_string}\"},\"query-input\":{\"@type\":\"PropertyValueSpecification\",\"valueRequired\":true,\"valueName\":\"search_term_string\"}}],\"inLanguage\":\"en-US\"},{\"@type\":\"Organization\",\"@id\":\"https:\\\/\\\/webknjizara.hr\\\/#organization\",\"name\":\"REDAK D.O.O.\",\"url\":\"https:\\\/\\\/webknjizara.hr\\\/\",\"logo\":{\"@type\":\"ImageObject\",\"inLanguage\":\"en-US\",\"@id\":\"https:\\\/\\\/webknjizara.hr\\\/#\\\/schema\\\/logo\\\/image\\\/\",\"url\":\"https:\\\/\\\/webknjizara.hr\\\/wp-content\\\/uploads\\\/2023\\\/01\\\/web-knjizara-logo.webp\",\"contentUrl\":\"https:\\\/\\\/webknjizara.hr\\\/wp-content\\\/uploads\\\/2023\\\/01\\\/web-knjizara-logo.webp\",\"width\":324,\"height\":79,\"caption\":\"REDAK D.O.O.\"},\"image\":{\"@id\":\"https:\\\/\\\/webknjizara.hr\\\/#\\\/schema\\\/logo\\\/image\\\/\"}}]}<\/script>\n<!-- \/ Yoast SEO plugin. -->","yoast_head_json":{"title":"OBOJENA SVJETLOST, Matija Rubi\u0107 - Web-knji\u017eara","robots":{"index":"index","follow":"follow","max-snippet":"max-snippet:-1","max-image-preview":"max-image-preview:large","max-video-preview":"max-video-preview:-1"},"canonical":"https:\/\/webknjizara.hr\/proizvod\/obojena-svjetlost-matija-rubic\/","og_locale":"en_US","og_type":"article","og_title":"OBOJENA SVJETLOST, Matija Rubi\u0107 - Web-knji\u017eara","og_description":"Kada splitska policija naizgled rije\u0161i okrutno ubojstvo mlade studentice, istra\u017eitelj Roko Mileti\u0107 otkriva da zlo\u010din koji je potresao Split skriva mnogo vi\u0161e od onog \u0161to se na prvi pogled \u010dini. Dok istra\u017euje nove tragove, njegova otkri\u0107a suo\u010davaju ga s opasnim protivnicima i skrivenim tajnama, a njegova hrabrost i vje\u0161tina stavljene su na najve\u0107u ku\u0161nju. Roman [&hellip;]","og_url":"https:\/\/webknjizara.hr\/proizvod\/obojena-svjetlost-matija-rubic\/","og_site_name":"Web-knji\u017eara","article_modified_time":"2025-08-18T12:51:57+00:00","og_image":[{"width":300,"height":419,"url":"https:\/\/webknjizara.hr\/wp-content\/uploads\/2024\/08\/Matija_Rubic_Obojena_svjetlost_webknjizara_redak_WEB_1608.jpg","type":"image\/jpeg"}],"twitter_card":"summary_large_image","twitter_misc":{"Est. reading time":"2 minutes"},"schema":{"@context":"https:\/\/schema.org","@graph":[{"@type":"WebPage","@id":"https:\/\/webknjizara.hr\/proizvod\/obojena-svjetlost-matija-rubic\/","url":"https:\/\/webknjizara.hr\/proizvod\/obojena-svjetlost-matija-rubic\/","name":"OBOJENA SVJETLOST, Matija Rubi\u0107 - Web-knji\u017eara","isPartOf":{"@id":"https:\/\/webknjizara.hr\/#website"},"primaryImageOfPage":{"@id":"https:\/\/webknjizara.hr\/proizvod\/obojena-svjetlost-matija-rubic\/#primaryimage"},"image":{"@id":"https:\/\/webknjizara.hr\/proizvod\/obojena-svjetlost-matija-rubic\/#primaryimage"},"thumbnailUrl":"https:\/\/webknjizara.hr\/wp-content\/uploads\/2024\/08\/Matija_Rubic_Obojena_svjetlost_webknjizara_redak_WEB_1608.jpg","datePublished":"2024-08-21T12:36:10+00:00","dateModified":"2025-08-18T12:51:57+00:00","breadcrumb":{"@id":"https:\/\/webknjizara.hr\/proizvod\/obojena-svjetlost-matija-rubic\/#breadcrumb"},"inLanguage":"en-US","potentialAction":[{"@type":"ReadAction","target":["https:\/\/webknjizara.hr\/proizvod\/obojena-svjetlost-matija-rubic\/"]}]},{"@type":"ImageObject","inLanguage":"en-US","@id":"https:\/\/webknjizara.hr\/proizvod\/obojena-svjetlost-matija-rubic\/#primaryimage","url":"https:\/\/webknjizara.hr\/wp-content\/uploads\/2024\/08\/Matija_Rubic_Obojena_svjetlost_webknjizara_redak_WEB_1608.jpg","contentUrl":"https:\/\/webknjizara.hr\/wp-content\/uploads\/2024\/08\/Matija_Rubic_Obojena_svjetlost_webknjizara_redak_WEB_1608.jpg","width":300,"height":419},{"@type":"BreadcrumbList","@id":"https:\/\/webknjizara.hr\/proizvod\/obojena-svjetlost-matija-rubic\/#breadcrumb","itemListElement":[{"@type":"ListItem","position":1,"name":"Po\u010detna stranica","item":"https:\/\/webknjizara.hr\/en\/"},{"@type":"ListItem","position":2,"name":"Shop","item":"https:\/\/webknjizara.hr\/shop\/"},{"@type":"ListItem","position":3,"name":"OBOJENA SVJETLOST, Matija Rubi\u0107"}]},{"@type":"WebSite","@id":"https:\/\/webknjizara.hr\/#website","url":"https:\/\/webknjizara.hr\/","name":"Web Knji\u017eara","description":"","publisher":{"@id":"https:\/\/webknjizara.hr\/#organization"},"potentialAction":[{"@type":"SearchAction","target":{"@type":"EntryPoint","urlTemplate":"https:\/\/webknjizara.hr\/?s={search_term_string}"},"query-input":{"@type":"PropertyValueSpecification","valueRequired":true,"valueName":"search_term_string"}}],"inLanguage":"en-US"},{"@type":"Organization","@id":"https:\/\/webknjizara.hr\/#organization","name":"REDAK D.O.O.","url":"https:\/\/webknjizara.hr\/","logo":{"@type":"ImageObject","inLanguage":"en-US","@id":"https:\/\/webknjizara.hr\/#\/schema\/logo\/image\/","url":"https:\/\/webknjizara.hr\/wp-content\/uploads\/2023\/01\/web-knjizara-logo.webp","contentUrl":"https:\/\/webknjizara.hr\/wp-content\/uploads\/2023\/01\/web-knjizara-logo.webp","width":324,"height":79,"caption":"REDAK D.O.O."},"image":{"@id":"https:\/\/webknjizara.hr\/#\/schema\/logo\/image\/"}}]}},"_links":{"self":[{"href":"https:\/\/webknjizara.hr\/en\/wp-json\/wp\/v2\/product\/17447","targetHints":{"allow":["GET"]}}],"collection":[{"href":"https:\/\/webknjizara.hr\/en\/wp-json\/wp\/v2\/product"}],"about":[{"href":"https:\/\/webknjizara.hr\/en\/wp-json\/wp\/v2\/types\/product"}],"replies":[{"embeddable":true,"href":"https:\/\/webknjizara.hr\/en\/wp-json\/wp\/v2\/comments?post=17447"}],"wp:featuredmedia":[{"embeddable":true,"href":"https:\/\/webknjizara.hr\/en\/wp-json\/wp\/v2\/media\/17448"}],"wp:attachment":[{"href":"https:\/\/webknjizara.hr\/en\/wp-json\/wp\/v2\/media?parent=17447"}],"wp:term":[{"taxonomy":"product_brand","embeddable":true,"href":"https:\/\/webknjizara.hr\/en\/wp-json\/wp\/v2\/product_brand?post=17447"},{"taxonomy":"product_cat","embeddable":true,"href":"https:\/\/webknjizara.hr\/en\/wp-json\/wp\/v2\/product_cat?post=17447"},{"taxonomy":"product_tag","embeddable":true,"href":"https:\/\/webknjizara.hr\/en\/wp-json\/wp\/v2\/product_tag?post=17447"}],"curies":[{"name":"wp","href":"https:\/\/api.w.org\/{rel}","templated":true}]}}