{"id":17317,"date":"2024-08-01T14:30:36","date_gmt":"2024-08-01T12:30:36","guid":{"rendered":"https:\/\/webknjizara.hr\/?post_type=product&#038;p=17317"},"modified":"2024-08-01T14:36:08","modified_gmt":"2024-08-01T12:36:08","slug":"ekonomika-brodarstva-alen-jugovic-marina-zanne-juraj-buksa","status":"publish","type":"product","link":"https:\/\/webknjizara.hr\/en\/proizvod\/ekonomika-brodarstva-alen-jugovic-marina-zanne-juraj-buksa\/","title":{"rendered":"EKONOMIKA BRODARSTVA, Alen Jugovi\u0107, Marina Zanne, Juraj Buk\u0161a"},"content":{"rendered":"<p><span lang=\"hr-HR\">Sveu\u010dili\u0161ni ud\u017ebenik Ekonomika Brodarstva u cijelosti pokriva tematiku ekonomike morskog brodarstva i pomorstva u \u0161irem smislu. Pored tradicionalnog pristupa razmatranja s ekonomskog, tehnolo\u0161kog, prometnog i upravlja\u010dkog stajali\u0161ta autori su pro\u0161irili ud\u017ebenik novim spoznajama i trendovima u pomorstvu te obradili i postavke zelene ekonomije u morskom brodarstvu. Ud\u017ebenik ima devet poglavlja u kojima se od detaljno obra\u0111enih osnovnih pojmova ekonomike morskog brodarstva, prelazi na analizu i postavke pomorskog tr\u017ei\u0161ta kao i na prou\u010davanje broda kao sredstva kojim brodar obavlja svoju prijevozni\u010dku funkciju, ali i isti koristi kao nukleus kojim sudjeluje na pomorskom tr\u017ei\u0161tu sa svrhom ostvarenja dobiti. Posebna pozornost posve\u0107ena je dijelovima u svezi upravljanje brodarskim poduze\u0107em i poslovanja brodara u kojem se analizira organizacija i organizacijska struktura brodarskog poduze\u0107a te menad\u017ement koji upravlja poduze\u0107em i flotom kao i na\u010din na koji se formiraju vozarine i tarife u pojedinim vrstama prijevoza kao i na\u010dina na koji upravlja tro\u0161kovima. U dijelu s naslovom R<\/span><span lang=\"hr-HR\"><i>izici u poslovanju morskog brodara<\/i><\/span><span lang=\"hr-HR\"> obra\u0111eni su poslovni, pomorski i poslovno tehnolo\u0161ki rizici te na\u010dine prepoznavanja i upravljanja tim rizicima. U ud\u017ebeniku autori daju i odgovore na pitanja vezana uz nabavu broda, na\u010dine financiranje nabave, odabir odgovaraju\u0107eg broda s obzirom na tehnologiju prijevoza i prekrcaja te odabir broda sa stajali\u0161ta optimalnog pogona. U zadnjim poglavljima analiziraju se \u010dimbenici relevantni za osiguranje broda i brodarevu odgovornost te ekolo\u0161ki aspekt pomorskog prijevoza u kojem se sagledavaju negativni ekolo\u0161ki u\u010dinci pomorskog prijevoza. Ud\u017ebenik je prvenstveno namijenjen studentskoj populaciji na preddiplomskoj i diplomskoj i poslijediplomskoj razini, ali \u0107e svoju pa\u017enju privu\u0107i i \u0161irokom krugu stru\u010dnjaka, istra\u017eiva\u010da, planera, menad\u017eera brodarskih poduze\u0107a i drugih profila \u010dije je podru\u010dje rada ili interesa makar i samo jednim dijelom u suglasju s ponu\u0111enim sadr\u017eajem.<\/span><\/p>\n<p>&nbsp;<\/p>\n<p><span style=\"font-family: Arial, sans-serif;\"><span lang=\"hr-HR\"><b>Bilje\u0161ka o autorima: <\/b><\/span><\/span><\/p>\n<p><span lang=\"hr-HR\"><b>Alen Jugovi\u0107<\/b><\/span><span lang=\"hr-HR\"> ro\u0111en je 23. 2. 1976. godine u Rijeci. Zaposlen je na Sveu\u010dili\u0161ta u Rijeci Pomorskom fakultetu kao redoviti profesor i to na Zavodu za logistiku i menad\u017ement u pomorstvu i prometu gdje je nositelj kolegija: <\/span><span lang=\"hr-HR\"><i>Ekonomika luka, Ekonomika brodarstva, Poduzetni\u0161tvo te Ekonomika i organizacija pomorskoputni\u010dkog prometa<\/i><\/span><span lang=\"hr-HR\">. Na poslijediplomskom studiju nositelj je kolegija E<\/span><span lang=\"hr-HR\"><i>konomika infrastrukturnih projekata u lu\u010dkom sustavu <\/i><\/span><span lang=\"hr-HR\">te<\/span><span lang=\"hr-HR\"><i> Lu\u010dki sustavi.<\/i><\/span><span lang=\"hr-HR\"> Predsjednik je nadzornog odbora Luke Rijeka d.d. te \u010dlan Nadzornog odbora Jadranskih vrata d.d.\/Adriatic Gate Container Terminal. Sudjelovao je na preko sto stru\u010dnih i niza znanstvenih projekata. Osim hrvatskih znanstvenih projekata kao suradnik i istra\u017eiva\u010d bio je anga\u017eiran i na \u0161est europskih projekata. Objavio je samostalno ili u koautorstvu oko stotinjak znanstvenih radova iz podru\u010dja ekonomije, logistike, organizacije i upravljanja lukama i brodarskim poduze\u0107ima te u\u010destvovao na ve\u0107em broju doma\u0107ih i me\u0111unarodnih savjetovanja i skupova. \u010clan je uredni\u0161tva znanstvenog \u010dasopisa Pomorstvo. Autor je jednog Sveu\u010dili\u0161nog ud\u017ebenika te koautor 4 sveu\u010dili\u0161na ud\u017ebenika. <\/span><\/p>\n<p><span lang=\"hr-HR\"><b>Marina Zanne<\/b><\/span><span lang=\"hr-HR\"> ro\u0111ena je 11. 5.1976. godine u Trogiru. Nakon studija Aplikativne matematike na Fakultetu za matematiku i fiziku Sveu\u010dili\u0161ta u Ljubljani (UL), upisuje se na Fakultet za pomorstvo i promet UL gdje zavr\u0161ava sveu\u010dili\u0161ni i magistarski program, da bi doktorirala na Ekonomskom fakultetu (UL). Zaposlena je na Fakultetu za pomorstvo i promet (UL) gdje je nositeljica sljede\u0107ih kolegija: <\/span><span lang=\"hr-HR\"><i>Ekonomika pomorstva i poslovanje brodara, Ekonomika, Transportna ekonomika, Prometna ekonomika, Management u prometu, Organizacija i poslovanje prijevoznih poduze\u0107a <\/i><\/span><span lang=\"hr-HR\">na dodiplomskim studijskim programima,<\/span><span lang=\"hr-HR\"><i> Poslovno ekonomska analitika <\/i><\/span><span lang=\"hr-HR\">na magistarskom studijskom programu te<\/span><span lang=\"hr-HR\"><i> Transportno ekonomske analize<\/i><\/span><span lang=\"hr-HR\"> na doktorskom studiju<\/span><span lang=\"hr-HR\"><i>. <\/i><\/span><span lang=\"hr-HR\">Dvije godine bila je nositeljica kolegija <\/span><span lang=\"hr-HR\"><i>Maritime economics<\/i><\/span><span lang=\"hr-HR\"> na magistarskom studijskom programu Ekonomskog fakulteta Sveu\u010dili\u0161ta u Trstu. \u010clanica je uredni\u0161tva znanstvenog \u010dasopisa Promet te European Transport Studies. Kao \u010dlanica projektnih timova sudjelovala je na nekoliko evropskih i nacionalnih projekta, vodila je bilateralni projekat sa Republikom Sjevernom Makedonijom te nekoliko aplikativnih projekata u Sloveniji. Samostalno ili u koautorstvu objavila je oko osamdesetak radova \u0161to u znanstvenim \u010dasopisima \u0161to na me\u0111unarodnim konferencijama. Autorica je jednog sveu\u010dili\u0161nog ud\u017ebenika na temu poslovanja brodara.<\/span><\/p>\n<p><span lang=\"hr-HR\"><br \/>\n<\/span><span lang=\"hr-HR\"><b>Juraj Buk\u0161a<\/b><\/span><span lang=\"hr-HR\"> ro\u0111en je 13. 5. 1975. godine. Nakon zavr\u0161enog studija na Pomorskom fakultetu u Rijeci, gdje je potom zavr\u0161io i magistarski studij, a 2010. godine stekao je i akademski stupanj doktora znanosti iz znanstvenog podru\u010dja tehni\u010dkih znanosti, znanstvenog polja tehnologija prometa i transport. Trenutno obna\u0161a funkciju Direktora Nautike u dru\u0161tvu Adriatic Croatia International Club d.d. (ACI d.d.), \u010dijem timu se pridru\u017eio 2017. godine. Kontinuirano je, u svojstvu docenta, anga\u017eiran kao vanjski suradnik na Pomorskom fakultetu Sveu\u010dili\u0161ta u Rijeci, gdje je nositelj kolegija Pomorski sustavi i sunositelj kolegija Ekonomika Brodarstva. Cjelokupna njegova karijera usko je vezana uz pomorstvo i promet, pa je tako obna\u0161ao funkciju kadrovskog direktora u dru\u0161tvu Lo\u0161injska plovidba \u2013 Brodarstvo d.o.o., predavao stru\u010dne predmete u Pomorskoj \u0161koli Bakar, vodio udrugu Short Sea Shipping Promoting Centre Croatia te bio \u010dlanom nadzornih odbora Hrvatske elektroprivrede d.d. te Zra\u010dne luke Rijeka d.o.o. Autor je i koautor trideset znanstvenih radova te je bio aktivni sudionik u velikom broju stru\u010dnih projekata, studija i konferencija vezanih za pomorstvo.<\/span><\/p>\n<p><span style=\"font-family: Arial, sans-serif;\"><span lang=\"hr-HR\"><b>E-mail:<\/b><\/span><\/span> <a href=\"http:\/\/MAILTO:alen.jugovic@pfri.uniri.hr\" target=\"_blank\" rel=\"noopener\">Alen Jugovi\u0107<\/a><\/p>\n<p><a href=\"http:\/\/MAILTO:marina.zanne@fpp.uni-lj.si\" target=\"_blank\" rel=\"noopener\">Marina Zanne<\/a><\/p>\n<p>&nbsp;<\/p>\n<p><strong><span style=\"font-family: Arial, sans-serif;\"><span lang=\"hr-HR\">Naslov: <\/span><\/span><\/strong><strong><span style=\"font-family: Arial, sans-serif;\"><span lang=\"hr-HR\">Ekonomika brodarstva<\/span><\/span><\/strong><span style=\"font-family: Arial, sans-serif;\"><span lang=\"hr-HR\"><br \/>\n<\/span><\/span><strong><span style=\"font-family: Arial, sans-serif;\"><span lang=\"hr-HR\">Autor\/autorica:<\/span><\/span><\/strong><span style=\"font-family: Arial, sans-serif;\"><span lang=\"hr-HR\"> Alen Jugovi\u0107, Marina Zanne, Juraj Buk\u0161a<br \/>\n<\/span><\/span><strong><span style=\"font-family: Arial, sans-serif;\"><span lang=\"hr-HR\">Broj stranica: <\/span><\/span><\/strong><span style=\"font-family: Arial, sans-serif;\"><span lang=\"hr-HR\">416<\/span><\/span><span style=\"font-family: Arial, sans-serif;\"><span lang=\"hr-HR\"><br \/>\n<\/span><\/span><strong><span style=\"font-family: Arial, sans-serif;\"><span lang=\"hr-HR\">Nakladnik: <\/span><\/span><\/strong><strong><span style=\"font-family: Arial, sans-serif;\"><span lang=\"hr-HR\">POMORSKI FAKULTET U RIJECI<\/span><\/span><\/strong><span style=\"font-family: Arial, sans-serif;\"><span lang=\"hr-HR\"><br \/>\n<\/span><\/span><strong><span style=\"font-family: Arial, sans-serif;\"><span lang=\"hr-HR\">Godina izdanja: <\/span><\/span><\/strong><strong><span style=\"font-family: Arial, sans-serif;\"><span lang=\"hr-HR\">2024.<br \/>\n<\/span><\/span><\/strong><strong><span style=\"font-family: Arial, sans-serif;\"><span lang=\"hr-HR\">ISBN:<\/span><\/span><\/strong><span style=\"font-family: Arial, sans-serif;\"><span lang=\"hr-HR\"> 978-953-165-141-7<br \/>\n<\/span><\/span><strong><span style=\"font-family: Arial, sans-serif;\"><span lang=\"hr-HR\">Tisak:<\/span><\/span><\/strong><span style=\"font-family: Arial, sans-serif;\"><span lang=\"hr-HR\"> digitalni tisak knjiga &#8211; print na zahtjev<\/span><\/span><\/p>\n","protected":false},"excerpt":{"rendered":"<p>Sveu\u010dili\u0161ni ud\u017ebenik Ekonomika Brodarstva u cijelosti pokriva tematiku ekonomike morskog brodarstva i pomorstva u \u0161irem smislu. Pored tradicionalnog pristupa razmatranja s ekonomskog, tehnolo\u0161kog, prometnog i upravlja\u010dkog stajali\u0161ta autori su pro\u0161irili ud\u017ebenik novim spoznajama i trendovima u pomorstvu te obradili i postavke zelene ekonomije u morskom brodarstvu. Ud\u017ebenik ima devet poglavlja u kojima se od detaljno [&hellip;]<\/p>\n","protected":false},"featured_media":17318,"comment_status":"open","ping_status":"closed","template":"","meta":{"_acf_changed":false},"product_brand":[],"product_cat":[1527],"product_tag":[],"class_list":{"0":"post-17317","1":"product","2":"type-product","3":"status-publish","4":"has-post-thumbnail","6":"product_cat-sveucilisni-udzbenici","7":"pa_autor-alen-jugovic","8":"pa_autor-juraj-buksa","9":"pa_autor-marina-zanne","10":"pa_nakladnik-pomorski-fakultet-u-rijeci","12":"first","13":"instock","14":"shipping-taxable","15":"purchasable","16":"product-type-simple"},"acf":[],"yoast_head":"<!-- This site is optimized with the Yoast SEO plugin v27.3 - https:\/\/yoast.com\/product\/yoast-seo-wordpress\/ -->\n<title>EKONOMIKA BRODARSTVA, Alen Jugovi\u0107, Marina Zanne, Juraj Buk\u0161a - Web-knji\u017eara<\/title>\n<meta name=\"robots\" content=\"index, follow, max-snippet:-1, max-image-preview:large, max-video-preview:-1\" \/>\n<link rel=\"canonical\" href=\"https:\/\/webknjizara.hr\/proizvod\/ekonomika-brodarstva-alen-jugovic-marina-zanne-juraj-buksa\/\" \/>\n<meta property=\"og:locale\" content=\"en_US\" \/>\n<meta property=\"og:type\" content=\"article\" \/>\n<meta property=\"og:title\" content=\"EKONOMIKA BRODARSTVA, Alen Jugovi\u0107, Marina Zanne, Juraj Buk\u0161a - Web-knji\u017eara\" \/>\n<meta property=\"og:description\" content=\"Sveu\u010dili\u0161ni ud\u017ebenik Ekonomika Brodarstva u cijelosti pokriva tematiku ekonomike morskog brodarstva i pomorstva u \u0161irem smislu. Pored tradicionalnog pristupa razmatranja s ekonomskog, tehnolo\u0161kog, prometnog i upravlja\u010dkog stajali\u0161ta autori su pro\u0161irili ud\u017ebenik novim spoznajama i trendovima u pomorstvu te obradili i postavke zelene ekonomije u morskom brodarstvu. Ud\u017ebenik ima devet poglavlja u kojima se od detaljno [&hellip;]\" \/>\n<meta property=\"og:url\" content=\"https:\/\/webknjizara.hr\/proizvod\/ekonomika-brodarstva-alen-jugovic-marina-zanne-juraj-buksa\/\" \/>\n<meta property=\"og:site_name\" content=\"Web-knji\u017eara\" \/>\n<meta property=\"article:modified_time\" content=\"2024-08-01T12:36:08+00:00\" \/>\n<meta property=\"og:image\" content=\"https:\/\/webknjizara.hr\/wp-content\/uploads\/2024\/08\/Alen_Jugovic_Marina_Zanne_Juraj_Buksa_Ekonomika_brodarstva_webknjizara_redak_WEB_1516.jpg\" \/>\n\t<meta property=\"og:image:width\" content=\"300\" \/>\n\t<meta property=\"og:image:height\" content=\"419\" \/>\n\t<meta property=\"og:image:type\" content=\"image\/jpeg\" \/>\n<meta name=\"twitter:card\" content=\"summary_large_image\" \/>\n<meta name=\"twitter:label1\" content=\"Est. reading time\" \/>\n\t<meta name=\"twitter:data1\" content=\"5 minutes\" \/>\n<script type=\"application\/ld+json\" class=\"yoast-schema-graph\">{\"@context\":\"https:\\\/\\\/schema.org\",\"@graph\":[{\"@type\":\"WebPage\",\"@id\":\"https:\\\/\\\/webknjizara.hr\\\/proizvod\\\/ekonomika-brodarstva-alen-jugovic-marina-zanne-juraj-buksa\\\/\",\"url\":\"https:\\\/\\\/webknjizara.hr\\\/proizvod\\\/ekonomika-brodarstva-alen-jugovic-marina-zanne-juraj-buksa\\\/\",\"name\":\"EKONOMIKA BRODARSTVA, Alen Jugovi\u0107, Marina Zanne, Juraj Buk\u0161a - Web-knji\u017eara\",\"isPartOf\":{\"@id\":\"https:\\\/\\\/webknjizara.hr\\\/#website\"},\"primaryImageOfPage\":{\"@id\":\"https:\\\/\\\/webknjizara.hr\\\/proizvod\\\/ekonomika-brodarstva-alen-jugovic-marina-zanne-juraj-buksa\\\/#primaryimage\"},\"image\":{\"@id\":\"https:\\\/\\\/webknjizara.hr\\\/proizvod\\\/ekonomika-brodarstva-alen-jugovic-marina-zanne-juraj-buksa\\\/#primaryimage\"},\"thumbnailUrl\":\"https:\\\/\\\/webknjizara.hr\\\/wp-content\\\/uploads\\\/2024\\\/08\\\/Alen_Jugovic_Marina_Zanne_Juraj_Buksa_Ekonomika_brodarstva_webknjizara_redak_WEB_1516.jpg\",\"datePublished\":\"2024-08-01T12:30:36+00:00\",\"dateModified\":\"2024-08-01T12:36:08+00:00\",\"breadcrumb\":{\"@id\":\"https:\\\/\\\/webknjizara.hr\\\/proizvod\\\/ekonomika-brodarstva-alen-jugovic-marina-zanne-juraj-buksa\\\/#breadcrumb\"},\"inLanguage\":\"en-US\",\"potentialAction\":[{\"@type\":\"ReadAction\",\"target\":[\"https:\\\/\\\/webknjizara.hr\\\/proizvod\\\/ekonomika-brodarstva-alen-jugovic-marina-zanne-juraj-buksa\\\/\"]}]},{\"@type\":\"ImageObject\",\"inLanguage\":\"en-US\",\"@id\":\"https:\\\/\\\/webknjizara.hr\\\/proizvod\\\/ekonomika-brodarstva-alen-jugovic-marina-zanne-juraj-buksa\\\/#primaryimage\",\"url\":\"https:\\\/\\\/webknjizara.hr\\\/wp-content\\\/uploads\\\/2024\\\/08\\\/Alen_Jugovic_Marina_Zanne_Juraj_Buksa_Ekonomika_brodarstva_webknjizara_redak_WEB_1516.jpg\",\"contentUrl\":\"https:\\\/\\\/webknjizara.hr\\\/wp-content\\\/uploads\\\/2024\\\/08\\\/Alen_Jugovic_Marina_Zanne_Juraj_Buksa_Ekonomika_brodarstva_webknjizara_redak_WEB_1516.jpg\",\"width\":300,\"height\":419},{\"@type\":\"BreadcrumbList\",\"@id\":\"https:\\\/\\\/webknjizara.hr\\\/proizvod\\\/ekonomika-brodarstva-alen-jugovic-marina-zanne-juraj-buksa\\\/#breadcrumb\",\"itemListElement\":[{\"@type\":\"ListItem\",\"position\":1,\"name\":\"Po\u010detna stranica\",\"item\":\"https:\\\/\\\/webknjizara.hr\\\/en\\\/\"},{\"@type\":\"ListItem\",\"position\":2,\"name\":\"Shop\",\"item\":\"https:\\\/\\\/webknjizara.hr\\\/shop\\\/\"},{\"@type\":\"ListItem\",\"position\":3,\"name\":\"EKONOMIKA BRODARSTVA, Alen Jugovi\u0107, Marina Zanne, Juraj Buk\u0161a\"}]},{\"@type\":\"WebSite\",\"@id\":\"https:\\\/\\\/webknjizara.hr\\\/#website\",\"url\":\"https:\\\/\\\/webknjizara.hr\\\/\",\"name\":\"Web Knji\u017eara\",\"description\":\"\",\"publisher\":{\"@id\":\"https:\\\/\\\/webknjizara.hr\\\/#organization\"},\"potentialAction\":[{\"@type\":\"SearchAction\",\"target\":{\"@type\":\"EntryPoint\",\"urlTemplate\":\"https:\\\/\\\/webknjizara.hr\\\/?s={search_term_string}\"},\"query-input\":{\"@type\":\"PropertyValueSpecification\",\"valueRequired\":true,\"valueName\":\"search_term_string\"}}],\"inLanguage\":\"en-US\"},{\"@type\":\"Organization\",\"@id\":\"https:\\\/\\\/webknjizara.hr\\\/#organization\",\"name\":\"REDAK D.O.O.\",\"url\":\"https:\\\/\\\/webknjizara.hr\\\/\",\"logo\":{\"@type\":\"ImageObject\",\"inLanguage\":\"en-US\",\"@id\":\"https:\\\/\\\/webknjizara.hr\\\/#\\\/schema\\\/logo\\\/image\\\/\",\"url\":\"https:\\\/\\\/webknjizara.hr\\\/wp-content\\\/uploads\\\/2023\\\/01\\\/web-knjizara-logo.webp\",\"contentUrl\":\"https:\\\/\\\/webknjizara.hr\\\/wp-content\\\/uploads\\\/2023\\\/01\\\/web-knjizara-logo.webp\",\"width\":324,\"height\":79,\"caption\":\"REDAK D.O.O.\"},\"image\":{\"@id\":\"https:\\\/\\\/webknjizara.hr\\\/#\\\/schema\\\/logo\\\/image\\\/\"}}]}<\/script>\n<!-- \/ Yoast SEO plugin. -->","yoast_head_json":{"title":"EKONOMIKA BRODARSTVA, Alen Jugovi\u0107, Marina Zanne, Juraj Buk\u0161a - Web-knji\u017eara","robots":{"index":"index","follow":"follow","max-snippet":"max-snippet:-1","max-image-preview":"max-image-preview:large","max-video-preview":"max-video-preview:-1"},"canonical":"https:\/\/webknjizara.hr\/proizvod\/ekonomika-brodarstva-alen-jugovic-marina-zanne-juraj-buksa\/","og_locale":"en_US","og_type":"article","og_title":"EKONOMIKA BRODARSTVA, Alen Jugovi\u0107, Marina Zanne, Juraj Buk\u0161a - Web-knji\u017eara","og_description":"Sveu\u010dili\u0161ni ud\u017ebenik Ekonomika Brodarstva u cijelosti pokriva tematiku ekonomike morskog brodarstva i pomorstva u \u0161irem smislu. Pored tradicionalnog pristupa razmatranja s ekonomskog, tehnolo\u0161kog, prometnog i upravlja\u010dkog stajali\u0161ta autori su pro\u0161irili ud\u017ebenik novim spoznajama i trendovima u pomorstvu te obradili i postavke zelene ekonomije u morskom brodarstvu. Ud\u017ebenik ima devet poglavlja u kojima se od detaljno [&hellip;]","og_url":"https:\/\/webknjizara.hr\/proizvod\/ekonomika-brodarstva-alen-jugovic-marina-zanne-juraj-buksa\/","og_site_name":"Web-knji\u017eara","article_modified_time":"2024-08-01T12:36:08+00:00","og_image":[{"width":300,"height":419,"url":"https:\/\/webknjizara.hr\/wp-content\/uploads\/2024\/08\/Alen_Jugovic_Marina_Zanne_Juraj_Buksa_Ekonomika_brodarstva_webknjizara_redak_WEB_1516.jpg","type":"image\/jpeg"}],"twitter_card":"summary_large_image","twitter_misc":{"Est. reading time":"5 minutes"},"schema":{"@context":"https:\/\/schema.org","@graph":[{"@type":"WebPage","@id":"https:\/\/webknjizara.hr\/proizvod\/ekonomika-brodarstva-alen-jugovic-marina-zanne-juraj-buksa\/","url":"https:\/\/webknjizara.hr\/proizvod\/ekonomika-brodarstva-alen-jugovic-marina-zanne-juraj-buksa\/","name":"EKONOMIKA BRODARSTVA, Alen Jugovi\u0107, Marina Zanne, Juraj Buk\u0161a - Web-knji\u017eara","isPartOf":{"@id":"https:\/\/webknjizara.hr\/#website"},"primaryImageOfPage":{"@id":"https:\/\/webknjizara.hr\/proizvod\/ekonomika-brodarstva-alen-jugovic-marina-zanne-juraj-buksa\/#primaryimage"},"image":{"@id":"https:\/\/webknjizara.hr\/proizvod\/ekonomika-brodarstva-alen-jugovic-marina-zanne-juraj-buksa\/#primaryimage"},"thumbnailUrl":"https:\/\/webknjizara.hr\/wp-content\/uploads\/2024\/08\/Alen_Jugovic_Marina_Zanne_Juraj_Buksa_Ekonomika_brodarstva_webknjizara_redak_WEB_1516.jpg","datePublished":"2024-08-01T12:30:36+00:00","dateModified":"2024-08-01T12:36:08+00:00","breadcrumb":{"@id":"https:\/\/webknjizara.hr\/proizvod\/ekonomika-brodarstva-alen-jugovic-marina-zanne-juraj-buksa\/#breadcrumb"},"inLanguage":"en-US","potentialAction":[{"@type":"ReadAction","target":["https:\/\/webknjizara.hr\/proizvod\/ekonomika-brodarstva-alen-jugovic-marina-zanne-juraj-buksa\/"]}]},{"@type":"ImageObject","inLanguage":"en-US","@id":"https:\/\/webknjizara.hr\/proizvod\/ekonomika-brodarstva-alen-jugovic-marina-zanne-juraj-buksa\/#primaryimage","url":"https:\/\/webknjizara.hr\/wp-content\/uploads\/2024\/08\/Alen_Jugovic_Marina_Zanne_Juraj_Buksa_Ekonomika_brodarstva_webknjizara_redak_WEB_1516.jpg","contentUrl":"https:\/\/webknjizara.hr\/wp-content\/uploads\/2024\/08\/Alen_Jugovic_Marina_Zanne_Juraj_Buksa_Ekonomika_brodarstva_webknjizara_redak_WEB_1516.jpg","width":300,"height":419},{"@type":"BreadcrumbList","@id":"https:\/\/webknjizara.hr\/proizvod\/ekonomika-brodarstva-alen-jugovic-marina-zanne-juraj-buksa\/#breadcrumb","itemListElement":[{"@type":"ListItem","position":1,"name":"Po\u010detna stranica","item":"https:\/\/webknjizara.hr\/en\/"},{"@type":"ListItem","position":2,"name":"Shop","item":"https:\/\/webknjizara.hr\/shop\/"},{"@type":"ListItem","position":3,"name":"EKONOMIKA BRODARSTVA, Alen Jugovi\u0107, Marina Zanne, Juraj Buk\u0161a"}]},{"@type":"WebSite","@id":"https:\/\/webknjizara.hr\/#website","url":"https:\/\/webknjizara.hr\/","name":"Web Knji\u017eara","description":"","publisher":{"@id":"https:\/\/webknjizara.hr\/#organization"},"potentialAction":[{"@type":"SearchAction","target":{"@type":"EntryPoint","urlTemplate":"https:\/\/webknjizara.hr\/?s={search_term_string}"},"query-input":{"@type":"PropertyValueSpecification","valueRequired":true,"valueName":"search_term_string"}}],"inLanguage":"en-US"},{"@type":"Organization","@id":"https:\/\/webknjizara.hr\/#organization","name":"REDAK D.O.O.","url":"https:\/\/webknjizara.hr\/","logo":{"@type":"ImageObject","inLanguage":"en-US","@id":"https:\/\/webknjizara.hr\/#\/schema\/logo\/image\/","url":"https:\/\/webknjizara.hr\/wp-content\/uploads\/2023\/01\/web-knjizara-logo.webp","contentUrl":"https:\/\/webknjizara.hr\/wp-content\/uploads\/2023\/01\/web-knjizara-logo.webp","width":324,"height":79,"caption":"REDAK D.O.O."},"image":{"@id":"https:\/\/webknjizara.hr\/#\/schema\/logo\/image\/"}}]}},"_links":{"self":[{"href":"https:\/\/webknjizara.hr\/en\/wp-json\/wp\/v2\/product\/17317","targetHints":{"allow":["GET"]}}],"collection":[{"href":"https:\/\/webknjizara.hr\/en\/wp-json\/wp\/v2\/product"}],"about":[{"href":"https:\/\/webknjizara.hr\/en\/wp-json\/wp\/v2\/types\/product"}],"replies":[{"embeddable":true,"href":"https:\/\/webknjizara.hr\/en\/wp-json\/wp\/v2\/comments?post=17317"}],"wp:featuredmedia":[{"embeddable":true,"href":"https:\/\/webknjizara.hr\/en\/wp-json\/wp\/v2\/media\/17318"}],"wp:attachment":[{"href":"https:\/\/webknjizara.hr\/en\/wp-json\/wp\/v2\/media?parent=17317"}],"wp:term":[{"taxonomy":"product_brand","embeddable":true,"href":"https:\/\/webknjizara.hr\/en\/wp-json\/wp\/v2\/product_brand?post=17317"},{"taxonomy":"product_cat","embeddable":true,"href":"https:\/\/webknjizara.hr\/en\/wp-json\/wp\/v2\/product_cat?post=17317"},{"taxonomy":"product_tag","embeddable":true,"href":"https:\/\/webknjizara.hr\/en\/wp-json\/wp\/v2\/product_tag?post=17317"}],"curies":[{"name":"wp","href":"https:\/\/api.w.org\/{rel}","templated":true}]}}