{"id":17242,"date":"2024-07-22T12:14:45","date_gmt":"2024-07-22T10:14:45","guid":{"rendered":"https:\/\/webknjizara.hr\/?post_type=product&#038;p=17242"},"modified":"2024-07-22T12:20:40","modified_gmt":"2024-07-22T10:20:40","slug":"gigantomahija-matea-tunjic","status":"publish","type":"product","link":"https:\/\/webknjizara.hr\/en\/proizvod\/gigantomahija-matea-tunjic\/","title":{"rendered":"GIGANTOMAHIJA, Matea Tunji\u0107"},"content":{"rendered":"<p lang=\"hr-HR\"><span style=\"font-family: Arial, sans-serif;\"><span style=\"font-size: medium;\">\u00a0 \u00a0 \u00a0 \u00a0 \u00a0<\/span><\/span><\/p>\n<p lang=\"hr-HR\"><a name=\"__DdeLink__17_254203036\"><\/a>\u00a0 \u00a0 \u00a0 \u00a0 \u00a0 \u00a0<span style=\"font-family: Arial, sans-serif;\"><span style=\"font-size: medium;\">Ana Kolar, autorica bloga Blogledalo, napisala je nekoliko rije\u010di o knjizi:<\/span><\/span><\/p>\n<p><a name=\"_GoBack1\"><\/a>\u00a0 \u00a0 \u00a0 \u00a0 \u00a0 \u00a0<span style=\"font-family: Arial, sans-serif;\"><span style=\"font-size: medium;\"><span lang=\"hr-HR\">U gr\u010dkoj je mitologiji gigantomahija gotovo uzaludna borba izme\u0111u giganata. Vje\u010dita opre\u010dnost i snaga obaju strana. Ne \u010dudi stoga da je Matea Tunji\u0107 ba\u0161 to ime izabrala za svoju zbirku poezije. Stihovi su to koji pro\u017eimaju du\u0161u, um i tijelo. Zapo\u010dev\u0161i zbirku krajem ili zavr\u0161iv\u0161i po\u010detkom, u stihovima vri\u0161ti strast \u010dak i kad je u njima tuga ili bol poraza. <\/span><\/span><\/span><span style=\"font-family: Arial, sans-serif;\"><span style=\"font-size: medium;\"><span lang=\"it-IT\">Opipljiva i karnalna strast i dalje stanuje u tim tijelima. Sva su postoje\u0107a osjetila dodirnuta i nabijena pa se tako ljubav \u010duje i kad je apsolutna ti\u0161ina. \u017dudnja se namiri\u0161e i na daljinu. Sjeta se osjeti u otkucajima srca, a sre\u0107a se vidi u najdubljim uglovima o\u010diju. \u010cak i kad su kalendari, satovi i kilometri van svojih pravila, kao da je zakonom utvr\u0111eno da su ljubav i strast koja s njom dolazi sveprisutne. U bilo koje doba dana ili no\u0107i, mjeseca ili godine, na kojem god meridijanu bili u Njenim pretklijetkama i klijetkama te\u010de \u017eudnja. Stih po stih, \u017eudnja po \u017eudnja, bez stajanja i sustezanja, sama sebi ple\u0161e po uspomenama, na trenutke isprepletenih tijela, u vrtlogu strasti koja, ponavljam, curi iz redaka ove zbirke. I taman kad pomisli\u0161 da se samo o ljubavnoj strasti radi, nalete stihovi o borbi izme\u0111u danjeg svjetla i no\u0107nog mraka, plesu \u017eivota i opro\u0161taju od istog. Kao neki zavr\u0161etak, ali ne nalik onome na po\u010detku. Ovaj je manje gorak, iako u potpunosti realan i o\u010dekivan. Svemu do\u0111e kraj, kako ljubavi i strasti, tako i \u017eivotu i stihovima. Barem do idu\u0107e Mateine zbirke koju \u017eeljno i\u0161\u010dekujem. <\/span><\/span><\/span><\/p>\n<p><span style=\"font-family: Arial, sans-serif;\"><span style=\"font-size: medium;\"><span lang=\"it-IT\">\u00a0 \u00a0 \u00a0 \u00a0 \u00a0 Kruno \u0160afrani\u0107, urednik stranice Pisci i Knji\u017eevnost, napisao je nekoliko rije\u010di o knjizi:<\/span><\/span><\/span><\/p>\n<p><span style=\"font-family: Arial, sans-serif;\"><span style=\"font-size: medium;\"><span lang=\"it-IT\">\u00a0 \u00a0 \u00a0 \u00a0 \u00a0 Stihove Matee Tunji\u0107 mo\u017eemo opisati jednom rije\u010dju \u2013 strast. Gotovo da mo\u017eemo opipati tu strast u stihovima koji vrve od emocija, ljubavi, \u017eudnje, sre\u0107e, tuge&#8230; Prikaz re\u010denog je pjesma <\/span><\/span><\/span><span style=\"font-family: Arial, sans-serif;\"><span style=\"font-size: medium;\"><span lang=\"it-IT\"><i>Govor ljubavi<\/i><\/span><\/span><\/span><span style=\"font-family: Arial, sans-serif;\"><span style=\"font-size: medium;\"><span lang=\"it-IT\">:<\/span><\/span><\/span><\/p>\n<p lang=\"it-IT\"><span style=\"font-family: Arial, sans-serif;\"><span style=\"font-size: medium;\"><i>\u00a0 \u00a0 \u00a0 \u00a0 \u00a0 Govorit \u0107e ti o ljubavi,<\/i><\/span><\/span><\/p>\n<p lang=\"it-IT\"><span style=\"font-family: Arial, sans-serif;\"><span style=\"font-size: medium;\"><i>\u00a0 \u00a0 \u00a0 \u00a0 \u00a0 O pompi, o ki\u010du, o bini.<\/i><\/span><\/span><\/p>\n<p lang=\"es-ES\"><span style=\"font-family: Arial, sans-serif;\"><span style=\"font-size: medium;\"><i>\u00a0 \u00a0 \u00a0 \u00a0 \u00a0 A ljubav se najja\u010de<\/i><\/span><\/span><\/p>\n<p lang=\"es-ES\"><span style=\"font-family: Arial, sans-serif;\"><span style=\"font-size: medium;\"><i>\u00a0 \u00a0 \u00a0 \u00a0 \u00a0\u010cuje u ti\u0161ini.<\/i><\/span><\/span><\/p>\n<p lang=\"it-IT\"><span style=\"font-family: Arial, sans-serif;\"><span style=\"font-size: medium;\">\u00a0 \u00a0 \u00a0 \u00a0 \u00a0 U njezinim stihovima prona\u0107i \u0107emo i ti\u0161inu. Nije to obi\u010dna ti\u0161ina, ve\u0107 ti\u0161ina pro\u017eeta ve\u0107 spomenutim emocijama, a najvi\u0161e se iznova isti\u010de \u017eudnja. Poput vrhunskog \u017eonglera, igra se emocijama, uvodi nas u svoj svijet stihova kojima ne \u017eelimo vidjeti kraj, ve\u0107 \u010deznemo da potraju dugo, dugo&#8230; <\/span><\/span><\/p>\n<p><span style=\"font-family: Arial, sans-serif;\"><span style=\"font-size: medium;\"><span lang=\"it-IT\">\u00a0 \u00a0 \u00a0 \u00a0 \u00a0 Nakon svega, pro\u017eimaju nas trnci, mo\u017eemo osjetiti ono \u0161to smo pro\u010ditali. Jesmo li tek na po\u010detku? Tek onda slijedi ono najbolje. Stil pisanja ono je \u0161to mi se posebno svidjelo u autori\u010dinim pjesmama. Najbolje to reprezentira pjesma <\/span><\/span><\/span><span style=\"font-family: Arial, sans-serif;\"><span style=\"font-size: medium;\"><span lang=\"it-IT\"><i>Ti, moj<\/i><\/span><\/span><\/span><span style=\"font-family: Arial, sans-serif;\"><span style=\"font-size: medium;\"><span lang=\"it-IT\">:<\/span><\/span><\/span><\/p>\n<p lang=\"it-IT\"><span style=\"font-family: Arial, sans-serif;\"><span style=\"font-size: medium;\"><i>\u00a0 \u00a0 \u00a0 \u00a0 \u00a0 Ti.<\/i><\/span><\/span><\/p>\n<p lang=\"it-IT\"><span style=\"font-family: Arial, sans-serif;\"><span style=\"font-size: medium;\"><i>\u00a0 \u00a0 \u00a0 \u00a0 \u00a0 Moj vje\u010dno skriveni nemir.<\/i><\/span><\/span><\/p>\n<p lang=\"es-ES\"><span style=\"font-family: Arial, sans-serif;\"><span style=\"font-size: medium;\"><i>\u00a0 \u00a0 \u00a0 \u00a0 \u00a0 Moje neumorno mo\u017eda.<\/i><\/span><\/span><\/p>\n<p lang=\"es-ES\"><span style=\"font-family: Arial, sans-serif;\"><span style=\"font-size: medium;\"><i>\u00a0 \u00a0 \u00a0 \u00a0 \u00a0 Iznenada prekinut san<\/i><\/span><\/span><\/p>\n<p lang=\"es-ES\"><span style=\"font-family: Arial, sans-serif;\"><span style=\"font-size: medium;\"><i>\u00a0 \u00a0 \u00a0 \u00a0 \u00a0 U sred poljupca<\/i><\/span><\/span><\/p>\n<p lang=\"es-ES\"><span style=\"font-family: Arial, sans-serif;\"><span style=\"font-size: medium;\"><i>\u00a0 \u00a0 \u00a0 \u00a0 \u00a0 Nagla java<\/i><\/span><\/span><\/p>\n<p lang=\"es-ES\"><span style=\"font-family: Arial, sans-serif;\"><span style=\"font-size: medium;\"><i>\u00a0 \u00a0 \u00a0 \u00a0 \u00a0 Kad je najsla\u0111e<\/i><\/span><\/span><\/p>\n<p lang=\"es-ES\"><span style=\"font-family: Arial, sans-serif;\"><span style=\"font-size: medium;\"><i>\u00a0 \u00a0 \u00a0 \u00a0 \u00a0 Kad ti prstima<\/i><\/span><\/span><\/p>\n<p lang=\"es-ES\"><span style=\"font-family: Arial, sans-serif;\"><span style=\"font-size: medium;\"><i>\u00a0 \u00a0 \u00a0 \u00a0 \u00a0 Grlim du\u0161u.<\/i><\/span><\/span><\/p>\n<p><a name=\"_GoBack2\"><\/a>\u00a0 \u00a0 \u00a0 \u00a0 \u00a0 \u00a0<span style=\"font-family: Arial, sans-serif;\"><span style=\"font-size: medium;\"><span lang=\"es-ES\">Ovo je knjiga poezije koja je gotovo opipljiva, stihove gotovo mo\u017eete osjetiti, kako \u010ditaju\u0107i, tako i gledaju\u0107i. Ova ilustrirana zbirka vizualna je poslastica. Moje iskrene preporuke.<\/span><\/span><\/span><\/p>\n<p lang=\"es-ES\"><span style=\"font-family: Arial, sans-serif;\"><span style=\"font-size: medium;\">\u00a0 \u00a0 \u00a0 \u00a0 \u00a0 Ugodno \u010ditanje!<\/span><\/span><\/p>\n<p><span style=\"font-family: Arial, sans-serif;\"><span lang=\"hr-HR\"><b>Bilje\u0161ka o autorici: <\/b><\/span><\/span><\/p>\n<p><span style=\"font-family: Arial, sans-serif;\"><span style=\"font-size: medium;\"><span lang=\"es-ES\">Matea Tunji\u0107 ro\u0111ena je 1999. u Tuzli. U rodnom je gradu poha\u0111ala osnovnu \u0161kolu i op\u0107u gimnaziju, zavr\u0161iv\u0161i je kao u\u010denica generacije. Po zavr\u0161etku srednjo\u0161kolskog obrazovanja, 2018. seli se u Zagreb i upisuje studij latinskog jezika i knji\u017eevnosti i filozofije na Filozofskom fakultetu Sveu\u010dili\u0161ta u Zagrebu. Diplomski studij latinskog jezika i knji\u017eevnosti i filozofije zavr\u0161ava 2023. osvojiv\u0161i nagrade za izvrstan uspjeh na preddiplomskom i diplomskom studiju latinskog jezika i knji\u017eevnosti i diplomskom studiju filozofije. Trenutno \u017eivi i radi u Zagrebu, a u slobodno vrijeme \u010dita knjige, pi\u0161e i vodi kolumnu <\/span><\/span><\/span><span style=\"font-family: Arial, sans-serif;\"><span style=\"font-size: medium;\"><span lang=\"es-ES\"><i>Knji\u0161ke mrvice<\/i><\/span><\/span><\/span><span style=\"font-family: Arial, sans-serif;\"><span style=\"font-size: medium;\"><span lang=\"es-ES\">.<\/span><\/span><\/span><\/p>\n<p><span style=\"font-family: Arial, sans-serif;\"><span lang=\"hr-HR\"><b>Link: <\/b><\/span><\/span><span style=\"color: #0000ff;\"><u><a href=\"https:\/\/www.instagram.com\/tunjiic\/?hl=hr\"><span style=\"color: #000000;\">https:\/\/www.instagram.com\/tunjiic\/?hl=hr<\/span><\/a><\/u><\/span><\/p>\n<p><span style=\"font-family: Arial, sans-serif;\"><span lang=\"hr-HR\"><b>E-mail: <\/b><\/span><\/span><a href=\"http:\/\/MAILTO:mateatunjic90@gmail.com\" target=\"_blank\" rel=\"noopener\"><span style=\"color: #000000;\"><span style=\"font-family: Arial, sans-serif;\">Matea Tunji\u0107<\/span><\/span><\/a><\/p>\n<p>&nbsp;<\/p>\n<p><strong><span style=\"font-family: Arial, sans-serif;\"><span lang=\"hr-HR\">Naslov: <\/span><\/span><\/strong><strong><span style=\"font-family: Arial, sans-serif;\">Gigantomahija<\/span><\/strong><span style=\"font-family: Arial, sans-serif;\"><span lang=\"hr-HR\"><br \/>\n<\/span><\/span><strong><span style=\"font-family: Arial, sans-serif;\"><span lang=\"hr-HR\">Autor\/autorica:<\/span><\/span><\/strong> <span style=\"font-family: Arial, sans-serif;\">Matea Tunji\u0107<\/span><span style=\"font-family: Arial, sans-serif;\"><span lang=\"hr-HR\"><br \/>\n<\/span><\/span><strong><span style=\"font-family: Arial, sans-serif;\"><span lang=\"hr-HR\">Broj stranica: <\/span><\/span><\/strong><span style=\"font-family: Arial, sans-serif;\"><span lang=\"\">100<\/span><\/span><span style=\"font-family: Arial, sans-serif;\"><span lang=\"hr-HR\"><br \/>\n<\/span><\/span><strong><span style=\"font-family: Arial, sans-serif;\"><span lang=\"hr-HR\">Nakladnik: <\/span><\/span><\/strong><strong><span style=\"font-family: Arial, sans-serif;\">REDAK<\/span><\/strong><span style=\"font-family: Arial, sans-serif;\"><span lang=\"hr-HR\"><br \/>\n<\/span><\/span><strong><span style=\"font-family: Arial, sans-serif;\"><span lang=\"hr-HR\">Godina izdanja: <\/span><\/span><\/strong><strong><span style=\"font-family: Arial, sans-serif;\">2024.<\/span><\/strong><strong><span style=\"font-family: Arial, sans-serif;\"><span lang=\"hr-HR\">.<br \/>\n<\/span><\/span><\/strong><strong><span style=\"font-family: Arial, sans-serif;\"><span lang=\"hr-HR\">ISBN:<\/span><\/span><\/strong> <span style=\"font-family: Arial, sans-serif;\">978-953-395-006-8<\/span><span style=\"font-family: Arial, sans-serif;\"><span lang=\"hr-HR\"><br \/>\n<\/span><\/span><strong><span style=\"font-family: Arial, sans-serif;\"><span lang=\"hr-HR\">Tisak:<\/span><\/span><\/strong><span style=\"font-family: Arial, sans-serif;\"><span lang=\"hr-HR\"> digitalni tisak knjiga &#8211; print na zahtjev<\/span><\/span><\/p>\n","protected":false},"excerpt":{"rendered":"<p>\u00a0 \u00a0 \u00a0 \u00a0 \u00a0 \u00a0 \u00a0 \u00a0 \u00a0 \u00a0 \u00a0Ana Kolar, autorica bloga Blogledalo, napisala je nekoliko rije\u010di o knjizi: \u00a0 \u00a0 \u00a0 \u00a0 \u00a0 \u00a0U gr\u010dkoj je mitologiji gigantomahija gotovo uzaludna borba izme\u0111u giganata. Vje\u010dita opre\u010dnost i snaga obaju strana. Ne \u010dudi stoga da je Matea Tunji\u0107 ba\u0161 to ime izabrala za svoju [&hellip;]<\/p>\n","protected":false},"featured_media":17243,"comment_status":"open","ping_status":"closed","template":"","meta":{"_acf_changed":false},"product_brand":[],"product_cat":[1510,1388],"product_tag":[],"class_list":{"0":"post-17242","1":"product","2":"type-product","3":"status-publish","4":"has-post-thumbnail","6":"product_cat-nekategorizirane","7":"product_cat-poezija","8":"pa_autor-matea-tunjic","9":"pa_nakladnik-redak","11":"first","12":"instock","13":"shipping-taxable","14":"purchasable","15":"product-type-simple"},"acf":[],"yoast_head":"<!-- This site is optimized with the Yoast SEO plugin v27.3 - https:\/\/yoast.com\/product\/yoast-seo-wordpress\/ -->\n<title>GIGANTOMAHIJA, Matea Tunji\u0107 - Web-knji\u017eara<\/title>\n<meta name=\"robots\" content=\"index, follow, max-snippet:-1, max-image-preview:large, max-video-preview:-1\" \/>\n<link rel=\"canonical\" href=\"https:\/\/webknjizara.hr\/proizvod\/gigantomahija-matea-tunjic\/\" \/>\n<meta property=\"og:locale\" content=\"en_US\" \/>\n<meta property=\"og:type\" content=\"article\" \/>\n<meta property=\"og:title\" content=\"GIGANTOMAHIJA, Matea Tunji\u0107 - Web-knji\u017eara\" \/>\n<meta property=\"og:description\" content=\"\u00a0 \u00a0 \u00a0 \u00a0 \u00a0 \u00a0 \u00a0 \u00a0 \u00a0 \u00a0 \u00a0Ana Kolar, autorica bloga Blogledalo, napisala je nekoliko rije\u010di o knjizi: \u00a0 \u00a0 \u00a0 \u00a0 \u00a0 \u00a0U gr\u010dkoj je mitologiji gigantomahija gotovo uzaludna borba izme\u0111u giganata. Vje\u010dita opre\u010dnost i snaga obaju strana. Ne \u010dudi stoga da je Matea Tunji\u0107 ba\u0161 to ime izabrala za svoju [&hellip;]\" \/>\n<meta property=\"og:url\" content=\"https:\/\/webknjizara.hr\/proizvod\/gigantomahija-matea-tunjic\/\" \/>\n<meta property=\"og:site_name\" content=\"Web-knji\u017eara\" \/>\n<meta property=\"article:modified_time\" content=\"2024-07-22T10:20:40+00:00\" \/>\n<meta property=\"og:image\" content=\"https:\/\/webknjizara.hr\/wp-content\/uploads\/2024\/07\/Matea_Tunjic_Gigantomahija_webknjizara_redak_WEB_1583.jpg\" \/>\n\t<meta property=\"og:image:width\" content=\"300\" \/>\n\t<meta property=\"og:image:height\" content=\"419\" \/>\n\t<meta property=\"og:image:type\" content=\"image\/jpeg\" \/>\n<meta name=\"twitter:card\" content=\"summary_large_image\" \/>\n<meta name=\"twitter:label1\" content=\"Est. reading time\" \/>\n\t<meta name=\"twitter:data1\" content=\"4 minutes\" \/>\n<script type=\"application\/ld+json\" class=\"yoast-schema-graph\">{\"@context\":\"https:\\\/\\\/schema.org\",\"@graph\":[{\"@type\":\"WebPage\",\"@id\":\"https:\\\/\\\/webknjizara.hr\\\/proizvod\\\/gigantomahija-matea-tunjic\\\/\",\"url\":\"https:\\\/\\\/webknjizara.hr\\\/proizvod\\\/gigantomahija-matea-tunjic\\\/\",\"name\":\"GIGANTOMAHIJA, Matea Tunji\u0107 - Web-knji\u017eara\",\"isPartOf\":{\"@id\":\"https:\\\/\\\/webknjizara.hr\\\/#website\"},\"primaryImageOfPage\":{\"@id\":\"https:\\\/\\\/webknjizara.hr\\\/proizvod\\\/gigantomahija-matea-tunjic\\\/#primaryimage\"},\"image\":{\"@id\":\"https:\\\/\\\/webknjizara.hr\\\/proizvod\\\/gigantomahija-matea-tunjic\\\/#primaryimage\"},\"thumbnailUrl\":\"https:\\\/\\\/webknjizara.hr\\\/wp-content\\\/uploads\\\/2024\\\/07\\\/Matea_Tunjic_Gigantomahija_webknjizara_redak_WEB_1583.jpg\",\"datePublished\":\"2024-07-22T10:14:45+00:00\",\"dateModified\":\"2024-07-22T10:20:40+00:00\",\"breadcrumb\":{\"@id\":\"https:\\\/\\\/webknjizara.hr\\\/proizvod\\\/gigantomahija-matea-tunjic\\\/#breadcrumb\"},\"inLanguage\":\"en-US\",\"potentialAction\":[{\"@type\":\"ReadAction\",\"target\":[\"https:\\\/\\\/webknjizara.hr\\\/proizvod\\\/gigantomahija-matea-tunjic\\\/\"]}]},{\"@type\":\"ImageObject\",\"inLanguage\":\"en-US\",\"@id\":\"https:\\\/\\\/webknjizara.hr\\\/proizvod\\\/gigantomahija-matea-tunjic\\\/#primaryimage\",\"url\":\"https:\\\/\\\/webknjizara.hr\\\/wp-content\\\/uploads\\\/2024\\\/07\\\/Matea_Tunjic_Gigantomahija_webknjizara_redak_WEB_1583.jpg\",\"contentUrl\":\"https:\\\/\\\/webknjizara.hr\\\/wp-content\\\/uploads\\\/2024\\\/07\\\/Matea_Tunjic_Gigantomahija_webknjizara_redak_WEB_1583.jpg\",\"width\":300,\"height\":419},{\"@type\":\"BreadcrumbList\",\"@id\":\"https:\\\/\\\/webknjizara.hr\\\/proizvod\\\/gigantomahija-matea-tunjic\\\/#breadcrumb\",\"itemListElement\":[{\"@type\":\"ListItem\",\"position\":1,\"name\":\"Po\u010detna stranica\",\"item\":\"https:\\\/\\\/webknjizara.hr\\\/en\\\/\"},{\"@type\":\"ListItem\",\"position\":2,\"name\":\"Shop\",\"item\":\"https:\\\/\\\/webknjizara.hr\\\/shop\\\/\"},{\"@type\":\"ListItem\",\"position\":3,\"name\":\"GIGANTOMAHIJA, Matea Tunji\u0107\"}]},{\"@type\":\"WebSite\",\"@id\":\"https:\\\/\\\/webknjizara.hr\\\/#website\",\"url\":\"https:\\\/\\\/webknjizara.hr\\\/\",\"name\":\"Web Knji\u017eara\",\"description\":\"\",\"publisher\":{\"@id\":\"https:\\\/\\\/webknjizara.hr\\\/#organization\"},\"potentialAction\":[{\"@type\":\"SearchAction\",\"target\":{\"@type\":\"EntryPoint\",\"urlTemplate\":\"https:\\\/\\\/webknjizara.hr\\\/?s={search_term_string}\"},\"query-input\":{\"@type\":\"PropertyValueSpecification\",\"valueRequired\":true,\"valueName\":\"search_term_string\"}}],\"inLanguage\":\"en-US\"},{\"@type\":\"Organization\",\"@id\":\"https:\\\/\\\/webknjizara.hr\\\/#organization\",\"name\":\"REDAK D.O.O.\",\"url\":\"https:\\\/\\\/webknjizara.hr\\\/\",\"logo\":{\"@type\":\"ImageObject\",\"inLanguage\":\"en-US\",\"@id\":\"https:\\\/\\\/webknjizara.hr\\\/#\\\/schema\\\/logo\\\/image\\\/\",\"url\":\"https:\\\/\\\/webknjizara.hr\\\/wp-content\\\/uploads\\\/2023\\\/01\\\/web-knjizara-logo.webp\",\"contentUrl\":\"https:\\\/\\\/webknjizara.hr\\\/wp-content\\\/uploads\\\/2023\\\/01\\\/web-knjizara-logo.webp\",\"width\":324,\"height\":79,\"caption\":\"REDAK D.O.O.\"},\"image\":{\"@id\":\"https:\\\/\\\/webknjizara.hr\\\/#\\\/schema\\\/logo\\\/image\\\/\"}}]}<\/script>\n<!-- \/ Yoast SEO plugin. -->","yoast_head_json":{"title":"GIGANTOMAHIJA, Matea Tunji\u0107 - Web-knji\u017eara","robots":{"index":"index","follow":"follow","max-snippet":"max-snippet:-1","max-image-preview":"max-image-preview:large","max-video-preview":"max-video-preview:-1"},"canonical":"https:\/\/webknjizara.hr\/proizvod\/gigantomahija-matea-tunjic\/","og_locale":"en_US","og_type":"article","og_title":"GIGANTOMAHIJA, Matea Tunji\u0107 - Web-knji\u017eara","og_description":"\u00a0 \u00a0 \u00a0 \u00a0 \u00a0 \u00a0 \u00a0 \u00a0 \u00a0 \u00a0 \u00a0Ana Kolar, autorica bloga Blogledalo, napisala je nekoliko rije\u010di o knjizi: \u00a0 \u00a0 \u00a0 \u00a0 \u00a0 \u00a0U gr\u010dkoj je mitologiji gigantomahija gotovo uzaludna borba izme\u0111u giganata. Vje\u010dita opre\u010dnost i snaga obaju strana. Ne \u010dudi stoga da je Matea Tunji\u0107 ba\u0161 to ime izabrala za svoju [&hellip;]","og_url":"https:\/\/webknjizara.hr\/proizvod\/gigantomahija-matea-tunjic\/","og_site_name":"Web-knji\u017eara","article_modified_time":"2024-07-22T10:20:40+00:00","og_image":[{"width":300,"height":419,"url":"https:\/\/webknjizara.hr\/wp-content\/uploads\/2024\/07\/Matea_Tunjic_Gigantomahija_webknjizara_redak_WEB_1583.jpg","type":"image\/jpeg"}],"twitter_card":"summary_large_image","twitter_misc":{"Est. reading time":"4 minutes"},"schema":{"@context":"https:\/\/schema.org","@graph":[{"@type":"WebPage","@id":"https:\/\/webknjizara.hr\/proizvod\/gigantomahija-matea-tunjic\/","url":"https:\/\/webknjizara.hr\/proizvod\/gigantomahija-matea-tunjic\/","name":"GIGANTOMAHIJA, Matea Tunji\u0107 - Web-knji\u017eara","isPartOf":{"@id":"https:\/\/webknjizara.hr\/#website"},"primaryImageOfPage":{"@id":"https:\/\/webknjizara.hr\/proizvod\/gigantomahija-matea-tunjic\/#primaryimage"},"image":{"@id":"https:\/\/webknjizara.hr\/proizvod\/gigantomahija-matea-tunjic\/#primaryimage"},"thumbnailUrl":"https:\/\/webknjizara.hr\/wp-content\/uploads\/2024\/07\/Matea_Tunjic_Gigantomahija_webknjizara_redak_WEB_1583.jpg","datePublished":"2024-07-22T10:14:45+00:00","dateModified":"2024-07-22T10:20:40+00:00","breadcrumb":{"@id":"https:\/\/webknjizara.hr\/proizvod\/gigantomahija-matea-tunjic\/#breadcrumb"},"inLanguage":"en-US","potentialAction":[{"@type":"ReadAction","target":["https:\/\/webknjizara.hr\/proizvod\/gigantomahija-matea-tunjic\/"]}]},{"@type":"ImageObject","inLanguage":"en-US","@id":"https:\/\/webknjizara.hr\/proizvod\/gigantomahija-matea-tunjic\/#primaryimage","url":"https:\/\/webknjizara.hr\/wp-content\/uploads\/2024\/07\/Matea_Tunjic_Gigantomahija_webknjizara_redak_WEB_1583.jpg","contentUrl":"https:\/\/webknjizara.hr\/wp-content\/uploads\/2024\/07\/Matea_Tunjic_Gigantomahija_webknjizara_redak_WEB_1583.jpg","width":300,"height":419},{"@type":"BreadcrumbList","@id":"https:\/\/webknjizara.hr\/proizvod\/gigantomahija-matea-tunjic\/#breadcrumb","itemListElement":[{"@type":"ListItem","position":1,"name":"Po\u010detna stranica","item":"https:\/\/webknjizara.hr\/en\/"},{"@type":"ListItem","position":2,"name":"Shop","item":"https:\/\/webknjizara.hr\/shop\/"},{"@type":"ListItem","position":3,"name":"GIGANTOMAHIJA, Matea Tunji\u0107"}]},{"@type":"WebSite","@id":"https:\/\/webknjizara.hr\/#website","url":"https:\/\/webknjizara.hr\/","name":"Web Knji\u017eara","description":"","publisher":{"@id":"https:\/\/webknjizara.hr\/#organization"},"potentialAction":[{"@type":"SearchAction","target":{"@type":"EntryPoint","urlTemplate":"https:\/\/webknjizara.hr\/?s={search_term_string}"},"query-input":{"@type":"PropertyValueSpecification","valueRequired":true,"valueName":"search_term_string"}}],"inLanguage":"en-US"},{"@type":"Organization","@id":"https:\/\/webknjizara.hr\/#organization","name":"REDAK D.O.O.","url":"https:\/\/webknjizara.hr\/","logo":{"@type":"ImageObject","inLanguage":"en-US","@id":"https:\/\/webknjizara.hr\/#\/schema\/logo\/image\/","url":"https:\/\/webknjizara.hr\/wp-content\/uploads\/2023\/01\/web-knjizara-logo.webp","contentUrl":"https:\/\/webknjizara.hr\/wp-content\/uploads\/2023\/01\/web-knjizara-logo.webp","width":324,"height":79,"caption":"REDAK D.O.O."},"image":{"@id":"https:\/\/webknjizara.hr\/#\/schema\/logo\/image\/"}}]}},"_links":{"self":[{"href":"https:\/\/webknjizara.hr\/en\/wp-json\/wp\/v2\/product\/17242","targetHints":{"allow":["GET"]}}],"collection":[{"href":"https:\/\/webknjizara.hr\/en\/wp-json\/wp\/v2\/product"}],"about":[{"href":"https:\/\/webknjizara.hr\/en\/wp-json\/wp\/v2\/types\/product"}],"replies":[{"embeddable":true,"href":"https:\/\/webknjizara.hr\/en\/wp-json\/wp\/v2\/comments?post=17242"}],"wp:featuredmedia":[{"embeddable":true,"href":"https:\/\/webknjizara.hr\/en\/wp-json\/wp\/v2\/media\/17243"}],"wp:attachment":[{"href":"https:\/\/webknjizara.hr\/en\/wp-json\/wp\/v2\/media?parent=17242"}],"wp:term":[{"taxonomy":"product_brand","embeddable":true,"href":"https:\/\/webknjizara.hr\/en\/wp-json\/wp\/v2\/product_brand?post=17242"},{"taxonomy":"product_cat","embeddable":true,"href":"https:\/\/webknjizara.hr\/en\/wp-json\/wp\/v2\/product_cat?post=17242"},{"taxonomy":"product_tag","embeddable":true,"href":"https:\/\/webknjizara.hr\/en\/wp-json\/wp\/v2\/product_tag?post=17242"}],"curies":[{"name":"wp","href":"https:\/\/api.w.org\/{rel}","templated":true}]}}