{"id":17050,"date":"2024-06-11T15:54:58","date_gmt":"2024-06-11T13:54:58","guid":{"rendered":"https:\/\/webknjizara.hr\/?post_type=product&#038;p=17050"},"modified":"2024-06-11T15:54:59","modified_gmt":"2024-06-11T13:54:59","slug":"komuniciram-dakle-prodajem-renata-skarpa","status":"publish","type":"product","link":"https:\/\/webknjizara.hr\/en\/proizvod\/komuniciram-dakle-prodajem-renata-skarpa\/","title":{"rendered":"KOMUNICIRAM, DAKLE, PRODAJEM, Renata \u0160karpa"},"content":{"rendered":"<p lang=\"hr-HR\">Knjiga \u201eKomuniciram, dakle, prodajem\u201c bavi se temama s podru\u010dja direktne prodaje, marketinga i prodajne komunikacije.<\/p>\n<p lang=\"hr-HR\">Citati iz knjige na temu prodaje: \u201ePonuda je dobra onoliko koliko ste sposobni oko nje stvoriti pri\u010du.\u201c, \u201eProdaja je ponajprije oblik komunikacije.\u201c, \u201eOptimizam je najbolja prodajna vje\u0161tina.\u201c, \u201eProdaja je kreativnost trenutka, dok je marketing kreativno tra\u017eenje trenutaka.\u201c<\/p>\n<p><span lang=\"hr-HR\">Citati iz knjige na temu marketinga: \u201eProdaja je s Marsa, a marketing je s Venere.\u201c, \u201eAko je tvrtka poput automobila, onda je marketing gorivo za tvrtku.\u201c, \u201eMarketing treba biti najaktivniji zaposlenik svake tvrtke.\u201c, \u201eUlaganje u marketing je kao ulaganje u va\u0161eg top-igra\u010da.\u201c, \u201eAko nemate \u0161picu u napadu, kako mislite pobje\u0111ivati?\u201c<\/span><\/p>\n<p><span lang=\"hr-HR\">Citati iz knjige na temu komunikacije: \u201eKomunikacija je najstabilnija valuta jer joj nikada ne pada vrijednost.\u201c, \u201eAko niste poplo\u010dali na\u010din komunikacije unutar tvrtke, stalno \u0107ete kroz ne\u0161to propadati.\u201c, \u201eDa je dobra komunikacija laka za svladavanje, ve\u0107ina tvrtki bi prema\u0161ivala godi\u0161nje ciljeve.\u201c, \u201eKako s ljudima komunicirate, takve rezultate i dobijete.\u201c<\/span><\/p>\n<p>&nbsp;<\/p>\n<p><span style=\"font-family: Arial, sans-serif;\"><span lang=\"hr-HR\"><b>Bilje\u0161ka o autorici: <\/b><\/span><\/span><\/p>\n<p lang=\"hr-HR\">Renata \u0160karpa napisala je dvije knjige s podru\u010dja ekonomije. Prva knjiga \u201eProdaja iz prve ruke\u201d izdana je u nakladni\u0161tvu tvrtke Redak 2023. godine. Obje knjige baziraju se na osobnom iskustvu rada u prodaji. Autorica knjige radi kao voditelj odjela prodaje u medijskoj ku\u0107i u Zagrebu. U 2024. godini njezine kolumne se objavljuju u \u010dasopisu Poduzetnik, u rubrici Prodajna abeceda.<\/p>\n<p><span style=\"font-family: Arial, sans-serif;\"><span lang=\"hr-HR\"><b>E-mail: <\/b><\/span><\/span><a href=\"http:\/\/MAILTO:prodajaizprveruke@gmail.com\" target=\"_blank\" rel=\"noopener\"><span style=\"color: #000000;\"><span style=\"font-family: Arial, sans-serif;\">Renata \u0160karpa<\/span><\/span><\/a><\/p>\n<p>&nbsp;<\/p>\n<p><strong><span style=\"font-family: Arial, sans-serif;\"><span lang=\"hr-HR\">Naslov: <\/span><\/span><\/strong><strong><span style=\"font-family: Arial, sans-serif;\">Komuniciram, dakle, prodajem<\/span><\/strong><span style=\"font-family: Arial, sans-serif;\"><span lang=\"hr-HR\"><br \/>\n<\/span><\/span><strong><span style=\"font-family: Arial, sans-serif;\"><span lang=\"hr-HR\">Autorica:<\/span><\/span><\/strong> <span style=\"font-family: Arial, sans-serif;\">Renata \u0160karpa<\/span><span style=\"font-family: Arial, sans-serif;\"><span lang=\"hr-HR\"><br \/>\n<\/span><\/span><strong><span style=\"font-family: Arial, sans-serif;\"><span lang=\"hr-HR\">Broj stranica: <\/span><\/span><\/strong><span style=\"font-family: Arial, sans-serif;\"><span lang=\"\">122<\/span><\/span><span style=\"font-family: Arial, sans-serif;\"><span lang=\"hr-HR\"><br \/>\n<\/span><\/span><strong><span style=\"font-family: Arial, sans-serif;\"><span lang=\"hr-HR\">Nakladnik: <\/span><\/span><\/strong><strong><span style=\"font-family: Arial, sans-serif;\">REDAK<\/span><\/strong><span style=\"font-family: Arial, sans-serif;\"><span lang=\"hr-HR\"><br \/>\n<\/span><\/span><strong><span style=\"font-family: Arial, sans-serif;\"><span lang=\"hr-HR\">Godina izdanja: <\/span><\/span><\/strong><strong><span style=\"font-family: Arial, sans-serif;\">2024.<\/span><\/strong><strong><span style=\"font-family: Arial, sans-serif;\"><span lang=\"hr-HR\"><br \/>\n<\/span><\/span><\/strong><strong><span style=\"font-family: Arial, sans-serif;\"><span lang=\"hr-HR\">ISBN:<\/span><\/span><\/strong> <span style=\"font-family: Arial, sans-serif;\">978-953-395-003-7<\/span><span style=\"font-family: Arial, sans-serif;\"><span lang=\"hr-HR\"><br \/>\n<\/span><\/span><strong><span style=\"font-family: Arial, sans-serif;\"><span lang=\"hr-HR\">Tisak:<\/span><\/span><\/strong><span style=\"font-family: Arial, sans-serif;\"><span lang=\"hr-HR\"> digitalni tisak knjiga &#8211; print na zahtjev<\/span><\/span><\/p>\n","protected":false},"excerpt":{"rendered":"<p>Knjiga \u201eKomuniciram, dakle, prodajem\u201c bavi se temama s podru\u010dja direktne prodaje, marketinga i prodajne komunikacije. Citati iz knjige na temu prodaje: \u201ePonuda je dobra onoliko koliko ste sposobni oko nje stvoriti pri\u010du.\u201c, \u201eProdaja je ponajprije oblik komunikacije.\u201c, \u201eOptimizam je najbolja prodajna vje\u0161tina.\u201c, \u201eProdaja je kreativnost trenutka, dok je marketing kreativno tra\u017eenje trenutaka.\u201c Citati iz knjige [&hellip;]<\/p>\n","protected":false},"featured_media":17051,"comment_status":"open","ping_status":"closed","template":"","meta":{"_acf_changed":false},"product_brand":[],"product_cat":[1384],"product_tag":[],"class_list":{"0":"post-17050","1":"product","2":"type-product","3":"status-publish","4":"has-post-thumbnail","6":"product_cat-ekonomija","7":"pa_autor-renata-skarpa","8":"pa_nakladnik-redak","10":"first","11":"instock","12":"shipping-taxable","13":"purchasable","14":"product-type-simple"},"acf":[],"yoast_head":"<!-- This site is optimized with the Yoast SEO plugin v27.3 - https:\/\/yoast.com\/product\/yoast-seo-wordpress\/ -->\n<title>KOMUNICIRAM, DAKLE, PRODAJEM, Renata \u0160karpa - Web-knji\u017eara<\/title>\n<meta name=\"robots\" content=\"index, follow, max-snippet:-1, max-image-preview:large, max-video-preview:-1\" \/>\n<link rel=\"canonical\" href=\"https:\/\/webknjizara.hr\/proizvod\/komuniciram-dakle-prodajem-renata-skarpa\/\" \/>\n<meta property=\"og:locale\" content=\"en_US\" \/>\n<meta property=\"og:type\" content=\"article\" \/>\n<meta property=\"og:title\" content=\"KOMUNICIRAM, DAKLE, PRODAJEM, Renata \u0160karpa - Web-knji\u017eara\" \/>\n<meta property=\"og:description\" content=\"Knjiga \u201eKomuniciram, dakle, prodajem\u201c bavi se temama s podru\u010dja direktne prodaje, marketinga i prodajne komunikacije. Citati iz knjige na temu prodaje: \u201ePonuda je dobra onoliko koliko ste sposobni oko nje stvoriti pri\u010du.\u201c, \u201eProdaja je ponajprije oblik komunikacije.\u201c, \u201eOptimizam je najbolja prodajna vje\u0161tina.\u201c, \u201eProdaja je kreativnost trenutka, dok je marketing kreativno tra\u017eenje trenutaka.\u201c Citati iz knjige [&hellip;]\" \/>\n<meta property=\"og:url\" content=\"https:\/\/webknjizara.hr\/proizvod\/komuniciram-dakle-prodajem-renata-skarpa\/\" \/>\n<meta property=\"og:site_name\" content=\"Web-knji\u017eara\" \/>\n<meta property=\"article:modified_time\" content=\"2024-06-11T13:54:59+00:00\" \/>\n<meta property=\"og:image\" content=\"https:\/\/webknjizara.hr\/wp-content\/uploads\/2024\/06\/Renata_Skarpa_Komuniciram_dakle_prodajem_webknjizara_redak_WEB_1578.jpg\" \/>\n\t<meta property=\"og:image:width\" content=\"300\" \/>\n\t<meta property=\"og:image:height\" content=\"419\" \/>\n\t<meta property=\"og:image:type\" content=\"image\/jpeg\" \/>\n<meta name=\"twitter:card\" content=\"summary_large_image\" \/>\n<meta name=\"twitter:label1\" content=\"Est. reading time\" \/>\n\t<meta name=\"twitter:data1\" content=\"2 minutes\" \/>\n<script type=\"application\/ld+json\" class=\"yoast-schema-graph\">{\"@context\":\"https:\\\/\\\/schema.org\",\"@graph\":[{\"@type\":\"WebPage\",\"@id\":\"https:\\\/\\\/webknjizara.hr\\\/proizvod\\\/komuniciram-dakle-prodajem-renata-skarpa\\\/\",\"url\":\"https:\\\/\\\/webknjizara.hr\\\/proizvod\\\/komuniciram-dakle-prodajem-renata-skarpa\\\/\",\"name\":\"KOMUNICIRAM, DAKLE, PRODAJEM, Renata \u0160karpa - Web-knji\u017eara\",\"isPartOf\":{\"@id\":\"https:\\\/\\\/webknjizara.hr\\\/#website\"},\"primaryImageOfPage\":{\"@id\":\"https:\\\/\\\/webknjizara.hr\\\/proizvod\\\/komuniciram-dakle-prodajem-renata-skarpa\\\/#primaryimage\"},\"image\":{\"@id\":\"https:\\\/\\\/webknjizara.hr\\\/proizvod\\\/komuniciram-dakle-prodajem-renata-skarpa\\\/#primaryimage\"},\"thumbnailUrl\":\"https:\\\/\\\/webknjizara.hr\\\/wp-content\\\/uploads\\\/2024\\\/06\\\/Renata_Skarpa_Komuniciram_dakle_prodajem_webknjizara_redak_WEB_1578.jpg\",\"datePublished\":\"2024-06-11T13:54:58+00:00\",\"dateModified\":\"2024-06-11T13:54:59+00:00\",\"breadcrumb\":{\"@id\":\"https:\\\/\\\/webknjizara.hr\\\/proizvod\\\/komuniciram-dakle-prodajem-renata-skarpa\\\/#breadcrumb\"},\"inLanguage\":\"en-US\",\"potentialAction\":[{\"@type\":\"ReadAction\",\"target\":[\"https:\\\/\\\/webknjizara.hr\\\/proizvod\\\/komuniciram-dakle-prodajem-renata-skarpa\\\/\"]}]},{\"@type\":\"ImageObject\",\"inLanguage\":\"en-US\",\"@id\":\"https:\\\/\\\/webknjizara.hr\\\/proizvod\\\/komuniciram-dakle-prodajem-renata-skarpa\\\/#primaryimage\",\"url\":\"https:\\\/\\\/webknjizara.hr\\\/wp-content\\\/uploads\\\/2024\\\/06\\\/Renata_Skarpa_Komuniciram_dakle_prodajem_webknjizara_redak_WEB_1578.jpg\",\"contentUrl\":\"https:\\\/\\\/webknjizara.hr\\\/wp-content\\\/uploads\\\/2024\\\/06\\\/Renata_Skarpa_Komuniciram_dakle_prodajem_webknjizara_redak_WEB_1578.jpg\",\"width\":300,\"height\":419},{\"@type\":\"BreadcrumbList\",\"@id\":\"https:\\\/\\\/webknjizara.hr\\\/proizvod\\\/komuniciram-dakle-prodajem-renata-skarpa\\\/#breadcrumb\",\"itemListElement\":[{\"@type\":\"ListItem\",\"position\":1,\"name\":\"Po\u010detna stranica\",\"item\":\"https:\\\/\\\/webknjizara.hr\\\/en\\\/\"},{\"@type\":\"ListItem\",\"position\":2,\"name\":\"Shop\",\"item\":\"https:\\\/\\\/webknjizara.hr\\\/shop\\\/\"},{\"@type\":\"ListItem\",\"position\":3,\"name\":\"KOMUNICIRAM, DAKLE, PRODAJEM, Renata \u0160karpa\"}]},{\"@type\":\"WebSite\",\"@id\":\"https:\\\/\\\/webknjizara.hr\\\/#website\",\"url\":\"https:\\\/\\\/webknjizara.hr\\\/\",\"name\":\"Web Knji\u017eara\",\"description\":\"\",\"publisher\":{\"@id\":\"https:\\\/\\\/webknjizara.hr\\\/#organization\"},\"potentialAction\":[{\"@type\":\"SearchAction\",\"target\":{\"@type\":\"EntryPoint\",\"urlTemplate\":\"https:\\\/\\\/webknjizara.hr\\\/?s={search_term_string}\"},\"query-input\":{\"@type\":\"PropertyValueSpecification\",\"valueRequired\":true,\"valueName\":\"search_term_string\"}}],\"inLanguage\":\"en-US\"},{\"@type\":\"Organization\",\"@id\":\"https:\\\/\\\/webknjizara.hr\\\/#organization\",\"name\":\"REDAK D.O.O.\",\"url\":\"https:\\\/\\\/webknjizara.hr\\\/\",\"logo\":{\"@type\":\"ImageObject\",\"inLanguage\":\"en-US\",\"@id\":\"https:\\\/\\\/webknjizara.hr\\\/#\\\/schema\\\/logo\\\/image\\\/\",\"url\":\"https:\\\/\\\/webknjizara.hr\\\/wp-content\\\/uploads\\\/2023\\\/01\\\/web-knjizara-logo.webp\",\"contentUrl\":\"https:\\\/\\\/webknjizara.hr\\\/wp-content\\\/uploads\\\/2023\\\/01\\\/web-knjizara-logo.webp\",\"width\":324,\"height\":79,\"caption\":\"REDAK D.O.O.\"},\"image\":{\"@id\":\"https:\\\/\\\/webknjizara.hr\\\/#\\\/schema\\\/logo\\\/image\\\/\"}}]}<\/script>\n<!-- \/ Yoast SEO plugin. -->","yoast_head_json":{"title":"KOMUNICIRAM, DAKLE, PRODAJEM, Renata \u0160karpa - Web-knji\u017eara","robots":{"index":"index","follow":"follow","max-snippet":"max-snippet:-1","max-image-preview":"max-image-preview:large","max-video-preview":"max-video-preview:-1"},"canonical":"https:\/\/webknjizara.hr\/proizvod\/komuniciram-dakle-prodajem-renata-skarpa\/","og_locale":"en_US","og_type":"article","og_title":"KOMUNICIRAM, DAKLE, PRODAJEM, Renata \u0160karpa - Web-knji\u017eara","og_description":"Knjiga \u201eKomuniciram, dakle, prodajem\u201c bavi se temama s podru\u010dja direktne prodaje, marketinga i prodajne komunikacije. Citati iz knjige na temu prodaje: \u201ePonuda je dobra onoliko koliko ste sposobni oko nje stvoriti pri\u010du.\u201c, \u201eProdaja je ponajprije oblik komunikacije.\u201c, \u201eOptimizam je najbolja prodajna vje\u0161tina.\u201c, \u201eProdaja je kreativnost trenutka, dok je marketing kreativno tra\u017eenje trenutaka.\u201c Citati iz knjige [&hellip;]","og_url":"https:\/\/webknjizara.hr\/proizvod\/komuniciram-dakle-prodajem-renata-skarpa\/","og_site_name":"Web-knji\u017eara","article_modified_time":"2024-06-11T13:54:59+00:00","og_image":[{"width":300,"height":419,"url":"https:\/\/webknjizara.hr\/wp-content\/uploads\/2024\/06\/Renata_Skarpa_Komuniciram_dakle_prodajem_webknjizara_redak_WEB_1578.jpg","type":"image\/jpeg"}],"twitter_card":"summary_large_image","twitter_misc":{"Est. reading time":"2 minutes"},"schema":{"@context":"https:\/\/schema.org","@graph":[{"@type":"WebPage","@id":"https:\/\/webknjizara.hr\/proizvod\/komuniciram-dakle-prodajem-renata-skarpa\/","url":"https:\/\/webknjizara.hr\/proizvod\/komuniciram-dakle-prodajem-renata-skarpa\/","name":"KOMUNICIRAM, DAKLE, PRODAJEM, Renata \u0160karpa - Web-knji\u017eara","isPartOf":{"@id":"https:\/\/webknjizara.hr\/#website"},"primaryImageOfPage":{"@id":"https:\/\/webknjizara.hr\/proizvod\/komuniciram-dakle-prodajem-renata-skarpa\/#primaryimage"},"image":{"@id":"https:\/\/webknjizara.hr\/proizvod\/komuniciram-dakle-prodajem-renata-skarpa\/#primaryimage"},"thumbnailUrl":"https:\/\/webknjizara.hr\/wp-content\/uploads\/2024\/06\/Renata_Skarpa_Komuniciram_dakle_prodajem_webknjizara_redak_WEB_1578.jpg","datePublished":"2024-06-11T13:54:58+00:00","dateModified":"2024-06-11T13:54:59+00:00","breadcrumb":{"@id":"https:\/\/webknjizara.hr\/proizvod\/komuniciram-dakle-prodajem-renata-skarpa\/#breadcrumb"},"inLanguage":"en-US","potentialAction":[{"@type":"ReadAction","target":["https:\/\/webknjizara.hr\/proizvod\/komuniciram-dakle-prodajem-renata-skarpa\/"]}]},{"@type":"ImageObject","inLanguage":"en-US","@id":"https:\/\/webknjizara.hr\/proizvod\/komuniciram-dakle-prodajem-renata-skarpa\/#primaryimage","url":"https:\/\/webknjizara.hr\/wp-content\/uploads\/2024\/06\/Renata_Skarpa_Komuniciram_dakle_prodajem_webknjizara_redak_WEB_1578.jpg","contentUrl":"https:\/\/webknjizara.hr\/wp-content\/uploads\/2024\/06\/Renata_Skarpa_Komuniciram_dakle_prodajem_webknjizara_redak_WEB_1578.jpg","width":300,"height":419},{"@type":"BreadcrumbList","@id":"https:\/\/webknjizara.hr\/proizvod\/komuniciram-dakle-prodajem-renata-skarpa\/#breadcrumb","itemListElement":[{"@type":"ListItem","position":1,"name":"Po\u010detna stranica","item":"https:\/\/webknjizara.hr\/en\/"},{"@type":"ListItem","position":2,"name":"Shop","item":"https:\/\/webknjizara.hr\/shop\/"},{"@type":"ListItem","position":3,"name":"KOMUNICIRAM, DAKLE, PRODAJEM, Renata \u0160karpa"}]},{"@type":"WebSite","@id":"https:\/\/webknjizara.hr\/#website","url":"https:\/\/webknjizara.hr\/","name":"Web Knji\u017eara","description":"","publisher":{"@id":"https:\/\/webknjizara.hr\/#organization"},"potentialAction":[{"@type":"SearchAction","target":{"@type":"EntryPoint","urlTemplate":"https:\/\/webknjizara.hr\/?s={search_term_string}"},"query-input":{"@type":"PropertyValueSpecification","valueRequired":true,"valueName":"search_term_string"}}],"inLanguage":"en-US"},{"@type":"Organization","@id":"https:\/\/webknjizara.hr\/#organization","name":"REDAK D.O.O.","url":"https:\/\/webknjizara.hr\/","logo":{"@type":"ImageObject","inLanguage":"en-US","@id":"https:\/\/webknjizara.hr\/#\/schema\/logo\/image\/","url":"https:\/\/webknjizara.hr\/wp-content\/uploads\/2023\/01\/web-knjizara-logo.webp","contentUrl":"https:\/\/webknjizara.hr\/wp-content\/uploads\/2023\/01\/web-knjizara-logo.webp","width":324,"height":79,"caption":"REDAK D.O.O."},"image":{"@id":"https:\/\/webknjizara.hr\/#\/schema\/logo\/image\/"}}]}},"_links":{"self":[{"href":"https:\/\/webknjizara.hr\/en\/wp-json\/wp\/v2\/product\/17050","targetHints":{"allow":["GET"]}}],"collection":[{"href":"https:\/\/webknjizara.hr\/en\/wp-json\/wp\/v2\/product"}],"about":[{"href":"https:\/\/webknjizara.hr\/en\/wp-json\/wp\/v2\/types\/product"}],"replies":[{"embeddable":true,"href":"https:\/\/webknjizara.hr\/en\/wp-json\/wp\/v2\/comments?post=17050"}],"wp:featuredmedia":[{"embeddable":true,"href":"https:\/\/webknjizara.hr\/en\/wp-json\/wp\/v2\/media\/17051"}],"wp:attachment":[{"href":"https:\/\/webknjizara.hr\/en\/wp-json\/wp\/v2\/media?parent=17050"}],"wp:term":[{"taxonomy":"product_brand","embeddable":true,"href":"https:\/\/webknjizara.hr\/en\/wp-json\/wp\/v2\/product_brand?post=17050"},{"taxonomy":"product_cat","embeddable":true,"href":"https:\/\/webknjizara.hr\/en\/wp-json\/wp\/v2\/product_cat?post=17050"},{"taxonomy":"product_tag","embeddable":true,"href":"https:\/\/webknjizara.hr\/en\/wp-json\/wp\/v2\/product_tag?post=17050"}],"curies":[{"name":"wp","href":"https:\/\/api.w.org\/{rel}","templated":true}]}}