{"id":16937,"date":"2024-05-23T12:59:58","date_gmt":"2024-05-23T10:59:58","guid":{"rendered":"https:\/\/webknjizara.hr\/?post_type=product&#038;p=16937"},"modified":"2024-05-23T12:59:59","modified_gmt":"2024-05-23T10:59:59","slug":"misljenja-i-upute-iz-poreznog-i-prekrsajnog-postupka-10f-2023-grupa-autora","status":"publish","type":"product","link":"https:\/\/webknjizara.hr\/en\/proizvod\/misljenja-i-upute-iz-poreznog-i-prekrsajnog-postupka-10f-2023-grupa-autora\/","title":{"rendered":"MI\u0160LJENJA I UPUTE IZ POREZNOG I PREKR\u0160AJNOG POSTUPKA (10F\/2023), Grupa autora"},"content":{"rendered":"<p><span lang=\"hr-HR\">Priru\u010dnik sadr\u017ei aktualna mi\u0161ljenja i upute Sredi\u0161njeg ureda od 2015. do 2023. te je vrijedan i koristan putokaz u radu u poreznim predmetima, kojim \u0107e se koristiti kako slu\u017ebenici tako i porezni obveznici.<\/span><\/p>\n<p lang=\"es-ES\">Mi\u0161ljenja su podijeljena po sljede\u0107im kategorijama te slijede formu OPZ-a:<\/p>\n<ul>\n<li>\n<p lang=\"hr-HR\">Poglavlje I. Porezno-pravni odnos<\/p>\n<\/li>\n<li>\n<p lang=\"hr-HR\">Poglavlje II. Porezno-du\u017eni\u010dki odnos<\/p>\n<\/li>\n<li>\n<p lang=\"hr-HR\">Poglavlje III. Op\u0107e postupovne odredbe<\/p>\n<\/li>\n<li>\n<p lang=\"hr-HR\">Poglavlje IV. Ovr\u0161ni postupak<\/p>\n<\/li>\n<li>\n<p lang=\"hr-HR\">Poglavlje VI. Pravni lijek<\/p>\n<\/li>\n<li>\n<p lang=\"hr-HR\">Poglavlje VII. Prekr\u0161ajne odredbe<\/p>\n<\/li>\n<li>\n<p lang=\"hr-HR\">Razna mi\u0161ljenja i upute vezana uz porezne i prekr\u0161ajne postupke<\/p>\n<\/li>\n<\/ul>\n<p><span style=\"font-family: Arial, sans-serif;\"><span lang=\"hr-HR\"><b>E-mail: <\/b><\/span><\/span><span style=\"color: #000000;\"><a href=\"http:\/\/MAILTO:martina.fabris@ijf.hr\" target=\"_blank\" rel=\"noopener\">Kontakt autora<\/a><\/p>\n<p><\/span><\/p>\n<p><strong><span style=\"font-family: Arial, sans-serif;\"><span lang=\"hr-HR\">Naslov: <\/span><\/span><\/strong><strong><span style=\"font-family: Arial, sans-serif;\">Mi\u0161ljenja i upute iz poreznog i prekr\u0161ajnog postupka (10f\/2023)<\/span><\/strong><span style=\"font-family: Arial, sans-serif;\"><span lang=\"hr-HR\"><br \/>\n<\/span><\/span><strong><span style=\"font-family: Arial, sans-serif;\"><span lang=\"hr-HR\">Autor\/autorica:<\/span><\/span><\/strong> <span style=\"font-family: Arial, sans-serif;\">Igor Jagni\u0107, Lorana Kostelac, Dina Lon\u010dari\u0107, Petar Plevnik, Marijana Zlatar Gulan<\/span><span style=\"font-family: Arial, sans-serif;\"><span lang=\"hr-HR\"><br \/>\n<\/span><\/span><strong><span style=\"font-family: Arial, sans-serif;\"><span lang=\"hr-HR\">Broj stranica: <\/span><\/span><\/strong><span style=\"font-family: Arial, sans-serif;\"><span lang=\"\">226<\/span><\/span><span style=\"font-family: Arial, sans-serif;\"><span lang=\"hr-HR\"><br \/>\n<\/span><\/span><strong><span style=\"font-family: Arial, sans-serif;\"><span lang=\"hr-HR\">Nakladnik: <\/span><\/span><\/strong><strong><span style=\"font-family: Arial, sans-serif;\">Institut za javne financije, Zagreb<\/span><\/strong><span style=\"font-family: Arial, sans-serif;\"><span lang=\"hr-HR\"><br \/>\n<\/span><\/span><strong><span style=\"font-family: Arial, sans-serif;\"><span lang=\"hr-HR\">Godina izdanja: <\/span><\/span><\/strong><strong><span style=\"font-family: Arial, sans-serif;\">2024.<\/span><\/strong><strong><span style=\"font-family: Arial, sans-serif;\"><span lang=\"hr-HR\">.<br \/>\n<\/span><\/span><\/strong><strong><span style=\"font-family: Arial, sans-serif;\">ISBN:<\/span><\/strong><span style=\"font-family: Arial, sans-serif;\"> 1333-073X<br \/>\n<\/span><strong><span style=\"font-family: Arial, sans-serif;\">Tisak:<\/span><\/strong><span style=\"font-family: Arial, sans-serif;\"> digitalni tisak knjiga &#8211; print na zahtjev<\/span><\/p>\n","protected":false},"excerpt":{"rendered":"<p>Priru\u010dnik sadr\u017ei aktualna mi\u0161ljenja i upute Sredi\u0161njeg ureda od 2015. do 2023. te je vrijedan i koristan putokaz u radu u poreznim predmetima, kojim \u0107e se koristiti kako slu\u017ebenici tako i porezni obveznici. Mi\u0161ljenja su podijeljena po sljede\u0107im kategorijama te slijede formu OPZ-a: Poglavlje I. Porezno-pravni odnos Poglavlje II. Porezno-du\u017eni\u010dki odnos Poglavlje III. Op\u0107e postupovne [&hellip;]<\/p>\n","protected":false},"featured_media":16938,"comment_status":"open","ping_status":"closed","template":"","meta":{"_acf_changed":false},"product_brand":[],"product_cat":[2425,1384],"product_tag":[],"class_list":{"0":"post-16937","1":"product","2":"type-product","3":"status-publish","4":"has-post-thumbnail","6":"product_cat-znanstveno-strucne-publikacije","7":"product_cat-ekonomija","8":"pa_autor-dina-loncaric","9":"pa_autor-igor-jagnic","10":"pa_autor-lorana-kostelac","11":"pa_autor-marijana-zlatar-gulan","12":"pa_autor-petar-plevnik","13":"pa_nakladnik-institut-za-javne-financije-zagreb","15":"first","16":"instock","17":"shipping-taxable","18":"purchasable","19":"product-type-simple"},"acf":[],"yoast_head":"<!-- This site is optimized with the Yoast SEO plugin v27.3 - https:\/\/yoast.com\/product\/yoast-seo-wordpress\/ -->\n<title>MI\u0160LJENJA I UPUTE IZ POREZNOG I PREKR\u0160AJNOG POSTUPKA (10F\/2023), Grupa autora - Web-knji\u017eara<\/title>\n<meta name=\"robots\" content=\"index, follow, max-snippet:-1, max-image-preview:large, max-video-preview:-1\" \/>\n<link rel=\"canonical\" href=\"https:\/\/webknjizara.hr\/proizvod\/misljenja-i-upute-iz-poreznog-i-prekrsajnog-postupka-10f-2023-grupa-autora\/\" \/>\n<meta property=\"og:locale\" content=\"en_US\" \/>\n<meta property=\"og:type\" content=\"article\" \/>\n<meta property=\"og:title\" content=\"MI\u0160LJENJA I UPUTE IZ POREZNOG I PREKR\u0160AJNOG POSTUPKA (10F\/2023), Grupa autora - Web-knji\u017eara\" \/>\n<meta property=\"og:description\" content=\"Priru\u010dnik sadr\u017ei aktualna mi\u0161ljenja i upute Sredi\u0161njeg ureda od 2015. do 2023. te je vrijedan i koristan putokaz u radu u poreznim predmetima, kojim \u0107e se koristiti kako slu\u017ebenici tako i porezni obveznici. Mi\u0161ljenja su podijeljena po sljede\u0107im kategorijama te slijede formu OPZ-a: Poglavlje I. Porezno-pravni odnos Poglavlje II. Porezno-du\u017eni\u010dki odnos Poglavlje III. Op\u0107e postupovne [&hellip;]\" \/>\n<meta property=\"og:url\" content=\"https:\/\/webknjizara.hr\/proizvod\/misljenja-i-upute-iz-poreznog-i-prekrsajnog-postupka-10f-2023-grupa-autora\/\" \/>\n<meta property=\"og:site_name\" content=\"Web-knji\u017eara\" \/>\n<meta property=\"article:modified_time\" content=\"2024-05-23T10:59:59+00:00\" \/>\n<meta property=\"og:image\" content=\"https:\/\/webknjizara.hr\/wp-content\/uploads\/2024\/05\/Misljenja_i_upute_iz_poreznog_i_prekrsajnog_postupka_10f-2023_webknjizara_redak_WEB_1572.jpg\" \/>\n\t<meta property=\"og:image:width\" content=\"300\" \/>\n\t<meta property=\"og:image:height\" content=\"419\" \/>\n\t<meta property=\"og:image:type\" content=\"image\/jpeg\" \/>\n<meta name=\"twitter:card\" content=\"summary_large_image\" \/>\n<meta name=\"twitter:label1\" content=\"Est. reading time\" \/>\n\t<meta name=\"twitter:data1\" content=\"1 minute\" \/>\n<script type=\"application\/ld+json\" class=\"yoast-schema-graph\">{\"@context\":\"https:\\\/\\\/schema.org\",\"@graph\":[{\"@type\":\"WebPage\",\"@id\":\"https:\\\/\\\/webknjizara.hr\\\/proizvod\\\/misljenja-i-upute-iz-poreznog-i-prekrsajnog-postupka-10f-2023-grupa-autora\\\/\",\"url\":\"https:\\\/\\\/webknjizara.hr\\\/proizvod\\\/misljenja-i-upute-iz-poreznog-i-prekrsajnog-postupka-10f-2023-grupa-autora\\\/\",\"name\":\"MI\u0160LJENJA I UPUTE IZ POREZNOG I PREKR\u0160AJNOG POSTUPKA (10F\\\/2023), Grupa autora - Web-knji\u017eara\",\"isPartOf\":{\"@id\":\"https:\\\/\\\/webknjizara.hr\\\/#website\"},\"primaryImageOfPage\":{\"@id\":\"https:\\\/\\\/webknjizara.hr\\\/proizvod\\\/misljenja-i-upute-iz-poreznog-i-prekrsajnog-postupka-10f-2023-grupa-autora\\\/#primaryimage\"},\"image\":{\"@id\":\"https:\\\/\\\/webknjizara.hr\\\/proizvod\\\/misljenja-i-upute-iz-poreznog-i-prekrsajnog-postupka-10f-2023-grupa-autora\\\/#primaryimage\"},\"thumbnailUrl\":\"https:\\\/\\\/webknjizara.hr\\\/wp-content\\\/uploads\\\/2024\\\/05\\\/Misljenja_i_upute_iz_poreznog_i_prekrsajnog_postupka_10f-2023_webknjizara_redak_WEB_1572.jpg\",\"datePublished\":\"2024-05-23T10:59:58+00:00\",\"dateModified\":\"2024-05-23T10:59:59+00:00\",\"breadcrumb\":{\"@id\":\"https:\\\/\\\/webknjizara.hr\\\/proizvod\\\/misljenja-i-upute-iz-poreznog-i-prekrsajnog-postupka-10f-2023-grupa-autora\\\/#breadcrumb\"},\"inLanguage\":\"en-US\",\"potentialAction\":[{\"@type\":\"ReadAction\",\"target\":[\"https:\\\/\\\/webknjizara.hr\\\/proizvod\\\/misljenja-i-upute-iz-poreznog-i-prekrsajnog-postupka-10f-2023-grupa-autora\\\/\"]}]},{\"@type\":\"ImageObject\",\"inLanguage\":\"en-US\",\"@id\":\"https:\\\/\\\/webknjizara.hr\\\/proizvod\\\/misljenja-i-upute-iz-poreznog-i-prekrsajnog-postupka-10f-2023-grupa-autora\\\/#primaryimage\",\"url\":\"https:\\\/\\\/webknjizara.hr\\\/wp-content\\\/uploads\\\/2024\\\/05\\\/Misljenja_i_upute_iz_poreznog_i_prekrsajnog_postupka_10f-2023_webknjizara_redak_WEB_1572.jpg\",\"contentUrl\":\"https:\\\/\\\/webknjizara.hr\\\/wp-content\\\/uploads\\\/2024\\\/05\\\/Misljenja_i_upute_iz_poreznog_i_prekrsajnog_postupka_10f-2023_webknjizara_redak_WEB_1572.jpg\",\"width\":300,\"height\":419},{\"@type\":\"BreadcrumbList\",\"@id\":\"https:\\\/\\\/webknjizara.hr\\\/proizvod\\\/misljenja-i-upute-iz-poreznog-i-prekrsajnog-postupka-10f-2023-grupa-autora\\\/#breadcrumb\",\"itemListElement\":[{\"@type\":\"ListItem\",\"position\":1,\"name\":\"Po\u010detna stranica\",\"item\":\"https:\\\/\\\/webknjizara.hr\\\/en\\\/\"},{\"@type\":\"ListItem\",\"position\":2,\"name\":\"Shop\",\"item\":\"https:\\\/\\\/webknjizara.hr\\\/shop\\\/\"},{\"@type\":\"ListItem\",\"position\":3,\"name\":\"MI\u0160LJENJA I UPUTE IZ POREZNOG I PREKR\u0160AJNOG POSTUPKA (10F\\\/2023), Grupa autora\"}]},{\"@type\":\"WebSite\",\"@id\":\"https:\\\/\\\/webknjizara.hr\\\/#website\",\"url\":\"https:\\\/\\\/webknjizara.hr\\\/\",\"name\":\"Web Knji\u017eara\",\"description\":\"\",\"publisher\":{\"@id\":\"https:\\\/\\\/webknjizara.hr\\\/#organization\"},\"potentialAction\":[{\"@type\":\"SearchAction\",\"target\":{\"@type\":\"EntryPoint\",\"urlTemplate\":\"https:\\\/\\\/webknjizara.hr\\\/?s={search_term_string}\"},\"query-input\":{\"@type\":\"PropertyValueSpecification\",\"valueRequired\":true,\"valueName\":\"search_term_string\"}}],\"inLanguage\":\"en-US\"},{\"@type\":\"Organization\",\"@id\":\"https:\\\/\\\/webknjizara.hr\\\/#organization\",\"name\":\"REDAK D.O.O.\",\"url\":\"https:\\\/\\\/webknjizara.hr\\\/\",\"logo\":{\"@type\":\"ImageObject\",\"inLanguage\":\"en-US\",\"@id\":\"https:\\\/\\\/webknjizara.hr\\\/#\\\/schema\\\/logo\\\/image\\\/\",\"url\":\"https:\\\/\\\/webknjizara.hr\\\/wp-content\\\/uploads\\\/2023\\\/01\\\/web-knjizara-logo.webp\",\"contentUrl\":\"https:\\\/\\\/webknjizara.hr\\\/wp-content\\\/uploads\\\/2023\\\/01\\\/web-knjizara-logo.webp\",\"width\":324,\"height\":79,\"caption\":\"REDAK D.O.O.\"},\"image\":{\"@id\":\"https:\\\/\\\/webknjizara.hr\\\/#\\\/schema\\\/logo\\\/image\\\/\"}}]}<\/script>\n<!-- \/ Yoast SEO plugin. -->","yoast_head_json":{"title":"MI\u0160LJENJA I UPUTE IZ POREZNOG I PREKR\u0160AJNOG POSTUPKA (10F\/2023), Grupa autora - Web-knji\u017eara","robots":{"index":"index","follow":"follow","max-snippet":"max-snippet:-1","max-image-preview":"max-image-preview:large","max-video-preview":"max-video-preview:-1"},"canonical":"https:\/\/webknjizara.hr\/proizvod\/misljenja-i-upute-iz-poreznog-i-prekrsajnog-postupka-10f-2023-grupa-autora\/","og_locale":"en_US","og_type":"article","og_title":"MI\u0160LJENJA I UPUTE IZ POREZNOG I PREKR\u0160AJNOG POSTUPKA (10F\/2023), Grupa autora - Web-knji\u017eara","og_description":"Priru\u010dnik sadr\u017ei aktualna mi\u0161ljenja i upute Sredi\u0161njeg ureda od 2015. do 2023. te je vrijedan i koristan putokaz u radu u poreznim predmetima, kojim \u0107e se koristiti kako slu\u017ebenici tako i porezni obveznici. Mi\u0161ljenja su podijeljena po sljede\u0107im kategorijama te slijede formu OPZ-a: Poglavlje I. Porezno-pravni odnos Poglavlje II. Porezno-du\u017eni\u010dki odnos Poglavlje III. Op\u0107e postupovne [&hellip;]","og_url":"https:\/\/webknjizara.hr\/proizvod\/misljenja-i-upute-iz-poreznog-i-prekrsajnog-postupka-10f-2023-grupa-autora\/","og_site_name":"Web-knji\u017eara","article_modified_time":"2024-05-23T10:59:59+00:00","og_image":[{"width":300,"height":419,"url":"https:\/\/webknjizara.hr\/wp-content\/uploads\/2024\/05\/Misljenja_i_upute_iz_poreznog_i_prekrsajnog_postupka_10f-2023_webknjizara_redak_WEB_1572.jpg","type":"image\/jpeg"}],"twitter_card":"summary_large_image","twitter_misc":{"Est. reading time":"1 minute"},"schema":{"@context":"https:\/\/schema.org","@graph":[{"@type":"WebPage","@id":"https:\/\/webknjizara.hr\/proizvod\/misljenja-i-upute-iz-poreznog-i-prekrsajnog-postupka-10f-2023-grupa-autora\/","url":"https:\/\/webknjizara.hr\/proizvod\/misljenja-i-upute-iz-poreznog-i-prekrsajnog-postupka-10f-2023-grupa-autora\/","name":"MI\u0160LJENJA I UPUTE IZ POREZNOG I PREKR\u0160AJNOG POSTUPKA (10F\/2023), Grupa autora - Web-knji\u017eara","isPartOf":{"@id":"https:\/\/webknjizara.hr\/#website"},"primaryImageOfPage":{"@id":"https:\/\/webknjizara.hr\/proizvod\/misljenja-i-upute-iz-poreznog-i-prekrsajnog-postupka-10f-2023-grupa-autora\/#primaryimage"},"image":{"@id":"https:\/\/webknjizara.hr\/proizvod\/misljenja-i-upute-iz-poreznog-i-prekrsajnog-postupka-10f-2023-grupa-autora\/#primaryimage"},"thumbnailUrl":"https:\/\/webknjizara.hr\/wp-content\/uploads\/2024\/05\/Misljenja_i_upute_iz_poreznog_i_prekrsajnog_postupka_10f-2023_webknjizara_redak_WEB_1572.jpg","datePublished":"2024-05-23T10:59:58+00:00","dateModified":"2024-05-23T10:59:59+00:00","breadcrumb":{"@id":"https:\/\/webknjizara.hr\/proizvod\/misljenja-i-upute-iz-poreznog-i-prekrsajnog-postupka-10f-2023-grupa-autora\/#breadcrumb"},"inLanguage":"en-US","potentialAction":[{"@type":"ReadAction","target":["https:\/\/webknjizara.hr\/proizvod\/misljenja-i-upute-iz-poreznog-i-prekrsajnog-postupka-10f-2023-grupa-autora\/"]}]},{"@type":"ImageObject","inLanguage":"en-US","@id":"https:\/\/webknjizara.hr\/proizvod\/misljenja-i-upute-iz-poreznog-i-prekrsajnog-postupka-10f-2023-grupa-autora\/#primaryimage","url":"https:\/\/webknjizara.hr\/wp-content\/uploads\/2024\/05\/Misljenja_i_upute_iz_poreznog_i_prekrsajnog_postupka_10f-2023_webknjizara_redak_WEB_1572.jpg","contentUrl":"https:\/\/webknjizara.hr\/wp-content\/uploads\/2024\/05\/Misljenja_i_upute_iz_poreznog_i_prekrsajnog_postupka_10f-2023_webknjizara_redak_WEB_1572.jpg","width":300,"height":419},{"@type":"BreadcrumbList","@id":"https:\/\/webknjizara.hr\/proizvod\/misljenja-i-upute-iz-poreznog-i-prekrsajnog-postupka-10f-2023-grupa-autora\/#breadcrumb","itemListElement":[{"@type":"ListItem","position":1,"name":"Po\u010detna stranica","item":"https:\/\/webknjizara.hr\/en\/"},{"@type":"ListItem","position":2,"name":"Shop","item":"https:\/\/webknjizara.hr\/shop\/"},{"@type":"ListItem","position":3,"name":"MI\u0160LJENJA I UPUTE IZ POREZNOG I PREKR\u0160AJNOG POSTUPKA (10F\/2023), Grupa autora"}]},{"@type":"WebSite","@id":"https:\/\/webknjizara.hr\/#website","url":"https:\/\/webknjizara.hr\/","name":"Web Knji\u017eara","description":"","publisher":{"@id":"https:\/\/webknjizara.hr\/#organization"},"potentialAction":[{"@type":"SearchAction","target":{"@type":"EntryPoint","urlTemplate":"https:\/\/webknjizara.hr\/?s={search_term_string}"},"query-input":{"@type":"PropertyValueSpecification","valueRequired":true,"valueName":"search_term_string"}}],"inLanguage":"en-US"},{"@type":"Organization","@id":"https:\/\/webknjizara.hr\/#organization","name":"REDAK D.O.O.","url":"https:\/\/webknjizara.hr\/","logo":{"@type":"ImageObject","inLanguage":"en-US","@id":"https:\/\/webknjizara.hr\/#\/schema\/logo\/image\/","url":"https:\/\/webknjizara.hr\/wp-content\/uploads\/2023\/01\/web-knjizara-logo.webp","contentUrl":"https:\/\/webknjizara.hr\/wp-content\/uploads\/2023\/01\/web-knjizara-logo.webp","width":324,"height":79,"caption":"REDAK D.O.O."},"image":{"@id":"https:\/\/webknjizara.hr\/#\/schema\/logo\/image\/"}}]}},"_links":{"self":[{"href":"https:\/\/webknjizara.hr\/en\/wp-json\/wp\/v2\/product\/16937","targetHints":{"allow":["GET"]}}],"collection":[{"href":"https:\/\/webknjizara.hr\/en\/wp-json\/wp\/v2\/product"}],"about":[{"href":"https:\/\/webknjizara.hr\/en\/wp-json\/wp\/v2\/types\/product"}],"replies":[{"embeddable":true,"href":"https:\/\/webknjizara.hr\/en\/wp-json\/wp\/v2\/comments?post=16937"}],"wp:featuredmedia":[{"embeddable":true,"href":"https:\/\/webknjizara.hr\/en\/wp-json\/wp\/v2\/media\/16938"}],"wp:attachment":[{"href":"https:\/\/webknjizara.hr\/en\/wp-json\/wp\/v2\/media?parent=16937"}],"wp:term":[{"taxonomy":"product_brand","embeddable":true,"href":"https:\/\/webknjizara.hr\/en\/wp-json\/wp\/v2\/product_brand?post=16937"},{"taxonomy":"product_cat","embeddable":true,"href":"https:\/\/webknjizara.hr\/en\/wp-json\/wp\/v2\/product_cat?post=16937"},{"taxonomy":"product_tag","embeddable":true,"href":"https:\/\/webknjizara.hr\/en\/wp-json\/wp\/v2\/product_tag?post=16937"}],"curies":[{"name":"wp","href":"https:\/\/api.w.org\/{rel}","templated":true}]}}