{"id":16916,"date":"2024-05-21T12:17:43","date_gmt":"2024-05-21T10:17:43","guid":{"rendered":"https:\/\/webknjizara.hr\/?post_type=product&#038;p=16916"},"modified":"2024-05-21T12:17:44","modified_gmt":"2024-05-21T10:17:44","slug":"pjesme-miki-bratanic","status":"publish","type":"product","link":"https:\/\/webknjizara.hr\/en\/proizvod\/pjesme-miki-bratanic\/","title":{"rendered":"PJESME, Miki Bratani\u0107"},"content":{"rendered":"<p class=\"western\" lang=\"hr-HR\">Autorov izbor vlastite poezije iz svih njegovih do sada objavljenih izdanja knjiga, koje su sada dostupne za \u010ditanje na jednom mjestu.<\/p>\n<p lang=\"hr-HR\">\n<p class=\"western\"><span style=\"font-family: Arial, sans-serif;\"><span lang=\"hr-HR\"><b>Bilje\u0161ka o autoru: <\/b><\/span><\/span><\/p>\n<p>Miki Bratani\u0107 po profesiji je konzultant za primjenu informacijskih tehnologija u hotelijerstvu sa stalnom adresom boravka u Splitu. Dugo godina radio je u jednoj od najve\u0107ih svjetskih informati\u010dkih korporacija, \u0161to mu je omogu\u0107ilo stjecanje poslovnog iskustva i vje\u0161tina, te putovanja i upoznavanja ljudi. U privatnom \u017eivotu intenzivno se kao \u010dlan Dru\u0161tva hrvatskih knji\u017eevnika bavi pisanjem i objavljivanjem knjiga, te sudjelovanjem u raznim kulturnim doga\u0111anjima. Aktivno djeluje i u javnom \u017eivotu publiciraju\u0107i \u010dlanke i kolumne.<\/p>\n<p>Njegova \u017eivotna preokupacija je projekt \u201cPri\u010da o konobi\u201d, osobno autorsko djelo u kojem raznim aktivnostima kroz prizmu konobe govori o na\u0161im prepoznatljivostima, obi\u010dajima, tradiciji i ba\u0161tini. U sklopu tog projekta objavio je \u010detiri knjige na temu konobe: \u201cKONOBA\u201d, \u201cPRI\u010cA O KONOBI\u201d, edukativnu dje\u010dju slikovnicu \u201cPRI\u010cE IZ KONOBE \u2013 ZA DJECU\u201d, te zbirku kratkih pri\u010da \u201cPRI\u010cE IZ KONOBE \u2013 ZA STARIJE\u201d.<\/p>\n<p>Svoju pri\u010du o konobi uobli\u010dio je u multimedijalnu prezentacijsku formu sa zanimljivim fotografijama, tekstovima i glazbom kojima s razli\u010ditih aspekata prikazuje \u0161to je konoba zna\u010dila nekad, ali i \u0161to zna\u010di danas. Na poseban na\u010din ukazuje kako su mnoge na\u0161e prepoznatljivosti kao \u0161to je klapska pjesma, povezane s konobom. Pri\u010da o konobi predstavljena je diljem svijeta po\u010dev\u0161i od Hvara i Splita, pa do Bostona, New Yorka i San Francisca.<\/p>\n<p>Dugogodi\u0161nji rad s ovom tematikom potaknulo je Ministarstvo kulture Republike Hrvatske da njegovu obiteljsku konobu proglasi \u201cZa\u0161ti\u0107enim kulturnim dobrom Republike Hrvatske\u201d.<\/p>\n<p>Dugi niz godina prikupljao je i odabirao za potrebe snimanja bogatu sakralnu pu\u010dku pjeva\u010dku gra\u0111u svog Vrbanja na otoku Hvaru, na tragu Ljube Stipi\u0161i\u0107a Delmate i njegove ostav\u0161tine.<\/p>\n<p>Sa svojim pu\u010dkim pjeva\u010dima iz Vrbanja na otoku Hvaru ukupno je zabilje\u017eio 127 vrijednih i jedinstvenih pu\u010dkih crkvenih napjeva. Producent je i nakladnik triju nosa\u010da zvuka pu\u010dkih pjeva\u010da iz njegova rodnog Vrbanja na otoku Hvaru: \u201cOBREDI VELIKE SEDMICE I PROCESIJA ZA KRI\u017dEN\u201d, \u201cKROZ GODINU \u2013 KROZ GODINE\u201d, te \u201cKRALJU KOJEMU SVE \u017dIVI\u201d, koji je nominiran za glazbenu nagradu Porin u kategoriji Najbolji album duhovne glazbe.<\/p>\n<p>\u010citavo desetlje\u0107e svog slobodnog vremena lai\u010dki je istra\u017eivao zlo\u010dine Jugoslavije prou\u010davaju\u0107i rijetko dostupnu dokumentaciju i literaturu, ali i upoznao mnoge \u017eive svjedoke s kojima je obavljao razgovore, te prikupljao vrijedne informacije. Posebno se zanimao za masovne zlo\u010dine koje je jugoslavenska komunisti\u010dka vlast po\u010dinila, a koja su ostala sakrivena i nepoznata za javnost. Na tom tragu objavio je zbirku poezije i razmi\u0161ljanja naslovljenu \u201cRuzarij za Hrvatski kri\u017eni put\u201d, te roman KORIJENI, u kojem isti\u010de potrebu nacionalnog suo\u010davanja s pro\u0161lo\u0161\u0107u i otkrivanja istine. Objavljene kolumne u kojima jednostavnim jezikom malog \u010dovjeka progovara o nekim na\u0161im nikad rasvijetljenim povijesnim temama, javno ustanovljenim la\u017eima i manipulacijama, sakupio je u svojevrsnu zbirku kolumni nazvanu \u201cPRIRU\u010cNIK ZA \u017dIVOT U HRVATSKOJ&#8221;. Na tragu njegovh interesa i znanja o povijesti objavio je knjigu \u201cOtok u plamenu\u201d u kojoj javnost upoznaje s najve\u0107om tragedijom, ali i najve\u0107om humanitarnom akcijom u povijesti otoka Hvara, iz vremena Drugog svjetskog rata, kada su talijanski fa\u0161isti i njema\u010dki nacisti nanjeli veliko zlo otoku, a oto\u010dani pokazali da dobro uvijek pobje\u0111uje zlo.<\/p>\n<p>Za dugogodi\u0161nji kontinuirani doprinos u promicanju i o\u010duvanju kulturne ba\u0161tine autorskim stvarala\u0161tvom i stru\u010dnim radom dodijeljena mu je \u201cOsobna nagrada\u201d Grada Starog Grada na otoku Hvaru.<\/p>\n<p>Dobitnik je presti\u017ene nagrade medalje Marko Polo za postignu\u0107a u promociji Hrvatske u turizmu, a koja mu je u organizaciji svjetske me\u0111unarodne institucije \u201cF\u00e9d\u00e9ration Internationale des Journalistes et Ecrivains du Tourisme\u201d dodjeljena za \u201cdugogodi\u0161nji kontinuirani doprinos u promicanju i o\u010duvanju kulturne ba\u0161tine i tradicionalnih obilje\u017eja hrvatskog turizma kroz projekt Pri\u010da o konobi\u201d.<\/p>\n<p>Me\u0111unarodna organizacija koja djeluje pri UN-u \u201cHrvatski Svjetski Kongres &#8211; USA\u201d dodijelila mu je priznanje za doprinos povezivanju iseljene i domovinske Hrvatske.<\/p>\n<p>Miki Bratani\u0107 ro\u0111en je 31.7.1970. u Splitu. Odrastao je u Vrbanju na otoku Hvaru. Nakon zavr\u0161ene osmogodi\u0161nje \u0161kole na otoku, upisuje i zavr\u0161ava srednju elektrotehni\u010dku \u0161kolu u Splitu. Na splitskom fakultetu elektrotehnike, strojarstva i brodogradnje (FESB) dobiva zvanje in\u017eenjera strojarstva. \u017divotni put odveo ga je u sektor informacijskih tehnologija u kojemu je izgradio karijeru i ostao mu vjeran do danas. \u017divi i radi u Splitu. O\u017eenjen je i ima dvoje djece.<\/p>\n<p>Djela;<\/p>\n<p>\u201cKad sve umukne govori\u0107edu stine\u201d (Criteria 2000.),<\/p>\n<p>\u201cKojin jazikon i Quo vadis\u201d (Naklada Bo\u0161kovi\u0107 2003.),<\/p>\n<p>\u201cSvitlo na kraju\u201d (Knji\u017eevni krug Split 2005.),<\/p>\n<p>\u201cU kloncu\u201d (vlastita naklada 2006.),<\/p>\n<p>\u201cRuzarij za Hrvatski kri\u017eni put\u201d (Glas Koncila 2009.),<\/p>\n<p>\u201cRi\u010d za jubav\u201d (Naklada Bo\u0161kovi\u0107 2010.),<\/p>\n<p>\u201c\u010cetiri \u0161tajuna\u201d (vlastita naklada 2010.),<\/p>\n<p>\u201cPri\u010da o po\u0161taru Gricku\u201d (Naklada Bo\u0161kovi\u0107 2010.).<\/p>\n<p>\u201eKonoba\u201c (Knji\u017eevni krug Split 2010.)<\/p>\n<p>\u201eLa Konoba\u201c (talijanski prijevod Konobe, vlastita naklada 2011.)<\/p>\n<p>\u201eThe Konoba\u201c (engleski prijevod Konobe, vlastita naklada 2011.)<\/p>\n<p>\u201cSje\u0107anje na ljeto\u201d (vlastita naklada 2014.)<\/p>\n<p>\u201cPri\u010da o konobi\u201d ( vlastita naklada 2014.)<\/p>\n<p>\u201cStory of the konoba\u201d (vlastita naklada 2014.)<\/p>\n<p>\u201cRazgovor s ti\u0161inom\u201d (vlastita naklada 2014.)<\/p>\n<p>\u201cPri\u010de iz konobe za djecu\u201d (vlastita naklada 2018.)<\/p>\n<p>\u201cKorijeni\u201d (vlastita naklada 2018.)<\/p>\n<p>\u201cPriru\u010dnik za \u017eivot u Hrvatskoj\u201d (vlastita naklada 2021.)<\/p>\n<p>\u201cOtok u plamenu\u201d (vlastita naklada 2021.)<\/p>\n<p>\u201cPri\u010de iz konobe za starije\u201d (vlastita naklada 2021.)<\/p>\n<p class=\"western\"><span style=\"font-family: Arial, sans-serif;\"><span lang=\"hr-HR\"><b>Link: <\/b><a href=\"http:\/\/www.mikibratanic.com\" target=\"_blank\" rel=\"noopener\">www.mikibratanic.com<\/a><\/span><\/span><\/p>\n<p class=\"western\"><span style=\"font-family: Arial, sans-serif;\"><span lang=\"hr-HR\"><b>E-mail: <\/b><\/span><\/span><a href=\"http:\/\/MAILTO:miki@mikibratanic.com\" target=\"_blank\" rel=\"noopener\"><span style=\"color: #000000;\"><span style=\"font-family: Arial, sans-serif;\">Miki Bratani\u0107<\/span><\/span><\/a><\/p>\n<p>&nbsp;<\/p>\n<p class=\"western\"><strong><span style=\"font-family: Arial, sans-serif;\"><span lang=\"hr-HR\">Naslov: <\/span><\/span><\/strong><strong><span style=\"font-family: Arial, sans-serif;\">Pjesme<\/span><\/strong><span style=\"font-family: Arial, sans-serif;\"><span lang=\"hr-HR\"><br \/>\n<\/span><\/span><strong><span style=\"font-family: Arial, sans-serif;\"><span lang=\"hr-HR\">Autor\/autorica:<\/span><\/span><\/strong> <span style=\"font-family: Arial, sans-serif;\">Miki Bratani\u0107<\/span><span style=\"font-family: Arial, sans-serif;\"><span lang=\"hr-HR\"><br \/>\n<\/span><\/span><strong><span style=\"font-family: Arial, sans-serif;\"><span lang=\"hr-HR\">Broj stranica: <\/span><\/span><\/strong><span style=\"font-family: Arial, sans-serif;\"><span lang=\"\">292<\/span><\/span><span style=\"font-family: Arial, sans-serif;\"><span lang=\"hr-HR\"><br \/>\n<\/span><\/span><strong><span style=\"font-family: Arial, sans-serif;\"><span lang=\"hr-HR\">Nakladnik: <\/span><\/span><\/strong><strong><span style=\"font-family: Arial, sans-serif;\">Vlastita naklada<\/span><\/strong><span style=\"font-family: Arial, sans-serif;\"><span lang=\"hr-HR\"><br \/>\n<\/span><\/span><strong><span style=\"font-family: Arial, sans-serif;\"><span lang=\"hr-HR\">Godina izdanja: <\/span><\/span><\/strong><strong><span style=\"font-family: Arial, sans-serif;\">2024.<\/span><\/strong><strong><span style=\"font-family: Arial, sans-serif;\"><span lang=\"hr-HR\">.<br \/>\n<\/span><\/span><\/strong><strong><span style=\"font-family: Arial, sans-serif;\">ISBN:<\/span><\/strong><span style=\"font-family: Arial, sans-serif;\"> 978-953-49214-3-2<br \/>\n<\/span><strong><span style=\"font-family: Arial, sans-serif;\">Tisak:<\/span><\/strong><span style=\"font-family: Arial, sans-serif;\"> digitalni tisak knjiga &#8211; print na zahtjev<\/span><\/p>\n","protected":false},"excerpt":{"rendered":"<p>Autorov izbor vlastite poezije iz svih njegovih do sada objavljenih izdanja knjiga, koje su sada dostupne za \u010ditanje na jednom mjestu. Bilje\u0161ka o autoru: Miki Bratani\u0107 po profesiji je konzultant za primjenu informacijskih tehnologija u hotelijerstvu sa stalnom adresom boravka u Splitu. Dugo godina radio je u jednoj od najve\u0107ih svjetskih informati\u010dkih korporacija, \u0161to mu [&hellip;]<\/p>\n","protected":false},"featured_media":16917,"comment_status":"open","ping_status":"closed","template":"","meta":{"_acf_changed":false},"product_brand":[],"product_cat":[1388],"product_tag":[],"class_list":{"0":"post-16916","1":"product","2":"type-product","3":"status-publish","4":"has-post-thumbnail","6":"product_cat-poezija","7":"pa_autor-miki-bratanic","8":"pa_nakladnik-vlastita-naklada","10":"first","11":"instock","12":"shipping-taxable","13":"purchasable","14":"product-type-simple"},"acf":[],"yoast_head":"<!-- This site is optimized with the Yoast SEO plugin v27.3 - https:\/\/yoast.com\/product\/yoast-seo-wordpress\/ -->\n<title>PJESME, Miki Bratani\u0107 - Web-knji\u017eara<\/title>\n<meta name=\"robots\" content=\"index, follow, max-snippet:-1, max-image-preview:large, max-video-preview:-1\" \/>\n<link rel=\"canonical\" href=\"https:\/\/webknjizara.hr\/proizvod\/pjesme-miki-bratanic\/\" \/>\n<meta property=\"og:locale\" content=\"en_US\" \/>\n<meta property=\"og:type\" content=\"article\" \/>\n<meta property=\"og:title\" content=\"PJESME, Miki Bratani\u0107 - Web-knji\u017eara\" \/>\n<meta property=\"og:description\" content=\"Autorov izbor vlastite poezije iz svih njegovih do sada objavljenih izdanja knjiga, koje su sada dostupne za \u010ditanje na jednom mjestu. Bilje\u0161ka o autoru: Miki Bratani\u0107 po profesiji je konzultant za primjenu informacijskih tehnologija u hotelijerstvu sa stalnom adresom boravka u Splitu. Dugo godina radio je u jednoj od najve\u0107ih svjetskih informati\u010dkih korporacija, \u0161to mu [&hellip;]\" \/>\n<meta property=\"og:url\" content=\"https:\/\/webknjizara.hr\/proizvod\/pjesme-miki-bratanic\/\" \/>\n<meta property=\"og:site_name\" content=\"Web-knji\u017eara\" \/>\n<meta property=\"article:modified_time\" content=\"2024-05-21T10:17:44+00:00\" \/>\n<meta property=\"og:image\" content=\"https:\/\/webknjizara.hr\/wp-content\/uploads\/2024\/05\/Miki_Bratanic_Pjesme_webknjizara_redak_WEB_1553.jpg\" \/>\n\t<meta property=\"og:image:width\" content=\"300\" \/>\n\t<meta property=\"og:image:height\" content=\"419\" \/>\n\t<meta property=\"og:image:type\" content=\"image\/jpeg\" \/>\n<meta name=\"twitter:card\" content=\"summary_large_image\" \/>\n<meta name=\"twitter:label1\" content=\"Est. reading time\" \/>\n\t<meta name=\"twitter:data1\" content=\"5 minutes\" \/>\n<script type=\"application\/ld+json\" class=\"yoast-schema-graph\">{\"@context\":\"https:\\\/\\\/schema.org\",\"@graph\":[{\"@type\":\"WebPage\",\"@id\":\"https:\\\/\\\/webknjizara.hr\\\/proizvod\\\/pjesme-miki-bratanic\\\/\",\"url\":\"https:\\\/\\\/webknjizara.hr\\\/proizvod\\\/pjesme-miki-bratanic\\\/\",\"name\":\"PJESME, Miki Bratani\u0107 - Web-knji\u017eara\",\"isPartOf\":{\"@id\":\"https:\\\/\\\/webknjizara.hr\\\/#website\"},\"primaryImageOfPage\":{\"@id\":\"https:\\\/\\\/webknjizara.hr\\\/proizvod\\\/pjesme-miki-bratanic\\\/#primaryimage\"},\"image\":{\"@id\":\"https:\\\/\\\/webknjizara.hr\\\/proizvod\\\/pjesme-miki-bratanic\\\/#primaryimage\"},\"thumbnailUrl\":\"https:\\\/\\\/webknjizara.hr\\\/wp-content\\\/uploads\\\/2024\\\/05\\\/Miki_Bratanic_Pjesme_webknjizara_redak_WEB_1553.jpg\",\"datePublished\":\"2024-05-21T10:17:43+00:00\",\"dateModified\":\"2024-05-21T10:17:44+00:00\",\"breadcrumb\":{\"@id\":\"https:\\\/\\\/webknjizara.hr\\\/proizvod\\\/pjesme-miki-bratanic\\\/#breadcrumb\"},\"inLanguage\":\"en-US\",\"potentialAction\":[{\"@type\":\"ReadAction\",\"target\":[\"https:\\\/\\\/webknjizara.hr\\\/proizvod\\\/pjesme-miki-bratanic\\\/\"]}]},{\"@type\":\"ImageObject\",\"inLanguage\":\"en-US\",\"@id\":\"https:\\\/\\\/webknjizara.hr\\\/proizvod\\\/pjesme-miki-bratanic\\\/#primaryimage\",\"url\":\"https:\\\/\\\/webknjizara.hr\\\/wp-content\\\/uploads\\\/2024\\\/05\\\/Miki_Bratanic_Pjesme_webknjizara_redak_WEB_1553.jpg\",\"contentUrl\":\"https:\\\/\\\/webknjizara.hr\\\/wp-content\\\/uploads\\\/2024\\\/05\\\/Miki_Bratanic_Pjesme_webknjizara_redak_WEB_1553.jpg\",\"width\":300,\"height\":419},{\"@type\":\"BreadcrumbList\",\"@id\":\"https:\\\/\\\/webknjizara.hr\\\/proizvod\\\/pjesme-miki-bratanic\\\/#breadcrumb\",\"itemListElement\":[{\"@type\":\"ListItem\",\"position\":1,\"name\":\"Po\u010detna stranica\",\"item\":\"https:\\\/\\\/webknjizara.hr\\\/en\\\/\"},{\"@type\":\"ListItem\",\"position\":2,\"name\":\"Shop\",\"item\":\"https:\\\/\\\/webknjizara.hr\\\/shop\\\/\"},{\"@type\":\"ListItem\",\"position\":3,\"name\":\"PJESME, Miki Bratani\u0107\"}]},{\"@type\":\"WebSite\",\"@id\":\"https:\\\/\\\/webknjizara.hr\\\/#website\",\"url\":\"https:\\\/\\\/webknjizara.hr\\\/\",\"name\":\"Web Knji\u017eara\",\"description\":\"\",\"publisher\":{\"@id\":\"https:\\\/\\\/webknjizara.hr\\\/#organization\"},\"potentialAction\":[{\"@type\":\"SearchAction\",\"target\":{\"@type\":\"EntryPoint\",\"urlTemplate\":\"https:\\\/\\\/webknjizara.hr\\\/?s={search_term_string}\"},\"query-input\":{\"@type\":\"PropertyValueSpecification\",\"valueRequired\":true,\"valueName\":\"search_term_string\"}}],\"inLanguage\":\"en-US\"},{\"@type\":\"Organization\",\"@id\":\"https:\\\/\\\/webknjizara.hr\\\/#organization\",\"name\":\"REDAK D.O.O.\",\"url\":\"https:\\\/\\\/webknjizara.hr\\\/\",\"logo\":{\"@type\":\"ImageObject\",\"inLanguage\":\"en-US\",\"@id\":\"https:\\\/\\\/webknjizara.hr\\\/#\\\/schema\\\/logo\\\/image\\\/\",\"url\":\"https:\\\/\\\/webknjizara.hr\\\/wp-content\\\/uploads\\\/2023\\\/01\\\/web-knjizara-logo.webp\",\"contentUrl\":\"https:\\\/\\\/webknjizara.hr\\\/wp-content\\\/uploads\\\/2023\\\/01\\\/web-knjizara-logo.webp\",\"width\":324,\"height\":79,\"caption\":\"REDAK D.O.O.\"},\"image\":{\"@id\":\"https:\\\/\\\/webknjizara.hr\\\/#\\\/schema\\\/logo\\\/image\\\/\"}}]}<\/script>\n<!-- \/ Yoast SEO plugin. -->","yoast_head_json":{"title":"PJESME, Miki Bratani\u0107 - Web-knji\u017eara","robots":{"index":"index","follow":"follow","max-snippet":"max-snippet:-1","max-image-preview":"max-image-preview:large","max-video-preview":"max-video-preview:-1"},"canonical":"https:\/\/webknjizara.hr\/proizvod\/pjesme-miki-bratanic\/","og_locale":"en_US","og_type":"article","og_title":"PJESME, Miki Bratani\u0107 - Web-knji\u017eara","og_description":"Autorov izbor vlastite poezije iz svih njegovih do sada objavljenih izdanja knjiga, koje su sada dostupne za \u010ditanje na jednom mjestu. Bilje\u0161ka o autoru: Miki Bratani\u0107 po profesiji je konzultant za primjenu informacijskih tehnologija u hotelijerstvu sa stalnom adresom boravka u Splitu. Dugo godina radio je u jednoj od najve\u0107ih svjetskih informati\u010dkih korporacija, \u0161to mu [&hellip;]","og_url":"https:\/\/webknjizara.hr\/proizvod\/pjesme-miki-bratanic\/","og_site_name":"Web-knji\u017eara","article_modified_time":"2024-05-21T10:17:44+00:00","og_image":[{"width":300,"height":419,"url":"https:\/\/webknjizara.hr\/wp-content\/uploads\/2024\/05\/Miki_Bratanic_Pjesme_webknjizara_redak_WEB_1553.jpg","type":"image\/jpeg"}],"twitter_card":"summary_large_image","twitter_misc":{"Est. reading time":"5 minutes"},"schema":{"@context":"https:\/\/schema.org","@graph":[{"@type":"WebPage","@id":"https:\/\/webknjizara.hr\/proizvod\/pjesme-miki-bratanic\/","url":"https:\/\/webknjizara.hr\/proizvod\/pjesme-miki-bratanic\/","name":"PJESME, Miki Bratani\u0107 - Web-knji\u017eara","isPartOf":{"@id":"https:\/\/webknjizara.hr\/#website"},"primaryImageOfPage":{"@id":"https:\/\/webknjizara.hr\/proizvod\/pjesme-miki-bratanic\/#primaryimage"},"image":{"@id":"https:\/\/webknjizara.hr\/proizvod\/pjesme-miki-bratanic\/#primaryimage"},"thumbnailUrl":"https:\/\/webknjizara.hr\/wp-content\/uploads\/2024\/05\/Miki_Bratanic_Pjesme_webknjizara_redak_WEB_1553.jpg","datePublished":"2024-05-21T10:17:43+00:00","dateModified":"2024-05-21T10:17:44+00:00","breadcrumb":{"@id":"https:\/\/webknjizara.hr\/proizvod\/pjesme-miki-bratanic\/#breadcrumb"},"inLanguage":"en-US","potentialAction":[{"@type":"ReadAction","target":["https:\/\/webknjizara.hr\/proizvod\/pjesme-miki-bratanic\/"]}]},{"@type":"ImageObject","inLanguage":"en-US","@id":"https:\/\/webknjizara.hr\/proizvod\/pjesme-miki-bratanic\/#primaryimage","url":"https:\/\/webknjizara.hr\/wp-content\/uploads\/2024\/05\/Miki_Bratanic_Pjesme_webknjizara_redak_WEB_1553.jpg","contentUrl":"https:\/\/webknjizara.hr\/wp-content\/uploads\/2024\/05\/Miki_Bratanic_Pjesme_webknjizara_redak_WEB_1553.jpg","width":300,"height":419},{"@type":"BreadcrumbList","@id":"https:\/\/webknjizara.hr\/proizvod\/pjesme-miki-bratanic\/#breadcrumb","itemListElement":[{"@type":"ListItem","position":1,"name":"Po\u010detna stranica","item":"https:\/\/webknjizara.hr\/en\/"},{"@type":"ListItem","position":2,"name":"Shop","item":"https:\/\/webknjizara.hr\/shop\/"},{"@type":"ListItem","position":3,"name":"PJESME, Miki Bratani\u0107"}]},{"@type":"WebSite","@id":"https:\/\/webknjizara.hr\/#website","url":"https:\/\/webknjizara.hr\/","name":"Web Knji\u017eara","description":"","publisher":{"@id":"https:\/\/webknjizara.hr\/#organization"},"potentialAction":[{"@type":"SearchAction","target":{"@type":"EntryPoint","urlTemplate":"https:\/\/webknjizara.hr\/?s={search_term_string}"},"query-input":{"@type":"PropertyValueSpecification","valueRequired":true,"valueName":"search_term_string"}}],"inLanguage":"en-US"},{"@type":"Organization","@id":"https:\/\/webknjizara.hr\/#organization","name":"REDAK D.O.O.","url":"https:\/\/webknjizara.hr\/","logo":{"@type":"ImageObject","inLanguage":"en-US","@id":"https:\/\/webknjizara.hr\/#\/schema\/logo\/image\/","url":"https:\/\/webknjizara.hr\/wp-content\/uploads\/2023\/01\/web-knjizara-logo.webp","contentUrl":"https:\/\/webknjizara.hr\/wp-content\/uploads\/2023\/01\/web-knjizara-logo.webp","width":324,"height":79,"caption":"REDAK D.O.O."},"image":{"@id":"https:\/\/webknjizara.hr\/#\/schema\/logo\/image\/"}}]}},"_links":{"self":[{"href":"https:\/\/webknjizara.hr\/en\/wp-json\/wp\/v2\/product\/16916","targetHints":{"allow":["GET"]}}],"collection":[{"href":"https:\/\/webknjizara.hr\/en\/wp-json\/wp\/v2\/product"}],"about":[{"href":"https:\/\/webknjizara.hr\/en\/wp-json\/wp\/v2\/types\/product"}],"replies":[{"embeddable":true,"href":"https:\/\/webknjizara.hr\/en\/wp-json\/wp\/v2\/comments?post=16916"}],"wp:featuredmedia":[{"embeddable":true,"href":"https:\/\/webknjizara.hr\/en\/wp-json\/wp\/v2\/media\/16917"}],"wp:attachment":[{"href":"https:\/\/webknjizara.hr\/en\/wp-json\/wp\/v2\/media?parent=16916"}],"wp:term":[{"taxonomy":"product_brand","embeddable":true,"href":"https:\/\/webknjizara.hr\/en\/wp-json\/wp\/v2\/product_brand?post=16916"},{"taxonomy":"product_cat","embeddable":true,"href":"https:\/\/webknjizara.hr\/en\/wp-json\/wp\/v2\/product_cat?post=16916"},{"taxonomy":"product_tag","embeddable":true,"href":"https:\/\/webknjizara.hr\/en\/wp-json\/wp\/v2\/product_tag?post=16916"}],"curies":[{"name":"wp","href":"https:\/\/api.w.org\/{rel}","templated":true}]}}