{"id":16873,"date":"2024-05-15T00:27:08","date_gmt":"2024-05-14T22:27:08","guid":{"rendered":"https:\/\/webknjizara.hr\/?post_type=product&#038;p=16873"},"modified":"2024-05-16T10:54:50","modified_gmt":"2024-05-16T08:54:50","slug":"jos-jedna-vrata-nada-vukasinovic","status":"publish","type":"product","link":"https:\/\/webknjizara.hr\/en\/proizvod\/jos-jedna-vrata-nada-vukasinovic\/","title":{"rendered":"JO\u0160 JEDNA VRATA, Nada Vuka\u0161inovi\u0107"},"content":{"rendered":"<p><span lang=\"hr-HR\">\u0160to se doga\u0111a kada se razdvojimo i kada izgubimo nekoga s kim dijelimo pri\u010de iz djetinjstva? Roman je o ranjivosti odrastanja, o prijateljstvu, emocionalnoj povezanosti i podr\u017eavanju, ali i negativnim emocijama, rivalstvu, razdvajanju, izdaji, ravnodu\u0161nosti. Ovo je i sentimentalno putovanje u pro\u0161lost i preispitivanje sada\u0161njosti. <\/span><\/p>\n<p><span lang=\"hr-HR\">Iako su Dunja i Sonja iz naizgled sli\u010dnih, nepotpunih obitelji, ipak odrastaju u razli\u010ditom socijalnom miljeu. Ratni doga\u0111aji mijenjaju i razaraju prijateljske odnose i one se potpuno odvoje i situiraju u me\u0111usobno konfrontirane svjetove. I ono pre\u0161u\u0107eno i neizre\u010deno, nikada glasno izgovoreno stvara tkivo pri\u010de.<\/span><\/p>\n<p lang=\"hr-HR\">Kako ih ipak povezuje djetinjstvo i odrastanje, susre\u0107u se povremeno u prijelomnim situacijama, tek da vide svoj odraz u o\u010dima one druge. Iako se mijenjaju, emocionalno sazrijevaju, ne zaboravljaju svoju startnu poziciju. Ovo je i pri\u010da o mekanim ljudima i odustajanju. Pronalaze se lako izgovori za odustajanje i za \u010deste prekide prijateljstva.<\/p>\n<p><span lang=\"hr-HR\">Dunja pred kraj \u017eivota pronalazi opravdanje za Sonjine postupke. <\/span><\/p>\n<p><span lang=\"hr-HR\">Dunja je glavni lik, u\u010diteljica koja je pri kraju radnog vijeka i prolazi \u010ditavu lepezu razli\u010ditih osje\u0107aja, od slobode, do osje\u0107aja zamjenjivosti i odba\u010denosti.<\/span><\/p>\n<p lang=\"hr-HR\">Pri kraju \u017eivota ona prolazi kroz krizu identiteta zbog razli\u010ditih uloga, ali i kreativnu i zdravstvenu krizu. Kroz roman se provla\u010di te\u017enja za bilo kakvom promjenom u \u017eivotu, koji je ve\u0107 definiran i zapravo u svojoj silaznoj zavr\u0161nici.<\/p>\n<p><span style=\"font-family: Arial, sans-serif;\"><span lang=\"hr-HR\"><b>Bilje\u0161ka o autorici: <\/b><\/span><\/span><\/p>\n<p>Nada Vuka\u0161inovi\u0107 ro\u0111ena je u Osijeku, a za Zagreb je vezuje njezino \u0161kolovanje, obiteljski i profesionalni \u017eivot. Zavr\u0161ila je pedagogiju, komparativnu knji\u017eevnost i bibliotekarstvo na Filozofskom fakultetu. Pi\u0161e poeziju, kratke i putopisne pri\u010de, oku\u0161ala se knji\u017eevnoj fantastici i pisanju kriminalisti\u010dkih pri\u010da. Objavljuje pri\u010de i poeziju u \u010dasopisima i na internetskim portalima. Sudjeluje na natje\u010dajima za poeziju, kratku i putopisnu pri\u010du u Hrvatskoj i u regiji. Objavila je kratke pri\u010de u me\u0111unarodnoj zbirci kratkih pri\u010da <em>Jesenja nota<\/em> i poeziju u me\u0111unarodnoj zbirci <em>Snovi sje\u0107anja 2<\/em> (2018), poeziju u zbirci <em>Zagreb na dlanu<\/em> (2020) te u tridesetak zbornika i \u010dasopisa u tiskanom i elektroni\u010dkom obliku. Njezina pri\u010da \u201ePila sam kavu s Carlom del Ponte\u201c uvr\u0161tena je antologiju suvremenih kratkih knji\u017eevnih formi na Me\u0111unarodnom festivalu suvremenih knji\u017eevnih formi u Skopju (2021). Na knji\u017eevnom natje\u010daju Hrvatskog sabora kulture 2021. godine dodijeljena joj je za poeziju <em>Plaketa Pavleka Mi\u0161kine<\/em>.<\/p>\n<p>Nagra\u0111ena je na anonimnom natje\u010daju Matice hrvatske u Osijeku za najbolji prozni tekst u 2014. godini, a u 2015. godini objavila je knjigu kratkih pri\u010da Slu\u010dajno. 2020. godine dobila je potporu Ministarstva za kulturu za pisanje knjige kratkih pri\u010da. Kratke pri\u010de i poeziju objavljuje na <a href=\"https:\/\/www.facebook.com\/Moje-niti -234355380451462\/\" target=\"_blank\" rel=\"noopener\">https:\/\/www.facebook.com\/Moje-niti -234355380451462\/<\/a><\/p>\n<p>Objavila je knjige kratkih pri\u010da: <em>Slu\u010dajno<\/em> (2015) i <em>Izgubljena rijeka<\/em> (2021), i poezije <em>Slike na ko\u017ei<\/em>, (2022.)<\/p>\n<p>Za 2023. godinu dobila je potporu Ministarstva kulture i medija za neobjavljeni roman <em>Jo\u0161 jedna vrata<\/em>.<\/p>\n<p><span style=\"font-family: Arial, sans-serif;\"><span lang=\"hr-HR\"><b>E-mail: <\/b><\/span><\/span><a href=\"http:\/\/MAILTO:nada.vukasinovic@gmail.com\" target=\"_blank\" rel=\"noopener\"><span style=\"color: #000000;\"><span style=\"font-family: Arial, sans-serif;\">Nada Vuka\u0161inovi\u0107<\/span><\/span><\/a><\/p>\n<p>&nbsp;<\/p>\n<p><strong><span style=\"font-family: Arial, sans-serif;\"><span lang=\"hr-HR\">Naslov: <\/span><\/span><\/strong><strong><span style=\"font-family: Arial, sans-serif;\">Jo\u0161 jedna vrata<\/span><\/strong><span style=\"font-family: Arial, sans-serif;\"><span lang=\"hr-HR\"><br \/>\n<\/span><\/span><strong><span style=\"font-family: Arial, sans-serif;\"><span lang=\"hr-HR\">Autorica:<\/span><\/span><\/strong> <span style=\"font-family: Arial, sans-serif;\">Nada Vuka\u0161inovi\u0107<\/span><span style=\"font-family: Arial, sans-serif;\"><span lang=\"hr-HR\"><br \/>\n<\/span><\/span><strong><span style=\"font-family: Arial, sans-serif;\"><span lang=\"hr-HR\">Broj stranica: <\/span><\/span><\/strong><span style=\"font-family: Arial, sans-serif;\"><span lang=\"\">160<\/span><\/span><span style=\"font-family: Arial, sans-serif;\"><span lang=\"hr-HR\"><br \/>\n<\/span><\/span><strong><span style=\"font-family: Arial, sans-serif;\"><span lang=\"hr-HR\">Nakladnik: <\/span><\/span><\/strong><strong><span style=\"font-family: Arial, sans-serif;\">Hrvatski sabor kulture<\/span><\/strong><span style=\"font-family: Arial, sans-serif;\"><span lang=\"hr-HR\"><br \/>\n<\/span><\/span><strong><span style=\"font-family: Arial, sans-serif;\"><span lang=\"hr-HR\">Godina izdanja: <\/span><\/span><\/strong><strong><span style=\"font-family: Arial, sans-serif;\">2023<\/span><\/strong><strong><span style=\"font-family: Arial, sans-serif;\"><span lang=\"hr-HR\">.<br \/>\n<\/span><\/span><\/strong><strong><span style=\"font-family: Arial, sans-serif;\">ISBN:<\/span><\/strong><span style=\"font-family: Arial, sans-serif;\"> 978-953-6074-37-2<br \/>\n<\/span><strong><span style=\"font-family: Arial, sans-serif;\">Tisak:<\/span><\/strong><span style=\"font-family: Arial, sans-serif;\"> digitalni tisak knjiga &#8211; print na zahtjev<\/span><\/p>\n","protected":false},"excerpt":{"rendered":"<p>\u0160to se doga\u0111a kada se razdvojimo i kada izgubimo nekoga s kim dijelimo pri\u010de iz djetinjstva? Roman je o ranjivosti odrastanja, o prijateljstvu, emocionalnoj povezanosti i podr\u017eavanju, ali i negativnim emocijama, rivalstvu, razdvajanju, izdaji, ravnodu\u0161nosti. Ovo je i sentimentalno putovanje u pro\u0161lost i preispitivanje sada\u0161njosti. Iako su Dunja i Sonja iz naizgled sli\u010dnih, nepotpunih obitelji, [&hellip;]<\/p>\n","protected":false},"featured_media":16874,"comment_status":"open","ping_status":"closed","template":"","meta":{"_acf_changed":false},"product_brand":[],"product_cat":[1607],"product_tag":[],"class_list":{"0":"post-16873","1":"product","2":"type-product","3":"status-publish","4":"has-post-thumbnail","6":"product_cat-proza","7":"pa_autor-nada-vukasinovic","8":"pa_nakladnik-hrvatski-sabor-kulture","10":"first","11":"instock","12":"shipping-taxable","13":"purchasable","14":"product-type-simple"},"acf":[],"yoast_head":"<!-- This site is optimized with the Yoast SEO plugin v27.3 - https:\/\/yoast.com\/product\/yoast-seo-wordpress\/ -->\n<title>JO\u0160 JEDNA VRATA, Nada Vuka\u0161inovi\u0107 - Web-knji\u017eara<\/title>\n<meta name=\"robots\" content=\"index, follow, max-snippet:-1, max-image-preview:large, max-video-preview:-1\" \/>\n<link rel=\"canonical\" href=\"https:\/\/webknjizara.hr\/proizvod\/jos-jedna-vrata-nada-vukasinovic\/\" \/>\n<meta property=\"og:locale\" content=\"en_US\" \/>\n<meta property=\"og:type\" content=\"article\" \/>\n<meta property=\"og:title\" content=\"JO\u0160 JEDNA VRATA, Nada Vuka\u0161inovi\u0107 - Web-knji\u017eara\" \/>\n<meta property=\"og:description\" content=\"\u0160to se doga\u0111a kada se razdvojimo i kada izgubimo nekoga s kim dijelimo pri\u010de iz djetinjstva? Roman je o ranjivosti odrastanja, o prijateljstvu, emocionalnoj povezanosti i podr\u017eavanju, ali i negativnim emocijama, rivalstvu, razdvajanju, izdaji, ravnodu\u0161nosti. Ovo je i sentimentalno putovanje u pro\u0161lost i preispitivanje sada\u0161njosti. Iako su Dunja i Sonja iz naizgled sli\u010dnih, nepotpunih obitelji, [&hellip;]\" \/>\n<meta property=\"og:url\" content=\"https:\/\/webknjizara.hr\/proizvod\/jos-jedna-vrata-nada-vukasinovic\/\" \/>\n<meta property=\"og:site_name\" content=\"Web-knji\u017eara\" \/>\n<meta property=\"article:modified_time\" content=\"2024-05-16T08:54:50+00:00\" \/>\n<meta property=\"og:image\" content=\"https:\/\/webknjizara.hr\/wp-content\/uploads\/2024\/05\/Nada_Vukasinovic_Jos_jedna_vrata_webknjizara_redak_WEB_1474.jpg\" \/>\n\t<meta property=\"og:image:width\" content=\"300\" \/>\n\t<meta property=\"og:image:height\" content=\"475\" \/>\n\t<meta property=\"og:image:type\" content=\"image\/jpeg\" \/>\n<meta name=\"twitter:card\" content=\"summary_large_image\" \/>\n<meta name=\"twitter:label1\" content=\"Est. reading time\" \/>\n\t<meta name=\"twitter:data1\" content=\"3 minutes\" \/>\n<script type=\"application\/ld+json\" class=\"yoast-schema-graph\">{\"@context\":\"https:\\\/\\\/schema.org\",\"@graph\":[{\"@type\":\"WebPage\",\"@id\":\"https:\\\/\\\/webknjizara.hr\\\/proizvod\\\/jos-jedna-vrata-nada-vukasinovic\\\/\",\"url\":\"https:\\\/\\\/webknjizara.hr\\\/proizvod\\\/jos-jedna-vrata-nada-vukasinovic\\\/\",\"name\":\"JO\u0160 JEDNA VRATA, Nada Vuka\u0161inovi\u0107 - Web-knji\u017eara\",\"isPartOf\":{\"@id\":\"https:\\\/\\\/webknjizara.hr\\\/#website\"},\"primaryImageOfPage\":{\"@id\":\"https:\\\/\\\/webknjizara.hr\\\/proizvod\\\/jos-jedna-vrata-nada-vukasinovic\\\/#primaryimage\"},\"image\":{\"@id\":\"https:\\\/\\\/webknjizara.hr\\\/proizvod\\\/jos-jedna-vrata-nada-vukasinovic\\\/#primaryimage\"},\"thumbnailUrl\":\"https:\\\/\\\/webknjizara.hr\\\/wp-content\\\/uploads\\\/2024\\\/05\\\/Nada_Vukasinovic_Jos_jedna_vrata_webknjizara_redak_WEB_1474.jpg\",\"datePublished\":\"2024-05-14T22:27:08+00:00\",\"dateModified\":\"2024-05-16T08:54:50+00:00\",\"breadcrumb\":{\"@id\":\"https:\\\/\\\/webknjizara.hr\\\/proizvod\\\/jos-jedna-vrata-nada-vukasinovic\\\/#breadcrumb\"},\"inLanguage\":\"en-US\",\"potentialAction\":[{\"@type\":\"ReadAction\",\"target\":[\"https:\\\/\\\/webknjizara.hr\\\/proizvod\\\/jos-jedna-vrata-nada-vukasinovic\\\/\"]}]},{\"@type\":\"ImageObject\",\"inLanguage\":\"en-US\",\"@id\":\"https:\\\/\\\/webknjizara.hr\\\/proizvod\\\/jos-jedna-vrata-nada-vukasinovic\\\/#primaryimage\",\"url\":\"https:\\\/\\\/webknjizara.hr\\\/wp-content\\\/uploads\\\/2024\\\/05\\\/Nada_Vukasinovic_Jos_jedna_vrata_webknjizara_redak_WEB_1474.jpg\",\"contentUrl\":\"https:\\\/\\\/webknjizara.hr\\\/wp-content\\\/uploads\\\/2024\\\/05\\\/Nada_Vukasinovic_Jos_jedna_vrata_webknjizara_redak_WEB_1474.jpg\",\"width\":300,\"height\":475},{\"@type\":\"BreadcrumbList\",\"@id\":\"https:\\\/\\\/webknjizara.hr\\\/proizvod\\\/jos-jedna-vrata-nada-vukasinovic\\\/#breadcrumb\",\"itemListElement\":[{\"@type\":\"ListItem\",\"position\":1,\"name\":\"Po\u010detna stranica\",\"item\":\"https:\\\/\\\/webknjizara.hr\\\/en\\\/\"},{\"@type\":\"ListItem\",\"position\":2,\"name\":\"Shop\",\"item\":\"https:\\\/\\\/webknjizara.hr\\\/shop\\\/\"},{\"@type\":\"ListItem\",\"position\":3,\"name\":\"JO\u0160 JEDNA VRATA, Nada Vuka\u0161inovi\u0107\"}]},{\"@type\":\"WebSite\",\"@id\":\"https:\\\/\\\/webknjizara.hr\\\/#website\",\"url\":\"https:\\\/\\\/webknjizara.hr\\\/\",\"name\":\"Web Knji\u017eara\",\"description\":\"\",\"publisher\":{\"@id\":\"https:\\\/\\\/webknjizara.hr\\\/#organization\"},\"potentialAction\":[{\"@type\":\"SearchAction\",\"target\":{\"@type\":\"EntryPoint\",\"urlTemplate\":\"https:\\\/\\\/webknjizara.hr\\\/?s={search_term_string}\"},\"query-input\":{\"@type\":\"PropertyValueSpecification\",\"valueRequired\":true,\"valueName\":\"search_term_string\"}}],\"inLanguage\":\"en-US\"},{\"@type\":\"Organization\",\"@id\":\"https:\\\/\\\/webknjizara.hr\\\/#organization\",\"name\":\"REDAK D.O.O.\",\"url\":\"https:\\\/\\\/webknjizara.hr\\\/\",\"logo\":{\"@type\":\"ImageObject\",\"inLanguage\":\"en-US\",\"@id\":\"https:\\\/\\\/webknjizara.hr\\\/#\\\/schema\\\/logo\\\/image\\\/\",\"url\":\"https:\\\/\\\/webknjizara.hr\\\/wp-content\\\/uploads\\\/2023\\\/01\\\/web-knjizara-logo.webp\",\"contentUrl\":\"https:\\\/\\\/webknjizara.hr\\\/wp-content\\\/uploads\\\/2023\\\/01\\\/web-knjizara-logo.webp\",\"width\":324,\"height\":79,\"caption\":\"REDAK D.O.O.\"},\"image\":{\"@id\":\"https:\\\/\\\/webknjizara.hr\\\/#\\\/schema\\\/logo\\\/image\\\/\"}}]}<\/script>\n<!-- \/ Yoast SEO plugin. -->","yoast_head_json":{"title":"JO\u0160 JEDNA VRATA, Nada Vuka\u0161inovi\u0107 - Web-knji\u017eara","robots":{"index":"index","follow":"follow","max-snippet":"max-snippet:-1","max-image-preview":"max-image-preview:large","max-video-preview":"max-video-preview:-1"},"canonical":"https:\/\/webknjizara.hr\/proizvod\/jos-jedna-vrata-nada-vukasinovic\/","og_locale":"en_US","og_type":"article","og_title":"JO\u0160 JEDNA VRATA, Nada Vuka\u0161inovi\u0107 - Web-knji\u017eara","og_description":"\u0160to se doga\u0111a kada se razdvojimo i kada izgubimo nekoga s kim dijelimo pri\u010de iz djetinjstva? Roman je o ranjivosti odrastanja, o prijateljstvu, emocionalnoj povezanosti i podr\u017eavanju, ali i negativnim emocijama, rivalstvu, razdvajanju, izdaji, ravnodu\u0161nosti. Ovo je i sentimentalno putovanje u pro\u0161lost i preispitivanje sada\u0161njosti. Iako su Dunja i Sonja iz naizgled sli\u010dnih, nepotpunih obitelji, [&hellip;]","og_url":"https:\/\/webknjizara.hr\/proizvod\/jos-jedna-vrata-nada-vukasinovic\/","og_site_name":"Web-knji\u017eara","article_modified_time":"2024-05-16T08:54:50+00:00","og_image":[{"width":300,"height":475,"url":"https:\/\/webknjizara.hr\/wp-content\/uploads\/2024\/05\/Nada_Vukasinovic_Jos_jedna_vrata_webknjizara_redak_WEB_1474.jpg","type":"image\/jpeg"}],"twitter_card":"summary_large_image","twitter_misc":{"Est. reading time":"3 minutes"},"schema":{"@context":"https:\/\/schema.org","@graph":[{"@type":"WebPage","@id":"https:\/\/webknjizara.hr\/proizvod\/jos-jedna-vrata-nada-vukasinovic\/","url":"https:\/\/webknjizara.hr\/proizvod\/jos-jedna-vrata-nada-vukasinovic\/","name":"JO\u0160 JEDNA VRATA, Nada Vuka\u0161inovi\u0107 - Web-knji\u017eara","isPartOf":{"@id":"https:\/\/webknjizara.hr\/#website"},"primaryImageOfPage":{"@id":"https:\/\/webknjizara.hr\/proizvod\/jos-jedna-vrata-nada-vukasinovic\/#primaryimage"},"image":{"@id":"https:\/\/webknjizara.hr\/proizvod\/jos-jedna-vrata-nada-vukasinovic\/#primaryimage"},"thumbnailUrl":"https:\/\/webknjizara.hr\/wp-content\/uploads\/2024\/05\/Nada_Vukasinovic_Jos_jedna_vrata_webknjizara_redak_WEB_1474.jpg","datePublished":"2024-05-14T22:27:08+00:00","dateModified":"2024-05-16T08:54:50+00:00","breadcrumb":{"@id":"https:\/\/webknjizara.hr\/proizvod\/jos-jedna-vrata-nada-vukasinovic\/#breadcrumb"},"inLanguage":"en-US","potentialAction":[{"@type":"ReadAction","target":["https:\/\/webknjizara.hr\/proizvod\/jos-jedna-vrata-nada-vukasinovic\/"]}]},{"@type":"ImageObject","inLanguage":"en-US","@id":"https:\/\/webknjizara.hr\/proizvod\/jos-jedna-vrata-nada-vukasinovic\/#primaryimage","url":"https:\/\/webknjizara.hr\/wp-content\/uploads\/2024\/05\/Nada_Vukasinovic_Jos_jedna_vrata_webknjizara_redak_WEB_1474.jpg","contentUrl":"https:\/\/webknjizara.hr\/wp-content\/uploads\/2024\/05\/Nada_Vukasinovic_Jos_jedna_vrata_webknjizara_redak_WEB_1474.jpg","width":300,"height":475},{"@type":"BreadcrumbList","@id":"https:\/\/webknjizara.hr\/proizvod\/jos-jedna-vrata-nada-vukasinovic\/#breadcrumb","itemListElement":[{"@type":"ListItem","position":1,"name":"Po\u010detna stranica","item":"https:\/\/webknjizara.hr\/en\/"},{"@type":"ListItem","position":2,"name":"Shop","item":"https:\/\/webknjizara.hr\/shop\/"},{"@type":"ListItem","position":3,"name":"JO\u0160 JEDNA VRATA, Nada Vuka\u0161inovi\u0107"}]},{"@type":"WebSite","@id":"https:\/\/webknjizara.hr\/#website","url":"https:\/\/webknjizara.hr\/","name":"Web Knji\u017eara","description":"","publisher":{"@id":"https:\/\/webknjizara.hr\/#organization"},"potentialAction":[{"@type":"SearchAction","target":{"@type":"EntryPoint","urlTemplate":"https:\/\/webknjizara.hr\/?s={search_term_string}"},"query-input":{"@type":"PropertyValueSpecification","valueRequired":true,"valueName":"search_term_string"}}],"inLanguage":"en-US"},{"@type":"Organization","@id":"https:\/\/webknjizara.hr\/#organization","name":"REDAK D.O.O.","url":"https:\/\/webknjizara.hr\/","logo":{"@type":"ImageObject","inLanguage":"en-US","@id":"https:\/\/webknjizara.hr\/#\/schema\/logo\/image\/","url":"https:\/\/webknjizara.hr\/wp-content\/uploads\/2023\/01\/web-knjizara-logo.webp","contentUrl":"https:\/\/webknjizara.hr\/wp-content\/uploads\/2023\/01\/web-knjizara-logo.webp","width":324,"height":79,"caption":"REDAK D.O.O."},"image":{"@id":"https:\/\/webknjizara.hr\/#\/schema\/logo\/image\/"}}]}},"_links":{"self":[{"href":"https:\/\/webknjizara.hr\/en\/wp-json\/wp\/v2\/product\/16873","targetHints":{"allow":["GET"]}}],"collection":[{"href":"https:\/\/webknjizara.hr\/en\/wp-json\/wp\/v2\/product"}],"about":[{"href":"https:\/\/webknjizara.hr\/en\/wp-json\/wp\/v2\/types\/product"}],"replies":[{"embeddable":true,"href":"https:\/\/webknjizara.hr\/en\/wp-json\/wp\/v2\/comments?post=16873"}],"wp:featuredmedia":[{"embeddable":true,"href":"https:\/\/webknjizara.hr\/en\/wp-json\/wp\/v2\/media\/16874"}],"wp:attachment":[{"href":"https:\/\/webknjizara.hr\/en\/wp-json\/wp\/v2\/media?parent=16873"}],"wp:term":[{"taxonomy":"product_brand","embeddable":true,"href":"https:\/\/webknjizara.hr\/en\/wp-json\/wp\/v2\/product_brand?post=16873"},{"taxonomy":"product_cat","embeddable":true,"href":"https:\/\/webknjizara.hr\/en\/wp-json\/wp\/v2\/product_cat?post=16873"},{"taxonomy":"product_tag","embeddable":true,"href":"https:\/\/webknjizara.hr\/en\/wp-json\/wp\/v2\/product_tag?post=16873"}],"curies":[{"name":"wp","href":"https:\/\/api.w.org\/{rel}","templated":true}]}}