{"id":16599,"date":"2024-03-26T12:19:44","date_gmt":"2024-03-26T11:19:44","guid":{"rendered":"https:\/\/webknjizara.hr\/?post_type=product&#038;p=16599"},"modified":"2024-03-26T12:19:45","modified_gmt":"2024-03-26T11:19:45","slug":"polimerni-materijali-crno-bijeli-tisak-branka-andricic","status":"publish","type":"product","link":"https:\/\/webknjizara.hr\/en\/proizvod\/polimerni-materijali-crno-bijeli-tisak-branka-andricic\/","title":{"rendered":"POLIMERNI MATERIJALI (CRNO-BIJELI TISAK), Branka Andri\u010di\u0107"},"content":{"rendered":"<p><span lang=\"hr-HR\">Skripta je napisana je u skladu s nastavnim programom kolegija <\/span><span lang=\"hr-HR\"><i>Polimerni materijali <\/i><\/span><span lang=\"hr-HR\">koji se izvodi na prijediplomskom sveu\u010dili\u0161nom studiju <\/span><span lang=\"hr-HR\"><i>Kemijska tehnologija<\/i><\/span><span lang=\"hr-HR\">, smjer <\/span><span lang=\"hr-HR\"><i>Kemijsko in\u017eenjerstvo<\/i><\/span><span lang=\"hr-HR\"> na Kemijsko-tehnolo\u0161kom fakultetu u Splitu. Tako\u0111er, mo\u017ee se koristiti za sve kolegije u kojim se obra\u0111uju polimerni materijali, na Kemijsko-tehnolo\u0161kom fakultetu u Splitu i na drugim visokim u\u010dili\u0161tima. U uvodnom dijelu ukratko je naveden zna\u010daj polimernih materijala u dana\u0161njem svijetu, podru\u010dja primjene te pregled razvoja polimernih materijala. Zatim slijedi poglavlje u kojem je obja\u0161njeno nazivlje u podru\u010dju polimernih materijala, principi sinteze polimera, njihova struktura i morfologija. U poglavlju Fizi\u010dka stanja polimera opisano je kako se polimeri pona\u0161aju kad su izlo\u017eeni djelovanju topline i sile. Otapanje polimera je proces koji se znatno razlikuje od otapanja niskomolekulskih tvari te je u tom poglavlju opisano bubrenje i otapanje polimera te specifi\u010dna svojstva otopljenih polimera. S obzirom da se polimerni materijali sastoje od samih polimera i razli\u010ditih dodataka, u poglavlju 5 opisani su ukratko procesi proizvodnje, struktura i svojstva najzastupljenijih sinteti\u010dkih polimera te proizvodnja plastike (plastomeri, duromeri) i gume (elastomeri, elastoplastomeri). U poglavlju Biopolimeri opisana je struktura, svojstva i primjena polimera dobiveni iz biolo\u0161kih izvora, a zatim su, bez obzira na porijeklo, navedena odabrana podru\u010dja primjene polimera (visokotemperaturni polimerni materijali, razli\u010dita vlakna, ljepila i premazi). Tako\u0111er, opisana je razgradnja polimera tijekom uporabe djelovanjem razli\u010ditih kemijskih i fizikalnih \u010dimbenika. Zadnje poglavlje daje uvid u osnove gospodarenja plasti\u010dnim i gumenim otpadom te pregled na\u010dina oporabe plastike i gume.<br \/>\n<\/span><\/p>\n<p>&nbsp;<\/p>\n<p><span style=\"font-family: Arial, sans-serif;\"><span lang=\"hr-HR\"><b>Bilje\u0161ka o autorici: <\/b><\/span><\/span><\/p>\n<p><span lang=\"it-IT\">Prof. dr. sc. Branka Andri\u010di\u0107 diplomirala je na Kemijsko-tehnolo\u0161kom fakultetu u Splitu 1989., magistrirala 1995. na Fakultetu kemijskog in\u017eenjerstva i tehnologije u Zagrebu te doktorirala 2001. na Kemijsko-tehnolo\u0161kom fakultetu u Splitu. Nakon diplomiranja radila je kao pripravnik-tehnolog u poduze\u0107u &#8220;Mosor&#8221; u Omi\u0161u, a od 1991. zaposlena je u Zavodu za organsku tehnologiju Kemijsko-tehnolo\u0161kog fakulteta. <\/span><span lang=\"es-ES\">U zvanje redovitog profesora u trajnom zvanju u podru\u010dju tehni\u010dkih znanosti izabrana je 2016. godine. Nositeljica je vi\u0161e kolegija na prijediplomskom, diplomskom te poslijediplomskom doktorskom studiju. <\/span><span lang=\"es-ES\">Znanstveno se bavi istra\u017eivanjem modifikacije polimera razli\u010ditim dodatcima u svrhu pro\u0161irivanja podru\u010dja primjene te istovremeno prou\u010davanjem mehanizma i kinetike procesa razgradnje polimernih mje\u0161avina. Aktivno sudjeluje u realizaciji znanstvenih projekata od 1992., a rezultati istra\u017eivanja predstavljeni su kroz niz <\/span><span lang=\"es-ES\">izvornih znanstvenih radova i prezentirani na me\u0111unarodnim i doma\u0107im skupovima.<\/span><span lang=\"es-ES\"> Iz podru\u010dja polimernih materijala predaje kolegije Polimerni materijali i Polimeri i okoli\u0161 na prijediplomskom studiju Kemijska tehnologija, a ranije je predavala kolegije Prirodni polimerni materijali i Polimerne mje\u0161avine i kompoziti.<\/span><\/p>\n<p>&nbsp;<\/p>\n<p><strong><span style=\"font-family: Arial, sans-serif;\"><span lang=\"hr-HR\">Naslov: <\/span><\/span><\/strong><strong><span style=\"font-family: Arial, sans-serif;\">Polimerni materijali (crno-bijeli tisak)<\/span><\/strong><span style=\"font-family: Arial, sans-serif;\"><span lang=\"hr-HR\"><br \/>\n<\/span><\/span><strong><span style=\"font-family: Arial, sans-serif;\"><span lang=\"hr-HR\">Autor\/autorica:<\/span><\/span><\/strong> <span style=\"font-family: Arial, sans-serif;\">Branka Andri\u010di\u0107<\/span><span style=\"font-family: Arial, sans-serif;\"><span lang=\"hr-HR\"><br \/>\n<\/span><\/span><strong><span style=\"font-family: Arial, sans-serif;\"><span lang=\"hr-HR\">Broj stranica: <\/span><\/span><\/strong><span style=\"font-family: Arial, sans-serif;\"><span lang=\"\">126<\/span><\/span><span style=\"font-family: Arial, sans-serif;\"><span lang=\"hr-HR\"><br \/>\n<\/span><\/span><strong><span style=\"font-family: Arial, sans-serif;\"><span lang=\"hr-HR\">Nakladnik: <\/span><\/span><\/strong><strong><span style=\"font-family: Arial, sans-serif;\">Kemijsko-tehnolo\u0161ki fakultet u Splitu<\/span><\/strong><span style=\"font-family: Arial, sans-serif;\"><span lang=\"hr-HR\"><br \/>\n<\/span><\/span><strong><span style=\"font-family: Arial, sans-serif;\"><span lang=\"hr-HR\">Godina izdanja: <\/span><\/span><\/strong><strong><span style=\"font-family: Arial, sans-serif;\">2024.<\/span><\/strong><strong><span style=\"font-family: Arial, sans-serif;\"><span lang=\"hr-HR\">.<br \/>\n<\/span><\/span><\/strong><strong><span style=\"font-family: Arial, sans-serif;\">ISBN:<\/span><\/strong><span style=\"font-family: Arial, sans-serif;\"> 978-953-7803-21-6<br \/>\n<\/span><strong><span style=\"font-family: Arial, sans-serif;\">Tisak:<\/span><\/strong><span style=\"font-family: Arial, sans-serif;\"> digitalni tisak knjiga &#8211; print na zahtjev<\/span><\/p>\n","protected":false},"excerpt":{"rendered":"<p>Skripta je napisana je u skladu s nastavnim programom kolegija Polimerni materijali koji se izvodi na prijediplomskom sveu\u010dili\u0161nom studiju Kemijska tehnologija, smjer Kemijsko in\u017eenjerstvo na Kemijsko-tehnolo\u0161kom fakultetu u Splitu. Tako\u0111er, mo\u017ee se koristiti za sve kolegije u kojim se obra\u0111uju polimerni materijali, na Kemijsko-tehnolo\u0161kom fakultetu u Splitu i na drugim visokim u\u010dili\u0161tima. U uvodnom dijelu [&hellip;]<\/p>\n","protected":false},"featured_media":16600,"comment_status":"open","ping_status":"closed","template":"","meta":{"_acf_changed":false},"product_brand":[],"product_cat":[2471,2425,1408],"product_tag":[],"class_list":{"0":"post-16599","1":"product","2":"type-product","3":"status-publish","4":"has-post-thumbnail","6":"product_cat-prirucnik","7":"product_cat-znanstveno-strucne-publikacije","8":"product_cat-tehnicke-znanosti","9":"pa_autor-branka-andricic","10":"pa_nakladnik-kemijsko-tehnoloski-fakultet-u-splitu","12":"first","13":"instock","14":"shipping-taxable","15":"purchasable","16":"product-type-simple"},"acf":[],"yoast_head":"<!-- This site is optimized with the Yoast SEO plugin v27.3 - https:\/\/yoast.com\/product\/yoast-seo-wordpress\/ -->\n<title>POLIMERNI MATERIJALI (CRNO-BIJELI TISAK), Branka Andri\u010di\u0107 - Web-knji\u017eara<\/title>\n<meta name=\"robots\" content=\"index, follow, max-snippet:-1, max-image-preview:large, max-video-preview:-1\" \/>\n<link rel=\"canonical\" href=\"https:\/\/webknjizara.hr\/proizvod\/polimerni-materijali-crno-bijeli-tisak-branka-andricic\/\" \/>\n<meta property=\"og:locale\" content=\"en_US\" \/>\n<meta property=\"og:type\" content=\"article\" \/>\n<meta property=\"og:title\" content=\"POLIMERNI MATERIJALI (CRNO-BIJELI TISAK), Branka Andri\u010di\u0107 - Web-knji\u017eara\" \/>\n<meta property=\"og:description\" content=\"Skripta je napisana je u skladu s nastavnim programom kolegija Polimerni materijali koji se izvodi na prijediplomskom sveu\u010dili\u0161nom studiju Kemijska tehnologija, smjer Kemijsko in\u017eenjerstvo na Kemijsko-tehnolo\u0161kom fakultetu u Splitu. Tako\u0111er, mo\u017ee se koristiti za sve kolegije u kojim se obra\u0111uju polimerni materijali, na Kemijsko-tehnolo\u0161kom fakultetu u Splitu i na drugim visokim u\u010dili\u0161tima. U uvodnom dijelu [&hellip;]\" \/>\n<meta property=\"og:url\" content=\"https:\/\/webknjizara.hr\/proizvod\/polimerni-materijali-crno-bijeli-tisak-branka-andricic\/\" \/>\n<meta property=\"og:site_name\" content=\"Web-knji\u017eara\" \/>\n<meta property=\"article:modified_time\" content=\"2024-03-26T11:19:45+00:00\" \/>\n<meta property=\"og:image\" content=\"https:\/\/webknjizara.hr\/wp-content\/uploads\/2024\/03\/Branka_Andricic_Polimerni_materijali__crno-bijeli_tisak_webknjizara_redak_WEB_1534.jpg\" \/>\n\t<meta property=\"og:image:width\" content=\"300\" \/>\n\t<meta property=\"og:image:height\" content=\"419\" \/>\n\t<meta property=\"og:image:type\" content=\"image\/jpeg\" \/>\n<meta name=\"twitter:card\" content=\"summary_large_image\" \/>\n<meta name=\"twitter:label1\" content=\"Est. reading time\" \/>\n\t<meta name=\"twitter:data1\" content=\"3 minutes\" \/>\n<script type=\"application\/ld+json\" class=\"yoast-schema-graph\">{\"@context\":\"https:\\\/\\\/schema.org\",\"@graph\":[{\"@type\":\"WebPage\",\"@id\":\"https:\\\/\\\/webknjizara.hr\\\/proizvod\\\/polimerni-materijali-crno-bijeli-tisak-branka-andricic\\\/\",\"url\":\"https:\\\/\\\/webknjizara.hr\\\/proizvod\\\/polimerni-materijali-crno-bijeli-tisak-branka-andricic\\\/\",\"name\":\"POLIMERNI MATERIJALI (CRNO-BIJELI TISAK), Branka Andri\u010di\u0107 - Web-knji\u017eara\",\"isPartOf\":{\"@id\":\"https:\\\/\\\/webknjizara.hr\\\/#website\"},\"primaryImageOfPage\":{\"@id\":\"https:\\\/\\\/webknjizara.hr\\\/proizvod\\\/polimerni-materijali-crno-bijeli-tisak-branka-andricic\\\/#primaryimage\"},\"image\":{\"@id\":\"https:\\\/\\\/webknjizara.hr\\\/proizvod\\\/polimerni-materijali-crno-bijeli-tisak-branka-andricic\\\/#primaryimage\"},\"thumbnailUrl\":\"https:\\\/\\\/webknjizara.hr\\\/wp-content\\\/uploads\\\/2024\\\/03\\\/Branka_Andricic_Polimerni_materijali__crno-bijeli_tisak_webknjizara_redak_WEB_1534.jpg\",\"datePublished\":\"2024-03-26T11:19:44+00:00\",\"dateModified\":\"2024-03-26T11:19:45+00:00\",\"breadcrumb\":{\"@id\":\"https:\\\/\\\/webknjizara.hr\\\/proizvod\\\/polimerni-materijali-crno-bijeli-tisak-branka-andricic\\\/#breadcrumb\"},\"inLanguage\":\"en-US\",\"potentialAction\":[{\"@type\":\"ReadAction\",\"target\":[\"https:\\\/\\\/webknjizara.hr\\\/proizvod\\\/polimerni-materijali-crno-bijeli-tisak-branka-andricic\\\/\"]}]},{\"@type\":\"ImageObject\",\"inLanguage\":\"en-US\",\"@id\":\"https:\\\/\\\/webknjizara.hr\\\/proizvod\\\/polimerni-materijali-crno-bijeli-tisak-branka-andricic\\\/#primaryimage\",\"url\":\"https:\\\/\\\/webknjizara.hr\\\/wp-content\\\/uploads\\\/2024\\\/03\\\/Branka_Andricic_Polimerni_materijali__crno-bijeli_tisak_webknjizara_redak_WEB_1534.jpg\",\"contentUrl\":\"https:\\\/\\\/webknjizara.hr\\\/wp-content\\\/uploads\\\/2024\\\/03\\\/Branka_Andricic_Polimerni_materijali__crno-bijeli_tisak_webknjizara_redak_WEB_1534.jpg\",\"width\":300,\"height\":419},{\"@type\":\"BreadcrumbList\",\"@id\":\"https:\\\/\\\/webknjizara.hr\\\/proizvod\\\/polimerni-materijali-crno-bijeli-tisak-branka-andricic\\\/#breadcrumb\",\"itemListElement\":[{\"@type\":\"ListItem\",\"position\":1,\"name\":\"Po\u010detna stranica\",\"item\":\"https:\\\/\\\/webknjizara.hr\\\/en\\\/\"},{\"@type\":\"ListItem\",\"position\":2,\"name\":\"Shop\",\"item\":\"https:\\\/\\\/webknjizara.hr\\\/shop\\\/\"},{\"@type\":\"ListItem\",\"position\":3,\"name\":\"POLIMERNI MATERIJALI (CRNO-BIJELI TISAK), Branka Andri\u010di\u0107\"}]},{\"@type\":\"WebSite\",\"@id\":\"https:\\\/\\\/webknjizara.hr\\\/#website\",\"url\":\"https:\\\/\\\/webknjizara.hr\\\/\",\"name\":\"Web Knji\u017eara\",\"description\":\"\",\"publisher\":{\"@id\":\"https:\\\/\\\/webknjizara.hr\\\/#organization\"},\"potentialAction\":[{\"@type\":\"SearchAction\",\"target\":{\"@type\":\"EntryPoint\",\"urlTemplate\":\"https:\\\/\\\/webknjizara.hr\\\/?s={search_term_string}\"},\"query-input\":{\"@type\":\"PropertyValueSpecification\",\"valueRequired\":true,\"valueName\":\"search_term_string\"}}],\"inLanguage\":\"en-US\"},{\"@type\":\"Organization\",\"@id\":\"https:\\\/\\\/webknjizara.hr\\\/#organization\",\"name\":\"REDAK D.O.O.\",\"url\":\"https:\\\/\\\/webknjizara.hr\\\/\",\"logo\":{\"@type\":\"ImageObject\",\"inLanguage\":\"en-US\",\"@id\":\"https:\\\/\\\/webknjizara.hr\\\/#\\\/schema\\\/logo\\\/image\\\/\",\"url\":\"https:\\\/\\\/webknjizara.hr\\\/wp-content\\\/uploads\\\/2023\\\/01\\\/web-knjizara-logo.webp\",\"contentUrl\":\"https:\\\/\\\/webknjizara.hr\\\/wp-content\\\/uploads\\\/2023\\\/01\\\/web-knjizara-logo.webp\",\"width\":324,\"height\":79,\"caption\":\"REDAK D.O.O.\"},\"image\":{\"@id\":\"https:\\\/\\\/webknjizara.hr\\\/#\\\/schema\\\/logo\\\/image\\\/\"}}]}<\/script>\n<!-- \/ Yoast SEO plugin. -->","yoast_head_json":{"title":"POLIMERNI MATERIJALI (CRNO-BIJELI TISAK), Branka Andri\u010di\u0107 - Web-knji\u017eara","robots":{"index":"index","follow":"follow","max-snippet":"max-snippet:-1","max-image-preview":"max-image-preview:large","max-video-preview":"max-video-preview:-1"},"canonical":"https:\/\/webknjizara.hr\/proizvod\/polimerni-materijali-crno-bijeli-tisak-branka-andricic\/","og_locale":"en_US","og_type":"article","og_title":"POLIMERNI MATERIJALI (CRNO-BIJELI TISAK), Branka Andri\u010di\u0107 - Web-knji\u017eara","og_description":"Skripta je napisana je u skladu s nastavnim programom kolegija Polimerni materijali koji se izvodi na prijediplomskom sveu\u010dili\u0161nom studiju Kemijska tehnologija, smjer Kemijsko in\u017eenjerstvo na Kemijsko-tehnolo\u0161kom fakultetu u Splitu. Tako\u0111er, mo\u017ee se koristiti za sve kolegije u kojim se obra\u0111uju polimerni materijali, na Kemijsko-tehnolo\u0161kom fakultetu u Splitu i na drugim visokim u\u010dili\u0161tima. U uvodnom dijelu [&hellip;]","og_url":"https:\/\/webknjizara.hr\/proizvod\/polimerni-materijali-crno-bijeli-tisak-branka-andricic\/","og_site_name":"Web-knji\u017eara","article_modified_time":"2024-03-26T11:19:45+00:00","og_image":[{"width":300,"height":419,"url":"https:\/\/webknjizara.hr\/wp-content\/uploads\/2024\/03\/Branka_Andricic_Polimerni_materijali__crno-bijeli_tisak_webknjizara_redak_WEB_1534.jpg","type":"image\/jpeg"}],"twitter_card":"summary_large_image","twitter_misc":{"Est. reading time":"3 minutes"},"schema":{"@context":"https:\/\/schema.org","@graph":[{"@type":"WebPage","@id":"https:\/\/webknjizara.hr\/proizvod\/polimerni-materijali-crno-bijeli-tisak-branka-andricic\/","url":"https:\/\/webknjizara.hr\/proizvod\/polimerni-materijali-crno-bijeli-tisak-branka-andricic\/","name":"POLIMERNI MATERIJALI (CRNO-BIJELI TISAK), Branka Andri\u010di\u0107 - Web-knji\u017eara","isPartOf":{"@id":"https:\/\/webknjizara.hr\/#website"},"primaryImageOfPage":{"@id":"https:\/\/webknjizara.hr\/proizvod\/polimerni-materijali-crno-bijeli-tisak-branka-andricic\/#primaryimage"},"image":{"@id":"https:\/\/webknjizara.hr\/proizvod\/polimerni-materijali-crno-bijeli-tisak-branka-andricic\/#primaryimage"},"thumbnailUrl":"https:\/\/webknjizara.hr\/wp-content\/uploads\/2024\/03\/Branka_Andricic_Polimerni_materijali__crno-bijeli_tisak_webknjizara_redak_WEB_1534.jpg","datePublished":"2024-03-26T11:19:44+00:00","dateModified":"2024-03-26T11:19:45+00:00","breadcrumb":{"@id":"https:\/\/webknjizara.hr\/proizvod\/polimerni-materijali-crno-bijeli-tisak-branka-andricic\/#breadcrumb"},"inLanguage":"en-US","potentialAction":[{"@type":"ReadAction","target":["https:\/\/webknjizara.hr\/proizvod\/polimerni-materijali-crno-bijeli-tisak-branka-andricic\/"]}]},{"@type":"ImageObject","inLanguage":"en-US","@id":"https:\/\/webknjizara.hr\/proizvod\/polimerni-materijali-crno-bijeli-tisak-branka-andricic\/#primaryimage","url":"https:\/\/webknjizara.hr\/wp-content\/uploads\/2024\/03\/Branka_Andricic_Polimerni_materijali__crno-bijeli_tisak_webknjizara_redak_WEB_1534.jpg","contentUrl":"https:\/\/webknjizara.hr\/wp-content\/uploads\/2024\/03\/Branka_Andricic_Polimerni_materijali__crno-bijeli_tisak_webknjizara_redak_WEB_1534.jpg","width":300,"height":419},{"@type":"BreadcrumbList","@id":"https:\/\/webknjizara.hr\/proizvod\/polimerni-materijali-crno-bijeli-tisak-branka-andricic\/#breadcrumb","itemListElement":[{"@type":"ListItem","position":1,"name":"Po\u010detna stranica","item":"https:\/\/webknjizara.hr\/en\/"},{"@type":"ListItem","position":2,"name":"Shop","item":"https:\/\/webknjizara.hr\/shop\/"},{"@type":"ListItem","position":3,"name":"POLIMERNI MATERIJALI (CRNO-BIJELI TISAK), Branka Andri\u010di\u0107"}]},{"@type":"WebSite","@id":"https:\/\/webknjizara.hr\/#website","url":"https:\/\/webknjizara.hr\/","name":"Web Knji\u017eara","description":"","publisher":{"@id":"https:\/\/webknjizara.hr\/#organization"},"potentialAction":[{"@type":"SearchAction","target":{"@type":"EntryPoint","urlTemplate":"https:\/\/webknjizara.hr\/?s={search_term_string}"},"query-input":{"@type":"PropertyValueSpecification","valueRequired":true,"valueName":"search_term_string"}}],"inLanguage":"en-US"},{"@type":"Organization","@id":"https:\/\/webknjizara.hr\/#organization","name":"REDAK D.O.O.","url":"https:\/\/webknjizara.hr\/","logo":{"@type":"ImageObject","inLanguage":"en-US","@id":"https:\/\/webknjizara.hr\/#\/schema\/logo\/image\/","url":"https:\/\/webknjizara.hr\/wp-content\/uploads\/2023\/01\/web-knjizara-logo.webp","contentUrl":"https:\/\/webknjizara.hr\/wp-content\/uploads\/2023\/01\/web-knjizara-logo.webp","width":324,"height":79,"caption":"REDAK D.O.O."},"image":{"@id":"https:\/\/webknjizara.hr\/#\/schema\/logo\/image\/"}}]}},"_links":{"self":[{"href":"https:\/\/webknjizara.hr\/en\/wp-json\/wp\/v2\/product\/16599","targetHints":{"allow":["GET"]}}],"collection":[{"href":"https:\/\/webknjizara.hr\/en\/wp-json\/wp\/v2\/product"}],"about":[{"href":"https:\/\/webknjizara.hr\/en\/wp-json\/wp\/v2\/types\/product"}],"replies":[{"embeddable":true,"href":"https:\/\/webknjizara.hr\/en\/wp-json\/wp\/v2\/comments?post=16599"}],"wp:featuredmedia":[{"embeddable":true,"href":"https:\/\/webknjizara.hr\/en\/wp-json\/wp\/v2\/media\/16600"}],"wp:attachment":[{"href":"https:\/\/webknjizara.hr\/en\/wp-json\/wp\/v2\/media?parent=16599"}],"wp:term":[{"taxonomy":"product_brand","embeddable":true,"href":"https:\/\/webknjizara.hr\/en\/wp-json\/wp\/v2\/product_brand?post=16599"},{"taxonomy":"product_cat","embeddable":true,"href":"https:\/\/webknjizara.hr\/en\/wp-json\/wp\/v2\/product_cat?post=16599"},{"taxonomy":"product_tag","embeddable":true,"href":"https:\/\/webknjizara.hr\/en\/wp-json\/wp\/v2\/product_tag?post=16599"}],"curies":[{"name":"wp","href":"https:\/\/api.w.org\/{rel}","templated":true}]}}