{"id":16515,"date":"2024-03-15T14:41:39","date_gmt":"2024-03-15T13:41:39","guid":{"rendered":"https:\/\/webknjizara.hr\/?post_type=product&#038;p=16515"},"modified":"2024-03-15T14:41:40","modified_gmt":"2024-03-15T13:41:40","slug":"moc-komunikacije-u-zdravstvu-vesna-anticevic-ana-curkovic-varja-dogas-slavica-kozina","status":"publish","type":"product","link":"https:\/\/webknjizara.hr\/en\/proizvod\/moc-komunikacije-u-zdravstvu-vesna-anticevic-ana-curkovic-varja-dogas-slavica-kozina\/","title":{"rendered":"MO\u0106 KOMUNIKACIJE U ZDRAVSTVU, Vesna Anti\u010devi\u0107, Ana \u0106urkovi\u0107, Varja \u0110oga\u0161, Slavica Kozina"},"content":{"rendered":"<p><span style=\"color: #000000;\"><span lang=\"hr-HR\">Rad zdravstvenih djelatnika usmjeren je na slu\u017eenje potrebama \u010dovjeka \u010dije zadovoljenje promatramo iz biopsihosocijalne perspektive. Kompetencije zdravstvenih djelatnika, osim stru\u010dnih, uklju\u010duju i me\u0111uljudske, intelektualne i tehni\u010dke sposobnosti i vje\u0161tine odnosno povezivanje stru\u010dnih znanja i vje\u0161tina, klini\u010dkog rada i me\u0111uljudske komunikacije. Komunikacijske vje\u0161tine zdravstvenih djelatnika su nu\u017ene u svim podru\u010djima profesionalnog djelovanja uklju\u010duju\u0107i prevenciju, lije\u010denje, rehabilitaciju, obrazovanje i promicanje zdravlja. Iz navedenih razloga, svi zdravstveni djelatnici, moraju unaprje\u0111ivati vlastitu komunikaciju kroz razli\u010dite oblike cjelo\u017eivotnog u\u010denja, uklju\u010duju\u0107i formalno (institucionalno), neformalno (organizirane aktivnosti u\u010denja s ciljem unapre\u0111enja znanja, vje\u0161tina i kompetencija) i informalno (u\u010denje koje nastaje iz svakodnevnih aktivnosti i iskustava vezanih uz posao) u\u010denje. <\/span><\/span><\/p>\n<p><span style=\"color: #000000;\"><span lang=\"hr-HR\">Ovaj Priru\u010dnik namijenjen je studentima preddiplomskih i diplomskih studija sestrinstva, primaljstva, radiolo\u0161ke tehnologije, fizioterapije i medicinsko-laboratorijske dijagnostike. Naglasak je na uvje\u017ebavanju komunikacijskih vje\u0161tina kroz metodi\u010dke vje\u017ebe utemeljene na interaktivnom, suradni\u010dkom i iskustvenom u\u010denju pri \u010demu se prvenstveno koriste radionice. U provedbi vje\u017ebi koriste se sljede\u0107e tehnike: individualan rad, rad u malim skupinama, rasprave u skupinama, igre uloga, prikazi slu\u010daja i sl.<\/p>\n<p><\/span><\/span><\/p>\n<p><span style=\"font-family: Arial, sans-serif;\"><span lang=\"hr-HR\"><b>Bilje\u0161ka o autoru\/autorici: <\/b><\/span><\/span><\/p>\n<p lang=\"hr-HR\"><span style=\"color: #000000;\">Izv. prof. dr. sc. Vesna Anti\u010devi\u0107 profesorica je klini\u010dke psihologije i akreditirana terapeutkinja iz kognitivno-bihevioralnih terapija. Pro\u010delnica je Katedre za dru\u0161tveno-humanisti\u010dke znanosti na Sveu\u010dili\u0161nom odjelu zdravstvenih studija Sveu\u010dili\u0161ta u Splitu.<\/span><\/p>\n<p lang=\"hr-HR\"><span style=\"color: #000000;\">Doc. dr. sc. Ana \u0106urkovi\u0107 je magistra sociologije i na Katedri za dru\u0161tveno-humanisti\u010dke znanosti na Sveu\u010dili\u0161nom odjelu zdravstvenih studija Sveu\u010dili\u0161ta u Splitu obna\u0161a funkciju zamjenice pro\u010delnice.<\/span><\/p>\n<p><span style=\"color: #000000;\"><span lang=\"hr-HR\">Izv. prof. dr. sc. Varja \u0110oga\u0161, doktorica medicine i grupni analiti\u010dar. Pro\u010delnica je Katedre za psiholo\u0161ku medicinu na Medicinskom fakultetu Sveu\u010dili\u0161ta u Splitu i \u010dlanica Katedre za dru\u0161tveno-humanisti\u010dke znanosti na Sveu\u010dili\u0161nom odjelu zdravstvenih studija. Izv. prof. dr. sc. Slavica Kozina je profesorica psihologije. \u010clanica je Katedre za dru\u0161tveno-humanisti\u010dke znanosti na Sveu\u010dili\u0161nom odjelu zdravstvenih studija te je obna\u0161ala du\u017enost zamjenice pro\u010delnice na toj Katedri. Tako\u0111er je \u010dlanica Katedre za psiholo\u0161ku medicinu na Medicinskom fakultetu Sveu\u010dili\u0161ta u Splitu. Autorice ovog priru\u010dnika ve\u0107 dugi niz godina pou\u010davaju studente komunikacijskim vje\u0161tinama na preddiplomskim i\/ili diplomskim studijima Sestrinstva, Primaljstva, Radiolo\u0161ke tehnologije, Fizioterapije i Medicinsko laboratorijske dijagnostike te su od po\u010detka sudjelovale u izradi nastavnih programa predmeta Komunikacijske vje\u0161tine u zdravstvu. Organizirale su i sudjelovale u provedbi ve\u0107eg broja programa cjelo\u017eivotnog u\u010denja namijenjenih unaprje\u0111enju komunikacijskih vje\u0161tina zdravstvenih djelatnika, objavljivale znanstvene radove iz podru\u010dja komunikacije u zdravstvu te mentorirale zavr\u0161ne i diplomske radove iz podru\u010dja<\/span><\/span><\/p>\n<p lang=\"hr-HR\"><span style=\"color: #000000;\">komunikacijskih znanosti.<\/span><\/p>\n<p>&nbsp;<\/p>\n<p><strong><span style=\"font-family: Arial, sans-serif;\"><span lang=\"hr-HR\">Naslov: <\/span><\/span><\/strong><strong><span style=\"font-family: Arial, sans-serif;\"><span lang=\"hr-HR\">Mo\u0107 komunikacije u zdravstvu<\/span><\/span><\/strong><span style=\"font-family: Arial, sans-serif;\"><span lang=\"hr-HR\"><br \/>\n<\/span><\/span><strong><span style=\"font-family: Arial, sans-serif;\"><span lang=\"hr-HR\">Autori:<\/span><\/span><\/strong><span style=\"font-family: Arial, sans-serif;\"><span lang=\"hr-HR\"> Vesna Anti\u010devi\u0107, Ana \u0106urkovi\u0107, Varja \u0110oga\u0161, Slavica Kozina<br \/>\n<\/span><\/span><strong><span style=\"font-family: Arial, sans-serif;\"><span lang=\"hr-HR\">Broj stranica: <\/span><\/span><\/strong><span style=\"font-family: Arial, sans-serif;\"><span lang=\"hr-HR\">142<\/span><\/span><span style=\"font-family: Arial, sans-serif;\"><span lang=\"hr-HR\"><br \/>\n<\/span><\/span><strong><span style=\"font-family: Arial, sans-serif;\"><span lang=\"hr-HR\">Nakladnik: <\/span><\/span><\/strong><strong><span style=\"font-family: Arial, sans-serif;\"><span lang=\"hr-HR\">SVEU\u010cILI\u0160TE U SPLITU, Sveu\u010dili\u0161ni odjel zdravstvenih studija<\/span><\/span><\/strong><span style=\"font-family: Arial, sans-serif;\"><span lang=\"hr-HR\"><br \/>\n<\/span><\/span><strong><span style=\"font-family: Arial, sans-serif;\"><span lang=\"hr-HR\">Godina izdanja: <\/span><\/span><\/strong><strong><span style=\"font-family: Arial, sans-serif;\"><span lang=\"hr-HR\">2024..<br \/>\n<\/span><\/span><\/strong><strong><span style=\"font-family: Arial, sans-serif;\"><span lang=\"hr-HR\">ISBN:<\/span><\/span><\/strong><span style=\"font-family: Arial, sans-serif;\"><span lang=\"hr-HR\"> 978-953-7220-84-6<br \/>\n<\/span><\/span><strong><span style=\"font-family: Arial, sans-serif;\"><span lang=\"hr-HR\">Tisak:<\/span><\/span><\/strong><span style=\"font-family: Arial, sans-serif;\"><span lang=\"hr-HR\"> digitalni tisak knjiga &#8211; print na zahtjev<\/span><\/span><\/p>\n","protected":false},"excerpt":{"rendered":"<p>Rad zdravstvenih djelatnika usmjeren je na slu\u017eenje potrebama \u010dovjeka \u010dije zadovoljenje promatramo iz biopsihosocijalne perspektive. Kompetencije zdravstvenih djelatnika, osim stru\u010dnih, uklju\u010duju i me\u0111uljudske, intelektualne i tehni\u010dke sposobnosti i vje\u0161tine odnosno povezivanje stru\u010dnih znanja i vje\u0161tina, klini\u010dkog rada i me\u0111uljudske komunikacije. Komunikacijske vje\u0161tine zdravstvenih djelatnika su nu\u017ene u svim podru\u010djima profesionalnog djelovanja uklju\u010duju\u0107i prevenciju, lije\u010denje, rehabilitaciju, [&hellip;]<\/p>\n","protected":false},"featured_media":16516,"comment_status":"open","ping_status":"closed","template":"","meta":{"_acf_changed":false},"product_brand":[],"product_cat":[1406],"product_tag":[],"class_list":{"0":"post-16515","1":"product","2":"type-product","3":"status-publish","4":"has-post-thumbnail","6":"product_cat-medicina","7":"pa_autor-vesna-anticevic-ana-curkovic-varja-dogas-slavica-kozina","8":"pa_nakladnik-sveuciliste-u-splitu-sveucilisni-odjel-zdravstvenih-studija","10":"first","11":"instock","12":"shipping-taxable","13":"purchasable","14":"product-type-simple"},"acf":[],"yoast_head":"<!-- This site is optimized with the Yoast SEO plugin v27.3 - https:\/\/yoast.com\/product\/yoast-seo-wordpress\/ -->\n<title>MO\u0106 KOMUNIKACIJE U ZDRAVSTVU, Vesna Anti\u010devi\u0107, Ana \u0106urkovi\u0107, Varja \u0110oga\u0161, Slavica Kozina - Web-knji\u017eara<\/title>\n<meta name=\"robots\" content=\"index, follow, max-snippet:-1, max-image-preview:large, max-video-preview:-1\" \/>\n<link rel=\"canonical\" href=\"https:\/\/webknjizara.hr\/proizvod\/moc-komunikacije-u-zdravstvu-vesna-anticevic-ana-curkovic-varja-dogas-slavica-kozina\/\" \/>\n<meta property=\"og:locale\" content=\"en_US\" \/>\n<meta property=\"og:type\" content=\"article\" \/>\n<meta property=\"og:title\" content=\"MO\u0106 KOMUNIKACIJE U ZDRAVSTVU, Vesna Anti\u010devi\u0107, Ana \u0106urkovi\u0107, Varja \u0110oga\u0161, Slavica Kozina - Web-knji\u017eara\" \/>\n<meta property=\"og:description\" content=\"Rad zdravstvenih djelatnika usmjeren je na slu\u017eenje potrebama \u010dovjeka \u010dije zadovoljenje promatramo iz biopsihosocijalne perspektive. Kompetencije zdravstvenih djelatnika, osim stru\u010dnih, uklju\u010duju i me\u0111uljudske, intelektualne i tehni\u010dke sposobnosti i vje\u0161tine odnosno povezivanje stru\u010dnih znanja i vje\u0161tina, klini\u010dkog rada i me\u0111uljudske komunikacije. Komunikacijske vje\u0161tine zdravstvenih djelatnika su nu\u017ene u svim podru\u010djima profesionalnog djelovanja uklju\u010duju\u0107i prevenciju, lije\u010denje, rehabilitaciju, [&hellip;]\" \/>\n<meta property=\"og:url\" content=\"https:\/\/webknjizara.hr\/proizvod\/moc-komunikacije-u-zdravstvu-vesna-anticevic-ana-curkovic-varja-dogas-slavica-kozina\/\" \/>\n<meta property=\"og:site_name\" content=\"Web-knji\u017eara\" \/>\n<meta property=\"article:modified_time\" content=\"2024-03-15T13:41:40+00:00\" \/>\n<meta property=\"og:image\" content=\"https:\/\/webknjizara.hr\/wp-content\/uploads\/2024\/03\/Vesna_Anticevic_Ana_Curkovic_Varja_Dogas_Slavica_Kozina_Moc_komunikacije_u_zdravstvu_webknjizara_redak_WEB_1545.jpg\" \/>\n\t<meta property=\"og:image:width\" content=\"300\" \/>\n\t<meta property=\"og:image:height\" content=\"419\" \/>\n\t<meta property=\"og:image:type\" content=\"image\/jpeg\" \/>\n<meta name=\"twitter:card\" content=\"summary_large_image\" \/>\n<meta name=\"twitter:label1\" content=\"Est. reading time\" \/>\n\t<meta name=\"twitter:data1\" content=\"3 minutes\" \/>\n<script type=\"application\/ld+json\" class=\"yoast-schema-graph\">{\"@context\":\"https:\\\/\\\/schema.org\",\"@graph\":[{\"@type\":\"WebPage\",\"@id\":\"https:\\\/\\\/webknjizara.hr\\\/proizvod\\\/moc-komunikacije-u-zdravstvu-vesna-anticevic-ana-curkovic-varja-dogas-slavica-kozina\\\/\",\"url\":\"https:\\\/\\\/webknjizara.hr\\\/proizvod\\\/moc-komunikacije-u-zdravstvu-vesna-anticevic-ana-curkovic-varja-dogas-slavica-kozina\\\/\",\"name\":\"MO\u0106 KOMUNIKACIJE U ZDRAVSTVU, Vesna Anti\u010devi\u0107, Ana \u0106urkovi\u0107, Varja \u0110oga\u0161, Slavica Kozina - Web-knji\u017eara\",\"isPartOf\":{\"@id\":\"https:\\\/\\\/webknjizara.hr\\\/#website\"},\"primaryImageOfPage\":{\"@id\":\"https:\\\/\\\/webknjizara.hr\\\/proizvod\\\/moc-komunikacije-u-zdravstvu-vesna-anticevic-ana-curkovic-varja-dogas-slavica-kozina\\\/#primaryimage\"},\"image\":{\"@id\":\"https:\\\/\\\/webknjizara.hr\\\/proizvod\\\/moc-komunikacije-u-zdravstvu-vesna-anticevic-ana-curkovic-varja-dogas-slavica-kozina\\\/#primaryimage\"},\"thumbnailUrl\":\"https:\\\/\\\/webknjizara.hr\\\/wp-content\\\/uploads\\\/2024\\\/03\\\/Vesna_Anticevic_Ana_Curkovic_Varja_Dogas_Slavica_Kozina_Moc_komunikacije_u_zdravstvu_webknjizara_redak_WEB_1545.jpg\",\"datePublished\":\"2024-03-15T13:41:39+00:00\",\"dateModified\":\"2024-03-15T13:41:40+00:00\",\"breadcrumb\":{\"@id\":\"https:\\\/\\\/webknjizara.hr\\\/proizvod\\\/moc-komunikacije-u-zdravstvu-vesna-anticevic-ana-curkovic-varja-dogas-slavica-kozina\\\/#breadcrumb\"},\"inLanguage\":\"en-US\",\"potentialAction\":[{\"@type\":\"ReadAction\",\"target\":[\"https:\\\/\\\/webknjizara.hr\\\/proizvod\\\/moc-komunikacije-u-zdravstvu-vesna-anticevic-ana-curkovic-varja-dogas-slavica-kozina\\\/\"]}]},{\"@type\":\"ImageObject\",\"inLanguage\":\"en-US\",\"@id\":\"https:\\\/\\\/webknjizara.hr\\\/proizvod\\\/moc-komunikacije-u-zdravstvu-vesna-anticevic-ana-curkovic-varja-dogas-slavica-kozina\\\/#primaryimage\",\"url\":\"https:\\\/\\\/webknjizara.hr\\\/wp-content\\\/uploads\\\/2024\\\/03\\\/Vesna_Anticevic_Ana_Curkovic_Varja_Dogas_Slavica_Kozina_Moc_komunikacije_u_zdravstvu_webknjizara_redak_WEB_1545.jpg\",\"contentUrl\":\"https:\\\/\\\/webknjizara.hr\\\/wp-content\\\/uploads\\\/2024\\\/03\\\/Vesna_Anticevic_Ana_Curkovic_Varja_Dogas_Slavica_Kozina_Moc_komunikacije_u_zdravstvu_webknjizara_redak_WEB_1545.jpg\",\"width\":300,\"height\":419},{\"@type\":\"BreadcrumbList\",\"@id\":\"https:\\\/\\\/webknjizara.hr\\\/proizvod\\\/moc-komunikacije-u-zdravstvu-vesna-anticevic-ana-curkovic-varja-dogas-slavica-kozina\\\/#breadcrumb\",\"itemListElement\":[{\"@type\":\"ListItem\",\"position\":1,\"name\":\"Po\u010detna stranica\",\"item\":\"https:\\\/\\\/webknjizara.hr\\\/en\\\/\"},{\"@type\":\"ListItem\",\"position\":2,\"name\":\"Shop\",\"item\":\"https:\\\/\\\/webknjizara.hr\\\/shop\\\/\"},{\"@type\":\"ListItem\",\"position\":3,\"name\":\"MO\u0106 KOMUNIKACIJE U ZDRAVSTVU, Vesna Anti\u010devi\u0107, Ana \u0106urkovi\u0107, Varja \u0110oga\u0161, Slavica Kozina\"}]},{\"@type\":\"WebSite\",\"@id\":\"https:\\\/\\\/webknjizara.hr\\\/#website\",\"url\":\"https:\\\/\\\/webknjizara.hr\\\/\",\"name\":\"Web Knji\u017eara\",\"description\":\"\",\"publisher\":{\"@id\":\"https:\\\/\\\/webknjizara.hr\\\/#organization\"},\"potentialAction\":[{\"@type\":\"SearchAction\",\"target\":{\"@type\":\"EntryPoint\",\"urlTemplate\":\"https:\\\/\\\/webknjizara.hr\\\/?s={search_term_string}\"},\"query-input\":{\"@type\":\"PropertyValueSpecification\",\"valueRequired\":true,\"valueName\":\"search_term_string\"}}],\"inLanguage\":\"en-US\"},{\"@type\":\"Organization\",\"@id\":\"https:\\\/\\\/webknjizara.hr\\\/#organization\",\"name\":\"REDAK D.O.O.\",\"url\":\"https:\\\/\\\/webknjizara.hr\\\/\",\"logo\":{\"@type\":\"ImageObject\",\"inLanguage\":\"en-US\",\"@id\":\"https:\\\/\\\/webknjizara.hr\\\/#\\\/schema\\\/logo\\\/image\\\/\",\"url\":\"https:\\\/\\\/webknjizara.hr\\\/wp-content\\\/uploads\\\/2023\\\/01\\\/web-knjizara-logo.webp\",\"contentUrl\":\"https:\\\/\\\/webknjizara.hr\\\/wp-content\\\/uploads\\\/2023\\\/01\\\/web-knjizara-logo.webp\",\"width\":324,\"height\":79,\"caption\":\"REDAK D.O.O.\"},\"image\":{\"@id\":\"https:\\\/\\\/webknjizara.hr\\\/#\\\/schema\\\/logo\\\/image\\\/\"}}]}<\/script>\n<!-- \/ Yoast SEO plugin. -->","yoast_head_json":{"title":"MO\u0106 KOMUNIKACIJE U ZDRAVSTVU, Vesna Anti\u010devi\u0107, Ana \u0106urkovi\u0107, Varja \u0110oga\u0161, Slavica Kozina - Web-knji\u017eara","robots":{"index":"index","follow":"follow","max-snippet":"max-snippet:-1","max-image-preview":"max-image-preview:large","max-video-preview":"max-video-preview:-1"},"canonical":"https:\/\/webknjizara.hr\/proizvod\/moc-komunikacije-u-zdravstvu-vesna-anticevic-ana-curkovic-varja-dogas-slavica-kozina\/","og_locale":"en_US","og_type":"article","og_title":"MO\u0106 KOMUNIKACIJE U ZDRAVSTVU, Vesna Anti\u010devi\u0107, Ana \u0106urkovi\u0107, Varja \u0110oga\u0161, Slavica Kozina - Web-knji\u017eara","og_description":"Rad zdravstvenih djelatnika usmjeren je na slu\u017eenje potrebama \u010dovjeka \u010dije zadovoljenje promatramo iz biopsihosocijalne perspektive. Kompetencije zdravstvenih djelatnika, osim stru\u010dnih, uklju\u010duju i me\u0111uljudske, intelektualne i tehni\u010dke sposobnosti i vje\u0161tine odnosno povezivanje stru\u010dnih znanja i vje\u0161tina, klini\u010dkog rada i me\u0111uljudske komunikacije. Komunikacijske vje\u0161tine zdravstvenih djelatnika su nu\u017ene u svim podru\u010djima profesionalnog djelovanja uklju\u010duju\u0107i prevenciju, lije\u010denje, rehabilitaciju, [&hellip;]","og_url":"https:\/\/webknjizara.hr\/proizvod\/moc-komunikacije-u-zdravstvu-vesna-anticevic-ana-curkovic-varja-dogas-slavica-kozina\/","og_site_name":"Web-knji\u017eara","article_modified_time":"2024-03-15T13:41:40+00:00","og_image":[{"width":300,"height":419,"url":"https:\/\/webknjizara.hr\/wp-content\/uploads\/2024\/03\/Vesna_Anticevic_Ana_Curkovic_Varja_Dogas_Slavica_Kozina_Moc_komunikacije_u_zdravstvu_webknjizara_redak_WEB_1545.jpg","type":"image\/jpeg"}],"twitter_card":"summary_large_image","twitter_misc":{"Est. reading time":"3 minutes"},"schema":{"@context":"https:\/\/schema.org","@graph":[{"@type":"WebPage","@id":"https:\/\/webknjizara.hr\/proizvod\/moc-komunikacije-u-zdravstvu-vesna-anticevic-ana-curkovic-varja-dogas-slavica-kozina\/","url":"https:\/\/webknjizara.hr\/proizvod\/moc-komunikacije-u-zdravstvu-vesna-anticevic-ana-curkovic-varja-dogas-slavica-kozina\/","name":"MO\u0106 KOMUNIKACIJE U ZDRAVSTVU, Vesna Anti\u010devi\u0107, Ana \u0106urkovi\u0107, Varja \u0110oga\u0161, Slavica Kozina - Web-knji\u017eara","isPartOf":{"@id":"https:\/\/webknjizara.hr\/#website"},"primaryImageOfPage":{"@id":"https:\/\/webknjizara.hr\/proizvod\/moc-komunikacije-u-zdravstvu-vesna-anticevic-ana-curkovic-varja-dogas-slavica-kozina\/#primaryimage"},"image":{"@id":"https:\/\/webknjizara.hr\/proizvod\/moc-komunikacije-u-zdravstvu-vesna-anticevic-ana-curkovic-varja-dogas-slavica-kozina\/#primaryimage"},"thumbnailUrl":"https:\/\/webknjizara.hr\/wp-content\/uploads\/2024\/03\/Vesna_Anticevic_Ana_Curkovic_Varja_Dogas_Slavica_Kozina_Moc_komunikacije_u_zdravstvu_webknjizara_redak_WEB_1545.jpg","datePublished":"2024-03-15T13:41:39+00:00","dateModified":"2024-03-15T13:41:40+00:00","breadcrumb":{"@id":"https:\/\/webknjizara.hr\/proizvod\/moc-komunikacije-u-zdravstvu-vesna-anticevic-ana-curkovic-varja-dogas-slavica-kozina\/#breadcrumb"},"inLanguage":"en-US","potentialAction":[{"@type":"ReadAction","target":["https:\/\/webknjizara.hr\/proizvod\/moc-komunikacije-u-zdravstvu-vesna-anticevic-ana-curkovic-varja-dogas-slavica-kozina\/"]}]},{"@type":"ImageObject","inLanguage":"en-US","@id":"https:\/\/webknjizara.hr\/proizvod\/moc-komunikacije-u-zdravstvu-vesna-anticevic-ana-curkovic-varja-dogas-slavica-kozina\/#primaryimage","url":"https:\/\/webknjizara.hr\/wp-content\/uploads\/2024\/03\/Vesna_Anticevic_Ana_Curkovic_Varja_Dogas_Slavica_Kozina_Moc_komunikacije_u_zdravstvu_webknjizara_redak_WEB_1545.jpg","contentUrl":"https:\/\/webknjizara.hr\/wp-content\/uploads\/2024\/03\/Vesna_Anticevic_Ana_Curkovic_Varja_Dogas_Slavica_Kozina_Moc_komunikacije_u_zdravstvu_webknjizara_redak_WEB_1545.jpg","width":300,"height":419},{"@type":"BreadcrumbList","@id":"https:\/\/webknjizara.hr\/proizvod\/moc-komunikacije-u-zdravstvu-vesna-anticevic-ana-curkovic-varja-dogas-slavica-kozina\/#breadcrumb","itemListElement":[{"@type":"ListItem","position":1,"name":"Po\u010detna stranica","item":"https:\/\/webknjizara.hr\/en\/"},{"@type":"ListItem","position":2,"name":"Shop","item":"https:\/\/webknjizara.hr\/shop\/"},{"@type":"ListItem","position":3,"name":"MO\u0106 KOMUNIKACIJE U ZDRAVSTVU, Vesna Anti\u010devi\u0107, Ana \u0106urkovi\u0107, Varja \u0110oga\u0161, Slavica Kozina"}]},{"@type":"WebSite","@id":"https:\/\/webknjizara.hr\/#website","url":"https:\/\/webknjizara.hr\/","name":"Web Knji\u017eara","description":"","publisher":{"@id":"https:\/\/webknjizara.hr\/#organization"},"potentialAction":[{"@type":"SearchAction","target":{"@type":"EntryPoint","urlTemplate":"https:\/\/webknjizara.hr\/?s={search_term_string}"},"query-input":{"@type":"PropertyValueSpecification","valueRequired":true,"valueName":"search_term_string"}}],"inLanguage":"en-US"},{"@type":"Organization","@id":"https:\/\/webknjizara.hr\/#organization","name":"REDAK D.O.O.","url":"https:\/\/webknjizara.hr\/","logo":{"@type":"ImageObject","inLanguage":"en-US","@id":"https:\/\/webknjizara.hr\/#\/schema\/logo\/image\/","url":"https:\/\/webknjizara.hr\/wp-content\/uploads\/2023\/01\/web-knjizara-logo.webp","contentUrl":"https:\/\/webknjizara.hr\/wp-content\/uploads\/2023\/01\/web-knjizara-logo.webp","width":324,"height":79,"caption":"REDAK D.O.O."},"image":{"@id":"https:\/\/webknjizara.hr\/#\/schema\/logo\/image\/"}}]}},"_links":{"self":[{"href":"https:\/\/webknjizara.hr\/en\/wp-json\/wp\/v2\/product\/16515","targetHints":{"allow":["GET"]}}],"collection":[{"href":"https:\/\/webknjizara.hr\/en\/wp-json\/wp\/v2\/product"}],"about":[{"href":"https:\/\/webknjizara.hr\/en\/wp-json\/wp\/v2\/types\/product"}],"replies":[{"embeddable":true,"href":"https:\/\/webknjizara.hr\/en\/wp-json\/wp\/v2\/comments?post=16515"}],"wp:featuredmedia":[{"embeddable":true,"href":"https:\/\/webknjizara.hr\/en\/wp-json\/wp\/v2\/media\/16516"}],"wp:attachment":[{"href":"https:\/\/webknjizara.hr\/en\/wp-json\/wp\/v2\/media?parent=16515"}],"wp:term":[{"taxonomy":"product_brand","embeddable":true,"href":"https:\/\/webknjizara.hr\/en\/wp-json\/wp\/v2\/product_brand?post=16515"},{"taxonomy":"product_cat","embeddable":true,"href":"https:\/\/webknjizara.hr\/en\/wp-json\/wp\/v2\/product_cat?post=16515"},{"taxonomy":"product_tag","embeddable":true,"href":"https:\/\/webknjizara.hr\/en\/wp-json\/wp\/v2\/product_tag?post=16515"}],"curies":[{"name":"wp","href":"https:\/\/api.w.org\/{rel}","templated":true}]}}