{"id":16492,"date":"2024-03-14T13:44:06","date_gmt":"2024-03-14T12:44:06","guid":{"rendered":"https:\/\/webknjizara.hr\/?post_type=product&#038;p=16492"},"modified":"2024-03-14T13:45:23","modified_gmt":"2024-03-14T12:45:23","slug":"budenje-transkripti-maja-samarinac","status":"publish","type":"product","link":"https:\/\/webknjizara.hr\/en\/proizvod\/budenje-transkripti-maja-samarinac\/","title":{"rendered":"BU\u0110ENJE &#8211; TRANSKRIPTI, Maja \u0160amarinac"},"content":{"rendered":"<p><span lang=\"hr-HR\">Cilj Kutka, snimki i vibracija je da vas podsjeti na va\u0161u snagu, mo\u0107 kreiranja, na va\u0161 vlastiti kontakt sa sobom. Vje\u017ebe su predstavljene na<\/span><span lang=\"hr-HR\"> jednostavan na\u010din kako bi svima bile jasne. Ali vi ste jedinstveni, va\u0161e sposobnosti su jedinstvene, va\u0161e znanje je jedinstveno.. dok slu\u0161ate predavanja i radite vje\u017ebe uvijek se podsjetite da va\u0161e znanje ide iz vas. \u0160to zna\u010di da vama vje\u017eba mo\u017ee izgledati druga\u010dije, vi mo\u017eete iznutra osjetiti da biste radili na druga\u010diji na\u010din i to je sasvim ok, slu\u0161ajte unutarnje upute. Sve \u0161to radimo na Kutku slu\u017ei isklju\u010divo da bi vas podsjetilo na vas same, ne da bi vam davalo upute kako trebate \u017eivjeti i buditi se. Upute su duboko spremljene unutar vas i ovakvim radom asistira vam se da ih prepoznate unutar sebe.<\/span><\/p>\n<p>&nbsp;<\/p>\n<p><span style=\"font-family: Arial, sans-serif;\"><span lang=\"hr-HR\"><b>Bilje\u0161ka o autorici: <\/b><\/span><\/span><\/p>\n<p lang=\"hr-HR\"><span style=\"color: #000000;\">Vi\u0161e o Maji mo\u017eete prona\u0107i na linku ispod. <\/span><\/p>\n<p><span style=\"font-family: Arial, sans-serif;\"><span lang=\"hr-HR\"><b>Link: <\/b><a href=\"http:\/\/www.onlinekutakjednostavnost.com\" target=\"_blank\" rel=\"noopener\"><span style=\"color: #000000;\">www.onlinekutakjednostavnost.com<\/span><\/a><\/span><\/span><\/p>\n<p><span style=\"font-family: Arial, sans-serif;\"><span lang=\"hr-HR\"><b>E-mail: <\/b><\/span><\/span><a href=\"http:\/\/MAILTO:jednostavnost@gmail.com\" target=\"_blank\" rel=\"noopener\"><span style=\"color: #000000;\"><span lang=\"hr-HR\"><span style=\"font-family: Arial, sans-serif;\">Maja \u0160amarinac<\/span><\/span><\/span><\/a><\/p>\n<p>&nbsp;<\/p>\n<p><strong><span style=\"font-family: Arial, sans-serif;\"><span lang=\"hr-HR\">Naslov: <\/span><\/span><\/strong><strong><span style=\"font-family: Arial, sans-serif;\"><span lang=\"hr-HR\">Bu\u0111enje &#8211; transkripti<\/span><\/span><\/strong><span style=\"font-family: Arial, sans-serif;\"><span lang=\"hr-HR\"><br \/>\n<\/span><\/span><strong><span style=\"font-family: Arial, sans-serif;\"><span lang=\"hr-HR\">Autor\/autorica:<\/span><\/span><\/strong><span style=\"font-family: Arial, sans-serif;\"><span lang=\"hr-HR\"> Maja \u0160amarinac<br \/>\n<\/span><\/span><strong><span style=\"font-family: Arial, sans-serif;\"><span lang=\"hr-HR\">Broj stranica: <\/span><\/span><\/strong><span style=\"font-family: Arial, sans-serif;\"><span lang=\"hr-HR\">774<\/span><\/span><span style=\"font-family: Arial, sans-serif;\"><span lang=\"hr-HR\"><br \/>\n<\/span><\/span><strong><span style=\"font-family: Arial, sans-serif;\"><span lang=\"hr-HR\">Nakladnik: <\/span><\/span><\/strong><strong><span style=\"font-family: Arial, sans-serif;\"><span lang=\"hr-HR\">REDAK<\/span><\/span><\/strong><span style=\"font-family: Arial, sans-serif;\"><span lang=\"hr-HR\"><br \/>\n<\/span><\/span><strong><span style=\"font-family: Arial, sans-serif;\"><span lang=\"hr-HR\">Godina izdanja: <\/span><\/span><\/strong><strong><span style=\"font-family: Arial, sans-serif;\"><span lang=\"hr-HR\">2024..<br \/>\n<\/span><\/span><\/strong><strong><span style=\"font-family: Arial, sans-serif;\"><span lang=\"hr-HR\">ISBN:<\/span><\/span><\/strong><span style=\"font-family: Arial, sans-serif;\"><span lang=\"hr-HR\"> 978-953-336-990-7<br \/>\n<\/span><\/span><strong><span style=\"font-family: Arial, sans-serif;\"><span lang=\"hr-HR\">Tisak:<\/span><\/span><\/strong><span style=\"font-family: Arial, sans-serif;\"><span lang=\"hr-HR\"> digitalni tisak knjiga &#8211; print na zahtjev<\/span><\/span><\/p>\n","protected":false},"excerpt":{"rendered":"<p>Cilj Kutka, snimki i vibracija je da vas podsjeti na va\u0161u snagu, mo\u0107 kreiranja, na va\u0161 vlastiti kontakt sa sobom. Vje\u017ebe su predstavljene na jednostavan na\u010din kako bi svima bile jasne. Ali vi ste jedinstveni, va\u0161e sposobnosti su jedinstvene, va\u0161e znanje je jedinstveno.. dok slu\u0161ate predavanja i radite vje\u017ebe uvijek se podsjetite da va\u0161e znanje [&hellip;]<\/p>\n","protected":false},"featured_media":16493,"comment_status":"open","ping_status":"closed","template":"","meta":{"_acf_changed":false},"product_brand":[],"product_cat":[1489],"product_tag":[],"class_list":{"0":"post-16492","1":"product","2":"type-product","3":"status-publish","4":"has-post-thumbnail","6":"product_cat-publicistika","7":"pa_autor-maja-samarinac","8":"pa_nakladnik-redak","10":"first","11":"instock","12":"shipping-taxable","13":"purchasable","14":"product-type-simple"},"acf":[],"yoast_head":"<!-- This site is optimized with the Yoast SEO plugin v27.3 - https:\/\/yoast.com\/product\/yoast-seo-wordpress\/ -->\n<title>BU\u0110ENJE - TRANSKRIPTI, Maja \u0160amarinac - Web-knji\u017eara<\/title>\n<meta name=\"robots\" content=\"index, follow, max-snippet:-1, max-image-preview:large, max-video-preview:-1\" \/>\n<link rel=\"canonical\" href=\"https:\/\/webknjizara.hr\/proizvod\/budenje-transkripti-maja-samarinac\/\" \/>\n<meta property=\"og:locale\" content=\"en_US\" \/>\n<meta property=\"og:type\" content=\"article\" \/>\n<meta property=\"og:title\" content=\"BU\u0110ENJE - TRANSKRIPTI, Maja \u0160amarinac - Web-knji\u017eara\" \/>\n<meta property=\"og:description\" content=\"Cilj Kutka, snimki i vibracija je da vas podsjeti na va\u0161u snagu, mo\u0107 kreiranja, na va\u0161 vlastiti kontakt sa sobom. Vje\u017ebe su predstavljene na jednostavan na\u010din kako bi svima bile jasne. Ali vi ste jedinstveni, va\u0161e sposobnosti su jedinstvene, va\u0161e znanje je jedinstveno.. dok slu\u0161ate predavanja i radite vje\u017ebe uvijek se podsjetite da va\u0161e znanje [&hellip;]\" \/>\n<meta property=\"og:url\" content=\"https:\/\/webknjizara.hr\/proizvod\/budenje-transkripti-maja-samarinac\/\" \/>\n<meta property=\"og:site_name\" content=\"Web-knji\u017eara\" \/>\n<meta property=\"article:modified_time\" content=\"2024-03-14T12:45:23+00:00\" \/>\n<meta property=\"og:image\" content=\"https:\/\/webknjizara.hr\/wp-content\/uploads\/2024\/03\/Maja_Samarinac_Budenje_-_transkripti_webknjizara_redak_WEB_1548-1.jpg\" \/>\n\t<meta property=\"og:image:width\" content=\"300\" \/>\n\t<meta property=\"og:image:height\" content=\"419\" \/>\n\t<meta property=\"og:image:type\" content=\"image\/jpeg\" \/>\n<meta name=\"twitter:card\" content=\"summary_large_image\" \/>\n<meta name=\"twitter:label1\" content=\"Est. reading time\" \/>\n\t<meta name=\"twitter:data1\" content=\"1 minute\" \/>\n<script type=\"application\/ld+json\" class=\"yoast-schema-graph\">{\"@context\":\"https:\\\/\\\/schema.org\",\"@graph\":[{\"@type\":\"WebPage\",\"@id\":\"https:\\\/\\\/webknjizara.hr\\\/proizvod\\\/budenje-transkripti-maja-samarinac\\\/\",\"url\":\"https:\\\/\\\/webknjizara.hr\\\/proizvod\\\/budenje-transkripti-maja-samarinac\\\/\",\"name\":\"BU\u0110ENJE - TRANSKRIPTI, Maja \u0160amarinac - Web-knji\u017eara\",\"isPartOf\":{\"@id\":\"https:\\\/\\\/webknjizara.hr\\\/#website\"},\"primaryImageOfPage\":{\"@id\":\"https:\\\/\\\/webknjizara.hr\\\/proizvod\\\/budenje-transkripti-maja-samarinac\\\/#primaryimage\"},\"image\":{\"@id\":\"https:\\\/\\\/webknjizara.hr\\\/proizvod\\\/budenje-transkripti-maja-samarinac\\\/#primaryimage\"},\"thumbnailUrl\":\"https:\\\/\\\/webknjizara.hr\\\/wp-content\\\/uploads\\\/2024\\\/03\\\/Maja_Samarinac_Budenje_-_transkripti_webknjizara_redak_WEB_1548-1.jpg\",\"datePublished\":\"2024-03-14T12:44:06+00:00\",\"dateModified\":\"2024-03-14T12:45:23+00:00\",\"breadcrumb\":{\"@id\":\"https:\\\/\\\/webknjizara.hr\\\/proizvod\\\/budenje-transkripti-maja-samarinac\\\/#breadcrumb\"},\"inLanguage\":\"en-US\",\"potentialAction\":[{\"@type\":\"ReadAction\",\"target\":[\"https:\\\/\\\/webknjizara.hr\\\/proizvod\\\/budenje-transkripti-maja-samarinac\\\/\"]}]},{\"@type\":\"ImageObject\",\"inLanguage\":\"en-US\",\"@id\":\"https:\\\/\\\/webknjizara.hr\\\/proizvod\\\/budenje-transkripti-maja-samarinac\\\/#primaryimage\",\"url\":\"https:\\\/\\\/webknjizara.hr\\\/wp-content\\\/uploads\\\/2024\\\/03\\\/Maja_Samarinac_Budenje_-_transkripti_webknjizara_redak_WEB_1548-1.jpg\",\"contentUrl\":\"https:\\\/\\\/webknjizara.hr\\\/wp-content\\\/uploads\\\/2024\\\/03\\\/Maja_Samarinac_Budenje_-_transkripti_webknjizara_redak_WEB_1548-1.jpg\",\"width\":300,\"height\":419},{\"@type\":\"BreadcrumbList\",\"@id\":\"https:\\\/\\\/webknjizara.hr\\\/proizvod\\\/budenje-transkripti-maja-samarinac\\\/#breadcrumb\",\"itemListElement\":[{\"@type\":\"ListItem\",\"position\":1,\"name\":\"Po\u010detna stranica\",\"item\":\"https:\\\/\\\/webknjizara.hr\\\/en\\\/\"},{\"@type\":\"ListItem\",\"position\":2,\"name\":\"Shop\",\"item\":\"https:\\\/\\\/webknjizara.hr\\\/shop\\\/\"},{\"@type\":\"ListItem\",\"position\":3,\"name\":\"BU\u0110ENJE &#8211; TRANSKRIPTI, Maja \u0160amarinac\"}]},{\"@type\":\"WebSite\",\"@id\":\"https:\\\/\\\/webknjizara.hr\\\/#website\",\"url\":\"https:\\\/\\\/webknjizara.hr\\\/\",\"name\":\"Web Knji\u017eara\",\"description\":\"\",\"publisher\":{\"@id\":\"https:\\\/\\\/webknjizara.hr\\\/#organization\"},\"potentialAction\":[{\"@type\":\"SearchAction\",\"target\":{\"@type\":\"EntryPoint\",\"urlTemplate\":\"https:\\\/\\\/webknjizara.hr\\\/?s={search_term_string}\"},\"query-input\":{\"@type\":\"PropertyValueSpecification\",\"valueRequired\":true,\"valueName\":\"search_term_string\"}}],\"inLanguage\":\"en-US\"},{\"@type\":\"Organization\",\"@id\":\"https:\\\/\\\/webknjizara.hr\\\/#organization\",\"name\":\"REDAK D.O.O.\",\"url\":\"https:\\\/\\\/webknjizara.hr\\\/\",\"logo\":{\"@type\":\"ImageObject\",\"inLanguage\":\"en-US\",\"@id\":\"https:\\\/\\\/webknjizara.hr\\\/#\\\/schema\\\/logo\\\/image\\\/\",\"url\":\"https:\\\/\\\/webknjizara.hr\\\/wp-content\\\/uploads\\\/2023\\\/01\\\/web-knjizara-logo.webp\",\"contentUrl\":\"https:\\\/\\\/webknjizara.hr\\\/wp-content\\\/uploads\\\/2023\\\/01\\\/web-knjizara-logo.webp\",\"width\":324,\"height\":79,\"caption\":\"REDAK D.O.O.\"},\"image\":{\"@id\":\"https:\\\/\\\/webknjizara.hr\\\/#\\\/schema\\\/logo\\\/image\\\/\"}}]}<\/script>\n<!-- \/ Yoast SEO plugin. -->","yoast_head_json":{"title":"BU\u0110ENJE - TRANSKRIPTI, Maja \u0160amarinac - Web-knji\u017eara","robots":{"index":"index","follow":"follow","max-snippet":"max-snippet:-1","max-image-preview":"max-image-preview:large","max-video-preview":"max-video-preview:-1"},"canonical":"https:\/\/webknjizara.hr\/proizvod\/budenje-transkripti-maja-samarinac\/","og_locale":"en_US","og_type":"article","og_title":"BU\u0110ENJE - TRANSKRIPTI, Maja \u0160amarinac - Web-knji\u017eara","og_description":"Cilj Kutka, snimki i vibracija je da vas podsjeti na va\u0161u snagu, mo\u0107 kreiranja, na va\u0161 vlastiti kontakt sa sobom. Vje\u017ebe su predstavljene na jednostavan na\u010din kako bi svima bile jasne. Ali vi ste jedinstveni, va\u0161e sposobnosti su jedinstvene, va\u0161e znanje je jedinstveno.. dok slu\u0161ate predavanja i radite vje\u017ebe uvijek se podsjetite da va\u0161e znanje [&hellip;]","og_url":"https:\/\/webknjizara.hr\/proizvod\/budenje-transkripti-maja-samarinac\/","og_site_name":"Web-knji\u017eara","article_modified_time":"2024-03-14T12:45:23+00:00","og_image":[{"width":300,"height":419,"url":"https:\/\/webknjizara.hr\/wp-content\/uploads\/2024\/03\/Maja_Samarinac_Budenje_-_transkripti_webknjizara_redak_WEB_1548-1.jpg","type":"image\/jpeg"}],"twitter_card":"summary_large_image","twitter_misc":{"Est. reading time":"1 minute"},"schema":{"@context":"https:\/\/schema.org","@graph":[{"@type":"WebPage","@id":"https:\/\/webknjizara.hr\/proizvod\/budenje-transkripti-maja-samarinac\/","url":"https:\/\/webknjizara.hr\/proizvod\/budenje-transkripti-maja-samarinac\/","name":"BU\u0110ENJE - TRANSKRIPTI, Maja \u0160amarinac - Web-knji\u017eara","isPartOf":{"@id":"https:\/\/webknjizara.hr\/#website"},"primaryImageOfPage":{"@id":"https:\/\/webknjizara.hr\/proizvod\/budenje-transkripti-maja-samarinac\/#primaryimage"},"image":{"@id":"https:\/\/webknjizara.hr\/proizvod\/budenje-transkripti-maja-samarinac\/#primaryimage"},"thumbnailUrl":"https:\/\/webknjizara.hr\/wp-content\/uploads\/2024\/03\/Maja_Samarinac_Budenje_-_transkripti_webknjizara_redak_WEB_1548-1.jpg","datePublished":"2024-03-14T12:44:06+00:00","dateModified":"2024-03-14T12:45:23+00:00","breadcrumb":{"@id":"https:\/\/webknjizara.hr\/proizvod\/budenje-transkripti-maja-samarinac\/#breadcrumb"},"inLanguage":"en-US","potentialAction":[{"@type":"ReadAction","target":["https:\/\/webknjizara.hr\/proizvod\/budenje-transkripti-maja-samarinac\/"]}]},{"@type":"ImageObject","inLanguage":"en-US","@id":"https:\/\/webknjizara.hr\/proizvod\/budenje-transkripti-maja-samarinac\/#primaryimage","url":"https:\/\/webknjizara.hr\/wp-content\/uploads\/2024\/03\/Maja_Samarinac_Budenje_-_transkripti_webknjizara_redak_WEB_1548-1.jpg","contentUrl":"https:\/\/webknjizara.hr\/wp-content\/uploads\/2024\/03\/Maja_Samarinac_Budenje_-_transkripti_webknjizara_redak_WEB_1548-1.jpg","width":300,"height":419},{"@type":"BreadcrumbList","@id":"https:\/\/webknjizara.hr\/proizvod\/budenje-transkripti-maja-samarinac\/#breadcrumb","itemListElement":[{"@type":"ListItem","position":1,"name":"Po\u010detna stranica","item":"https:\/\/webknjizara.hr\/en\/"},{"@type":"ListItem","position":2,"name":"Shop","item":"https:\/\/webknjizara.hr\/shop\/"},{"@type":"ListItem","position":3,"name":"BU\u0110ENJE &#8211; TRANSKRIPTI, Maja \u0160amarinac"}]},{"@type":"WebSite","@id":"https:\/\/webknjizara.hr\/#website","url":"https:\/\/webknjizara.hr\/","name":"Web Knji\u017eara","description":"","publisher":{"@id":"https:\/\/webknjizara.hr\/#organization"},"potentialAction":[{"@type":"SearchAction","target":{"@type":"EntryPoint","urlTemplate":"https:\/\/webknjizara.hr\/?s={search_term_string}"},"query-input":{"@type":"PropertyValueSpecification","valueRequired":true,"valueName":"search_term_string"}}],"inLanguage":"en-US"},{"@type":"Organization","@id":"https:\/\/webknjizara.hr\/#organization","name":"REDAK D.O.O.","url":"https:\/\/webknjizara.hr\/","logo":{"@type":"ImageObject","inLanguage":"en-US","@id":"https:\/\/webknjizara.hr\/#\/schema\/logo\/image\/","url":"https:\/\/webknjizara.hr\/wp-content\/uploads\/2023\/01\/web-knjizara-logo.webp","contentUrl":"https:\/\/webknjizara.hr\/wp-content\/uploads\/2023\/01\/web-knjizara-logo.webp","width":324,"height":79,"caption":"REDAK D.O.O."},"image":{"@id":"https:\/\/webknjizara.hr\/#\/schema\/logo\/image\/"}}]}},"_links":{"self":[{"href":"https:\/\/webknjizara.hr\/en\/wp-json\/wp\/v2\/product\/16492","targetHints":{"allow":["GET"]}}],"collection":[{"href":"https:\/\/webknjizara.hr\/en\/wp-json\/wp\/v2\/product"}],"about":[{"href":"https:\/\/webknjizara.hr\/en\/wp-json\/wp\/v2\/types\/product"}],"replies":[{"embeddable":true,"href":"https:\/\/webknjizara.hr\/en\/wp-json\/wp\/v2\/comments?post=16492"}],"wp:featuredmedia":[{"embeddable":true,"href":"https:\/\/webknjizara.hr\/en\/wp-json\/wp\/v2\/media\/16493"}],"wp:attachment":[{"href":"https:\/\/webknjizara.hr\/en\/wp-json\/wp\/v2\/media?parent=16492"}],"wp:term":[{"taxonomy":"product_brand","embeddable":true,"href":"https:\/\/webknjizara.hr\/en\/wp-json\/wp\/v2\/product_brand?post=16492"},{"taxonomy":"product_cat","embeddable":true,"href":"https:\/\/webknjizara.hr\/en\/wp-json\/wp\/v2\/product_cat?post=16492"},{"taxonomy":"product_tag","embeddable":true,"href":"https:\/\/webknjizara.hr\/en\/wp-json\/wp\/v2\/product_tag?post=16492"}],"curies":[{"name":"wp","href":"https:\/\/api.w.org\/{rel}","templated":true}]}}