{"id":16399,"date":"2024-03-05T14:44:26","date_gmt":"2024-03-05T13:44:26","guid":{"rendered":"https:\/\/webknjizara.hr\/?post_type=product&#038;p=16399"},"modified":"2024-03-08T08:08:40","modified_gmt":"2024-03-08T07:08:40","slug":"trn-roman-o-relikviji-svetog-trna-s-krune-gospodina-nasega-isusa-krista-marlon-macanovic","status":"publish","type":"product","link":"https:\/\/webknjizara.hr\/en\/proizvod\/trn-roman-o-relikviji-svetog-trna-s-krune-gospodina-nasega-isusa-krista-marlon-macanovic\/","title":{"rendered":"TRN ROMAN O RELIKVIJI SVETOG TRNA S KRUNE GOSPODINA NA\u0160EGA ISUSA KRISTA, Marlon Macanovi\u0107"},"content":{"rendered":"<p><span style=\"color: #000000;\"><span lang=\"hr-HR\">Rije\u010d je o romanu koji govori kako je fra Ivan Tutni\u0107 s Paga donio iz Jeruzalema (Svete Zemlje) relikviju Sv. Trna iz krune kojom je bio okrunjen Isus Krist.<\/span><\/span><\/p>\n<p>&nbsp;<\/p>\n<p><span style=\"font-family: Arial, sans-serif;\"><span lang=\"hr-HR\"><b>Bilje\u0161ka o autoru\/autorici: <\/b><\/span><\/span><\/p>\n<p><span style=\"color: #212121;\"><span lang=\"hr-HR\">Marlon Macanovi\u0107 je suprug i otac \u010detvero djece. Magistar je prava s bogatim radnim iskustvom u dr\u017eavnom i privatnom sektoru. Autor je 60 znanstvenih i stru\u010dnih pravih radova objavljenih u relevantnim \u010dasopisima. Objavio je 4 knjige:\u00a0<\/span><\/span><span style=\"color: #0000ff;\"><u><a href=\"https:\/\/webknjizara.hr\/proizvod\/kako-pronaci-posao-i-pobijediti-nezaposlenost-marlon-macanovic-magistar-prava\/\" target=\"_blank\" rel=\"noopener\"><span style=\"color: #000000;\"><span lang=\"hr-HR\">\u201eKAKO PRONA\u0106I POSAO I POBIJEDITI NEZAPOSLENOST, (Motivacijsko-pravni priru\u010dnik)\u201c<\/span><\/span><\/a><\/u><\/span><span style=\"color: #212121;\"><span lang=\"hr-HR\">, \u201e<span style=\"text-decoration: underline;\"><a href=\"https:\/\/webknjizara.hr\/proizvod\/viktor-kardinalova-pobjeda-marlon-macanovic\/\">VIKTOR, Kardinalova pobjeda<\/a><\/span>\u201c, \u201ePETRUS, Padre Petar Perica \u2013 Kristov slavuj, te \u201eISUSE, MISLI TI\u201c.<\/span><\/span><\/p>\n<p><span style=\"font-family: Arial, sans-serif;\"><span lang=\"hr-HR\"><b>E-mail: <\/b><\/span><\/span><a href=\"http:\/\/MAILTO:marlonmacanovic@gmail.com\" target=\"_blank\" rel=\"noopener\"><span style=\"color: #000000;\"><span style=\"font-family: Arial, sans-serif;\">Marlon Macanovi\u0107<\/span><\/span><\/a><\/p>\n<p>&nbsp;<\/p>\n<p><strong><span style=\"font-family: Arial, sans-serif;\"><span lang=\"hr-HR\">Naslov: <\/span><\/span><\/strong><strong><span style=\"font-family: Arial, sans-serif;\">TRN Roman o relikviji Svetog Trna s krune Gospodina na\u0161ega Isusa Krista<\/span><\/strong><span style=\"font-family: Arial, sans-serif;\"><span lang=\"hr-HR\"><br \/>\n<\/span><\/span><strong><span style=\"font-family: Arial, sans-serif;\"><span lang=\"hr-HR\">Autor\/autorica:<\/span><\/span><\/strong> <span style=\"font-family: Arial, sans-serif;\">Marlon Macanovi\u0107<\/span><span style=\"font-family: Arial, sans-serif;\"><span lang=\"hr-HR\"><br \/>\n<\/span><\/span><strong><span style=\"font-family: Arial, sans-serif;\"><span lang=\"hr-HR\">Broj stranica: <\/span><\/span><\/strong><span style=\"font-family: Arial, sans-serif;\"><span lang=\"\">104<\/span><\/span><span style=\"font-family: Arial, sans-serif;\"><span lang=\"hr-HR\"><br \/>\n<\/span><\/span><strong><span style=\"font-family: Arial, sans-serif;\"><span lang=\"hr-HR\">Nakladnik: <\/span><\/span><\/strong><strong><span style=\"font-family: Arial, sans-serif;\">Vlastita naklada<\/span><\/strong><span style=\"font-family: Arial, sans-serif;\"><span lang=\"hr-HR\"><br \/>\n<\/span><\/span><strong><span style=\"font-family: Arial, sans-serif;\"><span lang=\"hr-HR\">Godina izdanja: <\/span><\/span><\/strong><strong><span style=\"font-family: Arial, sans-serif;\">2024.<\/span><\/strong><strong><span style=\"font-family: Arial, sans-serif;\"><span lang=\"hr-HR\">.<br \/>\n<\/span><\/span><\/strong><strong><span style=\"font-family: Arial, sans-serif;\">ISBN:<\/span><\/strong><span style=\"font-family: Arial, sans-serif;\"> 978-953-59762-3-3<br \/>\n<\/span><strong><span style=\"font-family: Arial, sans-serif;\">Tisak:<\/span><\/strong><span style=\"font-family: Arial, sans-serif;\"> digitalni tisak knjiga &#8211; print na zahtjev<\/span><\/p>\n","protected":false},"excerpt":{"rendered":"<p>Rije\u010d je o romanu koji govori kako je fra Ivan Tutni\u0107 s Paga donio iz Jeruzalema (Svete Zemlje) relikviju Sv. Trna iz krune kojom je bio okrunjen Isus Krist. &nbsp; Bilje\u0161ka o autoru\/autorici: Marlon Macanovi\u0107 je suprug i otac \u010detvero djece. Magistar je prava s bogatim radnim iskustvom u dr\u017eavnom i privatnom sektoru. Autor je [&hellip;]<\/p>\n","protected":false},"featured_media":16400,"comment_status":"open","ping_status":"closed","template":"","meta":{"_acf_changed":false},"product_brand":[],"product_cat":[1400],"product_tag":[],"class_list":{"0":"post-16399","1":"product","2":"type-product","3":"status-publish","4":"has-post-thumbnail","6":"product_cat-religija-i-duhovnost","7":"pa_autor-marlon-macanovic","8":"pa_nakladnik-vlastita-naklada","10":"first","11":"instock","12":"shipping-taxable","13":"purchasable","14":"product-type-simple"},"acf":[],"yoast_head":"<!-- This site is optimized with the Yoast SEO plugin v27.3 - https:\/\/yoast.com\/product\/yoast-seo-wordpress\/ -->\n<title>TRN ROMAN O RELIKVIJI SVETOG TRNA S KRUNE GOSPODINA NA\u0160EGA ISUSA KRISTA, Marlon Macanovi\u0107 - Web-knji\u017eara<\/title>\n<meta name=\"robots\" content=\"index, follow, max-snippet:-1, max-image-preview:large, max-video-preview:-1\" \/>\n<link rel=\"canonical\" href=\"https:\/\/webknjizara.hr\/proizvod\/trn-roman-o-relikviji-svetog-trna-s-krune-gospodina-nasega-isusa-krista-marlon-macanovic\/\" \/>\n<meta property=\"og:locale\" content=\"en_US\" \/>\n<meta property=\"og:type\" content=\"article\" \/>\n<meta property=\"og:title\" content=\"TRN ROMAN O RELIKVIJI SVETOG TRNA S KRUNE GOSPODINA NA\u0160EGA ISUSA KRISTA, Marlon Macanovi\u0107 - Web-knji\u017eara\" \/>\n<meta property=\"og:description\" content=\"Rije\u010d je o romanu koji govori kako je fra Ivan Tutni\u0107 s Paga donio iz Jeruzalema (Svete Zemlje) relikviju Sv. Trna iz krune kojom je bio okrunjen Isus Krist. &nbsp; Bilje\u0161ka o autoru\/autorici: Marlon Macanovi\u0107 je suprug i otac \u010detvero djece. Magistar je prava s bogatim radnim iskustvom u dr\u017eavnom i privatnom sektoru. Autor je [&hellip;]\" \/>\n<meta property=\"og:url\" content=\"https:\/\/webknjizara.hr\/proizvod\/trn-roman-o-relikviji-svetog-trna-s-krune-gospodina-nasega-isusa-krista-marlon-macanovic\/\" \/>\n<meta property=\"og:site_name\" content=\"Web-knji\u017eara\" \/>\n<meta property=\"article:modified_time\" content=\"2024-03-08T07:08:40+00:00\" \/>\n<meta property=\"og:image\" content=\"https:\/\/webknjizara.hr\/wp-content\/uploads\/2024\/03\/Marlon_Macanovic_TRN_Roman_o_relikviji_Svetog_Trna_s_krune_Gospodina_nasega_Isusa_Krista_webknjizara_redak_WEB_1539.jpg\" \/>\n\t<meta property=\"og:image:width\" content=\"300\" \/>\n\t<meta property=\"og:image:height\" content=\"419\" \/>\n\t<meta property=\"og:image:type\" content=\"image\/jpeg\" \/>\n<meta name=\"twitter:card\" content=\"summary_large_image\" \/>\n<meta name=\"twitter:label1\" content=\"Est. reading time\" \/>\n\t<meta name=\"twitter:data1\" content=\"1 minute\" \/>\n<script type=\"application\/ld+json\" class=\"yoast-schema-graph\">{\"@context\":\"https:\\\/\\\/schema.org\",\"@graph\":[{\"@type\":\"WebPage\",\"@id\":\"https:\\\/\\\/webknjizara.hr\\\/proizvod\\\/trn-roman-o-relikviji-svetog-trna-s-krune-gospodina-nasega-isusa-krista-marlon-macanovic\\\/\",\"url\":\"https:\\\/\\\/webknjizara.hr\\\/proizvod\\\/trn-roman-o-relikviji-svetog-trna-s-krune-gospodina-nasega-isusa-krista-marlon-macanovic\\\/\",\"name\":\"TRN ROMAN O RELIKVIJI SVETOG TRNA S KRUNE GOSPODINA NA\u0160EGA ISUSA KRISTA, Marlon Macanovi\u0107 - Web-knji\u017eara\",\"isPartOf\":{\"@id\":\"https:\\\/\\\/webknjizara.hr\\\/#website\"},\"primaryImageOfPage\":{\"@id\":\"https:\\\/\\\/webknjizara.hr\\\/proizvod\\\/trn-roman-o-relikviji-svetog-trna-s-krune-gospodina-nasega-isusa-krista-marlon-macanovic\\\/#primaryimage\"},\"image\":{\"@id\":\"https:\\\/\\\/webknjizara.hr\\\/proizvod\\\/trn-roman-o-relikviji-svetog-trna-s-krune-gospodina-nasega-isusa-krista-marlon-macanovic\\\/#primaryimage\"},\"thumbnailUrl\":\"https:\\\/\\\/webknjizara.hr\\\/wp-content\\\/uploads\\\/2024\\\/03\\\/Marlon_Macanovic_TRN_Roman_o_relikviji_Svetog_Trna_s_krune_Gospodina_nasega_Isusa_Krista_webknjizara_redak_WEB_1539.jpg\",\"datePublished\":\"2024-03-05T13:44:26+00:00\",\"dateModified\":\"2024-03-08T07:08:40+00:00\",\"breadcrumb\":{\"@id\":\"https:\\\/\\\/webknjizara.hr\\\/proizvod\\\/trn-roman-o-relikviji-svetog-trna-s-krune-gospodina-nasega-isusa-krista-marlon-macanovic\\\/#breadcrumb\"},\"inLanguage\":\"en-US\",\"potentialAction\":[{\"@type\":\"ReadAction\",\"target\":[\"https:\\\/\\\/webknjizara.hr\\\/proizvod\\\/trn-roman-o-relikviji-svetog-trna-s-krune-gospodina-nasega-isusa-krista-marlon-macanovic\\\/\"]}]},{\"@type\":\"ImageObject\",\"inLanguage\":\"en-US\",\"@id\":\"https:\\\/\\\/webknjizara.hr\\\/proizvod\\\/trn-roman-o-relikviji-svetog-trna-s-krune-gospodina-nasega-isusa-krista-marlon-macanovic\\\/#primaryimage\",\"url\":\"https:\\\/\\\/webknjizara.hr\\\/wp-content\\\/uploads\\\/2024\\\/03\\\/Marlon_Macanovic_TRN_Roman_o_relikviji_Svetog_Trna_s_krune_Gospodina_nasega_Isusa_Krista_webknjizara_redak_WEB_1539.jpg\",\"contentUrl\":\"https:\\\/\\\/webknjizara.hr\\\/wp-content\\\/uploads\\\/2024\\\/03\\\/Marlon_Macanovic_TRN_Roman_o_relikviji_Svetog_Trna_s_krune_Gospodina_nasega_Isusa_Krista_webknjizara_redak_WEB_1539.jpg\",\"width\":300,\"height\":419},{\"@type\":\"BreadcrumbList\",\"@id\":\"https:\\\/\\\/webknjizara.hr\\\/proizvod\\\/trn-roman-o-relikviji-svetog-trna-s-krune-gospodina-nasega-isusa-krista-marlon-macanovic\\\/#breadcrumb\",\"itemListElement\":[{\"@type\":\"ListItem\",\"position\":1,\"name\":\"Po\u010detna stranica\",\"item\":\"https:\\\/\\\/webknjizara.hr\\\/en\\\/\"},{\"@type\":\"ListItem\",\"position\":2,\"name\":\"Shop\",\"item\":\"https:\\\/\\\/webknjizara.hr\\\/shop\\\/\"},{\"@type\":\"ListItem\",\"position\":3,\"name\":\"TRN ROMAN O RELIKVIJI SVETOG TRNA S KRUNE GOSPODINA NA\u0160EGA ISUSA KRISTA, Marlon Macanovi\u0107\"}]},{\"@type\":\"WebSite\",\"@id\":\"https:\\\/\\\/webknjizara.hr\\\/#website\",\"url\":\"https:\\\/\\\/webknjizara.hr\\\/\",\"name\":\"Web Knji\u017eara\",\"description\":\"\",\"publisher\":{\"@id\":\"https:\\\/\\\/webknjizara.hr\\\/#organization\"},\"potentialAction\":[{\"@type\":\"SearchAction\",\"target\":{\"@type\":\"EntryPoint\",\"urlTemplate\":\"https:\\\/\\\/webknjizara.hr\\\/?s={search_term_string}\"},\"query-input\":{\"@type\":\"PropertyValueSpecification\",\"valueRequired\":true,\"valueName\":\"search_term_string\"}}],\"inLanguage\":\"en-US\"},{\"@type\":\"Organization\",\"@id\":\"https:\\\/\\\/webknjizara.hr\\\/#organization\",\"name\":\"REDAK D.O.O.\",\"url\":\"https:\\\/\\\/webknjizara.hr\\\/\",\"logo\":{\"@type\":\"ImageObject\",\"inLanguage\":\"en-US\",\"@id\":\"https:\\\/\\\/webknjizara.hr\\\/#\\\/schema\\\/logo\\\/image\\\/\",\"url\":\"https:\\\/\\\/webknjizara.hr\\\/wp-content\\\/uploads\\\/2023\\\/01\\\/web-knjizara-logo.webp\",\"contentUrl\":\"https:\\\/\\\/webknjizara.hr\\\/wp-content\\\/uploads\\\/2023\\\/01\\\/web-knjizara-logo.webp\",\"width\":324,\"height\":79,\"caption\":\"REDAK D.O.O.\"},\"image\":{\"@id\":\"https:\\\/\\\/webknjizara.hr\\\/#\\\/schema\\\/logo\\\/image\\\/\"}}]}<\/script>\n<!-- \/ Yoast SEO plugin. -->","yoast_head_json":{"title":"TRN ROMAN O RELIKVIJI SVETOG TRNA S KRUNE GOSPODINA NA\u0160EGA ISUSA KRISTA, Marlon Macanovi\u0107 - Web-knji\u017eara","robots":{"index":"index","follow":"follow","max-snippet":"max-snippet:-1","max-image-preview":"max-image-preview:large","max-video-preview":"max-video-preview:-1"},"canonical":"https:\/\/webknjizara.hr\/proizvod\/trn-roman-o-relikviji-svetog-trna-s-krune-gospodina-nasega-isusa-krista-marlon-macanovic\/","og_locale":"en_US","og_type":"article","og_title":"TRN ROMAN O RELIKVIJI SVETOG TRNA S KRUNE GOSPODINA NA\u0160EGA ISUSA KRISTA, Marlon Macanovi\u0107 - Web-knji\u017eara","og_description":"Rije\u010d je o romanu koji govori kako je fra Ivan Tutni\u0107 s Paga donio iz Jeruzalema (Svete Zemlje) relikviju Sv. Trna iz krune kojom je bio okrunjen Isus Krist. &nbsp; Bilje\u0161ka o autoru\/autorici: Marlon Macanovi\u0107 je suprug i otac \u010detvero djece. Magistar je prava s bogatim radnim iskustvom u dr\u017eavnom i privatnom sektoru. Autor je [&hellip;]","og_url":"https:\/\/webknjizara.hr\/proizvod\/trn-roman-o-relikviji-svetog-trna-s-krune-gospodina-nasega-isusa-krista-marlon-macanovic\/","og_site_name":"Web-knji\u017eara","article_modified_time":"2024-03-08T07:08:40+00:00","og_image":[{"width":300,"height":419,"url":"https:\/\/webknjizara.hr\/wp-content\/uploads\/2024\/03\/Marlon_Macanovic_TRN_Roman_o_relikviji_Svetog_Trna_s_krune_Gospodina_nasega_Isusa_Krista_webknjizara_redak_WEB_1539.jpg","type":"image\/jpeg"}],"twitter_card":"summary_large_image","twitter_misc":{"Est. reading time":"1 minute"},"schema":{"@context":"https:\/\/schema.org","@graph":[{"@type":"WebPage","@id":"https:\/\/webknjizara.hr\/proizvod\/trn-roman-o-relikviji-svetog-trna-s-krune-gospodina-nasega-isusa-krista-marlon-macanovic\/","url":"https:\/\/webknjizara.hr\/proizvod\/trn-roman-o-relikviji-svetog-trna-s-krune-gospodina-nasega-isusa-krista-marlon-macanovic\/","name":"TRN ROMAN O RELIKVIJI SVETOG TRNA S KRUNE GOSPODINA NA\u0160EGA ISUSA KRISTA, Marlon Macanovi\u0107 - Web-knji\u017eara","isPartOf":{"@id":"https:\/\/webknjizara.hr\/#website"},"primaryImageOfPage":{"@id":"https:\/\/webknjizara.hr\/proizvod\/trn-roman-o-relikviji-svetog-trna-s-krune-gospodina-nasega-isusa-krista-marlon-macanovic\/#primaryimage"},"image":{"@id":"https:\/\/webknjizara.hr\/proizvod\/trn-roman-o-relikviji-svetog-trna-s-krune-gospodina-nasega-isusa-krista-marlon-macanovic\/#primaryimage"},"thumbnailUrl":"https:\/\/webknjizara.hr\/wp-content\/uploads\/2024\/03\/Marlon_Macanovic_TRN_Roman_o_relikviji_Svetog_Trna_s_krune_Gospodina_nasega_Isusa_Krista_webknjizara_redak_WEB_1539.jpg","datePublished":"2024-03-05T13:44:26+00:00","dateModified":"2024-03-08T07:08:40+00:00","breadcrumb":{"@id":"https:\/\/webknjizara.hr\/proizvod\/trn-roman-o-relikviji-svetog-trna-s-krune-gospodina-nasega-isusa-krista-marlon-macanovic\/#breadcrumb"},"inLanguage":"en-US","potentialAction":[{"@type":"ReadAction","target":["https:\/\/webknjizara.hr\/proizvod\/trn-roman-o-relikviji-svetog-trna-s-krune-gospodina-nasega-isusa-krista-marlon-macanovic\/"]}]},{"@type":"ImageObject","inLanguage":"en-US","@id":"https:\/\/webknjizara.hr\/proizvod\/trn-roman-o-relikviji-svetog-trna-s-krune-gospodina-nasega-isusa-krista-marlon-macanovic\/#primaryimage","url":"https:\/\/webknjizara.hr\/wp-content\/uploads\/2024\/03\/Marlon_Macanovic_TRN_Roman_o_relikviji_Svetog_Trna_s_krune_Gospodina_nasega_Isusa_Krista_webknjizara_redak_WEB_1539.jpg","contentUrl":"https:\/\/webknjizara.hr\/wp-content\/uploads\/2024\/03\/Marlon_Macanovic_TRN_Roman_o_relikviji_Svetog_Trna_s_krune_Gospodina_nasega_Isusa_Krista_webknjizara_redak_WEB_1539.jpg","width":300,"height":419},{"@type":"BreadcrumbList","@id":"https:\/\/webknjizara.hr\/proizvod\/trn-roman-o-relikviji-svetog-trna-s-krune-gospodina-nasega-isusa-krista-marlon-macanovic\/#breadcrumb","itemListElement":[{"@type":"ListItem","position":1,"name":"Po\u010detna stranica","item":"https:\/\/webknjizara.hr\/en\/"},{"@type":"ListItem","position":2,"name":"Shop","item":"https:\/\/webknjizara.hr\/shop\/"},{"@type":"ListItem","position":3,"name":"TRN ROMAN O RELIKVIJI SVETOG TRNA S KRUNE GOSPODINA NA\u0160EGA ISUSA KRISTA, Marlon Macanovi\u0107"}]},{"@type":"WebSite","@id":"https:\/\/webknjizara.hr\/#website","url":"https:\/\/webknjizara.hr\/","name":"Web Knji\u017eara","description":"","publisher":{"@id":"https:\/\/webknjizara.hr\/#organization"},"potentialAction":[{"@type":"SearchAction","target":{"@type":"EntryPoint","urlTemplate":"https:\/\/webknjizara.hr\/?s={search_term_string}"},"query-input":{"@type":"PropertyValueSpecification","valueRequired":true,"valueName":"search_term_string"}}],"inLanguage":"en-US"},{"@type":"Organization","@id":"https:\/\/webknjizara.hr\/#organization","name":"REDAK D.O.O.","url":"https:\/\/webknjizara.hr\/","logo":{"@type":"ImageObject","inLanguage":"en-US","@id":"https:\/\/webknjizara.hr\/#\/schema\/logo\/image\/","url":"https:\/\/webknjizara.hr\/wp-content\/uploads\/2023\/01\/web-knjizara-logo.webp","contentUrl":"https:\/\/webknjizara.hr\/wp-content\/uploads\/2023\/01\/web-knjizara-logo.webp","width":324,"height":79,"caption":"REDAK D.O.O."},"image":{"@id":"https:\/\/webknjizara.hr\/#\/schema\/logo\/image\/"}}]}},"_links":{"self":[{"href":"https:\/\/webknjizara.hr\/en\/wp-json\/wp\/v2\/product\/16399","targetHints":{"allow":["GET"]}}],"collection":[{"href":"https:\/\/webknjizara.hr\/en\/wp-json\/wp\/v2\/product"}],"about":[{"href":"https:\/\/webknjizara.hr\/en\/wp-json\/wp\/v2\/types\/product"}],"replies":[{"embeddable":true,"href":"https:\/\/webknjizara.hr\/en\/wp-json\/wp\/v2\/comments?post=16399"}],"wp:featuredmedia":[{"embeddable":true,"href":"https:\/\/webknjizara.hr\/en\/wp-json\/wp\/v2\/media\/16400"}],"wp:attachment":[{"href":"https:\/\/webknjizara.hr\/en\/wp-json\/wp\/v2\/media?parent=16399"}],"wp:term":[{"taxonomy":"product_brand","embeddable":true,"href":"https:\/\/webknjizara.hr\/en\/wp-json\/wp\/v2\/product_brand?post=16399"},{"taxonomy":"product_cat","embeddable":true,"href":"https:\/\/webknjizara.hr\/en\/wp-json\/wp\/v2\/product_cat?post=16399"},{"taxonomy":"product_tag","embeddable":true,"href":"https:\/\/webknjizara.hr\/en\/wp-json\/wp\/v2\/product_tag?post=16399"}],"curies":[{"name":"wp","href":"https:\/\/api.w.org\/{rel}","templated":true}]}}