{"id":16277,"date":"2024-02-20T15:24:31","date_gmt":"2024-02-20T14:24:31","guid":{"rendered":"https:\/\/webknjizara.hr\/?post_type=product&#038;p=16277"},"modified":"2024-02-20T15:24:33","modified_gmt":"2024-02-20T14:24:33","slug":"nauticki-turizam-hrvatske-u-boji-tihomir-lukovic","status":"publish","type":"product","link":"https:\/\/webknjizara.hr\/en\/proizvod\/nauticki-turizam-hrvatske-u-boji-tihomir-lukovic\/","title":{"rendered":"NAUTI\u010cKI TURIZAM HRVATSKE (U BOJI), Tihomir Lukovi\u0107"},"content":{"rendered":"<p lang=\"hr-HR\"><span style=\"font-family: Arno Pro, Cambria, serif;\"><span style=\"font-size: medium;\"><span style=\"color: #000000;\"><b>Proslov izv. prof. dr. sc. Tihomira Lukovi\u0107a, urednika <\/b><\/span><\/span><\/span><\/p>\n<p lang=\"hr-HR\" align=\"JUSTIFY\"><span style=\"font-family: Arno Pro, Cambria, serif;\"><span style=\"font-size: medium;\"><span style=\"color: #000000;\">Prije devet godina, dakle 2015., na projektu prvoga sveobuhvatnoga hrvatskoga ud\u017ebenika okupilo se 14 autora koji su radili na knjizi\/ud\u017ebeniku \u201eNauti\u010dki turizam Hrvatske\u201c. U proteklih devet godina u Hrvatskoj, ali i izvan Hrvatske, do\u0161lo je do bitnih promjena kao i novih spoznaja u nauti\u010dkom turizmu. Nauti\u010dki turizam kao kolegij prisutan je na gotovo svim sveu\u010dili\u0161tima i veleu\u010dili\u0161tima u hrvatskom priobalju jer je shva\u0107ena njegova va\u017enost za gospodarstvo priobalja i otoka pa tako i Hrvatske u cjelini. Nova znanja va\u017ena su za sve, ne samo za studente, nego i za struku, a posebno za dr\u017eavnu administraciju koja ulazi u ovu problematiku i donosi va\u017ene politi\u010dke i gospodarske odluke. <\/span><\/span><\/span><\/p>\n<p lang=\"hr-HR\" align=\"JUSTIFY\"><span style=\"font-family: Arno Pro, Cambria, serif;\"><span style=\"font-size: medium;\"><span style=\"color: #000000;\">Kao istra\u017eiva\u010d koji se ve\u0107 50 godina bavi nauti\u010dkim turizmom, istra\u017euje ga i objedinjava spoznaje iz cijele Europe, a posebno Mediterana i Hrvatske, znam da su znanstveni i istra\u017eiva\u010dki dosezi brojnih hrvatskih stru\u010dnjaka visoki, ali nedovoljno poznati izvan Hrvatske. Stoga ovu nepravdu \u017eelim ispraviti ne samo ovim ud\u017ebenikom, nego i sljede\u0107im koji \u0107e predstavljati prijevod ovog ud\u017ebenika na engleski jezik te \u0107e biti distribuiran u svijet. <\/span><\/span><\/span><\/p>\n<p lang=\"hr-HR\" align=\"JUSTIFY\"><span style=\"color: #000000;\"><span style=\"font-family: Arno Pro, Cambria, serif;\"><span style=\"font-size: medium;\">A sad o ovoj knjizi. <\/span><\/span><\/span><\/p>\n<p lang=\"hr-HR\" align=\"JUSTIFY\"><span style=\"font-family: Arno Pro, Cambria, serif;\"><span style=\"font-size: medium;\"><span style=\"color: #000000;\">Dakle, zahvalan sam i zadovoljan \u0161to sam urednik ove nove knjige pod istim nazivom \u201eNauti\u010dki turizam Hrvatske, drugo dopunjeno izdanje\u201c koja je okupila 26 autora koji su u podru\u010dju nauti\u010dkog turizma u samom istra\u017eiva\u010dkom vrhu Hrvatske. Pristup ovoj knjizi bio je usmjeren na ekonomski aspekt nauti\u010dkog turizma, a tako\u0111er i na pomorski segment kao i va\u017ee\u0107u hrvatsku legislativu. Posebno je va\u017eno za razvoj znanosti u Hrvatskoj da svi imamo isti ud\u017ebenik kao podlogu na svojim predavanjima te da na njegovim temeljima godinama razvijamo misao i spoznaje nauti\u010dkog turizma kako bismo mo\u017eda, ako Bog da, za sljede\u0107ih desetak godina pristupili novom istoimenom projektu, ali na ve\u0107oj razini i s vi\u0161e novih spoznaja. Znanstvena misao nema granica i mora se stalno razvijati, pa i za ovu knjigu dan njezina izdavanja za sve nas mora biti \u201eju\u010der\u201c, jer ve\u0107 \u201esutra\u201c moramo vi\u0161e znati. <\/span><\/span><\/span><\/p>\n<p lang=\"hr-HR\" align=\"JUSTIFY\"><span style=\"font-family: Arno Pro, Cambria, serif;\"><span style=\"font-size: medium;\"><span style=\"color: #000000;\">Posebna kvaliteta ovog ud\u017ebenika nije samo nabrajanje \u010dinjenica ni statisti\u010dkih podataka, nego ulazak u rasprave, kriti\u010dko znanstveno razmi\u0161ljanje, ukazivanje na probleme uz prijedlog rje\u0161enja. Razvoj kriti\u010dke misli va\u017ean je za Hrvatsku i njezinu budu\u0107nost, kako bi mlade generacije na\u0161le svoje mjesto i \u017eivot u svojoj dr\u017eavi, radile u hrvatskim poduze\u0107ima, razvijale hrvatsko poduzetni\u0161tvo, a ne slu\u017eile stranom kapitalu ili pak iseljavale se iz raznih razloga. To zna\u010di da su nova znanja i spoznaje potrebni svima jer tra\u017eena dinamika razvoja mora se ostvariti, i to ne ulaganjima i preuzimanjima od strane stranog kapitala, ve\u0107 unutar doma\u0107eg hrvatskog poduzetni\u0161tva kojemu pripadaju svi subjekti nauti\u010dkog turizma. <\/span><\/span><\/span><\/p>\n<p lang=\"hr-HR\" align=\"JUSTIFY\"><span style=\"font-family: Arno Pro, Cambria, serif;\"><span style=\"font-size: medium;\"><span style=\"color: #000000;\">Posebno zahvaljujem svim autorima ovoga hrvatskoga ud\u017ebenika i knjige kao i sljede\u0107e koja \u0107e se objaviti na engleskom jeziku i izra\u017eavam zadovoljstvo \u0161to smo se okupili na ovom projektu. Tako\u0111er, trebam zahvaliti sponzorima koji su poduprli izdavanje knjige, a posebno Marini Frapa koja je \u201ekrivac\u201c da imamo ovu knjigu i \u201eu koloru\u201c. Svi autori svojim su radovima dokazali visoku i \u010delnu poziciju u segmentima nauti\u010dkog turizma kojim se bave i godinama vrijedno istra\u017euju. <\/span><\/span><\/span><\/p>\n<p lang=\"hr-HR\" align=\"JUSTIFY\"><span style=\"font-family: Arno Pro, Cambria, serif;\"><span style=\"font-size: medium;\"><span style=\"color: #000000;\">Stoga, na kraju ovog uredni\u010dkog proslova autorima i sponzorima iskreno zahvaljujem i o\u010dekujem jo\u0161 bolju budu\u0107u suradnju u cilju razvoja hrvatskoga nauti\u010dkoga turizma i Hrvatske u cjelini. <\/span><\/span><\/span><\/p>\n<p><span style=\"font-size: medium;\"><i>prosinac 2023.<\/i><\/span><\/p>\n<p>&nbsp;<\/p>\n<p><strong><span style=\"font-family: Arial, sans-serif;\"><span lang=\"hr-HR\">Naslov: <\/span><\/span><\/strong><strong><span style=\"font-family: Arial, sans-serif;\">Nauti\u010dki turizam Hrvatske (u boji)<\/span><\/strong><span style=\"font-family: Arial, sans-serif;\"><span lang=\"hr-HR\"><br \/>\n<\/span><\/span><strong><span style=\"font-family: Arial, sans-serif;\"><span lang=\"hr-HR\">Autor\/autorica:<\/span><\/span><\/strong> <span style=\"font-family: Arial, sans-serif;\">Tihomir Lukovi\u0107<\/span><span style=\"font-family: Arial, sans-serif;\"><span lang=\"hr-HR\"><br \/>\n<\/span><\/span><strong><span style=\"font-family: Arial, sans-serif;\"><span lang=\"hr-HR\">Broj stranica: <\/span><\/span><\/strong><span style=\"font-family: Arial, sans-serif;\"><span lang=\"\">338<\/span><\/span><span style=\"font-family: Arial, sans-serif;\"><span lang=\"hr-HR\"><br \/>\n<\/span><\/span><strong><span style=\"font-family: Arial, sans-serif;\"><span lang=\"hr-HR\">Nakladnik: <\/span><\/span><\/strong><strong><span style=\"font-family: Arial, sans-serif;\">REDAK<\/span><\/strong><span style=\"font-family: Arial, sans-serif;\"><span lang=\"hr-HR\"><br \/>\n<\/span><\/span><strong><span style=\"font-family: Arial, sans-serif;\"><span lang=\"hr-HR\">Godina izdanja: <\/span><\/span><\/strong><strong><span style=\"font-family: Arial, sans-serif;\">2024.<\/span><\/strong><strong><span style=\"font-family: Arial, sans-serif;\"><span lang=\"hr-HR\">.<br \/>\n<\/span><\/span><\/strong><strong><span style=\"font-family: Arial, sans-serif;\"><span lang=\"hr-HR\">ISBN:<\/span><\/span><\/strong> <span style=\"font-family: Arial, sans-serif;\">978-953-336-984-6<\/span><span style=\"font-family: Arial, sans-serif;\"><span lang=\"hr-HR\"><br \/>\n<\/span><\/span><strong><span style=\"font-family: Arial, sans-serif;\"><span lang=\"hr-HR\">Tisak:<\/span><\/span><\/strong><span style=\"font-family: Arial, sans-serif;\"><span lang=\"hr-HR\"> digitalni tisak knjiga &#8211; print na zahtjev<\/span><\/span><\/p>\n","protected":false},"excerpt":{"rendered":"<p>Proslov izv. prof. dr. sc. Tihomira Lukovi\u0107a, urednika Prije devet godina, dakle 2015., na projektu prvoga sveobuhvatnoga hrvatskoga ud\u017ebenika okupilo se 14 autora koji su radili na knjizi\/ud\u017ebeniku \u201eNauti\u010dki turizam Hrvatske\u201c. U proteklih devet godina u Hrvatskoj, ali i izvan Hrvatske, do\u0161lo je do bitnih promjena kao i novih spoznaja u nauti\u010dkom turizmu. Nauti\u010dki turizam [&hellip;]<\/p>\n","protected":false},"featured_media":16278,"comment_status":"open","ping_status":"closed","template":"","meta":{"_acf_changed":false},"product_brand":[],"product_cat":[1527],"product_tag":[],"class_list":{"0":"post-16277","1":"product","2":"type-product","3":"status-publish","4":"has-post-thumbnail","6":"product_cat-sveucilisni-udzbenici","7":"pa_autor-tihomir-lukovic","8":"pa_nakladnik-redak","10":"first","11":"instock","12":"shipping-taxable","13":"purchasable","14":"product-type-simple"},"acf":[],"yoast_head":"<!-- This site is optimized with the Yoast SEO plugin v27.3 - https:\/\/yoast.com\/product\/yoast-seo-wordpress\/ -->\n<title>NAUTI\u010cKI TURIZAM HRVATSKE (U BOJI), Tihomir Lukovi\u0107 - Web-knji\u017eara<\/title>\n<meta name=\"robots\" content=\"index, follow, max-snippet:-1, max-image-preview:large, max-video-preview:-1\" \/>\n<link rel=\"canonical\" href=\"https:\/\/webknjizara.hr\/proizvod\/nauticki-turizam-hrvatske-u-boji-tihomir-lukovic\/\" \/>\n<meta property=\"og:locale\" content=\"en_US\" \/>\n<meta property=\"og:type\" content=\"article\" \/>\n<meta property=\"og:title\" content=\"NAUTI\u010cKI TURIZAM HRVATSKE (U BOJI), Tihomir Lukovi\u0107 - Web-knji\u017eara\" \/>\n<meta property=\"og:description\" content=\"Proslov izv. prof. dr. sc. Tihomira Lukovi\u0107a, urednika Prije devet godina, dakle 2015., na projektu prvoga sveobuhvatnoga hrvatskoga ud\u017ebenika okupilo se 14 autora koji su radili na knjizi\/ud\u017ebeniku \u201eNauti\u010dki turizam Hrvatske\u201c. U proteklih devet godina u Hrvatskoj, ali i izvan Hrvatske, do\u0161lo je do bitnih promjena kao i novih spoznaja u nauti\u010dkom turizmu. Nauti\u010dki turizam [&hellip;]\" \/>\n<meta property=\"og:url\" content=\"https:\/\/webknjizara.hr\/proizvod\/nauticki-turizam-hrvatske-u-boji-tihomir-lukovic\/\" \/>\n<meta property=\"og:site_name\" content=\"Web-knji\u017eara\" \/>\n<meta property=\"article:modified_time\" content=\"2024-02-20T14:24:33+00:00\" \/>\n<meta property=\"og:image\" content=\"https:\/\/webknjizara.hr\/wp-content\/uploads\/2024\/02\/Tihomir_Lukovic_Nauticki_turizam_Hrvatske_u_boji_webknjizara_redak_WEB_1511.jpg\" \/>\n\t<meta property=\"og:image:width\" content=\"300\" \/>\n\t<meta property=\"og:image:height\" content=\"419\" \/>\n\t<meta property=\"og:image:type\" content=\"image\/jpeg\" \/>\n<meta name=\"twitter:card\" content=\"summary_large_image\" \/>\n<meta name=\"twitter:label1\" content=\"Est. reading time\" \/>\n\t<meta name=\"twitter:data1\" content=\"3 minutes\" \/>\n<script type=\"application\/ld+json\" class=\"yoast-schema-graph\">{\"@context\":\"https:\\\/\\\/schema.org\",\"@graph\":[{\"@type\":\"WebPage\",\"@id\":\"https:\\\/\\\/webknjizara.hr\\\/proizvod\\\/nauticki-turizam-hrvatske-u-boji-tihomir-lukovic\\\/\",\"url\":\"https:\\\/\\\/webknjizara.hr\\\/proizvod\\\/nauticki-turizam-hrvatske-u-boji-tihomir-lukovic\\\/\",\"name\":\"NAUTI\u010cKI TURIZAM HRVATSKE (U BOJI), Tihomir Lukovi\u0107 - Web-knji\u017eara\",\"isPartOf\":{\"@id\":\"https:\\\/\\\/webknjizara.hr\\\/#website\"},\"primaryImageOfPage\":{\"@id\":\"https:\\\/\\\/webknjizara.hr\\\/proizvod\\\/nauticki-turizam-hrvatske-u-boji-tihomir-lukovic\\\/#primaryimage\"},\"image\":{\"@id\":\"https:\\\/\\\/webknjizara.hr\\\/proizvod\\\/nauticki-turizam-hrvatske-u-boji-tihomir-lukovic\\\/#primaryimage\"},\"thumbnailUrl\":\"https:\\\/\\\/webknjizara.hr\\\/wp-content\\\/uploads\\\/2024\\\/02\\\/Tihomir_Lukovic_Nauticki_turizam_Hrvatske_u_boji_webknjizara_redak_WEB_1511.jpg\",\"datePublished\":\"2024-02-20T14:24:31+00:00\",\"dateModified\":\"2024-02-20T14:24:33+00:00\",\"breadcrumb\":{\"@id\":\"https:\\\/\\\/webknjizara.hr\\\/proizvod\\\/nauticki-turizam-hrvatske-u-boji-tihomir-lukovic\\\/#breadcrumb\"},\"inLanguage\":\"en-US\",\"potentialAction\":[{\"@type\":\"ReadAction\",\"target\":[\"https:\\\/\\\/webknjizara.hr\\\/proizvod\\\/nauticki-turizam-hrvatske-u-boji-tihomir-lukovic\\\/\"]}]},{\"@type\":\"ImageObject\",\"inLanguage\":\"en-US\",\"@id\":\"https:\\\/\\\/webknjizara.hr\\\/proizvod\\\/nauticki-turizam-hrvatske-u-boji-tihomir-lukovic\\\/#primaryimage\",\"url\":\"https:\\\/\\\/webknjizara.hr\\\/wp-content\\\/uploads\\\/2024\\\/02\\\/Tihomir_Lukovic_Nauticki_turizam_Hrvatske_u_boji_webknjizara_redak_WEB_1511.jpg\",\"contentUrl\":\"https:\\\/\\\/webknjizara.hr\\\/wp-content\\\/uploads\\\/2024\\\/02\\\/Tihomir_Lukovic_Nauticki_turizam_Hrvatske_u_boji_webknjizara_redak_WEB_1511.jpg\",\"width\":300,\"height\":419},{\"@type\":\"BreadcrumbList\",\"@id\":\"https:\\\/\\\/webknjizara.hr\\\/proizvod\\\/nauticki-turizam-hrvatske-u-boji-tihomir-lukovic\\\/#breadcrumb\",\"itemListElement\":[{\"@type\":\"ListItem\",\"position\":1,\"name\":\"Po\u010detna stranica\",\"item\":\"https:\\\/\\\/webknjizara.hr\\\/en\\\/\"},{\"@type\":\"ListItem\",\"position\":2,\"name\":\"Shop\",\"item\":\"https:\\\/\\\/webknjizara.hr\\\/shop\\\/\"},{\"@type\":\"ListItem\",\"position\":3,\"name\":\"NAUTI\u010cKI TURIZAM HRVATSKE (U BOJI), Tihomir Lukovi\u0107\"}]},{\"@type\":\"WebSite\",\"@id\":\"https:\\\/\\\/webknjizara.hr\\\/#website\",\"url\":\"https:\\\/\\\/webknjizara.hr\\\/\",\"name\":\"Web Knji\u017eara\",\"description\":\"\",\"publisher\":{\"@id\":\"https:\\\/\\\/webknjizara.hr\\\/#organization\"},\"potentialAction\":[{\"@type\":\"SearchAction\",\"target\":{\"@type\":\"EntryPoint\",\"urlTemplate\":\"https:\\\/\\\/webknjizara.hr\\\/?s={search_term_string}\"},\"query-input\":{\"@type\":\"PropertyValueSpecification\",\"valueRequired\":true,\"valueName\":\"search_term_string\"}}],\"inLanguage\":\"en-US\"},{\"@type\":\"Organization\",\"@id\":\"https:\\\/\\\/webknjizara.hr\\\/#organization\",\"name\":\"REDAK D.O.O.\",\"url\":\"https:\\\/\\\/webknjizara.hr\\\/\",\"logo\":{\"@type\":\"ImageObject\",\"inLanguage\":\"en-US\",\"@id\":\"https:\\\/\\\/webknjizara.hr\\\/#\\\/schema\\\/logo\\\/image\\\/\",\"url\":\"https:\\\/\\\/webknjizara.hr\\\/wp-content\\\/uploads\\\/2023\\\/01\\\/web-knjizara-logo.webp\",\"contentUrl\":\"https:\\\/\\\/webknjizara.hr\\\/wp-content\\\/uploads\\\/2023\\\/01\\\/web-knjizara-logo.webp\",\"width\":324,\"height\":79,\"caption\":\"REDAK D.O.O.\"},\"image\":{\"@id\":\"https:\\\/\\\/webknjizara.hr\\\/#\\\/schema\\\/logo\\\/image\\\/\"}}]}<\/script>\n<!-- \/ Yoast SEO plugin. -->","yoast_head_json":{"title":"NAUTI\u010cKI TURIZAM HRVATSKE (U BOJI), Tihomir Lukovi\u0107 - Web-knji\u017eara","robots":{"index":"index","follow":"follow","max-snippet":"max-snippet:-1","max-image-preview":"max-image-preview:large","max-video-preview":"max-video-preview:-1"},"canonical":"https:\/\/webknjizara.hr\/proizvod\/nauticki-turizam-hrvatske-u-boji-tihomir-lukovic\/","og_locale":"en_US","og_type":"article","og_title":"NAUTI\u010cKI TURIZAM HRVATSKE (U BOJI), Tihomir Lukovi\u0107 - Web-knji\u017eara","og_description":"Proslov izv. prof. dr. sc. Tihomira Lukovi\u0107a, urednika Prije devet godina, dakle 2015., na projektu prvoga sveobuhvatnoga hrvatskoga ud\u017ebenika okupilo se 14 autora koji su radili na knjizi\/ud\u017ebeniku \u201eNauti\u010dki turizam Hrvatske\u201c. U proteklih devet godina u Hrvatskoj, ali i izvan Hrvatske, do\u0161lo je do bitnih promjena kao i novih spoznaja u nauti\u010dkom turizmu. Nauti\u010dki turizam [&hellip;]","og_url":"https:\/\/webknjizara.hr\/proizvod\/nauticki-turizam-hrvatske-u-boji-tihomir-lukovic\/","og_site_name":"Web-knji\u017eara","article_modified_time":"2024-02-20T14:24:33+00:00","og_image":[{"width":300,"height":419,"url":"https:\/\/webknjizara.hr\/wp-content\/uploads\/2024\/02\/Tihomir_Lukovic_Nauticki_turizam_Hrvatske_u_boji_webknjizara_redak_WEB_1511.jpg","type":"image\/jpeg"}],"twitter_card":"summary_large_image","twitter_misc":{"Est. reading time":"3 minutes"},"schema":{"@context":"https:\/\/schema.org","@graph":[{"@type":"WebPage","@id":"https:\/\/webknjizara.hr\/proizvod\/nauticki-turizam-hrvatske-u-boji-tihomir-lukovic\/","url":"https:\/\/webknjizara.hr\/proizvod\/nauticki-turizam-hrvatske-u-boji-tihomir-lukovic\/","name":"NAUTI\u010cKI TURIZAM HRVATSKE (U BOJI), Tihomir Lukovi\u0107 - Web-knji\u017eara","isPartOf":{"@id":"https:\/\/webknjizara.hr\/#website"},"primaryImageOfPage":{"@id":"https:\/\/webknjizara.hr\/proizvod\/nauticki-turizam-hrvatske-u-boji-tihomir-lukovic\/#primaryimage"},"image":{"@id":"https:\/\/webknjizara.hr\/proizvod\/nauticki-turizam-hrvatske-u-boji-tihomir-lukovic\/#primaryimage"},"thumbnailUrl":"https:\/\/webknjizara.hr\/wp-content\/uploads\/2024\/02\/Tihomir_Lukovic_Nauticki_turizam_Hrvatske_u_boji_webknjizara_redak_WEB_1511.jpg","datePublished":"2024-02-20T14:24:31+00:00","dateModified":"2024-02-20T14:24:33+00:00","breadcrumb":{"@id":"https:\/\/webknjizara.hr\/proizvod\/nauticki-turizam-hrvatske-u-boji-tihomir-lukovic\/#breadcrumb"},"inLanguage":"en-US","potentialAction":[{"@type":"ReadAction","target":["https:\/\/webknjizara.hr\/proizvod\/nauticki-turizam-hrvatske-u-boji-tihomir-lukovic\/"]}]},{"@type":"ImageObject","inLanguage":"en-US","@id":"https:\/\/webknjizara.hr\/proizvod\/nauticki-turizam-hrvatske-u-boji-tihomir-lukovic\/#primaryimage","url":"https:\/\/webknjizara.hr\/wp-content\/uploads\/2024\/02\/Tihomir_Lukovic_Nauticki_turizam_Hrvatske_u_boji_webknjizara_redak_WEB_1511.jpg","contentUrl":"https:\/\/webknjizara.hr\/wp-content\/uploads\/2024\/02\/Tihomir_Lukovic_Nauticki_turizam_Hrvatske_u_boji_webknjizara_redak_WEB_1511.jpg","width":300,"height":419},{"@type":"BreadcrumbList","@id":"https:\/\/webknjizara.hr\/proizvod\/nauticki-turizam-hrvatske-u-boji-tihomir-lukovic\/#breadcrumb","itemListElement":[{"@type":"ListItem","position":1,"name":"Po\u010detna stranica","item":"https:\/\/webknjizara.hr\/en\/"},{"@type":"ListItem","position":2,"name":"Shop","item":"https:\/\/webknjizara.hr\/shop\/"},{"@type":"ListItem","position":3,"name":"NAUTI\u010cKI TURIZAM HRVATSKE (U BOJI), Tihomir Lukovi\u0107"}]},{"@type":"WebSite","@id":"https:\/\/webknjizara.hr\/#website","url":"https:\/\/webknjizara.hr\/","name":"Web Knji\u017eara","description":"","publisher":{"@id":"https:\/\/webknjizara.hr\/#organization"},"potentialAction":[{"@type":"SearchAction","target":{"@type":"EntryPoint","urlTemplate":"https:\/\/webknjizara.hr\/?s={search_term_string}"},"query-input":{"@type":"PropertyValueSpecification","valueRequired":true,"valueName":"search_term_string"}}],"inLanguage":"en-US"},{"@type":"Organization","@id":"https:\/\/webknjizara.hr\/#organization","name":"REDAK D.O.O.","url":"https:\/\/webknjizara.hr\/","logo":{"@type":"ImageObject","inLanguage":"en-US","@id":"https:\/\/webknjizara.hr\/#\/schema\/logo\/image\/","url":"https:\/\/webknjizara.hr\/wp-content\/uploads\/2023\/01\/web-knjizara-logo.webp","contentUrl":"https:\/\/webknjizara.hr\/wp-content\/uploads\/2023\/01\/web-knjizara-logo.webp","width":324,"height":79,"caption":"REDAK D.O.O."},"image":{"@id":"https:\/\/webknjizara.hr\/#\/schema\/logo\/image\/"}}]}},"_links":{"self":[{"href":"https:\/\/webknjizara.hr\/en\/wp-json\/wp\/v2\/product\/16277","targetHints":{"allow":["GET"]}}],"collection":[{"href":"https:\/\/webknjizara.hr\/en\/wp-json\/wp\/v2\/product"}],"about":[{"href":"https:\/\/webknjizara.hr\/en\/wp-json\/wp\/v2\/types\/product"}],"replies":[{"embeddable":true,"href":"https:\/\/webknjizara.hr\/en\/wp-json\/wp\/v2\/comments?post=16277"}],"wp:featuredmedia":[{"embeddable":true,"href":"https:\/\/webknjizara.hr\/en\/wp-json\/wp\/v2\/media\/16278"}],"wp:attachment":[{"href":"https:\/\/webknjizara.hr\/en\/wp-json\/wp\/v2\/media?parent=16277"}],"wp:term":[{"taxonomy":"product_brand","embeddable":true,"href":"https:\/\/webknjizara.hr\/en\/wp-json\/wp\/v2\/product_brand?post=16277"},{"taxonomy":"product_cat","embeddable":true,"href":"https:\/\/webknjizara.hr\/en\/wp-json\/wp\/v2\/product_cat?post=16277"},{"taxonomy":"product_tag","embeddable":true,"href":"https:\/\/webknjizara.hr\/en\/wp-json\/wp\/v2\/product_tag?post=16277"}],"curies":[{"name":"wp","href":"https:\/\/api.w.org\/{rel}","templated":true}]}}