{"id":16190,"date":"2024-02-08T15:39:25","date_gmt":"2024-02-08T14:39:25","guid":{"rendered":"https:\/\/webknjizara.hr\/?post_type=product&#038;p=16190"},"modified":"2024-02-08T15:39:26","modified_gmt":"2024-02-08T14:39:26","slug":"putovanje-prema-osnazenju-kako-razviti-svoj-potencijal-i-postici-zivotnu-srecu-ivan-galic","status":"publish","type":"product","link":"https:\/\/webknjizara.hr\/en\/proizvod\/putovanje-prema-osnazenju-kako-razviti-svoj-potencijal-i-postici-zivotnu-srecu-ivan-galic\/","title":{"rendered":"PUTOVANJE PREMA OSNA\u017dENJU: KAKO RAZVITI SVOJ POTENCIJAL I POSTI\u0106I \u017dIVOTNU SRE\u0106U, Ivan Gali\u0107"},"content":{"rendered":"<p lang=\"hr-HR\">Putovanje prema osna\u017eenju&#8221; knjiga je koja nudi savjete, vje\u017ebe i motivaciju za razvoj osobnog potencijala i pronalazak \u017eivotne sre\u0107e. Svojim iskustvom kao profesor i ljubitelj popularne psihologije, Gali\u0107 donosi prakti\u010dne i dostupne metode kojima \u010ditatelji mogu ovladati kako bi postigli svoje ciljeve i prepoznali svoj unutarnji potencijal.<\/p>\n<p lang=\"hr-HR\">\n<p><span style=\"font-family: Arial, sans-serif;\"><span lang=\"hr-HR\"><b>Bilje\u0161ka o autoru: <\/b><\/span><\/span><\/p>\n<p lang=\"hr-HR\">Ro\u0111en u \u0160ibeniku 13. 2. 1989. Osnovnu \u0161kolu zavr\u0161io je na Miljevcima, a gimnaziju u Drni\u0161u. Na Filozofskom fakultetu u Zadru diplomirao je hrvatski jezik i knji\u017eevnost.<\/p>\n<p lang=\"hr-HR\">Gali\u0107 je trenutno zaposlen kao profesor hrvatskog jezika i knji\u017eevnosti u srednjoj \u0161koli gdje dijeli svoje znanje i ljubav prema jeziku s mladim generacijama. Uz to, posjeduje strast prema popularnoj psihologiji i aktivno je uklju\u010den u njezino prou\u010davanje. Njegov interes za teme kao \u0161to su samorazvoj, osobni potencijal i pronalazak \u017eivotne sre\u0107e usmjerio ga je prema pisanju knjige koja \u0107e pomo\u0107i \u010ditateljima na njihovu putu prema osna\u017eivanju.<\/p>\n<p><span style=\"font-family: Arial, sans-serif;\"><span lang=\"hr-HR\"><b>E-mail: <\/b><\/span><\/span><a href=\"http:\/\/MAILTO:galic6031@gmail.com\" target=\"_blank\" rel=\"noopener\"><span style=\"color: #000000;\"><span style=\"font-family: Arial, sans-serif;\">Ivan Gali\u0107<\/span><\/span><\/a><\/p>\n<p>&nbsp;<\/p>\n<p><strong><span style=\"font-family: Arial, sans-serif;\"><span lang=\"hr-HR\">Naslov: <\/span><\/span><\/strong><strong><span style=\"font-family: Arial, sans-serif;\">Putovanje prema osna\u017eenju: Kako razviti svoj potencijal i posti\u0107i \u017eivotnu sre\u0107u<\/span><\/strong><span style=\"font-family: Arial, sans-serif;\"><span lang=\"hr-HR\"><br \/>\n<\/span><\/span><strong><span style=\"font-family: Arial, sans-serif;\"><span lang=\"hr-HR\">Autor\/autorica:<\/span><\/span><\/strong> <span style=\"font-family: Arial, sans-serif;\">Ivan Gali\u0107<\/span><span style=\"font-family: Arial, sans-serif;\"><span lang=\"hr-HR\"><br \/>\n<\/span><\/span><strong><span style=\"font-family: Arial, sans-serif;\"><span lang=\"hr-HR\">Broj stranica: <\/span><\/span><\/strong><span style=\"font-family: Arial, sans-serif;\"><span lang=\"\">70<\/span><\/span><span style=\"font-family: Arial, sans-serif;\"><span lang=\"hr-HR\"><br \/>\n<\/span><\/span><strong><span style=\"font-family: Arial, sans-serif;\"><span lang=\"hr-HR\">Nakladnik: <\/span><\/span><\/strong><strong><span style=\"font-family: Arial, sans-serif;\">REDAK<\/span><\/strong><span style=\"font-family: Arial, sans-serif;\"><span lang=\"hr-HR\"><br \/>\n<\/span><\/span><strong><span style=\"font-family: Arial, sans-serif;\"><span lang=\"hr-HR\">Godina izdanja: <\/span><\/span><\/strong><strong><span style=\"font-family: Arial, sans-serif;\">2024<\/span><\/strong><strong><span style=\"font-family: Arial, sans-serif;\"><span lang=\"hr-HR\">.<br \/>\n<\/span><\/span><\/strong><strong><span style=\"font-family: Arial, sans-serif;\">ISBN:<\/span><\/strong><span style=\"font-family: Arial, sans-serif;\"> 978-953-336-980-8<br \/>\n<\/span><strong><span style=\"font-family: Arial, sans-serif;\">Tisak:<\/span><\/strong><span style=\"font-family: Arial, sans-serif;\"> digitalni tisak knjiga &#8211; print na zahtjev<\/span><\/p>\n","protected":false},"excerpt":{"rendered":"<p>Putovanje prema osna\u017eenju&#8221; knjiga je koja nudi savjete, vje\u017ebe i motivaciju za razvoj osobnog potencijala i pronalazak \u017eivotne sre\u0107e. Svojim iskustvom kao profesor i ljubitelj popularne psihologije, Gali\u0107 donosi prakti\u010dne i dostupne metode kojima \u010ditatelji mogu ovladati kako bi postigli svoje ciljeve i prepoznali svoj unutarnji potencijal. Bilje\u0161ka o autoru: Ro\u0111en u \u0160ibeniku 13. 2. [&hellip;]<\/p>\n","protected":false},"featured_media":16191,"comment_status":"open","ping_status":"closed","template":"","meta":{"_acf_changed":false},"product_brand":[],"product_cat":[1405],"product_tag":[],"class_list":{"0":"post-16190","1":"product","2":"type-product","3":"status-publish","4":"has-post-thumbnail","6":"product_cat-samopomoc","7":"pa_autor-ivan-galic","8":"pa_nakladnik-redak","10":"first","11":"instock","12":"shipping-taxable","13":"purchasable","14":"product-type-simple"},"acf":[],"yoast_head":"<!-- This site is optimized with the Yoast SEO plugin v27.3 - https:\/\/yoast.com\/product\/yoast-seo-wordpress\/ -->\n<title>PUTOVANJE PREMA OSNA\u017dENJU: KAKO RAZVITI SVOJ POTENCIJAL I POSTI\u0106I \u017dIVOTNU SRE\u0106U, Ivan Gali\u0107 - Web-knji\u017eara<\/title>\n<meta name=\"robots\" content=\"index, follow, max-snippet:-1, max-image-preview:large, max-video-preview:-1\" \/>\n<link rel=\"canonical\" href=\"https:\/\/webknjizara.hr\/proizvod\/putovanje-prema-osnazenju-kako-razviti-svoj-potencijal-i-postici-zivotnu-srecu-ivan-galic\/\" \/>\n<meta property=\"og:locale\" content=\"en_US\" \/>\n<meta property=\"og:type\" content=\"article\" \/>\n<meta property=\"og:title\" content=\"PUTOVANJE PREMA OSNA\u017dENJU: KAKO RAZVITI SVOJ POTENCIJAL I POSTI\u0106I \u017dIVOTNU SRE\u0106U, Ivan Gali\u0107 - Web-knji\u017eara\" \/>\n<meta property=\"og:description\" content=\"Putovanje prema osna\u017eenju&#8221; knjiga je koja nudi savjete, vje\u017ebe i motivaciju za razvoj osobnog potencijala i pronalazak \u017eivotne sre\u0107e. Svojim iskustvom kao profesor i ljubitelj popularne psihologije, Gali\u0107 donosi prakti\u010dne i dostupne metode kojima \u010ditatelji mogu ovladati kako bi postigli svoje ciljeve i prepoznali svoj unutarnji potencijal. Bilje\u0161ka o autoru: Ro\u0111en u \u0160ibeniku 13. 2. [&hellip;]\" \/>\n<meta property=\"og:url\" content=\"https:\/\/webknjizara.hr\/proizvod\/putovanje-prema-osnazenju-kako-razviti-svoj-potencijal-i-postici-zivotnu-srecu-ivan-galic\/\" \/>\n<meta property=\"og:site_name\" content=\"Web-knji\u017eara\" \/>\n<meta property=\"article:modified_time\" content=\"2024-02-08T14:39:26+00:00\" \/>\n<meta property=\"og:image\" content=\"https:\/\/webknjizara.hr\/wp-content\/uploads\/2024\/02\/IBLJA0_A.jpg\" \/>\n\t<meta property=\"og:image:width\" content=\"300\" \/>\n\t<meta property=\"og:image:height\" content=\"419\" \/>\n\t<meta property=\"og:image:type\" content=\"image\/jpeg\" \/>\n<meta name=\"twitter:card\" content=\"summary_large_image\" \/>\n<meta name=\"twitter:label1\" content=\"Est. reading time\" \/>\n\t<meta name=\"twitter:data1\" content=\"1 minute\" \/>\n<script type=\"application\/ld+json\" class=\"yoast-schema-graph\">{\"@context\":\"https:\\\/\\\/schema.org\",\"@graph\":[{\"@type\":\"WebPage\",\"@id\":\"https:\\\/\\\/webknjizara.hr\\\/proizvod\\\/putovanje-prema-osnazenju-kako-razviti-svoj-potencijal-i-postici-zivotnu-srecu-ivan-galic\\\/\",\"url\":\"https:\\\/\\\/webknjizara.hr\\\/proizvod\\\/putovanje-prema-osnazenju-kako-razviti-svoj-potencijal-i-postici-zivotnu-srecu-ivan-galic\\\/\",\"name\":\"PUTOVANJE PREMA OSNA\u017dENJU: KAKO RAZVITI SVOJ POTENCIJAL I POSTI\u0106I \u017dIVOTNU SRE\u0106U, Ivan Gali\u0107 - Web-knji\u017eara\",\"isPartOf\":{\"@id\":\"https:\\\/\\\/webknjizara.hr\\\/#website\"},\"primaryImageOfPage\":{\"@id\":\"https:\\\/\\\/webknjizara.hr\\\/proizvod\\\/putovanje-prema-osnazenju-kako-razviti-svoj-potencijal-i-postici-zivotnu-srecu-ivan-galic\\\/#primaryimage\"},\"image\":{\"@id\":\"https:\\\/\\\/webknjizara.hr\\\/proizvod\\\/putovanje-prema-osnazenju-kako-razviti-svoj-potencijal-i-postici-zivotnu-srecu-ivan-galic\\\/#primaryimage\"},\"thumbnailUrl\":\"https:\\\/\\\/webknjizara.hr\\\/wp-content\\\/uploads\\\/2024\\\/02\\\/IBLJA0_A.jpg\",\"datePublished\":\"2024-02-08T14:39:25+00:00\",\"dateModified\":\"2024-02-08T14:39:26+00:00\",\"breadcrumb\":{\"@id\":\"https:\\\/\\\/webknjizara.hr\\\/proizvod\\\/putovanje-prema-osnazenju-kako-razviti-svoj-potencijal-i-postici-zivotnu-srecu-ivan-galic\\\/#breadcrumb\"},\"inLanguage\":\"en-US\",\"potentialAction\":[{\"@type\":\"ReadAction\",\"target\":[\"https:\\\/\\\/webknjizara.hr\\\/proizvod\\\/putovanje-prema-osnazenju-kako-razviti-svoj-potencijal-i-postici-zivotnu-srecu-ivan-galic\\\/\"]}]},{\"@type\":\"ImageObject\",\"inLanguage\":\"en-US\",\"@id\":\"https:\\\/\\\/webknjizara.hr\\\/proizvod\\\/putovanje-prema-osnazenju-kako-razviti-svoj-potencijal-i-postici-zivotnu-srecu-ivan-galic\\\/#primaryimage\",\"url\":\"https:\\\/\\\/webknjizara.hr\\\/wp-content\\\/uploads\\\/2024\\\/02\\\/IBLJA0_A.jpg\",\"contentUrl\":\"https:\\\/\\\/webknjizara.hr\\\/wp-content\\\/uploads\\\/2024\\\/02\\\/IBLJA0_A.jpg\",\"width\":300,\"height\":419},{\"@type\":\"BreadcrumbList\",\"@id\":\"https:\\\/\\\/webknjizara.hr\\\/proizvod\\\/putovanje-prema-osnazenju-kako-razviti-svoj-potencijal-i-postici-zivotnu-srecu-ivan-galic\\\/#breadcrumb\",\"itemListElement\":[{\"@type\":\"ListItem\",\"position\":1,\"name\":\"Po\u010detna stranica\",\"item\":\"https:\\\/\\\/webknjizara.hr\\\/en\\\/\"},{\"@type\":\"ListItem\",\"position\":2,\"name\":\"Shop\",\"item\":\"https:\\\/\\\/webknjizara.hr\\\/shop\\\/\"},{\"@type\":\"ListItem\",\"position\":3,\"name\":\"PUTOVANJE PREMA OSNA\u017dENJU: KAKO RAZVITI SVOJ POTENCIJAL I POSTI\u0106I \u017dIVOTNU SRE\u0106U, Ivan Gali\u0107\"}]},{\"@type\":\"WebSite\",\"@id\":\"https:\\\/\\\/webknjizara.hr\\\/#website\",\"url\":\"https:\\\/\\\/webknjizara.hr\\\/\",\"name\":\"Web Knji\u017eara\",\"description\":\"\",\"publisher\":{\"@id\":\"https:\\\/\\\/webknjizara.hr\\\/#organization\"},\"potentialAction\":[{\"@type\":\"SearchAction\",\"target\":{\"@type\":\"EntryPoint\",\"urlTemplate\":\"https:\\\/\\\/webknjizara.hr\\\/?s={search_term_string}\"},\"query-input\":{\"@type\":\"PropertyValueSpecification\",\"valueRequired\":true,\"valueName\":\"search_term_string\"}}],\"inLanguage\":\"en-US\"},{\"@type\":\"Organization\",\"@id\":\"https:\\\/\\\/webknjizara.hr\\\/#organization\",\"name\":\"REDAK D.O.O.\",\"url\":\"https:\\\/\\\/webknjizara.hr\\\/\",\"logo\":{\"@type\":\"ImageObject\",\"inLanguage\":\"en-US\",\"@id\":\"https:\\\/\\\/webknjizara.hr\\\/#\\\/schema\\\/logo\\\/image\\\/\",\"url\":\"https:\\\/\\\/webknjizara.hr\\\/wp-content\\\/uploads\\\/2023\\\/01\\\/web-knjizara-logo.webp\",\"contentUrl\":\"https:\\\/\\\/webknjizara.hr\\\/wp-content\\\/uploads\\\/2023\\\/01\\\/web-knjizara-logo.webp\",\"width\":324,\"height\":79,\"caption\":\"REDAK D.O.O.\"},\"image\":{\"@id\":\"https:\\\/\\\/webknjizara.hr\\\/#\\\/schema\\\/logo\\\/image\\\/\"}}]}<\/script>\n<!-- \/ Yoast SEO plugin. -->","yoast_head_json":{"title":"PUTOVANJE PREMA OSNA\u017dENJU: KAKO RAZVITI SVOJ POTENCIJAL I POSTI\u0106I \u017dIVOTNU SRE\u0106U, Ivan Gali\u0107 - Web-knji\u017eara","robots":{"index":"index","follow":"follow","max-snippet":"max-snippet:-1","max-image-preview":"max-image-preview:large","max-video-preview":"max-video-preview:-1"},"canonical":"https:\/\/webknjizara.hr\/proizvod\/putovanje-prema-osnazenju-kako-razviti-svoj-potencijal-i-postici-zivotnu-srecu-ivan-galic\/","og_locale":"en_US","og_type":"article","og_title":"PUTOVANJE PREMA OSNA\u017dENJU: KAKO RAZVITI SVOJ POTENCIJAL I POSTI\u0106I \u017dIVOTNU SRE\u0106U, Ivan Gali\u0107 - Web-knji\u017eara","og_description":"Putovanje prema osna\u017eenju&#8221; knjiga je koja nudi savjete, vje\u017ebe i motivaciju za razvoj osobnog potencijala i pronalazak \u017eivotne sre\u0107e. Svojim iskustvom kao profesor i ljubitelj popularne psihologije, Gali\u0107 donosi prakti\u010dne i dostupne metode kojima \u010ditatelji mogu ovladati kako bi postigli svoje ciljeve i prepoznali svoj unutarnji potencijal. Bilje\u0161ka o autoru: Ro\u0111en u \u0160ibeniku 13. 2. [&hellip;]","og_url":"https:\/\/webknjizara.hr\/proizvod\/putovanje-prema-osnazenju-kako-razviti-svoj-potencijal-i-postici-zivotnu-srecu-ivan-galic\/","og_site_name":"Web-knji\u017eara","article_modified_time":"2024-02-08T14:39:26+00:00","og_image":[{"width":300,"height":419,"url":"https:\/\/webknjizara.hr\/wp-content\/uploads\/2024\/02\/IBLJA0_A.jpg","type":"image\/jpeg"}],"twitter_card":"summary_large_image","twitter_misc":{"Est. reading time":"1 minute"},"schema":{"@context":"https:\/\/schema.org","@graph":[{"@type":"WebPage","@id":"https:\/\/webknjizara.hr\/proizvod\/putovanje-prema-osnazenju-kako-razviti-svoj-potencijal-i-postici-zivotnu-srecu-ivan-galic\/","url":"https:\/\/webknjizara.hr\/proizvod\/putovanje-prema-osnazenju-kako-razviti-svoj-potencijal-i-postici-zivotnu-srecu-ivan-galic\/","name":"PUTOVANJE PREMA OSNA\u017dENJU: KAKO RAZVITI SVOJ POTENCIJAL I POSTI\u0106I \u017dIVOTNU SRE\u0106U, Ivan Gali\u0107 - Web-knji\u017eara","isPartOf":{"@id":"https:\/\/webknjizara.hr\/#website"},"primaryImageOfPage":{"@id":"https:\/\/webknjizara.hr\/proizvod\/putovanje-prema-osnazenju-kako-razviti-svoj-potencijal-i-postici-zivotnu-srecu-ivan-galic\/#primaryimage"},"image":{"@id":"https:\/\/webknjizara.hr\/proizvod\/putovanje-prema-osnazenju-kako-razviti-svoj-potencijal-i-postici-zivotnu-srecu-ivan-galic\/#primaryimage"},"thumbnailUrl":"https:\/\/webknjizara.hr\/wp-content\/uploads\/2024\/02\/IBLJA0_A.jpg","datePublished":"2024-02-08T14:39:25+00:00","dateModified":"2024-02-08T14:39:26+00:00","breadcrumb":{"@id":"https:\/\/webknjizara.hr\/proizvod\/putovanje-prema-osnazenju-kako-razviti-svoj-potencijal-i-postici-zivotnu-srecu-ivan-galic\/#breadcrumb"},"inLanguage":"en-US","potentialAction":[{"@type":"ReadAction","target":["https:\/\/webknjizara.hr\/proizvod\/putovanje-prema-osnazenju-kako-razviti-svoj-potencijal-i-postici-zivotnu-srecu-ivan-galic\/"]}]},{"@type":"ImageObject","inLanguage":"en-US","@id":"https:\/\/webknjizara.hr\/proizvod\/putovanje-prema-osnazenju-kako-razviti-svoj-potencijal-i-postici-zivotnu-srecu-ivan-galic\/#primaryimage","url":"https:\/\/webknjizara.hr\/wp-content\/uploads\/2024\/02\/IBLJA0_A.jpg","contentUrl":"https:\/\/webknjizara.hr\/wp-content\/uploads\/2024\/02\/IBLJA0_A.jpg","width":300,"height":419},{"@type":"BreadcrumbList","@id":"https:\/\/webknjizara.hr\/proizvod\/putovanje-prema-osnazenju-kako-razviti-svoj-potencijal-i-postici-zivotnu-srecu-ivan-galic\/#breadcrumb","itemListElement":[{"@type":"ListItem","position":1,"name":"Po\u010detna stranica","item":"https:\/\/webknjizara.hr\/en\/"},{"@type":"ListItem","position":2,"name":"Shop","item":"https:\/\/webknjizara.hr\/shop\/"},{"@type":"ListItem","position":3,"name":"PUTOVANJE PREMA OSNA\u017dENJU: KAKO RAZVITI SVOJ POTENCIJAL I POSTI\u0106I \u017dIVOTNU SRE\u0106U, Ivan Gali\u0107"}]},{"@type":"WebSite","@id":"https:\/\/webknjizara.hr\/#website","url":"https:\/\/webknjizara.hr\/","name":"Web Knji\u017eara","description":"","publisher":{"@id":"https:\/\/webknjizara.hr\/#organization"},"potentialAction":[{"@type":"SearchAction","target":{"@type":"EntryPoint","urlTemplate":"https:\/\/webknjizara.hr\/?s={search_term_string}"},"query-input":{"@type":"PropertyValueSpecification","valueRequired":true,"valueName":"search_term_string"}}],"inLanguage":"en-US"},{"@type":"Organization","@id":"https:\/\/webknjizara.hr\/#organization","name":"REDAK D.O.O.","url":"https:\/\/webknjizara.hr\/","logo":{"@type":"ImageObject","inLanguage":"en-US","@id":"https:\/\/webknjizara.hr\/#\/schema\/logo\/image\/","url":"https:\/\/webknjizara.hr\/wp-content\/uploads\/2023\/01\/web-knjizara-logo.webp","contentUrl":"https:\/\/webknjizara.hr\/wp-content\/uploads\/2023\/01\/web-knjizara-logo.webp","width":324,"height":79,"caption":"REDAK D.O.O."},"image":{"@id":"https:\/\/webknjizara.hr\/#\/schema\/logo\/image\/"}}]}},"_links":{"self":[{"href":"https:\/\/webknjizara.hr\/en\/wp-json\/wp\/v2\/product\/16190","targetHints":{"allow":["GET"]}}],"collection":[{"href":"https:\/\/webknjizara.hr\/en\/wp-json\/wp\/v2\/product"}],"about":[{"href":"https:\/\/webknjizara.hr\/en\/wp-json\/wp\/v2\/types\/product"}],"replies":[{"embeddable":true,"href":"https:\/\/webknjizara.hr\/en\/wp-json\/wp\/v2\/comments?post=16190"}],"wp:featuredmedia":[{"embeddable":true,"href":"https:\/\/webknjizara.hr\/en\/wp-json\/wp\/v2\/media\/16191"}],"wp:attachment":[{"href":"https:\/\/webknjizara.hr\/en\/wp-json\/wp\/v2\/media?parent=16190"}],"wp:term":[{"taxonomy":"product_brand","embeddable":true,"href":"https:\/\/webknjizara.hr\/en\/wp-json\/wp\/v2\/product_brand?post=16190"},{"taxonomy":"product_cat","embeddable":true,"href":"https:\/\/webknjizara.hr\/en\/wp-json\/wp\/v2\/product_cat?post=16190"},{"taxonomy":"product_tag","embeddable":true,"href":"https:\/\/webknjizara.hr\/en\/wp-json\/wp\/v2\/product_tag?post=16190"}],"curies":[{"name":"wp","href":"https:\/\/api.w.org\/{rel}","templated":true}]}}