{"id":15944,"date":"2023-12-19T08:13:35","date_gmt":"2023-12-19T07:13:35","guid":{"rendered":"https:\/\/webknjizara.hr\/?post_type=product&#038;p=15944"},"modified":"2023-12-19T11:56:47","modified_gmt":"2023-12-19T10:56:47","slug":"glazbeno-saputanje-udruga-novi-zvuk","status":"publish","type":"product","link":"https:\/\/webknjizara.hr\/en\/proizvod\/glazbeno-saputanje-udruga-novi-zvuk\/","title":{"rendered":"GLAZBENO \u0160APUTANJE, Udruga Novi zvuk"},"content":{"rendered":"<p><em>\u0160\u0161\u0161\u0161! Budite tihi\u2026. \u010cujete li to? Neko \u0161aputanje? <\/em><\/p>\n<p><em>Jedan skladatelj misli da \u010duje glazbeno djelo i \u017eeli ga podijeliti s vama, ali ne mo\u017ee to uraditi sam. Pridru\u017eite mu se u potrazi za tajnom koja \u0107e mu otkriti kako nastaje jedno glazbeno djelo. Upoznajte njegove neobi\u010dne prijatelje, nau\u010dite kako se zovu i koji je njihov zadatak u glazbenom djelu, pjevajte ple\u0161ite i zasvirajte s njima, dobro ih promotrite, razmi\u0161ljajte o njima, sanjajte ih, uradite \u0161to god \u017eelite, ali jedno ne zaboravite\u2026 pa\u017eljivo ih slu\u0161ajte!&#8230; Samo tako \u0107ete i sami mo\u0107i \u010duti to neobi\u010dno \u0161aputanje\u2026 glazbeno \u0161aputanje.<\/em><\/p>\n<p>&nbsp;<\/p>\n<p><strong>Bilje\u0161ka o autorima: <\/strong><\/p>\n<p>Udruga Novi zvuk osnovana je 2015. godine s ciljem unaprje\u0111enja kvalitete \u017eivota osoba s intelektualnim te\u0161ko\u0107ama, re\/habilitacije navedenih osoba kroz elemente muzikoterapije i drugih vrsta art terapija te njihove inkluzije u rad i djelovanje dru\u0161tvene zajednice.<\/p>\n<p><strong>Link: <\/strong><a href=\"https:\/\/novizvuk.com\/\">https:\/\/novizvuk.com\/<\/a><\/p>\n<p><strong>E-mail: <\/strong><a href=\"http:\/\/tihana_bilos@hotmail.com\">NOVI ZVUK<\/a><\/p>\n<p>&nbsp;<\/p>\n<p><strong><span style=\"font-family: Arial, sans-serif;\"><span lang=\"hr-HR\">Naslov: <\/span><\/span><\/strong><strong><span style=\"font-family: Arial, sans-serif;\">Glazbeno \u0161aputanje<\/span><\/strong><span style=\"font-family: Arial, sans-serif;\"><span lang=\"hr-HR\"><br \/>\n<\/span><\/span><strong><span style=\"font-family: Arial, sans-serif;\"><span lang=\"hr-HR\">Autori:<\/span><\/span><\/strong> <span style=\"font-family: Arial, sans-serif;\">Udruga Novi zvuk<\/span><span style=\"font-family: Arial, sans-serif;\"><span lang=\"hr-HR\"><br \/>\n<\/span><\/span><strong><span style=\"font-family: Arial, sans-serif;\"><span lang=\"hr-HR\">Broj stranica: <\/span><\/span><\/strong><span style=\"font-family: Arial, sans-serif;\"><span lang=\"\">32<\/span><\/span><span style=\"font-family: Arial, sans-serif;\"><span lang=\"hr-HR\"><br \/>\n<\/span><\/span><strong><span style=\"font-family: Arial, sans-serif;\"><span lang=\"hr-HR\">Nakladnik: <\/span><\/span><\/strong><strong><span style=\"font-family: Arial, sans-serif;\">Udruga Novi zvuk<\/span><\/strong><span style=\"font-family: Arial, sans-serif;\"><span lang=\"hr-HR\"><br \/>\n<\/span><\/span><strong><span style=\"font-family: Arial, sans-serif;\"><span lang=\"hr-HR\">Godina izdanja: <\/span><\/span><\/strong><strong><span style=\"font-family: Arial, sans-serif;\">2023.<\/span><\/strong><strong><span style=\"font-family: Arial, sans-serif;\"><span lang=\"hr-HR\">.<br \/>\n<\/span><\/span><\/strong><strong><span style=\"font-family: Arial, sans-serif;\">ISBN:<\/span><\/strong><span style=\"font-family: Arial, sans-serif;\"> 978-953-50829-0-3<br \/>\n<\/span><strong><span style=\"font-family: Arial, sans-serif;\">Tisak:<\/span><\/strong><span style=\"font-family: Arial, sans-serif;\"> digitalni tisak knjiga &#8211; print na zahtjev<\/span><\/p>\n","protected":false},"excerpt":{"rendered":"<p>\u0160\u0161\u0161\u0161! Budite tihi\u2026. \u010cujete li to? Neko \u0161aputanje? Jedan skladatelj misli da \u010duje glazbeno djelo i \u017eeli ga podijeliti s vama, ali ne mo\u017ee to uraditi sam. Pridru\u017eite mu se u potrazi za tajnom koja \u0107e mu otkriti kako nastaje jedno glazbeno djelo. Upoznajte njegove neobi\u010dne prijatelje, nau\u010dite kako se zovu i koji je njihov [&hellip;]<\/p>\n","protected":false},"featured_media":15945,"comment_status":"open","ping_status":"closed","template":"","meta":{"_acf_changed":false},"product_brand":[],"product_cat":[1570,1489],"product_tag":[],"class_list":{"0":"post-15944","1":"product","2":"type-product","3":"status-publish","4":"has-post-thumbnail","6":"product_cat-edukacijsko-rehabilitacijske-znanosti","7":"product_cat-publicistika","8":"pa_nakladnik-udruga-novi-zvuk","10":"first","11":"instock","12":"shipping-taxable","13":"purchasable","14":"product-type-simple"},"acf":[],"yoast_head":"<!-- This site is optimized with the Yoast SEO plugin v27.3 - https:\/\/yoast.com\/product\/yoast-seo-wordpress\/ -->\n<title>GLAZBENO \u0160APUTANJE, Udruga Novi zvuk - Web-knji\u017eara<\/title>\n<meta name=\"robots\" content=\"index, follow, max-snippet:-1, max-image-preview:large, max-video-preview:-1\" \/>\n<link rel=\"canonical\" href=\"https:\/\/webknjizara.hr\/proizvod\/glazbeno-saputanje-udruga-novi-zvuk\/\" \/>\n<meta property=\"og:locale\" content=\"en_US\" \/>\n<meta property=\"og:type\" content=\"article\" \/>\n<meta property=\"og:title\" content=\"GLAZBENO \u0160APUTANJE, Udruga Novi zvuk - Web-knji\u017eara\" \/>\n<meta property=\"og:description\" content=\"\u0160\u0161\u0161\u0161! Budite tihi\u2026. \u010cujete li to? Neko \u0161aputanje? Jedan skladatelj misli da \u010duje glazbeno djelo i \u017eeli ga podijeliti s vama, ali ne mo\u017ee to uraditi sam. Pridru\u017eite mu se u potrazi za tajnom koja \u0107e mu otkriti kako nastaje jedno glazbeno djelo. Upoznajte njegove neobi\u010dne prijatelje, nau\u010dite kako se zovu i koji je njihov [&hellip;]\" \/>\n<meta property=\"og:url\" content=\"https:\/\/webknjizara.hr\/proizvod\/glazbeno-saputanje-udruga-novi-zvuk\/\" \/>\n<meta property=\"og:site_name\" content=\"Web-knji\u017eara\" \/>\n<meta property=\"article:modified_time\" content=\"2023-12-19T10:56:47+00:00\" \/>\n<meta property=\"og:image\" content=\"https:\/\/webknjizara.hr\/wp-content\/uploads\/2023\/12\/UDRUGA_NOVI_ZVUK_Glazbeno_saputanje_webknjizara_redak_WEB_.jpg\" \/>\n\t<meta property=\"og:image:width\" content=\"300\" \/>\n\t<meta property=\"og:image:height\" content=\"419\" \/>\n\t<meta property=\"og:image:type\" content=\"image\/jpeg\" \/>\n<meta name=\"twitter:card\" content=\"summary_large_image\" \/>\n<meta name=\"twitter:label1\" content=\"Est. reading time\" \/>\n\t<meta name=\"twitter:data1\" content=\"1 minute\" \/>\n<script type=\"application\/ld+json\" class=\"yoast-schema-graph\">{\"@context\":\"https:\\\/\\\/schema.org\",\"@graph\":[{\"@type\":\"WebPage\",\"@id\":\"https:\\\/\\\/webknjizara.hr\\\/proizvod\\\/glazbeno-saputanje-udruga-novi-zvuk\\\/\",\"url\":\"https:\\\/\\\/webknjizara.hr\\\/proizvod\\\/glazbeno-saputanje-udruga-novi-zvuk\\\/\",\"name\":\"GLAZBENO \u0160APUTANJE, Udruga Novi zvuk - Web-knji\u017eara\",\"isPartOf\":{\"@id\":\"https:\\\/\\\/webknjizara.hr\\\/#website\"},\"primaryImageOfPage\":{\"@id\":\"https:\\\/\\\/webknjizara.hr\\\/proizvod\\\/glazbeno-saputanje-udruga-novi-zvuk\\\/#primaryimage\"},\"image\":{\"@id\":\"https:\\\/\\\/webknjizara.hr\\\/proizvod\\\/glazbeno-saputanje-udruga-novi-zvuk\\\/#primaryimage\"},\"thumbnailUrl\":\"https:\\\/\\\/webknjizara.hr\\\/wp-content\\\/uploads\\\/2023\\\/12\\\/UDRUGA_NOVI_ZVUK_Glazbeno_saputanje_webknjizara_redak_WEB_.jpg\",\"datePublished\":\"2023-12-19T07:13:35+00:00\",\"dateModified\":\"2023-12-19T10:56:47+00:00\",\"breadcrumb\":{\"@id\":\"https:\\\/\\\/webknjizara.hr\\\/proizvod\\\/glazbeno-saputanje-udruga-novi-zvuk\\\/#breadcrumb\"},\"inLanguage\":\"en-US\",\"potentialAction\":[{\"@type\":\"ReadAction\",\"target\":[\"https:\\\/\\\/webknjizara.hr\\\/proizvod\\\/glazbeno-saputanje-udruga-novi-zvuk\\\/\"]}]},{\"@type\":\"ImageObject\",\"inLanguage\":\"en-US\",\"@id\":\"https:\\\/\\\/webknjizara.hr\\\/proizvod\\\/glazbeno-saputanje-udruga-novi-zvuk\\\/#primaryimage\",\"url\":\"https:\\\/\\\/webknjizara.hr\\\/wp-content\\\/uploads\\\/2023\\\/12\\\/UDRUGA_NOVI_ZVUK_Glazbeno_saputanje_webknjizara_redak_WEB_.jpg\",\"contentUrl\":\"https:\\\/\\\/webknjizara.hr\\\/wp-content\\\/uploads\\\/2023\\\/12\\\/UDRUGA_NOVI_ZVUK_Glazbeno_saputanje_webknjizara_redak_WEB_.jpg\",\"width\":300,\"height\":419},{\"@type\":\"BreadcrumbList\",\"@id\":\"https:\\\/\\\/webknjizara.hr\\\/proizvod\\\/glazbeno-saputanje-udruga-novi-zvuk\\\/#breadcrumb\",\"itemListElement\":[{\"@type\":\"ListItem\",\"position\":1,\"name\":\"Po\u010detna stranica\",\"item\":\"https:\\\/\\\/webknjizara.hr\\\/en\\\/\"},{\"@type\":\"ListItem\",\"position\":2,\"name\":\"Shop\",\"item\":\"https:\\\/\\\/webknjizara.hr\\\/shop\\\/\"},{\"@type\":\"ListItem\",\"position\":3,\"name\":\"GLAZBENO \u0160APUTANJE, Udruga Novi zvuk\"}]},{\"@type\":\"WebSite\",\"@id\":\"https:\\\/\\\/webknjizara.hr\\\/#website\",\"url\":\"https:\\\/\\\/webknjizara.hr\\\/\",\"name\":\"Web Knji\u017eara\",\"description\":\"\",\"publisher\":{\"@id\":\"https:\\\/\\\/webknjizara.hr\\\/#organization\"},\"potentialAction\":[{\"@type\":\"SearchAction\",\"target\":{\"@type\":\"EntryPoint\",\"urlTemplate\":\"https:\\\/\\\/webknjizara.hr\\\/?s={search_term_string}\"},\"query-input\":{\"@type\":\"PropertyValueSpecification\",\"valueRequired\":true,\"valueName\":\"search_term_string\"}}],\"inLanguage\":\"en-US\"},{\"@type\":\"Organization\",\"@id\":\"https:\\\/\\\/webknjizara.hr\\\/#organization\",\"name\":\"REDAK D.O.O.\",\"url\":\"https:\\\/\\\/webknjizara.hr\\\/\",\"logo\":{\"@type\":\"ImageObject\",\"inLanguage\":\"en-US\",\"@id\":\"https:\\\/\\\/webknjizara.hr\\\/#\\\/schema\\\/logo\\\/image\\\/\",\"url\":\"https:\\\/\\\/webknjizara.hr\\\/wp-content\\\/uploads\\\/2023\\\/01\\\/web-knjizara-logo.webp\",\"contentUrl\":\"https:\\\/\\\/webknjizara.hr\\\/wp-content\\\/uploads\\\/2023\\\/01\\\/web-knjizara-logo.webp\",\"width\":324,\"height\":79,\"caption\":\"REDAK D.O.O.\"},\"image\":{\"@id\":\"https:\\\/\\\/webknjizara.hr\\\/#\\\/schema\\\/logo\\\/image\\\/\"}}]}<\/script>\n<!-- \/ Yoast SEO plugin. -->","yoast_head_json":{"title":"GLAZBENO \u0160APUTANJE, Udruga Novi zvuk - Web-knji\u017eara","robots":{"index":"index","follow":"follow","max-snippet":"max-snippet:-1","max-image-preview":"max-image-preview:large","max-video-preview":"max-video-preview:-1"},"canonical":"https:\/\/webknjizara.hr\/proizvod\/glazbeno-saputanje-udruga-novi-zvuk\/","og_locale":"en_US","og_type":"article","og_title":"GLAZBENO \u0160APUTANJE, Udruga Novi zvuk - Web-knji\u017eara","og_description":"\u0160\u0161\u0161\u0161! Budite tihi\u2026. \u010cujete li to? Neko \u0161aputanje? Jedan skladatelj misli da \u010duje glazbeno djelo i \u017eeli ga podijeliti s vama, ali ne mo\u017ee to uraditi sam. Pridru\u017eite mu se u potrazi za tajnom koja \u0107e mu otkriti kako nastaje jedno glazbeno djelo. Upoznajte njegove neobi\u010dne prijatelje, nau\u010dite kako se zovu i koji je njihov [&hellip;]","og_url":"https:\/\/webknjizara.hr\/proizvod\/glazbeno-saputanje-udruga-novi-zvuk\/","og_site_name":"Web-knji\u017eara","article_modified_time":"2023-12-19T10:56:47+00:00","og_image":[{"width":300,"height":419,"url":"https:\/\/webknjizara.hr\/wp-content\/uploads\/2023\/12\/UDRUGA_NOVI_ZVUK_Glazbeno_saputanje_webknjizara_redak_WEB_.jpg","type":"image\/jpeg"}],"twitter_card":"summary_large_image","twitter_misc":{"Est. reading time":"1 minute"},"schema":{"@context":"https:\/\/schema.org","@graph":[{"@type":"WebPage","@id":"https:\/\/webknjizara.hr\/proizvod\/glazbeno-saputanje-udruga-novi-zvuk\/","url":"https:\/\/webknjizara.hr\/proizvod\/glazbeno-saputanje-udruga-novi-zvuk\/","name":"GLAZBENO \u0160APUTANJE, Udruga Novi zvuk - Web-knji\u017eara","isPartOf":{"@id":"https:\/\/webknjizara.hr\/#website"},"primaryImageOfPage":{"@id":"https:\/\/webknjizara.hr\/proizvod\/glazbeno-saputanje-udruga-novi-zvuk\/#primaryimage"},"image":{"@id":"https:\/\/webknjizara.hr\/proizvod\/glazbeno-saputanje-udruga-novi-zvuk\/#primaryimage"},"thumbnailUrl":"https:\/\/webknjizara.hr\/wp-content\/uploads\/2023\/12\/UDRUGA_NOVI_ZVUK_Glazbeno_saputanje_webknjizara_redak_WEB_.jpg","datePublished":"2023-12-19T07:13:35+00:00","dateModified":"2023-12-19T10:56:47+00:00","breadcrumb":{"@id":"https:\/\/webknjizara.hr\/proizvod\/glazbeno-saputanje-udruga-novi-zvuk\/#breadcrumb"},"inLanguage":"en-US","potentialAction":[{"@type":"ReadAction","target":["https:\/\/webknjizara.hr\/proizvod\/glazbeno-saputanje-udruga-novi-zvuk\/"]}]},{"@type":"ImageObject","inLanguage":"en-US","@id":"https:\/\/webknjizara.hr\/proizvod\/glazbeno-saputanje-udruga-novi-zvuk\/#primaryimage","url":"https:\/\/webknjizara.hr\/wp-content\/uploads\/2023\/12\/UDRUGA_NOVI_ZVUK_Glazbeno_saputanje_webknjizara_redak_WEB_.jpg","contentUrl":"https:\/\/webknjizara.hr\/wp-content\/uploads\/2023\/12\/UDRUGA_NOVI_ZVUK_Glazbeno_saputanje_webknjizara_redak_WEB_.jpg","width":300,"height":419},{"@type":"BreadcrumbList","@id":"https:\/\/webknjizara.hr\/proizvod\/glazbeno-saputanje-udruga-novi-zvuk\/#breadcrumb","itemListElement":[{"@type":"ListItem","position":1,"name":"Po\u010detna stranica","item":"https:\/\/webknjizara.hr\/en\/"},{"@type":"ListItem","position":2,"name":"Shop","item":"https:\/\/webknjizara.hr\/shop\/"},{"@type":"ListItem","position":3,"name":"GLAZBENO \u0160APUTANJE, Udruga Novi zvuk"}]},{"@type":"WebSite","@id":"https:\/\/webknjizara.hr\/#website","url":"https:\/\/webknjizara.hr\/","name":"Web Knji\u017eara","description":"","publisher":{"@id":"https:\/\/webknjizara.hr\/#organization"},"potentialAction":[{"@type":"SearchAction","target":{"@type":"EntryPoint","urlTemplate":"https:\/\/webknjizara.hr\/?s={search_term_string}"},"query-input":{"@type":"PropertyValueSpecification","valueRequired":true,"valueName":"search_term_string"}}],"inLanguage":"en-US"},{"@type":"Organization","@id":"https:\/\/webknjizara.hr\/#organization","name":"REDAK D.O.O.","url":"https:\/\/webknjizara.hr\/","logo":{"@type":"ImageObject","inLanguage":"en-US","@id":"https:\/\/webknjizara.hr\/#\/schema\/logo\/image\/","url":"https:\/\/webknjizara.hr\/wp-content\/uploads\/2023\/01\/web-knjizara-logo.webp","contentUrl":"https:\/\/webknjizara.hr\/wp-content\/uploads\/2023\/01\/web-knjizara-logo.webp","width":324,"height":79,"caption":"REDAK D.O.O."},"image":{"@id":"https:\/\/webknjizara.hr\/#\/schema\/logo\/image\/"}}]}},"_links":{"self":[{"href":"https:\/\/webknjizara.hr\/en\/wp-json\/wp\/v2\/product\/15944","targetHints":{"allow":["GET"]}}],"collection":[{"href":"https:\/\/webknjizara.hr\/en\/wp-json\/wp\/v2\/product"}],"about":[{"href":"https:\/\/webknjizara.hr\/en\/wp-json\/wp\/v2\/types\/product"}],"replies":[{"embeddable":true,"href":"https:\/\/webknjizara.hr\/en\/wp-json\/wp\/v2\/comments?post=15944"}],"wp:featuredmedia":[{"embeddable":true,"href":"https:\/\/webknjizara.hr\/en\/wp-json\/wp\/v2\/media\/15945"}],"wp:attachment":[{"href":"https:\/\/webknjizara.hr\/en\/wp-json\/wp\/v2\/media?parent=15944"}],"wp:term":[{"taxonomy":"product_brand","embeddable":true,"href":"https:\/\/webknjizara.hr\/en\/wp-json\/wp\/v2\/product_brand?post=15944"},{"taxonomy":"product_cat","embeddable":true,"href":"https:\/\/webknjizara.hr\/en\/wp-json\/wp\/v2\/product_cat?post=15944"},{"taxonomy":"product_tag","embeddable":true,"href":"https:\/\/webknjizara.hr\/en\/wp-json\/wp\/v2\/product_tag?post=15944"}],"curies":[{"name":"wp","href":"https:\/\/api.w.org\/{rel}","templated":true}]}}