{"id":15784,"date":"2023-11-29T16:04:44","date_gmt":"2023-11-29T15:04:44","guid":{"rendered":"https:\/\/webknjizara.hr\/?post_type=product&#038;p=15784"},"modified":"2023-11-29T16:04:45","modified_gmt":"2023-11-29T15:04:45","slug":"od-zdravke-s-ljubavlju-moja-slatka-rima-zdravka-maric","status":"publish","type":"product","link":"https:\/\/webknjizara.hr\/en\/proizvod\/od-zdravke-s-ljubavlju-moja-slatka-rima-zdravka-maric\/","title":{"rendered":"OD ZDRAVKE S LJUBAVLJU: MOJA SLATKA RIMA, Zdravka Mari\u0107"},"content":{"rendered":"<p lang=\"es-ES\"><a name=\"__DdeLink__14_56939508\"><\/a> <span style=\"font-family: Arial, sans-serif;\"><span style=\"font-size: medium;\">Ana Kolar, autorica bloga Blogledalo, napisala je nekoliko rije\u010di o knjizi:<\/span><\/span><\/p>\n<p align=\"JUSTIFY\">\u201e<span style=\"font-family: Arial, sans-serif;\"><span style=\"font-size: medium;\"><span lang=\"hr-HR\">Presu\u0161ilo je sve\u201c ka\u017ee Zdravka u jednom od svojih stihova. <\/span><\/span><\/span><span style=\"font-family: Arial, sans-serif;\"><span style=\"font-size: medium;\"><span lang=\"es-ES\">Jest, suho je kad dugo, dugo nema ki\u0161e i obilja, no, u njenom opusu su\u0161e nema. Ne presu\u0161uju ni stihovi ni rime, ni imena ni gradovi. Obilato teku i suze za onima kojih vi\u0161e nema, liju ki\u0161e onda kad ih ima, strasno i dr\u010dno udaraju valovi mora, a rijeke njenog rodnog Karlovca nikad ne stoje mirno. Ni na tren, makar samo za potrebe stiha. Zbirka je ovo kojom \u0107emo obi\u0107i brojna mjesta, od manjih do ve\u0107ih diljem Hrvatske pa \u010dak i preko granice, u susjednoj Bosni. Upoznat \u0107emo mnoge ljude iz Zdravkinog \u017eivota, kao i one iz na\u0161eg. Na\u0161i bake i djedovi do\u0107i \u0107e nam u sje\u0107anje putem njenih stihova, a neka slavna lica koja su nam naizgled daleko, postat \u0107e nam bli\u017ea. Ne presu\u0161uje ni\u0161ta, ni kapi. U moru stihova raznih boja i te\u010dnosti okupat \u0107emo se iskonskim emocijama i pribli\u017eiti se kako Zdravki, tako i samima sebi. Jer ona je nepresu\u0161an izvor inspiracije, pokreta i ma\u0161tanja.<\/span><\/span><\/span><\/p>\n<p lang=\"hr-HR\"><span style=\"color: #00000a;\"><span style=\"font-family: Arial, sans-serif;\"><span style=\"font-size: medium;\">Kruno \u0160afrani\u0107, urednik stranice Pisci i Knji\u017eevnost, napisao je nekoliko rije\u010di o knjizi:<\/span><\/span><\/span><\/p>\n<p><span style=\"font-family: Arial, sans-serif;\"><span lang=\"hr-HR\">\u010citaju\u0107i stihove zbirke Od Zdravke s ljubavlju: Moja slatka rima, nailazimo na radost, na lijepu poeziju za sve generacije \u010ditatelja. <\/span><\/span><span style=\"font-family: Arial, sans-serif;\"><span lang=\"es-ES\">Pjesme su posve\u0107ene njenim brojnim dragim osobama, gradu Karlovcu i mnogim drugim mjestima. Ali ono \u0161to odmah zapa\u017eamo, radost je u stihovima koja pr\u0161ti kao da svaki stih ple\u0161e svoj ples i autorica to ne skriva, ve\u0107 se vje\u0161to s time poigrava. Prikaz tome je pjesma Skuplja\u010dica \u0161alica:<\/span><\/span><\/p>\n<p lang=\"es-ES\"><span style=\"font-family: Arial, sans-serif;\"><i>\u0160alice \u0161arene, <\/i><\/span><\/p>\n<p><span style=\"font-family: Arial, sans-serif;\"><span lang=\"es-ES\"><i>velike i malene, <\/i><\/span><\/span><\/p>\n<p lang=\"es-ES\"><span style=\"font-family: Arial, sans-serif;\"><i>oduvijek volim,<\/i><\/span><\/p>\n<p><span style=\"font-family: Arial, sans-serif;\"><span lang=\"es-ES\"><i>raduju me svijete!<br \/>\n(\u2026) <\/i><\/span><\/span><\/p>\n<p><span style=\"font-family: Arial, sans-serif;\"><span lang=\"es-ES\">Njene pjesme o\u017eivljavaju ljubav prema voljenim osobama, kao i do\u017eivljaj kada se ta ljubav vrati, a \u0161to je predivan osje\u0107aj. Mnogi \u0107e njeni prijatelji prona\u0107i u ovoj zbirci pjesme posve\u0107ene upravo njima, jer Zdravka \u0161iri i sre\u0107u. Prikaz iz pjesme <\/span><\/span><span style=\"color: #000000;\"><span style=\"font-family: Arial, sans-serif;\"><span lang=\"es-ES\">Nata\u0161i iz Grabrika:<\/span><\/span><\/span><\/p>\n<p lang=\"es-ES\"><span style=\"font-family: Arial, sans-serif;\"><i>Pjesma se nova na papiru sla\u017ee,<\/i><\/span><\/p>\n<p lang=\"es-ES\"><span style=\"font-family: Arial, sans-serif;\"><i>Zdravka svoje misli izla\u017ee.<\/i><\/span><\/p>\n<p lang=\"es-ES\"><span style=\"font-family: Arial, sans-serif;\"><i>Do\u017eivljaji su zapisani na papiru tom,<\/i><\/span><\/p>\n<p lang=\"es-ES\"><span style=\"font-family: Arial, sans-serif;\"><i>jo\u0161 jedna pjesma o poslu mom.<br \/>\n(\u2026)<\/i><\/span><\/p>\n<p><span style=\"font-family: Arial, sans-serif;\"><span lang=\"es-ES\">Na po\u010detku sam spomenuo da se vje\u0161to poigrava stihovima, kao da ple\u0161u svoj ples, ali oni u sebi imaju i paletu raznih boja, osje\u0107aja i emocija. Sve je to utkano u ovu knjigu poezije, a na nama je da u\u017eivamo u napisanom i prepustimo se plesu stihova. <\/span><\/span><\/p>\n<p><span style=\"font-family: Arial, sans-serif;\"><span lang=\"es-ES\">I za kraj, izdvojio sam par strofa iz pjesme <\/span><\/span><span style=\"color: #000000;\"><span style=\"font-family: Arial, sans-serif;\"><span lang=\"es-ES\"><i>Karlovac \u2013 grad susreta<\/i><\/span><\/span><\/span><span style=\"color: #000000;\"><span style=\"font-family: Arial, sans-serif;\"><span lang=\"es-ES\">,<\/span><\/span><\/span><span style=\"font-family: Arial, sans-serif;\"><span lang=\"es-ES\"> napisane 2013. godine. Rije\u010d je o pjesmi iz grada, njena rodnog grada, a koji autorica jako voli.<\/span><\/span><\/p>\n<p lang=\"es-ES\"><span style=\"font-family: Arial, sans-serif;\"><span style=\"font-size: medium;\">Ana Kolar, autorica bloga Blogledalo, napisala je nekoliko rije\u010di o knjizi:<\/span><\/span><\/p>\n<p>\u201e<span style=\"font-family: Arial, sans-serif;\"><span style=\"font-size: medium;\"><span lang=\"hr-HR\">Presu\u0161ilo je sve\u201c ka\u017ee Zdravka u jednom od svojih stihova. <\/span><\/span><\/span><span style=\"font-family: Arial, sans-serif;\"><span style=\"font-size: medium;\"><span lang=\"es-ES\">Jest, suho je kad dugo, dugo nema ki\u0161e i obilja, no, u njenom opusu su\u0161e nema. Ne presu\u0161uju ni stihovi ni rime, ni imena ni gradovi. Obilato teku i suze za onima kojih vi\u0161e nema, liju ki\u0161e onda kad ih ima, strasno i dr\u010dno udaraju valovi mora, a rijeke njenog rodnog Karlovca nikad ne stoje mirno. Ni na tren, makar samo za potrebe stiha. Zbirka je ovo kojom \u0107emo obi\u0107i brojna mjesta, od manjih do ve\u0107ih diljem Hrvatske pa \u010dak i preko granice, u susjednoj Bosni. Upoznat \u0107emo mnoge ljude iz Zdravkinog \u017eivota, kao i one iz na\u0161eg. Na\u0161i bake i djedovi do\u0107i \u0107e nam u sje\u0107anje putem njenih stihova, a neka slavna lica koja su nam naizgled daleko, postat \u0107e nam bli\u017ea. Ne presu\u0161uje ni\u0161ta, ni kapi. U moru stihova raznih boja i te\u010dnosti okupat \u0107emo se iskonskim emocijama i pribli\u017eiti se kako Zdravki, tako i samima sebi. Jer ona je nepresu\u0161an izvor inspiracije, pokreta i ma\u0161tanja.<\/span><\/span><\/span><\/p>\n<p lang=\"hr-HR\"><span style=\"color: #00000a;\"><span style=\"font-family: Arial, sans-serif;\"><span style=\"font-size: medium;\">Kruno \u0160afrani\u0107, urednik stranice Pisci i Knji\u017eevnost, napisao je nekoliko rije\u010di o knjizi:<\/span><\/span><\/span><\/p>\n<p><span style=\"font-family: Arial, sans-serif;\"><span lang=\"es-ES\">\u010citaju\u0107i stihove zbirke Od Zdravke s ljubavlju: Moja slatka rima, nailazimo na radost, na lijepu poeziju za sve generacije \u010ditatelja. Pjesme su posve\u0107ene njenim brojnim dragim osobama, gradu Karlovcu i mnogim drugim mjestima. Ali ono \u0161to odmah zapa\u017eamo, radost je u stihovima koja pr\u0161ti kao da svaki stih ple\u0161e svoj ples i autorica to ne skriva, ve\u0107 se vje\u0161to s time poigrava. Prikaz tome je pjesma Skuplja\u010dica \u0161alica:<\/span><\/span><\/p>\n<p lang=\"es-ES\"><span style=\"font-family: Arial, sans-serif;\"><i>\u0160alice \u0161arene, <\/i><\/span><\/p>\n<p lang=\"es-ES\"><span style=\"font-family: Arial, sans-serif;\"><i>velike i malene, <\/i><\/span><\/p>\n<p lang=\"es-ES\"><span style=\"font-family: Arial, sans-serif;\"><i>oduvijek volim,<\/i><\/span><\/p>\n<p><span style=\"font-family: Arial, sans-serif;\"><span lang=\"es-ES\"><i>raduju me svijete!<br \/>\n(\u2026) <\/i><\/span><\/span><\/p>\n<p><span style=\"font-family: Arial, sans-serif;\"><span lang=\"es-ES\">Njene pjesme o\u017eivljavaju ljubav prema voljenim osobama, kao i do\u017eivljaj kada se ta ljubav vrati, a \u0161to je predivan osje\u0107aj. Mnogi \u0107e njeni prijatelji prona\u0107i u ovoj zbirci pjesme posve\u0107ene upravo njima, jer Zdravka \u0161iri i sre\u0107u. Prikaz iz pjesme <\/span><\/span><span style=\"color: #000000;\"><span style=\"font-family: Arial, sans-serif;\"><span lang=\"es-ES\">Nata\u0161i iz Grabrika:<\/span><\/span><\/span><\/p>\n<p lang=\"es-ES\"><span style=\"font-family: Arial, sans-serif;\"><i>Pjesma se nova na papiru sla\u017ee,<\/i><\/span><\/p>\n<p lang=\"es-ES\"><span style=\"font-family: Arial, sans-serif;\"><i>Zdravka svoje misli izla\u017ee.<\/i><\/span><\/p>\n<p lang=\"es-ES\"><span style=\"font-family: Arial, sans-serif;\"><i>Do\u017eivljaji su zapisani na papiru tom,<\/i><\/span><\/p>\n<p lang=\"es-ES\"><span style=\"font-family: Arial, sans-serif;\"><i>jo\u0161 jedna pjesma o poslu mom.<br \/>\n(\u2026)<\/i><\/span><\/p>\n<p lang=\"es-ES\"><span style=\"font-family: Arial, sans-serif;\">Na po\u010detku sam spomenuo da se vje\u0161to poigrava stihovima, kao da ple\u0161u svoj ples, ali oni u sebi imaju i paletu raznih boja, osje\u0107aja i emocija. Sve je to utkano u ovu knjigu poezije, a na nama je da u\u017eivamo u napisanom i prepustimo se plesu stihova. <\/span><\/p>\n<p><span style=\"font-family: Arial, sans-serif;\"><span lang=\"es-ES\">I za kraj, izdvojio sam par strofa iz pjesme <\/span><\/span><span style=\"color: #000000;\"><span style=\"font-family: Arial, sans-serif;\"><span lang=\"es-ES\"><i>Karlovac \u2013 grad susreta<\/i><\/span><\/span><\/span><span style=\"color: #000000;\"><span style=\"font-family: Arial, sans-serif;\"><span lang=\"es-ES\">,<\/span><\/span><\/span><span style=\"font-family: Arial, sans-serif;\"><span lang=\"es-ES\"> napisane 2013. godine. Rije\u010d je o pjesmi iz grada, njena rodnog grada, a koji autorica jako voli.<\/span><\/span><\/p>\n<p><span style=\"color: #000000;\"><span style=\"font-family: Arial, sans-serif;\"><i>Moj je grad jo\u0161 mlad,<\/i><\/span><\/span><\/p>\n<p lang=\"es-ES\"><span style=\"color: #000000;\"><span style=\"font-family: Arial, sans-serif;\"><i>tek 444 godine ima.<\/i><\/span><\/span><\/p>\n<p lang=\"es-ES\"><span style=\"color: #000000;\"><span style=\"font-family: Arial, sans-serif;\"><i>Bogata mu povijest je<\/i><\/span><\/span><\/p>\n<p lang=\"es-ES\"><span style=\"color: #000000;\"><span style=\"font-family: Arial, sans-serif;\"><i>sa\u010duvana u bedemima.<\/i><\/span><\/span><\/p>\n<p lang=\"es-ES\"><span style=\"color: #000000;\"><span style=\"font-family: Arial, sans-serif;\"><i>I boja mu je zelena, lijepa.<\/i><\/span><\/span><\/p>\n<p lang=\"es-ES\"><span style=\"color: #000000;\"><span style=\"font-family: Arial, sans-serif;\"><i>Nakon lutanja po tu\u0111ini <\/i><\/span><\/span><\/p>\n<p lang=\"es-ES\"><span style=\"color: #000000;\"><span style=\"font-family: Arial, sans-serif;\"><i>do\u0111e kao okrjepa.<\/i><\/span><\/span><\/p>\n<p lang=\"es-ES\"><span style=\"color: #000000;\"><span style=\"font-family: Arial, sans-serif;\"><i>Na cestama su gu\u017eve svakog ljeta,<\/i><\/span><\/span><\/p>\n<p lang=\"es-ES\"><span style=\"color: #000000;\"><span style=\"font-family: Arial, sans-serif;\"><i>jer Karlovac je sjeci\u0161te puteva.<\/i><\/span><\/span><\/p>\n<p lang=\"es-ES\"><span style=\"color: #000000;\"><span style=\"font-family: Arial, sans-serif;\"><i>Karlovac je grad susreta.<\/i><\/span><\/span><\/p>\n<p><span style=\"color: #000000;\"><span style=\"font-family: Arial, sans-serif;\"><i>(\u2026)<\/i><\/span><\/span><\/p>\n<p><span style=\"color: #000000;\"><span style=\"font-family: Arial, sans-serif;\"><span style=\"font-size: medium;\">Ugodno \u010ditanje!<\/span><\/span><\/span><\/p>\n<p>&nbsp;<\/p>\n<p><span style=\"font-family: Arial, sans-serif;\"><span lang=\"hr-HR\"><b>Bilje\u0161ka o autorici: <\/b><\/span><\/span><\/p>\n<p><a name=\"__DdeLink__0_1429287660\"><\/a> <span style=\"font-family: Arial, sans-serif;\"><span lang=\"es-ES\">Zdravka Mari\u0107 ro\u0111ena je u ljeto 1977. u Karlovcu. Pi\u0161e od srednje \u0161kole, a kako su joj pjesme postale zrelije i veselije dijeli ih s drugima. Pjesme na\u0161ih pjesnika oduvijek \u010dita i obo\u017eava, jer imaju ljepotu i snagu koja smiruje. Iako otkriva slobodni stil, poezija u rimi i dalje joj je najdra\u017ea. Pi\u0161e o raznim temama, a najvi\u0161e inspiracije nalazi u prirodi i izmjeni godi\u0161njih doba. Puno je pisala o ljudima ponaosob za prigode kao ro\u0111endani, ro\u0111enje djeteta i sli\u010dno. Njene pjesme do sada su objavljene u petnaest zajedni\u010dkih me\u0111unarodnih zbirki poezije. \u010clanica je Kluba ljubitelja poezije \u201eStihom u srce\u201c Gradske knji\u017enice Ivan Goran Kova\u010di\u0107 u Karlovcu, \u201eKulture snova\u201c iz Zagreba te nekoliko zanimljivih i kreativnih grupa poezije na dru\u0161tvenim mre\u017eama.<\/span><\/span><\/p>\n<p><span style=\"font-family: Arial, sans-serif;\"><span lang=\"hr-HR\"><b>E-mail: <\/b><\/span><\/span><a href=\"http:\/\/MAILTO:zdravkaa.maric.7@gmail.com\" target=\"_blank\" rel=\"noopener\"><span style=\"color: #000000;\"><span style=\"font-family: Arial, sans-serif;\">Zdravka Mari\u0107<\/span><\/span><\/a><\/p>\n<p>&nbsp;<\/p>\n<p><strong><span style=\"font-family: Arial, sans-serif;\"><span lang=\"hr-HR\">Naslov: <\/span><\/span><\/strong><strong><span style=\"font-family: Arial, sans-serif;\">Od Zdravke s ljubavlju: Moja slatka rima<\/span><\/strong><span style=\"font-family: Arial, sans-serif;\"><span lang=\"hr-HR\"><br \/>\n<\/span><\/span><strong><span style=\"font-family: Arial, sans-serif;\"><span lang=\"hr-HR\">Autor\/autorica:<\/span><\/span><\/strong> <span style=\"font-family: Arial, sans-serif;\">Zdravka Mari\u0107<\/span><span style=\"font-family: Arial, sans-serif;\"><span lang=\"hr-HR\"><br \/>\n<\/span><\/span><strong><span style=\"font-family: Arial, sans-serif;\"><span lang=\"hr-HR\">Broj stranica: <\/span><\/span><\/strong><span style=\"font-family: Arial, sans-serif;\"><span lang=\"\">156<\/span><\/span><span style=\"font-family: Arial, sans-serif;\"><span lang=\"hr-HR\"><br \/>\n<\/span><\/span><strong><span style=\"font-family: Arial, sans-serif;\"><span lang=\"hr-HR\">Nakladnik: <\/span><\/span><\/strong><strong><span style=\"font-family: Arial, sans-serif;\">REDAK<\/span><\/strong><span style=\"font-family: Arial, sans-serif;\"><span lang=\"hr-HR\"><br \/>\n<\/span><\/span><strong><span style=\"font-family: Arial, sans-serif;\"><span lang=\"hr-HR\">Godina izdanja: <\/span><\/span><\/strong><strong><span style=\"font-family: Arial, sans-serif;\">2023.<\/span><\/strong><strong><span style=\"font-family: Arial, sans-serif;\"><span lang=\"hr-HR\">.<br \/>\n<\/span><\/span><\/strong><strong><span style=\"font-family: Arial, sans-serif;\">ISBN:<\/span><\/strong><span style=\"font-family: Arial, sans-serif;\"> 978-953-336-973-0<br \/>\n<\/span><strong><span style=\"font-family: Arial, sans-serif;\">Tisak:<\/span><\/strong><span style=\"font-family: Arial, sans-serif;\"> digitalni tisak knjiga &#8211; print na zahtjev<\/span><\/p>\n","protected":false},"excerpt":{"rendered":"<p>Ana Kolar, autorica bloga Blogledalo, napisala je nekoliko rije\u010di o knjizi: \u201ePresu\u0161ilo je sve\u201c ka\u017ee Zdravka u jednom od svojih stihova. Jest, suho je kad dugo, dugo nema ki\u0161e i obilja, no, u njenom opusu su\u0161e nema. Ne presu\u0161uju ni stihovi ni rime, ni imena ni gradovi. Obilato teku i suze za onima kojih vi\u0161e [&hellip;]<\/p>\n","protected":false},"featured_media":15785,"comment_status":"open","ping_status":"closed","template":"","meta":{"_acf_changed":false},"product_brand":[],"product_cat":[1388],"product_tag":[],"class_list":{"0":"post-15784","1":"product","2":"type-product","3":"status-publish","4":"has-post-thumbnail","6":"product_cat-poezija","7":"pa_autor-zdravka-maric","8":"pa_nakladnik-redak","10":"first","11":"instock","12":"shipping-taxable","13":"purchasable","14":"product-type-simple"},"acf":[],"yoast_head":"<!-- This site is optimized with the Yoast SEO plugin v27.3 - https:\/\/yoast.com\/product\/yoast-seo-wordpress\/ -->\n<title>OD ZDRAVKE S LJUBAVLJU: MOJA SLATKA RIMA, Zdravka Mari\u0107 - Web-knji\u017eara<\/title>\n<meta name=\"robots\" content=\"index, follow, max-snippet:-1, max-image-preview:large, max-video-preview:-1\" \/>\n<link rel=\"canonical\" href=\"https:\/\/webknjizara.hr\/proizvod\/od-zdravke-s-ljubavlju-moja-slatka-rima-zdravka-maric\/\" \/>\n<meta property=\"og:locale\" content=\"en_US\" \/>\n<meta property=\"og:type\" content=\"article\" \/>\n<meta property=\"og:title\" content=\"OD ZDRAVKE S LJUBAVLJU: MOJA SLATKA RIMA, Zdravka Mari\u0107 - Web-knji\u017eara\" \/>\n<meta property=\"og:description\" content=\"Ana Kolar, autorica bloga Blogledalo, napisala je nekoliko rije\u010di o knjizi: \u201ePresu\u0161ilo je sve\u201c ka\u017ee Zdravka u jednom od svojih stihova. Jest, suho je kad dugo, dugo nema ki\u0161e i obilja, no, u njenom opusu su\u0161e nema. Ne presu\u0161uju ni stihovi ni rime, ni imena ni gradovi. Obilato teku i suze za onima kojih vi\u0161e [&hellip;]\" \/>\n<meta property=\"og:url\" content=\"https:\/\/webknjizara.hr\/proizvod\/od-zdravke-s-ljubavlju-moja-slatka-rima-zdravka-maric\/\" \/>\n<meta property=\"og:site_name\" content=\"Web-knji\u017eara\" \/>\n<meta property=\"article:modified_time\" content=\"2023-11-29T15:04:45+00:00\" \/>\n<meta property=\"og:image\" content=\"https:\/\/webknjizara.hr\/wp-content\/uploads\/2023\/11\/Zdravka_Maric_Od_Zdravke_s_ljubavlju_Moja_slatka_rima_webknjizara_redak_WEB_1505.jpg\" \/>\n\t<meta property=\"og:image:width\" content=\"300\" \/>\n\t<meta property=\"og:image:height\" content=\"419\" \/>\n\t<meta property=\"og:image:type\" content=\"image\/jpeg\" \/>\n<meta name=\"twitter:card\" content=\"summary_large_image\" \/>\n<meta name=\"twitter:label1\" content=\"Est. reading time\" \/>\n\t<meta name=\"twitter:data1\" content=\"6 minutes\" \/>\n<script type=\"application\/ld+json\" class=\"yoast-schema-graph\">{\"@context\":\"https:\\\/\\\/schema.org\",\"@graph\":[{\"@type\":\"WebPage\",\"@id\":\"https:\\\/\\\/webknjizara.hr\\\/proizvod\\\/od-zdravke-s-ljubavlju-moja-slatka-rima-zdravka-maric\\\/\",\"url\":\"https:\\\/\\\/webknjizara.hr\\\/proizvod\\\/od-zdravke-s-ljubavlju-moja-slatka-rima-zdravka-maric\\\/\",\"name\":\"OD ZDRAVKE S LJUBAVLJU: MOJA SLATKA RIMA, Zdravka Mari\u0107 - Web-knji\u017eara\",\"isPartOf\":{\"@id\":\"https:\\\/\\\/webknjizara.hr\\\/#website\"},\"primaryImageOfPage\":{\"@id\":\"https:\\\/\\\/webknjizara.hr\\\/proizvod\\\/od-zdravke-s-ljubavlju-moja-slatka-rima-zdravka-maric\\\/#primaryimage\"},\"image\":{\"@id\":\"https:\\\/\\\/webknjizara.hr\\\/proizvod\\\/od-zdravke-s-ljubavlju-moja-slatka-rima-zdravka-maric\\\/#primaryimage\"},\"thumbnailUrl\":\"https:\\\/\\\/webknjizara.hr\\\/wp-content\\\/uploads\\\/2023\\\/11\\\/Zdravka_Maric_Od_Zdravke_s_ljubavlju_Moja_slatka_rima_webknjizara_redak_WEB_1505.jpg\",\"datePublished\":\"2023-11-29T15:04:44+00:00\",\"dateModified\":\"2023-11-29T15:04:45+00:00\",\"breadcrumb\":{\"@id\":\"https:\\\/\\\/webknjizara.hr\\\/proizvod\\\/od-zdravke-s-ljubavlju-moja-slatka-rima-zdravka-maric\\\/#breadcrumb\"},\"inLanguage\":\"en-US\",\"potentialAction\":[{\"@type\":\"ReadAction\",\"target\":[\"https:\\\/\\\/webknjizara.hr\\\/proizvod\\\/od-zdravke-s-ljubavlju-moja-slatka-rima-zdravka-maric\\\/\"]}]},{\"@type\":\"ImageObject\",\"inLanguage\":\"en-US\",\"@id\":\"https:\\\/\\\/webknjizara.hr\\\/proizvod\\\/od-zdravke-s-ljubavlju-moja-slatka-rima-zdravka-maric\\\/#primaryimage\",\"url\":\"https:\\\/\\\/webknjizara.hr\\\/wp-content\\\/uploads\\\/2023\\\/11\\\/Zdravka_Maric_Od_Zdravke_s_ljubavlju_Moja_slatka_rima_webknjizara_redak_WEB_1505.jpg\",\"contentUrl\":\"https:\\\/\\\/webknjizara.hr\\\/wp-content\\\/uploads\\\/2023\\\/11\\\/Zdravka_Maric_Od_Zdravke_s_ljubavlju_Moja_slatka_rima_webknjizara_redak_WEB_1505.jpg\",\"width\":300,\"height\":419},{\"@type\":\"BreadcrumbList\",\"@id\":\"https:\\\/\\\/webknjizara.hr\\\/proizvod\\\/od-zdravke-s-ljubavlju-moja-slatka-rima-zdravka-maric\\\/#breadcrumb\",\"itemListElement\":[{\"@type\":\"ListItem\",\"position\":1,\"name\":\"Po\u010detna stranica\",\"item\":\"https:\\\/\\\/webknjizara.hr\\\/en\\\/\"},{\"@type\":\"ListItem\",\"position\":2,\"name\":\"Shop\",\"item\":\"https:\\\/\\\/webknjizara.hr\\\/shop\\\/\"},{\"@type\":\"ListItem\",\"position\":3,\"name\":\"OD ZDRAVKE S LJUBAVLJU: MOJA SLATKA RIMA, Zdravka Mari\u0107\"}]},{\"@type\":\"WebSite\",\"@id\":\"https:\\\/\\\/webknjizara.hr\\\/#website\",\"url\":\"https:\\\/\\\/webknjizara.hr\\\/\",\"name\":\"Web Knji\u017eara\",\"description\":\"\",\"publisher\":{\"@id\":\"https:\\\/\\\/webknjizara.hr\\\/#organization\"},\"potentialAction\":[{\"@type\":\"SearchAction\",\"target\":{\"@type\":\"EntryPoint\",\"urlTemplate\":\"https:\\\/\\\/webknjizara.hr\\\/?s={search_term_string}\"},\"query-input\":{\"@type\":\"PropertyValueSpecification\",\"valueRequired\":true,\"valueName\":\"search_term_string\"}}],\"inLanguage\":\"en-US\"},{\"@type\":\"Organization\",\"@id\":\"https:\\\/\\\/webknjizara.hr\\\/#organization\",\"name\":\"REDAK D.O.O.\",\"url\":\"https:\\\/\\\/webknjizara.hr\\\/\",\"logo\":{\"@type\":\"ImageObject\",\"inLanguage\":\"en-US\",\"@id\":\"https:\\\/\\\/webknjizara.hr\\\/#\\\/schema\\\/logo\\\/image\\\/\",\"url\":\"https:\\\/\\\/webknjizara.hr\\\/wp-content\\\/uploads\\\/2023\\\/01\\\/web-knjizara-logo.webp\",\"contentUrl\":\"https:\\\/\\\/webknjizara.hr\\\/wp-content\\\/uploads\\\/2023\\\/01\\\/web-knjizara-logo.webp\",\"width\":324,\"height\":79,\"caption\":\"REDAK D.O.O.\"},\"image\":{\"@id\":\"https:\\\/\\\/webknjizara.hr\\\/#\\\/schema\\\/logo\\\/image\\\/\"}}]}<\/script>\n<!-- \/ Yoast SEO plugin. -->","yoast_head_json":{"title":"OD ZDRAVKE S LJUBAVLJU: MOJA SLATKA RIMA, Zdravka Mari\u0107 - Web-knji\u017eara","robots":{"index":"index","follow":"follow","max-snippet":"max-snippet:-1","max-image-preview":"max-image-preview:large","max-video-preview":"max-video-preview:-1"},"canonical":"https:\/\/webknjizara.hr\/proizvod\/od-zdravke-s-ljubavlju-moja-slatka-rima-zdravka-maric\/","og_locale":"en_US","og_type":"article","og_title":"OD ZDRAVKE S LJUBAVLJU: MOJA SLATKA RIMA, Zdravka Mari\u0107 - Web-knji\u017eara","og_description":"Ana Kolar, autorica bloga Blogledalo, napisala je nekoliko rije\u010di o knjizi: \u201ePresu\u0161ilo je sve\u201c ka\u017ee Zdravka u jednom od svojih stihova. Jest, suho je kad dugo, dugo nema ki\u0161e i obilja, no, u njenom opusu su\u0161e nema. Ne presu\u0161uju ni stihovi ni rime, ni imena ni gradovi. Obilato teku i suze za onima kojih vi\u0161e [&hellip;]","og_url":"https:\/\/webknjizara.hr\/proizvod\/od-zdravke-s-ljubavlju-moja-slatka-rima-zdravka-maric\/","og_site_name":"Web-knji\u017eara","article_modified_time":"2023-11-29T15:04:45+00:00","og_image":[{"width":300,"height":419,"url":"https:\/\/webknjizara.hr\/wp-content\/uploads\/2023\/11\/Zdravka_Maric_Od_Zdravke_s_ljubavlju_Moja_slatka_rima_webknjizara_redak_WEB_1505.jpg","type":"image\/jpeg"}],"twitter_card":"summary_large_image","twitter_misc":{"Est. reading time":"6 minutes"},"schema":{"@context":"https:\/\/schema.org","@graph":[{"@type":"WebPage","@id":"https:\/\/webknjizara.hr\/proizvod\/od-zdravke-s-ljubavlju-moja-slatka-rima-zdravka-maric\/","url":"https:\/\/webknjizara.hr\/proizvod\/od-zdravke-s-ljubavlju-moja-slatka-rima-zdravka-maric\/","name":"OD ZDRAVKE S LJUBAVLJU: MOJA SLATKA RIMA, Zdravka Mari\u0107 - Web-knji\u017eara","isPartOf":{"@id":"https:\/\/webknjizara.hr\/#website"},"primaryImageOfPage":{"@id":"https:\/\/webknjizara.hr\/proizvod\/od-zdravke-s-ljubavlju-moja-slatka-rima-zdravka-maric\/#primaryimage"},"image":{"@id":"https:\/\/webknjizara.hr\/proizvod\/od-zdravke-s-ljubavlju-moja-slatka-rima-zdravka-maric\/#primaryimage"},"thumbnailUrl":"https:\/\/webknjizara.hr\/wp-content\/uploads\/2023\/11\/Zdravka_Maric_Od_Zdravke_s_ljubavlju_Moja_slatka_rima_webknjizara_redak_WEB_1505.jpg","datePublished":"2023-11-29T15:04:44+00:00","dateModified":"2023-11-29T15:04:45+00:00","breadcrumb":{"@id":"https:\/\/webknjizara.hr\/proizvod\/od-zdravke-s-ljubavlju-moja-slatka-rima-zdravka-maric\/#breadcrumb"},"inLanguage":"en-US","potentialAction":[{"@type":"ReadAction","target":["https:\/\/webknjizara.hr\/proizvod\/od-zdravke-s-ljubavlju-moja-slatka-rima-zdravka-maric\/"]}]},{"@type":"ImageObject","inLanguage":"en-US","@id":"https:\/\/webknjizara.hr\/proizvod\/od-zdravke-s-ljubavlju-moja-slatka-rima-zdravka-maric\/#primaryimage","url":"https:\/\/webknjizara.hr\/wp-content\/uploads\/2023\/11\/Zdravka_Maric_Od_Zdravke_s_ljubavlju_Moja_slatka_rima_webknjizara_redak_WEB_1505.jpg","contentUrl":"https:\/\/webknjizara.hr\/wp-content\/uploads\/2023\/11\/Zdravka_Maric_Od_Zdravke_s_ljubavlju_Moja_slatka_rima_webknjizara_redak_WEB_1505.jpg","width":300,"height":419},{"@type":"BreadcrumbList","@id":"https:\/\/webknjizara.hr\/proizvod\/od-zdravke-s-ljubavlju-moja-slatka-rima-zdravka-maric\/#breadcrumb","itemListElement":[{"@type":"ListItem","position":1,"name":"Po\u010detna stranica","item":"https:\/\/webknjizara.hr\/en\/"},{"@type":"ListItem","position":2,"name":"Shop","item":"https:\/\/webknjizara.hr\/shop\/"},{"@type":"ListItem","position":3,"name":"OD ZDRAVKE S LJUBAVLJU: MOJA SLATKA RIMA, Zdravka Mari\u0107"}]},{"@type":"WebSite","@id":"https:\/\/webknjizara.hr\/#website","url":"https:\/\/webknjizara.hr\/","name":"Web Knji\u017eara","description":"","publisher":{"@id":"https:\/\/webknjizara.hr\/#organization"},"potentialAction":[{"@type":"SearchAction","target":{"@type":"EntryPoint","urlTemplate":"https:\/\/webknjizara.hr\/?s={search_term_string}"},"query-input":{"@type":"PropertyValueSpecification","valueRequired":true,"valueName":"search_term_string"}}],"inLanguage":"en-US"},{"@type":"Organization","@id":"https:\/\/webknjizara.hr\/#organization","name":"REDAK D.O.O.","url":"https:\/\/webknjizara.hr\/","logo":{"@type":"ImageObject","inLanguage":"en-US","@id":"https:\/\/webknjizara.hr\/#\/schema\/logo\/image\/","url":"https:\/\/webknjizara.hr\/wp-content\/uploads\/2023\/01\/web-knjizara-logo.webp","contentUrl":"https:\/\/webknjizara.hr\/wp-content\/uploads\/2023\/01\/web-knjizara-logo.webp","width":324,"height":79,"caption":"REDAK D.O.O."},"image":{"@id":"https:\/\/webknjizara.hr\/#\/schema\/logo\/image\/"}}]}},"_links":{"self":[{"href":"https:\/\/webknjizara.hr\/en\/wp-json\/wp\/v2\/product\/15784","targetHints":{"allow":["GET"]}}],"collection":[{"href":"https:\/\/webknjizara.hr\/en\/wp-json\/wp\/v2\/product"}],"about":[{"href":"https:\/\/webknjizara.hr\/en\/wp-json\/wp\/v2\/types\/product"}],"replies":[{"embeddable":true,"href":"https:\/\/webknjizara.hr\/en\/wp-json\/wp\/v2\/comments?post=15784"}],"wp:featuredmedia":[{"embeddable":true,"href":"https:\/\/webknjizara.hr\/en\/wp-json\/wp\/v2\/media\/15785"}],"wp:attachment":[{"href":"https:\/\/webknjizara.hr\/en\/wp-json\/wp\/v2\/media?parent=15784"}],"wp:term":[{"taxonomy":"product_brand","embeddable":true,"href":"https:\/\/webknjizara.hr\/en\/wp-json\/wp\/v2\/product_brand?post=15784"},{"taxonomy":"product_cat","embeddable":true,"href":"https:\/\/webknjizara.hr\/en\/wp-json\/wp\/v2\/product_cat?post=15784"},{"taxonomy":"product_tag","embeddable":true,"href":"https:\/\/webknjizara.hr\/en\/wp-json\/wp\/v2\/product_tag?post=15784"}],"curies":[{"name":"wp","href":"https:\/\/api.w.org\/{rel}","templated":true}]}}