{"id":15710,"date":"2023-11-23T21:27:18","date_gmt":"2023-11-23T20:27:18","guid":{"rendered":"https:\/\/webknjizara.hr\/?post_type=product&#038;p=15710"},"modified":"2023-11-23T21:28:08","modified_gmt":"2023-11-23T20:28:08","slug":"oziljci-na-dusi-nina-kadric","status":"publish","type":"product","link":"https:\/\/webknjizara.hr\/en\/proizvod\/oziljci-na-dusi-nina-kadric\/","title":{"rendered":"O\u017dILJCI NA DU\u0160I, Nina Kadri\u0107"},"content":{"rendered":"<p><span style=\"color: #000000;\"><span lang=\"hr-HR\"><i>O\u017eiljci na du\u0161i<\/i><\/span><\/span><span style=\"color: #000000;\"><span lang=\"hr-HR\"> je knjiga koja vas poku\u0161ava motivirati da na sve gledate pozitivno jer svatko od nas ima poneki \u201eo\u017eiljak na du\u0161i\u201c i da bez obzira na to koliko te\u0161ko bilo, mo\u017eete sve posti\u0107i radom na sebi i ako ne\u0161to dovoljno \u017eelite.<\/span><\/span><\/p>\n<p>&nbsp;<\/p>\n<p><span style=\"font-family: Arial, sans-serif;\"><span lang=\"hr-HR\"><b>Bilje\u0161ka o autorici: <\/b><\/span><\/span><\/p>\n<p><span style=\"color: #000000;\"><span lang=\"es-ES\">Nina Kadri\u0107 ro\u0111ena je 28. lipnja 1998. godine u Puli. Zavr\u0161ila je Ekonomsku \u0161kolu. Ovo je njezin drugi roman. <\/span><\/span><\/p>\n<p><span style=\"font-family: Arial, sans-serif;\"><span lang=\"hr-HR\"><b>E-mail: <\/b><\/span><\/span><a href=\"http:\/\/MAILTO:Knina532@gmail.com\" target=\"_blank\" rel=\"noopener\"><span style=\"color: #000000;\"><span style=\"font-family: Arial, sans-serif;\">Nina Kadri\u0107<\/span><\/span><\/a><\/p>\n<p>&nbsp;<\/p>\n<p><strong><span style=\"font-family: Arial, sans-serif;\"><span lang=\"hr-HR\">Naslov: <\/span><\/span><\/strong><strong><span style=\"font-family: Arial, sans-serif;\">O\u017eiljci na du\u0161i<\/span><\/strong><span style=\"font-family: Arial, sans-serif;\"><span lang=\"hr-HR\"><br \/>\n<\/span><\/span><strong><span style=\"font-family: Arial, sans-serif;\"><span lang=\"hr-HR\">Autor\/autorica:<\/span><\/span><\/strong> <span style=\"font-family: Arial, sans-serif;\">Nina Kadri\u0107<\/span><span style=\"font-family: Arial, sans-serif;\"><span lang=\"hr-HR\"><br \/>\n<\/span><\/span><strong><span style=\"font-family: Arial, sans-serif;\"><span lang=\"hr-HR\">Broj stranica: <\/span><\/span><\/strong><span style=\"font-family: Arial, sans-serif;\"><span lang=\"\">106<\/span><\/span><span style=\"font-family: Arial, sans-serif;\"><span lang=\"hr-HR\"><br \/>\n<\/span><\/span><strong><span style=\"font-family: Arial, sans-serif;\"><span lang=\"hr-HR\">Nakladnik: <\/span><\/span><\/strong><strong><span style=\"font-family: Arial, sans-serif;\">REDAK<\/span><\/strong><span style=\"font-family: Arial, sans-serif;\"><span lang=\"hr-HR\"><br \/>\n<\/span><\/span><strong><span style=\"font-family: Arial, sans-serif;\"><span lang=\"hr-HR\">Godina izdanja: <\/span><\/span><\/strong><strong><span style=\"font-family: Arial, sans-serif;\">2023.<\/span><\/strong><strong><span style=\"font-family: Arial, sans-serif;\"><span lang=\"hr-HR\">.<br \/>\n<\/span><\/span><\/strong><strong><span style=\"font-family: Arial, sans-serif;\">ISBN:<\/span><\/strong><span style=\"font-family: Arial, sans-serif;\"> 978-953-336-971-6<br \/>\n<\/span><strong><span style=\"font-family: Arial, sans-serif;\">Tisak:<\/span><\/strong><span style=\"font-family: Arial, sans-serif;\"> digitalni tisak knjiga &#8211; print na zahtjev<\/span><\/p>\n","protected":false},"excerpt":{"rendered":"<p>O\u017eiljci na du\u0161i je knjiga koja vas poku\u0161ava motivirati da na sve gledate pozitivno jer svatko od nas ima poneki \u201eo\u017eiljak na du\u0161i\u201c i da bez obzira na to koliko te\u0161ko bilo, mo\u017eete sve posti\u0107i radom na sebi i ako ne\u0161to dovoljno \u017eelite. &nbsp; Bilje\u0161ka o autorici: Nina Kadri\u0107 ro\u0111ena je 28. lipnja 1998. godine [&hellip;]<\/p>\n","protected":false},"featured_media":15711,"comment_status":"open","ping_status":"closed","template":"","meta":{"_acf_changed":false},"product_brand":[],"product_cat":[1405],"product_tag":[],"class_list":{"0":"post-15710","1":"product","2":"type-product","3":"status-publish","4":"has-post-thumbnail","6":"product_cat-samopomoc","7":"pa_autor-nina-kadric","8":"pa_nakladnik-redak","10":"first","11":"instock","12":"shipping-taxable","13":"purchasable","14":"product-type-simple"},"acf":[],"yoast_head":"<!-- This site is optimized with the Yoast SEO plugin v27.3 - https:\/\/yoast.com\/product\/yoast-seo-wordpress\/ -->\n<title>O\u017dILJCI NA DU\u0160I, Nina Kadri\u0107 - Web-knji\u017eara<\/title>\n<meta name=\"robots\" content=\"index, follow, max-snippet:-1, max-image-preview:large, max-video-preview:-1\" \/>\n<link rel=\"canonical\" href=\"https:\/\/webknjizara.hr\/proizvod\/oziljci-na-dusi-nina-kadric\/\" \/>\n<meta property=\"og:locale\" content=\"en_US\" \/>\n<meta property=\"og:type\" content=\"article\" \/>\n<meta property=\"og:title\" content=\"O\u017dILJCI NA DU\u0160I, Nina Kadri\u0107 - Web-knji\u017eara\" \/>\n<meta property=\"og:description\" content=\"O\u017eiljci na du\u0161i je knjiga koja vas poku\u0161ava motivirati da na sve gledate pozitivno jer svatko od nas ima poneki \u201eo\u017eiljak na du\u0161i\u201c i da bez obzira na to koliko te\u0161ko bilo, mo\u017eete sve posti\u0107i radom na sebi i ako ne\u0161to dovoljno \u017eelite. &nbsp; Bilje\u0161ka o autorici: Nina Kadri\u0107 ro\u0111ena je 28. lipnja 1998. godine [&hellip;]\" \/>\n<meta property=\"og:url\" content=\"https:\/\/webknjizara.hr\/proizvod\/oziljci-na-dusi-nina-kadric\/\" \/>\n<meta property=\"og:site_name\" content=\"Web-knji\u017eara\" \/>\n<meta property=\"article:modified_time\" content=\"2023-11-23T20:28:08+00:00\" \/>\n<meta property=\"og:image\" content=\"https:\/\/webknjizara.hr\/wp-content\/uploads\/2023\/11\/Nina_Kadric_Oziljci_na_dusi_webknjizara_redak_WEB_1503.jpg\" \/>\n\t<meta property=\"og:image:width\" content=\"300\" \/>\n\t<meta property=\"og:image:height\" content=\"419\" \/>\n\t<meta property=\"og:image:type\" content=\"image\/jpeg\" \/>\n<meta name=\"twitter:card\" content=\"summary_large_image\" \/>\n<meta name=\"twitter:label1\" content=\"Est. reading time\" \/>\n\t<meta name=\"twitter:data1\" content=\"1 minute\" \/>\n<script type=\"application\/ld+json\" class=\"yoast-schema-graph\">{\"@context\":\"https:\\\/\\\/schema.org\",\"@graph\":[{\"@type\":\"WebPage\",\"@id\":\"https:\\\/\\\/webknjizara.hr\\\/proizvod\\\/oziljci-na-dusi-nina-kadric\\\/\",\"url\":\"https:\\\/\\\/webknjizara.hr\\\/proizvod\\\/oziljci-na-dusi-nina-kadric\\\/\",\"name\":\"O\u017dILJCI NA DU\u0160I, Nina Kadri\u0107 - Web-knji\u017eara\",\"isPartOf\":{\"@id\":\"https:\\\/\\\/webknjizara.hr\\\/#website\"},\"primaryImageOfPage\":{\"@id\":\"https:\\\/\\\/webknjizara.hr\\\/proizvod\\\/oziljci-na-dusi-nina-kadric\\\/#primaryimage\"},\"image\":{\"@id\":\"https:\\\/\\\/webknjizara.hr\\\/proizvod\\\/oziljci-na-dusi-nina-kadric\\\/#primaryimage\"},\"thumbnailUrl\":\"https:\\\/\\\/webknjizara.hr\\\/wp-content\\\/uploads\\\/2023\\\/11\\\/Nina_Kadric_Oziljci_na_dusi_webknjizara_redak_WEB_1503.jpg\",\"datePublished\":\"2023-11-23T20:27:18+00:00\",\"dateModified\":\"2023-11-23T20:28:08+00:00\",\"breadcrumb\":{\"@id\":\"https:\\\/\\\/webknjizara.hr\\\/proizvod\\\/oziljci-na-dusi-nina-kadric\\\/#breadcrumb\"},\"inLanguage\":\"en-US\",\"potentialAction\":[{\"@type\":\"ReadAction\",\"target\":[\"https:\\\/\\\/webknjizara.hr\\\/proizvod\\\/oziljci-na-dusi-nina-kadric\\\/\"]}]},{\"@type\":\"ImageObject\",\"inLanguage\":\"en-US\",\"@id\":\"https:\\\/\\\/webknjizara.hr\\\/proizvod\\\/oziljci-na-dusi-nina-kadric\\\/#primaryimage\",\"url\":\"https:\\\/\\\/webknjizara.hr\\\/wp-content\\\/uploads\\\/2023\\\/11\\\/Nina_Kadric_Oziljci_na_dusi_webknjizara_redak_WEB_1503.jpg\",\"contentUrl\":\"https:\\\/\\\/webknjizara.hr\\\/wp-content\\\/uploads\\\/2023\\\/11\\\/Nina_Kadric_Oziljci_na_dusi_webknjizara_redak_WEB_1503.jpg\",\"width\":300,\"height\":419},{\"@type\":\"BreadcrumbList\",\"@id\":\"https:\\\/\\\/webknjizara.hr\\\/proizvod\\\/oziljci-na-dusi-nina-kadric\\\/#breadcrumb\",\"itemListElement\":[{\"@type\":\"ListItem\",\"position\":1,\"name\":\"Po\u010detna stranica\",\"item\":\"https:\\\/\\\/webknjizara.hr\\\/en\\\/\"},{\"@type\":\"ListItem\",\"position\":2,\"name\":\"Shop\",\"item\":\"https:\\\/\\\/webknjizara.hr\\\/shop\\\/\"},{\"@type\":\"ListItem\",\"position\":3,\"name\":\"O\u017dILJCI NA DU\u0160I, Nina Kadri\u0107\"}]},{\"@type\":\"WebSite\",\"@id\":\"https:\\\/\\\/webknjizara.hr\\\/#website\",\"url\":\"https:\\\/\\\/webknjizara.hr\\\/\",\"name\":\"Web Knji\u017eara\",\"description\":\"\",\"publisher\":{\"@id\":\"https:\\\/\\\/webknjizara.hr\\\/#organization\"},\"potentialAction\":[{\"@type\":\"SearchAction\",\"target\":{\"@type\":\"EntryPoint\",\"urlTemplate\":\"https:\\\/\\\/webknjizara.hr\\\/?s={search_term_string}\"},\"query-input\":{\"@type\":\"PropertyValueSpecification\",\"valueRequired\":true,\"valueName\":\"search_term_string\"}}],\"inLanguage\":\"en-US\"},{\"@type\":\"Organization\",\"@id\":\"https:\\\/\\\/webknjizara.hr\\\/#organization\",\"name\":\"REDAK D.O.O.\",\"url\":\"https:\\\/\\\/webknjizara.hr\\\/\",\"logo\":{\"@type\":\"ImageObject\",\"inLanguage\":\"en-US\",\"@id\":\"https:\\\/\\\/webknjizara.hr\\\/#\\\/schema\\\/logo\\\/image\\\/\",\"url\":\"https:\\\/\\\/webknjizara.hr\\\/wp-content\\\/uploads\\\/2023\\\/01\\\/web-knjizara-logo.webp\",\"contentUrl\":\"https:\\\/\\\/webknjizara.hr\\\/wp-content\\\/uploads\\\/2023\\\/01\\\/web-knjizara-logo.webp\",\"width\":324,\"height\":79,\"caption\":\"REDAK D.O.O.\"},\"image\":{\"@id\":\"https:\\\/\\\/webknjizara.hr\\\/#\\\/schema\\\/logo\\\/image\\\/\"}}]}<\/script>\n<!-- \/ Yoast SEO plugin. -->","yoast_head_json":{"title":"O\u017dILJCI NA DU\u0160I, Nina Kadri\u0107 - Web-knji\u017eara","robots":{"index":"index","follow":"follow","max-snippet":"max-snippet:-1","max-image-preview":"max-image-preview:large","max-video-preview":"max-video-preview:-1"},"canonical":"https:\/\/webknjizara.hr\/proizvod\/oziljci-na-dusi-nina-kadric\/","og_locale":"en_US","og_type":"article","og_title":"O\u017dILJCI NA DU\u0160I, Nina Kadri\u0107 - Web-knji\u017eara","og_description":"O\u017eiljci na du\u0161i je knjiga koja vas poku\u0161ava motivirati da na sve gledate pozitivno jer svatko od nas ima poneki \u201eo\u017eiljak na du\u0161i\u201c i da bez obzira na to koliko te\u0161ko bilo, mo\u017eete sve posti\u0107i radom na sebi i ako ne\u0161to dovoljno \u017eelite. &nbsp; Bilje\u0161ka o autorici: Nina Kadri\u0107 ro\u0111ena je 28. lipnja 1998. godine [&hellip;]","og_url":"https:\/\/webknjizara.hr\/proizvod\/oziljci-na-dusi-nina-kadric\/","og_site_name":"Web-knji\u017eara","article_modified_time":"2023-11-23T20:28:08+00:00","og_image":[{"width":300,"height":419,"url":"https:\/\/webknjizara.hr\/wp-content\/uploads\/2023\/11\/Nina_Kadric_Oziljci_na_dusi_webknjizara_redak_WEB_1503.jpg","type":"image\/jpeg"}],"twitter_card":"summary_large_image","twitter_misc":{"Est. reading time":"1 minute"},"schema":{"@context":"https:\/\/schema.org","@graph":[{"@type":"WebPage","@id":"https:\/\/webknjizara.hr\/proizvod\/oziljci-na-dusi-nina-kadric\/","url":"https:\/\/webknjizara.hr\/proizvod\/oziljci-na-dusi-nina-kadric\/","name":"O\u017dILJCI NA DU\u0160I, Nina Kadri\u0107 - Web-knji\u017eara","isPartOf":{"@id":"https:\/\/webknjizara.hr\/#website"},"primaryImageOfPage":{"@id":"https:\/\/webknjizara.hr\/proizvod\/oziljci-na-dusi-nina-kadric\/#primaryimage"},"image":{"@id":"https:\/\/webknjizara.hr\/proizvod\/oziljci-na-dusi-nina-kadric\/#primaryimage"},"thumbnailUrl":"https:\/\/webknjizara.hr\/wp-content\/uploads\/2023\/11\/Nina_Kadric_Oziljci_na_dusi_webknjizara_redak_WEB_1503.jpg","datePublished":"2023-11-23T20:27:18+00:00","dateModified":"2023-11-23T20:28:08+00:00","breadcrumb":{"@id":"https:\/\/webknjizara.hr\/proizvod\/oziljci-na-dusi-nina-kadric\/#breadcrumb"},"inLanguage":"en-US","potentialAction":[{"@type":"ReadAction","target":["https:\/\/webknjizara.hr\/proizvod\/oziljci-na-dusi-nina-kadric\/"]}]},{"@type":"ImageObject","inLanguage":"en-US","@id":"https:\/\/webknjizara.hr\/proizvod\/oziljci-na-dusi-nina-kadric\/#primaryimage","url":"https:\/\/webknjizara.hr\/wp-content\/uploads\/2023\/11\/Nina_Kadric_Oziljci_na_dusi_webknjizara_redak_WEB_1503.jpg","contentUrl":"https:\/\/webknjizara.hr\/wp-content\/uploads\/2023\/11\/Nina_Kadric_Oziljci_na_dusi_webknjizara_redak_WEB_1503.jpg","width":300,"height":419},{"@type":"BreadcrumbList","@id":"https:\/\/webknjizara.hr\/proizvod\/oziljci-na-dusi-nina-kadric\/#breadcrumb","itemListElement":[{"@type":"ListItem","position":1,"name":"Po\u010detna stranica","item":"https:\/\/webknjizara.hr\/en\/"},{"@type":"ListItem","position":2,"name":"Shop","item":"https:\/\/webknjizara.hr\/shop\/"},{"@type":"ListItem","position":3,"name":"O\u017dILJCI NA DU\u0160I, Nina Kadri\u0107"}]},{"@type":"WebSite","@id":"https:\/\/webknjizara.hr\/#website","url":"https:\/\/webknjizara.hr\/","name":"Web Knji\u017eara","description":"","publisher":{"@id":"https:\/\/webknjizara.hr\/#organization"},"potentialAction":[{"@type":"SearchAction","target":{"@type":"EntryPoint","urlTemplate":"https:\/\/webknjizara.hr\/?s={search_term_string}"},"query-input":{"@type":"PropertyValueSpecification","valueRequired":true,"valueName":"search_term_string"}}],"inLanguage":"en-US"},{"@type":"Organization","@id":"https:\/\/webknjizara.hr\/#organization","name":"REDAK D.O.O.","url":"https:\/\/webknjizara.hr\/","logo":{"@type":"ImageObject","inLanguage":"en-US","@id":"https:\/\/webknjizara.hr\/#\/schema\/logo\/image\/","url":"https:\/\/webknjizara.hr\/wp-content\/uploads\/2023\/01\/web-knjizara-logo.webp","contentUrl":"https:\/\/webknjizara.hr\/wp-content\/uploads\/2023\/01\/web-knjizara-logo.webp","width":324,"height":79,"caption":"REDAK D.O.O."},"image":{"@id":"https:\/\/webknjizara.hr\/#\/schema\/logo\/image\/"}}]}},"_links":{"self":[{"href":"https:\/\/webknjizara.hr\/en\/wp-json\/wp\/v2\/product\/15710","targetHints":{"allow":["GET"]}}],"collection":[{"href":"https:\/\/webknjizara.hr\/en\/wp-json\/wp\/v2\/product"}],"about":[{"href":"https:\/\/webknjizara.hr\/en\/wp-json\/wp\/v2\/types\/product"}],"replies":[{"embeddable":true,"href":"https:\/\/webknjizara.hr\/en\/wp-json\/wp\/v2\/comments?post=15710"}],"wp:featuredmedia":[{"embeddable":true,"href":"https:\/\/webknjizara.hr\/en\/wp-json\/wp\/v2\/media\/15711"}],"wp:attachment":[{"href":"https:\/\/webknjizara.hr\/en\/wp-json\/wp\/v2\/media?parent=15710"}],"wp:term":[{"taxonomy":"product_brand","embeddable":true,"href":"https:\/\/webknjizara.hr\/en\/wp-json\/wp\/v2\/product_brand?post=15710"},{"taxonomy":"product_cat","embeddable":true,"href":"https:\/\/webknjizara.hr\/en\/wp-json\/wp\/v2\/product_cat?post=15710"},{"taxonomy":"product_tag","embeddable":true,"href":"https:\/\/webknjizara.hr\/en\/wp-json\/wp\/v2\/product_tag?post=15710"}],"curies":[{"name":"wp","href":"https:\/\/api.w.org\/{rel}","templated":true}]}}