{"id":15690,"date":"2023-11-21T15:49:21","date_gmt":"2023-11-21T14:49:21","guid":{"rendered":"https:\/\/webknjizara.hr\/?post_type=product&#038;p=15690"},"modified":"2023-11-21T15:49:22","modified_gmt":"2023-11-21T14:49:22","slug":"kriticka-analiza-diskursa-s-primjerima-iz-medijskoga-i-politickoga-diskursa-daniela-matic","status":"publish","type":"product","link":"https:\/\/webknjizara.hr\/en\/proizvod\/kriticka-analiza-diskursa-s-primjerima-iz-medijskoga-i-politickoga-diskursa-daniela-matic\/","title":{"rendered":"KRITI\u010cKA ANALIZA DISKURSA s primjerima iz medijskoga i politi\u010dkoga diskursa, Daniela Mati\u0107"},"content":{"rendered":"<p>Iz recenzije prof. dr. sc. Nade\u017ede Sila\u0161ki:<\/p>\n<p>Dosada\u0161nja istra\u017eivanja politi\u010dkog i medijskog diskursa nisu se na sveobuhvatan i teorijski dobro zasnovan na\u010din, uz rigoroznu metodologiju i minucioznu analizu, bavila klju\u010dnim pitanjima funkcioniranja takve vrste diskursa, tako da ova monografija predstavlja klju\u010dan znanstveni doprinos njegovoj kriti\u010dkoj analizi. Malo je knjiga koje na tako sistemati\u010dan i detaljan, a ipak jezgrovit i konkretan na\u010din te za \u010ditatelje izuzetno efektan na\u010din spajaju teoriju i jezi\u010dnu analizu konkretne gra\u0111e, \u0161to ovu knjigu \u010dini jedinstvenom u svome podru\u010dju.<\/p>\n<p>Ova monografija svakako \u0107e poslu\u017eiti i kao inspiracija za budu\u0107a sli\u010dna istra\u017eivanja, ali i kao ogledni model na osnovu kojeg bi se takva istra\u017eivanja mogla obaviti jer nudi cjelovit i jasno definiran metodolo\u0161ki okvir koji je potrebno primijeniti prilikom analiziranja sli\u010dnih tema i diskursa, a na jednom mjestu pru\u017ea detaljan prikaz i kriti\u010dki osvrt na dosada\u0161nju literaturu u podru\u010dju kriti\u010dke analize diskursa te s njom povezanih znanstvenih podru\u010dja.<\/p>\n<p>Iz recenzije izv. prof. dr. sc. Maje Bezi\u0107:<\/p>\n<p>Premda postoji obimna literatura, u prvom redu na engleskom jeziku, o kriti\u010dkoj analizi diskursa i njezinim primjenama u istra\u017eivanjima jezika i dru\u0161tva, ova knjiga je jedinstvena i originalna jer je rije\u010d o prvoj opse\u017enoj studiji posve\u0107enoj teoriji i primjeni kriti\u010dke analize diskursa napisanoj na hrvatskome jeziku. Njezinoj jedinstvenosti posebno pridonose istra\u017eivanja provedena na korpusu preuzetom iz hrvatskog medijskog i politi\u010dkog diskursa.<\/p>\n<p>S jedna strane, autorica daje detaljan uvid u najva\u017enije pojmove, razvoj, pristupe i metode kriti\u010dke analize diskursa, a, s druge, donosi tri primijenjena istra\u017eivanja kao model za budu\u0107a istra\u017eivanja uloge jezika u medijskom i politi\u010dkom diskursu, posebno u Hrvatskoj u kojoj su radovi temeljeni na kriti\u010dkoj analizi diskursa jo\u0161 uvijek malobrojni.<\/p>\n<p lang=\"hr-HR\" align=\"JUSTIFY\">\n<p><span style=\"font-family: Arial, sans-serif;\"><span lang=\"hr-HR\"><b>Bilje\u0161ka o autorici: <\/b><\/span><\/span><\/p>\n<p><span style=\"color: #000000;\"><span lang=\"hr-HR\">Autorica Daniela Mati\u0107 diplomirala je engleski jezik i knji\u017eevnost te francuski jezik i knji\u017eevnost na Filozofskom fakultetu Sveu\u010dili\u0161ta u Zagrebu gdje je i doktorirala 2011. godine s tezom \u201eGovorni \u010dinovi u politi\u010dkome diskursu\u201c. Zaposlena je na Fakultetu elektrotehnike, strojarstva i brodogradnje Sveu\u010dili\u0161ta u Splitu gdje izvodi kolegije iz engleskog jezika kao jezika struke. Podru\u010dje njezina znanstvenoga interesa obuhva\u0107a pragmalingvistiku, sociolingvistiku, kriti\u010dku analizu diskursa, kontaktnu lingvistiku te engleski jezik kao jezik struke (ESP). <\/span><\/span><\/p>\n<p>&nbsp;<\/p>\n<p><strong><span style=\"font-family: Arial, sans-serif;\"><span lang=\"hr-HR\">Naslov: <\/span><\/span><\/strong><strong><span style=\"font-family: Arial, sans-serif;\">KRITI\u010cKA ANALIZA DISKURSA s primjerima iz medijskoga i politi\u010dkoga diskursa<\/span><\/strong><span style=\"font-family: Arial, sans-serif;\"><span lang=\"hr-HR\"><br \/>\n<\/span><\/span><strong><span style=\"font-family: Arial, sans-serif;\"><span lang=\"hr-HR\">Autor\/autorica:<\/span><\/span><\/strong> <span style=\"font-family: Arial, sans-serif;\">Daniela Mati\u0107<\/span><span style=\"font-family: Arial, sans-serif;\"><span lang=\"hr-HR\"><br \/>\n<\/span><\/span><strong><span style=\"font-family: Arial, sans-serif;\"><span lang=\"hr-HR\">Broj stranica: <\/span><\/span><\/strong><span style=\"font-family: Arial, sans-serif;\"><span lang=\"\">414<\/span><\/span><span style=\"font-family: Arial, sans-serif;\"><span lang=\"hr-HR\"><br \/>\n<\/span><\/span><strong><span style=\"font-family: Arial, sans-serif;\"><span lang=\"hr-HR\">Nakladnik: <\/span><\/span><\/strong><strong><span style=\"font-family: Arial, sans-serif;\">REDAK<\/span><\/strong><span style=\"font-family: Arial, sans-serif;\"><span lang=\"hr-HR\"><br \/>\n<\/span><\/span><strong><span style=\"font-family: Arial, sans-serif;\"><span lang=\"hr-HR\">Godina izdanja: <\/span><\/span><\/strong><strong><span style=\"font-family: Arial, sans-serif;\">2023<\/span><\/strong><strong><span style=\"font-family: Arial, sans-serif;\"><span lang=\"hr-HR\">.<br \/>\n<\/span><\/span><\/strong><strong><span style=\"font-family: Arial, sans-serif;\">ISBN:<\/span><\/strong><span style=\"font-family: Arial, sans-serif;\"> 978-953-336-939-6<br \/>\n<\/span><strong><span style=\"font-family: Arial, sans-serif;\">Tisak:<\/span><\/strong><span style=\"font-family: Arial, sans-serif;\"> digitalni tisak knjiga &#8211; print na zahtjev<\/span><\/p>\n","protected":false},"excerpt":{"rendered":"<p>Iz recenzije prof. dr. sc. Nade\u017ede Sila\u0161ki: Dosada\u0161nja istra\u017eivanja politi\u010dkog i medijskog diskursa nisu se na sveobuhvatan i teorijski dobro zasnovan na\u010din, uz rigoroznu metodologiju i minucioznu analizu, bavila klju\u010dnim pitanjima funkcioniranja takve vrste diskursa, tako da ova monografija predstavlja klju\u010dan znanstveni doprinos njegovoj kriti\u010dkoj analizi. Malo je knjiga koje na tako sistemati\u010dan i detaljan, [&hellip;]<\/p>\n","protected":false},"featured_media":15691,"comment_status":"open","ping_status":"closed","template":"","meta":{"_acf_changed":false},"product_brand":[],"product_cat":[1399,1395],"product_tag":[],"class_list":{"0":"post-15690","1":"product","2":"type-product","3":"status-publish","4":"has-post-thumbnail","6":"product_cat-filologija","7":"product_cat-humanisticke-znanosti","8":"pa_autor-daniela-matic","9":"pa_nakladnik-redak","11":"first","12":"instock","13":"shipping-taxable","14":"purchasable","15":"product-type-simple"},"acf":[],"yoast_head":"<!-- This site is optimized with the Yoast SEO plugin v27.3 - https:\/\/yoast.com\/product\/yoast-seo-wordpress\/ -->\n<title>KRITI\u010cKA ANALIZA DISKURSA s primjerima iz medijskoga i politi\u010dkoga diskursa, Daniela Mati\u0107 - Web-knji\u017eara<\/title>\n<meta name=\"robots\" content=\"index, follow, max-snippet:-1, max-image-preview:large, max-video-preview:-1\" \/>\n<link rel=\"canonical\" href=\"https:\/\/webknjizara.hr\/proizvod\/kriticka-analiza-diskursa-s-primjerima-iz-medijskoga-i-politickoga-diskursa-daniela-matic\/\" \/>\n<meta property=\"og:locale\" content=\"en_US\" \/>\n<meta property=\"og:type\" content=\"article\" \/>\n<meta property=\"og:title\" content=\"KRITI\u010cKA ANALIZA DISKURSA s primjerima iz medijskoga i politi\u010dkoga diskursa, Daniela Mati\u0107 - Web-knji\u017eara\" \/>\n<meta property=\"og:description\" content=\"Iz recenzije prof. dr. sc. Nade\u017ede Sila\u0161ki: Dosada\u0161nja istra\u017eivanja politi\u010dkog i medijskog diskursa nisu se na sveobuhvatan i teorijski dobro zasnovan na\u010din, uz rigoroznu metodologiju i minucioznu analizu, bavila klju\u010dnim pitanjima funkcioniranja takve vrste diskursa, tako da ova monografija predstavlja klju\u010dan znanstveni doprinos njegovoj kriti\u010dkoj analizi. Malo je knjiga koje na tako sistemati\u010dan i detaljan, [&hellip;]\" \/>\n<meta property=\"og:url\" content=\"https:\/\/webknjizara.hr\/proizvod\/kriticka-analiza-diskursa-s-primjerima-iz-medijskoga-i-politickoga-diskursa-daniela-matic\/\" \/>\n<meta property=\"og:site_name\" content=\"Web-knji\u017eara\" \/>\n<meta property=\"article:modified_time\" content=\"2023-11-21T14:49:22+00:00\" \/>\n<meta property=\"og:image\" content=\"https:\/\/webknjizara.hr\/wp-content\/uploads\/2023\/11\/Daniela_Matic_KRITICKA_ANALIZA_DISKURSA_s_primjerima_iz_medijskoga_i_politickoga_diskursa_webknjizara_redak_WEB_1442.jpg\" \/>\n\t<meta property=\"og:image:width\" content=\"300\" \/>\n\t<meta property=\"og:image:height\" content=\"419\" \/>\n\t<meta property=\"og:image:type\" content=\"image\/jpeg\" \/>\n<meta name=\"twitter:card\" content=\"summary_large_image\" \/>\n<meta name=\"twitter:label1\" content=\"Est. reading time\" \/>\n\t<meta name=\"twitter:data1\" content=\"3 minutes\" \/>\n<script type=\"application\/ld+json\" class=\"yoast-schema-graph\">{\"@context\":\"https:\\\/\\\/schema.org\",\"@graph\":[{\"@type\":\"WebPage\",\"@id\":\"https:\\\/\\\/webknjizara.hr\\\/proizvod\\\/kriticka-analiza-diskursa-s-primjerima-iz-medijskoga-i-politickoga-diskursa-daniela-matic\\\/\",\"url\":\"https:\\\/\\\/webknjizara.hr\\\/proizvod\\\/kriticka-analiza-diskursa-s-primjerima-iz-medijskoga-i-politickoga-diskursa-daniela-matic\\\/\",\"name\":\"KRITI\u010cKA ANALIZA DISKURSA s primjerima iz medijskoga i politi\u010dkoga diskursa, Daniela Mati\u0107 - Web-knji\u017eara\",\"isPartOf\":{\"@id\":\"https:\\\/\\\/webknjizara.hr\\\/#website\"},\"primaryImageOfPage\":{\"@id\":\"https:\\\/\\\/webknjizara.hr\\\/proizvod\\\/kriticka-analiza-diskursa-s-primjerima-iz-medijskoga-i-politickoga-diskursa-daniela-matic\\\/#primaryimage\"},\"image\":{\"@id\":\"https:\\\/\\\/webknjizara.hr\\\/proizvod\\\/kriticka-analiza-diskursa-s-primjerima-iz-medijskoga-i-politickoga-diskursa-daniela-matic\\\/#primaryimage\"},\"thumbnailUrl\":\"https:\\\/\\\/webknjizara.hr\\\/wp-content\\\/uploads\\\/2023\\\/11\\\/Daniela_Matic_KRITICKA_ANALIZA_DISKURSA_s_primjerima_iz_medijskoga_i_politickoga_diskursa_webknjizara_redak_WEB_1442.jpg\",\"datePublished\":\"2023-11-21T14:49:21+00:00\",\"dateModified\":\"2023-11-21T14:49:22+00:00\",\"breadcrumb\":{\"@id\":\"https:\\\/\\\/webknjizara.hr\\\/proizvod\\\/kriticka-analiza-diskursa-s-primjerima-iz-medijskoga-i-politickoga-diskursa-daniela-matic\\\/#breadcrumb\"},\"inLanguage\":\"en-US\",\"potentialAction\":[{\"@type\":\"ReadAction\",\"target\":[\"https:\\\/\\\/webknjizara.hr\\\/proizvod\\\/kriticka-analiza-diskursa-s-primjerima-iz-medijskoga-i-politickoga-diskursa-daniela-matic\\\/\"]}]},{\"@type\":\"ImageObject\",\"inLanguage\":\"en-US\",\"@id\":\"https:\\\/\\\/webknjizara.hr\\\/proizvod\\\/kriticka-analiza-diskursa-s-primjerima-iz-medijskoga-i-politickoga-diskursa-daniela-matic\\\/#primaryimage\",\"url\":\"https:\\\/\\\/webknjizara.hr\\\/wp-content\\\/uploads\\\/2023\\\/11\\\/Daniela_Matic_KRITICKA_ANALIZA_DISKURSA_s_primjerima_iz_medijskoga_i_politickoga_diskursa_webknjizara_redak_WEB_1442.jpg\",\"contentUrl\":\"https:\\\/\\\/webknjizara.hr\\\/wp-content\\\/uploads\\\/2023\\\/11\\\/Daniela_Matic_KRITICKA_ANALIZA_DISKURSA_s_primjerima_iz_medijskoga_i_politickoga_diskursa_webknjizara_redak_WEB_1442.jpg\",\"width\":300,\"height\":419},{\"@type\":\"BreadcrumbList\",\"@id\":\"https:\\\/\\\/webknjizara.hr\\\/proizvod\\\/kriticka-analiza-diskursa-s-primjerima-iz-medijskoga-i-politickoga-diskursa-daniela-matic\\\/#breadcrumb\",\"itemListElement\":[{\"@type\":\"ListItem\",\"position\":1,\"name\":\"Po\u010detna stranica\",\"item\":\"https:\\\/\\\/webknjizara.hr\\\/en\\\/\"},{\"@type\":\"ListItem\",\"position\":2,\"name\":\"Shop\",\"item\":\"https:\\\/\\\/webknjizara.hr\\\/shop\\\/\"},{\"@type\":\"ListItem\",\"position\":3,\"name\":\"KRITI\u010cKA ANALIZA DISKURSA s primjerima iz medijskoga i politi\u010dkoga diskursa, Daniela Mati\u0107\"}]},{\"@type\":\"WebSite\",\"@id\":\"https:\\\/\\\/webknjizara.hr\\\/#website\",\"url\":\"https:\\\/\\\/webknjizara.hr\\\/\",\"name\":\"Web Knji\u017eara\",\"description\":\"\",\"publisher\":{\"@id\":\"https:\\\/\\\/webknjizara.hr\\\/#organization\"},\"potentialAction\":[{\"@type\":\"SearchAction\",\"target\":{\"@type\":\"EntryPoint\",\"urlTemplate\":\"https:\\\/\\\/webknjizara.hr\\\/?s={search_term_string}\"},\"query-input\":{\"@type\":\"PropertyValueSpecification\",\"valueRequired\":true,\"valueName\":\"search_term_string\"}}],\"inLanguage\":\"en-US\"},{\"@type\":\"Organization\",\"@id\":\"https:\\\/\\\/webknjizara.hr\\\/#organization\",\"name\":\"REDAK D.O.O.\",\"url\":\"https:\\\/\\\/webknjizara.hr\\\/\",\"logo\":{\"@type\":\"ImageObject\",\"inLanguage\":\"en-US\",\"@id\":\"https:\\\/\\\/webknjizara.hr\\\/#\\\/schema\\\/logo\\\/image\\\/\",\"url\":\"https:\\\/\\\/webknjizara.hr\\\/wp-content\\\/uploads\\\/2023\\\/01\\\/web-knjizara-logo.webp\",\"contentUrl\":\"https:\\\/\\\/webknjizara.hr\\\/wp-content\\\/uploads\\\/2023\\\/01\\\/web-knjizara-logo.webp\",\"width\":324,\"height\":79,\"caption\":\"REDAK D.O.O.\"},\"image\":{\"@id\":\"https:\\\/\\\/webknjizara.hr\\\/#\\\/schema\\\/logo\\\/image\\\/\"}}]}<\/script>\n<!-- \/ Yoast SEO plugin. -->","yoast_head_json":{"title":"KRITI\u010cKA ANALIZA DISKURSA s primjerima iz medijskoga i politi\u010dkoga diskursa, Daniela Mati\u0107 - Web-knji\u017eara","robots":{"index":"index","follow":"follow","max-snippet":"max-snippet:-1","max-image-preview":"max-image-preview:large","max-video-preview":"max-video-preview:-1"},"canonical":"https:\/\/webknjizara.hr\/proizvod\/kriticka-analiza-diskursa-s-primjerima-iz-medijskoga-i-politickoga-diskursa-daniela-matic\/","og_locale":"en_US","og_type":"article","og_title":"KRITI\u010cKA ANALIZA DISKURSA s primjerima iz medijskoga i politi\u010dkoga diskursa, Daniela Mati\u0107 - Web-knji\u017eara","og_description":"Iz recenzije prof. dr. sc. Nade\u017ede Sila\u0161ki: Dosada\u0161nja istra\u017eivanja politi\u010dkog i medijskog diskursa nisu se na sveobuhvatan i teorijski dobro zasnovan na\u010din, uz rigoroznu metodologiju i minucioznu analizu, bavila klju\u010dnim pitanjima funkcioniranja takve vrste diskursa, tako da ova monografija predstavlja klju\u010dan znanstveni doprinos njegovoj kriti\u010dkoj analizi. Malo je knjiga koje na tako sistemati\u010dan i detaljan, [&hellip;]","og_url":"https:\/\/webknjizara.hr\/proizvod\/kriticka-analiza-diskursa-s-primjerima-iz-medijskoga-i-politickoga-diskursa-daniela-matic\/","og_site_name":"Web-knji\u017eara","article_modified_time":"2023-11-21T14:49:22+00:00","og_image":[{"width":300,"height":419,"url":"https:\/\/webknjizara.hr\/wp-content\/uploads\/2023\/11\/Daniela_Matic_KRITICKA_ANALIZA_DISKURSA_s_primjerima_iz_medijskoga_i_politickoga_diskursa_webknjizara_redak_WEB_1442.jpg","type":"image\/jpeg"}],"twitter_card":"summary_large_image","twitter_misc":{"Est. reading time":"3 minutes"},"schema":{"@context":"https:\/\/schema.org","@graph":[{"@type":"WebPage","@id":"https:\/\/webknjizara.hr\/proizvod\/kriticka-analiza-diskursa-s-primjerima-iz-medijskoga-i-politickoga-diskursa-daniela-matic\/","url":"https:\/\/webknjizara.hr\/proizvod\/kriticka-analiza-diskursa-s-primjerima-iz-medijskoga-i-politickoga-diskursa-daniela-matic\/","name":"KRITI\u010cKA ANALIZA DISKURSA s primjerima iz medijskoga i politi\u010dkoga diskursa, Daniela Mati\u0107 - Web-knji\u017eara","isPartOf":{"@id":"https:\/\/webknjizara.hr\/#website"},"primaryImageOfPage":{"@id":"https:\/\/webknjizara.hr\/proizvod\/kriticka-analiza-diskursa-s-primjerima-iz-medijskoga-i-politickoga-diskursa-daniela-matic\/#primaryimage"},"image":{"@id":"https:\/\/webknjizara.hr\/proizvod\/kriticka-analiza-diskursa-s-primjerima-iz-medijskoga-i-politickoga-diskursa-daniela-matic\/#primaryimage"},"thumbnailUrl":"https:\/\/webknjizara.hr\/wp-content\/uploads\/2023\/11\/Daniela_Matic_KRITICKA_ANALIZA_DISKURSA_s_primjerima_iz_medijskoga_i_politickoga_diskursa_webknjizara_redak_WEB_1442.jpg","datePublished":"2023-11-21T14:49:21+00:00","dateModified":"2023-11-21T14:49:22+00:00","breadcrumb":{"@id":"https:\/\/webknjizara.hr\/proizvod\/kriticka-analiza-diskursa-s-primjerima-iz-medijskoga-i-politickoga-diskursa-daniela-matic\/#breadcrumb"},"inLanguage":"en-US","potentialAction":[{"@type":"ReadAction","target":["https:\/\/webknjizara.hr\/proizvod\/kriticka-analiza-diskursa-s-primjerima-iz-medijskoga-i-politickoga-diskursa-daniela-matic\/"]}]},{"@type":"ImageObject","inLanguage":"en-US","@id":"https:\/\/webknjizara.hr\/proizvod\/kriticka-analiza-diskursa-s-primjerima-iz-medijskoga-i-politickoga-diskursa-daniela-matic\/#primaryimage","url":"https:\/\/webknjizara.hr\/wp-content\/uploads\/2023\/11\/Daniela_Matic_KRITICKA_ANALIZA_DISKURSA_s_primjerima_iz_medijskoga_i_politickoga_diskursa_webknjizara_redak_WEB_1442.jpg","contentUrl":"https:\/\/webknjizara.hr\/wp-content\/uploads\/2023\/11\/Daniela_Matic_KRITICKA_ANALIZA_DISKURSA_s_primjerima_iz_medijskoga_i_politickoga_diskursa_webknjizara_redak_WEB_1442.jpg","width":300,"height":419},{"@type":"BreadcrumbList","@id":"https:\/\/webknjizara.hr\/proizvod\/kriticka-analiza-diskursa-s-primjerima-iz-medijskoga-i-politickoga-diskursa-daniela-matic\/#breadcrumb","itemListElement":[{"@type":"ListItem","position":1,"name":"Po\u010detna stranica","item":"https:\/\/webknjizara.hr\/en\/"},{"@type":"ListItem","position":2,"name":"Shop","item":"https:\/\/webknjizara.hr\/shop\/"},{"@type":"ListItem","position":3,"name":"KRITI\u010cKA ANALIZA DISKURSA s primjerima iz medijskoga i politi\u010dkoga diskursa, Daniela Mati\u0107"}]},{"@type":"WebSite","@id":"https:\/\/webknjizara.hr\/#website","url":"https:\/\/webknjizara.hr\/","name":"Web Knji\u017eara","description":"","publisher":{"@id":"https:\/\/webknjizara.hr\/#organization"},"potentialAction":[{"@type":"SearchAction","target":{"@type":"EntryPoint","urlTemplate":"https:\/\/webknjizara.hr\/?s={search_term_string}"},"query-input":{"@type":"PropertyValueSpecification","valueRequired":true,"valueName":"search_term_string"}}],"inLanguage":"en-US"},{"@type":"Organization","@id":"https:\/\/webknjizara.hr\/#organization","name":"REDAK D.O.O.","url":"https:\/\/webknjizara.hr\/","logo":{"@type":"ImageObject","inLanguage":"en-US","@id":"https:\/\/webknjizara.hr\/#\/schema\/logo\/image\/","url":"https:\/\/webknjizara.hr\/wp-content\/uploads\/2023\/01\/web-knjizara-logo.webp","contentUrl":"https:\/\/webknjizara.hr\/wp-content\/uploads\/2023\/01\/web-knjizara-logo.webp","width":324,"height":79,"caption":"REDAK D.O.O."},"image":{"@id":"https:\/\/webknjizara.hr\/#\/schema\/logo\/image\/"}}]}},"_links":{"self":[{"href":"https:\/\/webknjizara.hr\/en\/wp-json\/wp\/v2\/product\/15690","targetHints":{"allow":["GET"]}}],"collection":[{"href":"https:\/\/webknjizara.hr\/en\/wp-json\/wp\/v2\/product"}],"about":[{"href":"https:\/\/webknjizara.hr\/en\/wp-json\/wp\/v2\/types\/product"}],"replies":[{"embeddable":true,"href":"https:\/\/webknjizara.hr\/en\/wp-json\/wp\/v2\/comments?post=15690"}],"wp:featuredmedia":[{"embeddable":true,"href":"https:\/\/webknjizara.hr\/en\/wp-json\/wp\/v2\/media\/15691"}],"wp:attachment":[{"href":"https:\/\/webknjizara.hr\/en\/wp-json\/wp\/v2\/media?parent=15690"}],"wp:term":[{"taxonomy":"product_brand","embeddable":true,"href":"https:\/\/webknjizara.hr\/en\/wp-json\/wp\/v2\/product_brand?post=15690"},{"taxonomy":"product_cat","embeddable":true,"href":"https:\/\/webknjizara.hr\/en\/wp-json\/wp\/v2\/product_cat?post=15690"},{"taxonomy":"product_tag","embeddable":true,"href":"https:\/\/webknjizara.hr\/en\/wp-json\/wp\/v2\/product_tag?post=15690"}],"curies":[{"name":"wp","href":"https:\/\/api.w.org\/{rel}","templated":true}]}}