{"id":15665,"date":"2023-11-17T13:22:29","date_gmt":"2023-11-17T12:22:29","guid":{"rendered":"https:\/\/webknjizara.hr\/?post_type=product&#038;p=15665"},"modified":"2024-12-20T09:30:35","modified_gmt":"2024-12-20T08:30:35","slug":"lektira-za-roditelje-marija-kozlek","status":"publish","type":"product","link":"https:\/\/webknjizara.hr\/en\/proizvod\/lektira-za-roditelje-marija-kozlek\/","title":{"rendered":"LEKTIRA ZA RODITELJE, Marija Kozlek"},"content":{"rendered":"<p><span style=\"color: #000000;\"><span lang=\"hr-HR\">Mo\u017eda bi vam to i va\u0161e dijete reklo kad bi se usudilo. Stella je devetogodi\u0161nja djevoj\u010dica. Pratimo njezin \u017eivot od kraja zimskog polugodi\u0161ta do kraja ljetnog polugodi\u0161ta. Njezini roditelji stalno su u sva\u0111i, a vr\u0161njaci je maltretiraju na po\u010detku zbog simptoma seboreje, a kasnije zbog \u010dlanova obitelji. Stella se nema kome povjeriti, osim svojoj lutkici Latici. Pratimo kako okolnosti utje\u010du na njezin \u017eivot, koliko maltretiranje vr\u0161njaka oblikuje njezin put i vra\u0107a li se na kraju na ispravan put.<\/span><\/span><\/p>\n<p>&nbsp;<\/p>\n<p><span style=\"font-family: Arial, sans-serif;\"><span lang=\"hr-HR\"><b>Bilje\u0161ka o autoru\/autorici: <\/b><\/span><\/span><\/p>\n<p><span style=\"color: #000000;\"><span lang=\"hr-HR\">Dvadeset i ne\u0161to godi\u0161njakinja. Koliko ozbiljna, toliko i zaigrana. Izra\u017eava se kroz posao marketinga, ponekad kroz snimanje vjen\u010danja, a pi\u0161e i drugi roman. Sakuplja\u010dica parfemskih bo\u010dica, ranoranilica i onaj tip ljudi koji \u010dudno dr\u017ee olovku. <\/span><\/span><\/p>\n<p><span style=\"font-family: Arial, sans-serif;\"><span lang=\"hr-HR\"><b>E-mail: <\/b><\/span><\/span><a href=\"http:\/\/MAILTO:kozlekova@gmail.com\" target=\"_blank\" rel=\"noopener\"><span style=\"color: #000000;\"><span style=\"font-family: Arial, sans-serif;\">Marija Kozlek<\/span><\/span><\/a><\/p>\n<p>&nbsp;<\/p>\n<p><strong><span style=\"font-family: Arial, sans-serif;\"><span lang=\"hr-HR\">Naslov: <\/span><\/span><\/strong><strong><span style=\"font-family: Arial, sans-serif;\">Lektira za roditelje<\/span><\/strong><span style=\"font-family: Arial, sans-serif;\"><span lang=\"hr-HR\"><br \/>\n<\/span><\/span><strong><span style=\"font-family: Arial, sans-serif;\"><span lang=\"hr-HR\">Autor\/autorica:<\/span><\/span><\/strong> <span style=\"font-family: Arial, sans-serif;\">Marija Kozlek<\/span><span style=\"font-family: Arial, sans-serif;\"><span lang=\"hr-HR\"><br \/>\n<\/span><\/span><strong><span style=\"font-family: Arial, sans-serif;\"><span lang=\"hr-HR\">Broj stranica: <\/span><\/span><\/strong><span style=\"font-family: Arial, sans-serif;\"><span lang=\"\">258<\/span><\/span><span style=\"font-family: Arial, sans-serif;\"><span lang=\"hr-HR\"><br \/>\n<\/span><\/span><strong><span style=\"font-family: Arial, sans-serif;\"><span lang=\"hr-HR\">Nakladnik: <\/span><\/span><\/strong><strong><span style=\"font-family: Arial, sans-serif;\">REDAK<\/span><\/strong><span style=\"font-family: Arial, sans-serif;\"><span lang=\"hr-HR\"><br \/>\n<\/span><\/span><strong><span style=\"font-family: Arial, sans-serif;\"><span lang=\"hr-HR\">Godina izdanja: <\/span><\/span><\/strong><strong><span style=\"font-family: Arial, sans-serif;\">2023.<\/span><\/strong><strong><span style=\"font-family: Arial, sans-serif;\"><span lang=\"hr-HR\">.<br \/>\n<\/span><\/span><\/strong><strong><span style=\"font-family: Arial, sans-serif;\">ISBN:<\/span><\/strong><span style=\"font-family: Arial, sans-serif;\"> 978-953-336-966-2<br \/>\n<\/span><strong><span style=\"font-family: Arial, sans-serif;\">Tisak:<\/span><\/strong><span style=\"font-family: Arial, sans-serif;\"> digitalni tisak knjiga &#8211; print na zahtjev<\/span><\/p>\n","protected":false},"excerpt":{"rendered":"<p>Mo\u017eda bi vam to i va\u0161e dijete reklo kad bi se usudilo. Stella je devetogodi\u0161nja djevoj\u010dica. Pratimo njezin \u017eivot od kraja zimskog polugodi\u0161ta do kraja ljetnog polugodi\u0161ta. Njezini roditelji stalno su u sva\u0111i, a vr\u0161njaci je maltretiraju na po\u010detku zbog simptoma seboreje, a kasnije zbog \u010dlanova obitelji. Stella se nema kome povjeriti, osim svojoj lutkici [&hellip;]<\/p>\n","protected":false},"featured_media":15666,"comment_status":"open","ping_status":"closed","template":"","meta":{"_acf_changed":false},"product_brand":[],"product_cat":[1607],"product_tag":[],"class_list":{"0":"post-15665","1":"product","2":"type-product","3":"status-publish","4":"has-post-thumbnail","6":"product_cat-proza","7":"pa_autor-marija-kozlek","8":"pa_nakladnik-redak","10":"first","11":"instock","12":"shipping-taxable","13":"purchasable","14":"product-type-simple"},"acf":[],"yoast_head":"<!-- This site is optimized with the Yoast SEO plugin v27.3 - https:\/\/yoast.com\/product\/yoast-seo-wordpress\/ -->\n<title>LEKTIRA ZA RODITELJE, Marija Kozlek - Web-knji\u017eara<\/title>\n<meta name=\"robots\" content=\"index, follow, max-snippet:-1, max-image-preview:large, max-video-preview:-1\" \/>\n<link rel=\"canonical\" href=\"https:\/\/webknjizara.hr\/proizvod\/lektira-za-roditelje-marija-kozlek\/\" \/>\n<meta property=\"og:locale\" content=\"en_US\" \/>\n<meta property=\"og:type\" content=\"article\" \/>\n<meta property=\"og:title\" content=\"LEKTIRA ZA RODITELJE, Marija Kozlek - Web-knji\u017eara\" \/>\n<meta property=\"og:description\" content=\"Mo\u017eda bi vam to i va\u0161e dijete reklo kad bi se usudilo. Stella je devetogodi\u0161nja djevoj\u010dica. Pratimo njezin \u017eivot od kraja zimskog polugodi\u0161ta do kraja ljetnog polugodi\u0161ta. Njezini roditelji stalno su u sva\u0111i, a vr\u0161njaci je maltretiraju na po\u010detku zbog simptoma seboreje, a kasnije zbog \u010dlanova obitelji. Stella se nema kome povjeriti, osim svojoj lutkici [&hellip;]\" \/>\n<meta property=\"og:url\" content=\"https:\/\/webknjizara.hr\/proizvod\/lektira-za-roditelje-marija-kozlek\/\" \/>\n<meta property=\"og:site_name\" content=\"Web-knji\u017eara\" \/>\n<meta property=\"article:modified_time\" content=\"2024-12-20T08:30:35+00:00\" \/>\n<meta property=\"og:image\" content=\"https:\/\/webknjizara.hr\/wp-content\/uploads\/2023\/11\/Marija_Kozlek_Lektira_za_roditelje_webknjizara_redak_WEB_1493.jpg\" \/>\n\t<meta property=\"og:image:width\" content=\"300\" \/>\n\t<meta property=\"og:image:height\" content=\"419\" \/>\n\t<meta property=\"og:image:type\" content=\"image\/jpeg\" \/>\n<meta name=\"twitter:card\" content=\"summary_large_image\" \/>\n<meta name=\"twitter:label1\" content=\"Est. reading time\" \/>\n\t<meta name=\"twitter:data1\" content=\"1 minute\" \/>\n<script type=\"application\/ld+json\" class=\"yoast-schema-graph\">{\"@context\":\"https:\\\/\\\/schema.org\",\"@graph\":[{\"@type\":\"WebPage\",\"@id\":\"https:\\\/\\\/webknjizara.hr\\\/proizvod\\\/lektira-za-roditelje-marija-kozlek\\\/\",\"url\":\"https:\\\/\\\/webknjizara.hr\\\/proizvod\\\/lektira-za-roditelje-marija-kozlek\\\/\",\"name\":\"LEKTIRA ZA RODITELJE, Marija Kozlek - Web-knji\u017eara\",\"isPartOf\":{\"@id\":\"https:\\\/\\\/webknjizara.hr\\\/#website\"},\"primaryImageOfPage\":{\"@id\":\"https:\\\/\\\/webknjizara.hr\\\/proizvod\\\/lektira-za-roditelje-marija-kozlek\\\/#primaryimage\"},\"image\":{\"@id\":\"https:\\\/\\\/webknjizara.hr\\\/proizvod\\\/lektira-za-roditelje-marija-kozlek\\\/#primaryimage\"},\"thumbnailUrl\":\"https:\\\/\\\/webknjizara.hr\\\/wp-content\\\/uploads\\\/2023\\\/11\\\/Marija_Kozlek_Lektira_za_roditelje_webknjizara_redak_WEB_1493.jpg\",\"datePublished\":\"2023-11-17T12:22:29+00:00\",\"dateModified\":\"2024-12-20T08:30:35+00:00\",\"breadcrumb\":{\"@id\":\"https:\\\/\\\/webknjizara.hr\\\/proizvod\\\/lektira-za-roditelje-marija-kozlek\\\/#breadcrumb\"},\"inLanguage\":\"en-US\",\"potentialAction\":[{\"@type\":\"ReadAction\",\"target\":[\"https:\\\/\\\/webknjizara.hr\\\/proizvod\\\/lektira-za-roditelje-marija-kozlek\\\/\"]}]},{\"@type\":\"ImageObject\",\"inLanguage\":\"en-US\",\"@id\":\"https:\\\/\\\/webknjizara.hr\\\/proizvod\\\/lektira-za-roditelje-marija-kozlek\\\/#primaryimage\",\"url\":\"https:\\\/\\\/webknjizara.hr\\\/wp-content\\\/uploads\\\/2023\\\/11\\\/Marija_Kozlek_Lektira_za_roditelje_webknjizara_redak_WEB_1493.jpg\",\"contentUrl\":\"https:\\\/\\\/webknjizara.hr\\\/wp-content\\\/uploads\\\/2023\\\/11\\\/Marija_Kozlek_Lektira_za_roditelje_webknjizara_redak_WEB_1493.jpg\",\"width\":300,\"height\":419},{\"@type\":\"BreadcrumbList\",\"@id\":\"https:\\\/\\\/webknjizara.hr\\\/proizvod\\\/lektira-za-roditelje-marija-kozlek\\\/#breadcrumb\",\"itemListElement\":[{\"@type\":\"ListItem\",\"position\":1,\"name\":\"Po\u010detna stranica\",\"item\":\"https:\\\/\\\/webknjizara.hr\\\/en\\\/\"},{\"@type\":\"ListItem\",\"position\":2,\"name\":\"Shop\",\"item\":\"https:\\\/\\\/webknjizara.hr\\\/shop\\\/\"},{\"@type\":\"ListItem\",\"position\":3,\"name\":\"LEKTIRA ZA RODITELJE, Marija Kozlek\"}]},{\"@type\":\"WebSite\",\"@id\":\"https:\\\/\\\/webknjizara.hr\\\/#website\",\"url\":\"https:\\\/\\\/webknjizara.hr\\\/\",\"name\":\"Web Knji\u017eara\",\"description\":\"\",\"publisher\":{\"@id\":\"https:\\\/\\\/webknjizara.hr\\\/#organization\"},\"potentialAction\":[{\"@type\":\"SearchAction\",\"target\":{\"@type\":\"EntryPoint\",\"urlTemplate\":\"https:\\\/\\\/webknjizara.hr\\\/?s={search_term_string}\"},\"query-input\":{\"@type\":\"PropertyValueSpecification\",\"valueRequired\":true,\"valueName\":\"search_term_string\"}}],\"inLanguage\":\"en-US\"},{\"@type\":\"Organization\",\"@id\":\"https:\\\/\\\/webknjizara.hr\\\/#organization\",\"name\":\"REDAK D.O.O.\",\"url\":\"https:\\\/\\\/webknjizara.hr\\\/\",\"logo\":{\"@type\":\"ImageObject\",\"inLanguage\":\"en-US\",\"@id\":\"https:\\\/\\\/webknjizara.hr\\\/#\\\/schema\\\/logo\\\/image\\\/\",\"url\":\"https:\\\/\\\/webknjizara.hr\\\/wp-content\\\/uploads\\\/2023\\\/01\\\/web-knjizara-logo.webp\",\"contentUrl\":\"https:\\\/\\\/webknjizara.hr\\\/wp-content\\\/uploads\\\/2023\\\/01\\\/web-knjizara-logo.webp\",\"width\":324,\"height\":79,\"caption\":\"REDAK D.O.O.\"},\"image\":{\"@id\":\"https:\\\/\\\/webknjizara.hr\\\/#\\\/schema\\\/logo\\\/image\\\/\"}}]}<\/script>\n<!-- \/ Yoast SEO plugin. -->","yoast_head_json":{"title":"LEKTIRA ZA RODITELJE, Marija Kozlek - Web-knji\u017eara","robots":{"index":"index","follow":"follow","max-snippet":"max-snippet:-1","max-image-preview":"max-image-preview:large","max-video-preview":"max-video-preview:-1"},"canonical":"https:\/\/webknjizara.hr\/proizvod\/lektira-za-roditelje-marija-kozlek\/","og_locale":"en_US","og_type":"article","og_title":"LEKTIRA ZA RODITELJE, Marija Kozlek - Web-knji\u017eara","og_description":"Mo\u017eda bi vam to i va\u0161e dijete reklo kad bi se usudilo. Stella je devetogodi\u0161nja djevoj\u010dica. Pratimo njezin \u017eivot od kraja zimskog polugodi\u0161ta do kraja ljetnog polugodi\u0161ta. Njezini roditelji stalno su u sva\u0111i, a vr\u0161njaci je maltretiraju na po\u010detku zbog simptoma seboreje, a kasnije zbog \u010dlanova obitelji. Stella se nema kome povjeriti, osim svojoj lutkici [&hellip;]","og_url":"https:\/\/webknjizara.hr\/proizvod\/lektira-za-roditelje-marija-kozlek\/","og_site_name":"Web-knji\u017eara","article_modified_time":"2024-12-20T08:30:35+00:00","og_image":[{"width":300,"height":419,"url":"https:\/\/webknjizara.hr\/wp-content\/uploads\/2023\/11\/Marija_Kozlek_Lektira_za_roditelje_webknjizara_redak_WEB_1493.jpg","type":"image\/jpeg"}],"twitter_card":"summary_large_image","twitter_misc":{"Est. reading time":"1 minute"},"schema":{"@context":"https:\/\/schema.org","@graph":[{"@type":"WebPage","@id":"https:\/\/webknjizara.hr\/proizvod\/lektira-za-roditelje-marija-kozlek\/","url":"https:\/\/webknjizara.hr\/proizvod\/lektira-za-roditelje-marija-kozlek\/","name":"LEKTIRA ZA RODITELJE, Marija Kozlek - Web-knji\u017eara","isPartOf":{"@id":"https:\/\/webknjizara.hr\/#website"},"primaryImageOfPage":{"@id":"https:\/\/webknjizara.hr\/proizvod\/lektira-za-roditelje-marija-kozlek\/#primaryimage"},"image":{"@id":"https:\/\/webknjizara.hr\/proizvod\/lektira-za-roditelje-marija-kozlek\/#primaryimage"},"thumbnailUrl":"https:\/\/webknjizara.hr\/wp-content\/uploads\/2023\/11\/Marija_Kozlek_Lektira_za_roditelje_webknjizara_redak_WEB_1493.jpg","datePublished":"2023-11-17T12:22:29+00:00","dateModified":"2024-12-20T08:30:35+00:00","breadcrumb":{"@id":"https:\/\/webknjizara.hr\/proizvod\/lektira-za-roditelje-marija-kozlek\/#breadcrumb"},"inLanguage":"en-US","potentialAction":[{"@type":"ReadAction","target":["https:\/\/webknjizara.hr\/proizvod\/lektira-za-roditelje-marija-kozlek\/"]}]},{"@type":"ImageObject","inLanguage":"en-US","@id":"https:\/\/webknjizara.hr\/proizvod\/lektira-za-roditelje-marija-kozlek\/#primaryimage","url":"https:\/\/webknjizara.hr\/wp-content\/uploads\/2023\/11\/Marija_Kozlek_Lektira_za_roditelje_webknjizara_redak_WEB_1493.jpg","contentUrl":"https:\/\/webknjizara.hr\/wp-content\/uploads\/2023\/11\/Marija_Kozlek_Lektira_za_roditelje_webknjizara_redak_WEB_1493.jpg","width":300,"height":419},{"@type":"BreadcrumbList","@id":"https:\/\/webknjizara.hr\/proizvod\/lektira-za-roditelje-marija-kozlek\/#breadcrumb","itemListElement":[{"@type":"ListItem","position":1,"name":"Po\u010detna stranica","item":"https:\/\/webknjizara.hr\/en\/"},{"@type":"ListItem","position":2,"name":"Shop","item":"https:\/\/webknjizara.hr\/shop\/"},{"@type":"ListItem","position":3,"name":"LEKTIRA ZA RODITELJE, Marija Kozlek"}]},{"@type":"WebSite","@id":"https:\/\/webknjizara.hr\/#website","url":"https:\/\/webknjizara.hr\/","name":"Web Knji\u017eara","description":"","publisher":{"@id":"https:\/\/webknjizara.hr\/#organization"},"potentialAction":[{"@type":"SearchAction","target":{"@type":"EntryPoint","urlTemplate":"https:\/\/webknjizara.hr\/?s={search_term_string}"},"query-input":{"@type":"PropertyValueSpecification","valueRequired":true,"valueName":"search_term_string"}}],"inLanguage":"en-US"},{"@type":"Organization","@id":"https:\/\/webknjizara.hr\/#organization","name":"REDAK D.O.O.","url":"https:\/\/webknjizara.hr\/","logo":{"@type":"ImageObject","inLanguage":"en-US","@id":"https:\/\/webknjizara.hr\/#\/schema\/logo\/image\/","url":"https:\/\/webknjizara.hr\/wp-content\/uploads\/2023\/01\/web-knjizara-logo.webp","contentUrl":"https:\/\/webknjizara.hr\/wp-content\/uploads\/2023\/01\/web-knjizara-logo.webp","width":324,"height":79,"caption":"REDAK D.O.O."},"image":{"@id":"https:\/\/webknjizara.hr\/#\/schema\/logo\/image\/"}}]}},"_links":{"self":[{"href":"https:\/\/webknjizara.hr\/en\/wp-json\/wp\/v2\/product\/15665","targetHints":{"allow":["GET"]}}],"collection":[{"href":"https:\/\/webknjizara.hr\/en\/wp-json\/wp\/v2\/product"}],"about":[{"href":"https:\/\/webknjizara.hr\/en\/wp-json\/wp\/v2\/types\/product"}],"replies":[{"embeddable":true,"href":"https:\/\/webknjizara.hr\/en\/wp-json\/wp\/v2\/comments?post=15665"}],"wp:featuredmedia":[{"embeddable":true,"href":"https:\/\/webknjizara.hr\/en\/wp-json\/wp\/v2\/media\/15666"}],"wp:attachment":[{"href":"https:\/\/webknjizara.hr\/en\/wp-json\/wp\/v2\/media?parent=15665"}],"wp:term":[{"taxonomy":"product_brand","embeddable":true,"href":"https:\/\/webknjizara.hr\/en\/wp-json\/wp\/v2\/product_brand?post=15665"},{"taxonomy":"product_cat","embeddable":true,"href":"https:\/\/webknjizara.hr\/en\/wp-json\/wp\/v2\/product_cat?post=15665"},{"taxonomy":"product_tag","embeddable":true,"href":"https:\/\/webknjizara.hr\/en\/wp-json\/wp\/v2\/product_tag?post=15665"}],"curies":[{"name":"wp","href":"https:\/\/api.w.org\/{rel}","templated":true}]}}