{"id":15637,"date":"2023-11-14T12:50:40","date_gmt":"2023-11-14T11:50:40","guid":{"rendered":"https:\/\/webknjizara.hr\/?post_type=product&#038;p=15637"},"modified":"2023-11-14T12:50:41","modified_gmt":"2023-11-14T11:50:41","slug":"poezija-zlatnih-stihova-ljetna-carolija-6-dio-grupa-autora","status":"publish","type":"product","link":"https:\/\/webknjizara.hr\/en\/proizvod\/poezija-zlatnih-stihova-ljetna-carolija-6-dio-grupa-autora\/","title":{"rendered":"POEZIJA ZLATNIH STIHOVA LJETNA \u010cAROLIJA, 6. DIO, Grupa autora"},"content":{"rendered":"<p lang=\"hr-HR\"><span style=\"color: #00000a;\"><span style=\"font-family: Arial, sans-serif;\"><span style=\"font-size: medium;\">D\u017eenita Memi\u0107, spisateljica, napisala je nekoliko rije\u010di o knjizi:<\/span><\/span><\/span><\/p>\n<p lang=\"hr-HR\"><span style=\"color: #00000a;\"> <span style=\"font-family: Liberation Serif, Times New Roman, serif;\"><span style=\"font-size: medium;\"><span style=\"font-family: Arial, sans-serif;\">Ljeto je na izmaku, a more, topli dani, osun\u010dani vrtovi, miris lipe, zov \u017eive prirode nikada jasnije i slikovitije nije prikazan kao u ovoj zbirci. <\/span><\/span><\/span><\/span><\/p>\n<p lang=\"hr-HR\"><span style=\"color: #00000a;\"><span style=\"font-family: Liberation Serif, Times New Roman, serif;\"><span style=\"font-size: medium;\"><span style=\"font-family: Arial, sans-serif;\">O ljetu ma\u0161tamo cijelu godinu, posebice o morskim valovima, miru i bijegu od svih tegoba i radne svakodnevnice.<\/span><\/span><\/span><\/span><\/p>\n<p lang=\"hr-HR\"><span style=\"color: #00000a;\"><span style=\"font-family: Arial, sans-serif;\"><span style=\"font-size: medium;\">Knjiga uz koju se mo\u017eete maksimalno opustiti, do\u017eivjeti teleportaciju na neka egzoti\u010dnija mjesta.<\/span><\/span><\/span><\/p>\n<p lang=\"hr-HR\"><span style=\"color: #00000a;\"><span style=\"font-family: Liberation Serif, Times New Roman, serif;\"><span style=\"font-size: medium;\"><span style=\"font-family: Arial, sans-serif;\">Jako malo u na\u0161oj knji\u017eevnosti imamo motiva i op\u0107enito knjiga uz koje se mo\u017eemo opustiti, bez traganja neke su\u0161tinske analize. Ve\u0107inom su to te\u0161ke i turobne teme koje vode ka nekom odre\u0111enom prosvjetljenju. No, u ovoj zbirci mno\u0161tvo autora se potrudilo da izmaknu stolicu svakodnevnici i problemima i pjevaju isklju\u010divo o \u017eivotu, ljetu, suncu, valovima i onom najbitnijem, a to je jedan trenutak u kojem je tako mnogo puno\u0107e i \u017eivota.<\/span><\/span><\/span><\/span><\/p>\n<p lang=\"hr-HR\"><span style=\"color: #00000a;\"><span style=\"font-family: Liberation Serif, Times New Roman, serif;\"><span style=\"font-size: medium;\"><span style=\"font-family: Arial, sans-serif;\">Vo\u0111eni razli\u010ditim stilovima i ljetnim motivima, ova knjiga je prava poslastica za one koji planiraju putovanja ili u svom domu \u017eele bijeg iz sopstvene ko\u017ee u drugu. Ljeto mo\u017eda prolazi, ali i hladnu du\u0161u uvijek mo\u017eemo ugrijati toplim stihovima, jer du\u0161a se poezijom hrani.<\/span><\/span><\/span><\/span><\/p>\n<p lang=\"hr-HR\">\n<p><span style=\"font-family: Arial, sans-serif;\"><span lang=\"hr-HR\"><b>Bilje\u0161ka o autorima<\/b><\/span><\/span><\/p>\n<p lang=\"hr-HR\"><span style=\"color: #00000a;\"><span style=\"font-family: Liberation Serif, Times New Roman, serif;\"><span style=\"font-size: medium;\"><span style=\"color: #000000;\"><span style=\"font-family: Arial, sans-serif;\">Pjesme su nastale u razdoblju od 14. o\u017eujka 2023. do 15. travnja 2023. godine, a autori su \u010dlanovi Facebook grupe <\/span><\/span><span style=\"color: #000000;\"><span style=\"font-family: Arial, sans-serif;\"><i>Pisci i Knji\u017eevnost, PiK kutak \u2013 Knji\u017eevnost koja se \u010dita i pamti<\/i><\/span><\/span><span style=\"color: #000000;\"><span style=\"font-family: Arial, sans-serif;\"> i Facebook stranice <\/span><\/span><span style=\"color: #000000;\"><span style=\"font-family: Arial, sans-serif;\"><i>Pisci i Knji\u017eevnost \u2013 Writers and Literature<\/i><\/span><\/span><span style=\"color: #000000;\"><span style=\"font-family: Arial, sans-serif;\">. <\/span><\/span><\/span><\/span><\/span><\/p>\n<p lang=\"hr-HR\"><span style=\"color: #000000;\"><span style=\"font-family: Arial, sans-serif;\"><span style=\"font-size: medium;\">Pobjednici i pohvaljeni autori 14. me\u0111unarodnog PiK natje\u010daja za poeziju zastupljeni su u ovoj zbirci. Ovom im prilikom jo\u0161 jednom \u010destitam. <\/span><\/span><\/span><\/p>\n<p lang=\"hr-HR\"><span style=\"color: #00000a;\"><span style=\"font-family: Arial, sans-serif;\"><span style=\"font-size: medium;\">Analitika stranice Pisci i Knji\u017eevnost pokazuje da je pjesme na ovom natje\u010daju \u010ditalo ne\u0161to vi\u0161e od 43.000 \u010ditatelja. U zbirci je zastupljen 161 autor iz 13 dr\u017eava. <\/span><\/span><\/span><\/p>\n<p lang=\"hr-HR\"><span style=\"color: #00000a;\"><span style=\"font-family: Liberation Serif, Times New Roman, serif;\"><span style=\"font-size: medium;\"><span style=\"color: #000000;\"><span style=\"font-family: Arial, sans-serif;\">Poezija ima svoju \u010ditateljsku publiku i autore koji je pi\u0161u, a moto ovog natje\u010daja bio je: <\/span><\/span><span style=\"color: #000000;\"><span style=\"font-family: Arial, sans-serif;\"><i>Pisana rije\u010d kao veza me\u0111u svim ljudima na svijetu, poezijom protiv svih oblika nasilja<\/i><\/span><\/span><span style=\"color: #000000;\"><span style=\"font-family: Arial, sans-serif;\">. <\/span><\/span><\/span><\/span><\/span><\/p>\n<p lang=\"hr-HR\"><span style=\"color: #000000;\"><span style=\"font-family: Arial, sans-serif;\"><span style=\"font-size: medium;\">Tvorci ovih pjesama pi\u0161u nam iz Hrvatske, Bosne i Hercegovine, Srbije, Crne Gore, \u0160vedske, Makedonije, Njema\u010dke, Francuske, Austrije, \u0160vicarske, Slovenije, Australije i Egipta.<\/span><\/span><\/span><\/p>\n<p lang=\"hr-HR\"><span style=\"color: #00000a;\"><span style=\"font-family: Liberation Serif, Times New Roman, serif;\"><span style=\"font-size: medium;\"><span style=\"color: #000000;\"><span style=\"font-family: Arial, sans-serif;\">Anica Lukina, Ana Matijevi\u0107-Dutkovi\u0107, Aleksandra Vujisi\u0107, Azra Sara\u010d, Ana Milivojevi\u0107, Anamarija Bo\u0161njak, Angela Agati\u0107, Asja Okanovi\u0107, Anica Ivi\u0107, Antun Vrap\u010denjak \u2013 Aska, Ante Kartelo, Aida Kuko, Atifa Sendi\u0107, Aleksandra Pa\u010dari\u0107, Anada Milla Kotorac, Azemina Dokaza Klobodanovi\u0107, Advija Herenda, Borislav Batin, Belmin Rami\u0107, Bojana Mici\u0107, Belma Glibi\u0107, Branimir Peri\u0107, Bayra Banda, \u010cedislavka Popovi\u0107, Du\u0161an Stojkovi\u0107, Danijela Serdar, Davor Brme\u017e, Du\u0161ica Ukota Mi\u0107i\u0107, Dinko Osman\u010devi\u0107, Danijela \u0106uk, Dragan Miti\u0107, Dragan Buljeta, Du\u0161ka Konti\u0107, Davorka Vu\u0111an, Du\u0161an Stojkovi\u0107, Dunja Vele, Doroteja Jovi\u0107, Dijana Ivankovi\u0107, Du\u0161ica Stankovi\u0107 \u0110uki\u0107, Elizabeta Don\u010devska Lu\u0161in, Emilija Veljkovi\u0107, Esma Luka\u010d Muratovi\u0107, Emina Mand\u017euki\u0107, Elvedina Mujagi\u0107, Evica Kralji\u0107, Emina Golub, Edita Mulaosmanovi\u0107, Edima Efendi\u0107 Dzini\u0107, Enida Ali\u0107, Elena Brajkovi\u0107, Fatima Ram\u010dilovi\u0107, Gordana Zeegers, Gordana Korpak Bareti\u0107, Gordana Sari\u0107, Helena Plah\u0107inski, Helena Mami\u0107, Helga Schmidichen-Joham, Ivan Juki\u0107, Isak Softi\u0107, Ibrahim Ibrahimovi\u0107, Jelena \u0160afari\u0107, Jelena Ben\u010di\u0107, Jasmina Kokot, Jusuf Vejzovi\u0107 Juka, Jelena Trajkovi\u0107, Josip Mi\u0161i\u0107, Jelena Romanjek, Jasmina Doljan\u010di\u0107, Karla Kevo, Kolina Kova\u010devi\u0107, Katarina Krsnik Brebri\u0107, Ksenija Kancijan, Katarina Pe\u0161i\u0107, Kristina Mate, Kruna Kapov, Kristina Mrkoci, Lidija Razmoska Trimovska, Lidija Kosti\u0107, Luka Bo\u0161kovi\u0107, Lila Todorovska, Luca Cetini\u0107, Ljubica Kati\u0107, Magdalena Ra\u017eek, Milo\u0161 Beloica, Maja \u0106urko, Milijana \u0160imunovi\u0107, Milanka Lazi\u0107, Slavica Bak\u0161aj, Sini\u0161a Karaba\u0161evi\u0107, Marina \u0160estak, Marina Pejak, Marina \u010cali\u0107, Marija Jefti\u0107, Milica Lojdl, Marijana \u0110uki\u0107 Rigo, Miodrag Mika Petrovi\u0107, Marga Veleska, Marija Maja Vidakovi\u0107, Mubera \u0160abanovi\u0107, Merima Selimovi\u0107, Mario \u0160uprna, Miladin Ugrenovi\u0107, Mile Lisica, Marina Mijac Maruna, Mirjana Bara\u0107, Mirjana Svetli\u010di\u0107, Marina Puzi\u0107, Marija Pokupec Bahun, Nensi Buble, Nikolina Plav\u0161i\u0107, Nikolina Rup\u010di\u0107, Nediljko Luka\u010devi\u0107-Verenac, Nikolina Markovi\u0107, Nata\u0161a Pomper, Nermina Sal\u010dinovi\u0107, Nikola Dubroja, Nediba Bla\u017eevi\u0107, Nedeljko Ne\u0111a Paunovi\u0107, Nediljko Luka\u010devi\u0107-Verenac, Nata\u0161a Babeu, Nija Mand\u017ei\u0107, Nikolina Markovi\u0107, Oksana Pezzi, Petar Stani\u0107, Perica Vuli\u0107 Vo\u010danec, Razija Maksumi\u0107, Radmila Buni\u0107, Sa\u0161a Radoti\u0107, Senada D\u017eeki\u0107, Slavka Bo\u017eovi\u0107, Suzana Cader, Sanja Mami\u0107, Sanja Petrov Vlahovi\u0107, Sedina Im\u0161irovi\u0107, Snje\u017eana Budanec, Stjepan Crni\u0107, Sanela \u010copelj, Sandra Zlatanovi\u0107, Sofija Petkovska, Snje\u017eana Gaurina, Sandra \u017divadinovi\u0107, Sandra Krsti\u0107, Svetlana Strini\u0107, Sanja Kru\u0161elj, \u0160tefica Kara\u0161evac, Tatjana Povalec, Tea Dru\u0161ko, Vesna Kljaji\u0107, Vesna Lon\u010dari\u0107, Vlasta Medi\u0107, Vesna Hope, Vanja Petak \u2013 Zagorka, Vilma Kne\u017eevi\u0107, Vanesa Stijepi\u0107, Zvjezdana Horvati\u0107, Zorica Krajinovi\u0107-Marini\u0107, Zlata Kukulj, Zdravka Pap, Zorica Krajinovi\u0107-Marini\u0107, \u017deljana Agati\u0107 i \u017daklina Man\u010di\u0107.<\/span><\/span><\/span><\/span><\/span><\/p>\n<p lang=\"hr-HR\"><span style=\"color: #00000a;\"><span style=\"font-family: Liberation Serif, Times New Roman, serif;\"><span style=\"font-size: medium;\"><span style=\"color: #1d2129;\"><span style=\"font-family: Arial, sans-serif;\">Ilustracija naslovnice<\/span><\/span><span style=\"color: #1d2129;\"><span style=\"font-family: Arial, sans-serif;\"><span style=\"font-size: small;\">: <\/span><\/span><\/span><span style=\"color: #1d2129;\"><span style=\"font-family: Helvetica, sans-serif;\"><span style=\"font-size: small;\">Megi Horak Orli\u0107<\/span><\/span><\/span><\/span><\/span><\/span><\/p>\n<p><span style=\"font-family: Arial, sans-serif;\"><span lang=\"hr-HR\"><b>Link: <\/b><\/span><\/span><\/p>\n<p><span style=\"color: #1d2129;\"><span style=\"font-family: inherit, Times New Roman, serif;\"><span style=\"font-size: small;\">Pisci i Knji\u017eevnost <\/span><\/span><\/span><\/p>\n<p><span style=\"color: #0000ff;\"><u><a href=\"https:\/\/www.facebook.com\/groups\/245484055481932\/\"><span style=\"font-family: inherit, Times New Roman, serif;\"><span style=\"font-size: small;\">https:\/\/www.facebook.com\/groups\/245484055481932\/<\/span><\/span><\/a><\/u><\/span><\/p>\n<p><span style=\"color: #1d2129;\"><span style=\"font-family: inherit, Times New Roman, serif;\"><span style=\"font-size: small;\">PiK kutak &#8211; knji\u017eevnost koja se \u010dita i pamti <\/span><\/span><\/span><\/p>\n<p><span style=\"color: #0000ff;\"><u><a href=\"https:\/\/www.facebook.com\/groups\/1827073877599047\/\"><span style=\"font-family: inherit, Times New Roman, serif;\"><span style=\"font-size: small;\">https:\/\/www.facebook.com\/groups\/1827073877599047\/<\/span><\/span><\/a><\/u><\/span><\/p>\n<p><span style=\"color: #1d2129;\"><span style=\"font-family: inherit, Times New Roman, serif;\"><span style=\"font-size: small;\">Pisci i Knji\u017eevnost &#8211; Writers and Literature<\/span><\/span><\/span><\/p>\n<p><span style=\"color: #0000ff;\"><u><a href=\"https:\/\/www.facebook.com\/pisciknjizevnost.pik\/\"><span style=\"font-family: inherit, Times New Roman, serif;\"><span style=\"font-size: small;\">https:\/\/www.facebook.com\/pisciknjizevnost.pik\/<\/span><\/span><\/a><\/u><\/span><\/p>\n<p><span style=\"color: #1d2129;\"><span style=\"font-family: inherit, Times New Roman, serif;\"><span style=\"font-size: small;\">Web stranica Pisci i Knji\u017eevnost <\/span><\/span><\/span><\/p>\n<p><span style=\"color: #0000ff;\"><u><a href=\"https:\/\/bit.ly\/2VxBWKu\"><span style=\"font-family: inherit, Times New Roman, serif;\"><span style=\"font-size: small;\">https:\/\/bit.ly\/2VxBWKu<\/span><\/span><\/a><\/u><\/span><\/p>\n<p><span style=\"color: #1d2129;\"><span style=\"font-family: inherit, Times New Roman, serif;\"><span style=\"font-size: small;\">Instagram profil <\/span><\/span><\/span><\/p>\n<p><span style=\"color: #0000ff;\"><u><a href=\"https:\/\/www.instagram.com\/let_s_read_croatian_authors\/\"><span style=\"font-family: inherit, Times New Roman, serif;\"><span style=\"font-size: small;\">https:\/\/www.instagram.com\/let_s_read_croatian_authors\/<\/span><\/span><\/a><\/u><\/span><\/p>\n<p><span style=\"font-family: Arial, sans-serif;\"><span lang=\"hr-HR\"><b>E-mail: <\/b><\/span><\/span><a href=\"mailto:krunosafranic28@gmail.com\" target=\"_blank\" rel=\"noopener\"><span style=\"color: #000000;\">Kontakt autora<\/span><\/a><\/p>\n<p>&nbsp;<\/p>\n<p><strong><span style=\"font-family: Arial, sans-serif;\"><span lang=\"hr-HR\">Naslov: <\/span><\/span><\/strong><strong><span style=\"font-family: Arial, sans-serif;\">Poezija zlatnih stihova Ljetna \u010darolija, 6. dio<\/span><\/strong><span style=\"font-family: Arial, sans-serif;\"><span lang=\"hr-HR\"><br \/>\n<\/span><\/span><strong><span style=\"font-family: Arial, sans-serif;\"><span lang=\"hr-HR\">Autor\/autorica:<\/span><\/span><\/strong> <span style=\"font-family: Arial, sans-serif;\">Pisci i knji\u017eevnost &#8211; grupa autora<\/span><span style=\"font-family: Arial, sans-serif;\"><span lang=\"hr-HR\"><br \/>\n<\/span><\/span><strong><span style=\"font-family: Arial, sans-serif;\"><span lang=\"hr-HR\">Broj stranica: <\/span><\/span><\/strong><span style=\"font-family: Arial, sans-serif;\"><span lang=\"\">204<\/span><\/span><span style=\"font-family: Arial, sans-serif;\"><span lang=\"hr-HR\"><br \/>\n<\/span><\/span><strong><span style=\"font-family: Arial, sans-serif;\"><span lang=\"hr-HR\">Nakladnik: <\/span><\/span><\/strong><strong><span style=\"font-family: Arial, sans-serif;\">REDAK<\/span><\/strong><span style=\"font-family: Arial, sans-serif;\"><span lang=\"hr-HR\"><br \/>\n<\/span><\/span><strong><span style=\"font-family: Arial, sans-serif;\"><span lang=\"hr-HR\">Godina izdanja: <\/span><\/span><\/strong><strong><span style=\"font-family: Arial, sans-serif;\">2023.<\/span><\/strong><strong><span style=\"font-family: Arial, sans-serif;\"><span lang=\"hr-HR\">.<br \/>\n<\/span><\/span><\/strong><strong><span style=\"font-family: Arial, sans-serif;\">ISBN:<\/span><\/strong><span style=\"font-family: Arial, sans-serif;\"> 978-953-336-970-9<br \/>\n<\/span><strong><span style=\"font-family: Arial, sans-serif;\">Tisak:<\/span><\/strong><span style=\"font-family: Arial, sans-serif;\"> digitalni tisak knjiga &#8211; print na zahtjev<\/span><\/p>\n","protected":false},"excerpt":{"rendered":"<p>D\u017eenita Memi\u0107, spisateljica, napisala je nekoliko rije\u010di o knjizi: Ljeto je na izmaku, a more, topli dani, osun\u010dani vrtovi, miris lipe, zov \u017eive prirode nikada jasnije i slikovitije nije prikazan kao u ovoj zbirci. O ljetu ma\u0161tamo cijelu godinu, posebice o morskim valovima, miru i bijegu od svih tegoba i radne svakodnevnice. Knjiga uz koju [&hellip;]<\/p>\n","protected":false},"featured_media":15638,"comment_status":"open","ping_status":"closed","template":"","meta":{"_acf_changed":false},"product_brand":[],"product_cat":[1607],"product_tag":[],"class_list":{"0":"post-15637","1":"product","2":"type-product","3":"status-publish","4":"has-post-thumbnail","6":"product_cat-proza","7":"pa_autor-pisci-i-knjizevnost-grupa-autora","8":"pa_nakladnik-redak","10":"first","11":"instock","12":"shipping-taxable","13":"purchasable","14":"product-type-simple"},"acf":[],"yoast_head":"<!-- This site is optimized with the Yoast SEO plugin v27.3 - https:\/\/yoast.com\/product\/yoast-seo-wordpress\/ -->\n<title>POEZIJA ZLATNIH STIHOVA LJETNA \u010cAROLIJA, 6. DIO, Grupa autora - Web-knji\u017eara<\/title>\n<meta name=\"robots\" content=\"index, follow, max-snippet:-1, max-image-preview:large, max-video-preview:-1\" \/>\n<link rel=\"canonical\" href=\"https:\/\/webknjizara.hr\/proizvod\/poezija-zlatnih-stihova-ljetna-carolija-6-dio-grupa-autora\/\" \/>\n<meta property=\"og:locale\" content=\"en_US\" \/>\n<meta property=\"og:type\" content=\"article\" \/>\n<meta property=\"og:title\" content=\"POEZIJA ZLATNIH STIHOVA LJETNA \u010cAROLIJA, 6. DIO, Grupa autora - Web-knji\u017eara\" \/>\n<meta property=\"og:description\" content=\"D\u017eenita Memi\u0107, spisateljica, napisala je nekoliko rije\u010di o knjizi: Ljeto je na izmaku, a more, topli dani, osun\u010dani vrtovi, miris lipe, zov \u017eive prirode nikada jasnije i slikovitije nije prikazan kao u ovoj zbirci. O ljetu ma\u0161tamo cijelu godinu, posebice o morskim valovima, miru i bijegu od svih tegoba i radne svakodnevnice. Knjiga uz koju [&hellip;]\" \/>\n<meta property=\"og:url\" content=\"https:\/\/webknjizara.hr\/proizvod\/poezija-zlatnih-stihova-ljetna-carolija-6-dio-grupa-autora\/\" \/>\n<meta property=\"og:site_name\" content=\"Web-knji\u017eara\" \/>\n<meta property=\"article:modified_time\" content=\"2023-11-14T11:50:41+00:00\" \/>\n<meta property=\"og:image\" content=\"https:\/\/webknjizara.hr\/wp-content\/uploads\/2023\/11\/Pisci_i_knjizevnost_-_grupa_autora_Poezija_zlatnih_stihova_Ljetna_carolija_6._dio__webknjizara_redak_WEB_1500.jpg\" \/>\n\t<meta property=\"og:image:width\" content=\"300\" \/>\n\t<meta property=\"og:image:height\" content=\"419\" \/>\n\t<meta property=\"og:image:type\" content=\"image\/jpeg\" \/>\n<meta name=\"twitter:card\" content=\"summary_large_image\" \/>\n<meta name=\"twitter:label1\" content=\"Est. reading time\" \/>\n\t<meta name=\"twitter:data1\" content=\"5 minutes\" \/>\n<script type=\"application\/ld+json\" class=\"yoast-schema-graph\">{\"@context\":\"https:\\\/\\\/schema.org\",\"@graph\":[{\"@type\":\"WebPage\",\"@id\":\"https:\\\/\\\/webknjizara.hr\\\/proizvod\\\/poezija-zlatnih-stihova-ljetna-carolija-6-dio-grupa-autora\\\/\",\"url\":\"https:\\\/\\\/webknjizara.hr\\\/proizvod\\\/poezija-zlatnih-stihova-ljetna-carolija-6-dio-grupa-autora\\\/\",\"name\":\"POEZIJA ZLATNIH STIHOVA LJETNA \u010cAROLIJA, 6. DIO, Grupa autora - Web-knji\u017eara\",\"isPartOf\":{\"@id\":\"https:\\\/\\\/webknjizara.hr\\\/#website\"},\"primaryImageOfPage\":{\"@id\":\"https:\\\/\\\/webknjizara.hr\\\/proizvod\\\/poezija-zlatnih-stihova-ljetna-carolija-6-dio-grupa-autora\\\/#primaryimage\"},\"image\":{\"@id\":\"https:\\\/\\\/webknjizara.hr\\\/proizvod\\\/poezija-zlatnih-stihova-ljetna-carolija-6-dio-grupa-autora\\\/#primaryimage\"},\"thumbnailUrl\":\"https:\\\/\\\/webknjizara.hr\\\/wp-content\\\/uploads\\\/2023\\\/11\\\/Pisci_i_knjizevnost_-_grupa_autora_Poezija_zlatnih_stihova_Ljetna_carolija_6._dio__webknjizara_redak_WEB_1500.jpg\",\"datePublished\":\"2023-11-14T11:50:40+00:00\",\"dateModified\":\"2023-11-14T11:50:41+00:00\",\"breadcrumb\":{\"@id\":\"https:\\\/\\\/webknjizara.hr\\\/proizvod\\\/poezija-zlatnih-stihova-ljetna-carolija-6-dio-grupa-autora\\\/#breadcrumb\"},\"inLanguage\":\"en-US\",\"potentialAction\":[{\"@type\":\"ReadAction\",\"target\":[\"https:\\\/\\\/webknjizara.hr\\\/proizvod\\\/poezija-zlatnih-stihova-ljetna-carolija-6-dio-grupa-autora\\\/\"]}]},{\"@type\":\"ImageObject\",\"inLanguage\":\"en-US\",\"@id\":\"https:\\\/\\\/webknjizara.hr\\\/proizvod\\\/poezija-zlatnih-stihova-ljetna-carolija-6-dio-grupa-autora\\\/#primaryimage\",\"url\":\"https:\\\/\\\/webknjizara.hr\\\/wp-content\\\/uploads\\\/2023\\\/11\\\/Pisci_i_knjizevnost_-_grupa_autora_Poezija_zlatnih_stihova_Ljetna_carolija_6._dio__webknjizara_redak_WEB_1500.jpg\",\"contentUrl\":\"https:\\\/\\\/webknjizara.hr\\\/wp-content\\\/uploads\\\/2023\\\/11\\\/Pisci_i_knjizevnost_-_grupa_autora_Poezija_zlatnih_stihova_Ljetna_carolija_6._dio__webknjizara_redak_WEB_1500.jpg\",\"width\":300,\"height\":419},{\"@type\":\"BreadcrumbList\",\"@id\":\"https:\\\/\\\/webknjizara.hr\\\/proizvod\\\/poezija-zlatnih-stihova-ljetna-carolija-6-dio-grupa-autora\\\/#breadcrumb\",\"itemListElement\":[{\"@type\":\"ListItem\",\"position\":1,\"name\":\"Po\u010detna stranica\",\"item\":\"https:\\\/\\\/webknjizara.hr\\\/en\\\/\"},{\"@type\":\"ListItem\",\"position\":2,\"name\":\"Shop\",\"item\":\"https:\\\/\\\/webknjizara.hr\\\/shop\\\/\"},{\"@type\":\"ListItem\",\"position\":3,\"name\":\"POEZIJA ZLATNIH STIHOVA LJETNA \u010cAROLIJA, 6. DIO, Grupa autora\"}]},{\"@type\":\"WebSite\",\"@id\":\"https:\\\/\\\/webknjizara.hr\\\/#website\",\"url\":\"https:\\\/\\\/webknjizara.hr\\\/\",\"name\":\"Web Knji\u017eara\",\"description\":\"\",\"publisher\":{\"@id\":\"https:\\\/\\\/webknjizara.hr\\\/#organization\"},\"potentialAction\":[{\"@type\":\"SearchAction\",\"target\":{\"@type\":\"EntryPoint\",\"urlTemplate\":\"https:\\\/\\\/webknjizara.hr\\\/?s={search_term_string}\"},\"query-input\":{\"@type\":\"PropertyValueSpecification\",\"valueRequired\":true,\"valueName\":\"search_term_string\"}}],\"inLanguage\":\"en-US\"},{\"@type\":\"Organization\",\"@id\":\"https:\\\/\\\/webknjizara.hr\\\/#organization\",\"name\":\"REDAK D.O.O.\",\"url\":\"https:\\\/\\\/webknjizara.hr\\\/\",\"logo\":{\"@type\":\"ImageObject\",\"inLanguage\":\"en-US\",\"@id\":\"https:\\\/\\\/webknjizara.hr\\\/#\\\/schema\\\/logo\\\/image\\\/\",\"url\":\"https:\\\/\\\/webknjizara.hr\\\/wp-content\\\/uploads\\\/2023\\\/01\\\/web-knjizara-logo.webp\",\"contentUrl\":\"https:\\\/\\\/webknjizara.hr\\\/wp-content\\\/uploads\\\/2023\\\/01\\\/web-knjizara-logo.webp\",\"width\":324,\"height\":79,\"caption\":\"REDAK D.O.O.\"},\"image\":{\"@id\":\"https:\\\/\\\/webknjizara.hr\\\/#\\\/schema\\\/logo\\\/image\\\/\"}}]}<\/script>\n<!-- \/ Yoast SEO plugin. -->","yoast_head_json":{"title":"POEZIJA ZLATNIH STIHOVA LJETNA \u010cAROLIJA, 6. DIO, Grupa autora - Web-knji\u017eara","robots":{"index":"index","follow":"follow","max-snippet":"max-snippet:-1","max-image-preview":"max-image-preview:large","max-video-preview":"max-video-preview:-1"},"canonical":"https:\/\/webknjizara.hr\/proizvod\/poezija-zlatnih-stihova-ljetna-carolija-6-dio-grupa-autora\/","og_locale":"en_US","og_type":"article","og_title":"POEZIJA ZLATNIH STIHOVA LJETNA \u010cAROLIJA, 6. DIO, Grupa autora - Web-knji\u017eara","og_description":"D\u017eenita Memi\u0107, spisateljica, napisala je nekoliko rije\u010di o knjizi: Ljeto je na izmaku, a more, topli dani, osun\u010dani vrtovi, miris lipe, zov \u017eive prirode nikada jasnije i slikovitije nije prikazan kao u ovoj zbirci. O ljetu ma\u0161tamo cijelu godinu, posebice o morskim valovima, miru i bijegu od svih tegoba i radne svakodnevnice. Knjiga uz koju [&hellip;]","og_url":"https:\/\/webknjizara.hr\/proizvod\/poezija-zlatnih-stihova-ljetna-carolija-6-dio-grupa-autora\/","og_site_name":"Web-knji\u017eara","article_modified_time":"2023-11-14T11:50:41+00:00","og_image":[{"width":300,"height":419,"url":"https:\/\/webknjizara.hr\/wp-content\/uploads\/2023\/11\/Pisci_i_knjizevnost_-_grupa_autora_Poezija_zlatnih_stihova_Ljetna_carolija_6._dio__webknjizara_redak_WEB_1500.jpg","type":"image\/jpeg"}],"twitter_card":"summary_large_image","twitter_misc":{"Est. reading time":"5 minutes"},"schema":{"@context":"https:\/\/schema.org","@graph":[{"@type":"WebPage","@id":"https:\/\/webknjizara.hr\/proizvod\/poezija-zlatnih-stihova-ljetna-carolija-6-dio-grupa-autora\/","url":"https:\/\/webknjizara.hr\/proizvod\/poezija-zlatnih-stihova-ljetna-carolija-6-dio-grupa-autora\/","name":"POEZIJA ZLATNIH STIHOVA LJETNA \u010cAROLIJA, 6. DIO, Grupa autora - Web-knji\u017eara","isPartOf":{"@id":"https:\/\/webknjizara.hr\/#website"},"primaryImageOfPage":{"@id":"https:\/\/webknjizara.hr\/proizvod\/poezija-zlatnih-stihova-ljetna-carolija-6-dio-grupa-autora\/#primaryimage"},"image":{"@id":"https:\/\/webknjizara.hr\/proizvod\/poezija-zlatnih-stihova-ljetna-carolija-6-dio-grupa-autora\/#primaryimage"},"thumbnailUrl":"https:\/\/webknjizara.hr\/wp-content\/uploads\/2023\/11\/Pisci_i_knjizevnost_-_grupa_autora_Poezija_zlatnih_stihova_Ljetna_carolija_6._dio__webknjizara_redak_WEB_1500.jpg","datePublished":"2023-11-14T11:50:40+00:00","dateModified":"2023-11-14T11:50:41+00:00","breadcrumb":{"@id":"https:\/\/webknjizara.hr\/proizvod\/poezija-zlatnih-stihova-ljetna-carolija-6-dio-grupa-autora\/#breadcrumb"},"inLanguage":"en-US","potentialAction":[{"@type":"ReadAction","target":["https:\/\/webknjizara.hr\/proizvod\/poezija-zlatnih-stihova-ljetna-carolija-6-dio-grupa-autora\/"]}]},{"@type":"ImageObject","inLanguage":"en-US","@id":"https:\/\/webknjizara.hr\/proizvod\/poezija-zlatnih-stihova-ljetna-carolija-6-dio-grupa-autora\/#primaryimage","url":"https:\/\/webknjizara.hr\/wp-content\/uploads\/2023\/11\/Pisci_i_knjizevnost_-_grupa_autora_Poezija_zlatnih_stihova_Ljetna_carolija_6._dio__webknjizara_redak_WEB_1500.jpg","contentUrl":"https:\/\/webknjizara.hr\/wp-content\/uploads\/2023\/11\/Pisci_i_knjizevnost_-_grupa_autora_Poezija_zlatnih_stihova_Ljetna_carolija_6._dio__webknjizara_redak_WEB_1500.jpg","width":300,"height":419},{"@type":"BreadcrumbList","@id":"https:\/\/webknjizara.hr\/proizvod\/poezija-zlatnih-stihova-ljetna-carolija-6-dio-grupa-autora\/#breadcrumb","itemListElement":[{"@type":"ListItem","position":1,"name":"Po\u010detna stranica","item":"https:\/\/webknjizara.hr\/en\/"},{"@type":"ListItem","position":2,"name":"Shop","item":"https:\/\/webknjizara.hr\/shop\/"},{"@type":"ListItem","position":3,"name":"POEZIJA ZLATNIH STIHOVA LJETNA \u010cAROLIJA, 6. DIO, Grupa autora"}]},{"@type":"WebSite","@id":"https:\/\/webknjizara.hr\/#website","url":"https:\/\/webknjizara.hr\/","name":"Web Knji\u017eara","description":"","publisher":{"@id":"https:\/\/webknjizara.hr\/#organization"},"potentialAction":[{"@type":"SearchAction","target":{"@type":"EntryPoint","urlTemplate":"https:\/\/webknjizara.hr\/?s={search_term_string}"},"query-input":{"@type":"PropertyValueSpecification","valueRequired":true,"valueName":"search_term_string"}}],"inLanguage":"en-US"},{"@type":"Organization","@id":"https:\/\/webknjizara.hr\/#organization","name":"REDAK D.O.O.","url":"https:\/\/webknjizara.hr\/","logo":{"@type":"ImageObject","inLanguage":"en-US","@id":"https:\/\/webknjizara.hr\/#\/schema\/logo\/image\/","url":"https:\/\/webknjizara.hr\/wp-content\/uploads\/2023\/01\/web-knjizara-logo.webp","contentUrl":"https:\/\/webknjizara.hr\/wp-content\/uploads\/2023\/01\/web-knjizara-logo.webp","width":324,"height":79,"caption":"REDAK D.O.O."},"image":{"@id":"https:\/\/webknjizara.hr\/#\/schema\/logo\/image\/"}}]}},"_links":{"self":[{"href":"https:\/\/webknjizara.hr\/en\/wp-json\/wp\/v2\/product\/15637","targetHints":{"allow":["GET"]}}],"collection":[{"href":"https:\/\/webknjizara.hr\/en\/wp-json\/wp\/v2\/product"}],"about":[{"href":"https:\/\/webknjizara.hr\/en\/wp-json\/wp\/v2\/types\/product"}],"replies":[{"embeddable":true,"href":"https:\/\/webknjizara.hr\/en\/wp-json\/wp\/v2\/comments?post=15637"}],"wp:featuredmedia":[{"embeddable":true,"href":"https:\/\/webknjizara.hr\/en\/wp-json\/wp\/v2\/media\/15638"}],"wp:attachment":[{"href":"https:\/\/webknjizara.hr\/en\/wp-json\/wp\/v2\/media?parent=15637"}],"wp:term":[{"taxonomy":"product_brand","embeddable":true,"href":"https:\/\/webknjizara.hr\/en\/wp-json\/wp\/v2\/product_brand?post=15637"},{"taxonomy":"product_cat","embeddable":true,"href":"https:\/\/webknjizara.hr\/en\/wp-json\/wp\/v2\/product_cat?post=15637"},{"taxonomy":"product_tag","embeddable":true,"href":"https:\/\/webknjizara.hr\/en\/wp-json\/wp\/v2\/product_tag?post=15637"}],"curies":[{"name":"wp","href":"https:\/\/api.w.org\/{rel}","templated":true}]}}