{"id":15535,"date":"2023-10-31T11:53:26","date_gmt":"2023-10-31T10:53:26","guid":{"rendered":"https:\/\/webknjizara.hr\/?post_type=product&#038;p=15535"},"modified":"2025-04-30T00:12:41","modified_gmt":"2025-04-29T22:12:41","slug":"najduza-noc-t-a-marra","status":"publish","type":"product","link":"https:\/\/webknjizara.hr\/en\/proizvod\/najduza-noc-t-a-marra\/","title":{"rendered":"NAJDU\u017dA NO\u0106, T. A. Marra"},"content":{"rendered":"<p><span lang=\"hr-HR\">Lorna je vlasnica Uklete princeze, ku\u0107e za odmor na obali jezera Lisst, nedaleko od istoimenoga gradi\u0107a na dalekom sjeveru. Nakon dugo vremena ima priliku ostvariti jedan od svojih snova \u2013 biti doma\u0107in festivala \u201eNajdu\u017ea no\u0107\u201c koji se odr\u017eava za vrijeme zimskog solsticija i Ukletu princezu u\u010diniti nezaobilaznim mjestom na glazbenoj karti svijeta. U tom pothvatu nesebi\u010dnu pomo\u0107 i podr\u0161ku ima od svojih prijatelja Agate i Bj\u00f6rna.<\/span><\/p>\n<p><span lang=\"hr-HR\">Kaju, svjetski poznatom pijanistu i kompozitoru, \u017eivot se vrti samo oko jedne stvari \u2013 glazbe. <\/span><span lang=\"es-ES\">U njegov pomalo tajanstven \u017eivot, osim obitelji, troje bra\u0107e i sestre Vere, rijetki imaju pristup. Sestra i on dijele istu ljubav prema glazbi, ali ne i \u017eelju za velikim brojem ljudi oko sebe. Kad ga Vera nagovori da sudjeluje na festivalu, nije o\u010dekivao da \u0107e sresti Lornu koja dijeli jednaku strast prema glazbi poput njega. S druge strane, kad se zaposlila u Ukletoj princezi, Vera nije mislila da \u0107e upoznati Lornina prijatelja Haru, mladoga korejskog glazbenika. Susret s njime je sve samo ne ono \u0161to je zami\u0161ljala. <\/span><\/p>\n<p><span lang=\"es-ES\">Ho\u0107e li glazba prizvati jedno davno sje\u0107anje, a susret dvoje strastvenih glazbenika sve promijeniti? Ho\u0107e li festival koji slavi svijetlo rasplamsati snove i je li glazba uistinu univerzalni jezik koji ne poznaje granice? <\/span><\/p>\n<p><span lang=\"es-ES\">Roman \u201eNajdu\u017ea no\u0107\u201c podsjetit \u0107e vas na to da su usponi i padovi u \u017eivotu neizbje\u017eni, ali i da od svojih snova nikad ne trebate odustati. Eklekti\u010dni ansambl likova nasmijat \u0107e vas te otkrit dinami\u010dnu mre\u017eu emocija, ljubavi i prijateljstva.<\/span><\/p>\n<p>&nbsp;<\/p>\n<p><span style=\"font-family: Arial, sans-serif;\"><span lang=\"hr-HR\"><b>Bilje\u0161ka o autoru\/autorici: <\/b><\/span><\/span><\/p>\n<p><span lang=\"hr-HR\">T. A. Marra ljubiteljica je matematike, prou\u010davanja ljudskog pona\u0161anja i me\u0111uljudskih odnosa. Pi\u0161e pjesme, kratke bajke i pri\u010de od srednje \u0161kole. Kao i njezini likovi, vjeruje da je nemogu\u0107e mogu\u0107e, kao i njezini likovi ima ideje koje u njezinoj glavi zvu\u010de fantasti\u010dno, ali u njihovoj realizaciji vrlo \u010desto ne\u0161to po\u0111e u krivom smjeru. <\/span>Voli <i>rock i rock n roll,<\/i> obo\u017eava plesati, piti pivo s Prijateljima, i ne mo\u017ee zamisliti dan bez glazbe. Kad ne pi\u0161e, razmi\u0161lja o pisanju, ljubavi, ljudima, glazbi i paralelnim svjetovima. <span lang=\"es-ES\">\u010cita o tim istima stvarima.<\/span><\/p>\n<p lang=\"es-ES\">Najdu\u017ea no\u0107 je prvi roman u serijalu No\u0107i u Lisstu.<\/p>\n<p lang=\"es-ES\">T. A. Marra je aktivna na dru\u0161tvenim mre\u017eama i tamo mo\u017eete saznati vi\u0161e o njezinim romanima i serijalu No\u0107i u Lisstu.<\/p>\n<p><span style=\"color: #0070c0;\">Instagram &#8211; <\/span><span style=\"color: #0000ff;\"><u><a href=\"https:\/\/www.instagram.com\/t.a.marra_books\/\">https:\/\/www.instagram.com\/t.a.marra_books\/<\/a><\/u><\/span><\/p>\n<p><span style=\"font-family: Arial, sans-serif;\"><span lang=\"hr-HR\"><b>E-mail: <\/b><\/span><\/span><span style=\"color: #0000ff;\"><u><a href=\"mailto:t.a.marra.books@gmail.com\"><span style=\"color: #0070c0;\"><span style=\"font-family: Arial, sans-serif;\">T. A. Marra<\/span><\/span><\/a><\/u><\/span><\/p>\n<p>&nbsp;<\/p>\n<p><strong><span style=\"font-family: Arial, sans-serif;\"><span lang=\"hr-HR\">Naslov: <\/span><\/span><\/strong><strong><span style=\"font-family: Arial, sans-serif;\">Najdu\u017ea no\u0107<\/span><\/strong><span style=\"font-family: Arial, sans-serif;\"><span lang=\"hr-HR\"><br \/>\n<\/span><\/span><strong><span style=\"font-family: Arial, sans-serif;\"><span lang=\"hr-HR\">Autor\/autorica:<\/span><\/span><\/strong> <span style=\"font-family: Arial, sans-serif;\">T. A. Marra<\/span><span style=\"font-family: Arial, sans-serif;\"><span lang=\"hr-HR\"><br \/>\n<\/span><\/span><strong><span style=\"font-family: Arial, sans-serif;\"><span lang=\"hr-HR\">Broj stranica: <\/span><\/span><\/strong><span style=\"font-family: Arial, sans-serif;\"><span lang=\"\">212<\/span><\/span><span style=\"font-family: Arial, sans-serif;\"><span lang=\"hr-HR\"><br \/>\n<\/span><\/span><strong><span style=\"font-family: Arial, sans-serif;\"><span lang=\"hr-HR\">Nakladnik: <\/span><\/span><\/strong><strong><span style=\"font-family: Arial, sans-serif;\">Redak<\/span><\/strong><span style=\"font-family: Arial, sans-serif;\"><span lang=\"hr-HR\"><br \/>\n<\/span><\/span><strong><span style=\"font-family: Arial, sans-serif;\"><span lang=\"hr-HR\">Godina izdanja: <\/span><\/span><\/strong><strong><span style=\"font-family: Arial, sans-serif;\">2023<\/span><\/strong><strong><span style=\"font-family: Arial, sans-serif;\"><span lang=\"hr-HR\">.<br \/>\n<\/span><\/span><\/strong><strong><span style=\"font-family: Arial, sans-serif;\">ISBN:<\/span><\/strong><span style=\"font-family: Arial, sans-serif;\"> 978-953-336-958-7 svezak, 978-953-336-968-6 cjelina<br \/>\n<\/span><strong><span style=\"font-family: Arial, sans-serif;\">Tisak:<\/span><\/strong><span style=\"font-family: Arial, sans-serif;\"> digitalni tisak knjiga &#8211; print na zahtjev<\/span><\/p>\n","protected":false},"excerpt":{"rendered":"<p>Lorna je vlasnica Uklete princeze, ku\u0107e za odmor na obali jezera Lisst, nedaleko od istoimenoga gradi\u0107a na dalekom sjeveru. Nakon dugo vremena ima priliku ostvariti jedan od svojih snova \u2013 biti doma\u0107in festivala \u201eNajdu\u017ea no\u0107\u201c koji se odr\u017eava za vrijeme zimskog solsticija i Ukletu princezu u\u010diniti nezaobilaznim mjestom na glazbenoj karti svijeta. U tom pothvatu [&hellip;]<\/p>\n","protected":false},"featured_media":15537,"comment_status":"open","ping_status":"closed","template":"","meta":{"_acf_changed":false},"product_brand":[],"product_cat":[1607],"product_tag":[],"class_list":{"0":"post-15535","1":"product","2":"type-product","3":"status-publish","4":"has-post-thumbnail","6":"product_cat-proza","7":"pa_autor-t-a-marra","9":"first","10":"instock","11":"shipping-taxable","12":"purchasable","13":"product-type-simple"},"acf":[],"yoast_head":"<!-- This site is optimized with the Yoast SEO plugin v27.3 - https:\/\/yoast.com\/product\/yoast-seo-wordpress\/ -->\n<title>NAJDU\u017dA NO\u0106, T. A. Marra - Web-knji\u017eara<\/title>\n<meta name=\"robots\" content=\"index, follow, max-snippet:-1, max-image-preview:large, max-video-preview:-1\" \/>\n<link rel=\"canonical\" href=\"https:\/\/webknjizara.hr\/proizvod\/najduza-noc-t-a-marra\/\" \/>\n<meta property=\"og:locale\" content=\"en_US\" \/>\n<meta property=\"og:type\" content=\"article\" \/>\n<meta property=\"og:title\" content=\"NAJDU\u017dA NO\u0106, T. A. Marra - Web-knji\u017eara\" \/>\n<meta property=\"og:description\" content=\"Lorna je vlasnica Uklete princeze, ku\u0107e za odmor na obali jezera Lisst, nedaleko od istoimenoga gradi\u0107a na dalekom sjeveru. Nakon dugo vremena ima priliku ostvariti jedan od svojih snova \u2013 biti doma\u0107in festivala \u201eNajdu\u017ea no\u0107\u201c koji se odr\u017eava za vrijeme zimskog solsticija i Ukletu princezu u\u010diniti nezaobilaznim mjestom na glazbenoj karti svijeta. U tom pothvatu [&hellip;]\" \/>\n<meta property=\"og:url\" content=\"https:\/\/webknjizara.hr\/proizvod\/najduza-noc-t-a-marra\/\" \/>\n<meta property=\"og:site_name\" content=\"Web-knji\u017eara\" \/>\n<meta property=\"article:modified_time\" content=\"2025-04-29T22:12:41+00:00\" \/>\n<meta property=\"og:image\" content=\"https:\/\/webknjizara.hr\/wp-content\/uploads\/2023\/10\/T._A._Marra_Najduza_noc_webknjizara_redak_WEB_1472.jpg\" \/>\n\t<meta property=\"og:image:width\" content=\"300\" \/>\n\t<meta property=\"og:image:height\" content=\"419\" \/>\n\t<meta property=\"og:image:type\" content=\"image\/jpeg\" \/>\n<meta name=\"twitter:card\" content=\"summary_large_image\" \/>\n<meta name=\"twitter:label1\" content=\"Est. reading time\" \/>\n\t<meta name=\"twitter:data1\" content=\"3 minutes\" \/>\n<script type=\"application\/ld+json\" class=\"yoast-schema-graph\">{\"@context\":\"https:\\\/\\\/schema.org\",\"@graph\":[{\"@type\":\"WebPage\",\"@id\":\"https:\\\/\\\/webknjizara.hr\\\/proizvod\\\/najduza-noc-t-a-marra\\\/\",\"url\":\"https:\\\/\\\/webknjizara.hr\\\/proizvod\\\/najduza-noc-t-a-marra\\\/\",\"name\":\"NAJDU\u017dA NO\u0106, T. A. Marra - Web-knji\u017eara\",\"isPartOf\":{\"@id\":\"https:\\\/\\\/webknjizara.hr\\\/#website\"},\"primaryImageOfPage\":{\"@id\":\"https:\\\/\\\/webknjizara.hr\\\/proizvod\\\/najduza-noc-t-a-marra\\\/#primaryimage\"},\"image\":{\"@id\":\"https:\\\/\\\/webknjizara.hr\\\/proizvod\\\/najduza-noc-t-a-marra\\\/#primaryimage\"},\"thumbnailUrl\":\"https:\\\/\\\/webknjizara.hr\\\/wp-content\\\/uploads\\\/2023\\\/10\\\/T._A._Marra_Najduza_noc_webknjizara_redak_WEB_1472.jpg\",\"datePublished\":\"2023-10-31T10:53:26+00:00\",\"dateModified\":\"2025-04-29T22:12:41+00:00\",\"breadcrumb\":{\"@id\":\"https:\\\/\\\/webknjizara.hr\\\/proizvod\\\/najduza-noc-t-a-marra\\\/#breadcrumb\"},\"inLanguage\":\"en-US\",\"potentialAction\":[{\"@type\":\"ReadAction\",\"target\":[\"https:\\\/\\\/webknjizara.hr\\\/proizvod\\\/najduza-noc-t-a-marra\\\/\"]}]},{\"@type\":\"ImageObject\",\"inLanguage\":\"en-US\",\"@id\":\"https:\\\/\\\/webknjizara.hr\\\/proizvod\\\/najduza-noc-t-a-marra\\\/#primaryimage\",\"url\":\"https:\\\/\\\/webknjizara.hr\\\/wp-content\\\/uploads\\\/2023\\\/10\\\/T._A._Marra_Najduza_noc_webknjizara_redak_WEB_1472.jpg\",\"contentUrl\":\"https:\\\/\\\/webknjizara.hr\\\/wp-content\\\/uploads\\\/2023\\\/10\\\/T._A._Marra_Najduza_noc_webknjizara_redak_WEB_1472.jpg\",\"width\":300,\"height\":419},{\"@type\":\"BreadcrumbList\",\"@id\":\"https:\\\/\\\/webknjizara.hr\\\/proizvod\\\/najduza-noc-t-a-marra\\\/#breadcrumb\",\"itemListElement\":[{\"@type\":\"ListItem\",\"position\":1,\"name\":\"Po\u010detna stranica\",\"item\":\"https:\\\/\\\/webknjizara.hr\\\/en\\\/\"},{\"@type\":\"ListItem\",\"position\":2,\"name\":\"Shop\",\"item\":\"https:\\\/\\\/webknjizara.hr\\\/shop\\\/\"},{\"@type\":\"ListItem\",\"position\":3,\"name\":\"NAJDU\u017dA NO\u0106, T. A. Marra\"}]},{\"@type\":\"WebSite\",\"@id\":\"https:\\\/\\\/webknjizara.hr\\\/#website\",\"url\":\"https:\\\/\\\/webknjizara.hr\\\/\",\"name\":\"Web Knji\u017eara\",\"description\":\"\",\"publisher\":{\"@id\":\"https:\\\/\\\/webknjizara.hr\\\/#organization\"},\"potentialAction\":[{\"@type\":\"SearchAction\",\"target\":{\"@type\":\"EntryPoint\",\"urlTemplate\":\"https:\\\/\\\/webknjizara.hr\\\/?s={search_term_string}\"},\"query-input\":{\"@type\":\"PropertyValueSpecification\",\"valueRequired\":true,\"valueName\":\"search_term_string\"}}],\"inLanguage\":\"en-US\"},{\"@type\":\"Organization\",\"@id\":\"https:\\\/\\\/webknjizara.hr\\\/#organization\",\"name\":\"REDAK D.O.O.\",\"url\":\"https:\\\/\\\/webknjizara.hr\\\/\",\"logo\":{\"@type\":\"ImageObject\",\"inLanguage\":\"en-US\",\"@id\":\"https:\\\/\\\/webknjizara.hr\\\/#\\\/schema\\\/logo\\\/image\\\/\",\"url\":\"https:\\\/\\\/webknjizara.hr\\\/wp-content\\\/uploads\\\/2023\\\/01\\\/web-knjizara-logo.webp\",\"contentUrl\":\"https:\\\/\\\/webknjizara.hr\\\/wp-content\\\/uploads\\\/2023\\\/01\\\/web-knjizara-logo.webp\",\"width\":324,\"height\":79,\"caption\":\"REDAK D.O.O.\"},\"image\":{\"@id\":\"https:\\\/\\\/webknjizara.hr\\\/#\\\/schema\\\/logo\\\/image\\\/\"}}]}<\/script>\n<!-- \/ Yoast SEO plugin. -->","yoast_head_json":{"title":"NAJDU\u017dA NO\u0106, T. A. Marra - Web-knji\u017eara","robots":{"index":"index","follow":"follow","max-snippet":"max-snippet:-1","max-image-preview":"max-image-preview:large","max-video-preview":"max-video-preview:-1"},"canonical":"https:\/\/webknjizara.hr\/proizvod\/najduza-noc-t-a-marra\/","og_locale":"en_US","og_type":"article","og_title":"NAJDU\u017dA NO\u0106, T. A. Marra - Web-knji\u017eara","og_description":"Lorna je vlasnica Uklete princeze, ku\u0107e za odmor na obali jezera Lisst, nedaleko od istoimenoga gradi\u0107a na dalekom sjeveru. Nakon dugo vremena ima priliku ostvariti jedan od svojih snova \u2013 biti doma\u0107in festivala \u201eNajdu\u017ea no\u0107\u201c koji se odr\u017eava za vrijeme zimskog solsticija i Ukletu princezu u\u010diniti nezaobilaznim mjestom na glazbenoj karti svijeta. U tom pothvatu [&hellip;]","og_url":"https:\/\/webknjizara.hr\/proizvod\/najduza-noc-t-a-marra\/","og_site_name":"Web-knji\u017eara","article_modified_time":"2025-04-29T22:12:41+00:00","og_image":[{"width":300,"height":419,"url":"https:\/\/webknjizara.hr\/wp-content\/uploads\/2023\/10\/T._A._Marra_Najduza_noc_webknjizara_redak_WEB_1472.jpg","type":"image\/jpeg"}],"twitter_card":"summary_large_image","twitter_misc":{"Est. reading time":"3 minutes"},"schema":{"@context":"https:\/\/schema.org","@graph":[{"@type":"WebPage","@id":"https:\/\/webknjizara.hr\/proizvod\/najduza-noc-t-a-marra\/","url":"https:\/\/webknjizara.hr\/proizvod\/najduza-noc-t-a-marra\/","name":"NAJDU\u017dA NO\u0106, T. A. Marra - Web-knji\u017eara","isPartOf":{"@id":"https:\/\/webknjizara.hr\/#website"},"primaryImageOfPage":{"@id":"https:\/\/webknjizara.hr\/proizvod\/najduza-noc-t-a-marra\/#primaryimage"},"image":{"@id":"https:\/\/webknjizara.hr\/proizvod\/najduza-noc-t-a-marra\/#primaryimage"},"thumbnailUrl":"https:\/\/webknjizara.hr\/wp-content\/uploads\/2023\/10\/T._A._Marra_Najduza_noc_webknjizara_redak_WEB_1472.jpg","datePublished":"2023-10-31T10:53:26+00:00","dateModified":"2025-04-29T22:12:41+00:00","breadcrumb":{"@id":"https:\/\/webknjizara.hr\/proizvod\/najduza-noc-t-a-marra\/#breadcrumb"},"inLanguage":"en-US","potentialAction":[{"@type":"ReadAction","target":["https:\/\/webknjizara.hr\/proizvod\/najduza-noc-t-a-marra\/"]}]},{"@type":"ImageObject","inLanguage":"en-US","@id":"https:\/\/webknjizara.hr\/proizvod\/najduza-noc-t-a-marra\/#primaryimage","url":"https:\/\/webknjizara.hr\/wp-content\/uploads\/2023\/10\/T._A._Marra_Najduza_noc_webknjizara_redak_WEB_1472.jpg","contentUrl":"https:\/\/webknjizara.hr\/wp-content\/uploads\/2023\/10\/T._A._Marra_Najduza_noc_webknjizara_redak_WEB_1472.jpg","width":300,"height":419},{"@type":"BreadcrumbList","@id":"https:\/\/webknjizara.hr\/proizvod\/najduza-noc-t-a-marra\/#breadcrumb","itemListElement":[{"@type":"ListItem","position":1,"name":"Po\u010detna stranica","item":"https:\/\/webknjizara.hr\/en\/"},{"@type":"ListItem","position":2,"name":"Shop","item":"https:\/\/webknjizara.hr\/shop\/"},{"@type":"ListItem","position":3,"name":"NAJDU\u017dA NO\u0106, T. A. Marra"}]},{"@type":"WebSite","@id":"https:\/\/webknjizara.hr\/#website","url":"https:\/\/webknjizara.hr\/","name":"Web Knji\u017eara","description":"","publisher":{"@id":"https:\/\/webknjizara.hr\/#organization"},"potentialAction":[{"@type":"SearchAction","target":{"@type":"EntryPoint","urlTemplate":"https:\/\/webknjizara.hr\/?s={search_term_string}"},"query-input":{"@type":"PropertyValueSpecification","valueRequired":true,"valueName":"search_term_string"}}],"inLanguage":"en-US"},{"@type":"Organization","@id":"https:\/\/webknjizara.hr\/#organization","name":"REDAK D.O.O.","url":"https:\/\/webknjizara.hr\/","logo":{"@type":"ImageObject","inLanguage":"en-US","@id":"https:\/\/webknjizara.hr\/#\/schema\/logo\/image\/","url":"https:\/\/webknjizara.hr\/wp-content\/uploads\/2023\/01\/web-knjizara-logo.webp","contentUrl":"https:\/\/webknjizara.hr\/wp-content\/uploads\/2023\/01\/web-knjizara-logo.webp","width":324,"height":79,"caption":"REDAK D.O.O."},"image":{"@id":"https:\/\/webknjizara.hr\/#\/schema\/logo\/image\/"}}]}},"_links":{"self":[{"href":"https:\/\/webknjizara.hr\/en\/wp-json\/wp\/v2\/product\/15535","targetHints":{"allow":["GET"]}}],"collection":[{"href":"https:\/\/webknjizara.hr\/en\/wp-json\/wp\/v2\/product"}],"about":[{"href":"https:\/\/webknjizara.hr\/en\/wp-json\/wp\/v2\/types\/product"}],"replies":[{"embeddable":true,"href":"https:\/\/webknjizara.hr\/en\/wp-json\/wp\/v2\/comments?post=15535"}],"wp:featuredmedia":[{"embeddable":true,"href":"https:\/\/webknjizara.hr\/en\/wp-json\/wp\/v2\/media\/15537"}],"wp:attachment":[{"href":"https:\/\/webknjizara.hr\/en\/wp-json\/wp\/v2\/media?parent=15535"}],"wp:term":[{"taxonomy":"product_brand","embeddable":true,"href":"https:\/\/webknjizara.hr\/en\/wp-json\/wp\/v2\/product_brand?post=15535"},{"taxonomy":"product_cat","embeddable":true,"href":"https:\/\/webknjizara.hr\/en\/wp-json\/wp\/v2\/product_cat?post=15535"},{"taxonomy":"product_tag","embeddable":true,"href":"https:\/\/webknjizara.hr\/en\/wp-json\/wp\/v2\/product_tag?post=15535"}],"curies":[{"name":"wp","href":"https:\/\/api.w.org\/{rel}","templated":true}]}}