{"id":15488,"date":"2023-10-24T15:06:15","date_gmt":"2023-10-24T13:06:15","guid":{"rendered":"https:\/\/webknjizara.hr\/?post_type=product&#038;p=15488"},"modified":"2023-10-24T15:06:16","modified_gmt":"2023-10-24T13:06:16","slug":"mineralne-sirovine-iz-mora-tisak-u-boji-vanja-martinac","status":"publish","type":"product","link":"https:\/\/webknjizara.hr\/en\/proizvod\/mineralne-sirovine-iz-mora-tisak-u-boji-vanja-martinac\/","title":{"rendered":"MINERALNE SIROVINE IZ MORA (TISAK U BOJI), Vanja Martinac"},"content":{"rendered":"<p><span style=\"color: #000000;\"><span lang=\"hr-HR\">Sveu\u010dili\u0161na skripta \u201eMineralne sirovine iz mora\u201c napisana su na popularan i znanstveni na\u010din sa svim potrebnim sadr\u017eajima koji su razra\u0111eni u \u010detiri (4) poglavlja (1. <\/span><\/span><span style=\"color: #000000;\">Uvod, 2. Sastav morske\/oceanske vode, 3. Fizikalna svojstva morske vode i 4. Eksploatacija minerala otopljenih u morskoj vodi) s odgovaraju\u0107im podpoglavljima. <\/span>Skripta pru\u017eaju mogu\u0107nost da se \u010ditatelj na jednom mjestu i na vrlo zanimljiv na\u010din upozna s va\u017eno\u0161\u0107u mora\/oceana ne samo kao neiscrpnog izvora va\u017enih mineralnih sirovina ve\u0107 i kao vrlo va\u017enog ekosustava, a tako\u0111er se daju i glavne zna\u010dajke morske vode vezane za njene kemijske i fizikalne karakteristike te alkalitet. U djelu se ukazuje i na sve ve\u0107u ugro\u017eenost morskog ekosustava i potrebu za\u0161tite morskih okoli\u0161a.<\/p>\n<p>Cilj djela je educirati <span style=\"color: #000000;\">budu\u0107e generacije magistara in\u017eenjera kemijskog in\u017eenjerstva <\/span>tehnolo\u0161koj procesnoj praksi i in\u017eenjerskim zahtjevima pri eksploataciji i upotrebi mineralnih sirovina iz morske\/oceanske vode. Poznavanje i razumijevanje ove znanstvene discipline daje sposobnost budu\u0107im tehnolozima da se njome samostalno slu\u017ee te tra\u017ee optimalna rje\u0161enja kako bi razumno gospodarili bogatstvima mora\/oceana uz sna\u017ean naglasak na va\u017enost odr\u017eivog i ekolo\u0161ki prihvatljivog iskori\u0161tavanja morskih resursi.<\/p>\n<p>&nbsp;<\/p>\n<p><span style=\"font-family: Arial, sans-serif;\"><span lang=\"hr-HR\"><b>Bilje\u0161ka o autoru\/autorici: <\/b><\/span><\/span><\/p>\n<p>Prof. dr. sc. Vanja Martinac redoviti je profesor u trajnom zvanju u Zavodu za termodinamiku Kemijsko-tehnolo\u0161kog fakulteta u Splitu. Od 1998. predstojnica je Zavoda za termodinamiku. Znanstveno djeluje u podru\u010dju tehni\u010dkih znanosti, polje kemijsko in\u017eenjerstvo, grana analiza, sinteza i vo\u0111enje kemijskih procesa. Znanstvena aktivnost vezana je za istra\u017eivanja u oblasti dobivanja magnezijeva oksida iz morske vode, te izotermnog i aktiviranog sinteriranja magnezijeva oksida. Objavila je ukupno 49 izvornih znanstvenih radova te 5 stru\u010dnih radova. Sudjelovala je s referatimna na 26 me\u0111unarodnih i 34 doma\u0107a znanstvena skupa.<\/p>\n<p><span lang=\"hr-HR\">Bila je voditeljica dvaju znanstvenih projekta MZO\u0160-a RH. <\/span><span style=\"color: #000000;\"><span lang=\"es-ES\">Pod njenim <\/span><\/span><span lang=\"es-ES\">mentorstvom ukupno su izra\u0111ena 42 zavr\u0161na i\/ili diplomska rada. Mentor je pri izradi i obrani jednog magistarskog rada te dvije doktorske disertacije. Odr\u017eavala je nastavu iz kolegija \u201eKemijsko-in\u017eenjerska termodinamika\u201c, \u201eMineralne sirovine mora i podmorja\u201c i \u201eMagnezijev oksid iz morske vode\u201c na poslijediplomskom doktorskom studiju, \u201eTermodinamika realnih procesa\u201c na diplomskom studiju kemijske tehnologije te \u201eTermodinamika i termotehnika\u201c na stru\u010dnom studiju. Trenuta\u010dno je nositelj kolegija \u201eTermodinamika\u201c i \u201eMineralne sirovine iz mora\u201c na prijediplomskom studiju kemijske tehnologije i \u201eTermodinamika\u201c na prijediplomskom studiju prehrambene tehnologije. Dugi niz godina (2005.-2012.) nastavno je djelovala na Veleu\u010dili\u0161tu Marko Maruli\u0107 u Kninu. Na doktorskom studiju Sveu\u010dili\u0161ta u Splitu i Sveu\u010dili\u0161ta u Dubrovniku \u201ePrimijenjene znanosti o moru\u201c (2006.-2015.) odr\u017eavala je nastavu iz kolegija \u201eSirovine morskog podrijetla u kemijskoj industriji i medicini\u201c. <\/span><span style=\"color: #000000;\"><span lang=\"es-ES\">Koautorica je <\/span><\/span><span style=\"color: #000000;\"><span lang=\"es-ES\">sveu\u010dili\u0161nog ud\u017ebenika \u201eTehni\u010dka termodinamika\u201c te autorica sveu\u010dili\u0161nog priru\u010dnika \u201eMagnezijev oksid iz morske vode\u201c.<\/span><\/span><\/p>\n<p><span style=\"font-family: Arial, sans-serif;\"><span lang=\"hr-HR\"><b>Link: <\/b><\/span><\/span>Snje\u017eana De\u0161kovi\u0107, voditeljica ra\u010dunovodstva<\/p>\n<p>&nbsp;<\/p>\n<p><strong><span style=\"font-family: Arial, sans-serif;\"><span lang=\"hr-HR\">Naslov: <\/span><\/span><\/strong><strong><span style=\"font-family: Arial, sans-serif;\">Mineralne sirovine iz mora (tisak u boji)<\/span><\/strong><span style=\"font-family: Arial, sans-serif;\"><span lang=\"hr-HR\"><br \/>\n<\/span><\/span><strong><span style=\"font-family: Arial, sans-serif;\"><span lang=\"hr-HR\">Autor\/autorica:<\/span><\/span><\/strong> <span style=\"font-family: Arial, sans-serif;\">Vanja Martinac<\/span><span style=\"font-family: Arial, sans-serif;\"><span lang=\"hr-HR\"><br \/>\n<\/span><\/span><strong><span style=\"font-family: Arial, sans-serif;\"><span lang=\"hr-HR\">Broj stranica: <\/span><\/span><\/strong><span style=\"font-family: Arial, sans-serif;\"><span lang=\"\">406<\/span><\/span><span style=\"font-family: Arial, sans-serif;\"><span lang=\"hr-HR\"><br \/>\n<\/span><\/span><strong><span style=\"font-family: Arial, sans-serif;\"><span lang=\"hr-HR\">Nakladnik: <\/span><\/span><\/strong><strong><span style=\"font-family: Arial, sans-serif;\">Kemijsko-tehnolo\u0161ki fakultet u Splitu<\/span><\/strong><span style=\"font-family: Arial, sans-serif;\"><span lang=\"hr-HR\"><br \/>\n<\/span><\/span><strong><span style=\"font-family: Arial, sans-serif;\"><span lang=\"hr-HR\">Godina izdanja: <\/span><\/span><\/strong><strong><span style=\"font-family: Arial, sans-serif;\">2023.<\/span><\/strong><strong><span style=\"font-family: Arial, sans-serif;\"><span lang=\"hr-HR\">.<br \/>\n<\/span><\/span><\/strong><strong><span style=\"font-family: Arial, sans-serif;\">ISBN:<\/span><\/strong><span style=\"font-family: Arial, sans-serif;\"> 978-953-7803-18-6<br \/>\n<\/span><strong><span style=\"font-family: Arial, sans-serif;\">Tisak:<\/span><\/strong><span style=\"font-family: Arial, sans-serif;\"> digitalni tisak knjiga &#8211; print na zahtjev<\/span><\/p>\n","protected":false},"excerpt":{"rendered":"<p>Sveu\u010dili\u0161na skripta \u201eMineralne sirovine iz mora\u201c napisana su na popularan i znanstveni na\u010din sa svim potrebnim sadr\u017eajima koji su razra\u0111eni u \u010detiri (4) poglavlja (1. Uvod, 2. Sastav morske\/oceanske vode, 3. Fizikalna svojstva morske vode i 4. Eksploatacija minerala otopljenih u morskoj vodi) s odgovaraju\u0107im podpoglavljima. Skripta pru\u017eaju mogu\u0107nost da se \u010ditatelj na jednom mjestu [&hellip;]<\/p>\n","protected":false},"featured_media":15489,"comment_status":"open","ping_status":"closed","template":"","meta":{"_acf_changed":false},"product_brand":[],"product_cat":[1496,1408],"product_tag":[],"class_list":{"0":"post-15488","1":"product","2":"type-product","3":"status-publish","4":"has-post-thumbnail","6":"product_cat-kemijsko-inzenjerstvo","7":"product_cat-tehnicke-znanosti","8":"pa_autor-vanja-martinac","9":"pa_nakladnik-kemijsko-tehnoloski-fakultet-u-splitu","11":"first","12":"instock","13":"shipping-taxable","14":"purchasable","15":"product-type-simple"},"acf":[],"yoast_head":"<!-- This site is optimized with the Yoast SEO plugin v27.3 - https:\/\/yoast.com\/product\/yoast-seo-wordpress\/ -->\n<title>MINERALNE SIROVINE IZ MORA (TISAK U BOJI), Vanja Martinac - Web-knji\u017eara<\/title>\n<meta name=\"robots\" content=\"index, follow, max-snippet:-1, max-image-preview:large, max-video-preview:-1\" \/>\n<link rel=\"canonical\" href=\"https:\/\/webknjizara.hr\/proizvod\/mineralne-sirovine-iz-mora-tisak-u-boji-vanja-martinac\/\" \/>\n<meta property=\"og:locale\" content=\"en_US\" \/>\n<meta property=\"og:type\" content=\"article\" \/>\n<meta property=\"og:title\" content=\"MINERALNE SIROVINE IZ MORA (TISAK U BOJI), Vanja Martinac - Web-knji\u017eara\" \/>\n<meta property=\"og:description\" content=\"Sveu\u010dili\u0161na skripta \u201eMineralne sirovine iz mora\u201c napisana su na popularan i znanstveni na\u010din sa svim potrebnim sadr\u017eajima koji su razra\u0111eni u \u010detiri (4) poglavlja (1. Uvod, 2. Sastav morske\/oceanske vode, 3. Fizikalna svojstva morske vode i 4. Eksploatacija minerala otopljenih u morskoj vodi) s odgovaraju\u0107im podpoglavljima. Skripta pru\u017eaju mogu\u0107nost da se \u010ditatelj na jednom mjestu [&hellip;]\" \/>\n<meta property=\"og:url\" content=\"https:\/\/webknjizara.hr\/proizvod\/mineralne-sirovine-iz-mora-tisak-u-boji-vanja-martinac\/\" \/>\n<meta property=\"og:site_name\" content=\"Web-knji\u017eara\" \/>\n<meta property=\"article:modified_time\" content=\"2023-10-24T13:06:16+00:00\" \/>\n<meta property=\"og:image\" content=\"https:\/\/webknjizara.hr\/wp-content\/uploads\/2023\/10\/Vanja_Martinac_Mineralne_sirovine_iz_mora_tisak_u_boji_webknjizara_redak_WEB_1486.jpg\" \/>\n\t<meta property=\"og:image:width\" content=\"300\" \/>\n\t<meta property=\"og:image:height\" content=\"419\" \/>\n\t<meta property=\"og:image:type\" content=\"image\/jpeg\" \/>\n<meta name=\"twitter:card\" content=\"summary_large_image\" \/>\n<meta name=\"twitter:label1\" content=\"Est. reading time\" \/>\n\t<meta name=\"twitter:data1\" content=\"3 minutes\" \/>\n<script type=\"application\/ld+json\" class=\"yoast-schema-graph\">{\"@context\":\"https:\\\/\\\/schema.org\",\"@graph\":[{\"@type\":\"WebPage\",\"@id\":\"https:\\\/\\\/webknjizara.hr\\\/proizvod\\\/mineralne-sirovine-iz-mora-tisak-u-boji-vanja-martinac\\\/\",\"url\":\"https:\\\/\\\/webknjizara.hr\\\/proizvod\\\/mineralne-sirovine-iz-mora-tisak-u-boji-vanja-martinac\\\/\",\"name\":\"MINERALNE SIROVINE IZ MORA (TISAK U BOJI), Vanja Martinac - Web-knji\u017eara\",\"isPartOf\":{\"@id\":\"https:\\\/\\\/webknjizara.hr\\\/#website\"},\"primaryImageOfPage\":{\"@id\":\"https:\\\/\\\/webknjizara.hr\\\/proizvod\\\/mineralne-sirovine-iz-mora-tisak-u-boji-vanja-martinac\\\/#primaryimage\"},\"image\":{\"@id\":\"https:\\\/\\\/webknjizara.hr\\\/proizvod\\\/mineralne-sirovine-iz-mora-tisak-u-boji-vanja-martinac\\\/#primaryimage\"},\"thumbnailUrl\":\"https:\\\/\\\/webknjizara.hr\\\/wp-content\\\/uploads\\\/2023\\\/10\\\/Vanja_Martinac_Mineralne_sirovine_iz_mora_tisak_u_boji_webknjizara_redak_WEB_1486.jpg\",\"datePublished\":\"2023-10-24T13:06:15+00:00\",\"dateModified\":\"2023-10-24T13:06:16+00:00\",\"breadcrumb\":{\"@id\":\"https:\\\/\\\/webknjizara.hr\\\/proizvod\\\/mineralne-sirovine-iz-mora-tisak-u-boji-vanja-martinac\\\/#breadcrumb\"},\"inLanguage\":\"en-US\",\"potentialAction\":[{\"@type\":\"ReadAction\",\"target\":[\"https:\\\/\\\/webknjizara.hr\\\/proizvod\\\/mineralne-sirovine-iz-mora-tisak-u-boji-vanja-martinac\\\/\"]}]},{\"@type\":\"ImageObject\",\"inLanguage\":\"en-US\",\"@id\":\"https:\\\/\\\/webknjizara.hr\\\/proizvod\\\/mineralne-sirovine-iz-mora-tisak-u-boji-vanja-martinac\\\/#primaryimage\",\"url\":\"https:\\\/\\\/webknjizara.hr\\\/wp-content\\\/uploads\\\/2023\\\/10\\\/Vanja_Martinac_Mineralne_sirovine_iz_mora_tisak_u_boji_webknjizara_redak_WEB_1486.jpg\",\"contentUrl\":\"https:\\\/\\\/webknjizara.hr\\\/wp-content\\\/uploads\\\/2023\\\/10\\\/Vanja_Martinac_Mineralne_sirovine_iz_mora_tisak_u_boji_webknjizara_redak_WEB_1486.jpg\",\"width\":300,\"height\":419},{\"@type\":\"BreadcrumbList\",\"@id\":\"https:\\\/\\\/webknjizara.hr\\\/proizvod\\\/mineralne-sirovine-iz-mora-tisak-u-boji-vanja-martinac\\\/#breadcrumb\",\"itemListElement\":[{\"@type\":\"ListItem\",\"position\":1,\"name\":\"Po\u010detna stranica\",\"item\":\"https:\\\/\\\/webknjizara.hr\\\/en\\\/\"},{\"@type\":\"ListItem\",\"position\":2,\"name\":\"Shop\",\"item\":\"https:\\\/\\\/webknjizara.hr\\\/shop\\\/\"},{\"@type\":\"ListItem\",\"position\":3,\"name\":\"MINERALNE SIROVINE IZ MORA (TISAK U BOJI), Vanja Martinac\"}]},{\"@type\":\"WebSite\",\"@id\":\"https:\\\/\\\/webknjizara.hr\\\/#website\",\"url\":\"https:\\\/\\\/webknjizara.hr\\\/\",\"name\":\"Web Knji\u017eara\",\"description\":\"\",\"publisher\":{\"@id\":\"https:\\\/\\\/webknjizara.hr\\\/#organization\"},\"potentialAction\":[{\"@type\":\"SearchAction\",\"target\":{\"@type\":\"EntryPoint\",\"urlTemplate\":\"https:\\\/\\\/webknjizara.hr\\\/?s={search_term_string}\"},\"query-input\":{\"@type\":\"PropertyValueSpecification\",\"valueRequired\":true,\"valueName\":\"search_term_string\"}}],\"inLanguage\":\"en-US\"},{\"@type\":\"Organization\",\"@id\":\"https:\\\/\\\/webknjizara.hr\\\/#organization\",\"name\":\"REDAK D.O.O.\",\"url\":\"https:\\\/\\\/webknjizara.hr\\\/\",\"logo\":{\"@type\":\"ImageObject\",\"inLanguage\":\"en-US\",\"@id\":\"https:\\\/\\\/webknjizara.hr\\\/#\\\/schema\\\/logo\\\/image\\\/\",\"url\":\"https:\\\/\\\/webknjizara.hr\\\/wp-content\\\/uploads\\\/2023\\\/01\\\/web-knjizara-logo.webp\",\"contentUrl\":\"https:\\\/\\\/webknjizara.hr\\\/wp-content\\\/uploads\\\/2023\\\/01\\\/web-knjizara-logo.webp\",\"width\":324,\"height\":79,\"caption\":\"REDAK D.O.O.\"},\"image\":{\"@id\":\"https:\\\/\\\/webknjizara.hr\\\/#\\\/schema\\\/logo\\\/image\\\/\"}}]}<\/script>\n<!-- \/ Yoast SEO plugin. -->","yoast_head_json":{"title":"MINERALNE SIROVINE IZ MORA (TISAK U BOJI), Vanja Martinac - Web-knji\u017eara","robots":{"index":"index","follow":"follow","max-snippet":"max-snippet:-1","max-image-preview":"max-image-preview:large","max-video-preview":"max-video-preview:-1"},"canonical":"https:\/\/webknjizara.hr\/proizvod\/mineralne-sirovine-iz-mora-tisak-u-boji-vanja-martinac\/","og_locale":"en_US","og_type":"article","og_title":"MINERALNE SIROVINE IZ MORA (TISAK U BOJI), Vanja Martinac - Web-knji\u017eara","og_description":"Sveu\u010dili\u0161na skripta \u201eMineralne sirovine iz mora\u201c napisana su na popularan i znanstveni na\u010din sa svim potrebnim sadr\u017eajima koji su razra\u0111eni u \u010detiri (4) poglavlja (1. Uvod, 2. Sastav morske\/oceanske vode, 3. Fizikalna svojstva morske vode i 4. Eksploatacija minerala otopljenih u morskoj vodi) s odgovaraju\u0107im podpoglavljima. Skripta pru\u017eaju mogu\u0107nost da se \u010ditatelj na jednom mjestu [&hellip;]","og_url":"https:\/\/webknjizara.hr\/proizvod\/mineralne-sirovine-iz-mora-tisak-u-boji-vanja-martinac\/","og_site_name":"Web-knji\u017eara","article_modified_time":"2023-10-24T13:06:16+00:00","og_image":[{"width":300,"height":419,"url":"https:\/\/webknjizara.hr\/wp-content\/uploads\/2023\/10\/Vanja_Martinac_Mineralne_sirovine_iz_mora_tisak_u_boji_webknjizara_redak_WEB_1486.jpg","type":"image\/jpeg"}],"twitter_card":"summary_large_image","twitter_misc":{"Est. reading time":"3 minutes"},"schema":{"@context":"https:\/\/schema.org","@graph":[{"@type":"WebPage","@id":"https:\/\/webknjizara.hr\/proizvod\/mineralne-sirovine-iz-mora-tisak-u-boji-vanja-martinac\/","url":"https:\/\/webknjizara.hr\/proizvod\/mineralne-sirovine-iz-mora-tisak-u-boji-vanja-martinac\/","name":"MINERALNE SIROVINE IZ MORA (TISAK U BOJI), Vanja Martinac - Web-knji\u017eara","isPartOf":{"@id":"https:\/\/webknjizara.hr\/#website"},"primaryImageOfPage":{"@id":"https:\/\/webknjizara.hr\/proizvod\/mineralne-sirovine-iz-mora-tisak-u-boji-vanja-martinac\/#primaryimage"},"image":{"@id":"https:\/\/webknjizara.hr\/proizvod\/mineralne-sirovine-iz-mora-tisak-u-boji-vanja-martinac\/#primaryimage"},"thumbnailUrl":"https:\/\/webknjizara.hr\/wp-content\/uploads\/2023\/10\/Vanja_Martinac_Mineralne_sirovine_iz_mora_tisak_u_boji_webknjizara_redak_WEB_1486.jpg","datePublished":"2023-10-24T13:06:15+00:00","dateModified":"2023-10-24T13:06:16+00:00","breadcrumb":{"@id":"https:\/\/webknjizara.hr\/proizvod\/mineralne-sirovine-iz-mora-tisak-u-boji-vanja-martinac\/#breadcrumb"},"inLanguage":"en-US","potentialAction":[{"@type":"ReadAction","target":["https:\/\/webknjizara.hr\/proizvod\/mineralne-sirovine-iz-mora-tisak-u-boji-vanja-martinac\/"]}]},{"@type":"ImageObject","inLanguage":"en-US","@id":"https:\/\/webknjizara.hr\/proizvod\/mineralne-sirovine-iz-mora-tisak-u-boji-vanja-martinac\/#primaryimage","url":"https:\/\/webknjizara.hr\/wp-content\/uploads\/2023\/10\/Vanja_Martinac_Mineralne_sirovine_iz_mora_tisak_u_boji_webknjizara_redak_WEB_1486.jpg","contentUrl":"https:\/\/webknjizara.hr\/wp-content\/uploads\/2023\/10\/Vanja_Martinac_Mineralne_sirovine_iz_mora_tisak_u_boji_webknjizara_redak_WEB_1486.jpg","width":300,"height":419},{"@type":"BreadcrumbList","@id":"https:\/\/webknjizara.hr\/proizvod\/mineralne-sirovine-iz-mora-tisak-u-boji-vanja-martinac\/#breadcrumb","itemListElement":[{"@type":"ListItem","position":1,"name":"Po\u010detna stranica","item":"https:\/\/webknjizara.hr\/en\/"},{"@type":"ListItem","position":2,"name":"Shop","item":"https:\/\/webknjizara.hr\/shop\/"},{"@type":"ListItem","position":3,"name":"MINERALNE SIROVINE IZ MORA (TISAK U BOJI), Vanja Martinac"}]},{"@type":"WebSite","@id":"https:\/\/webknjizara.hr\/#website","url":"https:\/\/webknjizara.hr\/","name":"Web Knji\u017eara","description":"","publisher":{"@id":"https:\/\/webknjizara.hr\/#organization"},"potentialAction":[{"@type":"SearchAction","target":{"@type":"EntryPoint","urlTemplate":"https:\/\/webknjizara.hr\/?s={search_term_string}"},"query-input":{"@type":"PropertyValueSpecification","valueRequired":true,"valueName":"search_term_string"}}],"inLanguage":"en-US"},{"@type":"Organization","@id":"https:\/\/webknjizara.hr\/#organization","name":"REDAK D.O.O.","url":"https:\/\/webknjizara.hr\/","logo":{"@type":"ImageObject","inLanguage":"en-US","@id":"https:\/\/webknjizara.hr\/#\/schema\/logo\/image\/","url":"https:\/\/webknjizara.hr\/wp-content\/uploads\/2023\/01\/web-knjizara-logo.webp","contentUrl":"https:\/\/webknjizara.hr\/wp-content\/uploads\/2023\/01\/web-knjizara-logo.webp","width":324,"height":79,"caption":"REDAK D.O.O."},"image":{"@id":"https:\/\/webknjizara.hr\/#\/schema\/logo\/image\/"}}]}},"_links":{"self":[{"href":"https:\/\/webknjizara.hr\/en\/wp-json\/wp\/v2\/product\/15488","targetHints":{"allow":["GET"]}}],"collection":[{"href":"https:\/\/webknjizara.hr\/en\/wp-json\/wp\/v2\/product"}],"about":[{"href":"https:\/\/webknjizara.hr\/en\/wp-json\/wp\/v2\/types\/product"}],"replies":[{"embeddable":true,"href":"https:\/\/webknjizara.hr\/en\/wp-json\/wp\/v2\/comments?post=15488"}],"wp:featuredmedia":[{"embeddable":true,"href":"https:\/\/webknjizara.hr\/en\/wp-json\/wp\/v2\/media\/15489"}],"wp:attachment":[{"href":"https:\/\/webknjizara.hr\/en\/wp-json\/wp\/v2\/media?parent=15488"}],"wp:term":[{"taxonomy":"product_brand","embeddable":true,"href":"https:\/\/webknjizara.hr\/en\/wp-json\/wp\/v2\/product_brand?post=15488"},{"taxonomy":"product_cat","embeddable":true,"href":"https:\/\/webknjizara.hr\/en\/wp-json\/wp\/v2\/product_cat?post=15488"},{"taxonomy":"product_tag","embeddable":true,"href":"https:\/\/webknjizara.hr\/en\/wp-json\/wp\/v2\/product_tag?post=15488"}],"curies":[{"name":"wp","href":"https:\/\/api.w.org\/{rel}","templated":true}]}}