{"id":15321,"date":"2023-10-04T14:36:16","date_gmt":"2023-10-04T12:36:16","guid":{"rendered":"https:\/\/webknjizara.hr\/?post_type=product&#038;p=15321"},"modified":"2023-10-04T14:36:17","modified_gmt":"2023-10-04T12:36:17","slug":"controlling-u-sportskom-menadzmentu-tihomir-lukovic-uwe-lebefromm-alen-jerkunica","status":"publish","type":"product","link":"https:\/\/webknjizara.hr\/en\/proizvod\/controlling-u-sportskom-menadzmentu-tihomir-lukovic-uwe-lebefromm-alen-jerkunica\/","title":{"rendered":"CONTROLLING U SPORTSKOM MENAD\u017dMENTU, Tihomir Lukovi\u0107, Uwe Lebefromm, Alen Jerkunica"},"content":{"rendered":"<p align=\"JUSTIFY\"><span style=\"font-size: medium;\"><span lang=\"hr-HR\">Sa\u017eetak knjige \u201e<\/span><\/span><span style=\"font-size: medium;\"><span lang=\"hr-HR\"><i>Controlling<\/i><\/span><\/span><span style=\"font-size: medium;\"><span lang=\"hr-HR\"> u sportskom menad\u017ementu\u201c.<\/span><\/span><\/p>\n<p align=\"JUSTIFY\"><span style=\"font-size: medium;\"><span lang=\"hr-HR\">Knjiga \u201e<\/span><\/span><span style=\"font-size: medium;\"><span lang=\"hr-HR\"><i>Controlling<\/i><\/span><\/span><span style=\"font-size: medium;\"><span lang=\"hr-HR\"> u sportskom menad\u017ementu\u201c, grupe autora Tihomira Lukovi\u0107a, Uwe Lebefromma i Alena Jerkunice, po svemu je jedinstvena knjiga u Hrvatskoj, a i \u0161ire. Sportski menad\u017ement u svijetu obra\u0111uje se u mnogim knjigama, ali pristupi njegovoj obradi razli\u010diti su i prete\u017eno funkcionalni, \u0161to zna\u010di da jako malo radova sportskom menad\u017ementu pristupa sa znanstveno-prakti\u010dnog aspekta. Sukladno znanstvenom pristupu, u poglavlju koji obra\u0111uje menad\u017ement, ponajprije u Hrvatskoj, korigira se vi\u0161egodi\u0161nji pogre\u0161an pristup menad\u017ementu te se postavlja pristup temeljen na modernoj znanosti menad\u017ementa, kako u svijetu tako i u EU.<\/span><\/span><\/p>\n<p align=\"JUSTIFY\"><span style=\"font-size: medium;\"><span lang=\"es-ES\">U segmentu koji se bavi <\/span><\/span><span style=\"font-size: medium;\"><span lang=\"es-ES\"><i>controllingom<\/i><\/span><\/span><span style=\"font-size: medium;\"><span lang=\"es-ES\"> obra\u0111uju se osnove <\/span><\/span><span style=\"font-size: medium;\"><span lang=\"es-ES\"><i>controllinga<\/i><\/span><\/span><span style=\"font-size: medium;\"><span lang=\"es-ES\"> sukladno potrebama studenata kojima je ova knjiga\/ud\u017ebenik namijenjena. S obzirom na \u0161ire spoznaje o <\/span><\/span><span style=\"font-size: medium;\"><span lang=\"es-ES\"><i>controllingu, <\/i><\/span><\/span><span style=\"font-size: medium;\"><span lang=\"es-ES\">studente i \u010ditatelje upu\u0107uje se na literaturu koja mo\u017ee pru\u017eiti vi\u0161i nivo znanja. U posebnom poglavlju koje obra\u0111uje koautor Uwe Lebefromm obra\u0111uje se mogu\u0107nost primjene <\/span><\/span><span style=\"font-size: medium;\"><span lang=\"es-ES\"><i>controllinga<\/i><\/span><\/span><span style=\"font-size: medium;\"><span lang=\"es-ES\"> u sustavu SAP<\/span><\/span><sup><span style=\"font-size: medium;\"><span lang=\"es-ES\">\u00a9<\/span><\/span><\/sup><span style=\"font-size: medium;\"><span lang=\"es-ES\"> ERP<\/span><\/span><sup><span style=\"font-size: medium;\"><span lang=\"es-ES\">\u00a9<\/span><\/span><\/sup><span style=\"font-size: medium;\"><span lang=\"es-ES\">. Obrada <\/span><\/span><span style=\"font-size: medium;\"><span lang=\"es-ES\"><i>controllinga<\/i><\/span><\/span><span style=\"font-size: medium;\"><span lang=\"es-ES\"> u sustavu SAP<\/span><\/span><sup><span style=\"font-size: medium;\"><span lang=\"es-ES\">\u00a9<\/span><\/span><\/sup><span style=\"font-size: medium;\"><span lang=\"es-ES\"> ERP<\/span><\/span><sup><span style=\"font-size: medium;\"><span lang=\"es-ES\">\u00a9<\/span><\/span><\/sup><span style=\"font-size: medium;\"><span lang=\"es-ES\"> usmjerena je na menad\u017ement koji koristi <\/span><\/span><span style=\"font-size: medium;\"><span lang=\"es-ES\"><i>controlling<\/i><\/span><\/span><span style=\"font-size: medium;\"><span lang=\"es-ES\"> u profesionalnom sportu. Odnosno, radi se o novom dizajnu, organizaciji i implementaciji tzv. SAP SPORTS ONE koji je razvila vode\u0107a korporacija SAP za potrebe profesionalnog sporta, a koji se primjenjuje u najrazvijenijim europskim ligama. Primjena SAP SPORTS ONE potvrdila se u praksi te postupno ulazi i u hrvatski nogomet poma\u017eu\u0107i klubovima na putu uspjeha.<\/span><\/span><\/p>\n<p align=\"JUSTIFY\"><span style=\"font-size: medium;\"><span lang=\"es-ES\">Zadnje poglavlje sastoji se od \u0161est izvadaka najboljih diplomskih radova studenata Aspire Split koji obra\u0111uju <\/span><\/span><span style=\"font-size: medium;\"><span lang=\"es-ES\"><i>controlling<\/i><\/span><\/span><span style=\"font-size: medium;\"><span lang=\"es-ES\"> u sportskom menad\u017ementu. Navedeni radovi posebno vesele, jer su potvrda uspje\u0161nog savladavanja osnova <\/span><\/span><span style=\"font-size: medium;\"><span lang=\"es-ES\"><i>controllinga<\/i><\/span><\/span><span style=\"font-size: medium;\"><span lang=\"es-ES\"> koji je u Hrvatskoj jo\u0161 uvijek u po\u010detnoj fazi spoznaje pa tako i razvoja. <\/span><\/span><\/p>\n<p align=\"JUSTIFY\"><span style=\"font-size: medium;\"><span lang=\"es-ES\">Ova knjiga\/ud\u017ebenik preporu\u010duje se studentima koji izu\u010davaju menad\u017ement i <\/span><\/span><span style=\"font-size: medium;\"><span lang=\"es-ES\"><i>controlling<\/i><\/span><\/span><span style=\"font-size: medium;\"><span lang=\"es-ES\">, s posebnim usmjerenjem na sport. Tako\u0111er, ova se knjiga preporu\u010duje i hrvatskom visoko\u0161kolskom nastavnom kadru, jer je vrijeme novih spoznaja o menad\u017ementu i sportu. <\/span><\/span><\/p>\n<p align=\"JUSTIFY\"><span style=\"font-size: medium;\"><span lang=\"es-ES\">Dakle, cilj ove knjige je uvo\u0111enje novih spoznaja o menad\u017ementu i <\/span><\/span><span style=\"font-size: medium;\"><span lang=\"es-ES\"><i>controllingu<\/i><\/span><\/span><span style=\"font-size: medium;\"><span lang=\"es-ES\"> u hrvatski znanstveni, nastavni i prakti\u010dni diskurs koji zna\u010dajno zaostaje za istim u razvijenim dr\u017eavama EU-a. Rezultati analiza, spoznaja i istra\u017eivanja koja se prikazuju u ovoj knjizi temelje se na spoznajama svjetski priznatih radova i enciklopedija menad\u017ementa, kao i radova vezanih za <\/span><\/span><span style=\"font-size: medium;\"><span lang=\"es-ES\"><i>controlling<\/i><\/span><\/span><span style=\"font-size: medium;\"><span lang=\"es-ES\"> vode\u0107ih njema\u010dkih, a time i svjetskih autora.<\/span><\/span><\/p>\n<p align=\"JUSTIFY\"><span style=\"font-size: medium;\"><span lang=\"es-ES\">Kako recenzenti navode, knjiga se preporu\u010duje svima koji \u017eele imati jasne, nove i ispravne spoznaje o menad\u017ementu i <\/span><\/span><span style=\"font-size: medium;\"><span lang=\"es-ES\"><i>controllingu<\/i><\/span><\/span><span style=\"font-size: medium;\"><span lang=\"es-ES\">, a posebno njihovoj primjeni u sportu. <\/span><\/span><\/p>\n<p><span lang=\"hr-HR\"><b>E-mail: <\/b><\/span><a href=\"MAILTO:tea.pesic@aspira.hr\" target=\"_blank\" rel=\"noopener\"><span style=\"color: #000000;\">Kontatk autora<\/span><\/a><\/p>\n<p>&nbsp;<\/p>\n<p><strong><span lang=\"hr-HR\">Naslov: <\/span><\/strong><strong>Controlling u sportskom menad\u017ementu<\/strong><span lang=\"hr-HR\"><br \/>\n<\/span><strong><span lang=\"hr-HR\">Autor\/autorica:<\/span><\/strong> Tihomir Lukovi\u0107, Uwe Lebefromm, Alen Jerkunica<span lang=\"hr-HR\"><br \/>\n<\/span><strong><span lang=\"hr-HR\">Broj stranica: <\/span><\/strong><span lang=\"\">318<\/span><span lang=\"hr-HR\"><br \/>\n<\/span><strong><span lang=\"hr-HR\">Nakladnik: <\/span><\/strong><strong>ASPIRA, visoka \u0161kola za menad\u017ement i dizajn<\/strong><span lang=\"hr-HR\"><br \/>\n<\/span><strong><span lang=\"hr-HR\">Godina izdanja: <\/span><\/strong><strong>2023.<\/strong><strong><span lang=\"hr-HR\">.<br \/>\n<\/span><\/strong><strong>ISBN:<\/strong> 978-953-8356-04-9<br \/>\n<strong>Tisak:<\/strong> digitalni tisak knjiga &#8211; print na zahtjev<\/p>\n","protected":false},"excerpt":{"rendered":"<p>Sa\u017eetak knjige \u201eControlling u sportskom menad\u017ementu\u201c. Knjiga \u201eControlling u sportskom menad\u017ementu\u201c, grupe autora Tihomira Lukovi\u0107a, Uwe Lebefromma i Alena Jerkunice, po svemu je jedinstvena knjiga u Hrvatskoj, a i \u0161ire. Sportski menad\u017ement u svijetu obra\u0111uje se u mnogim knjigama, ali pristupi njegovoj obradi razli\u010diti su i prete\u017eno funkcionalni, \u0161to zna\u010di da jako malo radova sportskom [&hellip;]<\/p>\n","protected":false},"featured_media":15322,"comment_status":"open","ping_status":"closed","template":"","meta":{"_acf_changed":false},"product_brand":[],"product_cat":[1527,1384,1411],"product_tag":[],"class_list":{"0":"post-15321","1":"product","2":"type-product","3":"status-publish","4":"has-post-thumbnail","6":"product_cat-sveucilisni-udzbenici","7":"product_cat-ekonomija","8":"product_cat-sport","9":"pa_autor-alen-jerkunica","10":"pa_autor-tihomir-lukovic","11":"pa_autor-uwe-lebefromm","12":"pa_nakladnik-aspira-visoka-skola-za-menadzment-i-dizajn","14":"first","15":"instock","16":"shipping-taxable","17":"purchasable","18":"product-type-simple"},"acf":[],"yoast_head":"<!-- This site is optimized with the Yoast SEO plugin v27.3 - https:\/\/yoast.com\/product\/yoast-seo-wordpress\/ -->\n<title>CONTROLLING U SPORTSKOM MENAD\u017dMENTU, Tihomir Lukovi\u0107, Uwe Lebefromm, Alen Jerkunica - Web-knji\u017eara<\/title>\n<meta name=\"robots\" content=\"index, follow, max-snippet:-1, max-image-preview:large, max-video-preview:-1\" \/>\n<link rel=\"canonical\" href=\"https:\/\/webknjizara.hr\/proizvod\/controlling-u-sportskom-menadzmentu-tihomir-lukovic-uwe-lebefromm-alen-jerkunica\/\" \/>\n<meta property=\"og:locale\" content=\"en_US\" \/>\n<meta property=\"og:type\" content=\"article\" \/>\n<meta property=\"og:title\" content=\"CONTROLLING U SPORTSKOM MENAD\u017dMENTU, Tihomir Lukovi\u0107, Uwe Lebefromm, Alen Jerkunica - Web-knji\u017eara\" \/>\n<meta property=\"og:description\" content=\"Sa\u017eetak knjige \u201eControlling u sportskom menad\u017ementu\u201c. Knjiga \u201eControlling u sportskom menad\u017ementu\u201c, grupe autora Tihomira Lukovi\u0107a, Uwe Lebefromma i Alena Jerkunice, po svemu je jedinstvena knjiga u Hrvatskoj, a i \u0161ire. Sportski menad\u017ement u svijetu obra\u0111uje se u mnogim knjigama, ali pristupi njegovoj obradi razli\u010diti su i prete\u017eno funkcionalni, \u0161to zna\u010di da jako malo radova sportskom [&hellip;]\" \/>\n<meta property=\"og:url\" content=\"https:\/\/webknjizara.hr\/proizvod\/controlling-u-sportskom-menadzmentu-tihomir-lukovic-uwe-lebefromm-alen-jerkunica\/\" \/>\n<meta property=\"og:site_name\" content=\"Web-knji\u017eara\" \/>\n<meta property=\"article:modified_time\" content=\"2023-10-04T12:36:17+00:00\" \/>\n<meta property=\"og:image\" content=\"https:\/\/webknjizara.hr\/wp-content\/uploads\/2023\/10\/Tihomir_Lukovic_Controlling_u_sportskom_menadzmentu_webknjizara_redak_WEB_1411.jpg\" \/>\n\t<meta property=\"og:image:width\" content=\"300\" \/>\n\t<meta property=\"og:image:height\" content=\"419\" \/>\n\t<meta property=\"og:image:type\" content=\"image\/jpeg\" \/>\n<meta name=\"twitter:card\" content=\"summary_large_image\" \/>\n<meta name=\"twitter:label1\" content=\"Est. reading time\" \/>\n\t<meta name=\"twitter:data1\" content=\"3 minutes\" \/>\n<script type=\"application\/ld+json\" class=\"yoast-schema-graph\">{\"@context\":\"https:\\\/\\\/schema.org\",\"@graph\":[{\"@type\":\"WebPage\",\"@id\":\"https:\\\/\\\/webknjizara.hr\\\/proizvod\\\/controlling-u-sportskom-menadzmentu-tihomir-lukovic-uwe-lebefromm-alen-jerkunica\\\/\",\"url\":\"https:\\\/\\\/webknjizara.hr\\\/proizvod\\\/controlling-u-sportskom-menadzmentu-tihomir-lukovic-uwe-lebefromm-alen-jerkunica\\\/\",\"name\":\"CONTROLLING U SPORTSKOM MENAD\u017dMENTU, Tihomir Lukovi\u0107, Uwe Lebefromm, Alen Jerkunica - Web-knji\u017eara\",\"isPartOf\":{\"@id\":\"https:\\\/\\\/webknjizara.hr\\\/#website\"},\"primaryImageOfPage\":{\"@id\":\"https:\\\/\\\/webknjizara.hr\\\/proizvod\\\/controlling-u-sportskom-menadzmentu-tihomir-lukovic-uwe-lebefromm-alen-jerkunica\\\/#primaryimage\"},\"image\":{\"@id\":\"https:\\\/\\\/webknjizara.hr\\\/proizvod\\\/controlling-u-sportskom-menadzmentu-tihomir-lukovic-uwe-lebefromm-alen-jerkunica\\\/#primaryimage\"},\"thumbnailUrl\":\"https:\\\/\\\/webknjizara.hr\\\/wp-content\\\/uploads\\\/2023\\\/10\\\/Tihomir_Lukovic_Controlling_u_sportskom_menadzmentu_webknjizara_redak_WEB_1411.jpg\",\"datePublished\":\"2023-10-04T12:36:16+00:00\",\"dateModified\":\"2023-10-04T12:36:17+00:00\",\"breadcrumb\":{\"@id\":\"https:\\\/\\\/webknjizara.hr\\\/proizvod\\\/controlling-u-sportskom-menadzmentu-tihomir-lukovic-uwe-lebefromm-alen-jerkunica\\\/#breadcrumb\"},\"inLanguage\":\"en-US\",\"potentialAction\":[{\"@type\":\"ReadAction\",\"target\":[\"https:\\\/\\\/webknjizara.hr\\\/proizvod\\\/controlling-u-sportskom-menadzmentu-tihomir-lukovic-uwe-lebefromm-alen-jerkunica\\\/\"]}]},{\"@type\":\"ImageObject\",\"inLanguage\":\"en-US\",\"@id\":\"https:\\\/\\\/webknjizara.hr\\\/proizvod\\\/controlling-u-sportskom-menadzmentu-tihomir-lukovic-uwe-lebefromm-alen-jerkunica\\\/#primaryimage\",\"url\":\"https:\\\/\\\/webknjizara.hr\\\/wp-content\\\/uploads\\\/2023\\\/10\\\/Tihomir_Lukovic_Controlling_u_sportskom_menadzmentu_webknjizara_redak_WEB_1411.jpg\",\"contentUrl\":\"https:\\\/\\\/webknjizara.hr\\\/wp-content\\\/uploads\\\/2023\\\/10\\\/Tihomir_Lukovic_Controlling_u_sportskom_menadzmentu_webknjizara_redak_WEB_1411.jpg\",\"width\":300,\"height\":419},{\"@type\":\"BreadcrumbList\",\"@id\":\"https:\\\/\\\/webknjizara.hr\\\/proizvod\\\/controlling-u-sportskom-menadzmentu-tihomir-lukovic-uwe-lebefromm-alen-jerkunica\\\/#breadcrumb\",\"itemListElement\":[{\"@type\":\"ListItem\",\"position\":1,\"name\":\"Po\u010detna stranica\",\"item\":\"https:\\\/\\\/webknjizara.hr\\\/en\\\/\"},{\"@type\":\"ListItem\",\"position\":2,\"name\":\"Shop\",\"item\":\"https:\\\/\\\/webknjizara.hr\\\/shop\\\/\"},{\"@type\":\"ListItem\",\"position\":3,\"name\":\"CONTROLLING U SPORTSKOM MENAD\u017dMENTU, Tihomir Lukovi\u0107, Uwe Lebefromm, Alen Jerkunica\"}]},{\"@type\":\"WebSite\",\"@id\":\"https:\\\/\\\/webknjizara.hr\\\/#website\",\"url\":\"https:\\\/\\\/webknjizara.hr\\\/\",\"name\":\"Web Knji\u017eara\",\"description\":\"\",\"publisher\":{\"@id\":\"https:\\\/\\\/webknjizara.hr\\\/#organization\"},\"potentialAction\":[{\"@type\":\"SearchAction\",\"target\":{\"@type\":\"EntryPoint\",\"urlTemplate\":\"https:\\\/\\\/webknjizara.hr\\\/?s={search_term_string}\"},\"query-input\":{\"@type\":\"PropertyValueSpecification\",\"valueRequired\":true,\"valueName\":\"search_term_string\"}}],\"inLanguage\":\"en-US\"},{\"@type\":\"Organization\",\"@id\":\"https:\\\/\\\/webknjizara.hr\\\/#organization\",\"name\":\"REDAK D.O.O.\",\"url\":\"https:\\\/\\\/webknjizara.hr\\\/\",\"logo\":{\"@type\":\"ImageObject\",\"inLanguage\":\"en-US\",\"@id\":\"https:\\\/\\\/webknjizara.hr\\\/#\\\/schema\\\/logo\\\/image\\\/\",\"url\":\"https:\\\/\\\/webknjizara.hr\\\/wp-content\\\/uploads\\\/2023\\\/01\\\/web-knjizara-logo.webp\",\"contentUrl\":\"https:\\\/\\\/webknjizara.hr\\\/wp-content\\\/uploads\\\/2023\\\/01\\\/web-knjizara-logo.webp\",\"width\":324,\"height\":79,\"caption\":\"REDAK D.O.O.\"},\"image\":{\"@id\":\"https:\\\/\\\/webknjizara.hr\\\/#\\\/schema\\\/logo\\\/image\\\/\"}}]}<\/script>\n<!-- \/ Yoast SEO plugin. -->","yoast_head_json":{"title":"CONTROLLING U SPORTSKOM MENAD\u017dMENTU, Tihomir Lukovi\u0107, Uwe Lebefromm, Alen Jerkunica - Web-knji\u017eara","robots":{"index":"index","follow":"follow","max-snippet":"max-snippet:-1","max-image-preview":"max-image-preview:large","max-video-preview":"max-video-preview:-1"},"canonical":"https:\/\/webknjizara.hr\/proizvod\/controlling-u-sportskom-menadzmentu-tihomir-lukovic-uwe-lebefromm-alen-jerkunica\/","og_locale":"en_US","og_type":"article","og_title":"CONTROLLING U SPORTSKOM MENAD\u017dMENTU, Tihomir Lukovi\u0107, Uwe Lebefromm, Alen Jerkunica - Web-knji\u017eara","og_description":"Sa\u017eetak knjige \u201eControlling u sportskom menad\u017ementu\u201c. Knjiga \u201eControlling u sportskom menad\u017ementu\u201c, grupe autora Tihomira Lukovi\u0107a, Uwe Lebefromma i Alena Jerkunice, po svemu je jedinstvena knjiga u Hrvatskoj, a i \u0161ire. Sportski menad\u017ement u svijetu obra\u0111uje se u mnogim knjigama, ali pristupi njegovoj obradi razli\u010diti su i prete\u017eno funkcionalni, \u0161to zna\u010di da jako malo radova sportskom [&hellip;]","og_url":"https:\/\/webknjizara.hr\/proizvod\/controlling-u-sportskom-menadzmentu-tihomir-lukovic-uwe-lebefromm-alen-jerkunica\/","og_site_name":"Web-knji\u017eara","article_modified_time":"2023-10-04T12:36:17+00:00","og_image":[{"width":300,"height":419,"url":"https:\/\/webknjizara.hr\/wp-content\/uploads\/2023\/10\/Tihomir_Lukovic_Controlling_u_sportskom_menadzmentu_webknjizara_redak_WEB_1411.jpg","type":"image\/jpeg"}],"twitter_card":"summary_large_image","twitter_misc":{"Est. reading time":"3 minutes"},"schema":{"@context":"https:\/\/schema.org","@graph":[{"@type":"WebPage","@id":"https:\/\/webknjizara.hr\/proizvod\/controlling-u-sportskom-menadzmentu-tihomir-lukovic-uwe-lebefromm-alen-jerkunica\/","url":"https:\/\/webknjizara.hr\/proizvod\/controlling-u-sportskom-menadzmentu-tihomir-lukovic-uwe-lebefromm-alen-jerkunica\/","name":"CONTROLLING U SPORTSKOM MENAD\u017dMENTU, Tihomir Lukovi\u0107, Uwe Lebefromm, Alen Jerkunica - Web-knji\u017eara","isPartOf":{"@id":"https:\/\/webknjizara.hr\/#website"},"primaryImageOfPage":{"@id":"https:\/\/webknjizara.hr\/proizvod\/controlling-u-sportskom-menadzmentu-tihomir-lukovic-uwe-lebefromm-alen-jerkunica\/#primaryimage"},"image":{"@id":"https:\/\/webknjizara.hr\/proizvod\/controlling-u-sportskom-menadzmentu-tihomir-lukovic-uwe-lebefromm-alen-jerkunica\/#primaryimage"},"thumbnailUrl":"https:\/\/webknjizara.hr\/wp-content\/uploads\/2023\/10\/Tihomir_Lukovic_Controlling_u_sportskom_menadzmentu_webknjizara_redak_WEB_1411.jpg","datePublished":"2023-10-04T12:36:16+00:00","dateModified":"2023-10-04T12:36:17+00:00","breadcrumb":{"@id":"https:\/\/webknjizara.hr\/proizvod\/controlling-u-sportskom-menadzmentu-tihomir-lukovic-uwe-lebefromm-alen-jerkunica\/#breadcrumb"},"inLanguage":"en-US","potentialAction":[{"@type":"ReadAction","target":["https:\/\/webknjizara.hr\/proizvod\/controlling-u-sportskom-menadzmentu-tihomir-lukovic-uwe-lebefromm-alen-jerkunica\/"]}]},{"@type":"ImageObject","inLanguage":"en-US","@id":"https:\/\/webknjizara.hr\/proizvod\/controlling-u-sportskom-menadzmentu-tihomir-lukovic-uwe-lebefromm-alen-jerkunica\/#primaryimage","url":"https:\/\/webknjizara.hr\/wp-content\/uploads\/2023\/10\/Tihomir_Lukovic_Controlling_u_sportskom_menadzmentu_webknjizara_redak_WEB_1411.jpg","contentUrl":"https:\/\/webknjizara.hr\/wp-content\/uploads\/2023\/10\/Tihomir_Lukovic_Controlling_u_sportskom_menadzmentu_webknjizara_redak_WEB_1411.jpg","width":300,"height":419},{"@type":"BreadcrumbList","@id":"https:\/\/webknjizara.hr\/proizvod\/controlling-u-sportskom-menadzmentu-tihomir-lukovic-uwe-lebefromm-alen-jerkunica\/#breadcrumb","itemListElement":[{"@type":"ListItem","position":1,"name":"Po\u010detna stranica","item":"https:\/\/webknjizara.hr\/en\/"},{"@type":"ListItem","position":2,"name":"Shop","item":"https:\/\/webknjizara.hr\/shop\/"},{"@type":"ListItem","position":3,"name":"CONTROLLING U SPORTSKOM MENAD\u017dMENTU, Tihomir Lukovi\u0107, Uwe Lebefromm, Alen Jerkunica"}]},{"@type":"WebSite","@id":"https:\/\/webknjizara.hr\/#website","url":"https:\/\/webknjizara.hr\/","name":"Web Knji\u017eara","description":"","publisher":{"@id":"https:\/\/webknjizara.hr\/#organization"},"potentialAction":[{"@type":"SearchAction","target":{"@type":"EntryPoint","urlTemplate":"https:\/\/webknjizara.hr\/?s={search_term_string}"},"query-input":{"@type":"PropertyValueSpecification","valueRequired":true,"valueName":"search_term_string"}}],"inLanguage":"en-US"},{"@type":"Organization","@id":"https:\/\/webknjizara.hr\/#organization","name":"REDAK D.O.O.","url":"https:\/\/webknjizara.hr\/","logo":{"@type":"ImageObject","inLanguage":"en-US","@id":"https:\/\/webknjizara.hr\/#\/schema\/logo\/image\/","url":"https:\/\/webknjizara.hr\/wp-content\/uploads\/2023\/01\/web-knjizara-logo.webp","contentUrl":"https:\/\/webknjizara.hr\/wp-content\/uploads\/2023\/01\/web-knjizara-logo.webp","width":324,"height":79,"caption":"REDAK D.O.O."},"image":{"@id":"https:\/\/webknjizara.hr\/#\/schema\/logo\/image\/"}}]}},"_links":{"self":[{"href":"https:\/\/webknjizara.hr\/en\/wp-json\/wp\/v2\/product\/15321","targetHints":{"allow":["GET"]}}],"collection":[{"href":"https:\/\/webknjizara.hr\/en\/wp-json\/wp\/v2\/product"}],"about":[{"href":"https:\/\/webknjizara.hr\/en\/wp-json\/wp\/v2\/types\/product"}],"replies":[{"embeddable":true,"href":"https:\/\/webknjizara.hr\/en\/wp-json\/wp\/v2\/comments?post=15321"}],"wp:featuredmedia":[{"embeddable":true,"href":"https:\/\/webknjizara.hr\/en\/wp-json\/wp\/v2\/media\/15322"}],"wp:attachment":[{"href":"https:\/\/webknjizara.hr\/en\/wp-json\/wp\/v2\/media?parent=15321"}],"wp:term":[{"taxonomy":"product_brand","embeddable":true,"href":"https:\/\/webknjizara.hr\/en\/wp-json\/wp\/v2\/product_brand?post=15321"},{"taxonomy":"product_cat","embeddable":true,"href":"https:\/\/webknjizara.hr\/en\/wp-json\/wp\/v2\/product_cat?post=15321"},{"taxonomy":"product_tag","embeddable":true,"href":"https:\/\/webknjizara.hr\/en\/wp-json\/wp\/v2\/product_tag?post=15321"}],"curies":[{"name":"wp","href":"https:\/\/api.w.org\/{rel}","templated":true}]}}