{"id":15205,"date":"2023-09-15T13:13:04","date_gmt":"2023-09-15T11:13:04","guid":{"rendered":"https:\/\/webknjizara.hr\/?post_type=product&#038;p=15205"},"modified":"2023-09-15T13:13:05","modified_gmt":"2023-09-15T11:13:05","slug":"moj-dzepni-svemir-vinko-breskovic","status":"publish","type":"product","link":"https:\/\/webknjizara.hr\/en\/proizvod\/moj-dzepni-svemir-vinko-breskovic\/","title":{"rendered":"MOJ D\u017dEPNI SVEMIR, Vinko Bre\u0161kovi\u0107"},"content":{"rendered":"<p>Moj d\u017eepni svemir je zbirka autobiografskih pri\u010da. Svih petnaest pri\u010da su opis fikcijskih doga\u0111aja u kojima je glavni junak Marko, pi\u0161\u010dev alter ego. Doga\u0111aji sviju pri\u010da su me\u0111usobno isprepleteni, iako se svaka mo\u017ee \u010ditati i odvojeno. Upoznat \u0107ete svijet vi\u0111en o\u010dima slijepog protagoniste.<\/p>\n<p>&nbsp;<\/p>\n<p><span style=\"font-family: Arial, sans-serif;\"><span lang=\"hr-HR\"><b>Bilje\u0161ka o autoru: <\/b><\/span><\/span><\/p>\n<p>Ro\u0111en 1956. u Bolu na Bra\u010du gdje je zavr\u0161io osnovnu \u0161kolu. Srednju \u0161kolu je poha\u0111ao u Splitu, a dalje \u0161kolovanje je nastavio u Beogradu gdje ga je \u017eivot stjecajem okolnosti odveo. Vra\u0107a se u Bol devedesetih gdje i danas \u017eivi. Dosad je objavio jednu, autobiografsku knjigu pod nazivom &#8221;Inventura \u017eivota&#8221;, a redovito objavljuje kolumnu &#8221;Mali bolski razgovori&#8221; na portalu Boljani info (https:\/\/www.boljani.info\/ )<\/p>\n<p><span style=\"font-family: Arial, sans-serif;\"><span lang=\"hr-HR\"><b>E-mail: <\/b><\/span><\/span><a href=\"MAILTO:breskovicv@gmail.com\" target=\"_blank\" rel=\"noopener\"><span style=\"color: #000000;\"><span style=\"font-family: Arial, sans-serif;\">Vinko Bre\u0161kovi\u0107<\/span><\/span><\/a><\/p>\n<p>&nbsp;<\/p>\n<p><strong><span style=\"font-family: Arial, sans-serif;\">Naslov: <\/span><\/strong><strong><span style=\"font-family: Arial, sans-serif;\">Moj d\u017eepni svemir<\/span><\/strong><span style=\"font-family: Arial, sans-serif;\"><br \/>\n<\/span><strong><span style=\"font-family: Arial, sans-serif;\">Autor:<\/span><\/strong><span style=\"font-family: Arial, sans-serif;\"> Vinko Bre\u0161kovi\u0107<br \/>\n<\/span><strong><span style=\"font-family: Arial, sans-serif;\">Broj stranica: <\/span><\/strong><span style=\"font-family: Arial, sans-serif;\"><span lang=\"\">156<\/span><\/span><span style=\"font-family: Arial, sans-serif;\"><br \/>\n<\/span><strong><span style=\"font-family: Arial, sans-serif;\">Nakladnik: <\/span><\/strong><strong><span style=\"font-family: Arial, sans-serif;\">REDAK<\/span><\/strong><span style=\"font-family: Arial, sans-serif;\"><br \/>\n<\/span><strong><span style=\"font-family: Arial, sans-serif;\">Godina izdanja: <\/span><\/strong><strong><span style=\"font-family: Arial, sans-serif;\">2023.<br \/>\n<\/span><\/strong><strong><span style=\"font-family: Arial, sans-serif;\">ISBN:<\/span><\/strong><span style=\"font-family: Arial, sans-serif;\"> 978-953-336-959-4<br \/>\n<\/span><strong><span style=\"font-family: Arial, sans-serif;\">Tisak:<\/span><\/strong><span style=\"font-family: Arial, sans-serif;\"> digitalni tisak knjiga &#8211; print na zahtjev<\/span><\/p>\n","protected":false},"excerpt":{"rendered":"<p>Moj d\u017eepni svemir je zbirka autobiografskih pri\u010da. Svih petnaest pri\u010da su opis fikcijskih doga\u0111aja u kojima je glavni junak Marko, pi\u0161\u010dev alter ego. Doga\u0111aji sviju pri\u010da su me\u0111usobno isprepleteni, iako se svaka mo\u017ee \u010ditati i odvojeno. Upoznat \u0107ete svijet vi\u0111en o\u010dima slijepog protagoniste. &nbsp; Bilje\u0161ka o autoru: Ro\u0111en 1956. u Bolu na Bra\u010du gdje je [&hellip;]<\/p>\n","protected":false},"featured_media":15207,"comment_status":"open","ping_status":"closed","template":"","meta":{"_acf_changed":false},"product_brand":[],"product_cat":[1607],"product_tag":[],"class_list":{"0":"post-15205","1":"product","2":"type-product","3":"status-publish","4":"has-post-thumbnail","6":"product_cat-proza","7":"pa_autor-vinko-breskovic","8":"pa_nakladnik-redak","10":"first","11":"instock","12":"shipping-taxable","13":"purchasable","14":"product-type-simple"},"acf":[],"yoast_head":"<!-- This site is optimized with the Yoast SEO plugin v27.3 - https:\/\/yoast.com\/product\/yoast-seo-wordpress\/ -->\n<title>MOJ D\u017dEPNI SVEMIR, Vinko Bre\u0161kovi\u0107 - Web-knji\u017eara<\/title>\n<meta name=\"robots\" content=\"index, follow, max-snippet:-1, max-image-preview:large, max-video-preview:-1\" \/>\n<link rel=\"canonical\" href=\"https:\/\/webknjizara.hr\/proizvod\/moj-dzepni-svemir-vinko-breskovic\/\" \/>\n<meta property=\"og:locale\" content=\"en_US\" \/>\n<meta property=\"og:type\" content=\"article\" \/>\n<meta property=\"og:title\" content=\"MOJ D\u017dEPNI SVEMIR, Vinko Bre\u0161kovi\u0107 - Web-knji\u017eara\" \/>\n<meta property=\"og:description\" content=\"Moj d\u017eepni svemir je zbirka autobiografskih pri\u010da. Svih petnaest pri\u010da su opis fikcijskih doga\u0111aja u kojima je glavni junak Marko, pi\u0161\u010dev alter ego. Doga\u0111aji sviju pri\u010da su me\u0111usobno isprepleteni, iako se svaka mo\u017ee \u010ditati i odvojeno. Upoznat \u0107ete svijet vi\u0111en o\u010dima slijepog protagoniste. &nbsp; Bilje\u0161ka o autoru: Ro\u0111en 1956. u Bolu na Bra\u010du gdje je [&hellip;]\" \/>\n<meta property=\"og:url\" content=\"https:\/\/webknjizara.hr\/proizvod\/moj-dzepni-svemir-vinko-breskovic\/\" \/>\n<meta property=\"og:site_name\" content=\"Web-knji\u017eara\" \/>\n<meta property=\"article:modified_time\" content=\"2023-09-15T11:13:05+00:00\" \/>\n<meta property=\"og:image\" content=\"https:\/\/webknjizara.hr\/wp-content\/uploads\/2023\/09\/Vinko_Breskovic_Moj_dzepni_svemir_webknjizara_redak_WEB_1476.jpg\" \/>\n\t<meta property=\"og:image:width\" content=\"300\" \/>\n\t<meta property=\"og:image:height\" content=\"419\" \/>\n\t<meta property=\"og:image:type\" content=\"image\/jpeg\" \/>\n<meta name=\"twitter:card\" content=\"summary_large_image\" \/>\n<meta name=\"twitter:label1\" content=\"Est. reading time\" \/>\n\t<meta name=\"twitter:data1\" content=\"1 minute\" \/>\n<script type=\"application\/ld+json\" class=\"yoast-schema-graph\">{\"@context\":\"https:\\\/\\\/schema.org\",\"@graph\":[{\"@type\":\"WebPage\",\"@id\":\"https:\\\/\\\/webknjizara.hr\\\/proizvod\\\/moj-dzepni-svemir-vinko-breskovic\\\/\",\"url\":\"https:\\\/\\\/webknjizara.hr\\\/proizvod\\\/moj-dzepni-svemir-vinko-breskovic\\\/\",\"name\":\"MOJ D\u017dEPNI SVEMIR, Vinko Bre\u0161kovi\u0107 - Web-knji\u017eara\",\"isPartOf\":{\"@id\":\"https:\\\/\\\/webknjizara.hr\\\/#website\"},\"primaryImageOfPage\":{\"@id\":\"https:\\\/\\\/webknjizara.hr\\\/proizvod\\\/moj-dzepni-svemir-vinko-breskovic\\\/#primaryimage\"},\"image\":{\"@id\":\"https:\\\/\\\/webknjizara.hr\\\/proizvod\\\/moj-dzepni-svemir-vinko-breskovic\\\/#primaryimage\"},\"thumbnailUrl\":\"https:\\\/\\\/webknjizara.hr\\\/wp-content\\\/uploads\\\/2023\\\/09\\\/Vinko_Breskovic_Moj_dzepni_svemir_webknjizara_redak_WEB_1476.jpg\",\"datePublished\":\"2023-09-15T11:13:04+00:00\",\"dateModified\":\"2023-09-15T11:13:05+00:00\",\"breadcrumb\":{\"@id\":\"https:\\\/\\\/webknjizara.hr\\\/proizvod\\\/moj-dzepni-svemir-vinko-breskovic\\\/#breadcrumb\"},\"inLanguage\":\"en-US\",\"potentialAction\":[{\"@type\":\"ReadAction\",\"target\":[\"https:\\\/\\\/webknjizara.hr\\\/proizvod\\\/moj-dzepni-svemir-vinko-breskovic\\\/\"]}]},{\"@type\":\"ImageObject\",\"inLanguage\":\"en-US\",\"@id\":\"https:\\\/\\\/webknjizara.hr\\\/proizvod\\\/moj-dzepni-svemir-vinko-breskovic\\\/#primaryimage\",\"url\":\"https:\\\/\\\/webknjizara.hr\\\/wp-content\\\/uploads\\\/2023\\\/09\\\/Vinko_Breskovic_Moj_dzepni_svemir_webknjizara_redak_WEB_1476.jpg\",\"contentUrl\":\"https:\\\/\\\/webknjizara.hr\\\/wp-content\\\/uploads\\\/2023\\\/09\\\/Vinko_Breskovic_Moj_dzepni_svemir_webknjizara_redak_WEB_1476.jpg\",\"width\":300,\"height\":419},{\"@type\":\"BreadcrumbList\",\"@id\":\"https:\\\/\\\/webknjizara.hr\\\/proizvod\\\/moj-dzepni-svemir-vinko-breskovic\\\/#breadcrumb\",\"itemListElement\":[{\"@type\":\"ListItem\",\"position\":1,\"name\":\"Po\u010detna stranica\",\"item\":\"https:\\\/\\\/webknjizara.hr\\\/en\\\/\"},{\"@type\":\"ListItem\",\"position\":2,\"name\":\"Shop\",\"item\":\"https:\\\/\\\/webknjizara.hr\\\/shop\\\/\"},{\"@type\":\"ListItem\",\"position\":3,\"name\":\"MOJ D\u017dEPNI SVEMIR, Vinko Bre\u0161kovi\u0107\"}]},{\"@type\":\"WebSite\",\"@id\":\"https:\\\/\\\/webknjizara.hr\\\/#website\",\"url\":\"https:\\\/\\\/webknjizara.hr\\\/\",\"name\":\"Web Knji\u017eara\",\"description\":\"\",\"publisher\":{\"@id\":\"https:\\\/\\\/webknjizara.hr\\\/#organization\"},\"potentialAction\":[{\"@type\":\"SearchAction\",\"target\":{\"@type\":\"EntryPoint\",\"urlTemplate\":\"https:\\\/\\\/webknjizara.hr\\\/?s={search_term_string}\"},\"query-input\":{\"@type\":\"PropertyValueSpecification\",\"valueRequired\":true,\"valueName\":\"search_term_string\"}}],\"inLanguage\":\"en-US\"},{\"@type\":\"Organization\",\"@id\":\"https:\\\/\\\/webknjizara.hr\\\/#organization\",\"name\":\"REDAK D.O.O.\",\"url\":\"https:\\\/\\\/webknjizara.hr\\\/\",\"logo\":{\"@type\":\"ImageObject\",\"inLanguage\":\"en-US\",\"@id\":\"https:\\\/\\\/webknjizara.hr\\\/#\\\/schema\\\/logo\\\/image\\\/\",\"url\":\"https:\\\/\\\/webknjizara.hr\\\/wp-content\\\/uploads\\\/2023\\\/01\\\/web-knjizara-logo.webp\",\"contentUrl\":\"https:\\\/\\\/webknjizara.hr\\\/wp-content\\\/uploads\\\/2023\\\/01\\\/web-knjizara-logo.webp\",\"width\":324,\"height\":79,\"caption\":\"REDAK D.O.O.\"},\"image\":{\"@id\":\"https:\\\/\\\/webknjizara.hr\\\/#\\\/schema\\\/logo\\\/image\\\/\"}}]}<\/script>\n<!-- \/ Yoast SEO plugin. -->","yoast_head_json":{"title":"MOJ D\u017dEPNI SVEMIR, Vinko Bre\u0161kovi\u0107 - Web-knji\u017eara","robots":{"index":"index","follow":"follow","max-snippet":"max-snippet:-1","max-image-preview":"max-image-preview:large","max-video-preview":"max-video-preview:-1"},"canonical":"https:\/\/webknjizara.hr\/proizvod\/moj-dzepni-svemir-vinko-breskovic\/","og_locale":"en_US","og_type":"article","og_title":"MOJ D\u017dEPNI SVEMIR, Vinko Bre\u0161kovi\u0107 - Web-knji\u017eara","og_description":"Moj d\u017eepni svemir je zbirka autobiografskih pri\u010da. Svih petnaest pri\u010da su opis fikcijskih doga\u0111aja u kojima je glavni junak Marko, pi\u0161\u010dev alter ego. Doga\u0111aji sviju pri\u010da su me\u0111usobno isprepleteni, iako se svaka mo\u017ee \u010ditati i odvojeno. Upoznat \u0107ete svijet vi\u0111en o\u010dima slijepog protagoniste. &nbsp; Bilje\u0161ka o autoru: Ro\u0111en 1956. u Bolu na Bra\u010du gdje je [&hellip;]","og_url":"https:\/\/webknjizara.hr\/proizvod\/moj-dzepni-svemir-vinko-breskovic\/","og_site_name":"Web-knji\u017eara","article_modified_time":"2023-09-15T11:13:05+00:00","og_image":[{"width":300,"height":419,"url":"https:\/\/webknjizara.hr\/wp-content\/uploads\/2023\/09\/Vinko_Breskovic_Moj_dzepni_svemir_webknjizara_redak_WEB_1476.jpg","type":"image\/jpeg"}],"twitter_card":"summary_large_image","twitter_misc":{"Est. reading time":"1 minute"},"schema":{"@context":"https:\/\/schema.org","@graph":[{"@type":"WebPage","@id":"https:\/\/webknjizara.hr\/proizvod\/moj-dzepni-svemir-vinko-breskovic\/","url":"https:\/\/webknjizara.hr\/proizvod\/moj-dzepni-svemir-vinko-breskovic\/","name":"MOJ D\u017dEPNI SVEMIR, Vinko Bre\u0161kovi\u0107 - Web-knji\u017eara","isPartOf":{"@id":"https:\/\/webknjizara.hr\/#website"},"primaryImageOfPage":{"@id":"https:\/\/webknjizara.hr\/proizvod\/moj-dzepni-svemir-vinko-breskovic\/#primaryimage"},"image":{"@id":"https:\/\/webknjizara.hr\/proizvod\/moj-dzepni-svemir-vinko-breskovic\/#primaryimage"},"thumbnailUrl":"https:\/\/webknjizara.hr\/wp-content\/uploads\/2023\/09\/Vinko_Breskovic_Moj_dzepni_svemir_webknjizara_redak_WEB_1476.jpg","datePublished":"2023-09-15T11:13:04+00:00","dateModified":"2023-09-15T11:13:05+00:00","breadcrumb":{"@id":"https:\/\/webknjizara.hr\/proizvod\/moj-dzepni-svemir-vinko-breskovic\/#breadcrumb"},"inLanguage":"en-US","potentialAction":[{"@type":"ReadAction","target":["https:\/\/webknjizara.hr\/proizvod\/moj-dzepni-svemir-vinko-breskovic\/"]}]},{"@type":"ImageObject","inLanguage":"en-US","@id":"https:\/\/webknjizara.hr\/proizvod\/moj-dzepni-svemir-vinko-breskovic\/#primaryimage","url":"https:\/\/webknjizara.hr\/wp-content\/uploads\/2023\/09\/Vinko_Breskovic_Moj_dzepni_svemir_webknjizara_redak_WEB_1476.jpg","contentUrl":"https:\/\/webknjizara.hr\/wp-content\/uploads\/2023\/09\/Vinko_Breskovic_Moj_dzepni_svemir_webknjizara_redak_WEB_1476.jpg","width":300,"height":419},{"@type":"BreadcrumbList","@id":"https:\/\/webknjizara.hr\/proizvod\/moj-dzepni-svemir-vinko-breskovic\/#breadcrumb","itemListElement":[{"@type":"ListItem","position":1,"name":"Po\u010detna stranica","item":"https:\/\/webknjizara.hr\/en\/"},{"@type":"ListItem","position":2,"name":"Shop","item":"https:\/\/webknjizara.hr\/shop\/"},{"@type":"ListItem","position":3,"name":"MOJ D\u017dEPNI SVEMIR, Vinko Bre\u0161kovi\u0107"}]},{"@type":"WebSite","@id":"https:\/\/webknjizara.hr\/#website","url":"https:\/\/webknjizara.hr\/","name":"Web Knji\u017eara","description":"","publisher":{"@id":"https:\/\/webknjizara.hr\/#organization"},"potentialAction":[{"@type":"SearchAction","target":{"@type":"EntryPoint","urlTemplate":"https:\/\/webknjizara.hr\/?s={search_term_string}"},"query-input":{"@type":"PropertyValueSpecification","valueRequired":true,"valueName":"search_term_string"}}],"inLanguage":"en-US"},{"@type":"Organization","@id":"https:\/\/webknjizara.hr\/#organization","name":"REDAK D.O.O.","url":"https:\/\/webknjizara.hr\/","logo":{"@type":"ImageObject","inLanguage":"en-US","@id":"https:\/\/webknjizara.hr\/#\/schema\/logo\/image\/","url":"https:\/\/webknjizara.hr\/wp-content\/uploads\/2023\/01\/web-knjizara-logo.webp","contentUrl":"https:\/\/webknjizara.hr\/wp-content\/uploads\/2023\/01\/web-knjizara-logo.webp","width":324,"height":79,"caption":"REDAK D.O.O."},"image":{"@id":"https:\/\/webknjizara.hr\/#\/schema\/logo\/image\/"}}]}},"_links":{"self":[{"href":"https:\/\/webknjizara.hr\/en\/wp-json\/wp\/v2\/product\/15205","targetHints":{"allow":["GET"]}}],"collection":[{"href":"https:\/\/webknjizara.hr\/en\/wp-json\/wp\/v2\/product"}],"about":[{"href":"https:\/\/webknjizara.hr\/en\/wp-json\/wp\/v2\/types\/product"}],"replies":[{"embeddable":true,"href":"https:\/\/webknjizara.hr\/en\/wp-json\/wp\/v2\/comments?post=15205"}],"wp:featuredmedia":[{"embeddable":true,"href":"https:\/\/webknjizara.hr\/en\/wp-json\/wp\/v2\/media\/15207"}],"wp:attachment":[{"href":"https:\/\/webknjizara.hr\/en\/wp-json\/wp\/v2\/media?parent=15205"}],"wp:term":[{"taxonomy":"product_brand","embeddable":true,"href":"https:\/\/webknjizara.hr\/en\/wp-json\/wp\/v2\/product_brand?post=15205"},{"taxonomy":"product_cat","embeddable":true,"href":"https:\/\/webknjizara.hr\/en\/wp-json\/wp\/v2\/product_cat?post=15205"},{"taxonomy":"product_tag","embeddable":true,"href":"https:\/\/webknjizara.hr\/en\/wp-json\/wp\/v2\/product_tag?post=15205"}],"curies":[{"name":"wp","href":"https:\/\/api.w.org\/{rel}","templated":true}]}}