{"id":15037,"date":"2023-08-17T12:01:58","date_gmt":"2023-08-17T10:01:58","guid":{"rendered":"https:\/\/webknjizara.hr\/?post_type=product&#038;p=15037"},"modified":"2023-08-17T12:01:59","modified_gmt":"2023-08-17T10:01:59","slug":"racunovodstvo-banaka-grupa-autora","status":"publish","type":"product","link":"https:\/\/webknjizara.hr\/en\/proizvod\/racunovodstvo-banaka-grupa-autora\/","title":{"rendered":"RA\u010cUNOVODSTVO BANAKA, Grupa autora"},"content":{"rendered":"<p>Knjiga \u201eRa\u010dunovodstvo banaka\u201c sastoji se od pet dijelova kojima se na jednostavan na\u010din prezentiraju tehnike i specifi\u010dnosti ra\u010dunovodstva banaka. Prvi dio bavi se pojmovnim odre\u0111enjem i vrstama kreditnih institucija. Drugi dio uvodi \u010ditatelje u svijet ra\u010dunovodstva banaka. U tre\u0107em dijelu knjige prikazan je kontni plan za banke, a u \u010detvrtom su navedeni brojni primjeri knji\u017eenja poslovnih doga\u0111aja u bankama. Iznosi u tim primjerima iskazani su u eurima s obzirom na to da je ta nov\u010dana jedinica zamijenila kunu i od 1. sije\u010dnja 2023. zakonsko je sredstvo pla\u0107anja u Republici Hrvatskoj. Posljednji, peti dio knjige prikazuje financijske izvje\u0161taje banaka.<\/p>\n<p>&nbsp;<\/p>\n<p align=\"JUSTIFY\"><span style=\"font-family: Arial, sans-serif;\"><span lang=\"hr-HR\"><b>Bilje\u0161ka o autorima: <\/b><\/span><\/span><\/p>\n<p align=\"JUSTIFY\"><span style=\"color: #000000;\"><b>Prof. dr. sc. Ivica Filipovi\u0107<\/b><\/span><span style=\"color: #000000;\"> ro\u0111en je 9. o\u017eujka 1960. Zavr\u0161io je 1982. Ekonomski fakultet u Sarajevu. Na tom je fakultetu 1992. zavr\u0161io poslijediplomski studij. Doktorsku disertaciju pod naslovom \u201eOblikovanje ra\u010dunovodstvenog modela informacija za procjenu boniteta i dono\u0161enje odluka u me\u0111uovisnim poslovnim sustavima\u201c obranio je na Ekonomskom fakultetu Sveu\u010dili\u0161ta u Splitu 7. prosinca 2007., \u010dime je stekao akademski stupanj doktora znanosti. Mati\u010dni broj iz Upisnika znanstvenika je 292690.<\/span><\/p>\n<p align=\"JUSTIFY\"><span style=\"color: #000000;\">Od 1. listopada 1982., kada je zasnovao prvi radni odnos, do danas obavljao je sljede\u0107e poslove: financijski knjigovo\u0111a, referent za plan i analizu, rukovoditelj financijskog sektora, direktor OOUR-a, pomo\u0107nik direktora RO za ekonomsko-financijske poslove, financijski direktor, pomo\u0107nik ministra unutarnjih poslova Republike Bosne i Hercegovine za materijalno-financijske poslove, direktor financijsko-knjigovodstvenih poslova u trgovinsko-proizvodnom dioni\u010dkom dru\u0161tvu, direktor direkcije ra\u010dunovodstvenih, plansko-analiti\u010dkih i informati\u010dkih poslova u banci, \u010dlan uprave banke, predsjednik uprave banke, ovla\u0161teni revizor, direktor revizorskog dru\u0161tva i nastavnik na Sveu\u010dili\u0161tu u Splitu. Od 2. travnja 2016. zaposlen je na Sveu\u010dili\u0161tu u Splitu, Sveu\u010dili\u0161nom odjelu za forenzi\u010dne znanosti gdje se danas nalazi na radnom mjestu redovitog profesora. Na toj sastavnici Sveu\u010dili\u0161ta u Splitu od 1. travnja do 30. rujna 2017. vr\u0161io je du\u017enost pro\u010delnika, a od 1. listopada 2017. do 30. rujna 2020. bio je njezin pro\u010delnik. Ovla\u0161teni je revizor, ovla\u0161teni ra\u010dunovodstveni forenzi\u010dar i stalni sudski vje\u0161tak za financije i ra\u010dunovodstvo.<\/span><\/p>\n<p align=\"JUSTIFY\"><span style=\"color: #000000;\">Na Sveu\u010dili\u0161tu u Splitu, Sveu\u010dili\u0161nom odjelu za forenzi\u010dne znanosti nositelj je odnosno sunositelj sljede\u0107ih kolegija: Ra\u010dunovodstvo banaka, Revizija, Financijsko-ra\u010dunovodstveno vje\u0161ta\u010denje, Platni promet, Financijsko restrukturiranje i sanacija poslovnih subjekata. Autor je odnosno koautor vi\u0161e od 60 znanstvenih i stru\u010dnih radova. Dobitnik je vi\u0161e priznanja za svoj znanstveni i stru\u010dni doprinos.<\/span><\/p>\n<p align=\"JUSTIFY\"><b>Doc. dr. sc. Toni \u0160u\u0161ak<\/b> ro\u0111en je 8. o\u017eujka 1991. Srednju Ekonomsko-birotehni\u010dku \u0161kolu u Splitu zavr\u0161io je 2009. s odli\u010dnim uspjehom. Na Ekonomskom fakultetu u Splitu 2014. stekao je akademski naziv magistar ekonomije. Na Pravnom fakultetu u Splitu 2018. stekao je akademski naziv magistar prava. Doktorsku disertaciju &#8220;Povezanost internih mehanizama nadzora i kvalitete nerevidiranih financijskih izvje\u0161taja&#8221; obranio je 2021. na Ekonomskom fakultetu u Splitu. M<span style=\"color: #000000;\">ati\u010dni broj iz Upisnika znanstvenika je 364923.<\/span><\/p>\n<p align=\"JUSTIFY\">Zaposlen je na Sveu\u010dili\u0161tu u Splitu, Sveu\u010dili\u0161nom odjelu za forenzi\u010dne znanosti gdje pri Katedri za ekonomske znanosti u forenzici izvodi nastavu iz financijsko-ra\u010dunovodstveno kolegija. Nositelj je kolegija &#8220;Financijsko ra\u010dunovodstvo u forenzi\u010dnim znanostima&#8221;, &#8220;Informacijski sustavi u ra\u010dunovodstvu&#8221; i &#8220;Korporativno upravljanje&#8221;. Suradnik je na kolegijima &#8220;Revizija&#8221;, &#8220;Korporacijsko izvje\u0161tavanje&#8221;, &#8220;Forenzi\u010dno ra\u010dunovodstvo I&#8221;, &#8220;Financijsko restrukturiranje i sanacija poslovnih subjekata&#8221;, &#8220;Financijsko-ra\u010dunovodstveno vje\u0161ta\u010denje&#8221;, &#8220;Interna kontrola i revizija&#8221;, &#8220;Porezni sustavi&#8221;, &#8220;Forenzika u bankarstvu i osiguranju&#8221;, &#8220;Platni promet&#8221;, &#8220;Osnove ekonomije u forenzi\u010dnim znanostima&#8221; i &#8220;Uvod u znanstvenu metodologiju i statistiku&#8221;. Autor je preko 40 znanstvenih i stru\u010dnih radova.<\/p>\n<p align=\"JUSTIFY\">Dobitnik je Nagrade rektora Sveu\u010dili\u0161ta u Splitu, Nagrade dekana Ekonomskog fakulteta u Splitu, \u017dupanijske nagrade studenticama i studentima Splitsko-dalmatinske \u017eupanije s prosjekom 5,0 i Nagrade dekana Ekonomskog fakulteta u Splitu za izniman uspjeh postignut na doktorskom studiju Ekonomije i Poslovne ekonomije.<\/p>\n<p align=\"JUSTIFY\"><span style=\"color: #000000;\"><b>Doc. dr. sc. Mario Filipovi\u0107<\/b><\/span><span style=\"color: #000000;\"> ro\u0111en je 27. lipnja 1988. U Splitu je zavr\u0161io srednju Ekonomsko\u2013birotehni\u010dku \u0161kolu, specijalisti\u010dki diplomski stru\u010dni studij \u201eTrgovinsko poslovanje\u201c te diplomski sveu\u010dili\u0161ni studij \u201eForenzika\u201c. Na Ekonomskom fakultetu Sveu\u010dili\u0161ta \u201eJosipa Jurja Strossmayera\u201c u Osijeku zavr\u0161io je poslijediplomski specijalisti\u010dki studij \u201eOrganizacija i management\u201c i poslijediplomski sveu\u010dili\u0161ni studij \u201eManagement\u201c. Na tom je fakultetu 31. svibnja 2019. obranio doktorsku disertaciju pod naslovom \u201eModeliranje odnosa revizije i upravlja\u010dkih struktura u kreditnim institucijama\u201c. Mati\u010dni broj iz Upisnika znanstvenika je 377014. <\/span><\/p>\n<p align=\"JUSTIFY\"><span style=\"color: #000000;\">U revizorskom dru\u0161tvu Fimar d. o. o., Split od o\u017eujka 2008. do studenoga 2010. obavljao je poslove financijskog knjigovo\u0111e, nakon \u010dega je do rujna 2012. obavljao samostalnu profesionalnu djelatnost. Poslije toga je u revizorskom dru\u0161tvu Fimar d. o. o., Split do 31. kolovoza 2018. obavljao poslove asistenta ovla\u0161tenog revizora i ovla\u0161tenog revizora. Osim toga, u tom je revizorskom dru\u0161tvu od 14. kolovoza 2018. do 31. kolovoza 2019. obna\u0161ao du\u017enost \u010dlana uprave. Od 1. rujna 2019. do 20. listopada 2021. obna\u0161ao je du\u017enost \u010dlana uprave BDO Croatia d. o. o. za pru\u017eanje revizorskih, konzalting i ra\u010dunovodstvenih usluga, Zagreb. Od 10. svibnja 2022. do danas obna\u0161a du\u017enost \u010dlana uprave SFAI CROATIA d. o. o. za revizijske poslove, Split. Od 2016. ima certifikate ovla\u0161tenog revizora i ovla\u0161tenog ra\u010dunovo\u0111e.<\/span><\/p>\n<p><span style=\"color: #000000;\">Na Pomorskom fakultetu Sveu\u010dili\u0161ta u Splitu zaposlen je od 1. listopada 2021. na radnom mjestu docent. Od ak. god. 2021.\/2022. na Pomorskom fakultetu Sveu\u010dili\u0161ta u Splitu izvodio je, odnosno izvodi nastavu kao nositelj na sljede\u0107im kolegijima: \u201eRa\u010dunovodstvo i financije I\u201c, \u201eRa\u010dunovodstvo i financije II\u201c, \u201ePomorsko tr\u017ei\u0161te\u201c, \u201eLogisti\u010dki sustavi u prometu\u201c, \u201eUpravljanje poslovnim procesima\u201c i \u201eRa\u010dunovodstvo, porezi i financije\u201c. Autor je odnosno koautor deset objavljenih znanstvenih radova.<\/span><\/p>\n<p><span style=\"font-family: Arial, sans-serif;\"><span lang=\"hr-HR\"><b>E-mail: <\/b><\/span><\/span><a href=\"MAILTO:ivica.filipovic@forenzika.unist.hr\" target=\"_blank\" rel=\"noopener\"><span style=\"color: #000000;\">Kontakt autora<\/span><\/a><\/p>\n<p>&nbsp;<\/p>\n<p><strong><span style=\"font-family: Arial, sans-serif;\">Naslov: <\/span><\/strong><strong><span style=\"font-family: Arial, sans-serif;\">Ra\u010dunovodstvo banaka<\/span><\/strong><span style=\"font-family: Arial, sans-serif;\"><br \/>\n<\/span><strong><span style=\"font-family: Arial, sans-serif;\">Autori:<\/span><\/strong><span style=\"font-family: Arial, sans-serif;\"> Ivica Filipovi\u0107, Toni \u0160u\u0161ak, Mario Filipovi\u0107<br \/>\n<\/span><strong><span style=\"font-family: Arial, sans-serif;\">Broj stranica: <\/span><\/strong><span style=\"font-family: Arial, sans-serif;\"><span lang=\"\">226<\/span><\/span><span style=\"font-family: Arial, sans-serif;\"><br \/>\n<\/span><strong><span style=\"font-family: Arial, sans-serif;\">Nakladnik: <\/span><\/strong><strong><span style=\"font-family: Arial, sans-serif;\">REDAK<\/span><\/strong><span style=\"font-family: Arial, sans-serif;\"><br \/>\n<\/span><strong><span style=\"font-family: Arial, sans-serif;\">Godina izdanja: <\/span><\/strong><strong><span style=\"font-family: Arial, sans-serif;\">2023.<br \/>\n<\/span><\/strong><strong><span style=\"font-family: Arial, sans-serif;\">ISBN:<\/span><\/strong><span style=\"font-family: Arial, sans-serif;\"> 978-953-336-932-7<br \/>\n<\/span><strong><span style=\"font-family: Arial, sans-serif;\">Tisak:<\/span><\/strong><span style=\"font-family: Arial, sans-serif;\"> digitalni tisak knjiga &#8211; print na zahtjev<\/span><\/p>\n","protected":false},"excerpt":{"rendered":"<p>Knjiga \u201eRa\u010dunovodstvo banaka\u201c sastoji se od pet dijelova kojima se na jednostavan na\u010din prezentiraju tehnike i specifi\u010dnosti ra\u010dunovodstva banaka. Prvi dio bavi se pojmovnim odre\u0111enjem i vrstama kreditnih institucija. Drugi dio uvodi \u010ditatelje u svijet ra\u010dunovodstva banaka. U tre\u0107em dijelu knjige prikazan je kontni plan za banke, a u \u010detvrtom su navedeni brojni primjeri knji\u017eenja [&hellip;]<\/p>\n","protected":false},"featured_media":15038,"comment_status":"open","ping_status":"closed","template":"","meta":{"_acf_changed":false},"product_brand":[],"product_cat":[1527],"product_tag":[],"class_list":{"0":"post-15037","1":"product","2":"type-product","3":"status-publish","4":"has-post-thumbnail","6":"product_cat-sveucilisni-udzbenici","7":"pa_autor-grupa-autora","8":"pa_nakladnik-redak","10":"first","11":"instock","12":"shipping-taxable","13":"purchasable","14":"product-type-simple"},"acf":[],"yoast_head":"<!-- This site is optimized with the Yoast SEO plugin v27.3 - https:\/\/yoast.com\/product\/yoast-seo-wordpress\/ -->\n<title>RA\u010cUNOVODSTVO BANAKA, Grupa autora - Web-knji\u017eara<\/title>\n<meta name=\"robots\" content=\"index, follow, max-snippet:-1, max-image-preview:large, max-video-preview:-1\" \/>\n<link rel=\"canonical\" href=\"https:\/\/webknjizara.hr\/proizvod\/racunovodstvo-banaka-grupa-autora\/\" \/>\n<meta property=\"og:locale\" content=\"en_US\" \/>\n<meta property=\"og:type\" content=\"article\" \/>\n<meta property=\"og:title\" content=\"RA\u010cUNOVODSTVO BANAKA, Grupa autora - Web-knji\u017eara\" \/>\n<meta property=\"og:description\" content=\"Knjiga \u201eRa\u010dunovodstvo banaka\u201c sastoji se od pet dijelova kojima se na jednostavan na\u010din prezentiraju tehnike i specifi\u010dnosti ra\u010dunovodstva banaka. Prvi dio bavi se pojmovnim odre\u0111enjem i vrstama kreditnih institucija. Drugi dio uvodi \u010ditatelje u svijet ra\u010dunovodstva banaka. U tre\u0107em dijelu knjige prikazan je kontni plan za banke, a u \u010detvrtom su navedeni brojni primjeri knji\u017eenja [&hellip;]\" \/>\n<meta property=\"og:url\" content=\"https:\/\/webknjizara.hr\/proizvod\/racunovodstvo-banaka-grupa-autora\/\" \/>\n<meta property=\"og:site_name\" content=\"Web-knji\u017eara\" \/>\n<meta property=\"article:modified_time\" content=\"2023-08-17T10:01:59+00:00\" \/>\n<meta property=\"og:image\" content=\"https:\/\/webknjizara.hr\/wp-content\/uploads\/2023\/08\/Ivica_Filipovic_Toni_Susak_Mario_Filipovic_Racunovodstvo_banaka_webknjizara_redak_WEB_1435.jpg\" \/>\n\t<meta property=\"og:image:width\" content=\"300\" \/>\n\t<meta property=\"og:image:height\" content=\"419\" \/>\n\t<meta property=\"og:image:type\" content=\"image\/jpeg\" \/>\n<meta name=\"twitter:card\" content=\"summary_large_image\" \/>\n<meta name=\"twitter:label1\" content=\"Est. reading time\" \/>\n\t<meta name=\"twitter:data1\" content=\"5 minutes\" \/>\n<script type=\"application\/ld+json\" class=\"yoast-schema-graph\">{\"@context\":\"https:\\\/\\\/schema.org\",\"@graph\":[{\"@type\":\"WebPage\",\"@id\":\"https:\\\/\\\/webknjizara.hr\\\/proizvod\\\/racunovodstvo-banaka-grupa-autora\\\/\",\"url\":\"https:\\\/\\\/webknjizara.hr\\\/proizvod\\\/racunovodstvo-banaka-grupa-autora\\\/\",\"name\":\"RA\u010cUNOVODSTVO BANAKA, Grupa autora - Web-knji\u017eara\",\"isPartOf\":{\"@id\":\"https:\\\/\\\/webknjizara.hr\\\/#website\"},\"primaryImageOfPage\":{\"@id\":\"https:\\\/\\\/webknjizara.hr\\\/proizvod\\\/racunovodstvo-banaka-grupa-autora\\\/#primaryimage\"},\"image\":{\"@id\":\"https:\\\/\\\/webknjizara.hr\\\/proizvod\\\/racunovodstvo-banaka-grupa-autora\\\/#primaryimage\"},\"thumbnailUrl\":\"https:\\\/\\\/webknjizara.hr\\\/wp-content\\\/uploads\\\/2023\\\/08\\\/Ivica_Filipovic_Toni_Susak_Mario_Filipovic_Racunovodstvo_banaka_webknjizara_redak_WEB_1435.jpg\",\"datePublished\":\"2023-08-17T10:01:58+00:00\",\"dateModified\":\"2023-08-17T10:01:59+00:00\",\"breadcrumb\":{\"@id\":\"https:\\\/\\\/webknjizara.hr\\\/proizvod\\\/racunovodstvo-banaka-grupa-autora\\\/#breadcrumb\"},\"inLanguage\":\"en-US\",\"potentialAction\":[{\"@type\":\"ReadAction\",\"target\":[\"https:\\\/\\\/webknjizara.hr\\\/proizvod\\\/racunovodstvo-banaka-grupa-autora\\\/\"]}]},{\"@type\":\"ImageObject\",\"inLanguage\":\"en-US\",\"@id\":\"https:\\\/\\\/webknjizara.hr\\\/proizvod\\\/racunovodstvo-banaka-grupa-autora\\\/#primaryimage\",\"url\":\"https:\\\/\\\/webknjizara.hr\\\/wp-content\\\/uploads\\\/2023\\\/08\\\/Ivica_Filipovic_Toni_Susak_Mario_Filipovic_Racunovodstvo_banaka_webknjizara_redak_WEB_1435.jpg\",\"contentUrl\":\"https:\\\/\\\/webknjizara.hr\\\/wp-content\\\/uploads\\\/2023\\\/08\\\/Ivica_Filipovic_Toni_Susak_Mario_Filipovic_Racunovodstvo_banaka_webknjizara_redak_WEB_1435.jpg\",\"width\":300,\"height\":419},{\"@type\":\"BreadcrumbList\",\"@id\":\"https:\\\/\\\/webknjizara.hr\\\/proizvod\\\/racunovodstvo-banaka-grupa-autora\\\/#breadcrumb\",\"itemListElement\":[{\"@type\":\"ListItem\",\"position\":1,\"name\":\"Po\u010detna stranica\",\"item\":\"https:\\\/\\\/webknjizara.hr\\\/en\\\/\"},{\"@type\":\"ListItem\",\"position\":2,\"name\":\"Shop\",\"item\":\"https:\\\/\\\/webknjizara.hr\\\/shop\\\/\"},{\"@type\":\"ListItem\",\"position\":3,\"name\":\"RA\u010cUNOVODSTVO BANAKA, Grupa autora\"}]},{\"@type\":\"WebSite\",\"@id\":\"https:\\\/\\\/webknjizara.hr\\\/#website\",\"url\":\"https:\\\/\\\/webknjizara.hr\\\/\",\"name\":\"Web Knji\u017eara\",\"description\":\"\",\"publisher\":{\"@id\":\"https:\\\/\\\/webknjizara.hr\\\/#organization\"},\"potentialAction\":[{\"@type\":\"SearchAction\",\"target\":{\"@type\":\"EntryPoint\",\"urlTemplate\":\"https:\\\/\\\/webknjizara.hr\\\/?s={search_term_string}\"},\"query-input\":{\"@type\":\"PropertyValueSpecification\",\"valueRequired\":true,\"valueName\":\"search_term_string\"}}],\"inLanguage\":\"en-US\"},{\"@type\":\"Organization\",\"@id\":\"https:\\\/\\\/webknjizara.hr\\\/#organization\",\"name\":\"REDAK D.O.O.\",\"url\":\"https:\\\/\\\/webknjizara.hr\\\/\",\"logo\":{\"@type\":\"ImageObject\",\"inLanguage\":\"en-US\",\"@id\":\"https:\\\/\\\/webknjizara.hr\\\/#\\\/schema\\\/logo\\\/image\\\/\",\"url\":\"https:\\\/\\\/webknjizara.hr\\\/wp-content\\\/uploads\\\/2023\\\/01\\\/web-knjizara-logo.webp\",\"contentUrl\":\"https:\\\/\\\/webknjizara.hr\\\/wp-content\\\/uploads\\\/2023\\\/01\\\/web-knjizara-logo.webp\",\"width\":324,\"height\":79,\"caption\":\"REDAK D.O.O.\"},\"image\":{\"@id\":\"https:\\\/\\\/webknjizara.hr\\\/#\\\/schema\\\/logo\\\/image\\\/\"}}]}<\/script>\n<!-- \/ Yoast SEO plugin. -->","yoast_head_json":{"title":"RA\u010cUNOVODSTVO BANAKA, Grupa autora - Web-knji\u017eara","robots":{"index":"index","follow":"follow","max-snippet":"max-snippet:-1","max-image-preview":"max-image-preview:large","max-video-preview":"max-video-preview:-1"},"canonical":"https:\/\/webknjizara.hr\/proizvod\/racunovodstvo-banaka-grupa-autora\/","og_locale":"en_US","og_type":"article","og_title":"RA\u010cUNOVODSTVO BANAKA, Grupa autora - Web-knji\u017eara","og_description":"Knjiga \u201eRa\u010dunovodstvo banaka\u201c sastoji se od pet dijelova kojima se na jednostavan na\u010din prezentiraju tehnike i specifi\u010dnosti ra\u010dunovodstva banaka. Prvi dio bavi se pojmovnim odre\u0111enjem i vrstama kreditnih institucija. Drugi dio uvodi \u010ditatelje u svijet ra\u010dunovodstva banaka. U tre\u0107em dijelu knjige prikazan je kontni plan za banke, a u \u010detvrtom su navedeni brojni primjeri knji\u017eenja [&hellip;]","og_url":"https:\/\/webknjizara.hr\/proizvod\/racunovodstvo-banaka-grupa-autora\/","og_site_name":"Web-knji\u017eara","article_modified_time":"2023-08-17T10:01:59+00:00","og_image":[{"width":300,"height":419,"url":"https:\/\/webknjizara.hr\/wp-content\/uploads\/2023\/08\/Ivica_Filipovic_Toni_Susak_Mario_Filipovic_Racunovodstvo_banaka_webknjizara_redak_WEB_1435.jpg","type":"image\/jpeg"}],"twitter_card":"summary_large_image","twitter_misc":{"Est. reading time":"5 minutes"},"schema":{"@context":"https:\/\/schema.org","@graph":[{"@type":"WebPage","@id":"https:\/\/webknjizara.hr\/proizvod\/racunovodstvo-banaka-grupa-autora\/","url":"https:\/\/webknjizara.hr\/proizvod\/racunovodstvo-banaka-grupa-autora\/","name":"RA\u010cUNOVODSTVO BANAKA, Grupa autora - Web-knji\u017eara","isPartOf":{"@id":"https:\/\/webknjizara.hr\/#website"},"primaryImageOfPage":{"@id":"https:\/\/webknjizara.hr\/proizvod\/racunovodstvo-banaka-grupa-autora\/#primaryimage"},"image":{"@id":"https:\/\/webknjizara.hr\/proizvod\/racunovodstvo-banaka-grupa-autora\/#primaryimage"},"thumbnailUrl":"https:\/\/webknjizara.hr\/wp-content\/uploads\/2023\/08\/Ivica_Filipovic_Toni_Susak_Mario_Filipovic_Racunovodstvo_banaka_webknjizara_redak_WEB_1435.jpg","datePublished":"2023-08-17T10:01:58+00:00","dateModified":"2023-08-17T10:01:59+00:00","breadcrumb":{"@id":"https:\/\/webknjizara.hr\/proizvod\/racunovodstvo-banaka-grupa-autora\/#breadcrumb"},"inLanguage":"en-US","potentialAction":[{"@type":"ReadAction","target":["https:\/\/webknjizara.hr\/proizvod\/racunovodstvo-banaka-grupa-autora\/"]}]},{"@type":"ImageObject","inLanguage":"en-US","@id":"https:\/\/webknjizara.hr\/proizvod\/racunovodstvo-banaka-grupa-autora\/#primaryimage","url":"https:\/\/webknjizara.hr\/wp-content\/uploads\/2023\/08\/Ivica_Filipovic_Toni_Susak_Mario_Filipovic_Racunovodstvo_banaka_webknjizara_redak_WEB_1435.jpg","contentUrl":"https:\/\/webknjizara.hr\/wp-content\/uploads\/2023\/08\/Ivica_Filipovic_Toni_Susak_Mario_Filipovic_Racunovodstvo_banaka_webknjizara_redak_WEB_1435.jpg","width":300,"height":419},{"@type":"BreadcrumbList","@id":"https:\/\/webknjizara.hr\/proizvod\/racunovodstvo-banaka-grupa-autora\/#breadcrumb","itemListElement":[{"@type":"ListItem","position":1,"name":"Po\u010detna stranica","item":"https:\/\/webknjizara.hr\/en\/"},{"@type":"ListItem","position":2,"name":"Shop","item":"https:\/\/webknjizara.hr\/shop\/"},{"@type":"ListItem","position":3,"name":"RA\u010cUNOVODSTVO BANAKA, Grupa autora"}]},{"@type":"WebSite","@id":"https:\/\/webknjizara.hr\/#website","url":"https:\/\/webknjizara.hr\/","name":"Web Knji\u017eara","description":"","publisher":{"@id":"https:\/\/webknjizara.hr\/#organization"},"potentialAction":[{"@type":"SearchAction","target":{"@type":"EntryPoint","urlTemplate":"https:\/\/webknjizara.hr\/?s={search_term_string}"},"query-input":{"@type":"PropertyValueSpecification","valueRequired":true,"valueName":"search_term_string"}}],"inLanguage":"en-US"},{"@type":"Organization","@id":"https:\/\/webknjizara.hr\/#organization","name":"REDAK D.O.O.","url":"https:\/\/webknjizara.hr\/","logo":{"@type":"ImageObject","inLanguage":"en-US","@id":"https:\/\/webknjizara.hr\/#\/schema\/logo\/image\/","url":"https:\/\/webknjizara.hr\/wp-content\/uploads\/2023\/01\/web-knjizara-logo.webp","contentUrl":"https:\/\/webknjizara.hr\/wp-content\/uploads\/2023\/01\/web-knjizara-logo.webp","width":324,"height":79,"caption":"REDAK D.O.O."},"image":{"@id":"https:\/\/webknjizara.hr\/#\/schema\/logo\/image\/"}}]}},"_links":{"self":[{"href":"https:\/\/webknjizara.hr\/en\/wp-json\/wp\/v2\/product\/15037","targetHints":{"allow":["GET"]}}],"collection":[{"href":"https:\/\/webknjizara.hr\/en\/wp-json\/wp\/v2\/product"}],"about":[{"href":"https:\/\/webknjizara.hr\/en\/wp-json\/wp\/v2\/types\/product"}],"replies":[{"embeddable":true,"href":"https:\/\/webknjizara.hr\/en\/wp-json\/wp\/v2\/comments?post=15037"}],"wp:featuredmedia":[{"embeddable":true,"href":"https:\/\/webknjizara.hr\/en\/wp-json\/wp\/v2\/media\/15038"}],"wp:attachment":[{"href":"https:\/\/webknjizara.hr\/en\/wp-json\/wp\/v2\/media?parent=15037"}],"wp:term":[{"taxonomy":"product_brand","embeddable":true,"href":"https:\/\/webknjizara.hr\/en\/wp-json\/wp\/v2\/product_brand?post=15037"},{"taxonomy":"product_cat","embeddable":true,"href":"https:\/\/webknjizara.hr\/en\/wp-json\/wp\/v2\/product_cat?post=15037"},{"taxonomy":"product_tag","embeddable":true,"href":"https:\/\/webknjizara.hr\/en\/wp-json\/wp\/v2\/product_tag?post=15037"}],"curies":[{"name":"wp","href":"https:\/\/api.w.org\/{rel}","templated":true}]}}