{"id":15017,"date":"2023-08-16T14:15:10","date_gmt":"2023-08-16T12:15:10","guid":{"rendered":"https:\/\/webknjizara.hr\/?post_type=product&#038;p=15017"},"modified":"2025-07-22T14:40:56","modified_gmt":"2025-07-22T12:40:56","slug":"plavi-putnik-vanessa-pavicic","status":"publish","type":"product","link":"https:\/\/webknjizara.hr\/en\/proizvod\/plavi-putnik-vanessa-pavicic\/","title":{"rendered":"PLAVI PUTNIK, Vanessa Pavi\u010di\u0107"},"content":{"rendered":"<p align=\"JUSTIFY\"><span style=\"color: #222222;\"><span style=\"font-family: Arial, sans-serif;\"><i>Plavi putnik<\/i><\/span><\/span><span style=\"color: #222222;\"><span style=\"font-family: Arial, sans-serif;\"> skup je razli\u010ditih pri\u010da ljudi koje se svakodnevno doga\u0111aju u tramvaju i koje \u010desto susre\u0107emo u njemu, a da ih ni ne primijetimo. Toliko smo zakopani u svojim problemima i optere\u0107eni raznim stvarima koje se doga\u0111aju u ovom u\u017eurbanom svijetu da zaboravimo zastati i u\u017eivati u trenutku, u malim stvarima koje \u017eivot zna\u010de. <\/span><\/span><\/p>\n<p align=\"JUSTIFY\"><span style=\"color: #222222;\"><span style=\"font-family: Arial, sans-serif;\">Kad bismo ponekad, samo ponekad zastali i oslu\u0161kivali \u0161to se to doga\u0111a oko nas, shvatili bismo da nismo jedini koji se bore s raznim neda\u0107ama i nismo jedini koji se raduju kako vlastitoj, tako i tu\u0111oj sre\u0107i. Susre\u0107emo se s raznim ljudima, od onih koje \u017eivot nije mazio do onih koji su nam, sasvim slu\u010dajno, spremni pomo\u0107i, a da to od njih nismo ni tra\u017eili. Ove pri\u010de nastale su upravo zastajanjem u trenutku te oslu\u0161kivanjem okoline koja poti\u010de jedan potpuno novi tijek misli. Misli koje odlutaju tamo kamo trebaju odlutati, ali i tamo gdje im nije mjesto &#8211; \u010desto se to doga\u0111a, stoga im dopustimo, tko zna kamo nas sve mogu odvesti. <\/span><\/span><\/p>\n<p align=\"JUSTIFY\"><span style=\"color: #222222;\"><span style=\"font-family: Arial, sans-serif;\">Dopustimo <\/span><\/span><span style=\"color: #222222;\"><span style=\"font-family: Arial, sans-serif;\"><i>Plavom putniku<\/i><\/span><\/span><span style=\"color: #222222;\"><span style=\"font-family: Arial, sans-serif;\"> da nas vodi kroz na\u0161e \u017eivotne stanice. Iza\u0111imo tamo gdje nam je mjesto, ali i tamo gdje nam nije kako bismo se vratili s nau\u010denom lekcijom. Zato ukrcajte se sa mnom na<\/span><\/span><span style=\"color: #222222;\"><span style=\"font-family: Arial, sans-serif;\"><i> Plavog putnika <\/i><\/span><\/span><span style=\"color: #222222;\"><span style=\"font-family: Arial, sans-serif;\">i do\u017eivite svoje putovanje \u017eivota. Otputujmo s njim na dalek put sve dok i na\u0161em \u017eivotnom putu jednom ne do\u0111e kraj.<\/span><\/span><\/p>\n<p><span style=\"font-family: Arial, sans-serif;\"><span lang=\"hr-HR\"><b>Bilje\u0161ka o autorici: <\/b><\/span><\/span><\/p>\n<p><span style=\"color: #222222;\"><span style=\"font-family: Arial, sans-serif;\">Vanessa Pavi\u010di\u0107 ro\u0111ena je u Rijeci 1998. godine. Po struci je stru\u010dna prvostupnica javne uprave i stru\u010dna suradnica za pripremu i provedbu EU projekata. Ostavimo li po strani ozbiljna zvanja, u du\u0161i je pravi sanjar i kreativac, a jedan san se upravo ovom knjigom koju imate u ruci i ostvario. To joj je prva, ali, kako ka\u017ee, ne i posljednja knjiga jer kod nje se uvijek ne\u0161to novo \u201ekuha\u201c. Po prirodi je avanturistica i voli istra\u017eivati nove stvari pa vjerujemo da \u0107e se to odraziti i na njezine nove pri\u010de.<\/span><\/span><\/p>\n<p><span style=\"color: #222222;\"><span style=\"font-family: Arial, sans-serif;\">Za nju ne postoji nemogu\u0107e i smatra da je sve ostvarivo ako to dovoljno jako \u017eeli\u0161. Do svoje 15. godine \u017eivjela je na otoku Rabu koji \u010desto nazivaju i \u201eotokom sre\u0107e\u201c. Nakon Raba se, uzev\u0161i torbu po torbu po\u010dela seliti u srednju \u0161kolu u Rijeci gdje je zavr\u0161ila Gra\u0111evinsku tehni\u010dku \u0161kolu. Izazivanjem sudbine upisala je svoju prvu godinu studija na Pravnom fakultetu u Zagrebu, u gradu u kojem je cjelokupna ideja i pri\u010da ove knjige i nastala. Nakon godine dana studiranja u Zagrebu, ipak se vra\u0107a u svoj rodni kraj u kojem ostaje sve do danas, ali, kako ka\u017ee, ne zna kamo \u0107e ju njezin plavi putnik jo\u0161 odvesti i koje planove ima za nju.<\/span><\/span><\/p>\n<p><span style=\"font-family: Arial, sans-serif;\"><span lang=\"hr-HR\"><b>E-mail: <\/b><\/span><\/span><a href=\"MAILTO:vanessa.pavicic@gmail.com\" target=\"_blank\" rel=\"noopener\"><span style=\"color: #000000;\"><span style=\"font-family: Arial, sans-serif;\">Vanessa Pavi\u010di\u0107<\/span><\/span><\/a><\/p>\n<p>&nbsp;<\/p>\n<p><strong><span style=\"font-family: Arial, sans-serif;\">Naslov: <\/span><\/strong><strong><span style=\"font-family: Arial, sans-serif;\">Plavi putnik<\/span><\/strong><span style=\"font-family: Arial, sans-serif;\"><br \/>\n<\/span><strong><span style=\"font-family: Arial, sans-serif;\">Autorica:<\/span><\/strong><span style=\"font-family: Arial, sans-serif;\"> Vanessa Pavi\u010di\u0107<br \/>\n<\/span><strong><span style=\"font-family: Arial, sans-serif;\">Broj stranica: <\/span><\/strong><span style=\"font-family: Arial, sans-serif;\"><span lang=\"\">142<\/span><\/span><span style=\"font-family: Arial, sans-serif;\"><br \/>\n<\/span><strong><span style=\"font-family: Arial, sans-serif;\">Nakladnik: <\/span><\/strong><strong><span style=\"font-family: Arial, sans-serif;\">REDAK<\/span><\/strong><span style=\"font-family: Arial, sans-serif;\"><br \/>\n<\/span><strong><span style=\"font-family: Arial, sans-serif;\">Godina izdanja: <\/span><\/strong><strong><span style=\"font-family: Arial, sans-serif;\">2023.<br \/>\n<\/span><\/strong><strong><span style=\"font-family: Arial, sans-serif;\">ISBN:<\/span><\/strong><span style=\"font-family: Arial, sans-serif;\"> 978-953-336-956-3<br \/>\n<\/span><strong><span style=\"font-family: Arial, sans-serif;\">Tisak:<\/span><\/strong><span style=\"font-family: Arial, sans-serif;\"> digitalni tisak knjiga &#8211; print na zahtjev<\/span><\/p>\n","protected":false},"excerpt":{"rendered":"<p>Plavi putnik skup je razli\u010ditih pri\u010da ljudi koje se svakodnevno doga\u0111aju u tramvaju i koje \u010desto susre\u0107emo u njemu, a da ih ni ne primijetimo. Toliko smo zakopani u svojim problemima i optere\u0107eni raznim stvarima koje se doga\u0111aju u ovom u\u017eurbanom svijetu da zaboravimo zastati i u\u017eivati u trenutku, u malim stvarima koje \u017eivot zna\u010de. [&hellip;]<\/p>\n","protected":false},"featured_media":15018,"comment_status":"open","ping_status":"closed","template":"","meta":{"_acf_changed":false},"product_brand":[],"product_cat":[1607],"product_tag":[],"class_list":{"0":"post-15017","1":"product","2":"type-product","3":"status-publish","4":"has-post-thumbnail","6":"product_cat-proza","7":"pa_autor-vanessa-pavicic","8":"pa_nakladnik-redak","10":"first","11":"instock","12":"shipping-taxable","13":"purchasable","14":"product-type-simple"},"acf":[],"yoast_head":"<!-- This site is optimized with the Yoast SEO plugin v27.3 - https:\/\/yoast.com\/product\/yoast-seo-wordpress\/ -->\n<title>PLAVI PUTNIK, Vanessa Pavi\u010di\u0107 - Web-knji\u017eara<\/title>\n<meta name=\"robots\" content=\"index, follow, max-snippet:-1, max-image-preview:large, max-video-preview:-1\" \/>\n<link rel=\"canonical\" href=\"https:\/\/webknjizara.hr\/proizvod\/plavi-putnik-vanessa-pavicic\/\" \/>\n<meta property=\"og:locale\" content=\"en_US\" \/>\n<meta property=\"og:type\" content=\"article\" \/>\n<meta property=\"og:title\" content=\"PLAVI PUTNIK, Vanessa Pavi\u010di\u0107 - Web-knji\u017eara\" \/>\n<meta property=\"og:description\" content=\"Plavi putnik skup je razli\u010ditih pri\u010da ljudi koje se svakodnevno doga\u0111aju u tramvaju i koje \u010desto susre\u0107emo u njemu, a da ih ni ne primijetimo. Toliko smo zakopani u svojim problemima i optere\u0107eni raznim stvarima koje se doga\u0111aju u ovom u\u017eurbanom svijetu da zaboravimo zastati i u\u017eivati u trenutku, u malim stvarima koje \u017eivot zna\u010de. [&hellip;]\" \/>\n<meta property=\"og:url\" content=\"https:\/\/webknjizara.hr\/proizvod\/plavi-putnik-vanessa-pavicic\/\" \/>\n<meta property=\"og:site_name\" content=\"Web-knji\u017eara\" \/>\n<meta property=\"article:modified_time\" content=\"2025-07-22T12:40:56+00:00\" \/>\n<meta property=\"og:image\" content=\"https:\/\/webknjizara.hr\/wp-content\/uploads\/2023\/08\/Vanessa_Pavicic_Plavi_putnik_webknjizara_redak_WEB_1469.jpg\" \/>\n\t<meta property=\"og:image:width\" content=\"300\" \/>\n\t<meta property=\"og:image:height\" content=\"419\" \/>\n\t<meta property=\"og:image:type\" content=\"image\/jpeg\" \/>\n<meta name=\"twitter:card\" content=\"summary_large_image\" \/>\n<meta name=\"twitter:label1\" content=\"Est. reading time\" \/>\n\t<meta name=\"twitter:data1\" content=\"3 minutes\" \/>\n<script type=\"application\/ld+json\" class=\"yoast-schema-graph\">{\"@context\":\"https:\\\/\\\/schema.org\",\"@graph\":[{\"@type\":\"WebPage\",\"@id\":\"https:\\\/\\\/webknjizara.hr\\\/proizvod\\\/plavi-putnik-vanessa-pavicic\\\/\",\"url\":\"https:\\\/\\\/webknjizara.hr\\\/proizvod\\\/plavi-putnik-vanessa-pavicic\\\/\",\"name\":\"PLAVI PUTNIK, Vanessa Pavi\u010di\u0107 - Web-knji\u017eara\",\"isPartOf\":{\"@id\":\"https:\\\/\\\/webknjizara.hr\\\/#website\"},\"primaryImageOfPage\":{\"@id\":\"https:\\\/\\\/webknjizara.hr\\\/proizvod\\\/plavi-putnik-vanessa-pavicic\\\/#primaryimage\"},\"image\":{\"@id\":\"https:\\\/\\\/webknjizara.hr\\\/proizvod\\\/plavi-putnik-vanessa-pavicic\\\/#primaryimage\"},\"thumbnailUrl\":\"https:\\\/\\\/webknjizara.hr\\\/wp-content\\\/uploads\\\/2023\\\/08\\\/Vanessa_Pavicic_Plavi_putnik_webknjizara_redak_WEB_1469.jpg\",\"datePublished\":\"2023-08-16T12:15:10+00:00\",\"dateModified\":\"2025-07-22T12:40:56+00:00\",\"breadcrumb\":{\"@id\":\"https:\\\/\\\/webknjizara.hr\\\/proizvod\\\/plavi-putnik-vanessa-pavicic\\\/#breadcrumb\"},\"inLanguage\":\"en-US\",\"potentialAction\":[{\"@type\":\"ReadAction\",\"target\":[\"https:\\\/\\\/webknjizara.hr\\\/proizvod\\\/plavi-putnik-vanessa-pavicic\\\/\"]}]},{\"@type\":\"ImageObject\",\"inLanguage\":\"en-US\",\"@id\":\"https:\\\/\\\/webknjizara.hr\\\/proizvod\\\/plavi-putnik-vanessa-pavicic\\\/#primaryimage\",\"url\":\"https:\\\/\\\/webknjizara.hr\\\/wp-content\\\/uploads\\\/2023\\\/08\\\/Vanessa_Pavicic_Plavi_putnik_webknjizara_redak_WEB_1469.jpg\",\"contentUrl\":\"https:\\\/\\\/webknjizara.hr\\\/wp-content\\\/uploads\\\/2023\\\/08\\\/Vanessa_Pavicic_Plavi_putnik_webknjizara_redak_WEB_1469.jpg\",\"width\":300,\"height\":419},{\"@type\":\"BreadcrumbList\",\"@id\":\"https:\\\/\\\/webknjizara.hr\\\/proizvod\\\/plavi-putnik-vanessa-pavicic\\\/#breadcrumb\",\"itemListElement\":[{\"@type\":\"ListItem\",\"position\":1,\"name\":\"Po\u010detna stranica\",\"item\":\"https:\\\/\\\/webknjizara.hr\\\/en\\\/\"},{\"@type\":\"ListItem\",\"position\":2,\"name\":\"Shop\",\"item\":\"https:\\\/\\\/webknjizara.hr\\\/shop\\\/\"},{\"@type\":\"ListItem\",\"position\":3,\"name\":\"PLAVI PUTNIK, Vanessa Pavi\u010di\u0107\"}]},{\"@type\":\"WebSite\",\"@id\":\"https:\\\/\\\/webknjizara.hr\\\/#website\",\"url\":\"https:\\\/\\\/webknjizara.hr\\\/\",\"name\":\"Web Knji\u017eara\",\"description\":\"\",\"publisher\":{\"@id\":\"https:\\\/\\\/webknjizara.hr\\\/#organization\"},\"potentialAction\":[{\"@type\":\"SearchAction\",\"target\":{\"@type\":\"EntryPoint\",\"urlTemplate\":\"https:\\\/\\\/webknjizara.hr\\\/?s={search_term_string}\"},\"query-input\":{\"@type\":\"PropertyValueSpecification\",\"valueRequired\":true,\"valueName\":\"search_term_string\"}}],\"inLanguage\":\"en-US\"},{\"@type\":\"Organization\",\"@id\":\"https:\\\/\\\/webknjizara.hr\\\/#organization\",\"name\":\"REDAK D.O.O.\",\"url\":\"https:\\\/\\\/webknjizara.hr\\\/\",\"logo\":{\"@type\":\"ImageObject\",\"inLanguage\":\"en-US\",\"@id\":\"https:\\\/\\\/webknjizara.hr\\\/#\\\/schema\\\/logo\\\/image\\\/\",\"url\":\"https:\\\/\\\/webknjizara.hr\\\/wp-content\\\/uploads\\\/2023\\\/01\\\/web-knjizara-logo.webp\",\"contentUrl\":\"https:\\\/\\\/webknjizara.hr\\\/wp-content\\\/uploads\\\/2023\\\/01\\\/web-knjizara-logo.webp\",\"width\":324,\"height\":79,\"caption\":\"REDAK D.O.O.\"},\"image\":{\"@id\":\"https:\\\/\\\/webknjizara.hr\\\/#\\\/schema\\\/logo\\\/image\\\/\"}}]}<\/script>\n<!-- \/ Yoast SEO plugin. -->","yoast_head_json":{"title":"PLAVI PUTNIK, Vanessa Pavi\u010di\u0107 - Web-knji\u017eara","robots":{"index":"index","follow":"follow","max-snippet":"max-snippet:-1","max-image-preview":"max-image-preview:large","max-video-preview":"max-video-preview:-1"},"canonical":"https:\/\/webknjizara.hr\/proizvod\/plavi-putnik-vanessa-pavicic\/","og_locale":"en_US","og_type":"article","og_title":"PLAVI PUTNIK, Vanessa Pavi\u010di\u0107 - Web-knji\u017eara","og_description":"Plavi putnik skup je razli\u010ditih pri\u010da ljudi koje se svakodnevno doga\u0111aju u tramvaju i koje \u010desto susre\u0107emo u njemu, a da ih ni ne primijetimo. Toliko smo zakopani u svojim problemima i optere\u0107eni raznim stvarima koje se doga\u0111aju u ovom u\u017eurbanom svijetu da zaboravimo zastati i u\u017eivati u trenutku, u malim stvarima koje \u017eivot zna\u010de. [&hellip;]","og_url":"https:\/\/webknjizara.hr\/proizvod\/plavi-putnik-vanessa-pavicic\/","og_site_name":"Web-knji\u017eara","article_modified_time":"2025-07-22T12:40:56+00:00","og_image":[{"width":300,"height":419,"url":"https:\/\/webknjizara.hr\/wp-content\/uploads\/2023\/08\/Vanessa_Pavicic_Plavi_putnik_webknjizara_redak_WEB_1469.jpg","type":"image\/jpeg"}],"twitter_card":"summary_large_image","twitter_misc":{"Est. reading time":"3 minutes"},"schema":{"@context":"https:\/\/schema.org","@graph":[{"@type":"WebPage","@id":"https:\/\/webknjizara.hr\/proizvod\/plavi-putnik-vanessa-pavicic\/","url":"https:\/\/webknjizara.hr\/proizvod\/plavi-putnik-vanessa-pavicic\/","name":"PLAVI PUTNIK, Vanessa Pavi\u010di\u0107 - Web-knji\u017eara","isPartOf":{"@id":"https:\/\/webknjizara.hr\/#website"},"primaryImageOfPage":{"@id":"https:\/\/webknjizara.hr\/proizvod\/plavi-putnik-vanessa-pavicic\/#primaryimage"},"image":{"@id":"https:\/\/webknjizara.hr\/proizvod\/plavi-putnik-vanessa-pavicic\/#primaryimage"},"thumbnailUrl":"https:\/\/webknjizara.hr\/wp-content\/uploads\/2023\/08\/Vanessa_Pavicic_Plavi_putnik_webknjizara_redak_WEB_1469.jpg","datePublished":"2023-08-16T12:15:10+00:00","dateModified":"2025-07-22T12:40:56+00:00","breadcrumb":{"@id":"https:\/\/webknjizara.hr\/proizvod\/plavi-putnik-vanessa-pavicic\/#breadcrumb"},"inLanguage":"en-US","potentialAction":[{"@type":"ReadAction","target":["https:\/\/webknjizara.hr\/proizvod\/plavi-putnik-vanessa-pavicic\/"]}]},{"@type":"ImageObject","inLanguage":"en-US","@id":"https:\/\/webknjizara.hr\/proizvod\/plavi-putnik-vanessa-pavicic\/#primaryimage","url":"https:\/\/webknjizara.hr\/wp-content\/uploads\/2023\/08\/Vanessa_Pavicic_Plavi_putnik_webknjizara_redak_WEB_1469.jpg","contentUrl":"https:\/\/webknjizara.hr\/wp-content\/uploads\/2023\/08\/Vanessa_Pavicic_Plavi_putnik_webknjizara_redak_WEB_1469.jpg","width":300,"height":419},{"@type":"BreadcrumbList","@id":"https:\/\/webknjizara.hr\/proizvod\/plavi-putnik-vanessa-pavicic\/#breadcrumb","itemListElement":[{"@type":"ListItem","position":1,"name":"Po\u010detna stranica","item":"https:\/\/webknjizara.hr\/en\/"},{"@type":"ListItem","position":2,"name":"Shop","item":"https:\/\/webknjizara.hr\/shop\/"},{"@type":"ListItem","position":3,"name":"PLAVI PUTNIK, Vanessa Pavi\u010di\u0107"}]},{"@type":"WebSite","@id":"https:\/\/webknjizara.hr\/#website","url":"https:\/\/webknjizara.hr\/","name":"Web Knji\u017eara","description":"","publisher":{"@id":"https:\/\/webknjizara.hr\/#organization"},"potentialAction":[{"@type":"SearchAction","target":{"@type":"EntryPoint","urlTemplate":"https:\/\/webknjizara.hr\/?s={search_term_string}"},"query-input":{"@type":"PropertyValueSpecification","valueRequired":true,"valueName":"search_term_string"}}],"inLanguage":"en-US"},{"@type":"Organization","@id":"https:\/\/webknjizara.hr\/#organization","name":"REDAK D.O.O.","url":"https:\/\/webknjizara.hr\/","logo":{"@type":"ImageObject","inLanguage":"en-US","@id":"https:\/\/webknjizara.hr\/#\/schema\/logo\/image\/","url":"https:\/\/webknjizara.hr\/wp-content\/uploads\/2023\/01\/web-knjizara-logo.webp","contentUrl":"https:\/\/webknjizara.hr\/wp-content\/uploads\/2023\/01\/web-knjizara-logo.webp","width":324,"height":79,"caption":"REDAK D.O.O."},"image":{"@id":"https:\/\/webknjizara.hr\/#\/schema\/logo\/image\/"}}]}},"_links":{"self":[{"href":"https:\/\/webknjizara.hr\/en\/wp-json\/wp\/v2\/product\/15017","targetHints":{"allow":["GET"]}}],"collection":[{"href":"https:\/\/webknjizara.hr\/en\/wp-json\/wp\/v2\/product"}],"about":[{"href":"https:\/\/webknjizara.hr\/en\/wp-json\/wp\/v2\/types\/product"}],"replies":[{"embeddable":true,"href":"https:\/\/webknjizara.hr\/en\/wp-json\/wp\/v2\/comments?post=15017"}],"wp:featuredmedia":[{"embeddable":true,"href":"https:\/\/webknjizara.hr\/en\/wp-json\/wp\/v2\/media\/15018"}],"wp:attachment":[{"href":"https:\/\/webknjizara.hr\/en\/wp-json\/wp\/v2\/media?parent=15017"}],"wp:term":[{"taxonomy":"product_brand","embeddable":true,"href":"https:\/\/webknjizara.hr\/en\/wp-json\/wp\/v2\/product_brand?post=15017"},{"taxonomy":"product_cat","embeddable":true,"href":"https:\/\/webknjizara.hr\/en\/wp-json\/wp\/v2\/product_cat?post=15017"},{"taxonomy":"product_tag","embeddable":true,"href":"https:\/\/webknjizara.hr\/en\/wp-json\/wp\/v2\/product_tag?post=15017"}],"curies":[{"name":"wp","href":"https:\/\/api.w.org\/{rel}","templated":true}]}}