{"id":15008,"date":"2023-08-14T13:10:00","date_gmt":"2023-08-14T11:10:00","guid":{"rendered":"https:\/\/webknjizara.hr\/?post_type=product&#038;p=15008"},"modified":"2023-08-14T13:10:02","modified_gmt":"2023-08-14T11:10:02","slug":"miki-imam-crvenu-mrlju-na-pupku-strah-me-i-osjecam-da-cu-zaplakati-patrik-weiss","status":"publish","type":"product","link":"https:\/\/webknjizara.hr\/en\/proizvod\/miki-imam-crvenu-mrlju-na-pupku-strah-me-i-osjecam-da-cu-zaplakati-patrik-weiss\/","title":{"rendered":"MIKI, IMAM CRVENU MRLJU NA PUPKU, STRAH ME I OSJE\u0106AM DA \u0106U ZAPLAKATI, Patrik Weiss"},"content":{"rendered":"<p><span style=\"color: #000000;\">Ova knjiga pjesama &#8211; zapisa progovara o ontolo\u0161koj predodre\u0111enosti bi\u0107a na bol. Trag melankolije koji zahva\u0107a svaku riie\u010d, radnju, misao, stvar istupa kao glavni fakticitet toga bi\u0107a koji se toj temeljnoj odre\u0111enosti uzaludno suprotstavlja. Nepripadanje \u017eivota \u017eivotu ono je \u0161to bi\u0107e negativno, ali najtemeljnije odre\u0111uje i rezultat \u010dega je kranja posvema\u0161nja rezignacija. Izme\u0111u nemogu\u0107eg \u017eivljenja i, ipak, nepri\u017eeljkivane smrti smje\u0161ta se tjeskobnost zapisanog, osvjedno\u010denog. Prije svega, Miki je zabilje\u0161ka o iednome neminovnom, no stra\u0161no bolnom stanju bivanja \u010dovjekom. Bivanja vje\u010dnim lutalicom, ranjenikom i izgnanikom. To je knjiga o strepnji i stradanju. Onome koji je posvema nevin progla\u0161en za najve\u0107eg krivca.<\/span><\/p>\n<p>&nbsp;<\/p>\n<p align=\"JUSTIFY\"><span style=\"font-family: Arial, sans-serif;\"><span lang=\"hr-HR\"><b>Bilje\u0161ka o autoru: <\/b><\/span><\/span><\/p>\n<p><span style=\"font-size: medium;\"><span lang=\"hr-HR\">Patrik Weiss ro\u0111en je u Rijeci 1. svibnja 1996. godine. Filantrop. Magistar kulturologije. Trenutno je nitko i ni\u0161ta, a negdje duboko u sebi pri\u017eeljkuje da to i ostane. Nema pojma kako \u0107e se nakon faksa prehranjivati. Objavljuje poeziju i eseje u raznim Internet \u010dasopisima i na raznim portalima posve\u0107enim knji\u017eevnosti. Ne preferira odre\u0111en stil, zala\u017ee se za slobodu izraza i inovaciju u pisanoj rije\u010di. Osim poezije i eseja, pi\u0161e i kra\u0107u prozu te drame. Obimnije prozno djelo je me\u0111utim u planu, no vrijeme ga uvijek uspije pretje\u010di. Do sada je objavio sedam knjiga poezije. (<\/span><\/span><span style=\"font-size: medium;\"><span lang=\"hr-HR\"><i>\u0160utnja je zlato i ostale \u017eivotne la\u017ei<\/i><\/span><\/span><span style=\"font-size: medium;\"><span lang=\"hr-HR\"> 2017.,Redak, <\/span><\/span><span style=\"font-size: medium;\"><span lang=\"hr-HR\"><i>Purpurni oblaci<\/i><\/span><\/span><span style=\"font-size: medium;\"><span lang=\"hr-HR\"> 2018.,Redak, <\/span><\/span><span style=\"font-size: medium;\"><span lang=\"hr-HR\"><i>Le Nouvel Etat<\/i><\/span><\/span><span style=\"font-size: medium;\"><span lang=\"hr-HR\"> 2018., Redak, <\/span><\/span><span style=\"font-size: medium;\"><span lang=\"hr-HR\"><i>I papiga mo\u017ee ponavljati <\/i><\/span><\/span><span style=\"font-size: medium;\"><span lang=\"hr-HR\">2018. UNSP, <\/span><\/span><span style=\"font-size: medium;\"><span lang=\"hr-HR\"><i>S kand\u017eama na o\u010dima<\/i><\/span><\/span><span style=\"font-size: medium;\"><span lang=\"hr-HR\"> 2019. Redak, <\/span><\/span><span style=\"font-size: medium;\"><span lang=\"hr-HR\"><i>An\u0111eo u kamenolomu <\/i><\/span><\/span><span style=\"font-size: medium;\"><span lang=\"hr-HR\">2020., -pobjedni\u010dki rukopis u sklopu Troknji\u017eja izdava\u010da UNSP, <\/span><\/span><span style=\"font-size: medium;\"><span lang=\"hr-HR\"><i>Tamo gdje bogovi odlaze da umru<\/i><\/span><\/span><span style=\"font-size: medium;\"><span lang=\"hr-HR\"> 2021., Redak ). \u017divotni san mu je postati b\u00e9b\u00e9 terrible knji\u017eevnosti, a isto tako zna da se to ne postaje. U su\u0161tini, onaj koji se osje\u0107a kao apatrid s koferom punim rije\u010di<\/span><\/span><\/p>\n<p><span style=\"font-family: Arial, sans-serif;\"><span lang=\"hr-HR\"><b>E-mail: <\/b><\/span><\/span><a href=\"MAILTO:patrikweiss10@gmail.com\" target=\"_blank\" rel=\"noopener\"><span style=\"color: #000000;\"><span style=\"font-family: Arial, sans-serif;\">Patrik Weiss<\/span><\/span><\/a><\/p>\n<p>&nbsp;<\/p>\n<p><strong><span style=\"font-family: Arial, sans-serif;\">Naslov: <\/span><\/strong><strong><span style=\"font-family: Arial, sans-serif;\">Miki, imam crvenu mrlju na pupku, strah me i osje\u0107am da \u0107u zaplakati<\/span><\/strong><span style=\"font-family: Arial, sans-serif;\"><br \/>\n<\/span><strong><span style=\"font-family: Arial, sans-serif;\">Autor:<\/span><\/strong><span style=\"font-family: Arial, sans-serif;\"> Patrik Weiss<br \/>\n<\/span><strong><span style=\"font-family: Arial, sans-serif;\">Broj stranica: <\/span><\/strong><span style=\"font-family: Arial, sans-serif;\"><span lang=\"\">48<\/span><\/span><span style=\"font-family: Arial, sans-serif;\"><br \/>\n<\/span><strong><span style=\"font-family: Arial, sans-serif;\">Nakladnik: <\/span><\/strong><strong><span style=\"font-family: Arial, sans-serif;\">REDAK<\/span><\/strong><span style=\"font-family: Arial, sans-serif;\"><br \/>\n<\/span><strong><span style=\"font-family: Arial, sans-serif;\">Godina izdanja: <\/span><\/strong><strong><span style=\"font-family: Arial, sans-serif;\">2023.<br \/>\n<\/span><\/strong><strong><span style=\"font-family: Arial, sans-serif;\">ISBN:<\/span><\/strong><span style=\"font-family: Arial, sans-serif;\"> 978-953-336-950-1<br \/>\n<\/span><strong><span style=\"font-family: Arial, sans-serif;\">Tisak:<\/span><\/strong><span style=\"font-family: Arial, sans-serif;\"> digitalni tisak knjiga &#8211; print na zahtjev<\/span><\/p>\n","protected":false},"excerpt":{"rendered":"<p>Ova knjiga pjesama &#8211; zapisa progovara o ontolo\u0161koj predodre\u0111enosti bi\u0107a na bol. Trag melankolije koji zahva\u0107a svaku riie\u010d, radnju, misao, stvar istupa kao glavni fakticitet toga bi\u0107a koji se toj temeljnoj odre\u0111enosti uzaludno suprotstavlja. Nepripadanje \u017eivota \u017eivotu ono je \u0161to bi\u0107e negativno, ali najtemeljnije odre\u0111uje i rezultat \u010dega je kranja posvema\u0161nja rezignacija. Izme\u0111u nemogu\u0107eg \u017eivljenja [&hellip;]<\/p>\n","protected":false},"featured_media":15009,"comment_status":"open","ping_status":"closed","template":"","meta":{"_acf_changed":false},"product_brand":[],"product_cat":[1388],"product_tag":[],"class_list":{"0":"post-15008","1":"product","2":"type-product","3":"status-publish","4":"has-post-thumbnail","6":"product_cat-poezija","7":"pa_autor-patrik-weiss","8":"pa_nakladnik-redak","10":"first","11":"instock","12":"shipping-taxable","13":"purchasable","14":"product-type-simple"},"acf":[],"yoast_head":"<!-- This site is optimized with the Yoast SEO plugin v27.3 - https:\/\/yoast.com\/product\/yoast-seo-wordpress\/ -->\n<title>MIKI, IMAM CRVENU MRLJU NA PUPKU, STRAH ME I OSJE\u0106AM DA \u0106U ZAPLAKATI, Patrik Weiss - Web-knji\u017eara<\/title>\n<meta name=\"robots\" content=\"index, follow, max-snippet:-1, max-image-preview:large, max-video-preview:-1\" \/>\n<link rel=\"canonical\" href=\"https:\/\/webknjizara.hr\/proizvod\/miki-imam-crvenu-mrlju-na-pupku-strah-me-i-osjecam-da-cu-zaplakati-patrik-weiss\/\" \/>\n<meta property=\"og:locale\" content=\"en_US\" \/>\n<meta property=\"og:type\" content=\"article\" \/>\n<meta property=\"og:title\" content=\"MIKI, IMAM CRVENU MRLJU NA PUPKU, STRAH ME I OSJE\u0106AM DA \u0106U ZAPLAKATI, Patrik Weiss - Web-knji\u017eara\" \/>\n<meta property=\"og:description\" content=\"Ova knjiga pjesama &#8211; zapisa progovara o ontolo\u0161koj predodre\u0111enosti bi\u0107a na bol. Trag melankolije koji zahva\u0107a svaku riie\u010d, radnju, misao, stvar istupa kao glavni fakticitet toga bi\u0107a koji se toj temeljnoj odre\u0111enosti uzaludno suprotstavlja. Nepripadanje \u017eivota \u017eivotu ono je \u0161to bi\u0107e negativno, ali najtemeljnije odre\u0111uje i rezultat \u010dega je kranja posvema\u0161nja rezignacija. Izme\u0111u nemogu\u0107eg \u017eivljenja [&hellip;]\" \/>\n<meta property=\"og:url\" content=\"https:\/\/webknjizara.hr\/proizvod\/miki-imam-crvenu-mrlju-na-pupku-strah-me-i-osjecam-da-cu-zaplakati-patrik-weiss\/\" \/>\n<meta property=\"og:site_name\" content=\"Web-knji\u017eara\" \/>\n<meta property=\"article:modified_time\" content=\"2023-08-14T11:10:02+00:00\" \/>\n<meta property=\"og:image\" content=\"https:\/\/webknjizara.hr\/wp-content\/uploads\/2023\/08\/Patrik_Weiss_Miki_imam_crvenu_mrlju_na_pupku_strah_me_i_osjecam_da_cu_zaplakati_webknjizara_redak_WEB_1457.jpg\" \/>\n\t<meta property=\"og:image:width\" content=\"300\" \/>\n\t<meta property=\"og:image:height\" content=\"419\" \/>\n\t<meta property=\"og:image:type\" content=\"image\/jpeg\" \/>\n<meta name=\"twitter:card\" content=\"summary_large_image\" \/>\n<meta name=\"twitter:label1\" content=\"Est. reading time\" \/>\n\t<meta name=\"twitter:data1\" content=\"2 minutes\" \/>\n<script type=\"application\/ld+json\" class=\"yoast-schema-graph\">{\"@context\":\"https:\\\/\\\/schema.org\",\"@graph\":[{\"@type\":\"WebPage\",\"@id\":\"https:\\\/\\\/webknjizara.hr\\\/proizvod\\\/miki-imam-crvenu-mrlju-na-pupku-strah-me-i-osjecam-da-cu-zaplakati-patrik-weiss\\\/\",\"url\":\"https:\\\/\\\/webknjizara.hr\\\/proizvod\\\/miki-imam-crvenu-mrlju-na-pupku-strah-me-i-osjecam-da-cu-zaplakati-patrik-weiss\\\/\",\"name\":\"MIKI, IMAM CRVENU MRLJU NA PUPKU, STRAH ME I OSJE\u0106AM DA \u0106U ZAPLAKATI, Patrik Weiss - Web-knji\u017eara\",\"isPartOf\":{\"@id\":\"https:\\\/\\\/webknjizara.hr\\\/#website\"},\"primaryImageOfPage\":{\"@id\":\"https:\\\/\\\/webknjizara.hr\\\/proizvod\\\/miki-imam-crvenu-mrlju-na-pupku-strah-me-i-osjecam-da-cu-zaplakati-patrik-weiss\\\/#primaryimage\"},\"image\":{\"@id\":\"https:\\\/\\\/webknjizara.hr\\\/proizvod\\\/miki-imam-crvenu-mrlju-na-pupku-strah-me-i-osjecam-da-cu-zaplakati-patrik-weiss\\\/#primaryimage\"},\"thumbnailUrl\":\"https:\\\/\\\/webknjizara.hr\\\/wp-content\\\/uploads\\\/2023\\\/08\\\/Patrik_Weiss_Miki_imam_crvenu_mrlju_na_pupku_strah_me_i_osjecam_da_cu_zaplakati_webknjizara_redak_WEB_1457.jpg\",\"datePublished\":\"2023-08-14T11:10:00+00:00\",\"dateModified\":\"2023-08-14T11:10:02+00:00\",\"breadcrumb\":{\"@id\":\"https:\\\/\\\/webknjizara.hr\\\/proizvod\\\/miki-imam-crvenu-mrlju-na-pupku-strah-me-i-osjecam-da-cu-zaplakati-patrik-weiss\\\/#breadcrumb\"},\"inLanguage\":\"en-US\",\"potentialAction\":[{\"@type\":\"ReadAction\",\"target\":[\"https:\\\/\\\/webknjizara.hr\\\/proizvod\\\/miki-imam-crvenu-mrlju-na-pupku-strah-me-i-osjecam-da-cu-zaplakati-patrik-weiss\\\/\"]}]},{\"@type\":\"ImageObject\",\"inLanguage\":\"en-US\",\"@id\":\"https:\\\/\\\/webknjizara.hr\\\/proizvod\\\/miki-imam-crvenu-mrlju-na-pupku-strah-me-i-osjecam-da-cu-zaplakati-patrik-weiss\\\/#primaryimage\",\"url\":\"https:\\\/\\\/webknjizara.hr\\\/wp-content\\\/uploads\\\/2023\\\/08\\\/Patrik_Weiss_Miki_imam_crvenu_mrlju_na_pupku_strah_me_i_osjecam_da_cu_zaplakati_webknjizara_redak_WEB_1457.jpg\",\"contentUrl\":\"https:\\\/\\\/webknjizara.hr\\\/wp-content\\\/uploads\\\/2023\\\/08\\\/Patrik_Weiss_Miki_imam_crvenu_mrlju_na_pupku_strah_me_i_osjecam_da_cu_zaplakati_webknjizara_redak_WEB_1457.jpg\",\"width\":300,\"height\":419},{\"@type\":\"BreadcrumbList\",\"@id\":\"https:\\\/\\\/webknjizara.hr\\\/proizvod\\\/miki-imam-crvenu-mrlju-na-pupku-strah-me-i-osjecam-da-cu-zaplakati-patrik-weiss\\\/#breadcrumb\",\"itemListElement\":[{\"@type\":\"ListItem\",\"position\":1,\"name\":\"Po\u010detna stranica\",\"item\":\"https:\\\/\\\/webknjizara.hr\\\/en\\\/\"},{\"@type\":\"ListItem\",\"position\":2,\"name\":\"Shop\",\"item\":\"https:\\\/\\\/webknjizara.hr\\\/shop\\\/\"},{\"@type\":\"ListItem\",\"position\":3,\"name\":\"MIKI, IMAM CRVENU MRLJU NA PUPKU, STRAH ME I OSJE\u0106AM DA \u0106U ZAPLAKATI, Patrik Weiss\"}]},{\"@type\":\"WebSite\",\"@id\":\"https:\\\/\\\/webknjizara.hr\\\/#website\",\"url\":\"https:\\\/\\\/webknjizara.hr\\\/\",\"name\":\"Web Knji\u017eara\",\"description\":\"\",\"publisher\":{\"@id\":\"https:\\\/\\\/webknjizara.hr\\\/#organization\"},\"potentialAction\":[{\"@type\":\"SearchAction\",\"target\":{\"@type\":\"EntryPoint\",\"urlTemplate\":\"https:\\\/\\\/webknjizara.hr\\\/?s={search_term_string}\"},\"query-input\":{\"@type\":\"PropertyValueSpecification\",\"valueRequired\":true,\"valueName\":\"search_term_string\"}}],\"inLanguage\":\"en-US\"},{\"@type\":\"Organization\",\"@id\":\"https:\\\/\\\/webknjizara.hr\\\/#organization\",\"name\":\"REDAK D.O.O.\",\"url\":\"https:\\\/\\\/webknjizara.hr\\\/\",\"logo\":{\"@type\":\"ImageObject\",\"inLanguage\":\"en-US\",\"@id\":\"https:\\\/\\\/webknjizara.hr\\\/#\\\/schema\\\/logo\\\/image\\\/\",\"url\":\"https:\\\/\\\/webknjizara.hr\\\/wp-content\\\/uploads\\\/2023\\\/01\\\/web-knjizara-logo.webp\",\"contentUrl\":\"https:\\\/\\\/webknjizara.hr\\\/wp-content\\\/uploads\\\/2023\\\/01\\\/web-knjizara-logo.webp\",\"width\":324,\"height\":79,\"caption\":\"REDAK D.O.O.\"},\"image\":{\"@id\":\"https:\\\/\\\/webknjizara.hr\\\/#\\\/schema\\\/logo\\\/image\\\/\"}}]}<\/script>\n<!-- \/ Yoast SEO plugin. -->","yoast_head_json":{"title":"MIKI, IMAM CRVENU MRLJU NA PUPKU, STRAH ME I OSJE\u0106AM DA \u0106U ZAPLAKATI, Patrik Weiss - Web-knji\u017eara","robots":{"index":"index","follow":"follow","max-snippet":"max-snippet:-1","max-image-preview":"max-image-preview:large","max-video-preview":"max-video-preview:-1"},"canonical":"https:\/\/webknjizara.hr\/proizvod\/miki-imam-crvenu-mrlju-na-pupku-strah-me-i-osjecam-da-cu-zaplakati-patrik-weiss\/","og_locale":"en_US","og_type":"article","og_title":"MIKI, IMAM CRVENU MRLJU NA PUPKU, STRAH ME I OSJE\u0106AM DA \u0106U ZAPLAKATI, Patrik Weiss - Web-knji\u017eara","og_description":"Ova knjiga pjesama &#8211; zapisa progovara o ontolo\u0161koj predodre\u0111enosti bi\u0107a na bol. Trag melankolije koji zahva\u0107a svaku riie\u010d, radnju, misao, stvar istupa kao glavni fakticitet toga bi\u0107a koji se toj temeljnoj odre\u0111enosti uzaludno suprotstavlja. Nepripadanje \u017eivota \u017eivotu ono je \u0161to bi\u0107e negativno, ali najtemeljnije odre\u0111uje i rezultat \u010dega je kranja posvema\u0161nja rezignacija. Izme\u0111u nemogu\u0107eg \u017eivljenja [&hellip;]","og_url":"https:\/\/webknjizara.hr\/proizvod\/miki-imam-crvenu-mrlju-na-pupku-strah-me-i-osjecam-da-cu-zaplakati-patrik-weiss\/","og_site_name":"Web-knji\u017eara","article_modified_time":"2023-08-14T11:10:02+00:00","og_image":[{"width":300,"height":419,"url":"https:\/\/webknjizara.hr\/wp-content\/uploads\/2023\/08\/Patrik_Weiss_Miki_imam_crvenu_mrlju_na_pupku_strah_me_i_osjecam_da_cu_zaplakati_webknjizara_redak_WEB_1457.jpg","type":"image\/jpeg"}],"twitter_card":"summary_large_image","twitter_misc":{"Est. reading time":"2 minutes"},"schema":{"@context":"https:\/\/schema.org","@graph":[{"@type":"WebPage","@id":"https:\/\/webknjizara.hr\/proizvod\/miki-imam-crvenu-mrlju-na-pupku-strah-me-i-osjecam-da-cu-zaplakati-patrik-weiss\/","url":"https:\/\/webknjizara.hr\/proizvod\/miki-imam-crvenu-mrlju-na-pupku-strah-me-i-osjecam-da-cu-zaplakati-patrik-weiss\/","name":"MIKI, IMAM CRVENU MRLJU NA PUPKU, STRAH ME I OSJE\u0106AM DA \u0106U ZAPLAKATI, Patrik Weiss - Web-knji\u017eara","isPartOf":{"@id":"https:\/\/webknjizara.hr\/#website"},"primaryImageOfPage":{"@id":"https:\/\/webknjizara.hr\/proizvod\/miki-imam-crvenu-mrlju-na-pupku-strah-me-i-osjecam-da-cu-zaplakati-patrik-weiss\/#primaryimage"},"image":{"@id":"https:\/\/webknjizara.hr\/proizvod\/miki-imam-crvenu-mrlju-na-pupku-strah-me-i-osjecam-da-cu-zaplakati-patrik-weiss\/#primaryimage"},"thumbnailUrl":"https:\/\/webknjizara.hr\/wp-content\/uploads\/2023\/08\/Patrik_Weiss_Miki_imam_crvenu_mrlju_na_pupku_strah_me_i_osjecam_da_cu_zaplakati_webknjizara_redak_WEB_1457.jpg","datePublished":"2023-08-14T11:10:00+00:00","dateModified":"2023-08-14T11:10:02+00:00","breadcrumb":{"@id":"https:\/\/webknjizara.hr\/proizvod\/miki-imam-crvenu-mrlju-na-pupku-strah-me-i-osjecam-da-cu-zaplakati-patrik-weiss\/#breadcrumb"},"inLanguage":"en-US","potentialAction":[{"@type":"ReadAction","target":["https:\/\/webknjizara.hr\/proizvod\/miki-imam-crvenu-mrlju-na-pupku-strah-me-i-osjecam-da-cu-zaplakati-patrik-weiss\/"]}]},{"@type":"ImageObject","inLanguage":"en-US","@id":"https:\/\/webknjizara.hr\/proizvod\/miki-imam-crvenu-mrlju-na-pupku-strah-me-i-osjecam-da-cu-zaplakati-patrik-weiss\/#primaryimage","url":"https:\/\/webknjizara.hr\/wp-content\/uploads\/2023\/08\/Patrik_Weiss_Miki_imam_crvenu_mrlju_na_pupku_strah_me_i_osjecam_da_cu_zaplakati_webknjizara_redak_WEB_1457.jpg","contentUrl":"https:\/\/webknjizara.hr\/wp-content\/uploads\/2023\/08\/Patrik_Weiss_Miki_imam_crvenu_mrlju_na_pupku_strah_me_i_osjecam_da_cu_zaplakati_webknjizara_redak_WEB_1457.jpg","width":300,"height":419},{"@type":"BreadcrumbList","@id":"https:\/\/webknjizara.hr\/proizvod\/miki-imam-crvenu-mrlju-na-pupku-strah-me-i-osjecam-da-cu-zaplakati-patrik-weiss\/#breadcrumb","itemListElement":[{"@type":"ListItem","position":1,"name":"Po\u010detna stranica","item":"https:\/\/webknjizara.hr\/en\/"},{"@type":"ListItem","position":2,"name":"Shop","item":"https:\/\/webknjizara.hr\/shop\/"},{"@type":"ListItem","position":3,"name":"MIKI, IMAM CRVENU MRLJU NA PUPKU, STRAH ME I OSJE\u0106AM DA \u0106U ZAPLAKATI, Patrik Weiss"}]},{"@type":"WebSite","@id":"https:\/\/webknjizara.hr\/#website","url":"https:\/\/webknjizara.hr\/","name":"Web Knji\u017eara","description":"","publisher":{"@id":"https:\/\/webknjizara.hr\/#organization"},"potentialAction":[{"@type":"SearchAction","target":{"@type":"EntryPoint","urlTemplate":"https:\/\/webknjizara.hr\/?s={search_term_string}"},"query-input":{"@type":"PropertyValueSpecification","valueRequired":true,"valueName":"search_term_string"}}],"inLanguage":"en-US"},{"@type":"Organization","@id":"https:\/\/webknjizara.hr\/#organization","name":"REDAK D.O.O.","url":"https:\/\/webknjizara.hr\/","logo":{"@type":"ImageObject","inLanguage":"en-US","@id":"https:\/\/webknjizara.hr\/#\/schema\/logo\/image\/","url":"https:\/\/webknjizara.hr\/wp-content\/uploads\/2023\/01\/web-knjizara-logo.webp","contentUrl":"https:\/\/webknjizara.hr\/wp-content\/uploads\/2023\/01\/web-knjizara-logo.webp","width":324,"height":79,"caption":"REDAK D.O.O."},"image":{"@id":"https:\/\/webknjizara.hr\/#\/schema\/logo\/image\/"}}]}},"_links":{"self":[{"href":"https:\/\/webknjizara.hr\/en\/wp-json\/wp\/v2\/product\/15008","targetHints":{"allow":["GET"]}}],"collection":[{"href":"https:\/\/webknjizara.hr\/en\/wp-json\/wp\/v2\/product"}],"about":[{"href":"https:\/\/webknjizara.hr\/en\/wp-json\/wp\/v2\/types\/product"}],"replies":[{"embeddable":true,"href":"https:\/\/webknjizara.hr\/en\/wp-json\/wp\/v2\/comments?post=15008"}],"wp:featuredmedia":[{"embeddable":true,"href":"https:\/\/webknjizara.hr\/en\/wp-json\/wp\/v2\/media\/15009"}],"wp:attachment":[{"href":"https:\/\/webknjizara.hr\/en\/wp-json\/wp\/v2\/media?parent=15008"}],"wp:term":[{"taxonomy":"product_brand","embeddable":true,"href":"https:\/\/webknjizara.hr\/en\/wp-json\/wp\/v2\/product_brand?post=15008"},{"taxonomy":"product_cat","embeddable":true,"href":"https:\/\/webknjizara.hr\/en\/wp-json\/wp\/v2\/product_cat?post=15008"},{"taxonomy":"product_tag","embeddable":true,"href":"https:\/\/webknjizara.hr\/en\/wp-json\/wp\/v2\/product_tag?post=15008"}],"curies":[{"name":"wp","href":"https:\/\/api.w.org\/{rel}","templated":true}]}}