{"id":14997,"date":"2023-08-11T11:56:42","date_gmt":"2023-08-11T09:56:42","guid":{"rendered":"https:\/\/webknjizara.hr\/?post_type=product&#038;p=14997"},"modified":"2023-08-11T11:56:54","modified_gmt":"2023-08-11T09:56:54","slug":"lori-ankica-brekalo","status":"publish","type":"product","link":"https:\/\/webknjizara.hr\/en\/proizvod\/lori-ankica-brekalo\/","title":{"rendered":"LORI, Ankica Brekalo"},"content":{"rendered":"<p align=\"JUSTIFY\"><span style=\"color: #000000;\">Sadr\u017eaj ovog pitkog \u0161tiva na jednostavan i slikovit na\u010din, koriste\u0107i naj\u010de\u0161\u0107e dje\u010dju logiku, nastoji pojasniti apstraktne pojmove ljudskog uma i duha, njihovu aktivnost i me\u0111uovisnost, ali i ukazati na neslu\u0107ene sposobnosti i mo\u0107 kada se udru\u017ee. <\/span><\/p>\n<p align=\"JUSTIFY\"><span style=\"color: #000000;\">To je ujedno i okvirna pri\u010da unutar koje su ispri\u010dane kratke pri\u010de o nadnaravnim iskustavima, a pro\u017eivljavaju ih troje bi\u0107a jedne te iste osobe:<\/span> <span style=\"color: #000000;\">djevoj\u010dica Lori, razigrana i ma\u0161tovita, poistovje\u0107ena je s na\u0161im duhovnim bi\u0107em, Lora s odraslim dijelom nas koji je u dodiru s fizi\u010dkom stvarno\u0161\u0107u, razmi\u0161lja i djeluje, a Loren s krutim roditeljem koji se \u010dvrsto dr\u017ei svojih znanja. <\/span><\/p>\n<p align=\"JUSTIFY\">Godinama zanemarivana Lori, odlu\u010dila je izboriti se za njihovu pa\u017enju i prihva\u0107anje pa se po\u010dela najprije potajno igrati njihovim mislima. Na \u010dudnovate na\u010dine bi im ispunjavala \u017eelje i rje\u0161avala nerje\u0161ive probleme, prire\u0111uju\u0107i im razna iznena\u0111enja i neo\u010dekivane obrate situacija i pri tome se lijepo zabavljala. Kako je uspjela ste\u0107i njihovo povjerenje i pridobiti ih za suradnju, saznaje se iz zanimljivih pri\u010da temeljenih na istinitim doga\u0111ajima.<\/p>\n<p align=\"JUSTIFY\"><span style=\"font-family: Arial, sans-serif;\"><span lang=\"hr-HR\"><b>Bilje\u0161ka o autorici: <\/b><\/span><\/span><\/p>\n<p align=\"JUSTIFY\"><span style=\"color: #000000;\">Ankica Brekalo, holisti\u010dka iscjeliteljica, pisanjem se po\u010dela baviti tek u svojim zrelim godinama, do kada je sakupljala bogato \u017eivotno iskustvo iz kojeg je u\u010dila i osloba\u0111ala svoj duhovni potencijal. To je ujedno i sadr\u017eaj njene prve knjige \u201eOtac, Sin i ja\u201c, nagra\u0111ene knji\u017eevnom nagradom <\/span><span style=\"color: #000000;\"><i>Goran\u010dica<\/i><\/span><span style=\"color: #000000;\">, rije\u010dkoga <\/span><span style=\"color: #000000;\"><i>Novoga lista<\/i><\/span><span style=\"color: #000000;\">.<\/span><\/p>\n<p align=\"JUSTIFY\"><span style=\"color: #000000;\">Prije dvadeset godina aktivno se po\u010dela baviti bioenergijskim terapijama, kojima je od\u0161krinula vrata u otkrivanju duhovnih sposobnosti \u010dovjeka. Vo\u0111ena Isusovim rije\u010dima: \u201eSve \u0161to mogu ja, mo\u017eete i vi\u201c, slutila je da u duhovnom dijelu ljudskoga bi\u0107a le\u017ei ta nadnaravna mo\u0107 pa je po\u010dela istra\u017eivati tajne ljudskoga duha i uma. <\/span><\/p>\n<p align=\"JUSTIFY\"><span style=\"color: #000000;\">Svoje spoznaje i iskustva o tome podijelila je, ovom knjigom, s vama. <\/span><\/p>\n<p><span style=\"font-family: Arial, sans-serif;\"><span lang=\"hr-HR\"><b>E-mail: <\/b><\/span><\/span><a href=\"MAILTO:ankica.brekalo@net.hr\" target=\"_blank\" rel=\"noopener\"><span style=\"color: #000000;\"><span style=\"font-family: Arial, sans-serif;\">Ankica Brekalo<\/span><\/span><\/a><\/p>\n<p>&nbsp;<\/p>\n<p><strong><span style=\"font-family: Arial, sans-serif;\">Naslov: <\/span><\/strong><strong><span style=\"font-family: Arial, sans-serif;\">LORI<\/span><\/strong><span style=\"font-family: Arial, sans-serif;\"><br \/>\n<\/span><strong><span style=\"font-family: Arial, sans-serif;\">Autorica:<\/span><\/strong><span style=\"font-family: Arial, sans-serif;\"> Ankica Brekalo<br \/>\n<\/span><strong><span style=\"font-family: Arial, sans-serif;\">Broj stranica: <\/span><\/strong><span style=\"font-family: Arial, sans-serif;\"><br \/>\n<\/span><strong><span style=\"font-family: Arial, sans-serif;\">Nakladnik: <\/span><\/strong><strong><span style=\"font-family: Arial, sans-serif;\">REDAK<\/span><\/strong><span style=\"font-family: Arial, sans-serif;\"><br \/>\n<\/span><strong><span style=\"font-family: Arial, sans-serif;\">Godina izdanja: <\/span><\/strong><strong><span style=\"font-family: Arial, sans-serif;\">2023.<br \/>\n<\/span><\/strong><strong><span style=\"font-family: Arial, sans-serif;\">ISBN:<\/span><\/strong><span style=\"font-family: Arial, sans-serif;\"> 978-953-336-951-8<br \/>\n<\/span><strong><span style=\"font-family: Arial, sans-serif;\">Tisak:<\/span><\/strong><span style=\"font-family: Arial, sans-serif;\"> digitalni tisak knjiga &#8211; print na zahtjev<\/span><\/p>\n","protected":false},"excerpt":{"rendered":"<p>Sadr\u017eaj ovog pitkog \u0161tiva na jednostavan i slikovit na\u010din, koriste\u0107i naj\u010de\u0161\u0107e dje\u010dju logiku, nastoji pojasniti apstraktne pojmove ljudskog uma i duha, njihovu aktivnost i me\u0111uovisnost, ali i ukazati na neslu\u0107ene sposobnosti i mo\u0107 kada se udru\u017ee. To je ujedno i okvirna pri\u010da unutar koje su ispri\u010dane kratke pri\u010de o nadnaravnim iskustavima, a pro\u017eivljavaju ih troje [&hellip;]<\/p>\n","protected":false},"featured_media":14998,"comment_status":"open","ping_status":"closed","template":"","meta":{"_acf_changed":false},"product_brand":[],"product_cat":[1607],"product_tag":[],"class_list":{"0":"post-14997","1":"product","2":"type-product","3":"status-publish","4":"has-post-thumbnail","6":"product_cat-proza","7":"pa_autor-ankica-brekalo","8":"pa_nakladnik-redak","10":"first","11":"instock","12":"shipping-taxable","13":"purchasable","14":"product-type-simple"},"acf":[],"yoast_head":"<!-- This site is optimized with the Yoast SEO plugin v27.3 - https:\/\/yoast.com\/product\/yoast-seo-wordpress\/ -->\n<title>LORI, Ankica Brekalo - Web-knji\u017eara<\/title>\n<meta name=\"robots\" content=\"index, follow, max-snippet:-1, max-image-preview:large, max-video-preview:-1\" \/>\n<link rel=\"canonical\" href=\"https:\/\/webknjizara.hr\/proizvod\/lori-ankica-brekalo\/\" \/>\n<meta property=\"og:locale\" content=\"en_US\" \/>\n<meta property=\"og:type\" content=\"article\" \/>\n<meta property=\"og:title\" content=\"LORI, Ankica Brekalo - Web-knji\u017eara\" \/>\n<meta property=\"og:description\" content=\"Sadr\u017eaj ovog pitkog \u0161tiva na jednostavan i slikovit na\u010din, koriste\u0107i naj\u010de\u0161\u0107e dje\u010dju logiku, nastoji pojasniti apstraktne pojmove ljudskog uma i duha, njihovu aktivnost i me\u0111uovisnost, ali i ukazati na neslu\u0107ene sposobnosti i mo\u0107 kada se udru\u017ee. To je ujedno i okvirna pri\u010da unutar koje su ispri\u010dane kratke pri\u010de o nadnaravnim iskustavima, a pro\u017eivljavaju ih troje [&hellip;]\" \/>\n<meta property=\"og:url\" content=\"https:\/\/webknjizara.hr\/proizvod\/lori-ankica-brekalo\/\" \/>\n<meta property=\"og:site_name\" content=\"Web-knji\u017eara\" \/>\n<meta property=\"article:modified_time\" content=\"2023-08-11T09:56:54+00:00\" \/>\n<meta property=\"og:image\" content=\"https:\/\/webknjizara.hr\/wp-content\/uploads\/2023\/08\/Ankica_Brekalo_LORI_webknjizara_redak_WEB_1458.jpg\" \/>\n\t<meta property=\"og:image:width\" content=\"300\" \/>\n\t<meta property=\"og:image:height\" content=\"419\" \/>\n\t<meta property=\"og:image:type\" content=\"image\/jpeg\" \/>\n<meta name=\"twitter:card\" content=\"summary_large_image\" \/>\n<meta name=\"twitter:label1\" content=\"Est. reading time\" \/>\n\t<meta name=\"twitter:data1\" content=\"2 minutes\" \/>\n<script type=\"application\/ld+json\" class=\"yoast-schema-graph\">{\"@context\":\"https:\\\/\\\/schema.org\",\"@graph\":[{\"@type\":\"WebPage\",\"@id\":\"https:\\\/\\\/webknjizara.hr\\\/proizvod\\\/lori-ankica-brekalo\\\/\",\"url\":\"https:\\\/\\\/webknjizara.hr\\\/proizvod\\\/lori-ankica-brekalo\\\/\",\"name\":\"LORI, Ankica Brekalo - Web-knji\u017eara\",\"isPartOf\":{\"@id\":\"https:\\\/\\\/webknjizara.hr\\\/#website\"},\"primaryImageOfPage\":{\"@id\":\"https:\\\/\\\/webknjizara.hr\\\/proizvod\\\/lori-ankica-brekalo\\\/#primaryimage\"},\"image\":{\"@id\":\"https:\\\/\\\/webknjizara.hr\\\/proizvod\\\/lori-ankica-brekalo\\\/#primaryimage\"},\"thumbnailUrl\":\"https:\\\/\\\/webknjizara.hr\\\/wp-content\\\/uploads\\\/2023\\\/08\\\/Ankica_Brekalo_LORI_webknjizara_redak_WEB_1458.jpg\",\"datePublished\":\"2023-08-11T09:56:42+00:00\",\"dateModified\":\"2023-08-11T09:56:54+00:00\",\"breadcrumb\":{\"@id\":\"https:\\\/\\\/webknjizara.hr\\\/proizvod\\\/lori-ankica-brekalo\\\/#breadcrumb\"},\"inLanguage\":\"en-US\",\"potentialAction\":[{\"@type\":\"ReadAction\",\"target\":[\"https:\\\/\\\/webknjizara.hr\\\/proizvod\\\/lori-ankica-brekalo\\\/\"]}]},{\"@type\":\"ImageObject\",\"inLanguage\":\"en-US\",\"@id\":\"https:\\\/\\\/webknjizara.hr\\\/proizvod\\\/lori-ankica-brekalo\\\/#primaryimage\",\"url\":\"https:\\\/\\\/webknjizara.hr\\\/wp-content\\\/uploads\\\/2023\\\/08\\\/Ankica_Brekalo_LORI_webknjizara_redak_WEB_1458.jpg\",\"contentUrl\":\"https:\\\/\\\/webknjizara.hr\\\/wp-content\\\/uploads\\\/2023\\\/08\\\/Ankica_Brekalo_LORI_webknjizara_redak_WEB_1458.jpg\",\"width\":300,\"height\":419},{\"@type\":\"BreadcrumbList\",\"@id\":\"https:\\\/\\\/webknjizara.hr\\\/proizvod\\\/lori-ankica-brekalo\\\/#breadcrumb\",\"itemListElement\":[{\"@type\":\"ListItem\",\"position\":1,\"name\":\"Po\u010detna stranica\",\"item\":\"https:\\\/\\\/webknjizara.hr\\\/en\\\/\"},{\"@type\":\"ListItem\",\"position\":2,\"name\":\"Shop\",\"item\":\"https:\\\/\\\/webknjizara.hr\\\/shop\\\/\"},{\"@type\":\"ListItem\",\"position\":3,\"name\":\"LORI, Ankica Brekalo\"}]},{\"@type\":\"WebSite\",\"@id\":\"https:\\\/\\\/webknjizara.hr\\\/#website\",\"url\":\"https:\\\/\\\/webknjizara.hr\\\/\",\"name\":\"Web Knji\u017eara\",\"description\":\"\",\"publisher\":{\"@id\":\"https:\\\/\\\/webknjizara.hr\\\/#organization\"},\"potentialAction\":[{\"@type\":\"SearchAction\",\"target\":{\"@type\":\"EntryPoint\",\"urlTemplate\":\"https:\\\/\\\/webknjizara.hr\\\/?s={search_term_string}\"},\"query-input\":{\"@type\":\"PropertyValueSpecification\",\"valueRequired\":true,\"valueName\":\"search_term_string\"}}],\"inLanguage\":\"en-US\"},{\"@type\":\"Organization\",\"@id\":\"https:\\\/\\\/webknjizara.hr\\\/#organization\",\"name\":\"REDAK D.O.O.\",\"url\":\"https:\\\/\\\/webknjizara.hr\\\/\",\"logo\":{\"@type\":\"ImageObject\",\"inLanguage\":\"en-US\",\"@id\":\"https:\\\/\\\/webknjizara.hr\\\/#\\\/schema\\\/logo\\\/image\\\/\",\"url\":\"https:\\\/\\\/webknjizara.hr\\\/wp-content\\\/uploads\\\/2023\\\/01\\\/web-knjizara-logo.webp\",\"contentUrl\":\"https:\\\/\\\/webknjizara.hr\\\/wp-content\\\/uploads\\\/2023\\\/01\\\/web-knjizara-logo.webp\",\"width\":324,\"height\":79,\"caption\":\"REDAK D.O.O.\"},\"image\":{\"@id\":\"https:\\\/\\\/webknjizara.hr\\\/#\\\/schema\\\/logo\\\/image\\\/\"}}]}<\/script>\n<!-- \/ Yoast SEO plugin. -->","yoast_head_json":{"title":"LORI, Ankica Brekalo - Web-knji\u017eara","robots":{"index":"index","follow":"follow","max-snippet":"max-snippet:-1","max-image-preview":"max-image-preview:large","max-video-preview":"max-video-preview:-1"},"canonical":"https:\/\/webknjizara.hr\/proizvod\/lori-ankica-brekalo\/","og_locale":"en_US","og_type":"article","og_title":"LORI, Ankica Brekalo - Web-knji\u017eara","og_description":"Sadr\u017eaj ovog pitkog \u0161tiva na jednostavan i slikovit na\u010din, koriste\u0107i naj\u010de\u0161\u0107e dje\u010dju logiku, nastoji pojasniti apstraktne pojmove ljudskog uma i duha, njihovu aktivnost i me\u0111uovisnost, ali i ukazati na neslu\u0107ene sposobnosti i mo\u0107 kada se udru\u017ee. To je ujedno i okvirna pri\u010da unutar koje su ispri\u010dane kratke pri\u010de o nadnaravnim iskustavima, a pro\u017eivljavaju ih troje [&hellip;]","og_url":"https:\/\/webknjizara.hr\/proizvod\/lori-ankica-brekalo\/","og_site_name":"Web-knji\u017eara","article_modified_time":"2023-08-11T09:56:54+00:00","og_image":[{"width":300,"height":419,"url":"https:\/\/webknjizara.hr\/wp-content\/uploads\/2023\/08\/Ankica_Brekalo_LORI_webknjizara_redak_WEB_1458.jpg","type":"image\/jpeg"}],"twitter_card":"summary_large_image","twitter_misc":{"Est. reading time":"2 minutes"},"schema":{"@context":"https:\/\/schema.org","@graph":[{"@type":"WebPage","@id":"https:\/\/webknjizara.hr\/proizvod\/lori-ankica-brekalo\/","url":"https:\/\/webknjizara.hr\/proizvod\/lori-ankica-brekalo\/","name":"LORI, Ankica Brekalo - Web-knji\u017eara","isPartOf":{"@id":"https:\/\/webknjizara.hr\/#website"},"primaryImageOfPage":{"@id":"https:\/\/webknjizara.hr\/proizvod\/lori-ankica-brekalo\/#primaryimage"},"image":{"@id":"https:\/\/webknjizara.hr\/proizvod\/lori-ankica-brekalo\/#primaryimage"},"thumbnailUrl":"https:\/\/webknjizara.hr\/wp-content\/uploads\/2023\/08\/Ankica_Brekalo_LORI_webknjizara_redak_WEB_1458.jpg","datePublished":"2023-08-11T09:56:42+00:00","dateModified":"2023-08-11T09:56:54+00:00","breadcrumb":{"@id":"https:\/\/webknjizara.hr\/proizvod\/lori-ankica-brekalo\/#breadcrumb"},"inLanguage":"en-US","potentialAction":[{"@type":"ReadAction","target":["https:\/\/webknjizara.hr\/proizvod\/lori-ankica-brekalo\/"]}]},{"@type":"ImageObject","inLanguage":"en-US","@id":"https:\/\/webknjizara.hr\/proizvod\/lori-ankica-brekalo\/#primaryimage","url":"https:\/\/webknjizara.hr\/wp-content\/uploads\/2023\/08\/Ankica_Brekalo_LORI_webknjizara_redak_WEB_1458.jpg","contentUrl":"https:\/\/webknjizara.hr\/wp-content\/uploads\/2023\/08\/Ankica_Brekalo_LORI_webknjizara_redak_WEB_1458.jpg","width":300,"height":419},{"@type":"BreadcrumbList","@id":"https:\/\/webknjizara.hr\/proizvod\/lori-ankica-brekalo\/#breadcrumb","itemListElement":[{"@type":"ListItem","position":1,"name":"Po\u010detna stranica","item":"https:\/\/webknjizara.hr\/en\/"},{"@type":"ListItem","position":2,"name":"Shop","item":"https:\/\/webknjizara.hr\/shop\/"},{"@type":"ListItem","position":3,"name":"LORI, Ankica Brekalo"}]},{"@type":"WebSite","@id":"https:\/\/webknjizara.hr\/#website","url":"https:\/\/webknjizara.hr\/","name":"Web Knji\u017eara","description":"","publisher":{"@id":"https:\/\/webknjizara.hr\/#organization"},"potentialAction":[{"@type":"SearchAction","target":{"@type":"EntryPoint","urlTemplate":"https:\/\/webknjizara.hr\/?s={search_term_string}"},"query-input":{"@type":"PropertyValueSpecification","valueRequired":true,"valueName":"search_term_string"}}],"inLanguage":"en-US"},{"@type":"Organization","@id":"https:\/\/webknjizara.hr\/#organization","name":"REDAK D.O.O.","url":"https:\/\/webknjizara.hr\/","logo":{"@type":"ImageObject","inLanguage":"en-US","@id":"https:\/\/webknjizara.hr\/#\/schema\/logo\/image\/","url":"https:\/\/webknjizara.hr\/wp-content\/uploads\/2023\/01\/web-knjizara-logo.webp","contentUrl":"https:\/\/webknjizara.hr\/wp-content\/uploads\/2023\/01\/web-knjizara-logo.webp","width":324,"height":79,"caption":"REDAK D.O.O."},"image":{"@id":"https:\/\/webknjizara.hr\/#\/schema\/logo\/image\/"}}]}},"_links":{"self":[{"href":"https:\/\/webknjizara.hr\/en\/wp-json\/wp\/v2\/product\/14997","targetHints":{"allow":["GET"]}}],"collection":[{"href":"https:\/\/webknjizara.hr\/en\/wp-json\/wp\/v2\/product"}],"about":[{"href":"https:\/\/webknjizara.hr\/en\/wp-json\/wp\/v2\/types\/product"}],"replies":[{"embeddable":true,"href":"https:\/\/webknjizara.hr\/en\/wp-json\/wp\/v2\/comments?post=14997"}],"wp:featuredmedia":[{"embeddable":true,"href":"https:\/\/webknjizara.hr\/en\/wp-json\/wp\/v2\/media\/14998"}],"wp:attachment":[{"href":"https:\/\/webknjizara.hr\/en\/wp-json\/wp\/v2\/media?parent=14997"}],"wp:term":[{"taxonomy":"product_brand","embeddable":true,"href":"https:\/\/webknjizara.hr\/en\/wp-json\/wp\/v2\/product_brand?post=14997"},{"taxonomy":"product_cat","embeddable":true,"href":"https:\/\/webknjizara.hr\/en\/wp-json\/wp\/v2\/product_cat?post=14997"},{"taxonomy":"product_tag","embeddable":true,"href":"https:\/\/webknjizara.hr\/en\/wp-json\/wp\/v2\/product_tag?post=14997"}],"curies":[{"name":"wp","href":"https:\/\/api.w.org\/{rel}","templated":true}]}}