{"id":14791,"date":"2023-07-03T14:11:26","date_gmt":"2023-07-03T12:11:26","guid":{"rendered":"https:\/\/webknjizara.hr\/?post_type=product&#038;p=14791"},"modified":"2023-07-05T07:52:24","modified_gmt":"2023-07-05T05:52:24","slug":"mikrovalno-inzenjerstvo-i-radiokomunikacije-miroslav-joler","status":"publish","type":"product","link":"https:\/\/webknjizara.hr\/en\/proizvod\/mikrovalno-inzenjerstvo-i-radiokomunikacije-miroslav-joler\/","title":{"rendered":"MIKROVALNO IN\u017dENJERSTVO I RADIOKOMUNIKACIJE, Miroslav Joler"},"content":{"rendered":"<p align=\"JUSTIFY\">Ovaj priru\u010dnik unutar 252 lista sadr\u017ei 8 poglavlja, 4 dodatka, 82 slike i 142 zadatka, od \u010dega su 62 potpuno rije\u0161ena, a 80 je zadano za samostalnu vje\u017ebu, uz prilo\u017een kona\u010dni rezultat u dodatku na kraju priru\u010dnika. Uz to, na po\u010detku svake cjeline uklju\u010den je i repetitorij s jezgrovitim prikazom relevantne teorije koji korisnika priprema za uspje\u0161no pra\u0107enje rije\u0161enih primjera i rje\u0161avanje uklju\u010denih vje\u017ebovnih zadataka.<\/p>\n<p align=\"JUSTIFY\">Priru\u010dnik je primarno namijenjen studentima diplomskog studija elektrotehnike u kolegijima koji se tipi\u010dno zovu <i>Polja i valovi<\/i>, <i>Mikrovalno in\u017eenjerstvo<\/i>, Mikrovalna elektronika, <i>Radiokomunikacije<\/i> ili <i>Antene<\/i>, ali pojedine cjeline mogu poslu\u017eiti i studentima studija ra\u010dunalstva u kolegijima kao \u0161to su <i>Mobilne komunikacije<\/i>, kao i u nekim kolegijima stru\u010dnih i specijalisti\u010dkih studija u srodnim poljima. Zbirku \u010dine tri glavne cjeline:<\/p>\n<p align=\"JUSTIFY\">i) osnove \u0161irenja elektromagnetskog vala<\/p>\n<p align=\"JUSTIFY\">ii) mikrovalne tehnike<\/p>\n<p align=\"JUSTIFY\">iii) radiokomunikacijski modeli za analizu \u0161irenja elektromagnetskog vala.<\/p>\n<p align=\"JUSTIFY\">Hrvatska stru\u010dna literatura u ovom tematskom podru\u010dju ne obiluje ud\u017ebenicima niti zbirkama primjera za vje\u017ebu, a pritom je prisutna i razlika u na\u010dinu obrade pojedinih tema, pa ova zbirka daje doprinos u ovom va\u017enom, zanimljivom i dinami\u010dnom znanstvenom i tehnologijskom polju, \u0161to su i recenzenti prepoznali i izrazili u svojim komentarima. Zbirka bi trebala biti korisna ne samo polaznicima sveu\u010dili\u0161nih studija nego i diplomiranim in\u017eenjerima koji \u017eele ponoviti ili unaprijediti svoje znanje iz ovoga gradiva.<\/p>\n<p align=\"JUSTIFY\">Svako poglavlje u Zbirci sadr\u017ei odgovaraju\u0107i broj potpuno rije\u0161enih primjera, a uz to i dovoljan broj zadataka koji su popra\u0107eni samo kona\u010dnim rezultatom na kraju Zbirke, \u010dime se korisnika poti\u010de na aktivno u\u010denje. Zavr\u0161ni dio Zbirke sadr\u017ei i dodatak s kratkim pregledom \u010desto kori\u0161tenih formula, poveznice na grafi\u010dke obrasce koji su potrebni za rje\u0161avanje nekih vrsta zadataka, poveznicu na ra\u010dunalne aplikacije i popis naj\u010de\u0161\u0107ih kratica kori\u0161tenih u tekstu te naj\u010de\u0161\u0107ih mjernih jedinica i konstanti.<\/p>\n<p align=\"JUSTIFY\"><span style=\"font-family: Arial, sans-serif;\"><span lang=\"hr-HR\"><b>Bilje\u0161ka o autoru:<\/b><\/span><\/span><\/p>\n<p>Miroslav Joler diplomirao je 1996. godine na Fakultetu elektrotehnike i ra\u010dunarstva u Zagrebu. Od 1996. do 1999. godine bio je zaposlen u tvrtki Oda\u0161ilja\u010di i veze na poslovima planiranja i projektiranja mre\u017ee TV oda\u0161ilja\u010da i pretvara\u010da. Magistrirao je 2001. godine, a doktorirao 2006. godine, i jedno i drugo u SAD-u, na sveu\u010dili\u0161tu The University of New Mexico. Kao poslijedoktorand, 2006. godine usavr\u0161avao se na Portland State University, SAD, a kasnije kao gostuju\u0107i profesor boravio i na Brno University of Technology, Brno, \u010ce\u0161ka Republika. Od 2007. godine stalno je zaposlen na Tehni\u010dkom fakultetu Sveu\u010dili\u0161ta u Rijeci, danas u zvanju redovitog profesora i voditelja Katedre za komunikacijske sustave, a obna\u0161ao je i du\u017enosti voditelja laboratorija i predstojnika zavoda te sudjelovao u radu raznih fakultetskih povjerenstava.<\/p>\n<p>Prof. Joler redovito sudjeluje na me\u0111unarodnim znanstvenim konferencijama i objavljuje znanstvene radove u utjecajnim me\u0111unarodnim \u010dasopisima, a kao suradnik ili voditelj sudjelovao je u vi\u0161e znanstveno-istra\u017eiva\u010dkih projekata u SAD-u i Hrvatskoj. Mentorirao je vi\u0161e desetaka studenata pri izradi njihovih diplomskih radova te bio recenzentom i \u010dlanom povjerenstava za obranu vi\u0161e doktorskih disertacija doma\u0107ih i stranih studenata. Sudjelovao je u izradi ili modernizaciji sveu\u010dili\u0161nih studijskih programa u koje je uveo i nove predmete. Redovito djeluje i kao recenzent radova u me\u0111unarodnim znanstvenim \u010dasopisima i na skupovima, a bio je i evaluator za Ministarstvo znanosti, obrazovanja i sporta RH, Hrvatsku zakladu za znanost, odnosno Znanstveno-tehnologijski park Sveu\u010dili\u0161ta u Rijeci. Odr\u017eao je vi\u0161e pozvanih predavanja na me\u0111unarodnim znanstvenim konferencijama i sveu\u010dili\u0161tima.<\/p>\n<p>Dobitnik je nagrade za istra\u017eiva\u010dku aktivnost pri University of New Mexico 2001. godine. Od 2017. godine suradnik je Akademije tehni\u010dkih znanosti Hrvatske, a od 2019. godine, u krovnoj svjetskoj strukovnoj organizaciji in\u017eenjera, IEEE, promaknut je u status <em>Senior Member<\/em>. Dobitnik je i dvaju inozemnih priznanja <em>Best Oral Presentation<\/em> za najbolja izlaganja na me\u0111unarodnim znanstvenim skupovima.<\/p>\n<p><span style=\"font-family: Arial, sans-serif;\"><span lang=\"hr-HR\"><b>Link: <\/b><\/span><\/span><a href=\"http:\/\/www.mjoler.info\" target=\"_blank\" rel=\"noopener\">http:\/\/www.mjoler.info<\/a><\/p>\n<p>&nbsp;<\/p>\n<p><strong><span style=\"font-family: Arial, sans-serif;\">Naslov: <\/span><\/strong><strong><span style=\"font-family: Arial, sans-serif;\">Mikrovalno in\u017eenjerstvo i radiokomunikacije<\/span><\/strong><span style=\"font-family: Arial, sans-serif;\"><br \/>\n<\/span><strong><span style=\"font-family: Arial, sans-serif;\">Autor\/:<\/span><\/strong><span style=\"font-family: Arial, sans-serif;\"> Miroslav Joler<br \/>\n<\/span><strong><span style=\"font-family: Arial, sans-serif;\">Broj stranica: <\/span><\/strong><span style=\"font-family: Arial, sans-serif;\"><span lang=\"\">252<\/span><\/span><span style=\"font-family: Arial, sans-serif;\"><br \/>\n<\/span><strong><span style=\"font-family: Arial, sans-serif;\">Nakladnik: <\/span><\/strong><strong><span style=\"font-family: Arial, sans-serif;\">Sveu\u010dili\u0161te u Rijeci, Tehni\u010dki fakultet, Redak, Split<\/span><\/strong><span style=\"font-family: Arial, sans-serif;\"><br \/>\n<\/span><strong><span style=\"font-family: Arial, sans-serif;\">Godina izdanja: <\/span><\/strong><strong><span style=\"font-family: Arial, sans-serif;\">2023.<br \/>\n<\/span><\/strong><strong><span style=\"font-family: Arial, sans-serif;\">ISBN:<\/span><\/strong><span style=\"font-family: Arial, sans-serif;\"> 978-953-8246-27-2, 978-953-336-942-6<br \/>\n<\/span><strong><span style=\"font-family: Arial, sans-serif;\">Tisak:<\/span><\/strong><span style=\"font-family: Arial, sans-serif;\"> digitalni tisak knjiga &#8211; print na zahtjev<\/span><\/p>\n","protected":false},"excerpt":{"rendered":"<p>Ovaj priru\u010dnik unutar 252 lista sadr\u017ei 8 poglavlja, 4 dodatka, 82 slike i 142 zadatka, od \u010dega su 62 potpuno rije\u0161ena, a 80 je zadano za samostalnu vje\u017ebu, uz prilo\u017een kona\u010dni rezultat u dodatku na kraju priru\u010dnika. Uz to, na po\u010detku svake cjeline uklju\u010den je i repetitorij s jezgrovitim prikazom relevantne teorije koji korisnika priprema [&hellip;]<\/p>\n","protected":false},"featured_media":14792,"comment_status":"open","ping_status":"closed","template":"","meta":{"_acf_changed":false},"product_brand":[],"product_cat":[1408],"product_tag":[],"class_list":{"0":"post-14791","1":"product","2":"type-product","3":"status-publish","4":"has-post-thumbnail","6":"product_cat-tehnicke-znanosti","7":"pa_autor-miroslav-joler","8":"pa_nakladnik-sveuciliste-u-rijeci-tehnicki-fakultet-redak-split","10":"first","11":"instock","12":"shipping-taxable","13":"purchasable","14":"product-type-simple"},"acf":[],"yoast_head":"<!-- This site is optimized with the Yoast SEO plugin v27.3 - https:\/\/yoast.com\/product\/yoast-seo-wordpress\/ -->\n<title>MIKROVALNO IN\u017dENJERSTVO I RADIOKOMUNIKACIJE, Miroslav Joler - Web-knji\u017eara<\/title>\n<meta name=\"robots\" content=\"index, follow, max-snippet:-1, max-image-preview:large, max-video-preview:-1\" \/>\n<link rel=\"canonical\" href=\"https:\/\/webknjizara.hr\/proizvod\/mikrovalno-inzenjerstvo-i-radiokomunikacije-miroslav-joler\/\" \/>\n<meta property=\"og:locale\" content=\"en_US\" \/>\n<meta property=\"og:type\" content=\"article\" \/>\n<meta property=\"og:title\" content=\"MIKROVALNO IN\u017dENJERSTVO I RADIOKOMUNIKACIJE, Miroslav Joler - Web-knji\u017eara\" \/>\n<meta property=\"og:description\" content=\"Ovaj priru\u010dnik unutar 252 lista sadr\u017ei 8 poglavlja, 4 dodatka, 82 slike i 142 zadatka, od \u010dega su 62 potpuno rije\u0161ena, a 80 je zadano za samostalnu vje\u017ebu, uz prilo\u017een kona\u010dni rezultat u dodatku na kraju priru\u010dnika. Uz to, na po\u010detku svake cjeline uklju\u010den je i repetitorij s jezgrovitim prikazom relevantne teorije koji korisnika priprema [&hellip;]\" \/>\n<meta property=\"og:url\" content=\"https:\/\/webknjizara.hr\/proizvod\/mikrovalno-inzenjerstvo-i-radiokomunikacije-miroslav-joler\/\" \/>\n<meta property=\"og:site_name\" content=\"Web-knji\u017eara\" \/>\n<meta property=\"article:modified_time\" content=\"2023-07-05T05:52:24+00:00\" \/>\n<meta property=\"og:image\" content=\"https:\/\/webknjizara.hr\/wp-content\/uploads\/2023\/07\/Miroslav_Joler_Mikrovalno_inzenjerstvo_i_radiokomunikacije_webknjizara_redak_WEB_1450.jpg\" \/>\n\t<meta property=\"og:image:width\" content=\"300\" \/>\n\t<meta property=\"og:image:height\" content=\"419\" \/>\n\t<meta property=\"og:image:type\" content=\"image\/jpeg\" \/>\n<meta name=\"twitter:card\" content=\"summary_large_image\" \/>\n<meta name=\"twitter:label1\" content=\"Est. reading time\" \/>\n\t<meta name=\"twitter:data1\" content=\"4 minutes\" \/>\n<script type=\"application\/ld+json\" class=\"yoast-schema-graph\">{\"@context\":\"https:\\\/\\\/schema.org\",\"@graph\":[{\"@type\":\"WebPage\",\"@id\":\"https:\\\/\\\/webknjizara.hr\\\/proizvod\\\/mikrovalno-inzenjerstvo-i-radiokomunikacije-miroslav-joler\\\/\",\"url\":\"https:\\\/\\\/webknjizara.hr\\\/proizvod\\\/mikrovalno-inzenjerstvo-i-radiokomunikacije-miroslav-joler\\\/\",\"name\":\"MIKROVALNO IN\u017dENJERSTVO I RADIOKOMUNIKACIJE, Miroslav Joler - Web-knji\u017eara\",\"isPartOf\":{\"@id\":\"https:\\\/\\\/webknjizara.hr\\\/#website\"},\"primaryImageOfPage\":{\"@id\":\"https:\\\/\\\/webknjizara.hr\\\/proizvod\\\/mikrovalno-inzenjerstvo-i-radiokomunikacije-miroslav-joler\\\/#primaryimage\"},\"image\":{\"@id\":\"https:\\\/\\\/webknjizara.hr\\\/proizvod\\\/mikrovalno-inzenjerstvo-i-radiokomunikacije-miroslav-joler\\\/#primaryimage\"},\"thumbnailUrl\":\"https:\\\/\\\/webknjizara.hr\\\/wp-content\\\/uploads\\\/2023\\\/07\\\/Miroslav_Joler_Mikrovalno_inzenjerstvo_i_radiokomunikacije_webknjizara_redak_WEB_1450.jpg\",\"datePublished\":\"2023-07-03T12:11:26+00:00\",\"dateModified\":\"2023-07-05T05:52:24+00:00\",\"breadcrumb\":{\"@id\":\"https:\\\/\\\/webknjizara.hr\\\/proizvod\\\/mikrovalno-inzenjerstvo-i-radiokomunikacije-miroslav-joler\\\/#breadcrumb\"},\"inLanguage\":\"en-US\",\"potentialAction\":[{\"@type\":\"ReadAction\",\"target\":[\"https:\\\/\\\/webknjizara.hr\\\/proizvod\\\/mikrovalno-inzenjerstvo-i-radiokomunikacije-miroslav-joler\\\/\"]}]},{\"@type\":\"ImageObject\",\"inLanguage\":\"en-US\",\"@id\":\"https:\\\/\\\/webknjizara.hr\\\/proizvod\\\/mikrovalno-inzenjerstvo-i-radiokomunikacije-miroslav-joler\\\/#primaryimage\",\"url\":\"https:\\\/\\\/webknjizara.hr\\\/wp-content\\\/uploads\\\/2023\\\/07\\\/Miroslav_Joler_Mikrovalno_inzenjerstvo_i_radiokomunikacije_webknjizara_redak_WEB_1450.jpg\",\"contentUrl\":\"https:\\\/\\\/webknjizara.hr\\\/wp-content\\\/uploads\\\/2023\\\/07\\\/Miroslav_Joler_Mikrovalno_inzenjerstvo_i_radiokomunikacije_webknjizara_redak_WEB_1450.jpg\",\"width\":300,\"height\":419},{\"@type\":\"BreadcrumbList\",\"@id\":\"https:\\\/\\\/webknjizara.hr\\\/proizvod\\\/mikrovalno-inzenjerstvo-i-radiokomunikacije-miroslav-joler\\\/#breadcrumb\",\"itemListElement\":[{\"@type\":\"ListItem\",\"position\":1,\"name\":\"Po\u010detna stranica\",\"item\":\"https:\\\/\\\/webknjizara.hr\\\/en\\\/\"},{\"@type\":\"ListItem\",\"position\":2,\"name\":\"Shop\",\"item\":\"https:\\\/\\\/webknjizara.hr\\\/shop\\\/\"},{\"@type\":\"ListItem\",\"position\":3,\"name\":\"MIKROVALNO IN\u017dENJERSTVO I RADIOKOMUNIKACIJE, Miroslav Joler\"}]},{\"@type\":\"WebSite\",\"@id\":\"https:\\\/\\\/webknjizara.hr\\\/#website\",\"url\":\"https:\\\/\\\/webknjizara.hr\\\/\",\"name\":\"Web Knji\u017eara\",\"description\":\"\",\"publisher\":{\"@id\":\"https:\\\/\\\/webknjizara.hr\\\/#organization\"},\"potentialAction\":[{\"@type\":\"SearchAction\",\"target\":{\"@type\":\"EntryPoint\",\"urlTemplate\":\"https:\\\/\\\/webknjizara.hr\\\/?s={search_term_string}\"},\"query-input\":{\"@type\":\"PropertyValueSpecification\",\"valueRequired\":true,\"valueName\":\"search_term_string\"}}],\"inLanguage\":\"en-US\"},{\"@type\":\"Organization\",\"@id\":\"https:\\\/\\\/webknjizara.hr\\\/#organization\",\"name\":\"REDAK D.O.O.\",\"url\":\"https:\\\/\\\/webknjizara.hr\\\/\",\"logo\":{\"@type\":\"ImageObject\",\"inLanguage\":\"en-US\",\"@id\":\"https:\\\/\\\/webknjizara.hr\\\/#\\\/schema\\\/logo\\\/image\\\/\",\"url\":\"https:\\\/\\\/webknjizara.hr\\\/wp-content\\\/uploads\\\/2023\\\/01\\\/web-knjizara-logo.webp\",\"contentUrl\":\"https:\\\/\\\/webknjizara.hr\\\/wp-content\\\/uploads\\\/2023\\\/01\\\/web-knjizara-logo.webp\",\"width\":324,\"height\":79,\"caption\":\"REDAK D.O.O.\"},\"image\":{\"@id\":\"https:\\\/\\\/webknjizara.hr\\\/#\\\/schema\\\/logo\\\/image\\\/\"}}]}<\/script>\n<!-- \/ Yoast SEO plugin. -->","yoast_head_json":{"title":"MIKROVALNO IN\u017dENJERSTVO I RADIOKOMUNIKACIJE, Miroslav Joler - Web-knji\u017eara","robots":{"index":"index","follow":"follow","max-snippet":"max-snippet:-1","max-image-preview":"max-image-preview:large","max-video-preview":"max-video-preview:-1"},"canonical":"https:\/\/webknjizara.hr\/proizvod\/mikrovalno-inzenjerstvo-i-radiokomunikacije-miroslav-joler\/","og_locale":"en_US","og_type":"article","og_title":"MIKROVALNO IN\u017dENJERSTVO I RADIOKOMUNIKACIJE, Miroslav Joler - Web-knji\u017eara","og_description":"Ovaj priru\u010dnik unutar 252 lista sadr\u017ei 8 poglavlja, 4 dodatka, 82 slike i 142 zadatka, od \u010dega su 62 potpuno rije\u0161ena, a 80 je zadano za samostalnu vje\u017ebu, uz prilo\u017een kona\u010dni rezultat u dodatku na kraju priru\u010dnika. Uz to, na po\u010detku svake cjeline uklju\u010den je i repetitorij s jezgrovitim prikazom relevantne teorije koji korisnika priprema [&hellip;]","og_url":"https:\/\/webknjizara.hr\/proizvod\/mikrovalno-inzenjerstvo-i-radiokomunikacije-miroslav-joler\/","og_site_name":"Web-knji\u017eara","article_modified_time":"2023-07-05T05:52:24+00:00","og_image":[{"width":300,"height":419,"url":"https:\/\/webknjizara.hr\/wp-content\/uploads\/2023\/07\/Miroslav_Joler_Mikrovalno_inzenjerstvo_i_radiokomunikacije_webknjizara_redak_WEB_1450.jpg","type":"image\/jpeg"}],"twitter_card":"summary_large_image","twitter_misc":{"Est. reading time":"4 minutes"},"schema":{"@context":"https:\/\/schema.org","@graph":[{"@type":"WebPage","@id":"https:\/\/webknjizara.hr\/proizvod\/mikrovalno-inzenjerstvo-i-radiokomunikacije-miroslav-joler\/","url":"https:\/\/webknjizara.hr\/proizvod\/mikrovalno-inzenjerstvo-i-radiokomunikacije-miroslav-joler\/","name":"MIKROVALNO IN\u017dENJERSTVO I RADIOKOMUNIKACIJE, Miroslav Joler - Web-knji\u017eara","isPartOf":{"@id":"https:\/\/webknjizara.hr\/#website"},"primaryImageOfPage":{"@id":"https:\/\/webknjizara.hr\/proizvod\/mikrovalno-inzenjerstvo-i-radiokomunikacije-miroslav-joler\/#primaryimage"},"image":{"@id":"https:\/\/webknjizara.hr\/proizvod\/mikrovalno-inzenjerstvo-i-radiokomunikacije-miroslav-joler\/#primaryimage"},"thumbnailUrl":"https:\/\/webknjizara.hr\/wp-content\/uploads\/2023\/07\/Miroslav_Joler_Mikrovalno_inzenjerstvo_i_radiokomunikacije_webknjizara_redak_WEB_1450.jpg","datePublished":"2023-07-03T12:11:26+00:00","dateModified":"2023-07-05T05:52:24+00:00","breadcrumb":{"@id":"https:\/\/webknjizara.hr\/proizvod\/mikrovalno-inzenjerstvo-i-radiokomunikacije-miroslav-joler\/#breadcrumb"},"inLanguage":"en-US","potentialAction":[{"@type":"ReadAction","target":["https:\/\/webknjizara.hr\/proizvod\/mikrovalno-inzenjerstvo-i-radiokomunikacije-miroslav-joler\/"]}]},{"@type":"ImageObject","inLanguage":"en-US","@id":"https:\/\/webknjizara.hr\/proizvod\/mikrovalno-inzenjerstvo-i-radiokomunikacije-miroslav-joler\/#primaryimage","url":"https:\/\/webknjizara.hr\/wp-content\/uploads\/2023\/07\/Miroslav_Joler_Mikrovalno_inzenjerstvo_i_radiokomunikacije_webknjizara_redak_WEB_1450.jpg","contentUrl":"https:\/\/webknjizara.hr\/wp-content\/uploads\/2023\/07\/Miroslav_Joler_Mikrovalno_inzenjerstvo_i_radiokomunikacije_webknjizara_redak_WEB_1450.jpg","width":300,"height":419},{"@type":"BreadcrumbList","@id":"https:\/\/webknjizara.hr\/proizvod\/mikrovalno-inzenjerstvo-i-radiokomunikacije-miroslav-joler\/#breadcrumb","itemListElement":[{"@type":"ListItem","position":1,"name":"Po\u010detna stranica","item":"https:\/\/webknjizara.hr\/en\/"},{"@type":"ListItem","position":2,"name":"Shop","item":"https:\/\/webknjizara.hr\/shop\/"},{"@type":"ListItem","position":3,"name":"MIKROVALNO IN\u017dENJERSTVO I RADIOKOMUNIKACIJE, Miroslav Joler"}]},{"@type":"WebSite","@id":"https:\/\/webknjizara.hr\/#website","url":"https:\/\/webknjizara.hr\/","name":"Web Knji\u017eara","description":"","publisher":{"@id":"https:\/\/webknjizara.hr\/#organization"},"potentialAction":[{"@type":"SearchAction","target":{"@type":"EntryPoint","urlTemplate":"https:\/\/webknjizara.hr\/?s={search_term_string}"},"query-input":{"@type":"PropertyValueSpecification","valueRequired":true,"valueName":"search_term_string"}}],"inLanguage":"en-US"},{"@type":"Organization","@id":"https:\/\/webknjizara.hr\/#organization","name":"REDAK D.O.O.","url":"https:\/\/webknjizara.hr\/","logo":{"@type":"ImageObject","inLanguage":"en-US","@id":"https:\/\/webknjizara.hr\/#\/schema\/logo\/image\/","url":"https:\/\/webknjizara.hr\/wp-content\/uploads\/2023\/01\/web-knjizara-logo.webp","contentUrl":"https:\/\/webknjizara.hr\/wp-content\/uploads\/2023\/01\/web-knjizara-logo.webp","width":324,"height":79,"caption":"REDAK D.O.O."},"image":{"@id":"https:\/\/webknjizara.hr\/#\/schema\/logo\/image\/"}}]}},"_links":{"self":[{"href":"https:\/\/webknjizara.hr\/en\/wp-json\/wp\/v2\/product\/14791","targetHints":{"allow":["GET"]}}],"collection":[{"href":"https:\/\/webknjizara.hr\/en\/wp-json\/wp\/v2\/product"}],"about":[{"href":"https:\/\/webknjizara.hr\/en\/wp-json\/wp\/v2\/types\/product"}],"replies":[{"embeddable":true,"href":"https:\/\/webknjizara.hr\/en\/wp-json\/wp\/v2\/comments?post=14791"}],"wp:featuredmedia":[{"embeddable":true,"href":"https:\/\/webknjizara.hr\/en\/wp-json\/wp\/v2\/media\/14792"}],"wp:attachment":[{"href":"https:\/\/webknjizara.hr\/en\/wp-json\/wp\/v2\/media?parent=14791"}],"wp:term":[{"taxonomy":"product_brand","embeddable":true,"href":"https:\/\/webknjizara.hr\/en\/wp-json\/wp\/v2\/product_brand?post=14791"},{"taxonomy":"product_cat","embeddable":true,"href":"https:\/\/webknjizara.hr\/en\/wp-json\/wp\/v2\/product_cat?post=14791"},{"taxonomy":"product_tag","embeddable":true,"href":"https:\/\/webknjizara.hr\/en\/wp-json\/wp\/v2\/product_tag?post=14791"}],"curies":[{"name":"wp","href":"https:\/\/api.w.org\/{rel}","templated":true}]}}