{"id":14710,"date":"2023-06-21T14:40:14","date_gmt":"2023-06-21T12:40:14","guid":{"rendered":"https:\/\/webknjizara.hr\/?post_type=product&#038;p=14710"},"modified":"2023-06-23T10:55:33","modified_gmt":"2023-06-23T08:55:33","slug":"kako-smo-kalili-zelen-ban-vanja-dijak","status":"publish","type":"product","link":"https:\/\/webknjizara.hr\/en\/proizvod\/kako-smo-kalili-zelen-ban-vanja-dijak\/","title":{"rendered":"KAKO SMO KALILI ZELEN BAN, Vanja Dijak"},"content":{"rendered":"<p><span style=\"color: #000000;\">Stru\u010dne literature na polju Sirove i naivne knji\u017eevnosti je vrlo malo. Osim sabranih djela o Kom\u0161inici Beri (Kom\u0161inica Bera, izdanje 2017.) koje je objavio splitski Redak, a prikupio njen prvi kom\u0161ija, gospodin Zajnil, i koja su predstavljala samo uvod u istu, nema, zapravo, ni\u0161ta.<\/span><\/p>\n<p>Da postoji su\u0161ta potreba za ovom literaturom jasno je bilo i gospodinu Zajnilu i kom\u0161inici Beri na sastanku Drugog ku\u0107nog savjeta kom\u0161ija legendarne zgrade, odr\u017eanom u selu u kojem niko nikog ne zna, i koji je zbog svoje va\u017enosti dobio \u010dak i ime \u2013 \u201coluja tintara\u201d.<\/p>\n<p>Tad kom\u0161inica Bera objavi pisanje Druge kom\u0161ijske knjige i pru\u017ei \u0161ansu i drugim autorima relevantnim za ovu oblast, kom\u0161ijama legendarne zgrade, da svako ponaosob podnese po jedno svoje \u0161tivo za doprinos sveukupnom pobolj\u0161anju kvalitete nove knjige, a kao odgovornog urednika odredi gospodina Zajnila. Ali to ne\u0107e i\u0107i lako jer \u017eivot je kratak, sticanje znanjadugo, a iskustvo varljivo.<\/p>\n<p>&nbsp;<\/p>\n<p><span style=\"font-family: Arial, sans-serif;\"><span lang=\"hr-HR\"><b>Bilje\u0161ka o autoru: <\/b><\/span><\/span><\/p>\n<p><span style=\"color: #000000;\">Vanja Dijak ro\u0111en je 1967. godine i odrastao u <\/span><span style=\"color: #000000;\">Sarajevu. Diplomirao je na Medicinskom fakultetu <\/span><span style=\"color: #000000;\">Univerziteta u Sarajevu. Menad\u017eer u kanadskom <\/span><span style=\"color: #000000;\">zdravstvu i certificirani edukator klasi\u010dne gitare i <\/span><span style=\"color: #000000;\">teorije muzike u na Royal Conservatory of Music u <\/span><span style=\"color: #000000;\">Kanadi. Objavio knjige, Kom\u0161inica Bera, 2017. i <\/span><span style=\"color: #000000;\">Kako smo kalili Zelen ban, 2023.<\/span><\/p>\n<p><span style=\"font-family: Arial, sans-serif;\"><span lang=\"hr-HR\"><b>Link: <\/b><\/span><\/span><a href=\"https:\/\/vanjadijak.wixsite.com\/knjige\"><span style=\"color: #0000ff;\"><u>https:\/\/vanjadijak.wixsite.com\/knjige\u00a0<\/u><\/span><\/a><\/p>\n<p><span style=\"font-family: Arial, sans-serif;\"><span lang=\"hr-HR\"><b>E-mail: <\/b><\/span><\/span><a href=\"MAILTO:vanjadijak2015@gmail.com\" target=\"_blank\" rel=\"noopener\"><span style=\"color: #000000;\"><span style=\"font-family: Arial, sans-serif;\">Vanja Dijak<\/span><\/span><\/a><\/p>\n<p>&nbsp;<\/p>\n<p><strong><span style=\"font-family: Arial, sans-serif;\">Naslov: <\/span><\/strong><strong><span style=\"font-family: Arial, sans-serif;\">Kako smo kalili zelen ban<\/span><\/strong><span style=\"font-family: Arial, sans-serif;\"><br \/>\n<\/span><strong><span style=\"font-family: Arial, sans-serif;\">Autor:<\/span><\/strong><span style=\"font-family: Arial, sans-serif;\"> Vanja Dijak<br \/>\n<\/span><strong><span style=\"font-family: Arial, sans-serif;\">Broj stranica: <\/span><\/strong><span style=\"font-family: Arial, sans-serif;\"><span lang=\"\">508<\/span><\/span><span style=\"font-family: Arial, sans-serif;\"><br \/>\n<\/span><strong><span style=\"font-family: Arial, sans-serif;\">Nakladnik: <\/span><\/strong><strong><span style=\"font-family: Arial, sans-serif;\">REDAK<\/span><\/strong><span style=\"font-family: Arial, sans-serif;\"><br \/>\n<\/span><strong><span style=\"font-family: Arial, sans-serif;\">Godina izdanja: <\/span><\/strong><strong><span style=\"font-family: Arial, sans-serif;\">2023.<br \/>\n<\/span><\/strong><strong><span style=\"font-family: Arial, sans-serif;\">ISBN:<\/span><\/strong><span style=\"font-family: Arial, sans-serif;\"> 978-953-336-925-9<br \/>\n<\/span><strong><span style=\"font-family: Arial, sans-serif;\">Tisak:<\/span><\/strong><span style=\"font-family: Arial, sans-serif;\"> digitalni tisak knjiga &#8211; print na zahtjev<\/span><\/p>\n","protected":false},"excerpt":{"rendered":"<p>Stru\u010dne literature na polju Sirove i naivne knji\u017eevnosti je vrlo malo. Osim sabranih djela o Kom\u0161inici Beri (Kom\u0161inica Bera, izdanje 2017.) koje je objavio splitski Redak, a prikupio njen prvi kom\u0161ija, gospodin Zajnil, i koja su predstavljala samo uvod u istu, nema, zapravo, ni\u0161ta. Da postoji su\u0161ta potreba za ovom literaturom jasno je bilo i [&hellip;]<\/p>\n","protected":false},"featured_media":14711,"comment_status":"open","ping_status":"closed","template":"","meta":{"_acf_changed":false},"product_brand":[],"product_cat":[2390,1607,1385],"product_tag":[],"class_list":{"0":"post-14710","1":"product","2":"type-product","3":"status-publish","4":"has-post-thumbnail","6":"product_cat-humor","7":"product_cat-proza","8":"product_cat-knjizevnost","9":"pa_autor-vanja-dijak","10":"pa_nakladnik-redak","12":"first","13":"instock","14":"shipping-taxable","15":"purchasable","16":"product-type-simple"},"acf":[],"yoast_head":"<!-- This site is optimized with the Yoast SEO plugin v27.3 - https:\/\/yoast.com\/product\/yoast-seo-wordpress\/ -->\n<title>KAKO SMO KALILI ZELEN BAN, Vanja Dijak - Web-knji\u017eara<\/title>\n<meta name=\"robots\" content=\"index, follow, max-snippet:-1, max-image-preview:large, max-video-preview:-1\" \/>\n<link rel=\"canonical\" href=\"https:\/\/webknjizara.hr\/proizvod\/kako-smo-kalili-zelen-ban-vanja-dijak\/\" \/>\n<meta property=\"og:locale\" content=\"en_US\" \/>\n<meta property=\"og:type\" content=\"article\" \/>\n<meta property=\"og:title\" content=\"KAKO SMO KALILI ZELEN BAN, Vanja Dijak - Web-knji\u017eara\" \/>\n<meta property=\"og:description\" content=\"Stru\u010dne literature na polju Sirove i naivne knji\u017eevnosti je vrlo malo. Osim sabranih djela o Kom\u0161inici Beri (Kom\u0161inica Bera, izdanje 2017.) koje je objavio splitski Redak, a prikupio njen prvi kom\u0161ija, gospodin Zajnil, i koja su predstavljala samo uvod u istu, nema, zapravo, ni\u0161ta. Da postoji su\u0161ta potreba za ovom literaturom jasno je bilo i [&hellip;]\" \/>\n<meta property=\"og:url\" content=\"https:\/\/webknjizara.hr\/proizvod\/kako-smo-kalili-zelen-ban-vanja-dijak\/\" \/>\n<meta property=\"og:site_name\" content=\"Web-knji\u017eara\" \/>\n<meta property=\"article:modified_time\" content=\"2023-06-23T08:55:33+00:00\" \/>\n<meta property=\"og:image\" content=\"https:\/\/webknjizara.hr\/wp-content\/uploads\/2023\/06\/Vanja_Dijak_Kako_smo_kalili_zelen_ban_webknjizara_redak_WEB_1426.jpg\" \/>\n\t<meta property=\"og:image:width\" content=\"300\" \/>\n\t<meta property=\"og:image:height\" content=\"419\" \/>\n\t<meta property=\"og:image:type\" content=\"image\/jpeg\" \/>\n<meta name=\"twitter:card\" content=\"summary_large_image\" \/>\n<meta name=\"twitter:label1\" content=\"Est. reading time\" \/>\n\t<meta name=\"twitter:data1\" content=\"2 minutes\" \/>\n<script type=\"application\/ld+json\" class=\"yoast-schema-graph\">{\"@context\":\"https:\\\/\\\/schema.org\",\"@graph\":[{\"@type\":\"WebPage\",\"@id\":\"https:\\\/\\\/webknjizara.hr\\\/proizvod\\\/kako-smo-kalili-zelen-ban-vanja-dijak\\\/\",\"url\":\"https:\\\/\\\/webknjizara.hr\\\/proizvod\\\/kako-smo-kalili-zelen-ban-vanja-dijak\\\/\",\"name\":\"KAKO SMO KALILI ZELEN BAN, Vanja Dijak - Web-knji\u017eara\",\"isPartOf\":{\"@id\":\"https:\\\/\\\/webknjizara.hr\\\/#website\"},\"primaryImageOfPage\":{\"@id\":\"https:\\\/\\\/webknjizara.hr\\\/proizvod\\\/kako-smo-kalili-zelen-ban-vanja-dijak\\\/#primaryimage\"},\"image\":{\"@id\":\"https:\\\/\\\/webknjizara.hr\\\/proizvod\\\/kako-smo-kalili-zelen-ban-vanja-dijak\\\/#primaryimage\"},\"thumbnailUrl\":\"https:\\\/\\\/webknjizara.hr\\\/wp-content\\\/uploads\\\/2023\\\/06\\\/Vanja_Dijak_Kako_smo_kalili_zelen_ban_webknjizara_redak_WEB_1426.jpg\",\"datePublished\":\"2023-06-21T12:40:14+00:00\",\"dateModified\":\"2023-06-23T08:55:33+00:00\",\"breadcrumb\":{\"@id\":\"https:\\\/\\\/webknjizara.hr\\\/proizvod\\\/kako-smo-kalili-zelen-ban-vanja-dijak\\\/#breadcrumb\"},\"inLanguage\":\"en-US\",\"potentialAction\":[{\"@type\":\"ReadAction\",\"target\":[\"https:\\\/\\\/webknjizara.hr\\\/proizvod\\\/kako-smo-kalili-zelen-ban-vanja-dijak\\\/\"]}]},{\"@type\":\"ImageObject\",\"inLanguage\":\"en-US\",\"@id\":\"https:\\\/\\\/webknjizara.hr\\\/proizvod\\\/kako-smo-kalili-zelen-ban-vanja-dijak\\\/#primaryimage\",\"url\":\"https:\\\/\\\/webknjizara.hr\\\/wp-content\\\/uploads\\\/2023\\\/06\\\/Vanja_Dijak_Kako_smo_kalili_zelen_ban_webknjizara_redak_WEB_1426.jpg\",\"contentUrl\":\"https:\\\/\\\/webknjizara.hr\\\/wp-content\\\/uploads\\\/2023\\\/06\\\/Vanja_Dijak_Kako_smo_kalili_zelen_ban_webknjizara_redak_WEB_1426.jpg\",\"width\":300,\"height\":419},{\"@type\":\"BreadcrumbList\",\"@id\":\"https:\\\/\\\/webknjizara.hr\\\/proizvod\\\/kako-smo-kalili-zelen-ban-vanja-dijak\\\/#breadcrumb\",\"itemListElement\":[{\"@type\":\"ListItem\",\"position\":1,\"name\":\"Po\u010detna stranica\",\"item\":\"https:\\\/\\\/webknjizara.hr\\\/en\\\/\"},{\"@type\":\"ListItem\",\"position\":2,\"name\":\"Shop\",\"item\":\"https:\\\/\\\/webknjizara.hr\\\/shop\\\/\"},{\"@type\":\"ListItem\",\"position\":3,\"name\":\"KAKO SMO KALILI ZELEN BAN, Vanja Dijak\"}]},{\"@type\":\"WebSite\",\"@id\":\"https:\\\/\\\/webknjizara.hr\\\/#website\",\"url\":\"https:\\\/\\\/webknjizara.hr\\\/\",\"name\":\"Web Knji\u017eara\",\"description\":\"\",\"publisher\":{\"@id\":\"https:\\\/\\\/webknjizara.hr\\\/#organization\"},\"potentialAction\":[{\"@type\":\"SearchAction\",\"target\":{\"@type\":\"EntryPoint\",\"urlTemplate\":\"https:\\\/\\\/webknjizara.hr\\\/?s={search_term_string}\"},\"query-input\":{\"@type\":\"PropertyValueSpecification\",\"valueRequired\":true,\"valueName\":\"search_term_string\"}}],\"inLanguage\":\"en-US\"},{\"@type\":\"Organization\",\"@id\":\"https:\\\/\\\/webknjizara.hr\\\/#organization\",\"name\":\"REDAK D.O.O.\",\"url\":\"https:\\\/\\\/webknjizara.hr\\\/\",\"logo\":{\"@type\":\"ImageObject\",\"inLanguage\":\"en-US\",\"@id\":\"https:\\\/\\\/webknjizara.hr\\\/#\\\/schema\\\/logo\\\/image\\\/\",\"url\":\"https:\\\/\\\/webknjizara.hr\\\/wp-content\\\/uploads\\\/2023\\\/01\\\/web-knjizara-logo.webp\",\"contentUrl\":\"https:\\\/\\\/webknjizara.hr\\\/wp-content\\\/uploads\\\/2023\\\/01\\\/web-knjizara-logo.webp\",\"width\":324,\"height\":79,\"caption\":\"REDAK D.O.O.\"},\"image\":{\"@id\":\"https:\\\/\\\/webknjizara.hr\\\/#\\\/schema\\\/logo\\\/image\\\/\"}}]}<\/script>\n<!-- \/ Yoast SEO plugin. -->","yoast_head_json":{"title":"KAKO SMO KALILI ZELEN BAN, Vanja Dijak - Web-knji\u017eara","robots":{"index":"index","follow":"follow","max-snippet":"max-snippet:-1","max-image-preview":"max-image-preview:large","max-video-preview":"max-video-preview:-1"},"canonical":"https:\/\/webknjizara.hr\/proizvod\/kako-smo-kalili-zelen-ban-vanja-dijak\/","og_locale":"en_US","og_type":"article","og_title":"KAKO SMO KALILI ZELEN BAN, Vanja Dijak - Web-knji\u017eara","og_description":"Stru\u010dne literature na polju Sirove i naivne knji\u017eevnosti je vrlo malo. Osim sabranih djela o Kom\u0161inici Beri (Kom\u0161inica Bera, izdanje 2017.) koje je objavio splitski Redak, a prikupio njen prvi kom\u0161ija, gospodin Zajnil, i koja su predstavljala samo uvod u istu, nema, zapravo, ni\u0161ta. Da postoji su\u0161ta potreba za ovom literaturom jasno je bilo i [&hellip;]","og_url":"https:\/\/webknjizara.hr\/proizvod\/kako-smo-kalili-zelen-ban-vanja-dijak\/","og_site_name":"Web-knji\u017eara","article_modified_time":"2023-06-23T08:55:33+00:00","og_image":[{"width":300,"height":419,"url":"https:\/\/webknjizara.hr\/wp-content\/uploads\/2023\/06\/Vanja_Dijak_Kako_smo_kalili_zelen_ban_webknjizara_redak_WEB_1426.jpg","type":"image\/jpeg"}],"twitter_card":"summary_large_image","twitter_misc":{"Est. reading time":"2 minutes"},"schema":{"@context":"https:\/\/schema.org","@graph":[{"@type":"WebPage","@id":"https:\/\/webknjizara.hr\/proizvod\/kako-smo-kalili-zelen-ban-vanja-dijak\/","url":"https:\/\/webknjizara.hr\/proizvod\/kako-smo-kalili-zelen-ban-vanja-dijak\/","name":"KAKO SMO KALILI ZELEN BAN, Vanja Dijak - Web-knji\u017eara","isPartOf":{"@id":"https:\/\/webknjizara.hr\/#website"},"primaryImageOfPage":{"@id":"https:\/\/webknjizara.hr\/proizvod\/kako-smo-kalili-zelen-ban-vanja-dijak\/#primaryimage"},"image":{"@id":"https:\/\/webknjizara.hr\/proizvod\/kako-smo-kalili-zelen-ban-vanja-dijak\/#primaryimage"},"thumbnailUrl":"https:\/\/webknjizara.hr\/wp-content\/uploads\/2023\/06\/Vanja_Dijak_Kako_smo_kalili_zelen_ban_webknjizara_redak_WEB_1426.jpg","datePublished":"2023-06-21T12:40:14+00:00","dateModified":"2023-06-23T08:55:33+00:00","breadcrumb":{"@id":"https:\/\/webknjizara.hr\/proizvod\/kako-smo-kalili-zelen-ban-vanja-dijak\/#breadcrumb"},"inLanguage":"en-US","potentialAction":[{"@type":"ReadAction","target":["https:\/\/webknjizara.hr\/proizvod\/kako-smo-kalili-zelen-ban-vanja-dijak\/"]}]},{"@type":"ImageObject","inLanguage":"en-US","@id":"https:\/\/webknjizara.hr\/proizvod\/kako-smo-kalili-zelen-ban-vanja-dijak\/#primaryimage","url":"https:\/\/webknjizara.hr\/wp-content\/uploads\/2023\/06\/Vanja_Dijak_Kako_smo_kalili_zelen_ban_webknjizara_redak_WEB_1426.jpg","contentUrl":"https:\/\/webknjizara.hr\/wp-content\/uploads\/2023\/06\/Vanja_Dijak_Kako_smo_kalili_zelen_ban_webknjizara_redak_WEB_1426.jpg","width":300,"height":419},{"@type":"BreadcrumbList","@id":"https:\/\/webknjizara.hr\/proizvod\/kako-smo-kalili-zelen-ban-vanja-dijak\/#breadcrumb","itemListElement":[{"@type":"ListItem","position":1,"name":"Po\u010detna stranica","item":"https:\/\/webknjizara.hr\/en\/"},{"@type":"ListItem","position":2,"name":"Shop","item":"https:\/\/webknjizara.hr\/shop\/"},{"@type":"ListItem","position":3,"name":"KAKO SMO KALILI ZELEN BAN, Vanja Dijak"}]},{"@type":"WebSite","@id":"https:\/\/webknjizara.hr\/#website","url":"https:\/\/webknjizara.hr\/","name":"Web Knji\u017eara","description":"","publisher":{"@id":"https:\/\/webknjizara.hr\/#organization"},"potentialAction":[{"@type":"SearchAction","target":{"@type":"EntryPoint","urlTemplate":"https:\/\/webknjizara.hr\/?s={search_term_string}"},"query-input":{"@type":"PropertyValueSpecification","valueRequired":true,"valueName":"search_term_string"}}],"inLanguage":"en-US"},{"@type":"Organization","@id":"https:\/\/webknjizara.hr\/#organization","name":"REDAK D.O.O.","url":"https:\/\/webknjizara.hr\/","logo":{"@type":"ImageObject","inLanguage":"en-US","@id":"https:\/\/webknjizara.hr\/#\/schema\/logo\/image\/","url":"https:\/\/webknjizara.hr\/wp-content\/uploads\/2023\/01\/web-knjizara-logo.webp","contentUrl":"https:\/\/webknjizara.hr\/wp-content\/uploads\/2023\/01\/web-knjizara-logo.webp","width":324,"height":79,"caption":"REDAK D.O.O."},"image":{"@id":"https:\/\/webknjizara.hr\/#\/schema\/logo\/image\/"}}]}},"_links":{"self":[{"href":"https:\/\/webknjizara.hr\/en\/wp-json\/wp\/v2\/product\/14710","targetHints":{"allow":["GET"]}}],"collection":[{"href":"https:\/\/webknjizara.hr\/en\/wp-json\/wp\/v2\/product"}],"about":[{"href":"https:\/\/webknjizara.hr\/en\/wp-json\/wp\/v2\/types\/product"}],"replies":[{"embeddable":true,"href":"https:\/\/webknjizara.hr\/en\/wp-json\/wp\/v2\/comments?post=14710"}],"wp:featuredmedia":[{"embeddable":true,"href":"https:\/\/webknjizara.hr\/en\/wp-json\/wp\/v2\/media\/14711"}],"wp:attachment":[{"href":"https:\/\/webknjizara.hr\/en\/wp-json\/wp\/v2\/media?parent=14710"}],"wp:term":[{"taxonomy":"product_brand","embeddable":true,"href":"https:\/\/webknjizara.hr\/en\/wp-json\/wp\/v2\/product_brand?post=14710"},{"taxonomy":"product_cat","embeddable":true,"href":"https:\/\/webknjizara.hr\/en\/wp-json\/wp\/v2\/product_cat?post=14710"},{"taxonomy":"product_tag","embeddable":true,"href":"https:\/\/webknjizara.hr\/en\/wp-json\/wp\/v2\/product_tag?post=14710"}],"curies":[{"name":"wp","href":"https:\/\/api.w.org\/{rel}","templated":true}]}}