{"id":14636,"date":"2023-06-07T12:17:27","date_gmt":"2023-06-07T10:17:27","guid":{"rendered":"https:\/\/webknjizara.hr\/?post_type=product&#038;p=14636"},"modified":"2023-06-07T12:19:44","modified_gmt":"2023-06-07T10:19:44","slug":"nevinost-marija-juracic","status":"publish","type":"product","link":"https:\/\/webknjizara.hr\/en\/proizvod\/nevinost-marija-juracic\/","title":{"rendered":"NEVINOST, Marija Jura\u010di\u0107"},"content":{"rendered":"<p>\u201eNevinost\u201c je peti roman o rije\u010dkoj istra\u017eiteljici Iki Ekl i policijskom inspektoru Ninnu Ritziju koji, unato\u010d sustavu, dovitljivim metodama rje\u0161avaju ubojstvo mladog informati\u010dara Sanjina Eri\u0107a.<\/p>\n<p>\u201cNevinost\u201c je roman o onoj vrsti ljudi koji se s nevino\u0161\u0107u nisu ni rodili. Svi ih poznajemo. Nedodirljivi, ponosito uzdi\u017eu zlo na pijedestale svojih oltara. \u201eNevinost\u201c je pitko \u0161tivo koje \u0107e vas izazvati, zaintrigirati, upozoriti\u2026 zabaviti.<\/p>\n<p>&nbsp;<\/p>\n<p align=\"JUSTIFY\"><span style=\"font-family: Arial, sans-serif;\"><span lang=\"hr-HR\"><b>Bilje\u0161ka o autorici: <\/b><\/span><\/span><\/p>\n<p align=\"JUSTIFY\">Marija Jura\u010di\u0107 je profesorica hrvatskog jezika i knji\u017eevnosti.<\/p>\n<p>Urednica je tridesetak poetskih zbirki, romana i pri\u010da raznih autora. Pi\u0161e \u010dlanke o jeziku, kriti\u010dke osvrte i eseje za niz hrvatskih i inostranih \u010dasopisa i knji\u017eevnih portala. Pjesme i pri\u010de su joj objavljene u mnogim zbornicima i antologijama.<br \/>\nObjavila je samostalne zbirke poezije: \u201eStope u pijesku\u201c, \u201eVlad i bijela draga\u201c \u201ePisci, ljubav i ostale trice\u201c. te romane: \u201eTara\u201c, \u201eUna\u201c, \u201eLjubav u Pompejima\u201c, \u201eBuga\u201c, \u201eToma\u201c, \u201eJedne zime u Hrastovu\u201c, \u201eZona\u201c, \u201eDronovi, fure\u0161ti, ubojstvo\u201c, \u201eMutno more\u201c. Roman &#8220;Dronovi, fure\u0161ti, ubojstvo&#8221; je 2017. godine zavr\u0161io na 26. mjestu na top listama 100 hrvatskih romana. Na njema\u010dki su jezik prevedeni romani \u201eUna\u201c, \u201eLjubav u Pompejima\u201c i \u201eJedne zime u Hrastovu\u201c i objavljeni u Njema\u010dkoj. Dobitnica je mnogih knji\u017eevnih priznanja i nagrada od kojih izdvajamo:<br \/>\nKomedija &#8220;Patrioti&#8221; osvojila je prvo mjesto i plaketu &#8220;Kalman Mesari\u0107&#8221; na natje\u010daju Hrvatskog sabora kulture 2019.<\/p>\n<p><span style=\"font-family: Arial, sans-serif;\"><span lang=\"hr-HR\"><b>Link: <\/b><\/span><\/span><a href=\"https:\/\/www.ocaravanje.com\/\" target=\"_blank\" rel=\"noopener\"><span style=\"color: #000000;\">Ocaravanje.com<\/span><\/a><\/p>\n<p><span style=\"font-family: Arial, sans-serif;\"><span lang=\"hr-HR\"><b>E-mail: <\/b><\/span><\/span><a href=\"MAILTO:marijajuracic@net.hr\" target=\"_blank\" rel=\"noopener\"><span style=\"color: #000000;\"><span style=\"font-family: Arial, sans-serif;\">Marija Jura\u010di\u0107<\/span><\/span><\/a><\/p>\n<p>&nbsp;<\/p>\n<p><strong><span style=\"font-family: Arial, sans-serif;\">Naslov: <\/span><\/strong><strong><span style=\"font-family: Arial, sans-serif;\">Nevinost<\/span><\/strong><span style=\"font-family: Arial, sans-serif;\"><br \/>\n<\/span><strong><span style=\"font-family: Arial, sans-serif;\">Autorica:<\/span><\/strong><span style=\"font-family: Arial, sans-serif;\"> Marija Jura\u010di\u0107<br \/>\n<\/span><strong><span style=\"font-family: Arial, sans-serif;\">Broj stranica: <\/span><\/strong><span style=\"font-family: Arial, sans-serif;\"><span lang=\"\">120<\/span><\/span><span style=\"font-family: Arial, sans-serif;\"><br \/>\n<\/span><strong><span style=\"font-family: Arial, sans-serif;\">Nakladnik: <\/span><\/strong><strong><span style=\"font-family: Arial, sans-serif;\">Shura Publikacije<\/span><\/strong><span style=\"font-family: Arial, sans-serif;\"><br \/>\n<\/span><strong><span style=\"font-family: Arial, sans-serif;\">Godina izdanja: <\/span><\/strong><strong><span style=\"font-family: Arial, sans-serif;\">2023.<br \/>\n<\/span><\/strong><strong><span style=\"font-family: Arial, sans-serif;\">ISBN:<\/span><\/strong><span style=\"font-family: Arial, sans-serif;\"> 978-953-8203-56-5<br \/>\n<\/span><strong><span style=\"font-family: Arial, sans-serif;\">Tisak:<\/span><\/strong><span style=\"font-family: Arial, sans-serif;\"> digitalni tisak knjiga &#8211; print na zahtjev<\/span><\/p>\n","protected":false},"excerpt":{"rendered":"<p>\u201eNevinost\u201c je peti roman o rije\u010dkoj istra\u017eiteljici Iki Ekl i policijskom inspektoru Ninnu Ritziju koji, unato\u010d sustavu, dovitljivim metodama rje\u0161avaju ubojstvo mladog informati\u010dara Sanjina Eri\u0107a. \u201cNevinost\u201c je roman o onoj vrsti ljudi koji se s nevino\u0161\u0107u nisu ni rodili. Svi ih poznajemo. Nedodirljivi, ponosito uzdi\u017eu zlo na pijedestale svojih oltara. \u201eNevinost\u201c je pitko \u0161tivo koje [&hellip;]<\/p>\n","protected":false},"featured_media":14637,"comment_status":"open","ping_status":"closed","template":"","meta":{"_acf_changed":false},"product_brand":[],"product_cat":[1605],"product_tag":[],"class_list":{"0":"post-14636","1":"product","2":"type-product","3":"status-publish","4":"has-post-thumbnail","6":"product_cat-roman","7":"pa_autor-marija-juracic","8":"pa_nakladnik-shura-publikacije","10":"first","11":"instock","12":"shipping-taxable","13":"purchasable","14":"product-type-simple"},"acf":[],"yoast_head":"<!-- This site is optimized with the Yoast SEO plugin v27.3 - https:\/\/yoast.com\/product\/yoast-seo-wordpress\/ -->\n<title>NEVINOST, Marija Jura\u010di\u0107 - Web-knji\u017eara<\/title>\n<meta name=\"robots\" content=\"index, follow, max-snippet:-1, max-image-preview:large, max-video-preview:-1\" \/>\n<link rel=\"canonical\" href=\"https:\/\/webknjizara.hr\/proizvod\/nevinost-marija-juracic\/\" \/>\n<meta property=\"og:locale\" content=\"en_US\" \/>\n<meta property=\"og:type\" content=\"article\" \/>\n<meta property=\"og:title\" content=\"NEVINOST, Marija Jura\u010di\u0107 - Web-knji\u017eara\" \/>\n<meta property=\"og:description\" content=\"\u201eNevinost\u201c je peti roman o rije\u010dkoj istra\u017eiteljici Iki Ekl i policijskom inspektoru Ninnu Ritziju koji, unato\u010d sustavu, dovitljivim metodama rje\u0161avaju ubojstvo mladog informati\u010dara Sanjina Eri\u0107a. \u201cNevinost\u201c je roman o onoj vrsti ljudi koji se s nevino\u0161\u0107u nisu ni rodili. Svi ih poznajemo. Nedodirljivi, ponosito uzdi\u017eu zlo na pijedestale svojih oltara. \u201eNevinost\u201c je pitko \u0161tivo koje [&hellip;]\" \/>\n<meta property=\"og:url\" content=\"https:\/\/webknjizara.hr\/proizvod\/nevinost-marija-juracic\/\" \/>\n<meta property=\"og:site_name\" content=\"Web-knji\u017eara\" \/>\n<meta property=\"article:modified_time\" content=\"2023-06-07T10:19:44+00:00\" \/>\n<meta property=\"og:image\" content=\"https:\/\/webknjizara.hr\/wp-content\/uploads\/2023\/06\/Marija_Juracic__Nevinost_webknjizara_redak_WEB_1436.jpg\" \/>\n\t<meta property=\"og:image:width\" content=\"300\" \/>\n\t<meta property=\"og:image:height\" content=\"419\" \/>\n\t<meta property=\"og:image:type\" content=\"image\/jpeg\" \/>\n<meta name=\"twitter:card\" content=\"summary_large_image\" \/>\n<meta name=\"twitter:label1\" content=\"Est. reading time\" \/>\n\t<meta name=\"twitter:data1\" content=\"2 minutes\" \/>\n<script type=\"application\/ld+json\" class=\"yoast-schema-graph\">{\"@context\":\"https:\\\/\\\/schema.org\",\"@graph\":[{\"@type\":\"WebPage\",\"@id\":\"https:\\\/\\\/webknjizara.hr\\\/proizvod\\\/nevinost-marija-juracic\\\/\",\"url\":\"https:\\\/\\\/webknjizara.hr\\\/proizvod\\\/nevinost-marija-juracic\\\/\",\"name\":\"NEVINOST, Marija Jura\u010di\u0107 - Web-knji\u017eara\",\"isPartOf\":{\"@id\":\"https:\\\/\\\/webknjizara.hr\\\/#website\"},\"primaryImageOfPage\":{\"@id\":\"https:\\\/\\\/webknjizara.hr\\\/proizvod\\\/nevinost-marija-juracic\\\/#primaryimage\"},\"image\":{\"@id\":\"https:\\\/\\\/webknjizara.hr\\\/proizvod\\\/nevinost-marija-juracic\\\/#primaryimage\"},\"thumbnailUrl\":\"https:\\\/\\\/webknjizara.hr\\\/wp-content\\\/uploads\\\/2023\\\/06\\\/Marija_Juracic__Nevinost_webknjizara_redak_WEB_1436.jpg\",\"datePublished\":\"2023-06-07T10:17:27+00:00\",\"dateModified\":\"2023-06-07T10:19:44+00:00\",\"breadcrumb\":{\"@id\":\"https:\\\/\\\/webknjizara.hr\\\/proizvod\\\/nevinost-marija-juracic\\\/#breadcrumb\"},\"inLanguage\":\"en-US\",\"potentialAction\":[{\"@type\":\"ReadAction\",\"target\":[\"https:\\\/\\\/webknjizara.hr\\\/proizvod\\\/nevinost-marija-juracic\\\/\"]}]},{\"@type\":\"ImageObject\",\"inLanguage\":\"en-US\",\"@id\":\"https:\\\/\\\/webknjizara.hr\\\/proizvod\\\/nevinost-marija-juracic\\\/#primaryimage\",\"url\":\"https:\\\/\\\/webknjizara.hr\\\/wp-content\\\/uploads\\\/2023\\\/06\\\/Marija_Juracic__Nevinost_webknjizara_redak_WEB_1436.jpg\",\"contentUrl\":\"https:\\\/\\\/webknjizara.hr\\\/wp-content\\\/uploads\\\/2023\\\/06\\\/Marija_Juracic__Nevinost_webknjizara_redak_WEB_1436.jpg\",\"width\":300,\"height\":419},{\"@type\":\"BreadcrumbList\",\"@id\":\"https:\\\/\\\/webknjizara.hr\\\/proizvod\\\/nevinost-marija-juracic\\\/#breadcrumb\",\"itemListElement\":[{\"@type\":\"ListItem\",\"position\":1,\"name\":\"Po\u010detna stranica\",\"item\":\"https:\\\/\\\/webknjizara.hr\\\/en\\\/\"},{\"@type\":\"ListItem\",\"position\":2,\"name\":\"Shop\",\"item\":\"https:\\\/\\\/webknjizara.hr\\\/shop\\\/\"},{\"@type\":\"ListItem\",\"position\":3,\"name\":\"NEVINOST, Marija Jura\u010di\u0107\"}]},{\"@type\":\"WebSite\",\"@id\":\"https:\\\/\\\/webknjizara.hr\\\/#website\",\"url\":\"https:\\\/\\\/webknjizara.hr\\\/\",\"name\":\"Web Knji\u017eara\",\"description\":\"\",\"publisher\":{\"@id\":\"https:\\\/\\\/webknjizara.hr\\\/#organization\"},\"potentialAction\":[{\"@type\":\"SearchAction\",\"target\":{\"@type\":\"EntryPoint\",\"urlTemplate\":\"https:\\\/\\\/webknjizara.hr\\\/?s={search_term_string}\"},\"query-input\":{\"@type\":\"PropertyValueSpecification\",\"valueRequired\":true,\"valueName\":\"search_term_string\"}}],\"inLanguage\":\"en-US\"},{\"@type\":\"Organization\",\"@id\":\"https:\\\/\\\/webknjizara.hr\\\/#organization\",\"name\":\"REDAK D.O.O.\",\"url\":\"https:\\\/\\\/webknjizara.hr\\\/\",\"logo\":{\"@type\":\"ImageObject\",\"inLanguage\":\"en-US\",\"@id\":\"https:\\\/\\\/webknjizara.hr\\\/#\\\/schema\\\/logo\\\/image\\\/\",\"url\":\"https:\\\/\\\/webknjizara.hr\\\/wp-content\\\/uploads\\\/2023\\\/01\\\/web-knjizara-logo.webp\",\"contentUrl\":\"https:\\\/\\\/webknjizara.hr\\\/wp-content\\\/uploads\\\/2023\\\/01\\\/web-knjizara-logo.webp\",\"width\":324,\"height\":79,\"caption\":\"REDAK D.O.O.\"},\"image\":{\"@id\":\"https:\\\/\\\/webknjizara.hr\\\/#\\\/schema\\\/logo\\\/image\\\/\"}}]}<\/script>\n<!-- \/ Yoast SEO plugin. -->","yoast_head_json":{"title":"NEVINOST, Marija Jura\u010di\u0107 - Web-knji\u017eara","robots":{"index":"index","follow":"follow","max-snippet":"max-snippet:-1","max-image-preview":"max-image-preview:large","max-video-preview":"max-video-preview:-1"},"canonical":"https:\/\/webknjizara.hr\/proizvod\/nevinost-marija-juracic\/","og_locale":"en_US","og_type":"article","og_title":"NEVINOST, Marija Jura\u010di\u0107 - Web-knji\u017eara","og_description":"\u201eNevinost\u201c je peti roman o rije\u010dkoj istra\u017eiteljici Iki Ekl i policijskom inspektoru Ninnu Ritziju koji, unato\u010d sustavu, dovitljivim metodama rje\u0161avaju ubojstvo mladog informati\u010dara Sanjina Eri\u0107a. \u201cNevinost\u201c je roman o onoj vrsti ljudi koji se s nevino\u0161\u0107u nisu ni rodili. Svi ih poznajemo. Nedodirljivi, ponosito uzdi\u017eu zlo na pijedestale svojih oltara. \u201eNevinost\u201c je pitko \u0161tivo koje [&hellip;]","og_url":"https:\/\/webknjizara.hr\/proizvod\/nevinost-marija-juracic\/","og_site_name":"Web-knji\u017eara","article_modified_time":"2023-06-07T10:19:44+00:00","og_image":[{"width":300,"height":419,"url":"https:\/\/webknjizara.hr\/wp-content\/uploads\/2023\/06\/Marija_Juracic__Nevinost_webknjizara_redak_WEB_1436.jpg","type":"image\/jpeg"}],"twitter_card":"summary_large_image","twitter_misc":{"Est. reading time":"2 minutes"},"schema":{"@context":"https:\/\/schema.org","@graph":[{"@type":"WebPage","@id":"https:\/\/webknjizara.hr\/proizvod\/nevinost-marija-juracic\/","url":"https:\/\/webknjizara.hr\/proizvod\/nevinost-marija-juracic\/","name":"NEVINOST, Marija Jura\u010di\u0107 - Web-knji\u017eara","isPartOf":{"@id":"https:\/\/webknjizara.hr\/#website"},"primaryImageOfPage":{"@id":"https:\/\/webknjizara.hr\/proizvod\/nevinost-marija-juracic\/#primaryimage"},"image":{"@id":"https:\/\/webknjizara.hr\/proizvod\/nevinost-marija-juracic\/#primaryimage"},"thumbnailUrl":"https:\/\/webknjizara.hr\/wp-content\/uploads\/2023\/06\/Marija_Juracic__Nevinost_webknjizara_redak_WEB_1436.jpg","datePublished":"2023-06-07T10:17:27+00:00","dateModified":"2023-06-07T10:19:44+00:00","breadcrumb":{"@id":"https:\/\/webknjizara.hr\/proizvod\/nevinost-marija-juracic\/#breadcrumb"},"inLanguage":"en-US","potentialAction":[{"@type":"ReadAction","target":["https:\/\/webknjizara.hr\/proizvod\/nevinost-marija-juracic\/"]}]},{"@type":"ImageObject","inLanguage":"en-US","@id":"https:\/\/webknjizara.hr\/proizvod\/nevinost-marija-juracic\/#primaryimage","url":"https:\/\/webknjizara.hr\/wp-content\/uploads\/2023\/06\/Marija_Juracic__Nevinost_webknjizara_redak_WEB_1436.jpg","contentUrl":"https:\/\/webknjizara.hr\/wp-content\/uploads\/2023\/06\/Marija_Juracic__Nevinost_webknjizara_redak_WEB_1436.jpg","width":300,"height":419},{"@type":"BreadcrumbList","@id":"https:\/\/webknjizara.hr\/proizvod\/nevinost-marija-juracic\/#breadcrumb","itemListElement":[{"@type":"ListItem","position":1,"name":"Po\u010detna stranica","item":"https:\/\/webknjizara.hr\/en\/"},{"@type":"ListItem","position":2,"name":"Shop","item":"https:\/\/webknjizara.hr\/shop\/"},{"@type":"ListItem","position":3,"name":"NEVINOST, Marija Jura\u010di\u0107"}]},{"@type":"WebSite","@id":"https:\/\/webknjizara.hr\/#website","url":"https:\/\/webknjizara.hr\/","name":"Web Knji\u017eara","description":"","publisher":{"@id":"https:\/\/webknjizara.hr\/#organization"},"potentialAction":[{"@type":"SearchAction","target":{"@type":"EntryPoint","urlTemplate":"https:\/\/webknjizara.hr\/?s={search_term_string}"},"query-input":{"@type":"PropertyValueSpecification","valueRequired":true,"valueName":"search_term_string"}}],"inLanguage":"en-US"},{"@type":"Organization","@id":"https:\/\/webknjizara.hr\/#organization","name":"REDAK D.O.O.","url":"https:\/\/webknjizara.hr\/","logo":{"@type":"ImageObject","inLanguage":"en-US","@id":"https:\/\/webknjizara.hr\/#\/schema\/logo\/image\/","url":"https:\/\/webknjizara.hr\/wp-content\/uploads\/2023\/01\/web-knjizara-logo.webp","contentUrl":"https:\/\/webknjizara.hr\/wp-content\/uploads\/2023\/01\/web-knjizara-logo.webp","width":324,"height":79,"caption":"REDAK D.O.O."},"image":{"@id":"https:\/\/webknjizara.hr\/#\/schema\/logo\/image\/"}}]}},"_links":{"self":[{"href":"https:\/\/webknjizara.hr\/en\/wp-json\/wp\/v2\/product\/14636","targetHints":{"allow":["GET"]}}],"collection":[{"href":"https:\/\/webknjizara.hr\/en\/wp-json\/wp\/v2\/product"}],"about":[{"href":"https:\/\/webknjizara.hr\/en\/wp-json\/wp\/v2\/types\/product"}],"replies":[{"embeddable":true,"href":"https:\/\/webknjizara.hr\/en\/wp-json\/wp\/v2\/comments?post=14636"}],"wp:featuredmedia":[{"embeddable":true,"href":"https:\/\/webknjizara.hr\/en\/wp-json\/wp\/v2\/media\/14637"}],"wp:attachment":[{"href":"https:\/\/webknjizara.hr\/en\/wp-json\/wp\/v2\/media?parent=14636"}],"wp:term":[{"taxonomy":"product_brand","embeddable":true,"href":"https:\/\/webknjizara.hr\/en\/wp-json\/wp\/v2\/product_brand?post=14636"},{"taxonomy":"product_cat","embeddable":true,"href":"https:\/\/webknjizara.hr\/en\/wp-json\/wp\/v2\/product_cat?post=14636"},{"taxonomy":"product_tag","embeddable":true,"href":"https:\/\/webknjizara.hr\/en\/wp-json\/wp\/v2\/product_tag?post=14636"}],"curies":[{"name":"wp","href":"https:\/\/api.w.org\/{rel}","templated":true}]}}