{"id":14627,"date":"2023-06-06T11:11:19","date_gmt":"2023-06-06T09:11:19","guid":{"rendered":"https:\/\/webknjizara.hr\/?post_type=product&#038;p=14627"},"modified":"2023-06-06T13:01:27","modified_gmt":"2023-06-06T11:01:27","slug":"moje-ime-je-duska-duska-music","status":"publish","type":"product","link":"https:\/\/webknjizara.hr\/en\/proizvod\/moje-ime-je-duska-duska-music\/","title":{"rendered":"MOJE IME JE DU\u0160KA, Du\u0161ka Mu\u0161i\u0107"},"content":{"rendered":"<p lang=\"hr-HR\" align=\"JUSTIFY\"><span style=\"font-family: Cambria, Cambria, serif;\"><span style=\"font-size: medium;\"><span style=\"color: #000000;\"><span style=\"font-size: large;\">moje ime je du\u0161ka i ja sam debela <\/span><\/span><\/span><\/span><\/p>\n<p lang=\"hr-HR\" align=\"JUSTIFY\">rodila sam se s 3250, sasvim pristojna te\u017eina za jednu bebu&#8230; u drugom osnovne izgledala sam kao u\u010diteljica, bila puna jala i ljutnje, vrbovala svoj klan, svoje ljude jer sam bila najja\u010da i kao kobac vrebala \u010diju \u0107u marendu ugrabiti&#8230;<\/p>\n<p>moja starija sestra bila je sama kost i ko\u017ea&#8230; meni roditelji branili, nju tovili, sjedimo za istim stolom, ru\u010damo, svi jedu vi\u0161e od mene, prije deserta ka\u017eu mi da se udaljim od stola&#8230; i nitko ne vidi da se ja gu\u0161im u svakom zalogaju&#8230; da ih ne gledam u o\u010di i da zami\u0161ljam da ih nema&#8230;<\/p>\n<p>na tjelesnom sam morala donijeti papir od roditelja radi po\u0161tede preskakanja preko koze&#8230; otac gadljivo potpisuje papir koji mu turam pod nos, majka ispu\u0161ta lonac koji pere kad se on po\u010dne derati na mene obja\u0161njavaju\u0107i mi kako moja sestra mo\u017ee presko\u010diti dvije, tri, pet koza jer je ona normalna&#8230;<\/p>\n<p>bila sam dobar u\u010denik, silom prilika bubala lekcije pa drugima pisala zada\u0107e preko malog odmora, za kola\u010d ili za sendvi\u010d&#8230; kvadrat i kub binoma rje\u0161avala u rekordnom roku i na test stavljala tu\u0111e ime&#8230; preko odmora to \u0107e mi ime kupiti sok i kiflu&#8230; engleski \u0161aputala iz zadnje klupe po cijenu da me izbace iz razreda \u2013 \u010dips i koka-kola&#8230;<\/p>\n<p>sita sam dolazila ku\u0107i, sjedala za stol, gutala ono \u0161to jedu nenormalni, nisam gledala nikoga od uku\u0107ana, dizala se i odlazila u svoju sobu prije deserta&#8230;<\/p>\n<p>negdje uo\u010di kraja osnovne \u0161kole otvorilo i kod nas u mjestu slasto masto slasti\u010darnu&#8230; u\u0161e\u0107erene jabuke i baklave, hurma\u0161ice i sladoled od vanilije&#8230; otac bio vojno lice, vojni\u010dkom strogo\u0107om zabranio odlazak na TO mjesto i isplovio&#8230; danima ga nismo vi\u0111ali&#8230; majka je vodila ra\u010duna da mu ne okalja obraz, sve je \u0161tirkala i peglala, heklala nam dokoljenice i kragnice, razmjenjivala recepte sa susjedama&#8230; sve su gospo\u0111e u zgradi pu\u0161ile kad bi im mu\u017eevi isplovili i sve su pravile zimnicu&#8230; na svakom bra\u010dnom krevetu bila bi u\u0161tirkana i u\u010dipkana lutka iz trsta koja je treptala&#8230; bila je mr\u0161ava&#8230;<\/p>\n<p>tada sam na terasi, na vrhu zgrade po\u010dela raditi predstave, glumilo se, pjevalo, prodavale se karte koje bih no\u0107u sama izra\u0111ivala, imala sam i svoj pe\u010dat napravljen od polovice krumpira&#8230; krila od majke moju novu djelatnost, uzimala sirotinju iz zgrade da glume i pjevaju, a onim bogatijima, kojima su donosili \u010dak i \u017evake-cigarete iz italije, napla\u0107ivala i u novcu i u \u017evakama&#8230;<\/p>\n<p>novac koji bismo dobili od prodaje ulaznica, tro\u0161ili smo samo kod slaste maste&#8230; bilo ga je kako kad&#8230; donosili slatki\u0161e kri\u0161om na terasu i tamo smo dijelili po\u0161teno i po zaslugama, netko bi dobio griz crvene, sjajne u\u0161e\u0107erene jabuke, netko jabuku i pol&#8230; nitko se nije \u017ealio&#8230; prala bih ljepljive ruke i obraze u ve\u0161eraju odmah kraj pozornice, paze\u0107i da ne ostane ni najmanji trag kada u\u0111em u moj dijetalni dom&#8230;<\/p>\n<p>bio je nekakav otu\u017ean jesenji dan, dosadan i siv&#8230; prona\u0161la sam u \u201ezabranjenim o\u010devim stvarima\u201c karte s golim tetama, obe\u0107ala posjetiteljima da \u0107e gledati gole \u017eenske sise i pove\u0107ala cijenu ulaznice&#8230; zaradilo se dobro, troje ih je i\u0161lo kod slaste&#8230; tr\u010dali su nazad, sve to blago rasprostrli smo po starom stolnjaku na terasi, posjedali kao indijanci oko vatre i navalili&#8230;<\/p>\n<p>u tom trenutku neka sila, najja\u010da od svih sila na svijetu, podigla me uzrak i dok mi se otimao uzdah iz treperavog \u017eeluca, osjetila sam miris o\u010devog pitralona nakon brijanja&#8230;<\/p>\n<p>dugo sam mislila da je moja debljina razorila obitelj&#8230; sebe krivila i jela&#8230; vi\u0161e od \u010detrdeset godina nisam kupila u\u0161e\u0107erenu jabuku&#8230; kad god bih je ugledala na nekom sajmu ili u zabitoj slasti\u010darnici na kraju sela, suze bi se odlijepile od du\u0161e za sve one modrice i masnice na mom tijelu i uvijek su nekako ostavljale trag pitralona&#8230;<\/p>\n<p>oprostila sam im&#8230; sada opet ne\u0161to piskaram, di\u0161em duboko i \u010disto, smijem se grlato i glasno, ne jebem ni \u017eivu silu, ne znam vi\u0161e ni kvadrat ni kub binoma, \u017eudim za u\u0161e\u0107erenim jabukama i nikada se za mojim stolom nitko ne mora dizati prije deserta&#8230; dogodi se ponekad da moj unuk i ja za predjelo, za glavno jelo i za desert jedemo nerine hurma\u0161ice&#8230; i nema te sile na ovome svijetu koja bi nam to zabranila&#8230;<\/p>\n<p>moje ime je du\u0161ka i ja sam debela&#8230;<\/p>\n<p>&nbsp;<\/p>\n<p><span style=\"font-family: Arial, sans-serif;\"><span lang=\"hr-HR\"><b>Bilje\u0161ka o autorici: <\/b><\/span><\/span><\/p>\n<p>Ro\u0111ena 1955.g. u Metkovi\u0107u, umirovljenica, \u017eivi u Plo\u010dama<\/p>\n<p>&nbsp;<\/p>\n<p><strong><span style=\"font-family: Arial, sans-serif;\">Naslov: <\/span><\/strong><strong><span style=\"font-family: Arial, sans-serif;\">moje ime je du\u0161ka<\/span><\/strong><span style=\"font-family: Arial, sans-serif;\"><br \/>\n<\/span><strong><span style=\"font-family: Arial, sans-serif;\">Autorica:<\/span><\/strong><span style=\"font-family: Arial, sans-serif;\"> Du\u0161ka Mu\u0161i\u0107<br \/>\n<\/span><strong><span style=\"font-family: Arial, sans-serif;\">Broj stranica: <\/span><\/strong><span style=\"font-family: Arial, sans-serif;\"><span lang=\"\">110<\/span><\/span><span style=\"font-family: Arial, sans-serif;\"><br \/>\n<\/span><strong><span style=\"font-family: Arial, sans-serif;\">Nakladnik: <\/span><\/strong><strong><span style=\"font-family: Arial, sans-serif;\">REDAK<\/span><\/strong><span style=\"font-family: Arial, sans-serif;\"><br \/>\n<\/span><strong><span style=\"font-family: Arial, sans-serif;\">Godina izdanja: <\/span><\/strong><strong><span style=\"font-family: Arial, sans-serif;\">2023.<\/span><\/strong><\/p>\n","protected":false},"excerpt":{"rendered":"<p>moje ime je du\u0161ka i ja sam debela rodila sam se s 3250, sasvim pristojna te\u017eina za jednu bebu&#8230; u drugom osnovne izgledala sam kao u\u010diteljica, bila puna jala i ljutnje, vrbovala svoj klan, svoje ljude jer sam bila najja\u010da i kao kobac vrebala \u010diju \u0107u marendu ugrabiti&#8230; moja starija sestra bila je sama kost [&hellip;]<\/p>\n","protected":false},"featured_media":14628,"comment_status":"open","ping_status":"closed","template":"","meta":{"_acf_changed":false},"product_brand":[],"product_cat":[1607],"product_tag":[],"class_list":{"0":"post-14627","1":"product","2":"type-product","3":"status-publish","4":"has-post-thumbnail","6":"product_cat-proza","7":"pa_autor-duska-music","8":"pa_nakladnik-redak","10":"first","11":"instock","12":"shipping-taxable","13":"purchasable","14":"product-type-simple"},"acf":[],"yoast_head":"<!-- This site is optimized with the Yoast SEO plugin v27.3 - https:\/\/yoast.com\/product\/yoast-seo-wordpress\/ -->\n<title>MOJE IME JE DU\u0160KA, Du\u0161ka Mu\u0161i\u0107 - Web-knji\u017eara<\/title>\n<meta name=\"robots\" content=\"index, follow, max-snippet:-1, max-image-preview:large, max-video-preview:-1\" \/>\n<link rel=\"canonical\" href=\"https:\/\/webknjizara.hr\/proizvod\/moje-ime-je-duska-duska-music\/\" \/>\n<meta property=\"og:locale\" content=\"en_US\" \/>\n<meta property=\"og:type\" content=\"article\" \/>\n<meta property=\"og:title\" content=\"MOJE IME JE DU\u0160KA, Du\u0161ka Mu\u0161i\u0107 - Web-knji\u017eara\" \/>\n<meta property=\"og:description\" content=\"moje ime je du\u0161ka i ja sam debela rodila sam se s 3250, sasvim pristojna te\u017eina za jednu bebu&#8230; u drugom osnovne izgledala sam kao u\u010diteljica, bila puna jala i ljutnje, vrbovala svoj klan, svoje ljude jer sam bila najja\u010da i kao kobac vrebala \u010diju \u0107u marendu ugrabiti&#8230; moja starija sestra bila je sama kost [&hellip;]\" \/>\n<meta property=\"og:url\" content=\"https:\/\/webknjizara.hr\/proizvod\/moje-ime-je-duska-duska-music\/\" \/>\n<meta property=\"og:site_name\" content=\"Web-knji\u017eara\" \/>\n<meta property=\"article:modified_time\" content=\"2023-06-06T11:01:27+00:00\" \/>\n<meta property=\"og:image\" content=\"https:\/\/webknjizara.hr\/wp-content\/uploads\/2023\/06\/Duska_Music_Moje_ime_je_Duska_webknjizara_redak_WEB_1444.jpg\" \/>\n\t<meta property=\"og:image:width\" content=\"573\" \/>\n\t<meta property=\"og:image:height\" content=\"800\" \/>\n\t<meta property=\"og:image:type\" content=\"image\/jpeg\" \/>\n<meta name=\"twitter:card\" content=\"summary_large_image\" \/>\n<meta name=\"twitter:label1\" content=\"Est. reading time\" \/>\n\t<meta name=\"twitter:data1\" content=\"4 minutes\" \/>\n<script type=\"application\/ld+json\" class=\"yoast-schema-graph\">{\"@context\":\"https:\\\/\\\/schema.org\",\"@graph\":[{\"@type\":\"WebPage\",\"@id\":\"https:\\\/\\\/webknjizara.hr\\\/proizvod\\\/moje-ime-je-duska-duska-music\\\/\",\"url\":\"https:\\\/\\\/webknjizara.hr\\\/proizvod\\\/moje-ime-je-duska-duska-music\\\/\",\"name\":\"MOJE IME JE DU\u0160KA, Du\u0161ka Mu\u0161i\u0107 - Web-knji\u017eara\",\"isPartOf\":{\"@id\":\"https:\\\/\\\/webknjizara.hr\\\/#website\"},\"primaryImageOfPage\":{\"@id\":\"https:\\\/\\\/webknjizara.hr\\\/proizvod\\\/moje-ime-je-duska-duska-music\\\/#primaryimage\"},\"image\":{\"@id\":\"https:\\\/\\\/webknjizara.hr\\\/proizvod\\\/moje-ime-je-duska-duska-music\\\/#primaryimage\"},\"thumbnailUrl\":\"https:\\\/\\\/webknjizara.hr\\\/wp-content\\\/uploads\\\/2023\\\/06\\\/Duska_Music_Moje_ime_je_Duska_webknjizara_redak_WEB_1444.jpg\",\"datePublished\":\"2023-06-06T09:11:19+00:00\",\"dateModified\":\"2023-06-06T11:01:27+00:00\",\"breadcrumb\":{\"@id\":\"https:\\\/\\\/webknjizara.hr\\\/proizvod\\\/moje-ime-je-duska-duska-music\\\/#breadcrumb\"},\"inLanguage\":\"en-US\",\"potentialAction\":[{\"@type\":\"ReadAction\",\"target\":[\"https:\\\/\\\/webknjizara.hr\\\/proizvod\\\/moje-ime-je-duska-duska-music\\\/\"]}]},{\"@type\":\"ImageObject\",\"inLanguage\":\"en-US\",\"@id\":\"https:\\\/\\\/webknjizara.hr\\\/proizvod\\\/moje-ime-je-duska-duska-music\\\/#primaryimage\",\"url\":\"https:\\\/\\\/webknjizara.hr\\\/wp-content\\\/uploads\\\/2023\\\/06\\\/Duska_Music_Moje_ime_je_Duska_webknjizara_redak_WEB_1444.jpg\",\"contentUrl\":\"https:\\\/\\\/webknjizara.hr\\\/wp-content\\\/uploads\\\/2023\\\/06\\\/Duska_Music_Moje_ime_je_Duska_webknjizara_redak_WEB_1444.jpg\",\"width\":573,\"height\":800},{\"@type\":\"BreadcrumbList\",\"@id\":\"https:\\\/\\\/webknjizara.hr\\\/proizvod\\\/moje-ime-je-duska-duska-music\\\/#breadcrumb\",\"itemListElement\":[{\"@type\":\"ListItem\",\"position\":1,\"name\":\"Po\u010detna stranica\",\"item\":\"https:\\\/\\\/webknjizara.hr\\\/en\\\/\"},{\"@type\":\"ListItem\",\"position\":2,\"name\":\"Shop\",\"item\":\"https:\\\/\\\/webknjizara.hr\\\/shop\\\/\"},{\"@type\":\"ListItem\",\"position\":3,\"name\":\"MOJE IME JE DU\u0160KA, Du\u0161ka Mu\u0161i\u0107\"}]},{\"@type\":\"WebSite\",\"@id\":\"https:\\\/\\\/webknjizara.hr\\\/#website\",\"url\":\"https:\\\/\\\/webknjizara.hr\\\/\",\"name\":\"Web Knji\u017eara\",\"description\":\"\",\"publisher\":{\"@id\":\"https:\\\/\\\/webknjizara.hr\\\/#organization\"},\"potentialAction\":[{\"@type\":\"SearchAction\",\"target\":{\"@type\":\"EntryPoint\",\"urlTemplate\":\"https:\\\/\\\/webknjizara.hr\\\/?s={search_term_string}\"},\"query-input\":{\"@type\":\"PropertyValueSpecification\",\"valueRequired\":true,\"valueName\":\"search_term_string\"}}],\"inLanguage\":\"en-US\"},{\"@type\":\"Organization\",\"@id\":\"https:\\\/\\\/webknjizara.hr\\\/#organization\",\"name\":\"REDAK D.O.O.\",\"url\":\"https:\\\/\\\/webknjizara.hr\\\/\",\"logo\":{\"@type\":\"ImageObject\",\"inLanguage\":\"en-US\",\"@id\":\"https:\\\/\\\/webknjizara.hr\\\/#\\\/schema\\\/logo\\\/image\\\/\",\"url\":\"https:\\\/\\\/webknjizara.hr\\\/wp-content\\\/uploads\\\/2023\\\/01\\\/web-knjizara-logo.webp\",\"contentUrl\":\"https:\\\/\\\/webknjizara.hr\\\/wp-content\\\/uploads\\\/2023\\\/01\\\/web-knjizara-logo.webp\",\"width\":324,\"height\":79,\"caption\":\"REDAK D.O.O.\"},\"image\":{\"@id\":\"https:\\\/\\\/webknjizara.hr\\\/#\\\/schema\\\/logo\\\/image\\\/\"}}]}<\/script>\n<!-- \/ Yoast SEO plugin. -->","yoast_head_json":{"title":"MOJE IME JE DU\u0160KA, Du\u0161ka Mu\u0161i\u0107 - Web-knji\u017eara","robots":{"index":"index","follow":"follow","max-snippet":"max-snippet:-1","max-image-preview":"max-image-preview:large","max-video-preview":"max-video-preview:-1"},"canonical":"https:\/\/webknjizara.hr\/proizvod\/moje-ime-je-duska-duska-music\/","og_locale":"en_US","og_type":"article","og_title":"MOJE IME JE DU\u0160KA, Du\u0161ka Mu\u0161i\u0107 - Web-knji\u017eara","og_description":"moje ime je du\u0161ka i ja sam debela rodila sam se s 3250, sasvim pristojna te\u017eina za jednu bebu&#8230; u drugom osnovne izgledala sam kao u\u010diteljica, bila puna jala i ljutnje, vrbovala svoj klan, svoje ljude jer sam bila najja\u010da i kao kobac vrebala \u010diju \u0107u marendu ugrabiti&#8230; moja starija sestra bila je sama kost [&hellip;]","og_url":"https:\/\/webknjizara.hr\/proizvod\/moje-ime-je-duska-duska-music\/","og_site_name":"Web-knji\u017eara","article_modified_time":"2023-06-06T11:01:27+00:00","og_image":[{"width":573,"height":800,"url":"https:\/\/webknjizara.hr\/wp-content\/uploads\/2023\/06\/Duska_Music_Moje_ime_je_Duska_webknjizara_redak_WEB_1444.jpg","type":"image\/jpeg"}],"twitter_card":"summary_large_image","twitter_misc":{"Est. reading time":"4 minutes"},"schema":{"@context":"https:\/\/schema.org","@graph":[{"@type":"WebPage","@id":"https:\/\/webknjizara.hr\/proizvod\/moje-ime-je-duska-duska-music\/","url":"https:\/\/webknjizara.hr\/proizvod\/moje-ime-je-duska-duska-music\/","name":"MOJE IME JE DU\u0160KA, Du\u0161ka Mu\u0161i\u0107 - Web-knji\u017eara","isPartOf":{"@id":"https:\/\/webknjizara.hr\/#website"},"primaryImageOfPage":{"@id":"https:\/\/webknjizara.hr\/proizvod\/moje-ime-je-duska-duska-music\/#primaryimage"},"image":{"@id":"https:\/\/webknjizara.hr\/proizvod\/moje-ime-je-duska-duska-music\/#primaryimage"},"thumbnailUrl":"https:\/\/webknjizara.hr\/wp-content\/uploads\/2023\/06\/Duska_Music_Moje_ime_je_Duska_webknjizara_redak_WEB_1444.jpg","datePublished":"2023-06-06T09:11:19+00:00","dateModified":"2023-06-06T11:01:27+00:00","breadcrumb":{"@id":"https:\/\/webknjizara.hr\/proizvod\/moje-ime-je-duska-duska-music\/#breadcrumb"},"inLanguage":"en-US","potentialAction":[{"@type":"ReadAction","target":["https:\/\/webknjizara.hr\/proizvod\/moje-ime-je-duska-duska-music\/"]}]},{"@type":"ImageObject","inLanguage":"en-US","@id":"https:\/\/webknjizara.hr\/proizvod\/moje-ime-je-duska-duska-music\/#primaryimage","url":"https:\/\/webknjizara.hr\/wp-content\/uploads\/2023\/06\/Duska_Music_Moje_ime_je_Duska_webknjizara_redak_WEB_1444.jpg","contentUrl":"https:\/\/webknjizara.hr\/wp-content\/uploads\/2023\/06\/Duska_Music_Moje_ime_je_Duska_webknjizara_redak_WEB_1444.jpg","width":573,"height":800},{"@type":"BreadcrumbList","@id":"https:\/\/webknjizara.hr\/proizvod\/moje-ime-je-duska-duska-music\/#breadcrumb","itemListElement":[{"@type":"ListItem","position":1,"name":"Po\u010detna stranica","item":"https:\/\/webknjizara.hr\/en\/"},{"@type":"ListItem","position":2,"name":"Shop","item":"https:\/\/webknjizara.hr\/shop\/"},{"@type":"ListItem","position":3,"name":"MOJE IME JE DU\u0160KA, Du\u0161ka Mu\u0161i\u0107"}]},{"@type":"WebSite","@id":"https:\/\/webknjizara.hr\/#website","url":"https:\/\/webknjizara.hr\/","name":"Web Knji\u017eara","description":"","publisher":{"@id":"https:\/\/webknjizara.hr\/#organization"},"potentialAction":[{"@type":"SearchAction","target":{"@type":"EntryPoint","urlTemplate":"https:\/\/webknjizara.hr\/?s={search_term_string}"},"query-input":{"@type":"PropertyValueSpecification","valueRequired":true,"valueName":"search_term_string"}}],"inLanguage":"en-US"},{"@type":"Organization","@id":"https:\/\/webknjizara.hr\/#organization","name":"REDAK D.O.O.","url":"https:\/\/webknjizara.hr\/","logo":{"@type":"ImageObject","inLanguage":"en-US","@id":"https:\/\/webknjizara.hr\/#\/schema\/logo\/image\/","url":"https:\/\/webknjizara.hr\/wp-content\/uploads\/2023\/01\/web-knjizara-logo.webp","contentUrl":"https:\/\/webknjizara.hr\/wp-content\/uploads\/2023\/01\/web-knjizara-logo.webp","width":324,"height":79,"caption":"REDAK D.O.O."},"image":{"@id":"https:\/\/webknjizara.hr\/#\/schema\/logo\/image\/"}}]}},"_links":{"self":[{"href":"https:\/\/webknjizara.hr\/en\/wp-json\/wp\/v2\/product\/14627","targetHints":{"allow":["GET"]}}],"collection":[{"href":"https:\/\/webknjizara.hr\/en\/wp-json\/wp\/v2\/product"}],"about":[{"href":"https:\/\/webknjizara.hr\/en\/wp-json\/wp\/v2\/types\/product"}],"replies":[{"embeddable":true,"href":"https:\/\/webknjizara.hr\/en\/wp-json\/wp\/v2\/comments?post=14627"}],"wp:featuredmedia":[{"embeddable":true,"href":"https:\/\/webknjizara.hr\/en\/wp-json\/wp\/v2\/media\/14628"}],"wp:attachment":[{"href":"https:\/\/webknjizara.hr\/en\/wp-json\/wp\/v2\/media?parent=14627"}],"wp:term":[{"taxonomy":"product_brand","embeddable":true,"href":"https:\/\/webknjizara.hr\/en\/wp-json\/wp\/v2\/product_brand?post=14627"},{"taxonomy":"product_cat","embeddable":true,"href":"https:\/\/webknjizara.hr\/en\/wp-json\/wp\/v2\/product_cat?post=14627"},{"taxonomy":"product_tag","embeddable":true,"href":"https:\/\/webknjizara.hr\/en\/wp-json\/wp\/v2\/product_tag?post=14627"}],"curies":[{"name":"wp","href":"https:\/\/api.w.org\/{rel}","templated":true}]}}