{"id":14544,"date":"2023-05-18T16:13:17","date_gmt":"2023-05-18T14:13:17","guid":{"rendered":"https:\/\/webknjizara.hr\/?post_type=product&#038;p=14544"},"modified":"2023-05-18T16:14:32","modified_gmt":"2023-05-18T14:14:32","slug":"adamas-sva-snaga-je-u-tebi-nada-komazec","status":"publish","type":"product","link":"https:\/\/webknjizara.hr\/en\/proizvod\/adamas-sva-snaga-je-u-tebi-nada-komazec\/","title":{"rendered":"ADAMAS, SVA SNAGA JE U TEBI, Nada Komazec"},"content":{"rendered":"<p><span style=\"color: #000000;\">Ova knjiga pod naslovom Adamas sadr\u017ei autobiografske pou\u010dne pri\u010de, sve od djetinjstva pa kroz duhovni rast, sazrijevanje i nadrastanje samoga sebe kroz godine \u017eivota. Knjiga je namijenjena svakome, a posebno mojoj djeci i unucima. Pi\u0161em o svojim iskustvima i spoznajama, a pouke nau\u010denih lekcija ostavljam budu\u0107im generacijama.<\/span><\/p>\n<p><span style=\"color: #000000;\">Moj \u017eivot su obilje\u017eili posebni uspjesi nakon zapreka koje sam morala prebroditi. Kroz sve uspone i padove najva\u017eniji mi je bio odgoj moje djece, kao i briga o u\u010denicima u \u0161koli u odgojnom i obrazovnom smislu. Uvijek mi je bilo najva\u017enije preno\u0161enje znanja, iskustava i podr\u0161ke mladim generacijama<\/span><\/p>\n<p>&nbsp;<\/p>\n<p><span style=\"font-family: Arial, sans-serif;\"><span lang=\"hr-HR\"><b>Bilje\u0161ka o autorici:<\/b><\/span><\/span><\/p>\n<p><b> <\/b><span style=\"color: #000000;\">Nada Komazec ro\u0111ena je 8. srpnja 1955. godine u Ogulinu. Nakon osnovne \u0161kole zavr\u0161ila je gimnaziju u Ogulinu. Nakon toga je studirala engleski jezik na Pedago\u0161koj akademiji u Rijeci, a kasnije na Filozofskom fakultetu u Zagrebu. Diplomirala je za profesora engleskog jezika i knji\u017eevnosti. <\/span><\/p>\n<p><span style=\"color: #000000;\"> Predavala je engleski jezik dvadeset godina. Radila je kao sudski tuma\u010d za engleski jezik. Pri Nacionalnoj i sveu\u010dili\u0161noj knji\u017enici u Zagrebu zavr\u0161ila je bibliotekarstvo i polo\u017eila stru\u010dni ispit za rad u \u0161kolskoj knji\u017enici, a kasnije postala diplomirani knji\u017eni\u010dar i stru\u010dni suradnik mentor. Godinama je predano radila sa \u0161kolskom djecom, educirala u\u010denike i odr\u017eavala radionice (Borba protiv ovisnosti, Opasnosti interneta itd.) Aktivno se bavila ekologijom I sudjelovala na me\u0111unarodnim seminarima. Radila je za mnoge projekte. Lektorirala je Karlova\u010dki vodi\u010d na engleskom jeziku. <\/span><\/p>\n<p><span style=\"color: #000000;\"> Pripremala je brojne knji\u017eevne i likovne izlo\u017ebe u svojoj \u0161koli, ve\u010deri poezije, knji\u017eevne susrete, kvizove, te \u0161kolska natjecanja, te organizirala redovite odlaske na Interliber, sajam knjiga. <\/span><\/p>\n<p><span style=\"color: #000000;\"> Objavila je prvu knjigu 2016. godine, metodi\u010dki vodi\u010d za nastavnike engleskog jezika, Learning Grammar Should be Interesting and Enjoyable. Tu je sa\u017eela svoje dvadesetgodi\u0161nje iskustvo rada u nastavi engleskog jezika, obrada gramatike na zanimljiv i suvremen na\u010din. Razvijala je kod djece funkcionalno mi\u0161ljenje. 2020. godine je izdala knjigu Opasnosti Interneta, koja je namijenjena svakome, a posebno djeci i roditeljima, kako bi se mogli za\u0161tititi od raznih prijevara. <\/span><\/p>\n<p><span style=\"font-family: Arial, sans-serif;\"><span lang=\"hr-HR\"><b>E-mail: <\/b><\/span><\/span><a href=\"MAILTO:nada.desertrose@gmail.com\" target=\"_blank\" rel=\"noopener\"><span style=\"color: #000000;\"><span style=\"font-family: Arial, sans-serif;\">Nada Komazec<\/span><\/span><\/a><\/p>\n<p>&nbsp;<\/p>\n<p><strong><span style=\"font-family: Arial, sans-serif;\">Naslov: <\/span><\/strong><strong><span style=\"font-family: Arial, sans-serif;\">Adamas, Sva snaga je u tebi<\/span><\/strong><span style=\"font-family: Arial, sans-serif;\"><br \/>\n<\/span><strong><span style=\"font-family: Arial, sans-serif;\">Autorica:<\/span><\/strong><span style=\"font-family: Arial, sans-serif;\"> Nada Komazec<br \/>\n<\/span><strong><span style=\"font-family: Arial, sans-serif;\">Broj stranica: <\/span><\/strong><span style=\"font-family: Arial, sans-serif;\"><span lang=\"\">104<\/span><\/span><span style=\"font-family: Arial, sans-serif;\"><br \/>\n<\/span><strong><span style=\"font-family: Arial, sans-serif;\">Nakladnik: <\/span><\/strong><strong><span style=\"font-family: Arial, sans-serif;\">REDAK<\/span><\/strong><span style=\"font-family: Arial, sans-serif;\"><br \/>\n<\/span><strong><span style=\"font-family: Arial, sans-serif;\">Godina izdanja: <\/span><\/strong><strong><span style=\"font-family: Arial, sans-serif;\">2023.<br \/>\n<\/span><\/strong><strong><span style=\"font-family: Arial, sans-serif;\">ISBN:<\/span><\/strong><span style=\"font-family: Arial, sans-serif;\"> 978-953-336-926-6<br \/>\n<\/span><strong><span style=\"font-family: Arial, sans-serif;\">Tisak:<\/span><\/strong><span style=\"font-family: Arial, sans-serif;\"> digitalni tisak knjiga &#8211; print na zahtjev<\/span><\/p>\n","protected":false},"excerpt":{"rendered":"<p>Ova knjiga pod naslovom Adamas sadr\u017ei autobiografske pou\u010dne pri\u010de, sve od djetinjstva pa kroz duhovni rast, sazrijevanje i nadrastanje samoga sebe kroz godine \u017eivota. Knjiga je namijenjena svakome, a posebno mojoj djeci i unucima. Pi\u0161em o svojim iskustvima i spoznajama, a pouke nau\u010denih lekcija ostavljam budu\u0107im generacijama. Moj \u017eivot su obilje\u017eili posebni uspjesi nakon zapreka [&hellip;]<\/p>\n","protected":false},"featured_media":14545,"comment_status":"open","ping_status":"closed","template":"","meta":{"_acf_changed":false},"product_brand":[],"product_cat":[2378],"product_tag":[],"class_list":{"0":"post-14544","1":"product","2":"type-product","3":"status-publish","4":"has-post-thumbnail","6":"product_cat-autobiografske-price","7":"pa_autor-nada-komazec","8":"pa_nakladnik-redak","10":"first","11":"instock","12":"shipping-taxable","13":"purchasable","14":"product-type-simple"},"acf":[],"yoast_head":"<!-- This site is optimized with the Yoast SEO plugin v27.3 - https:\/\/yoast.com\/product\/yoast-seo-wordpress\/ -->\n<title>ADAMAS, SVA SNAGA JE U TEBI, Nada Komazec - Web-knji\u017eara<\/title>\n<meta name=\"robots\" content=\"index, follow, max-snippet:-1, max-image-preview:large, max-video-preview:-1\" \/>\n<link rel=\"canonical\" href=\"https:\/\/webknjizara.hr\/proizvod\/adamas-sva-snaga-je-u-tebi-nada-komazec\/\" \/>\n<meta property=\"og:locale\" content=\"en_US\" \/>\n<meta property=\"og:type\" content=\"article\" \/>\n<meta property=\"og:title\" content=\"ADAMAS, SVA SNAGA JE U TEBI, Nada Komazec - Web-knji\u017eara\" \/>\n<meta property=\"og:description\" content=\"Ova knjiga pod naslovom Adamas sadr\u017ei autobiografske pou\u010dne pri\u010de, sve od djetinjstva pa kroz duhovni rast, sazrijevanje i nadrastanje samoga sebe kroz godine \u017eivota. Knjiga je namijenjena svakome, a posebno mojoj djeci i unucima. Pi\u0161em o svojim iskustvima i spoznajama, a pouke nau\u010denih lekcija ostavljam budu\u0107im generacijama. Moj \u017eivot su obilje\u017eili posebni uspjesi nakon zapreka [&hellip;]\" \/>\n<meta property=\"og:url\" content=\"https:\/\/webknjizara.hr\/proizvod\/adamas-sva-snaga-je-u-tebi-nada-komazec\/\" \/>\n<meta property=\"og:site_name\" content=\"Web-knji\u017eara\" \/>\n<meta property=\"article:modified_time\" content=\"2023-05-18T14:14:32+00:00\" \/>\n<meta property=\"og:image\" content=\"https:\/\/webknjizara.hr\/wp-content\/uploads\/2023\/05\/Nada_Komazec_Adamas__Sva_snaga_je_u_tebi_webknjizara_redak_WEB_1427.jpg\" \/>\n\t<meta property=\"og:image:width\" content=\"300\" \/>\n\t<meta property=\"og:image:height\" content=\"419\" \/>\n\t<meta property=\"og:image:type\" content=\"image\/jpeg\" \/>\n<meta name=\"twitter:card\" content=\"summary_large_image\" \/>\n<meta name=\"twitter:label1\" content=\"Est. reading time\" \/>\n\t<meta name=\"twitter:data1\" content=\"2 minutes\" \/>\n<script type=\"application\/ld+json\" class=\"yoast-schema-graph\">{\"@context\":\"https:\\\/\\\/schema.org\",\"@graph\":[{\"@type\":\"WebPage\",\"@id\":\"https:\\\/\\\/webknjizara.hr\\\/proizvod\\\/adamas-sva-snaga-je-u-tebi-nada-komazec\\\/\",\"url\":\"https:\\\/\\\/webknjizara.hr\\\/proizvod\\\/adamas-sva-snaga-je-u-tebi-nada-komazec\\\/\",\"name\":\"ADAMAS, SVA SNAGA JE U TEBI, Nada Komazec - Web-knji\u017eara\",\"isPartOf\":{\"@id\":\"https:\\\/\\\/webknjizara.hr\\\/#website\"},\"primaryImageOfPage\":{\"@id\":\"https:\\\/\\\/webknjizara.hr\\\/proizvod\\\/adamas-sva-snaga-je-u-tebi-nada-komazec\\\/#primaryimage\"},\"image\":{\"@id\":\"https:\\\/\\\/webknjizara.hr\\\/proizvod\\\/adamas-sva-snaga-je-u-tebi-nada-komazec\\\/#primaryimage\"},\"thumbnailUrl\":\"https:\\\/\\\/webknjizara.hr\\\/wp-content\\\/uploads\\\/2023\\\/05\\\/Nada_Komazec_Adamas__Sva_snaga_je_u_tebi_webknjizara_redak_WEB_1427.jpg\",\"datePublished\":\"2023-05-18T14:13:17+00:00\",\"dateModified\":\"2023-05-18T14:14:32+00:00\",\"breadcrumb\":{\"@id\":\"https:\\\/\\\/webknjizara.hr\\\/proizvod\\\/adamas-sva-snaga-je-u-tebi-nada-komazec\\\/#breadcrumb\"},\"inLanguage\":\"en-US\",\"potentialAction\":[{\"@type\":\"ReadAction\",\"target\":[\"https:\\\/\\\/webknjizara.hr\\\/proizvod\\\/adamas-sva-snaga-je-u-tebi-nada-komazec\\\/\"]}]},{\"@type\":\"ImageObject\",\"inLanguage\":\"en-US\",\"@id\":\"https:\\\/\\\/webknjizara.hr\\\/proizvod\\\/adamas-sva-snaga-je-u-tebi-nada-komazec\\\/#primaryimage\",\"url\":\"https:\\\/\\\/webknjizara.hr\\\/wp-content\\\/uploads\\\/2023\\\/05\\\/Nada_Komazec_Adamas__Sva_snaga_je_u_tebi_webknjizara_redak_WEB_1427.jpg\",\"contentUrl\":\"https:\\\/\\\/webknjizara.hr\\\/wp-content\\\/uploads\\\/2023\\\/05\\\/Nada_Komazec_Adamas__Sva_snaga_je_u_tebi_webknjizara_redak_WEB_1427.jpg\",\"width\":300,\"height\":419},{\"@type\":\"BreadcrumbList\",\"@id\":\"https:\\\/\\\/webknjizara.hr\\\/proizvod\\\/adamas-sva-snaga-je-u-tebi-nada-komazec\\\/#breadcrumb\",\"itemListElement\":[{\"@type\":\"ListItem\",\"position\":1,\"name\":\"Po\u010detna stranica\",\"item\":\"https:\\\/\\\/webknjizara.hr\\\/en\\\/\"},{\"@type\":\"ListItem\",\"position\":2,\"name\":\"Shop\",\"item\":\"https:\\\/\\\/webknjizara.hr\\\/shop\\\/\"},{\"@type\":\"ListItem\",\"position\":3,\"name\":\"ADAMAS, SVA SNAGA JE U TEBI, Nada Komazec\"}]},{\"@type\":\"WebSite\",\"@id\":\"https:\\\/\\\/webknjizara.hr\\\/#website\",\"url\":\"https:\\\/\\\/webknjizara.hr\\\/\",\"name\":\"Web Knji\u017eara\",\"description\":\"\",\"publisher\":{\"@id\":\"https:\\\/\\\/webknjizara.hr\\\/#organization\"},\"potentialAction\":[{\"@type\":\"SearchAction\",\"target\":{\"@type\":\"EntryPoint\",\"urlTemplate\":\"https:\\\/\\\/webknjizara.hr\\\/?s={search_term_string}\"},\"query-input\":{\"@type\":\"PropertyValueSpecification\",\"valueRequired\":true,\"valueName\":\"search_term_string\"}}],\"inLanguage\":\"en-US\"},{\"@type\":\"Organization\",\"@id\":\"https:\\\/\\\/webknjizara.hr\\\/#organization\",\"name\":\"REDAK D.O.O.\",\"url\":\"https:\\\/\\\/webknjizara.hr\\\/\",\"logo\":{\"@type\":\"ImageObject\",\"inLanguage\":\"en-US\",\"@id\":\"https:\\\/\\\/webknjizara.hr\\\/#\\\/schema\\\/logo\\\/image\\\/\",\"url\":\"https:\\\/\\\/webknjizara.hr\\\/wp-content\\\/uploads\\\/2023\\\/01\\\/web-knjizara-logo.webp\",\"contentUrl\":\"https:\\\/\\\/webknjizara.hr\\\/wp-content\\\/uploads\\\/2023\\\/01\\\/web-knjizara-logo.webp\",\"width\":324,\"height\":79,\"caption\":\"REDAK D.O.O.\"},\"image\":{\"@id\":\"https:\\\/\\\/webknjizara.hr\\\/#\\\/schema\\\/logo\\\/image\\\/\"}}]}<\/script>\n<!-- \/ Yoast SEO plugin. -->","yoast_head_json":{"title":"ADAMAS, SVA SNAGA JE U TEBI, Nada Komazec - Web-knji\u017eara","robots":{"index":"index","follow":"follow","max-snippet":"max-snippet:-1","max-image-preview":"max-image-preview:large","max-video-preview":"max-video-preview:-1"},"canonical":"https:\/\/webknjizara.hr\/proizvod\/adamas-sva-snaga-je-u-tebi-nada-komazec\/","og_locale":"en_US","og_type":"article","og_title":"ADAMAS, SVA SNAGA JE U TEBI, Nada Komazec - Web-knji\u017eara","og_description":"Ova knjiga pod naslovom Adamas sadr\u017ei autobiografske pou\u010dne pri\u010de, sve od djetinjstva pa kroz duhovni rast, sazrijevanje i nadrastanje samoga sebe kroz godine \u017eivota. Knjiga je namijenjena svakome, a posebno mojoj djeci i unucima. Pi\u0161em o svojim iskustvima i spoznajama, a pouke nau\u010denih lekcija ostavljam budu\u0107im generacijama. Moj \u017eivot su obilje\u017eili posebni uspjesi nakon zapreka [&hellip;]","og_url":"https:\/\/webknjizara.hr\/proizvod\/adamas-sva-snaga-je-u-tebi-nada-komazec\/","og_site_name":"Web-knji\u017eara","article_modified_time":"2023-05-18T14:14:32+00:00","og_image":[{"width":300,"height":419,"url":"https:\/\/webknjizara.hr\/wp-content\/uploads\/2023\/05\/Nada_Komazec_Adamas__Sva_snaga_je_u_tebi_webknjizara_redak_WEB_1427.jpg","type":"image\/jpeg"}],"twitter_card":"summary_large_image","twitter_misc":{"Est. reading time":"2 minutes"},"schema":{"@context":"https:\/\/schema.org","@graph":[{"@type":"WebPage","@id":"https:\/\/webknjizara.hr\/proizvod\/adamas-sva-snaga-je-u-tebi-nada-komazec\/","url":"https:\/\/webknjizara.hr\/proizvod\/adamas-sva-snaga-je-u-tebi-nada-komazec\/","name":"ADAMAS, SVA SNAGA JE U TEBI, Nada Komazec - Web-knji\u017eara","isPartOf":{"@id":"https:\/\/webknjizara.hr\/#website"},"primaryImageOfPage":{"@id":"https:\/\/webknjizara.hr\/proizvod\/adamas-sva-snaga-je-u-tebi-nada-komazec\/#primaryimage"},"image":{"@id":"https:\/\/webknjizara.hr\/proizvod\/adamas-sva-snaga-je-u-tebi-nada-komazec\/#primaryimage"},"thumbnailUrl":"https:\/\/webknjizara.hr\/wp-content\/uploads\/2023\/05\/Nada_Komazec_Adamas__Sva_snaga_je_u_tebi_webknjizara_redak_WEB_1427.jpg","datePublished":"2023-05-18T14:13:17+00:00","dateModified":"2023-05-18T14:14:32+00:00","breadcrumb":{"@id":"https:\/\/webknjizara.hr\/proizvod\/adamas-sva-snaga-je-u-tebi-nada-komazec\/#breadcrumb"},"inLanguage":"en-US","potentialAction":[{"@type":"ReadAction","target":["https:\/\/webknjizara.hr\/proizvod\/adamas-sva-snaga-je-u-tebi-nada-komazec\/"]}]},{"@type":"ImageObject","inLanguage":"en-US","@id":"https:\/\/webknjizara.hr\/proizvod\/adamas-sva-snaga-je-u-tebi-nada-komazec\/#primaryimage","url":"https:\/\/webknjizara.hr\/wp-content\/uploads\/2023\/05\/Nada_Komazec_Adamas__Sva_snaga_je_u_tebi_webknjizara_redak_WEB_1427.jpg","contentUrl":"https:\/\/webknjizara.hr\/wp-content\/uploads\/2023\/05\/Nada_Komazec_Adamas__Sva_snaga_je_u_tebi_webknjizara_redak_WEB_1427.jpg","width":300,"height":419},{"@type":"BreadcrumbList","@id":"https:\/\/webknjizara.hr\/proizvod\/adamas-sva-snaga-je-u-tebi-nada-komazec\/#breadcrumb","itemListElement":[{"@type":"ListItem","position":1,"name":"Po\u010detna stranica","item":"https:\/\/webknjizara.hr\/en\/"},{"@type":"ListItem","position":2,"name":"Shop","item":"https:\/\/webknjizara.hr\/shop\/"},{"@type":"ListItem","position":3,"name":"ADAMAS, SVA SNAGA JE U TEBI, Nada Komazec"}]},{"@type":"WebSite","@id":"https:\/\/webknjizara.hr\/#website","url":"https:\/\/webknjizara.hr\/","name":"Web Knji\u017eara","description":"","publisher":{"@id":"https:\/\/webknjizara.hr\/#organization"},"potentialAction":[{"@type":"SearchAction","target":{"@type":"EntryPoint","urlTemplate":"https:\/\/webknjizara.hr\/?s={search_term_string}"},"query-input":{"@type":"PropertyValueSpecification","valueRequired":true,"valueName":"search_term_string"}}],"inLanguage":"en-US"},{"@type":"Organization","@id":"https:\/\/webknjizara.hr\/#organization","name":"REDAK D.O.O.","url":"https:\/\/webknjizara.hr\/","logo":{"@type":"ImageObject","inLanguage":"en-US","@id":"https:\/\/webknjizara.hr\/#\/schema\/logo\/image\/","url":"https:\/\/webknjizara.hr\/wp-content\/uploads\/2023\/01\/web-knjizara-logo.webp","contentUrl":"https:\/\/webknjizara.hr\/wp-content\/uploads\/2023\/01\/web-knjizara-logo.webp","width":324,"height":79,"caption":"REDAK D.O.O."},"image":{"@id":"https:\/\/webknjizara.hr\/#\/schema\/logo\/image\/"}}]}},"_links":{"self":[{"href":"https:\/\/webknjizara.hr\/en\/wp-json\/wp\/v2\/product\/14544","targetHints":{"allow":["GET"]}}],"collection":[{"href":"https:\/\/webknjizara.hr\/en\/wp-json\/wp\/v2\/product"}],"about":[{"href":"https:\/\/webknjizara.hr\/en\/wp-json\/wp\/v2\/types\/product"}],"replies":[{"embeddable":true,"href":"https:\/\/webknjizara.hr\/en\/wp-json\/wp\/v2\/comments?post=14544"}],"wp:featuredmedia":[{"embeddable":true,"href":"https:\/\/webknjizara.hr\/en\/wp-json\/wp\/v2\/media\/14545"}],"wp:attachment":[{"href":"https:\/\/webknjizara.hr\/en\/wp-json\/wp\/v2\/media?parent=14544"}],"wp:term":[{"taxonomy":"product_brand","embeddable":true,"href":"https:\/\/webknjizara.hr\/en\/wp-json\/wp\/v2\/product_brand?post=14544"},{"taxonomy":"product_cat","embeddable":true,"href":"https:\/\/webknjizara.hr\/en\/wp-json\/wp\/v2\/product_cat?post=14544"},{"taxonomy":"product_tag","embeddable":true,"href":"https:\/\/webknjizara.hr\/en\/wp-json\/wp\/v2\/product_tag?post=14544"}],"curies":[{"name":"wp","href":"https:\/\/api.w.org\/{rel}","templated":true}]}}