{"id":14357,"date":"2023-05-05T12:35:29","date_gmt":"2023-05-05T10:35:29","guid":{"rendered":"https:\/\/webknjizara.hr\/?post_type=product&#038;p=14357"},"modified":"2023-05-16T12:19:14","modified_gmt":"2023-05-16T10:19:14","slug":"anticke-poslovice-zlatko-lukic","status":"publish","type":"product","link":"https:\/\/webknjizara.hr\/en\/proizvod\/anticke-poslovice-zlatko-lukic\/","title":{"rendered":"ANTI\u010cKE POSLOVICE, Zlatko Luki\u0107"},"content":{"rendered":"<p><span style=\"color: #000000;\">Ovaj izbor anti\u010dkih poslovica i fraza nastao je kao plod dugogodi\u0161njeg skupljanja koje je autor na\u0161ao u mnogim, a najvi\u0161e povijesnim knjigama. Gr\u010dka i rimska misao su vrelo ljudske mudrosti, a postale su sastavni dio na\u0161eg svakodnevnog izra\u017eavanja. U knjizi su zastupljene i maksime renesanse, koja je tako\u0111er bila rasadnik lucidnih i znakovitih poruka. Ono \u0161to \u010dini posebnu dra\u017e ovoj zbirci je komparativi odnos gr\u010dkih i rimskih izreka s na\u0161im narodnim izrekama. Na primjer izreka <\/span><span style=\"color: #000000;\"><span lang=\"\">\u201eMalum nullum sine aliquo bono\u201c,<\/span><\/span><b> <\/b><span style=\"color: #000000;\"><span lang=\"\">odgovara na\u0161oj izreci \u201eSvako zlo za neko dobro\u201c ili Senekina \u201eImperare sibi maximum imperium est\u201c odgovara na\u0161oj izreci \u201eVladati nad sobom najve\u0107a je vlast\u201c.<\/span><\/span><\/p>\n<p>&nbsp;<\/p>\n<p><span style=\"font-family: Arial, sans-serif;\"><span lang=\"hr-HR\"><b>Bilje\u0161ka o autoru: <\/b><\/span><\/span><\/p>\n<p>Zlatko Luki\u0107 ro\u0111en je 1953. u Zagrebu. Od tada do danas putuje, pi\u0161e, luta, stvara, istra\u017euje i voli. \u017divio je u 14 gradova diljem Europe i osim pisanja koje je jedino bilo konstanta, imao je 49 zanimanja. Iz svakog tog grada, mjesta i ljudi koji su prolazili pored njega, crpio je inspiraciju, a jedini njegov pokreta\u010d je stvaranje. Ima ti izvedene drame i 31 objavljenih djela od kojih su neka i nagra\u0111ena. U nastajanju je nekoliko naslova, a pisanje nikada ne prestaje jer pisac uvijek pi\u0161e, pa barem i u mislima.<\/p>\n<p><span style=\"font-family: Arial, sans-serif;\"><span lang=\"hr-HR\"><b>Link: <\/b><\/span><\/span><a href=\"https:\/\/zlatkolukic.com\/\" target=\"_blank\" rel=\"noopener\"><span style=\"color: #000000;\">https:\/\/zlatkolukic.com\/<\/span><\/a><\/p>\n<p><span style=\"font-family: Arial, sans-serif;\"><span lang=\"hr-HR\"><b>E-mail: <\/b><\/span><\/span><a href=\"mailto:ivanamiletic3@gmail.com\" target=\"_blank\" rel=\"noopener\"><span style=\"color: #000000;\">Zlatko Luki\u0107<\/span><\/a><\/p>\n<p>&nbsp;<\/p>\n<p><strong><span style=\"font-family: Arial, sans-serif;\">Naslov: <\/span><\/strong><strong><span style=\"font-family: Arial, sans-serif;\">Anti\u010dke poslovice<\/span><\/strong><span style=\"font-family: Arial, sans-serif;\"><br \/>\n<\/span><strong><span style=\"font-family: Arial, sans-serif;\">Autor:<\/span><\/strong><span style=\"font-family: Arial, sans-serif;\"> Zlatko Luki\u0107<br \/>\n<\/span><strong><span style=\"font-family: Arial, sans-serif;\">Broj stranica: <\/span><\/strong><span style=\"font-family: Arial, sans-serif;\"><span lang=\"\">242<\/span><\/span><span style=\"font-family: Arial, sans-serif;\"><br \/>\n<\/span><strong><span style=\"font-family: Arial, sans-serif;\">Nakladnik: <\/span><\/strong><strong><span style=\"font-family: Arial, sans-serif;\">REDAK<\/span><\/strong><span style=\"font-family: Arial, sans-serif;\"><br \/>\n<\/span><strong><span style=\"font-family: Arial, sans-serif;\">Godina izdanja: <\/span><\/strong><strong><span style=\"font-family: Arial, sans-serif;\">2023.<br \/>\n<\/span><\/strong><strong><span style=\"font-family: Arial, sans-serif;\">ISBN:<\/span><\/strong><span style=\"font-family: Arial, sans-serif;\"> 978-953-336-908-2<br \/>\n<\/span><strong><span style=\"font-family: Arial, sans-serif;\">Tisak:<\/span><\/strong><span style=\"font-family: Arial, sans-serif;\"> digitalni tisak knjiga &#8211; print na zahtjev<\/span><\/p>\n","protected":false},"excerpt":{"rendered":"<p>Ovaj izbor anti\u010dkih poslovica i fraza nastao je kao plod dugogodi\u0161njeg skupljanja koje je autor na\u0161ao u mnogim, a najvi\u0161e povijesnim knjigama. Gr\u010dka i rimska misao su vrelo ljudske mudrosti, a postale su sastavni dio na\u0161eg svakodnevnog izra\u017eavanja. U knjizi su zastupljene i maksime renesanse, koja je tako\u0111er bila rasadnik lucidnih i znakovitih poruka. Ono [&hellip;]<\/p>\n","protected":false},"featured_media":14359,"comment_status":"open","ping_status":"closed","template":"","meta":{"_acf_changed":false},"product_brand":[],"product_cat":[1383],"product_tag":[],"class_list":{"0":"post-14357","1":"product","2":"type-product","3":"status-publish","4":"has-post-thumbnail","6":"product_cat-knjige","7":"pa_autor-zlatko-lukic","8":"pa_nakladnik-redak","10":"first","11":"instock","12":"shipping-taxable","13":"purchasable","14":"product-type-simple"},"acf":[],"yoast_head":"<!-- This site is optimized with the Yoast SEO plugin v27.3 - https:\/\/yoast.com\/product\/yoast-seo-wordpress\/ -->\n<title>ANTI\u010cKE POSLOVICE, Zlatko Luki\u0107 - Web-knji\u017eara<\/title>\n<meta name=\"robots\" content=\"index, follow, max-snippet:-1, max-image-preview:large, max-video-preview:-1\" \/>\n<link rel=\"canonical\" href=\"https:\/\/webknjizara.hr\/proizvod\/anticke-poslovice-zlatko-lukic\/\" \/>\n<meta property=\"og:locale\" content=\"en_US\" \/>\n<meta property=\"og:type\" content=\"article\" \/>\n<meta property=\"og:title\" content=\"ANTI\u010cKE POSLOVICE, Zlatko Luki\u0107 - Web-knji\u017eara\" \/>\n<meta property=\"og:description\" content=\"Ovaj izbor anti\u010dkih poslovica i fraza nastao je kao plod dugogodi\u0161njeg skupljanja koje je autor na\u0161ao u mnogim, a najvi\u0161e povijesnim knjigama. Gr\u010dka i rimska misao su vrelo ljudske mudrosti, a postale su sastavni dio na\u0161eg svakodnevnog izra\u017eavanja. U knjizi su zastupljene i maksime renesanse, koja je tako\u0111er bila rasadnik lucidnih i znakovitih poruka. Ono [&hellip;]\" \/>\n<meta property=\"og:url\" content=\"https:\/\/webknjizara.hr\/proizvod\/anticke-poslovice-zlatko-lukic\/\" \/>\n<meta property=\"og:site_name\" content=\"Web-knji\u017eara\" \/>\n<meta property=\"article:modified_time\" content=\"2023-05-16T10:19:14+00:00\" \/>\n<meta property=\"og:image\" content=\"https:\/\/webknjizara.hr\/wp-content\/uploads\/2023\/05\/Zlatko_Lukic_Anticke_poslovice_webknjizara_redak_WEB_1400-1.jpg\" \/>\n\t<meta property=\"og:image:width\" content=\"300\" \/>\n\t<meta property=\"og:image:height\" content=\"419\" \/>\n\t<meta property=\"og:image:type\" content=\"image\/jpeg\" \/>\n<meta name=\"twitter:card\" content=\"summary_large_image\" \/>\n<meta name=\"twitter:label1\" content=\"Est. reading time\" \/>\n\t<meta name=\"twitter:data1\" content=\"2 minutes\" \/>\n<script type=\"application\/ld+json\" class=\"yoast-schema-graph\">{\"@context\":\"https:\\\/\\\/schema.org\",\"@graph\":[{\"@type\":\"WebPage\",\"@id\":\"https:\\\/\\\/webknjizara.hr\\\/proizvod\\\/anticke-poslovice-zlatko-lukic\\\/\",\"url\":\"https:\\\/\\\/webknjizara.hr\\\/proizvod\\\/anticke-poslovice-zlatko-lukic\\\/\",\"name\":\"ANTI\u010cKE POSLOVICE, Zlatko Luki\u0107 - Web-knji\u017eara\",\"isPartOf\":{\"@id\":\"https:\\\/\\\/webknjizara.hr\\\/#website\"},\"primaryImageOfPage\":{\"@id\":\"https:\\\/\\\/webknjizara.hr\\\/proizvod\\\/anticke-poslovice-zlatko-lukic\\\/#primaryimage\"},\"image\":{\"@id\":\"https:\\\/\\\/webknjizara.hr\\\/proizvod\\\/anticke-poslovice-zlatko-lukic\\\/#primaryimage\"},\"thumbnailUrl\":\"https:\\\/\\\/webknjizara.hr\\\/wp-content\\\/uploads\\\/2023\\\/05\\\/Zlatko_Lukic_Anticke_poslovice_webknjizara_redak_WEB_1400-1.jpg\",\"datePublished\":\"2023-05-05T10:35:29+00:00\",\"dateModified\":\"2023-05-16T10:19:14+00:00\",\"breadcrumb\":{\"@id\":\"https:\\\/\\\/webknjizara.hr\\\/proizvod\\\/anticke-poslovice-zlatko-lukic\\\/#breadcrumb\"},\"inLanguage\":\"en-US\",\"potentialAction\":[{\"@type\":\"ReadAction\",\"target\":[\"https:\\\/\\\/webknjizara.hr\\\/proizvod\\\/anticke-poslovice-zlatko-lukic\\\/\"]}]},{\"@type\":\"ImageObject\",\"inLanguage\":\"en-US\",\"@id\":\"https:\\\/\\\/webknjizara.hr\\\/proizvod\\\/anticke-poslovice-zlatko-lukic\\\/#primaryimage\",\"url\":\"https:\\\/\\\/webknjizara.hr\\\/wp-content\\\/uploads\\\/2023\\\/05\\\/Zlatko_Lukic_Anticke_poslovice_webknjizara_redak_WEB_1400-1.jpg\",\"contentUrl\":\"https:\\\/\\\/webknjizara.hr\\\/wp-content\\\/uploads\\\/2023\\\/05\\\/Zlatko_Lukic_Anticke_poslovice_webknjizara_redak_WEB_1400-1.jpg\",\"width\":300,\"height\":419},{\"@type\":\"BreadcrumbList\",\"@id\":\"https:\\\/\\\/webknjizara.hr\\\/proizvod\\\/anticke-poslovice-zlatko-lukic\\\/#breadcrumb\",\"itemListElement\":[{\"@type\":\"ListItem\",\"position\":1,\"name\":\"Po\u010detna stranica\",\"item\":\"https:\\\/\\\/webknjizara.hr\\\/en\\\/\"},{\"@type\":\"ListItem\",\"position\":2,\"name\":\"Shop\",\"item\":\"https:\\\/\\\/webknjizara.hr\\\/shop\\\/\"},{\"@type\":\"ListItem\",\"position\":3,\"name\":\"ANTI\u010cKE POSLOVICE, Zlatko Luki\u0107\"}]},{\"@type\":\"WebSite\",\"@id\":\"https:\\\/\\\/webknjizara.hr\\\/#website\",\"url\":\"https:\\\/\\\/webknjizara.hr\\\/\",\"name\":\"Web Knji\u017eara\",\"description\":\"\",\"publisher\":{\"@id\":\"https:\\\/\\\/webknjizara.hr\\\/#organization\"},\"potentialAction\":[{\"@type\":\"SearchAction\",\"target\":{\"@type\":\"EntryPoint\",\"urlTemplate\":\"https:\\\/\\\/webknjizara.hr\\\/?s={search_term_string}\"},\"query-input\":{\"@type\":\"PropertyValueSpecification\",\"valueRequired\":true,\"valueName\":\"search_term_string\"}}],\"inLanguage\":\"en-US\"},{\"@type\":\"Organization\",\"@id\":\"https:\\\/\\\/webknjizara.hr\\\/#organization\",\"name\":\"REDAK D.O.O.\",\"url\":\"https:\\\/\\\/webknjizara.hr\\\/\",\"logo\":{\"@type\":\"ImageObject\",\"inLanguage\":\"en-US\",\"@id\":\"https:\\\/\\\/webknjizara.hr\\\/#\\\/schema\\\/logo\\\/image\\\/\",\"url\":\"https:\\\/\\\/webknjizara.hr\\\/wp-content\\\/uploads\\\/2023\\\/01\\\/web-knjizara-logo.webp\",\"contentUrl\":\"https:\\\/\\\/webknjizara.hr\\\/wp-content\\\/uploads\\\/2023\\\/01\\\/web-knjizara-logo.webp\",\"width\":324,\"height\":79,\"caption\":\"REDAK D.O.O.\"},\"image\":{\"@id\":\"https:\\\/\\\/webknjizara.hr\\\/#\\\/schema\\\/logo\\\/image\\\/\"}}]}<\/script>\n<!-- \/ Yoast SEO plugin. -->","yoast_head_json":{"title":"ANTI\u010cKE POSLOVICE, Zlatko Luki\u0107 - Web-knji\u017eara","robots":{"index":"index","follow":"follow","max-snippet":"max-snippet:-1","max-image-preview":"max-image-preview:large","max-video-preview":"max-video-preview:-1"},"canonical":"https:\/\/webknjizara.hr\/proizvod\/anticke-poslovice-zlatko-lukic\/","og_locale":"en_US","og_type":"article","og_title":"ANTI\u010cKE POSLOVICE, Zlatko Luki\u0107 - Web-knji\u017eara","og_description":"Ovaj izbor anti\u010dkih poslovica i fraza nastao je kao plod dugogodi\u0161njeg skupljanja koje je autor na\u0161ao u mnogim, a najvi\u0161e povijesnim knjigama. Gr\u010dka i rimska misao su vrelo ljudske mudrosti, a postale su sastavni dio na\u0161eg svakodnevnog izra\u017eavanja. U knjizi su zastupljene i maksime renesanse, koja je tako\u0111er bila rasadnik lucidnih i znakovitih poruka. Ono [&hellip;]","og_url":"https:\/\/webknjizara.hr\/proizvod\/anticke-poslovice-zlatko-lukic\/","og_site_name":"Web-knji\u017eara","article_modified_time":"2023-05-16T10:19:14+00:00","og_image":[{"width":300,"height":419,"url":"https:\/\/webknjizara.hr\/wp-content\/uploads\/2023\/05\/Zlatko_Lukic_Anticke_poslovice_webknjizara_redak_WEB_1400-1.jpg","type":"image\/jpeg"}],"twitter_card":"summary_large_image","twitter_misc":{"Est. reading time":"2 minutes"},"schema":{"@context":"https:\/\/schema.org","@graph":[{"@type":"WebPage","@id":"https:\/\/webknjizara.hr\/proizvod\/anticke-poslovice-zlatko-lukic\/","url":"https:\/\/webknjizara.hr\/proizvod\/anticke-poslovice-zlatko-lukic\/","name":"ANTI\u010cKE POSLOVICE, Zlatko Luki\u0107 - Web-knji\u017eara","isPartOf":{"@id":"https:\/\/webknjizara.hr\/#website"},"primaryImageOfPage":{"@id":"https:\/\/webknjizara.hr\/proizvod\/anticke-poslovice-zlatko-lukic\/#primaryimage"},"image":{"@id":"https:\/\/webknjizara.hr\/proizvod\/anticke-poslovice-zlatko-lukic\/#primaryimage"},"thumbnailUrl":"https:\/\/webknjizara.hr\/wp-content\/uploads\/2023\/05\/Zlatko_Lukic_Anticke_poslovice_webknjizara_redak_WEB_1400-1.jpg","datePublished":"2023-05-05T10:35:29+00:00","dateModified":"2023-05-16T10:19:14+00:00","breadcrumb":{"@id":"https:\/\/webknjizara.hr\/proizvod\/anticke-poslovice-zlatko-lukic\/#breadcrumb"},"inLanguage":"en-US","potentialAction":[{"@type":"ReadAction","target":["https:\/\/webknjizara.hr\/proizvod\/anticke-poslovice-zlatko-lukic\/"]}]},{"@type":"ImageObject","inLanguage":"en-US","@id":"https:\/\/webknjizara.hr\/proizvod\/anticke-poslovice-zlatko-lukic\/#primaryimage","url":"https:\/\/webknjizara.hr\/wp-content\/uploads\/2023\/05\/Zlatko_Lukic_Anticke_poslovice_webknjizara_redak_WEB_1400-1.jpg","contentUrl":"https:\/\/webknjizara.hr\/wp-content\/uploads\/2023\/05\/Zlatko_Lukic_Anticke_poslovice_webknjizara_redak_WEB_1400-1.jpg","width":300,"height":419},{"@type":"BreadcrumbList","@id":"https:\/\/webknjizara.hr\/proizvod\/anticke-poslovice-zlatko-lukic\/#breadcrumb","itemListElement":[{"@type":"ListItem","position":1,"name":"Po\u010detna stranica","item":"https:\/\/webknjizara.hr\/en\/"},{"@type":"ListItem","position":2,"name":"Shop","item":"https:\/\/webknjizara.hr\/shop\/"},{"@type":"ListItem","position":3,"name":"ANTI\u010cKE POSLOVICE, Zlatko Luki\u0107"}]},{"@type":"WebSite","@id":"https:\/\/webknjizara.hr\/#website","url":"https:\/\/webknjizara.hr\/","name":"Web Knji\u017eara","description":"","publisher":{"@id":"https:\/\/webknjizara.hr\/#organization"},"potentialAction":[{"@type":"SearchAction","target":{"@type":"EntryPoint","urlTemplate":"https:\/\/webknjizara.hr\/?s={search_term_string}"},"query-input":{"@type":"PropertyValueSpecification","valueRequired":true,"valueName":"search_term_string"}}],"inLanguage":"en-US"},{"@type":"Organization","@id":"https:\/\/webknjizara.hr\/#organization","name":"REDAK D.O.O.","url":"https:\/\/webknjizara.hr\/","logo":{"@type":"ImageObject","inLanguage":"en-US","@id":"https:\/\/webknjizara.hr\/#\/schema\/logo\/image\/","url":"https:\/\/webknjizara.hr\/wp-content\/uploads\/2023\/01\/web-knjizara-logo.webp","contentUrl":"https:\/\/webknjizara.hr\/wp-content\/uploads\/2023\/01\/web-knjizara-logo.webp","width":324,"height":79,"caption":"REDAK D.O.O."},"image":{"@id":"https:\/\/webknjizara.hr\/#\/schema\/logo\/image\/"}}]}},"_links":{"self":[{"href":"https:\/\/webknjizara.hr\/en\/wp-json\/wp\/v2\/product\/14357","targetHints":{"allow":["GET"]}}],"collection":[{"href":"https:\/\/webknjizara.hr\/en\/wp-json\/wp\/v2\/product"}],"about":[{"href":"https:\/\/webknjizara.hr\/en\/wp-json\/wp\/v2\/types\/product"}],"replies":[{"embeddable":true,"href":"https:\/\/webknjizara.hr\/en\/wp-json\/wp\/v2\/comments?post=14357"}],"wp:featuredmedia":[{"embeddable":true,"href":"https:\/\/webknjizara.hr\/en\/wp-json\/wp\/v2\/media\/14359"}],"wp:attachment":[{"href":"https:\/\/webknjizara.hr\/en\/wp-json\/wp\/v2\/media?parent=14357"}],"wp:term":[{"taxonomy":"product_brand","embeddable":true,"href":"https:\/\/webknjizara.hr\/en\/wp-json\/wp\/v2\/product_brand?post=14357"},{"taxonomy":"product_cat","embeddable":true,"href":"https:\/\/webknjizara.hr\/en\/wp-json\/wp\/v2\/product_cat?post=14357"},{"taxonomy":"product_tag","embeddable":true,"href":"https:\/\/webknjizara.hr\/en\/wp-json\/wp\/v2\/product_tag?post=14357"}],"curies":[{"name":"wp","href":"https:\/\/api.w.org\/{rel}","templated":true}]}}