{"id":14119,"date":"2023-04-20T12:38:30","date_gmt":"2023-04-20T10:38:30","guid":{"rendered":"https:\/\/webknjizara.hr\/?post_type=product&#038;p=14119"},"modified":"2023-04-21T12:22:53","modified_gmt":"2023-04-21T10:22:53","slug":"marketinske-strategije-u-turizmu-i-ugostiteljstvu-grupa-autora","status":"publish","type":"product","link":"https:\/\/webknjizara.hr\/en\/proizvod\/marketinske-strategije-u-turizmu-i-ugostiteljstvu-grupa-autora\/","title":{"rendered":"MARKETIN\u0160KE STRATEGIJE U TURIZMU I UGOSTITELJSTVU, Grupa autora"},"content":{"rendered":"<p><span lang=\"hr-HR\">U knjizi je predstavljeno 18 u\u010destalih temeljnih i 29 posebnih marketin\u0161kih strategija koje se danas prakticiraju u turisti\u010dkom poslovanju. Troje od petoro autora je obna\u0161alo menad\u017eerske funkcije u vi\u0161e turisti\u010dkih subjekata, pa su predstavljene strategije povezali s konkretnom poslovnom praksom. U knjizi su predstavili i recentne nalaze svojih panel istra\u017eivanja kojima na zanimljiv na\u010din povezuju ostvarenu efikasnosti nacionalnog turisti\u010dkog gospodarstva europskih zemalja (\u010dlanica i ne \u010dlanica EU) sa setovima marketin\u0161kih strategija koje se prakticiraju u upravljanju nacionalnim i destinacijskim turisti\u010dkim proizvodima. <\/span><\/p>\n<p><span lang=\"hr-HR\">Pored predstavljenih marketin\u0161kih strategija s taktikama i operativnim takti\u010dkim programima kojima se iste provode u knjizi su predstavljene i prakti\u010dne smjernice za u\u010dinkovito modificiranje predstavljenih, te za samostalno kreiranje novih, originalnih marketin\u0161kih strategija.<\/span><\/p>\n<p><span lang=\"hr-HR\">Knjiga je prakti\u010dan vodi\u010d za turisti\u010dke djelatnike, posebno one na odgovornim funkcijama koji se profesionalno bave ovom marketin\u0161kom problematikom. Slu\u017eiti \u0107e u prepoznavanju marketin\u0161kih strategija konkurenata i pri odabiru spleta strategija radi za\u0161tite tr\u017ei\u0161nog udjela turisti\u010dkog subjekta. <\/span><\/p>\n<p><span lang=\"hr-HR\">Djelo je prakti\u010dan priru\u010dnik za sve turisti\u010dke djelatnike o marketin\u0161kim strategijama, a sadr\u017eajnom cjelovito\u0161\u0107u ispunjava standarde nastavne literature za vi\u0161e marketin\u0161kih kolegija smjerova turisti\u010dko i hotelijersko poslovanje na visoko\u0161kolskim institucijama, a u cijelosti pokriva kurikulum kolegija <\/span><span lang=\"hr-HR\"><i>Strategije marketinga u turizmu.<\/i><\/span><i> <\/i><\/p>\n<p>&nbsp;<\/p>\n<p align=\"JUSTIFY\"><span style=\"font-family: Arial, sans-serif;\"><span lang=\"hr-HR\"><b>Bilje\u0161ka o autoru:<\/b><\/span><\/span><\/p>\n<p align=\"JUSTIFY\"><span style=\"font-size: medium;\"><span lang=\"hr-HR\">\u0160eri\u0107 Neven, doktor ekonomskih znanosti, redoviti profesor u trajnom zvanju Ekonomskog fakulteta u Splitu. Radno iskustvo: me\u0111unarodno poslovanje, poduzetni\u0161tvo i vrhovni menad\u017ement u turizmu. \u010clan uredni\u0161tva i recenzent vi\u0161e me\u0111unarodnih znanstvenih \u010dasopisa i stalni \u010dlan znanstvenih odbora vi\u0161e me\u0111unarodnih znanstvenih konferencija. Kontinuirano anga\u017eiran kao poslovni savjetnik u razvoju i upravljanju specijaliziranim turisti\u010dkim proizvodima i turisti\u010dkim markama. Certificirani <\/span><\/span><span style=\"font-size: medium;\"><span lang=\"hr-HR\"><i>edukator i evaluator za EU projekte<\/i><\/span><\/span><span style=\"font-size: medium;\"><span lang=\"hr-HR\">. Nositelj vi\u0161e kolegija primijenjenog marketinga na sveu\u010dili\u0161tima u zemlji i inozemstvu (<\/span><\/span><span style=\"font-size: medium;\"><span lang=\"hr-HR\"><i>Istra\u017eivanje tr\u017ei\u0161ta u turizmu, Marketing hotelskog poduze\u0107a, Strategije marketinga u turizmu, Poslovna logistika, Strategije upravljanja markom, Upravljanje proizvodom, Advanced Marketing, Brand management in tourism, E-marketing in tourism and hospitality. <\/i><\/span><\/span><span style=\"font-size: medium;\"><span lang=\"hr-HR\">Autor 13 znanstvenih knjiga, objavljenih u Republici Hrvatskoj (10), Velikoj Britaniji (Emerald Publishing &#8211; 1) i Crnoj Gori (2); 10 stru\u010dno popularnih knjiga; 12 poglavlja u znanstvenim knjigama (2 <\/span><\/span><span style=\"font-size: medium;\"><span lang=\"hr-HR\"><i>Springer, <\/i><\/span><\/span><span style=\"font-size: medium;\"><span lang=\"hr-HR\">1 <\/span><\/span><span style=\"font-size: medium;\"><span lang=\"hr-HR\"><i>Elgar<\/i><\/span><\/span> <span style=\"font-size: medium;\"><span lang=\"hr-HR\"><i>Publishing, <\/i><\/span><\/span><span style=\"font-size: medium;\"><span lang=\"hr-HR\">Velika Britanija); dvije recenzirane nastavne skripte; vi\u0161e od 70 <\/span><\/span><span style=\"color: #000000;\"><span style=\"font-size: medium;\"><span lang=\"hr-HR\">znanstvenih i vi\u0161e od 300 stru\u010dnih radova.<\/span><\/span><\/span><\/p>\n<p align=\"JUSTIFY\"><span style=\"color: #000000;\"><span style=\"font-size: medium;\"><span lang=\"hr-HR\">Jak\u0161i\u0107 Stojanovi\u0107 An\u0111ela, doktor menad\u017ementa u turizmu, izvanredni profesor u oblasti marketinga i menad\u017ementa. Dekanica Fakulteta za kulturu i turizam na Univerzitetu Donja Gorica i direktorica Vatel \u0161kole Me\u0111unarodno hotelijerstvo i menad\u017ement u Crnoj Gori. Nositeljica kolegija iz oblasti marketinga i menad\u017ementa u turizmu na preddiplomskim, diplomskim i master studijima. Autorica i koautorica 4 monografije, vi\u0161e od 30 poglavlja u znanstvenim monografijama renomiranih me\u0111unarodnih izdava\u010da (Edward Elgar Publishing, Springer, Brill Publishing) i vi\u0161e od 50 radova indeksiranih u presti\u017enim znanstvenim bazama. Sudjelovala u realizaciji vi\u0161e od 50 me\u0111unarodnih i doma\u0107ih znanstveno-istra\u017eiva\u010dkih projekata. <\/span><\/span><\/span><span style=\"font-size: medium;\"><span lang=\"hr-HR\">\u010clanica uredni\u0161tva i recenzent vi\u0161e me\u0111unarodnih znanstvenih \u010dasopisa i stalni \u010dlan znanstvenih odbora vi\u0161e me\u0111unarodnih konferencija. \u010clanica je savjeta i komisija u znanosti, visokog obrazovanja i turizma na nacionalnom nivou.<\/span><\/span><\/p>\n<p align=\"JUSTIFY\"><span style=\"color: #000000;\"><span style=\"font-size: medium;\"><span lang=\"hr-HR\">Juri\u0161i\u0107 Marijana, doktorica ekonomskih znanosti, predava\u010d na Sveu\u010dili\u0161tu u Splitu na studiju Hotelijerstva i gastronomije u Makarskoj i vi\u0161i predava\u010d na Visokoj \u0161koli Aspira u Splitu. Radno iskustvo u osiguranju (2011.-2014.), nakon \u010dega se uz doktorski studij anga\u017eira u turizmu i ugostiteljstvu. Od 2015. asistentica na Visokoj \u0161koli za menad\u017ement i dizajn Aspira na kolegijima Osnove me\u0111unarodnog turizma, Menad\u017ement selektivnih oblika turizma i nositeljica kolegija Osnove<\/span><\/span><\/span> <span style=\"font-size: medium;\"><span lang=\"hr-HR\">marketinga, Sportski marketing, Istra\u017eivanje tr\u017ei\u0161ta u sportskom menad\u017ementu i Istra\u017eivanje tr\u017ei\u0161ta u turizmu. Od 2020. godine na studiju Hotelijerstva i gastronomije Sveu\u010dili\u0161ta u Splitu izvodi kolegije Poslovanje hotelskog odjela smje\u0161taja, Marketing u hotelijerstvu i gastronomiji, Istra\u017eivanje tr\u017ei\u0161ta u hotelijerstvu i gastronomiji te Analiza i pra\u0107enje emitivnih turisti\u010dkih tr\u017ei\u0161ta. Suautorica jedne znanstvene knjige, sudjelovala na vi\u0161e me\u0111unarodnih i doma\u0107ih konferencija na kojima je izlagala radove. Od <\/span><\/span><span style=\"color: #000000;\"><span style=\"font-size: medium;\"><span lang=\"hr-HR\">2019. do kraja 2022. godine obna\u0161ala funkciju direktorice Boutique Hotela <\/span><\/span><\/span><span style=\"color: #000000;\"><span style=\"font-size: medium;\"><span lang=\"hr-HR\"><i>Mirjam<\/i><\/span><\/span><\/span><span style=\"color: #000000;\"><span style=\"font-size: medium;\"><span lang=\"hr-HR\"> u Makarskoj.<\/span><\/span><\/span><\/p>\n<p align=\"JUSTIFY\"><span style=\"color: #000000;\"><span style=\"font-size: medium;\"><span lang=\"hr-HR\">Melovi\u0107 Marica, doktorandica na Univerzitetu Crne Gore \u2013 Fakultet za turizam i hotelijerstvo, Kotor. Magistrirala i diplomirala na Ekonomskom fakultetu Univerziteta Crne Gore. Zaposlena u praksi od 2013. godine, te je iskustvo stjecala u tvrtkama XL Audit d.o.o., Termosistem d.o.o.. JPU &#8216;Ljubica Popovi\u0107&#8217;, Porezna Uprava Crne Gore i Uprava prihoda i carina Crne Gore. Autorica i suautorica nekoliko nau\u010dnih radova, a podru\u010dje znanstvenog interesa je digitalizacija u odr\u017eivom turizmu. Certifikat iz digitalnog marketinga, aktivna sudionica u istra\u017eivanjima digitalne transformacije turisti\u010dkih tvrtki u Crnoj Gori.<\/span><\/span><\/span><\/p>\n<p align=\"JUSTIFY\"><span style=\"color: #000000;\"><span style=\"font-size: medium;\"><span lang=\"hr-HR\">Maru\u0161i\u0107 Filipa, magistra poslovne ekonomije, predava\u010d na Sveu\u010dili\u0161tu u Splitu na studiju Hotelijerstva i gastronomije u Makarskoj te predava\u010d na Visokoj \u0161koli Aspira u Splitu. Nositeljica kolegija Me\u0111unarodni hotelski menad\u017ement i Prodaja i recepcijsko poslovanje. Od 2022. godine anga\u017eirana<\/span><\/span><\/span><span style=\"font-size: medium;\"><span lang=\"hr-HR\"> na studiju Hotelijerstva i gastronomije kao asistentica na kolegijima Analiza i pra\u0107enje emitivnih turisti\u010dkih tr\u017ei\u0161ta, Prirodni resursi u turizmu te Istra\u017eivanje tr\u017ei\u0161ta u hotelijerstvu i gastronomiji. Bavila se istra\u017eivanjima prilagodbe destinacijskih ponuda <\/span><\/span><span style=\"color: #000000;\"><span style=\"font-size: medium;\"><span lang=\"hr-HR\">ciljanim emitivnim tr\u017ei\u0161tima. Vlasnica turisti\u010dke agencije za <\/span><\/span><\/span><\/p>\n<p align=\"JUSTIFY\"><span style=\"color: #000000;\"><span style=\"font-size: medium;\"><span lang=\"hr-HR\">Specijalizirane turisti\u010dke proizvode i direktorica hotela Peristil u Splitu. Suautorica jedne znanstvene knjige, autorica vi\u0161e znanstvenih radova koje je izlagala na doma\u0107im i me\u0111unarodnim konferencijama. Posebno podru\u010dje interesa: razvoj i upravljanje specijaliziranim turisti\u010dkim proizvodima, marketing destinacije i implementacija novih tehnologija u turizmu i ugostiteljstvu.<\/span><\/span><\/span><\/p>\n<p><span style=\"font-family: Arial, sans-serif;\"><span lang=\"hr-HR\"><b>E-mail:<\/b><\/span><\/span> <span style=\"color: #0000ff;\"><u><a href=\"mailto:nevseric@gmail.com\">nevseric@gmail.com<\/a><\/u><\/span><\/p>\n<p>&nbsp;<\/p>\n<p><strong><span style=\"font-family: Arial, sans-serif;\">Naslov: <\/span><\/strong><strong><span style=\"font-family: Arial, sans-serif;\">MARKETIN\u0160KE STRATEGIJE U TURIZMU I UGOSTITELJSTVU<\/span><\/strong><span style=\"font-family: Arial, sans-serif;\"><br \/>\n<\/span><strong><span style=\"font-family: Arial, sans-serif;\">Autori:<\/span><\/strong><span style=\"font-family: Arial, sans-serif;\"> \u0160eri\u0107 Neven, Jak\u0161i\u0107 Stojanovi\u0107 An\u0111ela, Juri\u0161i\u0107 Marijana, Melovi\u0107 Marica, Maru\u0161i\u0107 Filipa<br \/>\n<\/span><strong><span style=\"font-family: Arial, sans-serif;\">Broj stranica: <\/span><\/strong><span style=\"font-family: Arial, sans-serif;\"><span lang=\"\">220<\/span><\/span><span style=\"font-family: Arial, sans-serif;\"><br \/>\n<\/span><strong><span style=\"font-family: Arial, sans-serif;\">Nakladnik: <\/span><\/strong><strong><span style=\"font-family: Arial, sans-serif;\">REDAK<\/span><\/strong><span style=\"font-family: Arial, sans-serif;\"><br \/>\n<\/span><strong><span style=\"font-family: Arial, sans-serif;\">Godina izdanja: <\/span><\/strong><strong><span style=\"font-family: Arial, sans-serif;\">2023.<br \/>\n<\/span><\/strong><strong><span style=\"font-family: Arial, sans-serif;\">ISBN:<\/span><\/strong><span style=\"font-family: Arial, sans-serif;\"> 978-953-336-912-9<br \/>\n<\/span><strong><span style=\"font-family: Arial, sans-serif;\">Tisak:<\/span><\/strong><span style=\"font-family: Arial, sans-serif;\"> digitalni tisak knjiga &#8211; print na zahtjev<\/span><\/p>\n","protected":false},"excerpt":{"rendered":"<p>U knjizi je predstavljeno 18 u\u010destalih temeljnih i 29 posebnih marketin\u0161kih strategija koje se danas prakticiraju u turisti\u010dkom poslovanju. Troje od petoro autora je obna\u0161alo menad\u017eerske funkcije u vi\u0161e turisti\u010dkih subjekata, pa su predstavljene strategije povezali s konkretnom poslovnom praksom. U knjizi su predstavili i recentne nalaze svojih panel istra\u017eivanja kojima na zanimljiv na\u010din povezuju [&hellip;]<\/p>\n","protected":false},"featured_media":14120,"comment_status":"open","ping_status":"closed","template":"","meta":{"_acf_changed":false},"product_brand":[],"product_cat":[1510],"product_tag":[],"class_list":{"0":"post-14119","1":"product","2":"type-product","3":"status-publish","4":"has-post-thumbnail","6":"product_cat-nekategorizirane","7":"pa_autor-grupa-autora","8":"pa_nakladnik-redak","10":"first","11":"instock","12":"shipping-taxable","13":"purchasable","14":"product-type-simple"},"acf":[],"yoast_head":"<!-- This site is optimized with the Yoast SEO plugin v27.3 - https:\/\/yoast.com\/product\/yoast-seo-wordpress\/ -->\n<title>MARKETIN\u0160KE STRATEGIJE U TURIZMU I UGOSTITELJSTVU, Grupa autora - Web-knji\u017eara<\/title>\n<meta name=\"robots\" content=\"index, follow, max-snippet:-1, max-image-preview:large, max-video-preview:-1\" \/>\n<link rel=\"canonical\" href=\"https:\/\/webknjizara.hr\/proizvod\/marketinske-strategije-u-turizmu-i-ugostiteljstvu-grupa-autora\/\" \/>\n<meta property=\"og:locale\" content=\"en_US\" \/>\n<meta property=\"og:type\" content=\"article\" \/>\n<meta property=\"og:title\" content=\"MARKETIN\u0160KE STRATEGIJE U TURIZMU I UGOSTITELJSTVU, Grupa autora - Web-knji\u017eara\" \/>\n<meta property=\"og:description\" content=\"U knjizi je predstavljeno 18 u\u010destalih temeljnih i 29 posebnih marketin\u0161kih strategija koje se danas prakticiraju u turisti\u010dkom poslovanju. Troje od petoro autora je obna\u0161alo menad\u017eerske funkcije u vi\u0161e turisti\u010dkih subjekata, pa su predstavljene strategije povezali s konkretnom poslovnom praksom. U knjizi su predstavili i recentne nalaze svojih panel istra\u017eivanja kojima na zanimljiv na\u010din povezuju [&hellip;]\" \/>\n<meta property=\"og:url\" content=\"https:\/\/webknjizara.hr\/proizvod\/marketinske-strategije-u-turizmu-i-ugostiteljstvu-grupa-autora\/\" \/>\n<meta property=\"og:site_name\" content=\"Web-knji\u017eara\" \/>\n<meta property=\"article:modified_time\" content=\"2023-04-21T10:22:53+00:00\" \/>\n<meta property=\"og:image\" content=\"https:\/\/webknjizara.hr\/wp-content\/uploads\/2023\/04\/PE14D_7.jpg\" \/>\n\t<meta property=\"og:image:width\" content=\"300\" \/>\n\t<meta property=\"og:image:height\" content=\"419\" \/>\n\t<meta property=\"og:image:type\" content=\"image\/jpeg\" \/>\n<meta name=\"twitter:card\" content=\"summary_large_image\" \/>\n<meta name=\"twitter:label1\" content=\"Est. reading time\" \/>\n\t<meta name=\"twitter:data1\" content=\"5 minutes\" \/>\n<script type=\"application\/ld+json\" class=\"yoast-schema-graph\">{\"@context\":\"https:\\\/\\\/schema.org\",\"@graph\":[{\"@type\":\"WebPage\",\"@id\":\"https:\\\/\\\/webknjizara.hr\\\/proizvod\\\/marketinske-strategije-u-turizmu-i-ugostiteljstvu-grupa-autora\\\/\",\"url\":\"https:\\\/\\\/webknjizara.hr\\\/proizvod\\\/marketinske-strategije-u-turizmu-i-ugostiteljstvu-grupa-autora\\\/\",\"name\":\"MARKETIN\u0160KE STRATEGIJE U TURIZMU I UGOSTITELJSTVU, Grupa autora - Web-knji\u017eara\",\"isPartOf\":{\"@id\":\"https:\\\/\\\/webknjizara.hr\\\/#website\"},\"primaryImageOfPage\":{\"@id\":\"https:\\\/\\\/webknjizara.hr\\\/proizvod\\\/marketinske-strategije-u-turizmu-i-ugostiteljstvu-grupa-autora\\\/#primaryimage\"},\"image\":{\"@id\":\"https:\\\/\\\/webknjizara.hr\\\/proizvod\\\/marketinske-strategije-u-turizmu-i-ugostiteljstvu-grupa-autora\\\/#primaryimage\"},\"thumbnailUrl\":\"https:\\\/\\\/webknjizara.hr\\\/wp-content\\\/uploads\\\/2023\\\/04\\\/PE14D_7.jpg\",\"datePublished\":\"2023-04-20T10:38:30+00:00\",\"dateModified\":\"2023-04-21T10:22:53+00:00\",\"breadcrumb\":{\"@id\":\"https:\\\/\\\/webknjizara.hr\\\/proizvod\\\/marketinske-strategije-u-turizmu-i-ugostiteljstvu-grupa-autora\\\/#breadcrumb\"},\"inLanguage\":\"en-US\",\"potentialAction\":[{\"@type\":\"ReadAction\",\"target\":[\"https:\\\/\\\/webknjizara.hr\\\/proizvod\\\/marketinske-strategije-u-turizmu-i-ugostiteljstvu-grupa-autora\\\/\"]}]},{\"@type\":\"ImageObject\",\"inLanguage\":\"en-US\",\"@id\":\"https:\\\/\\\/webknjizara.hr\\\/proizvod\\\/marketinske-strategije-u-turizmu-i-ugostiteljstvu-grupa-autora\\\/#primaryimage\",\"url\":\"https:\\\/\\\/webknjizara.hr\\\/wp-content\\\/uploads\\\/2023\\\/04\\\/PE14D_7.jpg\",\"contentUrl\":\"https:\\\/\\\/webknjizara.hr\\\/wp-content\\\/uploads\\\/2023\\\/04\\\/PE14D_7.jpg\",\"width\":300,\"height\":419},{\"@type\":\"BreadcrumbList\",\"@id\":\"https:\\\/\\\/webknjizara.hr\\\/proizvod\\\/marketinske-strategije-u-turizmu-i-ugostiteljstvu-grupa-autora\\\/#breadcrumb\",\"itemListElement\":[{\"@type\":\"ListItem\",\"position\":1,\"name\":\"Po\u010detna stranica\",\"item\":\"https:\\\/\\\/webknjizara.hr\\\/en\\\/\"},{\"@type\":\"ListItem\",\"position\":2,\"name\":\"Shop\",\"item\":\"https:\\\/\\\/webknjizara.hr\\\/shop\\\/\"},{\"@type\":\"ListItem\",\"position\":3,\"name\":\"MARKETIN\u0160KE STRATEGIJE U TURIZMU I UGOSTITELJSTVU, Grupa autora\"}]},{\"@type\":\"WebSite\",\"@id\":\"https:\\\/\\\/webknjizara.hr\\\/#website\",\"url\":\"https:\\\/\\\/webknjizara.hr\\\/\",\"name\":\"Web Knji\u017eara\",\"description\":\"\",\"publisher\":{\"@id\":\"https:\\\/\\\/webknjizara.hr\\\/#organization\"},\"potentialAction\":[{\"@type\":\"SearchAction\",\"target\":{\"@type\":\"EntryPoint\",\"urlTemplate\":\"https:\\\/\\\/webknjizara.hr\\\/?s={search_term_string}\"},\"query-input\":{\"@type\":\"PropertyValueSpecification\",\"valueRequired\":true,\"valueName\":\"search_term_string\"}}],\"inLanguage\":\"en-US\"},{\"@type\":\"Organization\",\"@id\":\"https:\\\/\\\/webknjizara.hr\\\/#organization\",\"name\":\"REDAK D.O.O.\",\"url\":\"https:\\\/\\\/webknjizara.hr\\\/\",\"logo\":{\"@type\":\"ImageObject\",\"inLanguage\":\"en-US\",\"@id\":\"https:\\\/\\\/webknjizara.hr\\\/#\\\/schema\\\/logo\\\/image\\\/\",\"url\":\"https:\\\/\\\/webknjizara.hr\\\/wp-content\\\/uploads\\\/2023\\\/01\\\/web-knjizara-logo.webp\",\"contentUrl\":\"https:\\\/\\\/webknjizara.hr\\\/wp-content\\\/uploads\\\/2023\\\/01\\\/web-knjizara-logo.webp\",\"width\":324,\"height\":79,\"caption\":\"REDAK D.O.O.\"},\"image\":{\"@id\":\"https:\\\/\\\/webknjizara.hr\\\/#\\\/schema\\\/logo\\\/image\\\/\"}}]}<\/script>\n<!-- \/ Yoast SEO plugin. -->","yoast_head_json":{"title":"MARKETIN\u0160KE STRATEGIJE U TURIZMU I UGOSTITELJSTVU, Grupa autora - Web-knji\u017eara","robots":{"index":"index","follow":"follow","max-snippet":"max-snippet:-1","max-image-preview":"max-image-preview:large","max-video-preview":"max-video-preview:-1"},"canonical":"https:\/\/webknjizara.hr\/proizvod\/marketinske-strategije-u-turizmu-i-ugostiteljstvu-grupa-autora\/","og_locale":"en_US","og_type":"article","og_title":"MARKETIN\u0160KE STRATEGIJE U TURIZMU I UGOSTITELJSTVU, Grupa autora - Web-knji\u017eara","og_description":"U knjizi je predstavljeno 18 u\u010destalih temeljnih i 29 posebnih marketin\u0161kih strategija koje se danas prakticiraju u turisti\u010dkom poslovanju. Troje od petoro autora je obna\u0161alo menad\u017eerske funkcije u vi\u0161e turisti\u010dkih subjekata, pa su predstavljene strategije povezali s konkretnom poslovnom praksom. U knjizi su predstavili i recentne nalaze svojih panel istra\u017eivanja kojima na zanimljiv na\u010din povezuju [&hellip;]","og_url":"https:\/\/webknjizara.hr\/proizvod\/marketinske-strategije-u-turizmu-i-ugostiteljstvu-grupa-autora\/","og_site_name":"Web-knji\u017eara","article_modified_time":"2023-04-21T10:22:53+00:00","og_image":[{"width":300,"height":419,"url":"https:\/\/webknjizara.hr\/wp-content\/uploads\/2023\/04\/PE14D_7.jpg","type":"image\/jpeg"}],"twitter_card":"summary_large_image","twitter_misc":{"Est. reading time":"5 minutes"},"schema":{"@context":"https:\/\/schema.org","@graph":[{"@type":"WebPage","@id":"https:\/\/webknjizara.hr\/proizvod\/marketinske-strategije-u-turizmu-i-ugostiteljstvu-grupa-autora\/","url":"https:\/\/webknjizara.hr\/proizvod\/marketinske-strategije-u-turizmu-i-ugostiteljstvu-grupa-autora\/","name":"MARKETIN\u0160KE STRATEGIJE U TURIZMU I UGOSTITELJSTVU, Grupa autora - Web-knji\u017eara","isPartOf":{"@id":"https:\/\/webknjizara.hr\/#website"},"primaryImageOfPage":{"@id":"https:\/\/webknjizara.hr\/proizvod\/marketinske-strategije-u-turizmu-i-ugostiteljstvu-grupa-autora\/#primaryimage"},"image":{"@id":"https:\/\/webknjizara.hr\/proizvod\/marketinske-strategije-u-turizmu-i-ugostiteljstvu-grupa-autora\/#primaryimage"},"thumbnailUrl":"https:\/\/webknjizara.hr\/wp-content\/uploads\/2023\/04\/PE14D_7.jpg","datePublished":"2023-04-20T10:38:30+00:00","dateModified":"2023-04-21T10:22:53+00:00","breadcrumb":{"@id":"https:\/\/webknjizara.hr\/proizvod\/marketinske-strategije-u-turizmu-i-ugostiteljstvu-grupa-autora\/#breadcrumb"},"inLanguage":"en-US","potentialAction":[{"@type":"ReadAction","target":["https:\/\/webknjizara.hr\/proizvod\/marketinske-strategije-u-turizmu-i-ugostiteljstvu-grupa-autora\/"]}]},{"@type":"ImageObject","inLanguage":"en-US","@id":"https:\/\/webknjizara.hr\/proizvod\/marketinske-strategije-u-turizmu-i-ugostiteljstvu-grupa-autora\/#primaryimage","url":"https:\/\/webknjizara.hr\/wp-content\/uploads\/2023\/04\/PE14D_7.jpg","contentUrl":"https:\/\/webknjizara.hr\/wp-content\/uploads\/2023\/04\/PE14D_7.jpg","width":300,"height":419},{"@type":"BreadcrumbList","@id":"https:\/\/webknjizara.hr\/proizvod\/marketinske-strategije-u-turizmu-i-ugostiteljstvu-grupa-autora\/#breadcrumb","itemListElement":[{"@type":"ListItem","position":1,"name":"Po\u010detna stranica","item":"https:\/\/webknjizara.hr\/en\/"},{"@type":"ListItem","position":2,"name":"Shop","item":"https:\/\/webknjizara.hr\/shop\/"},{"@type":"ListItem","position":3,"name":"MARKETIN\u0160KE STRATEGIJE U TURIZMU I UGOSTITELJSTVU, Grupa autora"}]},{"@type":"WebSite","@id":"https:\/\/webknjizara.hr\/#website","url":"https:\/\/webknjizara.hr\/","name":"Web Knji\u017eara","description":"","publisher":{"@id":"https:\/\/webknjizara.hr\/#organization"},"potentialAction":[{"@type":"SearchAction","target":{"@type":"EntryPoint","urlTemplate":"https:\/\/webknjizara.hr\/?s={search_term_string}"},"query-input":{"@type":"PropertyValueSpecification","valueRequired":true,"valueName":"search_term_string"}}],"inLanguage":"en-US"},{"@type":"Organization","@id":"https:\/\/webknjizara.hr\/#organization","name":"REDAK D.O.O.","url":"https:\/\/webknjizara.hr\/","logo":{"@type":"ImageObject","inLanguage":"en-US","@id":"https:\/\/webknjizara.hr\/#\/schema\/logo\/image\/","url":"https:\/\/webknjizara.hr\/wp-content\/uploads\/2023\/01\/web-knjizara-logo.webp","contentUrl":"https:\/\/webknjizara.hr\/wp-content\/uploads\/2023\/01\/web-knjizara-logo.webp","width":324,"height":79,"caption":"REDAK D.O.O."},"image":{"@id":"https:\/\/webknjizara.hr\/#\/schema\/logo\/image\/"}}]}},"_links":{"self":[{"href":"https:\/\/webknjizara.hr\/en\/wp-json\/wp\/v2\/product\/14119","targetHints":{"allow":["GET"]}}],"collection":[{"href":"https:\/\/webknjizara.hr\/en\/wp-json\/wp\/v2\/product"}],"about":[{"href":"https:\/\/webknjizara.hr\/en\/wp-json\/wp\/v2\/types\/product"}],"replies":[{"embeddable":true,"href":"https:\/\/webknjizara.hr\/en\/wp-json\/wp\/v2\/comments?post=14119"}],"wp:featuredmedia":[{"embeddable":true,"href":"https:\/\/webknjizara.hr\/en\/wp-json\/wp\/v2\/media\/14120"}],"wp:attachment":[{"href":"https:\/\/webknjizara.hr\/en\/wp-json\/wp\/v2\/media?parent=14119"}],"wp:term":[{"taxonomy":"product_brand","embeddable":true,"href":"https:\/\/webknjizara.hr\/en\/wp-json\/wp\/v2\/product_brand?post=14119"},{"taxonomy":"product_cat","embeddable":true,"href":"https:\/\/webknjizara.hr\/en\/wp-json\/wp\/v2\/product_cat?post=14119"},{"taxonomy":"product_tag","embeddable":true,"href":"https:\/\/webknjizara.hr\/en\/wp-json\/wp\/v2\/product_tag?post=14119"}],"curies":[{"name":"wp","href":"https:\/\/api.w.org\/{rel}","templated":true}]}}