{"id":14105,"date":"2023-04-19T14:19:31","date_gmt":"2023-04-19T12:19:31","guid":{"rendered":"https:\/\/webknjizara.hr\/?post_type=product&#038;p=14105"},"modified":"2023-05-16T12:32:24","modified_gmt":"2023-05-16T10:32:24","slug":"rekao-je-ne-duska-music","status":"publish","type":"product","link":"https:\/\/webknjizara.hr\/en\/proizvod\/rekao-je-ne-duska-music\/","title":{"rendered":"REKAO JE: NE, Du\u0161ka Mu\u0161i\u0107"},"content":{"rendered":"<p>umjesto predgovora i pogovora<\/p>\n<p>prije ne\u0161to vi\u0161e od \u010detrdeset godina pukao mi je vodenjak u podgori&#8230; upravo tada je ro\u0111ak policajac bio u na\u0161em propalom kafi\u0107u, tako da me je policija dovezla do rodili\u0161ta u makarskoj&#8230; probudili su doktora koji je bunovan i ra\u0161trkan podigao plahtu i iz daljega rekao: \u201evozite ovo hitno za split, ne\u0161to nije u redu\u201c&#8230; dok su me s krevetom gurali, vidjela sam da je doktoru palac provirio kroz raspalu \u010darapu&#8230;<\/p>\n<p>tako se ona rodila u splitu, makarska policija poslala je prvu \u010destitku i prvo cvije\u0107e&#8230; ona je majkina jedinoro\u0111ena, nakon nje vi\u0161e nisam mogla imati djece&#8230;<\/p>\n<p>\u010detrdeset i kusur nas dvije gradimo, zidamo, \u0161alujemo, dodajemo po jo\u0161 jednu ciglu na na\u0161 zid&#8230; uru\u0161ava se on s vremena na vrijeme, ali ni nas dvije nismo za bacanje, \u010dim jedna padne, mi dvije nove nabacimo&#8230;<\/p>\n<p>znam da nisam majka za po\u017eeljeti, ali \u0161to \u0107e\u0161&#8230; ne mo\u017ee\u0161 imati ba\u0161 sve \u0161to po\u017eeli\u0161&#8230; oni normalni od majke dobiju upute za \u017eivot, sto eura, izvezenu posteljinu u miraz, slobodno vrijeme za \u010duvanje unuka, set posu\u0111a ili doma\u0107u tortu od samih oraha&#8230;<\/p>\n<p>ja tebi darujem ovo, jer ti si ludi vjetar koji gura moje razapeto jedro, pristani\u0161te si mojoj barci koja pu\u0161ta na sve strane, moj smiraj si i moje uzburkano more&#8230;<\/p>\n<p>darujem ti smijeh u vremenu kada se \u010dini da nikome nije do smijeha, darujem ti otvoren prozor kroz koji \u0107e\u0161 uvijek vidjeti da te \u010deka vedro nebo i poneka duga&#8230;<\/p>\n<p>darovat \u0107u ti pola boce crnoga ako do\u0111e\u0161 u pravo vrijeme materi svojoj&#8230; nazdravit \u0107emo \u0161to se imamo, ba\u0161 ovakve kakve jesmo&#8230;<\/p>\n<p>znam da je te\u0161ko biti k\u0107i matere stand up komi\u010darke, koja te stavlja u knjige i koja, kad je upitaju koliko ima djece, odgovara: \u201ejedno previ\u0161e\u201c&#8230; brukam te jako, i ne znam jesam li ti ikada rekla da jedino tvoj grleni smijeh \u010dujem na nastupima&#8230;<\/p>\n<p>ovo je tvoja knjiga, jer ti si svako slovo, svaki redak i svaki titraj moga srca&#8230; i ne, ne mogu ti obe\u0107ati da te ne\u0107u opet negdje spominjati, o tebi pisati, pri\u010dati&#8230;<\/p>\n<p>ako ti bilo tko, bilo kada, ka\u017ee da si ista mater i da ti je gubica ve\u0107a od guzice, pogledaj ga onim svojim pogledom, nasmije\u0161i se i reci: \u201eja sam njoj sve na svijetu\u201c&#8230; ba\u0161 tako im reci, neustra\u0161iva mamina ratnice&#8230;<\/p>\n<p>ti si ljubav sun\u010dane \u017eene&#8230;<\/p>\n<p>zauvijek&#8230;<\/p>\n<p>&nbsp;<\/p>\n<p><span style=\"font-family: Arial, sans-serif;\"><span lang=\"hr-HR\"><b>Bilje\u0161ka o autorici: <\/b><\/span><\/span><\/p>\n<p>Ro\u0111ena 1955.g. u Metkovi\u0107u, umirovljenica, \u017eivi u Plo\u010dama<\/p>\n<p><span style=\"font-family: Arial, sans-serif;\"><span lang=\"hr-HR\"><b>E-mail: <\/b><\/span><\/span><a href=\"mailto:dulazim@gmail.com\" target=\"_blank\" rel=\"noopener\"><span style=\"color: #000000;\">Du\u0161ka Mu\u0161i\u0107<\/span><\/a><\/p>\n<p>&nbsp;<\/p>\n<p><strong><span style=\"font-family: Arial, sans-serif;\">Naslov: <\/span><\/strong><strong><span style=\"font-family: Arial, sans-serif;\">Rekao je: Ne<\/span><\/strong><span style=\"font-family: Arial, sans-serif;\"><br \/>\n<\/span><strong><span style=\"font-family: Arial, sans-serif;\">Autorica:<\/span><\/strong><span style=\"font-family: Arial, sans-serif;\"> Du\u0161ka Mu\u0161i\u0107<br \/>\n<\/span><strong><span style=\"font-family: Arial, sans-serif;\">Broj stranica: <\/span><\/strong><span style=\"font-family: Arial, sans-serif;\"><span lang=\"\">80<\/span><\/span><span style=\"font-family: Arial, sans-serif;\"><br \/>\n<\/span><strong><span style=\"font-family: Arial, sans-serif;\">Nakladnik: <\/span><\/strong><strong><span style=\"font-family: Arial, sans-serif;\">REDAK<\/span><\/strong><span style=\"font-family: Arial, sans-serif;\"><br \/>\n<\/span><strong><span style=\"font-family: Arial, sans-serif;\">Godina izdanja: <\/span><\/strong><strong><span style=\"font-family: Arial, sans-serif;\">2023.<br \/>\n<\/span><\/strong><strong><span style=\"font-family: Arial, sans-serif;\">ISBN:<\/span><\/strong><span style=\"font-family: Arial, sans-serif;\"> 978-953-336-920-4<br \/>\n<\/span><strong><span style=\"font-family: Arial, sans-serif;\">Tisak:<\/span><\/strong><span style=\"font-family: Arial, sans-serif;\"> digitalni tisak knjiga &#8211; print na zahtjev<\/span><\/p>\n","protected":false},"excerpt":{"rendered":"<p>umjesto predgovora i pogovora prije ne\u0161to vi\u0161e od \u010detrdeset godina pukao mi je vodenjak u podgori&#8230; upravo tada je ro\u0111ak policajac bio u na\u0161em propalom kafi\u0107u, tako da me je policija dovezla do rodili\u0161ta u makarskoj&#8230; probudili su doktora koji je bunovan i ra\u0161trkan podigao plahtu i iz daljega rekao: \u201evozite ovo hitno za split, [&hellip;]<\/p>\n","protected":false},"featured_media":14106,"comment_status":"open","ping_status":"closed","template":"","meta":{"_acf_changed":false},"product_brand":[],"product_cat":[1607],"product_tag":[],"class_list":{"0":"post-14105","1":"product","2":"type-product","3":"status-publish","4":"has-post-thumbnail","6":"product_cat-proza","7":"pa_autor-duska-music","8":"pa_nakladnik-redak","10":"first","11":"instock","12":"shipping-taxable","13":"purchasable","14":"product-type-simple"},"acf":[],"yoast_head":"<!-- This site is optimized with the Yoast SEO plugin v27.3 - https:\/\/yoast.com\/product\/yoast-seo-wordpress\/ -->\n<title>REKAO JE: NE, Du\u0161ka Mu\u0161i\u0107 - Web-knji\u017eara<\/title>\n<meta name=\"robots\" content=\"index, follow, max-snippet:-1, max-image-preview:large, max-video-preview:-1\" \/>\n<link rel=\"canonical\" href=\"https:\/\/webknjizara.hr\/proizvod\/rekao-je-ne-duska-music\/\" \/>\n<meta property=\"og:locale\" content=\"en_US\" \/>\n<meta property=\"og:type\" content=\"article\" \/>\n<meta property=\"og:title\" content=\"REKAO JE: NE, Du\u0161ka Mu\u0161i\u0107 - Web-knji\u017eara\" \/>\n<meta property=\"og:description\" content=\"umjesto predgovora i pogovora prije ne\u0161to vi\u0161e od \u010detrdeset godina pukao mi je vodenjak u podgori&#8230; upravo tada je ro\u0111ak policajac bio u na\u0161em propalom kafi\u0107u, tako da me je policija dovezla do rodili\u0161ta u makarskoj&#8230; probudili su doktora koji je bunovan i ra\u0161trkan podigao plahtu i iz daljega rekao: \u201evozite ovo hitno za split, [&hellip;]\" \/>\n<meta property=\"og:url\" content=\"https:\/\/webknjizara.hr\/proizvod\/rekao-je-ne-duska-music\/\" \/>\n<meta property=\"og:site_name\" content=\"Web-knji\u017eara\" \/>\n<meta property=\"article:modified_time\" content=\"2023-05-16T10:32:24+00:00\" \/>\n<meta property=\"og:image\" content=\"https:\/\/webknjizara.hr\/wp-content\/uploads\/2023\/04\/Duska_Music_Rekao_je_Ne_webknjizara_redak_WEB_1421.jpg\" \/>\n\t<meta property=\"og:image:width\" content=\"300\" \/>\n\t<meta property=\"og:image:height\" content=\"419\" \/>\n\t<meta property=\"og:image:type\" content=\"image\/jpeg\" \/>\n<meta name=\"twitter:card\" content=\"summary_large_image\" \/>\n<meta name=\"twitter:label1\" content=\"Est. reading time\" \/>\n\t<meta name=\"twitter:data1\" content=\"3 minutes\" \/>\n<script type=\"application\/ld+json\" class=\"yoast-schema-graph\">{\"@context\":\"https:\\\/\\\/schema.org\",\"@graph\":[{\"@type\":\"WebPage\",\"@id\":\"https:\\\/\\\/webknjizara.hr\\\/proizvod\\\/rekao-je-ne-duska-music\\\/\",\"url\":\"https:\\\/\\\/webknjizara.hr\\\/proizvod\\\/rekao-je-ne-duska-music\\\/\",\"name\":\"REKAO JE: NE, Du\u0161ka Mu\u0161i\u0107 - Web-knji\u017eara\",\"isPartOf\":{\"@id\":\"https:\\\/\\\/webknjizara.hr\\\/#website\"},\"primaryImageOfPage\":{\"@id\":\"https:\\\/\\\/webknjizara.hr\\\/proizvod\\\/rekao-je-ne-duska-music\\\/#primaryimage\"},\"image\":{\"@id\":\"https:\\\/\\\/webknjizara.hr\\\/proizvod\\\/rekao-je-ne-duska-music\\\/#primaryimage\"},\"thumbnailUrl\":\"https:\\\/\\\/webknjizara.hr\\\/wp-content\\\/uploads\\\/2023\\\/04\\\/Duska_Music_Rekao_je_Ne_webknjizara_redak_WEB_1421.jpg\",\"datePublished\":\"2023-04-19T12:19:31+00:00\",\"dateModified\":\"2023-05-16T10:32:24+00:00\",\"breadcrumb\":{\"@id\":\"https:\\\/\\\/webknjizara.hr\\\/proizvod\\\/rekao-je-ne-duska-music\\\/#breadcrumb\"},\"inLanguage\":\"en-US\",\"potentialAction\":[{\"@type\":\"ReadAction\",\"target\":[\"https:\\\/\\\/webknjizara.hr\\\/proizvod\\\/rekao-je-ne-duska-music\\\/\"]}]},{\"@type\":\"ImageObject\",\"inLanguage\":\"en-US\",\"@id\":\"https:\\\/\\\/webknjizara.hr\\\/proizvod\\\/rekao-je-ne-duska-music\\\/#primaryimage\",\"url\":\"https:\\\/\\\/webknjizara.hr\\\/wp-content\\\/uploads\\\/2023\\\/04\\\/Duska_Music_Rekao_je_Ne_webknjizara_redak_WEB_1421.jpg\",\"contentUrl\":\"https:\\\/\\\/webknjizara.hr\\\/wp-content\\\/uploads\\\/2023\\\/04\\\/Duska_Music_Rekao_je_Ne_webknjizara_redak_WEB_1421.jpg\",\"width\":300,\"height\":419},{\"@type\":\"BreadcrumbList\",\"@id\":\"https:\\\/\\\/webknjizara.hr\\\/proizvod\\\/rekao-je-ne-duska-music\\\/#breadcrumb\",\"itemListElement\":[{\"@type\":\"ListItem\",\"position\":1,\"name\":\"Po\u010detna stranica\",\"item\":\"https:\\\/\\\/webknjizara.hr\\\/en\\\/\"},{\"@type\":\"ListItem\",\"position\":2,\"name\":\"Shop\",\"item\":\"https:\\\/\\\/webknjizara.hr\\\/shop\\\/\"},{\"@type\":\"ListItem\",\"position\":3,\"name\":\"REKAO JE: NE, Du\u0161ka Mu\u0161i\u0107\"}]},{\"@type\":\"WebSite\",\"@id\":\"https:\\\/\\\/webknjizara.hr\\\/#website\",\"url\":\"https:\\\/\\\/webknjizara.hr\\\/\",\"name\":\"Web Knji\u017eara\",\"description\":\"\",\"publisher\":{\"@id\":\"https:\\\/\\\/webknjizara.hr\\\/#organization\"},\"potentialAction\":[{\"@type\":\"SearchAction\",\"target\":{\"@type\":\"EntryPoint\",\"urlTemplate\":\"https:\\\/\\\/webknjizara.hr\\\/?s={search_term_string}\"},\"query-input\":{\"@type\":\"PropertyValueSpecification\",\"valueRequired\":true,\"valueName\":\"search_term_string\"}}],\"inLanguage\":\"en-US\"},{\"@type\":\"Organization\",\"@id\":\"https:\\\/\\\/webknjizara.hr\\\/#organization\",\"name\":\"REDAK D.O.O.\",\"url\":\"https:\\\/\\\/webknjizara.hr\\\/\",\"logo\":{\"@type\":\"ImageObject\",\"inLanguage\":\"en-US\",\"@id\":\"https:\\\/\\\/webknjizara.hr\\\/#\\\/schema\\\/logo\\\/image\\\/\",\"url\":\"https:\\\/\\\/webknjizara.hr\\\/wp-content\\\/uploads\\\/2023\\\/01\\\/web-knjizara-logo.webp\",\"contentUrl\":\"https:\\\/\\\/webknjizara.hr\\\/wp-content\\\/uploads\\\/2023\\\/01\\\/web-knjizara-logo.webp\",\"width\":324,\"height\":79,\"caption\":\"REDAK D.O.O.\"},\"image\":{\"@id\":\"https:\\\/\\\/webknjizara.hr\\\/#\\\/schema\\\/logo\\\/image\\\/\"}}]}<\/script>\n<!-- \/ Yoast SEO plugin. -->","yoast_head_json":{"title":"REKAO JE: NE, Du\u0161ka Mu\u0161i\u0107 - Web-knji\u017eara","robots":{"index":"index","follow":"follow","max-snippet":"max-snippet:-1","max-image-preview":"max-image-preview:large","max-video-preview":"max-video-preview:-1"},"canonical":"https:\/\/webknjizara.hr\/proizvod\/rekao-je-ne-duska-music\/","og_locale":"en_US","og_type":"article","og_title":"REKAO JE: NE, Du\u0161ka Mu\u0161i\u0107 - Web-knji\u017eara","og_description":"umjesto predgovora i pogovora prije ne\u0161to vi\u0161e od \u010detrdeset godina pukao mi je vodenjak u podgori&#8230; upravo tada je ro\u0111ak policajac bio u na\u0161em propalom kafi\u0107u, tako da me je policija dovezla do rodili\u0161ta u makarskoj&#8230; probudili su doktora koji je bunovan i ra\u0161trkan podigao plahtu i iz daljega rekao: \u201evozite ovo hitno za split, [&hellip;]","og_url":"https:\/\/webknjizara.hr\/proizvod\/rekao-je-ne-duska-music\/","og_site_name":"Web-knji\u017eara","article_modified_time":"2023-05-16T10:32:24+00:00","og_image":[{"width":300,"height":419,"url":"https:\/\/webknjizara.hr\/wp-content\/uploads\/2023\/04\/Duska_Music_Rekao_je_Ne_webknjizara_redak_WEB_1421.jpg","type":"image\/jpeg"}],"twitter_card":"summary_large_image","twitter_misc":{"Est. reading time":"3 minutes"},"schema":{"@context":"https:\/\/schema.org","@graph":[{"@type":"WebPage","@id":"https:\/\/webknjizara.hr\/proizvod\/rekao-je-ne-duska-music\/","url":"https:\/\/webknjizara.hr\/proizvod\/rekao-je-ne-duska-music\/","name":"REKAO JE: NE, Du\u0161ka Mu\u0161i\u0107 - Web-knji\u017eara","isPartOf":{"@id":"https:\/\/webknjizara.hr\/#website"},"primaryImageOfPage":{"@id":"https:\/\/webknjizara.hr\/proizvod\/rekao-je-ne-duska-music\/#primaryimage"},"image":{"@id":"https:\/\/webknjizara.hr\/proizvod\/rekao-je-ne-duska-music\/#primaryimage"},"thumbnailUrl":"https:\/\/webknjizara.hr\/wp-content\/uploads\/2023\/04\/Duska_Music_Rekao_je_Ne_webknjizara_redak_WEB_1421.jpg","datePublished":"2023-04-19T12:19:31+00:00","dateModified":"2023-05-16T10:32:24+00:00","breadcrumb":{"@id":"https:\/\/webknjizara.hr\/proizvod\/rekao-je-ne-duska-music\/#breadcrumb"},"inLanguage":"en-US","potentialAction":[{"@type":"ReadAction","target":["https:\/\/webknjizara.hr\/proizvod\/rekao-je-ne-duska-music\/"]}]},{"@type":"ImageObject","inLanguage":"en-US","@id":"https:\/\/webknjizara.hr\/proizvod\/rekao-je-ne-duska-music\/#primaryimage","url":"https:\/\/webknjizara.hr\/wp-content\/uploads\/2023\/04\/Duska_Music_Rekao_je_Ne_webknjizara_redak_WEB_1421.jpg","contentUrl":"https:\/\/webknjizara.hr\/wp-content\/uploads\/2023\/04\/Duska_Music_Rekao_je_Ne_webknjizara_redak_WEB_1421.jpg","width":300,"height":419},{"@type":"BreadcrumbList","@id":"https:\/\/webknjizara.hr\/proizvod\/rekao-je-ne-duska-music\/#breadcrumb","itemListElement":[{"@type":"ListItem","position":1,"name":"Po\u010detna stranica","item":"https:\/\/webknjizara.hr\/en\/"},{"@type":"ListItem","position":2,"name":"Shop","item":"https:\/\/webknjizara.hr\/shop\/"},{"@type":"ListItem","position":3,"name":"REKAO JE: NE, Du\u0161ka Mu\u0161i\u0107"}]},{"@type":"WebSite","@id":"https:\/\/webknjizara.hr\/#website","url":"https:\/\/webknjizara.hr\/","name":"Web Knji\u017eara","description":"","publisher":{"@id":"https:\/\/webknjizara.hr\/#organization"},"potentialAction":[{"@type":"SearchAction","target":{"@type":"EntryPoint","urlTemplate":"https:\/\/webknjizara.hr\/?s={search_term_string}"},"query-input":{"@type":"PropertyValueSpecification","valueRequired":true,"valueName":"search_term_string"}}],"inLanguage":"en-US"},{"@type":"Organization","@id":"https:\/\/webknjizara.hr\/#organization","name":"REDAK D.O.O.","url":"https:\/\/webknjizara.hr\/","logo":{"@type":"ImageObject","inLanguage":"en-US","@id":"https:\/\/webknjizara.hr\/#\/schema\/logo\/image\/","url":"https:\/\/webknjizara.hr\/wp-content\/uploads\/2023\/01\/web-knjizara-logo.webp","contentUrl":"https:\/\/webknjizara.hr\/wp-content\/uploads\/2023\/01\/web-knjizara-logo.webp","width":324,"height":79,"caption":"REDAK D.O.O."},"image":{"@id":"https:\/\/webknjizara.hr\/#\/schema\/logo\/image\/"}}]}},"_links":{"self":[{"href":"https:\/\/webknjizara.hr\/en\/wp-json\/wp\/v2\/product\/14105","targetHints":{"allow":["GET"]}}],"collection":[{"href":"https:\/\/webknjizara.hr\/en\/wp-json\/wp\/v2\/product"}],"about":[{"href":"https:\/\/webknjizara.hr\/en\/wp-json\/wp\/v2\/types\/product"}],"replies":[{"embeddable":true,"href":"https:\/\/webknjizara.hr\/en\/wp-json\/wp\/v2\/comments?post=14105"}],"wp:featuredmedia":[{"embeddable":true,"href":"https:\/\/webknjizara.hr\/en\/wp-json\/wp\/v2\/media\/14106"}],"wp:attachment":[{"href":"https:\/\/webknjizara.hr\/en\/wp-json\/wp\/v2\/media?parent=14105"}],"wp:term":[{"taxonomy":"product_brand","embeddable":true,"href":"https:\/\/webknjizara.hr\/en\/wp-json\/wp\/v2\/product_brand?post=14105"},{"taxonomy":"product_cat","embeddable":true,"href":"https:\/\/webknjizara.hr\/en\/wp-json\/wp\/v2\/product_cat?post=14105"},{"taxonomy":"product_tag","embeddable":true,"href":"https:\/\/webknjizara.hr\/en\/wp-json\/wp\/v2\/product_tag?post=14105"}],"curies":[{"name":"wp","href":"https:\/\/api.w.org\/{rel}","templated":true}]}}