{"id":14044,"date":"2023-04-17T12:14:55","date_gmt":"2023-04-17T10:14:55","guid":{"rendered":"https:\/\/webknjizara.hr\/?post_type=product&#038;p=14044"},"modified":"2023-04-17T12:16:17","modified_gmt":"2023-04-17T10:16:17","slug":"sva-svitla-moga-grada-marija-volaric-maksica","status":"publish","type":"product","link":"https:\/\/webknjizara.hr\/en\/proizvod\/sva-svitla-moga-grada-marija-volaric-maksica\/","title":{"rendered":"SVA SVITLA MOGA GRADA, Marija Volari\u0107 Maksica"},"content":{"rendered":"<p><span style=\"color: #000000;\">Zbirka pjesama na vrbni\u010dkoj \u010dakav\u0161tini<\/span><\/p>\n<p>&nbsp;<\/p>\n<p><span style=\"font-family: Arial, sans-serif;\"><span lang=\"hr-HR\"><b>Bilje\u0161ka o autorici: <\/b><\/span><\/span><\/p>\n<p><span style=\"color: #000000;\">Ro\u0111ena ( 21. srpnja 1952.) i \u0161kolovana u Vrbniku.<\/span><\/p>\n<p><span style=\"color: #000000;\">Pjesme pi\u0161e na vrbni\u010dkoj \u010dakav\u0161tini. Objavljuje ih u Vrbni\u010dkim vidicima, a redovito sudjeluje i u literarnim natje\u010dajima Kr\u010dke besede te na pjesni\u010dkim susretima.<\/span><\/p>\n<p><span style=\"color: #000000;\">Nagra\u0111ene su joj pjesme: <\/span><span style=\"color: #000000;\"><i>Bit \u010dovik<\/i><\/span><span style=\"color: #000000;\"> (2016), <\/span><span style=\"color: #000000;\"><i>Zbujeni galebi<\/i><\/span><span style=\"color: #000000;\"> (2020), <\/span><span style=\"color: #000000;\"><i>Moje plime i sekadi<\/i><\/span><span style=\"color: #000000;\"> (2021) i <\/span><span style=\"color: #000000;\"><i>Sva svitla moga grada<\/i><\/span><span style=\"color: #000000;\"> (2022). Ovo je prva njezina zbirka<\/span><\/p>\n<p>&nbsp;<\/p>\n<p><strong><span style=\"font-family: Arial, sans-serif;\">Naslov: <\/span><\/strong><strong><span style=\"font-family: Arial, sans-serif;\">Sva svitla moga grada<\/span><\/strong><span style=\"font-family: Arial, sans-serif;\"><br \/>\n<\/span><strong><span style=\"font-family: Arial, sans-serif;\">Autorica:<\/span><\/strong><span style=\"font-family: Arial, sans-serif;\"> Marija Volari\u0107 Maksica<br \/>\n<\/span><strong><span style=\"font-family: Arial, sans-serif;\">Broj stranica: <\/span><\/strong><span style=\"font-family: Arial, sans-serif;\"><span lang=\"\">72<\/span><\/span><span style=\"font-family: Arial, sans-serif;\"><br \/>\n<\/span><strong><span style=\"font-family: Arial, sans-serif;\">Nakladnik: <\/span><\/strong><strong><span style=\"font-family: Arial, sans-serif;\">REDAK<\/span><\/strong><span style=\"font-family: Arial, sans-serif;\"><br \/>\n<\/span><strong><span style=\"font-family: Arial, sans-serif;\">Godina izdanja: <\/span><\/strong><strong><span style=\"font-family: Arial, sans-serif;\">2023.<br \/>\n<\/span><\/strong><strong><span style=\"font-family: Arial, sans-serif;\">ISBN:<\/span><\/strong><span style=\"font-family: Arial, sans-serif;\"> 978-953-336-916-7<br \/>\n<\/span><strong><span style=\"font-family: Arial, sans-serif;\">Tisak:<\/span><\/strong><span style=\"font-family: Arial, sans-serif;\"> digitalni tisak knjiga &#8211; print na zahtjev<\/span><\/p>\n","protected":false},"excerpt":{"rendered":"<p>Zbirka pjesama na vrbni\u010dkoj \u010dakav\u0161tini &nbsp; Bilje\u0161ka o autorici: Ro\u0111ena ( 21. srpnja 1952.) i \u0161kolovana u Vrbniku. Pjesme pi\u0161e na vrbni\u010dkoj \u010dakav\u0161tini. Objavljuje ih u Vrbni\u010dkim vidicima, a redovito sudjeluje i u literarnim natje\u010dajima Kr\u010dke besede te na pjesni\u010dkim susretima. Nagra\u0111ene su joj pjesme: Bit \u010dovik (2016), Zbujeni galebi (2020), Moje plime i sekadi [&hellip;]<\/p>\n","protected":false},"featured_media":14045,"comment_status":"open","ping_status":"closed","template":"","meta":{"_acf_changed":false},"product_brand":[],"product_cat":[1388],"product_tag":[],"class_list":{"0":"post-14044","1":"product","2":"type-product","3":"status-publish","4":"has-post-thumbnail","6":"product_cat-poezija","7":"pa_autor-marija-volaric-maksica","8":"pa_nakladnik-redak","10":"first","11":"instock","12":"shipping-taxable","13":"purchasable","14":"product-type-simple"},"acf":[],"yoast_head":"<!-- This site is optimized with the Yoast SEO plugin v27.3 - https:\/\/yoast.com\/product\/yoast-seo-wordpress\/ -->\n<title>SVA SVITLA MOGA GRADA, Marija Volari\u0107 Maksica - Web-knji\u017eara<\/title>\n<meta name=\"robots\" content=\"index, follow, max-snippet:-1, max-image-preview:large, max-video-preview:-1\" \/>\n<link rel=\"canonical\" href=\"https:\/\/webknjizara.hr\/proizvod\/sva-svitla-moga-grada-marija-volaric-maksica\/\" \/>\n<meta property=\"og:locale\" content=\"en_US\" \/>\n<meta property=\"og:type\" content=\"article\" \/>\n<meta property=\"og:title\" content=\"SVA SVITLA MOGA GRADA, Marija Volari\u0107 Maksica - Web-knji\u017eara\" \/>\n<meta property=\"og:description\" content=\"Zbirka pjesama na vrbni\u010dkoj \u010dakav\u0161tini &nbsp; Bilje\u0161ka o autorici: Ro\u0111ena ( 21. srpnja 1952.) i \u0161kolovana u Vrbniku. Pjesme pi\u0161e na vrbni\u010dkoj \u010dakav\u0161tini. Objavljuje ih u Vrbni\u010dkim vidicima, a redovito sudjeluje i u literarnim natje\u010dajima Kr\u010dke besede te na pjesni\u010dkim susretima. Nagra\u0111ene su joj pjesme: Bit \u010dovik (2016), Zbujeni galebi (2020), Moje plime i sekadi [&hellip;]\" \/>\n<meta property=\"og:url\" content=\"https:\/\/webknjizara.hr\/proizvod\/sva-svitla-moga-grada-marija-volaric-maksica\/\" \/>\n<meta property=\"og:site_name\" content=\"Web-knji\u017eara\" \/>\n<meta property=\"article:modified_time\" content=\"2023-04-17T10:16:17+00:00\" \/>\n<meta property=\"og:image\" content=\"https:\/\/webknjizara.hr\/wp-content\/uploads\/2023\/04\/Marija_Volaric_Maksica_Sva_svitla_moga_grada_webknjizara_redak_WEB_1412.jpg\" \/>\n\t<meta property=\"og:image:width\" content=\"300\" \/>\n\t<meta property=\"og:image:height\" content=\"419\" \/>\n\t<meta property=\"og:image:type\" content=\"image\/jpeg\" \/>\n<meta name=\"twitter:card\" content=\"summary_large_image\" \/>\n<meta name=\"twitter:label1\" content=\"Est. reading time\" \/>\n\t<meta name=\"twitter:data1\" content=\"1 minute\" \/>\n<script type=\"application\/ld+json\" class=\"yoast-schema-graph\">{\"@context\":\"https:\\\/\\\/schema.org\",\"@graph\":[{\"@type\":\"WebPage\",\"@id\":\"https:\\\/\\\/webknjizara.hr\\\/proizvod\\\/sva-svitla-moga-grada-marija-volaric-maksica\\\/\",\"url\":\"https:\\\/\\\/webknjizara.hr\\\/proizvod\\\/sva-svitla-moga-grada-marija-volaric-maksica\\\/\",\"name\":\"SVA SVITLA MOGA GRADA, Marija Volari\u0107 Maksica - Web-knji\u017eara\",\"isPartOf\":{\"@id\":\"https:\\\/\\\/webknjizara.hr\\\/#website\"},\"primaryImageOfPage\":{\"@id\":\"https:\\\/\\\/webknjizara.hr\\\/proizvod\\\/sva-svitla-moga-grada-marija-volaric-maksica\\\/#primaryimage\"},\"image\":{\"@id\":\"https:\\\/\\\/webknjizara.hr\\\/proizvod\\\/sva-svitla-moga-grada-marija-volaric-maksica\\\/#primaryimage\"},\"thumbnailUrl\":\"https:\\\/\\\/webknjizara.hr\\\/wp-content\\\/uploads\\\/2023\\\/04\\\/Marija_Volaric_Maksica_Sva_svitla_moga_grada_webknjizara_redak_WEB_1412.jpg\",\"datePublished\":\"2023-04-17T10:14:55+00:00\",\"dateModified\":\"2023-04-17T10:16:17+00:00\",\"breadcrumb\":{\"@id\":\"https:\\\/\\\/webknjizara.hr\\\/proizvod\\\/sva-svitla-moga-grada-marija-volaric-maksica\\\/#breadcrumb\"},\"inLanguage\":\"en-US\",\"potentialAction\":[{\"@type\":\"ReadAction\",\"target\":[\"https:\\\/\\\/webknjizara.hr\\\/proizvod\\\/sva-svitla-moga-grada-marija-volaric-maksica\\\/\"]}]},{\"@type\":\"ImageObject\",\"inLanguage\":\"en-US\",\"@id\":\"https:\\\/\\\/webknjizara.hr\\\/proizvod\\\/sva-svitla-moga-grada-marija-volaric-maksica\\\/#primaryimage\",\"url\":\"https:\\\/\\\/webknjizara.hr\\\/wp-content\\\/uploads\\\/2023\\\/04\\\/Marija_Volaric_Maksica_Sva_svitla_moga_grada_webknjizara_redak_WEB_1412.jpg\",\"contentUrl\":\"https:\\\/\\\/webknjizara.hr\\\/wp-content\\\/uploads\\\/2023\\\/04\\\/Marija_Volaric_Maksica_Sva_svitla_moga_grada_webknjizara_redak_WEB_1412.jpg\",\"width\":300,\"height\":419},{\"@type\":\"BreadcrumbList\",\"@id\":\"https:\\\/\\\/webknjizara.hr\\\/proizvod\\\/sva-svitla-moga-grada-marija-volaric-maksica\\\/#breadcrumb\",\"itemListElement\":[{\"@type\":\"ListItem\",\"position\":1,\"name\":\"Po\u010detna stranica\",\"item\":\"https:\\\/\\\/webknjizara.hr\\\/en\\\/\"},{\"@type\":\"ListItem\",\"position\":2,\"name\":\"Shop\",\"item\":\"https:\\\/\\\/webknjizara.hr\\\/shop\\\/\"},{\"@type\":\"ListItem\",\"position\":3,\"name\":\"SVA SVITLA MOGA GRADA, Marija Volari\u0107 Maksica\"}]},{\"@type\":\"WebSite\",\"@id\":\"https:\\\/\\\/webknjizara.hr\\\/#website\",\"url\":\"https:\\\/\\\/webknjizara.hr\\\/\",\"name\":\"Web Knji\u017eara\",\"description\":\"\",\"publisher\":{\"@id\":\"https:\\\/\\\/webknjizara.hr\\\/#organization\"},\"potentialAction\":[{\"@type\":\"SearchAction\",\"target\":{\"@type\":\"EntryPoint\",\"urlTemplate\":\"https:\\\/\\\/webknjizara.hr\\\/?s={search_term_string}\"},\"query-input\":{\"@type\":\"PropertyValueSpecification\",\"valueRequired\":true,\"valueName\":\"search_term_string\"}}],\"inLanguage\":\"en-US\"},{\"@type\":\"Organization\",\"@id\":\"https:\\\/\\\/webknjizara.hr\\\/#organization\",\"name\":\"REDAK D.O.O.\",\"url\":\"https:\\\/\\\/webknjizara.hr\\\/\",\"logo\":{\"@type\":\"ImageObject\",\"inLanguage\":\"en-US\",\"@id\":\"https:\\\/\\\/webknjizara.hr\\\/#\\\/schema\\\/logo\\\/image\\\/\",\"url\":\"https:\\\/\\\/webknjizara.hr\\\/wp-content\\\/uploads\\\/2023\\\/01\\\/web-knjizara-logo.webp\",\"contentUrl\":\"https:\\\/\\\/webknjizara.hr\\\/wp-content\\\/uploads\\\/2023\\\/01\\\/web-knjizara-logo.webp\",\"width\":324,\"height\":79,\"caption\":\"REDAK D.O.O.\"},\"image\":{\"@id\":\"https:\\\/\\\/webknjizara.hr\\\/#\\\/schema\\\/logo\\\/image\\\/\"}}]}<\/script>\n<!-- \/ Yoast SEO plugin. -->","yoast_head_json":{"title":"SVA SVITLA MOGA GRADA, Marija Volari\u0107 Maksica - Web-knji\u017eara","robots":{"index":"index","follow":"follow","max-snippet":"max-snippet:-1","max-image-preview":"max-image-preview:large","max-video-preview":"max-video-preview:-1"},"canonical":"https:\/\/webknjizara.hr\/proizvod\/sva-svitla-moga-grada-marija-volaric-maksica\/","og_locale":"en_US","og_type":"article","og_title":"SVA SVITLA MOGA GRADA, Marija Volari\u0107 Maksica - Web-knji\u017eara","og_description":"Zbirka pjesama na vrbni\u010dkoj \u010dakav\u0161tini &nbsp; Bilje\u0161ka o autorici: Ro\u0111ena ( 21. srpnja 1952.) i \u0161kolovana u Vrbniku. Pjesme pi\u0161e na vrbni\u010dkoj \u010dakav\u0161tini. Objavljuje ih u Vrbni\u010dkim vidicima, a redovito sudjeluje i u literarnim natje\u010dajima Kr\u010dke besede te na pjesni\u010dkim susretima. Nagra\u0111ene su joj pjesme: Bit \u010dovik (2016), Zbujeni galebi (2020), Moje plime i sekadi [&hellip;]","og_url":"https:\/\/webknjizara.hr\/proizvod\/sva-svitla-moga-grada-marija-volaric-maksica\/","og_site_name":"Web-knji\u017eara","article_modified_time":"2023-04-17T10:16:17+00:00","og_image":[{"width":300,"height":419,"url":"https:\/\/webknjizara.hr\/wp-content\/uploads\/2023\/04\/Marija_Volaric_Maksica_Sva_svitla_moga_grada_webknjizara_redak_WEB_1412.jpg","type":"image\/jpeg"}],"twitter_card":"summary_large_image","twitter_misc":{"Est. reading time":"1 minute"},"schema":{"@context":"https:\/\/schema.org","@graph":[{"@type":"WebPage","@id":"https:\/\/webknjizara.hr\/proizvod\/sva-svitla-moga-grada-marija-volaric-maksica\/","url":"https:\/\/webknjizara.hr\/proizvod\/sva-svitla-moga-grada-marija-volaric-maksica\/","name":"SVA SVITLA MOGA GRADA, Marija Volari\u0107 Maksica - Web-knji\u017eara","isPartOf":{"@id":"https:\/\/webknjizara.hr\/#website"},"primaryImageOfPage":{"@id":"https:\/\/webknjizara.hr\/proizvod\/sva-svitla-moga-grada-marija-volaric-maksica\/#primaryimage"},"image":{"@id":"https:\/\/webknjizara.hr\/proizvod\/sva-svitla-moga-grada-marija-volaric-maksica\/#primaryimage"},"thumbnailUrl":"https:\/\/webknjizara.hr\/wp-content\/uploads\/2023\/04\/Marija_Volaric_Maksica_Sva_svitla_moga_grada_webknjizara_redak_WEB_1412.jpg","datePublished":"2023-04-17T10:14:55+00:00","dateModified":"2023-04-17T10:16:17+00:00","breadcrumb":{"@id":"https:\/\/webknjizara.hr\/proizvod\/sva-svitla-moga-grada-marija-volaric-maksica\/#breadcrumb"},"inLanguage":"en-US","potentialAction":[{"@type":"ReadAction","target":["https:\/\/webknjizara.hr\/proizvod\/sva-svitla-moga-grada-marija-volaric-maksica\/"]}]},{"@type":"ImageObject","inLanguage":"en-US","@id":"https:\/\/webknjizara.hr\/proizvod\/sva-svitla-moga-grada-marija-volaric-maksica\/#primaryimage","url":"https:\/\/webknjizara.hr\/wp-content\/uploads\/2023\/04\/Marija_Volaric_Maksica_Sva_svitla_moga_grada_webknjizara_redak_WEB_1412.jpg","contentUrl":"https:\/\/webknjizara.hr\/wp-content\/uploads\/2023\/04\/Marija_Volaric_Maksica_Sva_svitla_moga_grada_webknjizara_redak_WEB_1412.jpg","width":300,"height":419},{"@type":"BreadcrumbList","@id":"https:\/\/webknjizara.hr\/proizvod\/sva-svitla-moga-grada-marija-volaric-maksica\/#breadcrumb","itemListElement":[{"@type":"ListItem","position":1,"name":"Po\u010detna stranica","item":"https:\/\/webknjizara.hr\/en\/"},{"@type":"ListItem","position":2,"name":"Shop","item":"https:\/\/webknjizara.hr\/shop\/"},{"@type":"ListItem","position":3,"name":"SVA SVITLA MOGA GRADA, Marija Volari\u0107 Maksica"}]},{"@type":"WebSite","@id":"https:\/\/webknjizara.hr\/#website","url":"https:\/\/webknjizara.hr\/","name":"Web Knji\u017eara","description":"","publisher":{"@id":"https:\/\/webknjizara.hr\/#organization"},"potentialAction":[{"@type":"SearchAction","target":{"@type":"EntryPoint","urlTemplate":"https:\/\/webknjizara.hr\/?s={search_term_string}"},"query-input":{"@type":"PropertyValueSpecification","valueRequired":true,"valueName":"search_term_string"}}],"inLanguage":"en-US"},{"@type":"Organization","@id":"https:\/\/webknjizara.hr\/#organization","name":"REDAK D.O.O.","url":"https:\/\/webknjizara.hr\/","logo":{"@type":"ImageObject","inLanguage":"en-US","@id":"https:\/\/webknjizara.hr\/#\/schema\/logo\/image\/","url":"https:\/\/webknjizara.hr\/wp-content\/uploads\/2023\/01\/web-knjizara-logo.webp","contentUrl":"https:\/\/webknjizara.hr\/wp-content\/uploads\/2023\/01\/web-knjizara-logo.webp","width":324,"height":79,"caption":"REDAK D.O.O."},"image":{"@id":"https:\/\/webknjizara.hr\/#\/schema\/logo\/image\/"}}]}},"_links":{"self":[{"href":"https:\/\/webknjizara.hr\/en\/wp-json\/wp\/v2\/product\/14044","targetHints":{"allow":["GET"]}}],"collection":[{"href":"https:\/\/webknjizara.hr\/en\/wp-json\/wp\/v2\/product"}],"about":[{"href":"https:\/\/webknjizara.hr\/en\/wp-json\/wp\/v2\/types\/product"}],"replies":[{"embeddable":true,"href":"https:\/\/webknjizara.hr\/en\/wp-json\/wp\/v2\/comments?post=14044"}],"wp:featuredmedia":[{"embeddable":true,"href":"https:\/\/webknjizara.hr\/en\/wp-json\/wp\/v2\/media\/14045"}],"wp:attachment":[{"href":"https:\/\/webknjizara.hr\/en\/wp-json\/wp\/v2\/media?parent=14044"}],"wp:term":[{"taxonomy":"product_brand","embeddable":true,"href":"https:\/\/webknjizara.hr\/en\/wp-json\/wp\/v2\/product_brand?post=14044"},{"taxonomy":"product_cat","embeddable":true,"href":"https:\/\/webknjizara.hr\/en\/wp-json\/wp\/v2\/product_cat?post=14044"},{"taxonomy":"product_tag","embeddable":true,"href":"https:\/\/webknjizara.hr\/en\/wp-json\/wp\/v2\/product_tag?post=14044"}],"curies":[{"name":"wp","href":"https:\/\/api.w.org\/{rel}","templated":true}]}}