{"id":13921,"date":"2023-04-11T16:21:37","date_gmt":"2023-04-11T14:21:37","guid":{"rendered":"https:\/\/webknjizara.hr\/?post_type=product&#038;p=13921"},"modified":"2023-05-16T12:35:07","modified_gmt":"2023-05-16T10:35:07","slug":"zapisi-crtezi-slike-biljeske-onkraj-stvarnosti-gloria-oreb","status":"publish","type":"product","link":"https:\/\/webknjizara.hr\/en\/proizvod\/zapisi-crtezi-slike-biljeske-onkraj-stvarnosti-gloria-oreb\/","title":{"rendered":"ZAPISI, CRTE\u017dI, SLIKE: BILJE\u0160KE ONKRAJ STVARNOSTI, Gloria Oreb"},"content":{"rendered":"<p><span style=\"color: #000000;\">Umjetni\u010dkom knjigom <\/span><span style=\"color: #000000;\"><i>Zapisi, crte\u017ei i slike: bilje\u0161ke onkraj stvarnosti<\/i><\/span><span style=\"color: #000000;\"> nastavljam razradu procesa stvaranja zapo\u010detu u prvom pisanom uratku <\/span><span style=\"color: #000000;\"><i>Portae lucis: umjetni\u010dko istra\u017eivanje<\/i><\/span><span style=\"color: #000000;\">. Osnovne je postavke konceptualno mogu\u0107e formirati oko pojmova grad, priroda i onkraj. Knjiga je sadr\u017eajno podijeljena na tekstualni i vizualni dio: eseje, poetske zapise, crte\u017ee i slike a \u017eanrovski je (ne)odrediva, stoga oscilira u me\u0111uprostoru literarnih i vizualnih vrsta. <\/span><\/p>\n<p><span style=\"color: #000000;\">Poetskim zapisima i crte\u017eima svjedo\u010dim o imaginarnim, snovitim prostorima u okru\u017eju grada i prirode. Slikarskim ciklusom <\/span><span style=\"color: #000000;\"><i>O pticama, stablima, gljivama i mnogo\u010demu<\/i><\/span><span style=\"color: #000000;\"> objedinjujem crte\u017e automatskih konfiguracija s bojom, u kompozicijama primarnih odnosa bojanih polja. Sintezom literarnog i vizualnog iskustva koji se izmjenjuju i me\u0111usobno nadopunjuju gradim knjigu <\/span><span style=\"color: #000000;\"><i>Zapisi, crte\u017ei i slike: bilje\u0161ke onkraj stvarnosti<\/i><\/span><span style=\"color: #000000;\"> s namjerom osvje\u0161tavanja prirode, njenih pojava i ciklusa, rije\u010dima, bojama i crte\u017eom. Nakana slikarskih i crta\u0107ih uradaka jest bojom, gestom i ritmom obogatiti unutarnji osobni prostor promatra\u010da i \u010ditatelja u izvanjskom prostoru svagda\u0161njeg bivanja.<\/span><\/p>\n<p>&nbsp;<\/p>\n<p><span style=\"font-family: Arial, sans-serif;\"><span lang=\"hr-HR\"><b>Bilje\u0161ka o autorici: <\/b><\/span><\/span><\/p>\n<p><span style=\"color: #000000;\">Gloria Oreb ro\u0111ena je 1972. u Dubrovniku. Diplomirala je na Umjetni\u010dkoj akademiji u Splitu 2002. i stekla zvanje akademske slikarice. Doktorsku disertaciju obranila je 2015. na Akademiji likovnih umjetnosti u Zagrebu. Izvanredna je profesorica na Umjetni\u010dkoj akademiji u Splitu gdje predaje crtanje i slikarske kolegije.<\/span><\/p>\n<p><span style=\"color: #000000;\">U mati\u010dnom mediju slikarstva ostvarila je i predstavila dvanaest slikarskih ciklusa. Istra\u017eila je i druge na\u010dine realizacije vizualnog posredstvom medija fotografije, videa, internet projekata, instalacija u javnom i galerijskom prostoru, umjetni\u010dkih knjiga, knjiga objekata i performansa. Autorica je tridesetak samostalnih izlo\u017eaba i sudionica je na pedesetak skupnih izlo\u017eaba i festivala. Voditeljica je studentskih izlo\u017ebenih aktivnosti. Objavljuje tekstove u \u010dasopisima i zbornicima. U naknadi UMAS-a 2022. objavljena je njena prva knjiga <\/span><span style=\"color: #000000;\"><i>Portae lucis: umjetni\u010dko istra\u017eivanje<\/i><\/span><span style=\"color: #000000;\">.<\/span><\/p>\n<p><span style=\"color: #000000;\">Op\u0161irno o umjetni\u010dkom djelovanju na <\/span><span style=\"color: #000000;\"><i>mre\u017enoj stranici Glorie Oreb:<\/i><\/span> <span style=\"color: #0000ff;\"><u><a href=\"http:\/\/www.gloriaoreb.com\/\">http:\/\/www.gloriaoreb.com<\/a><\/u><\/span><span style=\"color: #000000;\"> i <\/span><span style=\"color: #000000;\"><i>mre\u017enim stranicama UMAS-a:<\/i><\/span> <span style=\"color: #0000ff;\"><u><a href=\"https:\/\/grgur.umas.hr\/~gloreb\/\">https:\/\/grgur.umas.hr\/~gloreb\/<\/a><\/u><\/span><\/p>\n<p><span style=\"font-family: Arial, sans-serif;\"><span lang=\"hr-HR\"><b>Link: <\/b><\/span><\/span><\/p>\n<ul>\n<li><span style=\"color: #0000ff;\"><u><a href=\"http:\/\/www.gloriaoreb.com\/\">http:\/\/www.gloriaoreb.com<\/a><\/u><\/span><u> <\/u><\/li>\n<li><span style=\"color: #0000ff;\"><u><a href=\"https:\/\/grgur.umas.hr\/~gloreb\/\">https:\/\/grgur.umas.hr\/~gloreb\/<\/a><\/u><\/span><\/li>\n<\/ul>\n<p><span style=\"font-family: Arial, sans-serif;\"><span lang=\"hr-HR\"><b>E-mail: <\/b><\/span><\/span><a href=\"mailto:gloria.oreb@gmail.com\" target=\"_blank\" rel=\"noopener\"><span style=\"color: #000000;\">\u00a0Gloria Oreb<\/span><\/a><\/p>\n<p>&nbsp;<\/p>\n<p><strong><span style=\"font-family: Arial, sans-serif;\">Naslov: <\/span><\/strong><span style=\"font-family: Arial, sans-serif;\">Zapisi, crte\u017ei, slike: bilje\u0161ke onkraj stvarnosti<\/span><span style=\"font-family: Arial, sans-serif;\"><br \/>\n<\/span><strong><span style=\"font-family: Arial, sans-serif;\">Autorica:<\/span><\/strong><span style=\"font-family: Arial, sans-serif;\"> Gloria Oreb<br \/>\n<\/span><strong><span style=\"font-family: Arial, sans-serif;\">Broj stranica: <\/span><\/strong><span style=\"font-family: Arial, sans-serif;\"><span lang=\"\">108<\/span><\/span><span style=\"font-family: Arial, sans-serif;\"><br \/>\n<\/span><strong><span style=\"font-family: Arial, sans-serif;\">Nakladnik: <\/span><\/strong><strong><span style=\"font-family: Arial, sans-serif;\">Umjetni\u010dka akademija u Splitu<\/span><\/strong><span style=\"font-family: Arial, sans-serif;\"><br \/>\n<\/span><strong><span style=\"font-family: Arial, sans-serif;\">Godina izdanja: <\/span><\/strong><strong><span style=\"font-family: Arial, sans-serif;\">2023.<br \/>\n<\/span><\/strong><strong><span style=\"font-family: Arial, sans-serif;\">ISBN:<\/span><\/strong><span style=\"font-family: Arial, sans-serif;\"> 978-953-6617-63-0<br \/>\n<\/span><strong><span style=\"font-family: Arial, sans-serif;\">Tisak:<\/span><\/strong><span style=\"font-family: Arial, sans-serif;\"> digitalni tisak knjiga &#8211; print na zahtjev<\/span><\/p>\n","protected":false},"excerpt":{"rendered":"<p>Umjetni\u010dkom knjigom Zapisi, crte\u017ei i slike: bilje\u0161ke onkraj stvarnosti nastavljam razradu procesa stvaranja zapo\u010detu u prvom pisanom uratku Portae lucis: umjetni\u010dko istra\u017eivanje. Osnovne je postavke konceptualno mogu\u0107e formirati oko pojmova grad, priroda i onkraj. Knjiga je sadr\u017eajno podijeljena na tekstualni i vizualni dio: eseje, poetske zapise, crte\u017ee i slike a \u017eanrovski je (ne)odrediva, stoga oscilira [&hellip;]<\/p>\n","protected":false},"featured_media":13922,"comment_status":"open","ping_status":"closed","template":"","meta":{"_acf_changed":false},"product_brand":[],"product_cat":[1517],"product_tag":[],"class_list":{"0":"post-13921","1":"product","2":"type-product","3":"status-publish","4":"has-post-thumbnail","6":"product_cat-strucna-literatura","7":"pa_autor-gloria-oreb","8":"pa_nakladnik-umjetnicka-akademija-u-splitu","10":"first","11":"instock","12":"shipping-taxable","13":"purchasable","14":"product-type-simple"},"acf":[],"yoast_head":"<!-- This site is optimized with the Yoast SEO plugin v27.3 - https:\/\/yoast.com\/product\/yoast-seo-wordpress\/ -->\n<title>ZAPISI, CRTE\u017dI, SLIKE: BILJE\u0160KE ONKRAJ STVARNOSTI, Gloria Oreb - Web-knji\u017eara<\/title>\n<meta name=\"robots\" content=\"index, follow, max-snippet:-1, max-image-preview:large, max-video-preview:-1\" \/>\n<link rel=\"canonical\" href=\"https:\/\/webknjizara.hr\/proizvod\/zapisi-crtezi-slike-biljeske-onkraj-stvarnosti-gloria-oreb\/\" \/>\n<meta property=\"og:locale\" content=\"en_US\" \/>\n<meta property=\"og:type\" content=\"article\" \/>\n<meta property=\"og:title\" content=\"ZAPISI, CRTE\u017dI, SLIKE: BILJE\u0160KE ONKRAJ STVARNOSTI, Gloria Oreb - Web-knji\u017eara\" \/>\n<meta property=\"og:description\" content=\"Umjetni\u010dkom knjigom Zapisi, crte\u017ei i slike: bilje\u0161ke onkraj stvarnosti nastavljam razradu procesa stvaranja zapo\u010detu u prvom pisanom uratku Portae lucis: umjetni\u010dko istra\u017eivanje. Osnovne je postavke konceptualno mogu\u0107e formirati oko pojmova grad, priroda i onkraj. Knjiga je sadr\u017eajno podijeljena na tekstualni i vizualni dio: eseje, poetske zapise, crte\u017ee i slike a \u017eanrovski je (ne)odrediva, stoga oscilira [&hellip;]\" \/>\n<meta property=\"og:url\" content=\"https:\/\/webknjizara.hr\/proizvod\/zapisi-crtezi-slike-biljeske-onkraj-stvarnosti-gloria-oreb\/\" \/>\n<meta property=\"og:site_name\" content=\"Web-knji\u017eara\" \/>\n<meta property=\"article:modified_time\" content=\"2023-05-16T10:35:07+00:00\" \/>\n<meta property=\"og:image\" content=\"https:\/\/webknjizara.hr\/wp-content\/uploads\/2023\/04\/Gloria_Oreb_Zapisi_crtezi_slike_WEB_1416.jpg\" \/>\n\t<meta property=\"og:image:width\" content=\"300\" \/>\n\t<meta property=\"og:image:height\" content=\"419\" \/>\n\t<meta property=\"og:image:type\" content=\"image\/jpeg\" \/>\n<meta name=\"twitter:card\" content=\"summary_large_image\" \/>\n<meta name=\"twitter:label1\" content=\"Est. reading time\" \/>\n\t<meta name=\"twitter:data1\" content=\"2 minutes\" \/>\n<script type=\"application\/ld+json\" class=\"yoast-schema-graph\">{\"@context\":\"https:\\\/\\\/schema.org\",\"@graph\":[{\"@type\":\"WebPage\",\"@id\":\"https:\\\/\\\/webknjizara.hr\\\/proizvod\\\/zapisi-crtezi-slike-biljeske-onkraj-stvarnosti-gloria-oreb\\\/\",\"url\":\"https:\\\/\\\/webknjizara.hr\\\/proizvod\\\/zapisi-crtezi-slike-biljeske-onkraj-stvarnosti-gloria-oreb\\\/\",\"name\":\"ZAPISI, CRTE\u017dI, SLIKE: BILJE\u0160KE ONKRAJ STVARNOSTI, Gloria Oreb - Web-knji\u017eara\",\"isPartOf\":{\"@id\":\"https:\\\/\\\/webknjizara.hr\\\/#website\"},\"primaryImageOfPage\":{\"@id\":\"https:\\\/\\\/webknjizara.hr\\\/proizvod\\\/zapisi-crtezi-slike-biljeske-onkraj-stvarnosti-gloria-oreb\\\/#primaryimage\"},\"image\":{\"@id\":\"https:\\\/\\\/webknjizara.hr\\\/proizvod\\\/zapisi-crtezi-slike-biljeske-onkraj-stvarnosti-gloria-oreb\\\/#primaryimage\"},\"thumbnailUrl\":\"https:\\\/\\\/webknjizara.hr\\\/wp-content\\\/uploads\\\/2023\\\/04\\\/Gloria_Oreb_Zapisi_crtezi_slike_WEB_1416.jpg\",\"datePublished\":\"2023-04-11T14:21:37+00:00\",\"dateModified\":\"2023-05-16T10:35:07+00:00\",\"breadcrumb\":{\"@id\":\"https:\\\/\\\/webknjizara.hr\\\/proizvod\\\/zapisi-crtezi-slike-biljeske-onkraj-stvarnosti-gloria-oreb\\\/#breadcrumb\"},\"inLanguage\":\"en-US\",\"potentialAction\":[{\"@type\":\"ReadAction\",\"target\":[\"https:\\\/\\\/webknjizara.hr\\\/proizvod\\\/zapisi-crtezi-slike-biljeske-onkraj-stvarnosti-gloria-oreb\\\/\"]}]},{\"@type\":\"ImageObject\",\"inLanguage\":\"en-US\",\"@id\":\"https:\\\/\\\/webknjizara.hr\\\/proizvod\\\/zapisi-crtezi-slike-biljeske-onkraj-stvarnosti-gloria-oreb\\\/#primaryimage\",\"url\":\"https:\\\/\\\/webknjizara.hr\\\/wp-content\\\/uploads\\\/2023\\\/04\\\/Gloria_Oreb_Zapisi_crtezi_slike_WEB_1416.jpg\",\"contentUrl\":\"https:\\\/\\\/webknjizara.hr\\\/wp-content\\\/uploads\\\/2023\\\/04\\\/Gloria_Oreb_Zapisi_crtezi_slike_WEB_1416.jpg\",\"width\":300,\"height\":419},{\"@type\":\"BreadcrumbList\",\"@id\":\"https:\\\/\\\/webknjizara.hr\\\/proizvod\\\/zapisi-crtezi-slike-biljeske-onkraj-stvarnosti-gloria-oreb\\\/#breadcrumb\",\"itemListElement\":[{\"@type\":\"ListItem\",\"position\":1,\"name\":\"Po\u010detna stranica\",\"item\":\"https:\\\/\\\/webknjizara.hr\\\/en\\\/\"},{\"@type\":\"ListItem\",\"position\":2,\"name\":\"Shop\",\"item\":\"https:\\\/\\\/webknjizara.hr\\\/shop\\\/\"},{\"@type\":\"ListItem\",\"position\":3,\"name\":\"ZAPISI, CRTE\u017dI, SLIKE: BILJE\u0160KE ONKRAJ STVARNOSTI, Gloria Oreb\"}]},{\"@type\":\"WebSite\",\"@id\":\"https:\\\/\\\/webknjizara.hr\\\/#website\",\"url\":\"https:\\\/\\\/webknjizara.hr\\\/\",\"name\":\"Web Knji\u017eara\",\"description\":\"\",\"publisher\":{\"@id\":\"https:\\\/\\\/webknjizara.hr\\\/#organization\"},\"potentialAction\":[{\"@type\":\"SearchAction\",\"target\":{\"@type\":\"EntryPoint\",\"urlTemplate\":\"https:\\\/\\\/webknjizara.hr\\\/?s={search_term_string}\"},\"query-input\":{\"@type\":\"PropertyValueSpecification\",\"valueRequired\":true,\"valueName\":\"search_term_string\"}}],\"inLanguage\":\"en-US\"},{\"@type\":\"Organization\",\"@id\":\"https:\\\/\\\/webknjizara.hr\\\/#organization\",\"name\":\"REDAK D.O.O.\",\"url\":\"https:\\\/\\\/webknjizara.hr\\\/\",\"logo\":{\"@type\":\"ImageObject\",\"inLanguage\":\"en-US\",\"@id\":\"https:\\\/\\\/webknjizara.hr\\\/#\\\/schema\\\/logo\\\/image\\\/\",\"url\":\"https:\\\/\\\/webknjizara.hr\\\/wp-content\\\/uploads\\\/2023\\\/01\\\/web-knjizara-logo.webp\",\"contentUrl\":\"https:\\\/\\\/webknjizara.hr\\\/wp-content\\\/uploads\\\/2023\\\/01\\\/web-knjizara-logo.webp\",\"width\":324,\"height\":79,\"caption\":\"REDAK D.O.O.\"},\"image\":{\"@id\":\"https:\\\/\\\/webknjizara.hr\\\/#\\\/schema\\\/logo\\\/image\\\/\"}}]}<\/script>\n<!-- \/ Yoast SEO plugin. -->","yoast_head_json":{"title":"ZAPISI, CRTE\u017dI, SLIKE: BILJE\u0160KE ONKRAJ STVARNOSTI, Gloria Oreb - Web-knji\u017eara","robots":{"index":"index","follow":"follow","max-snippet":"max-snippet:-1","max-image-preview":"max-image-preview:large","max-video-preview":"max-video-preview:-1"},"canonical":"https:\/\/webknjizara.hr\/proizvod\/zapisi-crtezi-slike-biljeske-onkraj-stvarnosti-gloria-oreb\/","og_locale":"en_US","og_type":"article","og_title":"ZAPISI, CRTE\u017dI, SLIKE: BILJE\u0160KE ONKRAJ STVARNOSTI, Gloria Oreb - Web-knji\u017eara","og_description":"Umjetni\u010dkom knjigom Zapisi, crte\u017ei i slike: bilje\u0161ke onkraj stvarnosti nastavljam razradu procesa stvaranja zapo\u010detu u prvom pisanom uratku Portae lucis: umjetni\u010dko istra\u017eivanje. Osnovne je postavke konceptualno mogu\u0107e formirati oko pojmova grad, priroda i onkraj. Knjiga je sadr\u017eajno podijeljena na tekstualni i vizualni dio: eseje, poetske zapise, crte\u017ee i slike a \u017eanrovski je (ne)odrediva, stoga oscilira [&hellip;]","og_url":"https:\/\/webknjizara.hr\/proizvod\/zapisi-crtezi-slike-biljeske-onkraj-stvarnosti-gloria-oreb\/","og_site_name":"Web-knji\u017eara","article_modified_time":"2023-05-16T10:35:07+00:00","og_image":[{"width":300,"height":419,"url":"https:\/\/webknjizara.hr\/wp-content\/uploads\/2023\/04\/Gloria_Oreb_Zapisi_crtezi_slike_WEB_1416.jpg","type":"image\/jpeg"}],"twitter_card":"summary_large_image","twitter_misc":{"Est. reading time":"2 minutes"},"schema":{"@context":"https:\/\/schema.org","@graph":[{"@type":"WebPage","@id":"https:\/\/webknjizara.hr\/proizvod\/zapisi-crtezi-slike-biljeske-onkraj-stvarnosti-gloria-oreb\/","url":"https:\/\/webknjizara.hr\/proizvod\/zapisi-crtezi-slike-biljeske-onkraj-stvarnosti-gloria-oreb\/","name":"ZAPISI, CRTE\u017dI, SLIKE: BILJE\u0160KE ONKRAJ STVARNOSTI, Gloria Oreb - Web-knji\u017eara","isPartOf":{"@id":"https:\/\/webknjizara.hr\/#website"},"primaryImageOfPage":{"@id":"https:\/\/webknjizara.hr\/proizvod\/zapisi-crtezi-slike-biljeske-onkraj-stvarnosti-gloria-oreb\/#primaryimage"},"image":{"@id":"https:\/\/webknjizara.hr\/proizvod\/zapisi-crtezi-slike-biljeske-onkraj-stvarnosti-gloria-oreb\/#primaryimage"},"thumbnailUrl":"https:\/\/webknjizara.hr\/wp-content\/uploads\/2023\/04\/Gloria_Oreb_Zapisi_crtezi_slike_WEB_1416.jpg","datePublished":"2023-04-11T14:21:37+00:00","dateModified":"2023-05-16T10:35:07+00:00","breadcrumb":{"@id":"https:\/\/webknjizara.hr\/proizvod\/zapisi-crtezi-slike-biljeske-onkraj-stvarnosti-gloria-oreb\/#breadcrumb"},"inLanguage":"en-US","potentialAction":[{"@type":"ReadAction","target":["https:\/\/webknjizara.hr\/proizvod\/zapisi-crtezi-slike-biljeske-onkraj-stvarnosti-gloria-oreb\/"]}]},{"@type":"ImageObject","inLanguage":"en-US","@id":"https:\/\/webknjizara.hr\/proizvod\/zapisi-crtezi-slike-biljeske-onkraj-stvarnosti-gloria-oreb\/#primaryimage","url":"https:\/\/webknjizara.hr\/wp-content\/uploads\/2023\/04\/Gloria_Oreb_Zapisi_crtezi_slike_WEB_1416.jpg","contentUrl":"https:\/\/webknjizara.hr\/wp-content\/uploads\/2023\/04\/Gloria_Oreb_Zapisi_crtezi_slike_WEB_1416.jpg","width":300,"height":419},{"@type":"BreadcrumbList","@id":"https:\/\/webknjizara.hr\/proizvod\/zapisi-crtezi-slike-biljeske-onkraj-stvarnosti-gloria-oreb\/#breadcrumb","itemListElement":[{"@type":"ListItem","position":1,"name":"Po\u010detna stranica","item":"https:\/\/webknjizara.hr\/en\/"},{"@type":"ListItem","position":2,"name":"Shop","item":"https:\/\/webknjizara.hr\/shop\/"},{"@type":"ListItem","position":3,"name":"ZAPISI, CRTE\u017dI, SLIKE: BILJE\u0160KE ONKRAJ STVARNOSTI, Gloria Oreb"}]},{"@type":"WebSite","@id":"https:\/\/webknjizara.hr\/#website","url":"https:\/\/webknjizara.hr\/","name":"Web Knji\u017eara","description":"","publisher":{"@id":"https:\/\/webknjizara.hr\/#organization"},"potentialAction":[{"@type":"SearchAction","target":{"@type":"EntryPoint","urlTemplate":"https:\/\/webknjizara.hr\/?s={search_term_string}"},"query-input":{"@type":"PropertyValueSpecification","valueRequired":true,"valueName":"search_term_string"}}],"inLanguage":"en-US"},{"@type":"Organization","@id":"https:\/\/webknjizara.hr\/#organization","name":"REDAK D.O.O.","url":"https:\/\/webknjizara.hr\/","logo":{"@type":"ImageObject","inLanguage":"en-US","@id":"https:\/\/webknjizara.hr\/#\/schema\/logo\/image\/","url":"https:\/\/webknjizara.hr\/wp-content\/uploads\/2023\/01\/web-knjizara-logo.webp","contentUrl":"https:\/\/webknjizara.hr\/wp-content\/uploads\/2023\/01\/web-knjizara-logo.webp","width":324,"height":79,"caption":"REDAK D.O.O."},"image":{"@id":"https:\/\/webknjizara.hr\/#\/schema\/logo\/image\/"}}]}},"_links":{"self":[{"href":"https:\/\/webknjizara.hr\/en\/wp-json\/wp\/v2\/product\/13921","targetHints":{"allow":["GET"]}}],"collection":[{"href":"https:\/\/webknjizara.hr\/en\/wp-json\/wp\/v2\/product"}],"about":[{"href":"https:\/\/webknjizara.hr\/en\/wp-json\/wp\/v2\/types\/product"}],"replies":[{"embeddable":true,"href":"https:\/\/webknjizara.hr\/en\/wp-json\/wp\/v2\/comments?post=13921"}],"wp:featuredmedia":[{"embeddable":true,"href":"https:\/\/webknjizara.hr\/en\/wp-json\/wp\/v2\/media\/13922"}],"wp:attachment":[{"href":"https:\/\/webknjizara.hr\/en\/wp-json\/wp\/v2\/media?parent=13921"}],"wp:term":[{"taxonomy":"product_brand","embeddable":true,"href":"https:\/\/webknjizara.hr\/en\/wp-json\/wp\/v2\/product_brand?post=13921"},{"taxonomy":"product_cat","embeddable":true,"href":"https:\/\/webknjizara.hr\/en\/wp-json\/wp\/v2\/product_cat?post=13921"},{"taxonomy":"product_tag","embeddable":true,"href":"https:\/\/webknjizara.hr\/en\/wp-json\/wp\/v2\/product_tag?post=13921"}],"curies":[{"name":"wp","href":"https:\/\/api.w.org\/{rel}","templated":true}]}}