{"id":13855,"date":"2023-04-07T11:34:24","date_gmt":"2023-04-07T09:34:24","guid":{"rendered":"https:\/\/webknjizara.hr\/?post_type=product&#038;p=13855"},"modified":"2023-04-07T11:34:24","modified_gmt":"2023-04-07T09:34:24","slug":"gps-zivota-gabrijel-mihovilovic","status":"publish","type":"product","link":"https:\/\/webknjizara.hr\/en\/proizvod\/gps-zivota-gabrijel-mihovilovic\/","title":{"rendered":"GPS \u017eivota, Gabrijel Mihovilovi\u0107"},"content":{"rendered":"<p><span style=\"color: #000000;\">Neki \u0107e re\u0107i: napokon. Drugi pak: \u0161to li se krije iza ovakvog naslova knjige? Tre\u0107i; \u0161to ve\u0107\u2026 A ja ka\u017eem; pro\u010ditaj i vidi.<\/span><\/p>\n<p><span style=\"color: #000000;\"> Dok sam razmi\u0161ljao o tome da napi\u0161em par rije\u010di na temu naslova, postavilo se pitanje kome se ja to \u017eelim obratiti i za\u0161to!?<\/span><\/p>\n<p><span style=\"color: #000000;\">Ponajprije sebi, da se podsjetim i ustrajem, a zatim i drugima koji naslu\u0107uju da se bez Istine ne mo\u017ee, te ju tra\u017ee. Knjiga \u0107e, vjerujem, dotaknuti i sve one koje smisao \u017eivota po\u010dinje intrigirati.<\/span><\/p>\n<p><span style=\"color: #000000;\">A nezainteresiranima predla\u017eem da ju preventivno pro\u010ditaju, jer se puno lak\u0161e kretati kad zna\u0161 da ti je GPS pri ruci.<\/span><\/p>\n<p>&nbsp;<\/p>\n<p><span style=\"font-family: Arial, sans-serif;\"><span lang=\"hr-HR\"><b>Bilje\u0161ka o autoru:<\/b><\/span><\/span><\/p>\n<p><b> <\/b><span style=\"color: #000000;\">Autor se pozabavio pitanjem istine koju poku\u0161ava \u017eivjeti te sukladno tome je poku\u0161ao posredovati par svojih misli. <\/span><\/p>\n<p>&nbsp;<\/p>\n<p><strong><span style=\"font-family: Arial, sans-serif;\">Naslov: <\/span><\/strong><strong><span style=\"font-family: Arial, sans-serif;\">GPS \u017eivota<\/span><\/strong><span style=\"font-family: Arial, sans-serif;\"><br \/>\n<\/span><strong><span style=\"font-family: Arial, sans-serif;\">Autor:<\/span><\/strong><span style=\"font-family: Arial, sans-serif;\"> Gabrijel Mihovilovi\u0107<br \/>\n<\/span><strong><span style=\"font-family: Arial, sans-serif;\">Broj stranica: <\/span><\/strong><span style=\"font-family: Arial, sans-serif;\"><span lang=\"\">50<\/span><\/span><span style=\"font-family: Arial, sans-serif;\"><br \/>\n<\/span><strong><span style=\"font-family: Arial, sans-serif;\">Nakladnik: <\/span><\/strong><strong><span style=\"font-family: Arial, sans-serif;\">Vlastita naklada<\/span><\/strong><span style=\"font-family: Arial, sans-serif;\"><br \/>\n<\/span><strong><span style=\"font-family: Arial, sans-serif;\">Godina izdanja: <\/span><\/strong><strong><span style=\"font-family: Arial, sans-serif;\">2023.<br \/>\n<\/span><\/strong><strong><span style=\"font-family: Arial, sans-serif;\">ISBN:<\/span><\/strong><span style=\"font-family: Arial, sans-serif;\"> 978-953-50433-0-0<br \/>\n<\/span><strong><span style=\"font-family: Arial, sans-serif;\">Tisak:<\/span><\/strong><span style=\"font-family: Arial, sans-serif;\"> digitalni tisak knjiga &#8211; print na zahtjev<\/span><\/p>\n","protected":false},"excerpt":{"rendered":"<p>Neki \u0107e re\u0107i: napokon. Drugi pak: \u0161to li se krije iza ovakvog naslova knjige? Tre\u0107i; \u0161to ve\u0107\u2026 A ja ka\u017eem; pro\u010ditaj i vidi. Dok sam razmi\u0161ljao o tome da napi\u0161em par rije\u010di na temu naslova, postavilo se pitanje kome se ja to \u017eelim obratiti i za\u0161to!? Ponajprije sebi, da se podsjetim i ustrajem, a zatim [&hellip;]<\/p>\n","protected":false},"featured_media":13856,"comment_status":"open","ping_status":"closed","template":"","meta":{"_acf_changed":false},"product_brand":[],"product_cat":[1405],"product_tag":[],"class_list":{"0":"post-13855","1":"product","2":"type-product","3":"status-publish","4":"has-post-thumbnail","6":"product_cat-samopomoc","7":"pa_autor-gabrijel-mihovilovic","8":"pa_nakladnik-vlastita-naklada","10":"first","11":"instock","12":"shipping-taxable","13":"purchasable","14":"product-type-simple"},"acf":[],"yoast_head":"<!-- This site is optimized with the Yoast SEO plugin v27.3 - https:\/\/yoast.com\/product\/yoast-seo-wordpress\/ -->\n<title>GPS \u017eivota, Gabrijel Mihovilovi\u0107 - Web-knji\u017eara<\/title>\n<meta name=\"robots\" content=\"index, follow, max-snippet:-1, max-image-preview:large, max-video-preview:-1\" \/>\n<link rel=\"canonical\" href=\"https:\/\/webknjizara.hr\/proizvod\/gps-zivota-gabrijel-mihovilovic\/\" \/>\n<meta property=\"og:locale\" content=\"en_US\" \/>\n<meta property=\"og:type\" content=\"article\" \/>\n<meta property=\"og:title\" content=\"GPS \u017eivota, Gabrijel Mihovilovi\u0107 - Web-knji\u017eara\" \/>\n<meta property=\"og:description\" content=\"Neki \u0107e re\u0107i: napokon. Drugi pak: \u0161to li se krije iza ovakvog naslova knjige? Tre\u0107i; \u0161to ve\u0107\u2026 A ja ka\u017eem; pro\u010ditaj i vidi. Dok sam razmi\u0161ljao o tome da napi\u0161em par rije\u010di na temu naslova, postavilo se pitanje kome se ja to \u017eelim obratiti i za\u0161to!? Ponajprije sebi, da se podsjetim i ustrajem, a zatim [&hellip;]\" \/>\n<meta property=\"og:url\" content=\"https:\/\/webknjizara.hr\/proizvod\/gps-zivota-gabrijel-mihovilovic\/\" \/>\n<meta property=\"og:site_name\" content=\"Web-knji\u017eara\" \/>\n<meta property=\"og:image\" content=\"https:\/\/webknjizara.hr\/wp-content\/uploads\/2023\/04\/Gabrijel_Mihovilovic_GPS_zivota_webknjizara_redak_WEB_1398.jpg\" \/>\n\t<meta property=\"og:image:width\" content=\"300\" \/>\n\t<meta property=\"og:image:height\" content=\"419\" \/>\n\t<meta property=\"og:image:type\" content=\"image\/jpeg\" \/>\n<meta name=\"twitter:card\" content=\"summary_large_image\" \/>\n<meta name=\"twitter:label1\" content=\"Est. reading time\" \/>\n\t<meta name=\"twitter:data1\" content=\"1 minute\" \/>\n<script type=\"application\/ld+json\" class=\"yoast-schema-graph\">{\"@context\":\"https:\\\/\\\/schema.org\",\"@graph\":[{\"@type\":\"WebPage\",\"@id\":\"https:\\\/\\\/webknjizara.hr\\\/proizvod\\\/gps-zivota-gabrijel-mihovilovic\\\/\",\"url\":\"https:\\\/\\\/webknjizara.hr\\\/proizvod\\\/gps-zivota-gabrijel-mihovilovic\\\/\",\"name\":\"GPS \u017eivota, Gabrijel Mihovilovi\u0107 - Web-knji\u017eara\",\"isPartOf\":{\"@id\":\"https:\\\/\\\/webknjizara.hr\\\/#website\"},\"primaryImageOfPage\":{\"@id\":\"https:\\\/\\\/webknjizara.hr\\\/proizvod\\\/gps-zivota-gabrijel-mihovilovic\\\/#primaryimage\"},\"image\":{\"@id\":\"https:\\\/\\\/webknjizara.hr\\\/proizvod\\\/gps-zivota-gabrijel-mihovilovic\\\/#primaryimage\"},\"thumbnailUrl\":\"https:\\\/\\\/webknjizara.hr\\\/wp-content\\\/uploads\\\/2023\\\/04\\\/Gabrijel_Mihovilovic_GPS_zivota_webknjizara_redak_WEB_1398.jpg\",\"datePublished\":\"2023-04-07T09:34:24+00:00\",\"breadcrumb\":{\"@id\":\"https:\\\/\\\/webknjizara.hr\\\/proizvod\\\/gps-zivota-gabrijel-mihovilovic\\\/#breadcrumb\"},\"inLanguage\":\"en-US\",\"potentialAction\":[{\"@type\":\"ReadAction\",\"target\":[\"https:\\\/\\\/webknjizara.hr\\\/proizvod\\\/gps-zivota-gabrijel-mihovilovic\\\/\"]}]},{\"@type\":\"ImageObject\",\"inLanguage\":\"en-US\",\"@id\":\"https:\\\/\\\/webknjizara.hr\\\/proizvod\\\/gps-zivota-gabrijel-mihovilovic\\\/#primaryimage\",\"url\":\"https:\\\/\\\/webknjizara.hr\\\/wp-content\\\/uploads\\\/2023\\\/04\\\/Gabrijel_Mihovilovic_GPS_zivota_webknjizara_redak_WEB_1398.jpg\",\"contentUrl\":\"https:\\\/\\\/webknjizara.hr\\\/wp-content\\\/uploads\\\/2023\\\/04\\\/Gabrijel_Mihovilovic_GPS_zivota_webknjizara_redak_WEB_1398.jpg\",\"width\":300,\"height\":419},{\"@type\":\"BreadcrumbList\",\"@id\":\"https:\\\/\\\/webknjizara.hr\\\/proizvod\\\/gps-zivota-gabrijel-mihovilovic\\\/#breadcrumb\",\"itemListElement\":[{\"@type\":\"ListItem\",\"position\":1,\"name\":\"Po\u010detna stranica\",\"item\":\"https:\\\/\\\/webknjizara.hr\\\/en\\\/\"},{\"@type\":\"ListItem\",\"position\":2,\"name\":\"Shop\",\"item\":\"https:\\\/\\\/webknjizara.hr\\\/shop\\\/\"},{\"@type\":\"ListItem\",\"position\":3,\"name\":\"GPS \u017eivota, Gabrijel Mihovilovi\u0107\"}]},{\"@type\":\"WebSite\",\"@id\":\"https:\\\/\\\/webknjizara.hr\\\/#website\",\"url\":\"https:\\\/\\\/webknjizara.hr\\\/\",\"name\":\"Web Knji\u017eara\",\"description\":\"\",\"publisher\":{\"@id\":\"https:\\\/\\\/webknjizara.hr\\\/#organization\"},\"potentialAction\":[{\"@type\":\"SearchAction\",\"target\":{\"@type\":\"EntryPoint\",\"urlTemplate\":\"https:\\\/\\\/webknjizara.hr\\\/?s={search_term_string}\"},\"query-input\":{\"@type\":\"PropertyValueSpecification\",\"valueRequired\":true,\"valueName\":\"search_term_string\"}}],\"inLanguage\":\"en-US\"},{\"@type\":\"Organization\",\"@id\":\"https:\\\/\\\/webknjizara.hr\\\/#organization\",\"name\":\"REDAK D.O.O.\",\"url\":\"https:\\\/\\\/webknjizara.hr\\\/\",\"logo\":{\"@type\":\"ImageObject\",\"inLanguage\":\"en-US\",\"@id\":\"https:\\\/\\\/webknjizara.hr\\\/#\\\/schema\\\/logo\\\/image\\\/\",\"url\":\"https:\\\/\\\/webknjizara.hr\\\/wp-content\\\/uploads\\\/2023\\\/01\\\/web-knjizara-logo.webp\",\"contentUrl\":\"https:\\\/\\\/webknjizara.hr\\\/wp-content\\\/uploads\\\/2023\\\/01\\\/web-knjizara-logo.webp\",\"width\":324,\"height\":79,\"caption\":\"REDAK D.O.O.\"},\"image\":{\"@id\":\"https:\\\/\\\/webknjizara.hr\\\/#\\\/schema\\\/logo\\\/image\\\/\"}}]}<\/script>\n<!-- \/ Yoast SEO plugin. -->","yoast_head_json":{"title":"GPS \u017eivota, Gabrijel Mihovilovi\u0107 - Web-knji\u017eara","robots":{"index":"index","follow":"follow","max-snippet":"max-snippet:-1","max-image-preview":"max-image-preview:large","max-video-preview":"max-video-preview:-1"},"canonical":"https:\/\/webknjizara.hr\/proizvod\/gps-zivota-gabrijel-mihovilovic\/","og_locale":"en_US","og_type":"article","og_title":"GPS \u017eivota, Gabrijel Mihovilovi\u0107 - Web-knji\u017eara","og_description":"Neki \u0107e re\u0107i: napokon. Drugi pak: \u0161to li se krije iza ovakvog naslova knjige? Tre\u0107i; \u0161to ve\u0107\u2026 A ja ka\u017eem; pro\u010ditaj i vidi. Dok sam razmi\u0161ljao o tome da napi\u0161em par rije\u010di na temu naslova, postavilo se pitanje kome se ja to \u017eelim obratiti i za\u0161to!? Ponajprije sebi, da se podsjetim i ustrajem, a zatim [&hellip;]","og_url":"https:\/\/webknjizara.hr\/proizvod\/gps-zivota-gabrijel-mihovilovic\/","og_site_name":"Web-knji\u017eara","og_image":[{"width":300,"height":419,"url":"https:\/\/webknjizara.hr\/wp-content\/uploads\/2023\/04\/Gabrijel_Mihovilovic_GPS_zivota_webknjizara_redak_WEB_1398.jpg","type":"image\/jpeg"}],"twitter_card":"summary_large_image","twitter_misc":{"Est. reading time":"1 minute"},"schema":{"@context":"https:\/\/schema.org","@graph":[{"@type":"WebPage","@id":"https:\/\/webknjizara.hr\/proizvod\/gps-zivota-gabrijel-mihovilovic\/","url":"https:\/\/webknjizara.hr\/proizvod\/gps-zivota-gabrijel-mihovilovic\/","name":"GPS \u017eivota, Gabrijel Mihovilovi\u0107 - Web-knji\u017eara","isPartOf":{"@id":"https:\/\/webknjizara.hr\/#website"},"primaryImageOfPage":{"@id":"https:\/\/webknjizara.hr\/proizvod\/gps-zivota-gabrijel-mihovilovic\/#primaryimage"},"image":{"@id":"https:\/\/webknjizara.hr\/proizvod\/gps-zivota-gabrijel-mihovilovic\/#primaryimage"},"thumbnailUrl":"https:\/\/webknjizara.hr\/wp-content\/uploads\/2023\/04\/Gabrijel_Mihovilovic_GPS_zivota_webknjizara_redak_WEB_1398.jpg","datePublished":"2023-04-07T09:34:24+00:00","breadcrumb":{"@id":"https:\/\/webknjizara.hr\/proizvod\/gps-zivota-gabrijel-mihovilovic\/#breadcrumb"},"inLanguage":"en-US","potentialAction":[{"@type":"ReadAction","target":["https:\/\/webknjizara.hr\/proizvod\/gps-zivota-gabrijel-mihovilovic\/"]}]},{"@type":"ImageObject","inLanguage":"en-US","@id":"https:\/\/webknjizara.hr\/proizvod\/gps-zivota-gabrijel-mihovilovic\/#primaryimage","url":"https:\/\/webknjizara.hr\/wp-content\/uploads\/2023\/04\/Gabrijel_Mihovilovic_GPS_zivota_webknjizara_redak_WEB_1398.jpg","contentUrl":"https:\/\/webknjizara.hr\/wp-content\/uploads\/2023\/04\/Gabrijel_Mihovilovic_GPS_zivota_webknjizara_redak_WEB_1398.jpg","width":300,"height":419},{"@type":"BreadcrumbList","@id":"https:\/\/webknjizara.hr\/proizvod\/gps-zivota-gabrijel-mihovilovic\/#breadcrumb","itemListElement":[{"@type":"ListItem","position":1,"name":"Po\u010detna stranica","item":"https:\/\/webknjizara.hr\/en\/"},{"@type":"ListItem","position":2,"name":"Shop","item":"https:\/\/webknjizara.hr\/shop\/"},{"@type":"ListItem","position":3,"name":"GPS \u017eivota, Gabrijel Mihovilovi\u0107"}]},{"@type":"WebSite","@id":"https:\/\/webknjizara.hr\/#website","url":"https:\/\/webknjizara.hr\/","name":"Web Knji\u017eara","description":"","publisher":{"@id":"https:\/\/webknjizara.hr\/#organization"},"potentialAction":[{"@type":"SearchAction","target":{"@type":"EntryPoint","urlTemplate":"https:\/\/webknjizara.hr\/?s={search_term_string}"},"query-input":{"@type":"PropertyValueSpecification","valueRequired":true,"valueName":"search_term_string"}}],"inLanguage":"en-US"},{"@type":"Organization","@id":"https:\/\/webknjizara.hr\/#organization","name":"REDAK D.O.O.","url":"https:\/\/webknjizara.hr\/","logo":{"@type":"ImageObject","inLanguage":"en-US","@id":"https:\/\/webknjizara.hr\/#\/schema\/logo\/image\/","url":"https:\/\/webknjizara.hr\/wp-content\/uploads\/2023\/01\/web-knjizara-logo.webp","contentUrl":"https:\/\/webknjizara.hr\/wp-content\/uploads\/2023\/01\/web-knjizara-logo.webp","width":324,"height":79,"caption":"REDAK D.O.O."},"image":{"@id":"https:\/\/webknjizara.hr\/#\/schema\/logo\/image\/"}}]}},"_links":{"self":[{"href":"https:\/\/webknjizara.hr\/en\/wp-json\/wp\/v2\/product\/13855","targetHints":{"allow":["GET"]}}],"collection":[{"href":"https:\/\/webknjizara.hr\/en\/wp-json\/wp\/v2\/product"}],"about":[{"href":"https:\/\/webknjizara.hr\/en\/wp-json\/wp\/v2\/types\/product"}],"replies":[{"embeddable":true,"href":"https:\/\/webknjizara.hr\/en\/wp-json\/wp\/v2\/comments?post=13855"}],"wp:featuredmedia":[{"embeddable":true,"href":"https:\/\/webknjizara.hr\/en\/wp-json\/wp\/v2\/media\/13856"}],"wp:attachment":[{"href":"https:\/\/webknjizara.hr\/en\/wp-json\/wp\/v2\/media?parent=13855"}],"wp:term":[{"taxonomy":"product_brand","embeddable":true,"href":"https:\/\/webknjizara.hr\/en\/wp-json\/wp\/v2\/product_brand?post=13855"},{"taxonomy":"product_cat","embeddable":true,"href":"https:\/\/webknjizara.hr\/en\/wp-json\/wp\/v2\/product_cat?post=13855"},{"taxonomy":"product_tag","embeddable":true,"href":"https:\/\/webknjizara.hr\/en\/wp-json\/wp\/v2\/product_tag?post=13855"}],"curies":[{"name":"wp","href":"https:\/\/api.w.org\/{rel}","templated":true}]}}