{"id":13811,"date":"2023-04-05T11:16:53","date_gmt":"2023-04-05T09:16:53","guid":{"rendered":"https:\/\/webknjizara.hr\/?post_type=product&#038;p=13811"},"modified":"2023-05-16T12:37:36","modified_gmt":"2023-05-16T10:37:36","slug":"kad-osmijeh-prekrije-tugu-suzana-reljic","status":"publish","type":"product","link":"https:\/\/webknjizara.hr\/en\/proizvod\/kad-osmijeh-prekrije-tugu-suzana-reljic\/","title":{"rendered":"KAD OSMIJEH PREKRIJE TUGU, Suzana Relji\u0107"},"content":{"rendered":"<p align=\"JUSTIFY\"><span style=\"font-family: Arial, sans-serif;\"><span lang=\"hr-HR\"><b>Bilje\u0161ka o autorici: <\/b><\/span><\/span><\/p>\n<p align=\"JUSTIFY\">Suzana Relji\u0107 od rane mladosti osje\u0107a sklonost za umjetni\u010dkim izra\u017eavanjem. Pjesnikinja je, tekstopisac, pjeva i komponira. U mla\u0111im danima nastupa u splitskom Hrvatskom narodnom kazali\u0161tu, a godine 2007. u splitskom Studiju snima nosa\u010d zvuka s deset autorskih pjesama.<\/p>\n<p align=\"JUSTIFY\">Skladaju\u0107i sura\u0111uje s mnogim glazbenicima, a kao kantautorica nastupa na festivalima diljem Hrvatske.<\/p>\n<p align=\"JUSTIFY\">Niz godina je bila \u010dlanica \u017eirija Dje\u010djeg festivala u sklopu Solinskoga kulturnog ljeta.<\/p>\n<p align=\"JUSTIFY\">Pjesma joj se nalazi u zajedni\u010dkoj zbirci MEGAMAXY GIGANT PJESMA koja je tiskana 2013. g.<\/p>\n<p align=\"JUSTIFY\">Godine 2015. izdaje svoju prvu samostalnu zbirku MOGA SRCA STIH u nakladi Hrvatskoga knji\u017eevnog dru\u0161tva Rijeka.<\/p>\n<p>Suo\u010dena s mno\u0161tvom slova i rije\u010di o\u017eivljava svoju poeziju s du\u0161om i srcem.<\/p>\n<p><span style=\"font-family: Arial, sans-serif;\"><span lang=\"hr-HR\"><b>E-mail: <\/b><\/span><\/span><a href=\"mailto:suzana.reljic@gmail com\" target=\"_blank\" rel=\"noopener\"><span style=\"color: #000000;\">Suzana Relji\u0107<\/span><\/a><\/p>\n<p>&nbsp;<\/p>\n<p><strong><span style=\"font-family: Arial, sans-serif;\">Naslov: <\/span><\/strong><strong><span style=\"font-family: Arial, sans-serif;\">KAD OSMIJEH PREKRIJE TUGU<\/span><\/strong><span style=\"font-family: Arial, sans-serif;\"><br \/>\n<\/span><strong><span style=\"font-family: Arial, sans-serif;\">Autorica:<\/span><\/strong><span style=\"font-family: Arial, sans-serif;\"> Suzana Relji\u0107<br \/>\n<\/span><strong><span style=\"font-family: Arial, sans-serif;\">Broj stranica: <\/span><\/strong><span style=\"font-family: Arial, sans-serif;\"><span lang=\"\">118<\/span><\/span><span style=\"font-family: Arial, sans-serif;\"><br \/>\n<\/span><strong><span style=\"font-family: Arial, sans-serif;\">Nakladnik: <\/span><\/strong><strong><span style=\"font-family: Arial, sans-serif;\">REDAK<\/span><\/strong><span style=\"font-family: Arial, sans-serif;\"><br \/>\n<\/span><strong><span style=\"font-family: Arial, sans-serif;\">Godina izdanja: <\/span><\/strong><strong><span style=\"font-family: Arial, sans-serif;\">2023.<br \/>\n<\/span><\/strong><strong><span style=\"font-family: Arial, sans-serif;\">ISBN:<\/span><\/strong><span style=\"font-family: Arial, sans-serif;\"> 978-953-336-904-4<br \/>\n<\/span><strong><span style=\"font-family: Arial, sans-serif;\">Tisak:<\/span><\/strong><span style=\"font-family: Arial, sans-serif;\"> digitalni tisak knjiga &#8211; print na zahtjev<\/span><\/p>\n","protected":false},"excerpt":{"rendered":"<p>Bilje\u0161ka o autorici: Suzana Relji\u0107 od rane mladosti osje\u0107a sklonost za umjetni\u010dkim izra\u017eavanjem. Pjesnikinja je, tekstopisac, pjeva i komponira. U mla\u0111im danima nastupa u splitskom Hrvatskom narodnom kazali\u0161tu, a godine 2007. u splitskom Studiju snima nosa\u010d zvuka s deset autorskih pjesama. Skladaju\u0107i sura\u0111uje s mnogim glazbenicima, a kao kantautorica nastupa na festivalima diljem Hrvatske. Niz [&hellip;]<\/p>\n","protected":false},"featured_media":13812,"comment_status":"open","ping_status":"closed","template":"","meta":{"_acf_changed":false},"product_brand":[],"product_cat":[1388],"product_tag":[],"class_list":{"0":"post-13811","1":"product","2":"type-product","3":"status-publish","4":"has-post-thumbnail","6":"product_cat-poezija","7":"pa_autor-suzana-reljic","8":"pa_nakladnik-redak","10":"first","11":"instock","12":"shipping-taxable","13":"purchasable","14":"product-type-simple"},"acf":[],"yoast_head":"<!-- This site is optimized with the Yoast SEO plugin v27.3 - https:\/\/yoast.com\/product\/yoast-seo-wordpress\/ -->\n<title>KAD OSMIJEH PREKRIJE TUGU, Suzana Relji\u0107 - Web-knji\u017eara<\/title>\n<meta name=\"robots\" content=\"index, follow, max-snippet:-1, max-image-preview:large, max-video-preview:-1\" \/>\n<link rel=\"canonical\" href=\"https:\/\/webknjizara.hr\/proizvod\/kad-osmijeh-prekrije-tugu-suzana-reljic\/\" \/>\n<meta property=\"og:locale\" content=\"en_US\" \/>\n<meta property=\"og:type\" content=\"article\" \/>\n<meta property=\"og:title\" content=\"KAD OSMIJEH PREKRIJE TUGU, Suzana Relji\u0107 - Web-knji\u017eara\" \/>\n<meta property=\"og:description\" content=\"Bilje\u0161ka o autorici: Suzana Relji\u0107 od rane mladosti osje\u0107a sklonost za umjetni\u010dkim izra\u017eavanjem. Pjesnikinja je, tekstopisac, pjeva i komponira. U mla\u0111im danima nastupa u splitskom Hrvatskom narodnom kazali\u0161tu, a godine 2007. u splitskom Studiju snima nosa\u010d zvuka s deset autorskih pjesama. Skladaju\u0107i sura\u0111uje s mnogim glazbenicima, a kao kantautorica nastupa na festivalima diljem Hrvatske. Niz [&hellip;]\" \/>\n<meta property=\"og:url\" content=\"https:\/\/webknjizara.hr\/proizvod\/kad-osmijeh-prekrije-tugu-suzana-reljic\/\" \/>\n<meta property=\"og:site_name\" content=\"Web-knji\u017eara\" \/>\n<meta property=\"article:modified_time\" content=\"2023-05-16T10:37:36+00:00\" \/>\n<meta property=\"og:image\" content=\"https:\/\/webknjizara.hr\/wp-content\/uploads\/2023\/04\/Suzana_Reljic_KAD_OSMIJEH_PREKRIJE_TUGU_webknjizara_redak_WEB_1394.jpg\" \/>\n\t<meta property=\"og:image:width\" content=\"300\" \/>\n\t<meta property=\"og:image:height\" content=\"419\" \/>\n\t<meta property=\"og:image:type\" content=\"image\/jpeg\" \/>\n<meta name=\"twitter:card\" content=\"summary_large_image\" \/>\n<meta name=\"twitter:label1\" content=\"Est. reading time\" \/>\n\t<meta name=\"twitter:data1\" content=\"1 minute\" \/>\n<script type=\"application\/ld+json\" class=\"yoast-schema-graph\">{\"@context\":\"https:\\\/\\\/schema.org\",\"@graph\":[{\"@type\":\"WebPage\",\"@id\":\"https:\\\/\\\/webknjizara.hr\\\/proizvod\\\/kad-osmijeh-prekrije-tugu-suzana-reljic\\\/\",\"url\":\"https:\\\/\\\/webknjizara.hr\\\/proizvod\\\/kad-osmijeh-prekrije-tugu-suzana-reljic\\\/\",\"name\":\"KAD OSMIJEH PREKRIJE TUGU, Suzana Relji\u0107 - Web-knji\u017eara\",\"isPartOf\":{\"@id\":\"https:\\\/\\\/webknjizara.hr\\\/#website\"},\"primaryImageOfPage\":{\"@id\":\"https:\\\/\\\/webknjizara.hr\\\/proizvod\\\/kad-osmijeh-prekrije-tugu-suzana-reljic\\\/#primaryimage\"},\"image\":{\"@id\":\"https:\\\/\\\/webknjizara.hr\\\/proizvod\\\/kad-osmijeh-prekrije-tugu-suzana-reljic\\\/#primaryimage\"},\"thumbnailUrl\":\"https:\\\/\\\/webknjizara.hr\\\/wp-content\\\/uploads\\\/2023\\\/04\\\/Suzana_Reljic_KAD_OSMIJEH_PREKRIJE_TUGU_webknjizara_redak_WEB_1394.jpg\",\"datePublished\":\"2023-04-05T09:16:53+00:00\",\"dateModified\":\"2023-05-16T10:37:36+00:00\",\"breadcrumb\":{\"@id\":\"https:\\\/\\\/webknjizara.hr\\\/proizvod\\\/kad-osmijeh-prekrije-tugu-suzana-reljic\\\/#breadcrumb\"},\"inLanguage\":\"en-US\",\"potentialAction\":[{\"@type\":\"ReadAction\",\"target\":[\"https:\\\/\\\/webknjizara.hr\\\/proizvod\\\/kad-osmijeh-prekrije-tugu-suzana-reljic\\\/\"]}]},{\"@type\":\"ImageObject\",\"inLanguage\":\"en-US\",\"@id\":\"https:\\\/\\\/webknjizara.hr\\\/proizvod\\\/kad-osmijeh-prekrije-tugu-suzana-reljic\\\/#primaryimage\",\"url\":\"https:\\\/\\\/webknjizara.hr\\\/wp-content\\\/uploads\\\/2023\\\/04\\\/Suzana_Reljic_KAD_OSMIJEH_PREKRIJE_TUGU_webknjizara_redak_WEB_1394.jpg\",\"contentUrl\":\"https:\\\/\\\/webknjizara.hr\\\/wp-content\\\/uploads\\\/2023\\\/04\\\/Suzana_Reljic_KAD_OSMIJEH_PREKRIJE_TUGU_webknjizara_redak_WEB_1394.jpg\",\"width\":300,\"height\":419},{\"@type\":\"BreadcrumbList\",\"@id\":\"https:\\\/\\\/webknjizara.hr\\\/proizvod\\\/kad-osmijeh-prekrije-tugu-suzana-reljic\\\/#breadcrumb\",\"itemListElement\":[{\"@type\":\"ListItem\",\"position\":1,\"name\":\"Po\u010detna stranica\",\"item\":\"https:\\\/\\\/webknjizara.hr\\\/en\\\/\"},{\"@type\":\"ListItem\",\"position\":2,\"name\":\"Shop\",\"item\":\"https:\\\/\\\/webknjizara.hr\\\/shop\\\/\"},{\"@type\":\"ListItem\",\"position\":3,\"name\":\"KAD OSMIJEH PREKRIJE TUGU, Suzana Relji\u0107\"}]},{\"@type\":\"WebSite\",\"@id\":\"https:\\\/\\\/webknjizara.hr\\\/#website\",\"url\":\"https:\\\/\\\/webknjizara.hr\\\/\",\"name\":\"Web Knji\u017eara\",\"description\":\"\",\"publisher\":{\"@id\":\"https:\\\/\\\/webknjizara.hr\\\/#organization\"},\"potentialAction\":[{\"@type\":\"SearchAction\",\"target\":{\"@type\":\"EntryPoint\",\"urlTemplate\":\"https:\\\/\\\/webknjizara.hr\\\/?s={search_term_string}\"},\"query-input\":{\"@type\":\"PropertyValueSpecification\",\"valueRequired\":true,\"valueName\":\"search_term_string\"}}],\"inLanguage\":\"en-US\"},{\"@type\":\"Organization\",\"@id\":\"https:\\\/\\\/webknjizara.hr\\\/#organization\",\"name\":\"REDAK D.O.O.\",\"url\":\"https:\\\/\\\/webknjizara.hr\\\/\",\"logo\":{\"@type\":\"ImageObject\",\"inLanguage\":\"en-US\",\"@id\":\"https:\\\/\\\/webknjizara.hr\\\/#\\\/schema\\\/logo\\\/image\\\/\",\"url\":\"https:\\\/\\\/webknjizara.hr\\\/wp-content\\\/uploads\\\/2023\\\/01\\\/web-knjizara-logo.webp\",\"contentUrl\":\"https:\\\/\\\/webknjizara.hr\\\/wp-content\\\/uploads\\\/2023\\\/01\\\/web-knjizara-logo.webp\",\"width\":324,\"height\":79,\"caption\":\"REDAK D.O.O.\"},\"image\":{\"@id\":\"https:\\\/\\\/webknjizara.hr\\\/#\\\/schema\\\/logo\\\/image\\\/\"}}]}<\/script>\n<!-- \/ Yoast SEO plugin. -->","yoast_head_json":{"title":"KAD OSMIJEH PREKRIJE TUGU, Suzana Relji\u0107 - Web-knji\u017eara","robots":{"index":"index","follow":"follow","max-snippet":"max-snippet:-1","max-image-preview":"max-image-preview:large","max-video-preview":"max-video-preview:-1"},"canonical":"https:\/\/webknjizara.hr\/proizvod\/kad-osmijeh-prekrije-tugu-suzana-reljic\/","og_locale":"en_US","og_type":"article","og_title":"KAD OSMIJEH PREKRIJE TUGU, Suzana Relji\u0107 - Web-knji\u017eara","og_description":"Bilje\u0161ka o autorici: Suzana Relji\u0107 od rane mladosti osje\u0107a sklonost za umjetni\u010dkim izra\u017eavanjem. Pjesnikinja je, tekstopisac, pjeva i komponira. U mla\u0111im danima nastupa u splitskom Hrvatskom narodnom kazali\u0161tu, a godine 2007. u splitskom Studiju snima nosa\u010d zvuka s deset autorskih pjesama. Skladaju\u0107i sura\u0111uje s mnogim glazbenicima, a kao kantautorica nastupa na festivalima diljem Hrvatske. Niz [&hellip;]","og_url":"https:\/\/webknjizara.hr\/proizvod\/kad-osmijeh-prekrije-tugu-suzana-reljic\/","og_site_name":"Web-knji\u017eara","article_modified_time":"2023-05-16T10:37:36+00:00","og_image":[{"width":300,"height":419,"url":"https:\/\/webknjizara.hr\/wp-content\/uploads\/2023\/04\/Suzana_Reljic_KAD_OSMIJEH_PREKRIJE_TUGU_webknjizara_redak_WEB_1394.jpg","type":"image\/jpeg"}],"twitter_card":"summary_large_image","twitter_misc":{"Est. reading time":"1 minute"},"schema":{"@context":"https:\/\/schema.org","@graph":[{"@type":"WebPage","@id":"https:\/\/webknjizara.hr\/proizvod\/kad-osmijeh-prekrije-tugu-suzana-reljic\/","url":"https:\/\/webknjizara.hr\/proizvod\/kad-osmijeh-prekrije-tugu-suzana-reljic\/","name":"KAD OSMIJEH PREKRIJE TUGU, Suzana Relji\u0107 - Web-knji\u017eara","isPartOf":{"@id":"https:\/\/webknjizara.hr\/#website"},"primaryImageOfPage":{"@id":"https:\/\/webknjizara.hr\/proizvod\/kad-osmijeh-prekrije-tugu-suzana-reljic\/#primaryimage"},"image":{"@id":"https:\/\/webknjizara.hr\/proizvod\/kad-osmijeh-prekrije-tugu-suzana-reljic\/#primaryimage"},"thumbnailUrl":"https:\/\/webknjizara.hr\/wp-content\/uploads\/2023\/04\/Suzana_Reljic_KAD_OSMIJEH_PREKRIJE_TUGU_webknjizara_redak_WEB_1394.jpg","datePublished":"2023-04-05T09:16:53+00:00","dateModified":"2023-05-16T10:37:36+00:00","breadcrumb":{"@id":"https:\/\/webknjizara.hr\/proizvod\/kad-osmijeh-prekrije-tugu-suzana-reljic\/#breadcrumb"},"inLanguage":"en-US","potentialAction":[{"@type":"ReadAction","target":["https:\/\/webknjizara.hr\/proizvod\/kad-osmijeh-prekrije-tugu-suzana-reljic\/"]}]},{"@type":"ImageObject","inLanguage":"en-US","@id":"https:\/\/webknjizara.hr\/proizvod\/kad-osmijeh-prekrije-tugu-suzana-reljic\/#primaryimage","url":"https:\/\/webknjizara.hr\/wp-content\/uploads\/2023\/04\/Suzana_Reljic_KAD_OSMIJEH_PREKRIJE_TUGU_webknjizara_redak_WEB_1394.jpg","contentUrl":"https:\/\/webknjizara.hr\/wp-content\/uploads\/2023\/04\/Suzana_Reljic_KAD_OSMIJEH_PREKRIJE_TUGU_webknjizara_redak_WEB_1394.jpg","width":300,"height":419},{"@type":"BreadcrumbList","@id":"https:\/\/webknjizara.hr\/proizvod\/kad-osmijeh-prekrije-tugu-suzana-reljic\/#breadcrumb","itemListElement":[{"@type":"ListItem","position":1,"name":"Po\u010detna stranica","item":"https:\/\/webknjizara.hr\/en\/"},{"@type":"ListItem","position":2,"name":"Shop","item":"https:\/\/webknjizara.hr\/shop\/"},{"@type":"ListItem","position":3,"name":"KAD OSMIJEH PREKRIJE TUGU, Suzana Relji\u0107"}]},{"@type":"WebSite","@id":"https:\/\/webknjizara.hr\/#website","url":"https:\/\/webknjizara.hr\/","name":"Web Knji\u017eara","description":"","publisher":{"@id":"https:\/\/webknjizara.hr\/#organization"},"potentialAction":[{"@type":"SearchAction","target":{"@type":"EntryPoint","urlTemplate":"https:\/\/webknjizara.hr\/?s={search_term_string}"},"query-input":{"@type":"PropertyValueSpecification","valueRequired":true,"valueName":"search_term_string"}}],"inLanguage":"en-US"},{"@type":"Organization","@id":"https:\/\/webknjizara.hr\/#organization","name":"REDAK D.O.O.","url":"https:\/\/webknjizara.hr\/","logo":{"@type":"ImageObject","inLanguage":"en-US","@id":"https:\/\/webknjizara.hr\/#\/schema\/logo\/image\/","url":"https:\/\/webknjizara.hr\/wp-content\/uploads\/2023\/01\/web-knjizara-logo.webp","contentUrl":"https:\/\/webknjizara.hr\/wp-content\/uploads\/2023\/01\/web-knjizara-logo.webp","width":324,"height":79,"caption":"REDAK D.O.O."},"image":{"@id":"https:\/\/webknjizara.hr\/#\/schema\/logo\/image\/"}}]}},"_links":{"self":[{"href":"https:\/\/webknjizara.hr\/en\/wp-json\/wp\/v2\/product\/13811","targetHints":{"allow":["GET"]}}],"collection":[{"href":"https:\/\/webknjizara.hr\/en\/wp-json\/wp\/v2\/product"}],"about":[{"href":"https:\/\/webknjizara.hr\/en\/wp-json\/wp\/v2\/types\/product"}],"replies":[{"embeddable":true,"href":"https:\/\/webknjizara.hr\/en\/wp-json\/wp\/v2\/comments?post=13811"}],"wp:featuredmedia":[{"embeddable":true,"href":"https:\/\/webknjizara.hr\/en\/wp-json\/wp\/v2\/media\/13812"}],"wp:attachment":[{"href":"https:\/\/webknjizara.hr\/en\/wp-json\/wp\/v2\/media?parent=13811"}],"wp:term":[{"taxonomy":"product_brand","embeddable":true,"href":"https:\/\/webknjizara.hr\/en\/wp-json\/wp\/v2\/product_brand?post=13811"},{"taxonomy":"product_cat","embeddable":true,"href":"https:\/\/webknjizara.hr\/en\/wp-json\/wp\/v2\/product_cat?post=13811"},{"taxonomy":"product_tag","embeddable":true,"href":"https:\/\/webknjizara.hr\/en\/wp-json\/wp\/v2\/product_tag?post=13811"}],"curies":[{"name":"wp","href":"https:\/\/api.w.org\/{rel}","templated":true}]}}