{"id":13623,"date":"2023-03-27T08:26:57","date_gmt":"2023-03-27T06:26:57","guid":{"rendered":"https:\/\/webknjizara.hr\/?post_type=product&#038;p=13623"},"modified":"2023-04-25T08:27:30","modified_gmt":"2023-04-25T06:27:30","slug":"ucinci-pandemije-covid-19-na-socijabilitet-gradana-i-gradanki-splita-anci-leburic-lucija-dujic","status":"publish","type":"product","link":"https:\/\/webknjizara.hr\/en\/proizvod\/ucinci-pandemije-covid-19-na-socijabilitet-gradana-i-gradanki-splita-anci-leburic-lucija-dujic\/","title":{"rendered":"U\u010cINCI PANDEMIJE COVID -19 NA SOCIJABILITET GRA\u0110ANA I GRA\u0110ANKI SPLITA, An\u010di Leburi\u0107, Lucija Duji\u0107"},"content":{"rendered":"<p><strong>Sa\u017eetak:<\/strong> Bave\u0107i se u\u010dincima pandemije COVID-19, autorice se bave socijabilitetom splitskih gra\u0111ana i gra\u0111anki u \u010dijem kontekstu ispituju dimenzije institucionalnih usluga koje su njima pru\u017eane, te interakcijama u kojima su bili akteri\/-ce, kao i ljubavnim odnosima koje se gradili i razvijali u tom analiziranom razdoblju, odnosno tijekom pandemije COVID-19. Istra\u017eivanje je realizirano na uzorku od 510 ispitanika\/-ca, uglavnom zaposlenih, s vlastitim financijskim izvorima. Institucionalni okviri svodili su se na zdravstvene usluge koje su im pru\u017eane tijekom pandemije. Zanimala su ih i njihova mi\u0161ljenja o razli\u010ditim aspektima izvo\u0111enja nastave, posebno one <em>on-line, <\/em>rad od ku\u0107e i dr.<\/p>\n<p>Grupne interakcije i ljubavni odnosi naro\u010dito su zanimljivi fenomeni \u010dija pojavnost u doba pandemija gubi svoja klju\u010dna obilje\u017eja i orijentiranost. U projektu je kori\u0161tena mje\u0161ovita metodologija \u0161to jo\u0161 dodatno \u010dini kompleksnim metodolo\u0161ki pristup i ostvarivanje ciljeva ovog empirijskog istra\u017eivanja.<\/p>\n<p>&nbsp;<\/p>\n<p><strong>Bilje\u0161ka o autorici: <\/strong><strong><em>AN\u010cI LEBURI\u0106<\/em><\/strong><strong>, <\/strong>ro\u0111ena 1958. u Splitu, gdje je zavr\u0161ila os\u00adnovnu \u0161kolu, pa klasi\u010dnu srednju \u0161kolu (gimnaziju), te istovremeno glazbenu srednju \u0161kolu \u201eJosip Hatze\u201c, smjer violina. Nakon studija u Zagrebu, magistrira i doktorira na Filozofskom fakultetu u Zagrebu, u znanstvenom polju sociologije. Radila je kao redovita profesorica u trajnom zvanju, na Katedri sociolo\u0161ke metodologije Odsjeka za sociologiju na Filozofskom fakultetu Sveu\u010dili\u0161ta u Splitu. Sudjelovala je aktivno u osnivanju i izvo\u0111enju nekoliko sveu\u010dili\u0161nih, te posebno doktorskih i postdiplomskih studija u zemlji i u inozemstvu. Kontinuirano izvodi nastavu na sveu\u010dili\u0161tima od 90-ih godina 20. st. i to uglavnom metodolo\u0161ke i istra\u017eiva\u010dke kolegije, kao i sociolo\u0161ke predmete na preddiplomskim, diplomskim i doktorskim studijima. Osim na sociolo\u0161kim studijima, bila je stalna suradnica i na nizu drugih, kao npr. na studiju arhi\u00adtekture, etnomuzikologije, prava, medicine, dentalne medicine, geodezije, lingvistike itd.<\/p>\n<p>Istra\u017euje i objavljuje znanstvene radove iz metodologije dru\u0161tvenih i humanisti\u010dkih istra\u017eivanja, sociologije medija, sociologije politike, sociologije mladih, sociologije zabave, sociologije slobodnog vremena, sociologije roda, sociologije \u017eena, sociologije grada, sociologije jezika, sociolingvistike, sociologije religije, sociologije poduzetni\u0161tva, socijalne ekologije, sociologije okoli\u0161a, sociologije obrazovanja, sociologije djece, sociologije dizajna, sociologije glazbe, sociologije umjetnosti i dr.<\/p>\n<p>Suautorica je vi\u0161e od dvadesetak knjiga objavljenih u biblioteci <em>Istra<\/em><em>\u017e<\/em><em>iva<\/em><em>\u010d<\/em><em>ke<\/em> <em>studije<\/em>, \u010dija je i urednica (izdava\u010d <em>Redak<\/em> iz Splita). Objavljivala je i u biblioteci <em>Suvremena istra\u017eivanja<\/em> (izdava\u010d <em>Filozofski fakultet<\/em> Sveu\u010dili\u0161ta u Splitu). Deset knjiga publicirala je kod drugih izdava\u010da kao suautorica. Utemeljuje <em>Metodolo\u0161ku biblioteku<\/em> kod splitskoga izdava\u010da <em>Redak<\/em>, te kao urednica u ediciji <em>Metodolo\u0161ke teme <\/em>objavljuje od 2011.<\/p>\n<p>Redovito publicira znanstvene tekstove u doma\u0107im i me\u0111u-narodnim \u010dasopisima i zbornicima, \u010desto recenzira i evaluira istra\u017eiva\u010dke radove, programe i projekte, a trenuta\u010dno vodi i\/ili sudjeluje u nekoliko me\u0111unarodnih projekata u kojima se istra\u017euju razvojne, kulturolo\u0161ke, urbane, medijske, medicinske, socijalno-ekolo\u0161ke i dr. teme. Na Sveu\u010dili\u0161tu u Zadru 2016. god. dobiva zahvalnicu za \u201edoprinos razvoju Odjela za sociologiju Sveu\u010dili\u0161ta u Zadru povodom \u010detrdesete obljetnice osnutka\u201c. Odabrana je me\u0111u brojnim svjetskim znanstvenicima i uvr\u0161tena na <em>IBC<\/em> listu (<em>International Biographical Centre<\/em>, Cambridge, England) kao jedna od <em>TOP 100 PROFESSIONALS 2010<\/em> na svijetu.<\/p>\n<p>\u010clanica je nekoliko stru\u010dnih asocijacija (sociolo\u0161kih, politolo\u0161kih i evaluatorskih).<\/p>\n<p>E-mail:\u00a0 <a href=\"mailto:anci.leburic@gmail.com\" target=\"_blank\" rel=\"noopener\">Anci Leburi\u0107<\/a><\/p>\n<p>Facebook \/ LinkedIn:anci-leburic<\/p>\n<p>Skype: anci.leburic<\/p>\n<p><strong>Link: <\/strong><a href=\"http:\/\/www.ancileburic.com\">www.ancileburic.com<\/a><\/p>\n<p><strong>Lucija Duji\u0107<\/strong> ro\u0111ena 1998. u Vodicama gdje zavr\u0161ava osnovnu \u0161kolu, te jezi\u010dni smjer <em>Gimnazije Antuna Vran\u010di\u0107a<\/em> u \u0160ibeniku. Redovni preddiplomski studij sociologije na Filozofskom fakultetu Sveu\u010dili\u0161ta u Splitu upisuje 2018., gdje zavr\u0161ava i diplomski studij. Paralelno sa studijem poha\u0111ala je te\u010dajeve engleskog (C2 razina) i njema\u010dkog (B1 razina) jezika, te odra\u0111ivala stru\u010dnu praksu u udrugama \u201eZdravi grad\u201c i \u201eMi\u201c.<\/p>\n<p>&nbsp;<\/p>\n<p><strong>Naslov: <\/strong>U\u010dinci pandemije COVID -19 na socijabilitet gra\u0111ana i gra\u0111anki Splita: dimenzije institucionalnih usluga, grupnih interakcija i ljubavnih odnosa<br \/>\n<strong>Autorica:<\/strong> An\u010di Leburi\u0107, Lucija Duji\u0107<br \/>\n<strong>Broj stranica: <\/strong>120<br \/>\n<strong>Nakladnik: <\/strong>REDAK<br \/>\n<strong>Godina izdanja: <\/strong>2023<strong>.<br \/>\n<\/strong><strong>ISBN:<\/strong> 978-953-336-918-1<br \/>\n<strong>Tisak:<\/strong> digitalni tisak knjiga &#8211; print na zahtjev<\/p>\n","protected":false},"excerpt":{"rendered":"<p>Sa\u017eetak: Bave\u0107i se u\u010dincima pandemije COVID-19, autorice se bave socijabilitetom splitskih gra\u0111ana i gra\u0111anki u \u010dijem kontekstu ispituju dimenzije institucionalnih usluga koje su njima pru\u017eane, te interakcijama u kojima su bili akteri\/-ce, kao i ljubavnim odnosima koje se gradili i razvijali u tom analiziranom razdoblju, odnosno tijekom pandemije COVID-19. Istra\u017eivanje je realizirano na uzorku od [&hellip;]<\/p>\n","protected":false},"featured_media":13624,"comment_status":"open","ping_status":"closed","template":"","meta":{"_acf_changed":false},"product_brand":[],"product_cat":[1398,1517,1390],"product_tag":[],"class_list":{"0":"post-13623","1":"product","2":"type-product","3":"status-publish","4":"has-post-thumbnail","6":"product_cat-sociologija","7":"product_cat-strucna-literatura","8":"product_cat-drustvene-znanosti","9":"pa_autor-anci-leburic","10":"pa_autor-lucija-dujic","11":"pa_nakladnik-redak","13":"first","14":"instock","15":"shipping-taxable","16":"purchasable","17":"product-type-simple"},"acf":[],"yoast_head":"<!-- This site is optimized with the Yoast SEO plugin v27.3 - https:\/\/yoast.com\/product\/yoast-seo-wordpress\/ -->\n<title>U\u010cINCI PANDEMIJE COVID -19 NA SOCIJABILITET GRA\u0110ANA I GRA\u0110ANKI SPLITA, An\u010di Leburi\u0107, Lucija Duji\u0107 - Web-knji\u017eara<\/title>\n<meta name=\"robots\" content=\"index, follow, max-snippet:-1, max-image-preview:large, max-video-preview:-1\" \/>\n<link rel=\"canonical\" href=\"https:\/\/webknjizara.hr\/proizvod\/ucinci-pandemije-covid-19-na-socijabilitet-gradana-i-gradanki-splita-anci-leburic-lucija-dujic\/\" \/>\n<meta property=\"og:locale\" content=\"en_US\" \/>\n<meta property=\"og:type\" content=\"article\" \/>\n<meta property=\"og:title\" content=\"U\u010cINCI PANDEMIJE COVID -19 NA SOCIJABILITET GRA\u0110ANA I GRA\u0110ANKI SPLITA, An\u010di Leburi\u0107, Lucija Duji\u0107 - Web-knji\u017eara\" \/>\n<meta property=\"og:description\" content=\"Sa\u017eetak: Bave\u0107i se u\u010dincima pandemije COVID-19, autorice se bave socijabilitetom splitskih gra\u0111ana i gra\u0111anki u \u010dijem kontekstu ispituju dimenzije institucionalnih usluga koje su njima pru\u017eane, te interakcijama u kojima su bili akteri\/-ce, kao i ljubavnim odnosima koje se gradili i razvijali u tom analiziranom razdoblju, odnosno tijekom pandemije COVID-19. Istra\u017eivanje je realizirano na uzorku od [&hellip;]\" \/>\n<meta property=\"og:url\" content=\"https:\/\/webknjizara.hr\/proizvod\/ucinci-pandemije-covid-19-na-socijabilitet-gradana-i-gradanki-splita-anci-leburic-lucija-dujic\/\" \/>\n<meta property=\"og:site_name\" content=\"Web-knji\u017eara\" \/>\n<meta property=\"article:modified_time\" content=\"2023-04-25T06:27:30+00:00\" \/>\n<meta property=\"og:image\" content=\"https:\/\/webknjizara.hr\/wp-content\/uploads\/2023\/03\/Anci_Leburic_Lucija_Dujic_Ucinci_pandemije_COVID_19_WEB_1418.jpg\" \/>\n\t<meta property=\"og:image:width\" content=\"300\" \/>\n\t<meta property=\"og:image:height\" content=\"419\" \/>\n\t<meta property=\"og:image:type\" content=\"image\/jpeg\" \/>\n<meta name=\"twitter:card\" content=\"summary_large_image\" \/>\n<meta name=\"twitter:label1\" content=\"Est. reading time\" \/>\n\t<meta name=\"twitter:data1\" content=\"4 minutes\" \/>\n<script type=\"application\/ld+json\" class=\"yoast-schema-graph\">{\"@context\":\"https:\\\/\\\/schema.org\",\"@graph\":[{\"@type\":\"WebPage\",\"@id\":\"https:\\\/\\\/webknjizara.hr\\\/proizvod\\\/ucinci-pandemije-covid-19-na-socijabilitet-gradana-i-gradanki-splita-anci-leburic-lucija-dujic\\\/\",\"url\":\"https:\\\/\\\/webknjizara.hr\\\/proizvod\\\/ucinci-pandemije-covid-19-na-socijabilitet-gradana-i-gradanki-splita-anci-leburic-lucija-dujic\\\/\",\"name\":\"U\u010cINCI PANDEMIJE COVID -19 NA SOCIJABILITET GRA\u0110ANA I GRA\u0110ANKI SPLITA, An\u010di Leburi\u0107, Lucija Duji\u0107 - Web-knji\u017eara\",\"isPartOf\":{\"@id\":\"https:\\\/\\\/webknjizara.hr\\\/#website\"},\"primaryImageOfPage\":{\"@id\":\"https:\\\/\\\/webknjizara.hr\\\/proizvod\\\/ucinci-pandemije-covid-19-na-socijabilitet-gradana-i-gradanki-splita-anci-leburic-lucija-dujic\\\/#primaryimage\"},\"image\":{\"@id\":\"https:\\\/\\\/webknjizara.hr\\\/proizvod\\\/ucinci-pandemije-covid-19-na-socijabilitet-gradana-i-gradanki-splita-anci-leburic-lucija-dujic\\\/#primaryimage\"},\"thumbnailUrl\":\"https:\\\/\\\/webknjizara.hr\\\/wp-content\\\/uploads\\\/2023\\\/03\\\/Anci_Leburic_Lucija_Dujic_Ucinci_pandemije_COVID_19_WEB_1418.jpg\",\"datePublished\":\"2023-03-27T06:26:57+00:00\",\"dateModified\":\"2023-04-25T06:27:30+00:00\",\"breadcrumb\":{\"@id\":\"https:\\\/\\\/webknjizara.hr\\\/proizvod\\\/ucinci-pandemije-covid-19-na-socijabilitet-gradana-i-gradanki-splita-anci-leburic-lucija-dujic\\\/#breadcrumb\"},\"inLanguage\":\"en-US\",\"potentialAction\":[{\"@type\":\"ReadAction\",\"target\":[\"https:\\\/\\\/webknjizara.hr\\\/proizvod\\\/ucinci-pandemije-covid-19-na-socijabilitet-gradana-i-gradanki-splita-anci-leburic-lucija-dujic\\\/\"]}]},{\"@type\":\"ImageObject\",\"inLanguage\":\"en-US\",\"@id\":\"https:\\\/\\\/webknjizara.hr\\\/proizvod\\\/ucinci-pandemije-covid-19-na-socijabilitet-gradana-i-gradanki-splita-anci-leburic-lucija-dujic\\\/#primaryimage\",\"url\":\"https:\\\/\\\/webknjizara.hr\\\/wp-content\\\/uploads\\\/2023\\\/03\\\/Anci_Leburic_Lucija_Dujic_Ucinci_pandemije_COVID_19_WEB_1418.jpg\",\"contentUrl\":\"https:\\\/\\\/webknjizara.hr\\\/wp-content\\\/uploads\\\/2023\\\/03\\\/Anci_Leburic_Lucija_Dujic_Ucinci_pandemije_COVID_19_WEB_1418.jpg\",\"width\":300,\"height\":419},{\"@type\":\"BreadcrumbList\",\"@id\":\"https:\\\/\\\/webknjizara.hr\\\/proizvod\\\/ucinci-pandemije-covid-19-na-socijabilitet-gradana-i-gradanki-splita-anci-leburic-lucija-dujic\\\/#breadcrumb\",\"itemListElement\":[{\"@type\":\"ListItem\",\"position\":1,\"name\":\"Po\u010detna stranica\",\"item\":\"https:\\\/\\\/webknjizara.hr\\\/en\\\/\"},{\"@type\":\"ListItem\",\"position\":2,\"name\":\"Shop\",\"item\":\"https:\\\/\\\/webknjizara.hr\\\/shop\\\/\"},{\"@type\":\"ListItem\",\"position\":3,\"name\":\"U\u010cINCI PANDEMIJE COVID -19 NA SOCIJABILITET GRA\u0110ANA I GRA\u0110ANKI SPLITA, An\u010di Leburi\u0107, Lucija Duji\u0107\"}]},{\"@type\":\"WebSite\",\"@id\":\"https:\\\/\\\/webknjizara.hr\\\/#website\",\"url\":\"https:\\\/\\\/webknjizara.hr\\\/\",\"name\":\"Web Knji\u017eara\",\"description\":\"\",\"publisher\":{\"@id\":\"https:\\\/\\\/webknjizara.hr\\\/#organization\"},\"potentialAction\":[{\"@type\":\"SearchAction\",\"target\":{\"@type\":\"EntryPoint\",\"urlTemplate\":\"https:\\\/\\\/webknjizara.hr\\\/?s={search_term_string}\"},\"query-input\":{\"@type\":\"PropertyValueSpecification\",\"valueRequired\":true,\"valueName\":\"search_term_string\"}}],\"inLanguage\":\"en-US\"},{\"@type\":\"Organization\",\"@id\":\"https:\\\/\\\/webknjizara.hr\\\/#organization\",\"name\":\"REDAK D.O.O.\",\"url\":\"https:\\\/\\\/webknjizara.hr\\\/\",\"logo\":{\"@type\":\"ImageObject\",\"inLanguage\":\"en-US\",\"@id\":\"https:\\\/\\\/webknjizara.hr\\\/#\\\/schema\\\/logo\\\/image\\\/\",\"url\":\"https:\\\/\\\/webknjizara.hr\\\/wp-content\\\/uploads\\\/2023\\\/01\\\/web-knjizara-logo.webp\",\"contentUrl\":\"https:\\\/\\\/webknjizara.hr\\\/wp-content\\\/uploads\\\/2023\\\/01\\\/web-knjizara-logo.webp\",\"width\":324,\"height\":79,\"caption\":\"REDAK D.O.O.\"},\"image\":{\"@id\":\"https:\\\/\\\/webknjizara.hr\\\/#\\\/schema\\\/logo\\\/image\\\/\"}}]}<\/script>\n<!-- \/ Yoast SEO plugin. -->","yoast_head_json":{"title":"U\u010cINCI PANDEMIJE COVID -19 NA SOCIJABILITET GRA\u0110ANA I GRA\u0110ANKI SPLITA, An\u010di Leburi\u0107, Lucija Duji\u0107 - Web-knji\u017eara","robots":{"index":"index","follow":"follow","max-snippet":"max-snippet:-1","max-image-preview":"max-image-preview:large","max-video-preview":"max-video-preview:-1"},"canonical":"https:\/\/webknjizara.hr\/proizvod\/ucinci-pandemije-covid-19-na-socijabilitet-gradana-i-gradanki-splita-anci-leburic-lucija-dujic\/","og_locale":"en_US","og_type":"article","og_title":"U\u010cINCI PANDEMIJE COVID -19 NA SOCIJABILITET GRA\u0110ANA I GRA\u0110ANKI SPLITA, An\u010di Leburi\u0107, Lucija Duji\u0107 - Web-knji\u017eara","og_description":"Sa\u017eetak: Bave\u0107i se u\u010dincima pandemije COVID-19, autorice se bave socijabilitetom splitskih gra\u0111ana i gra\u0111anki u \u010dijem kontekstu ispituju dimenzije institucionalnih usluga koje su njima pru\u017eane, te interakcijama u kojima su bili akteri\/-ce, kao i ljubavnim odnosima koje se gradili i razvijali u tom analiziranom razdoblju, odnosno tijekom pandemije COVID-19. Istra\u017eivanje je realizirano na uzorku od [&hellip;]","og_url":"https:\/\/webknjizara.hr\/proizvod\/ucinci-pandemije-covid-19-na-socijabilitet-gradana-i-gradanki-splita-anci-leburic-lucija-dujic\/","og_site_name":"Web-knji\u017eara","article_modified_time":"2023-04-25T06:27:30+00:00","og_image":[{"width":300,"height":419,"url":"https:\/\/webknjizara.hr\/wp-content\/uploads\/2023\/03\/Anci_Leburic_Lucija_Dujic_Ucinci_pandemije_COVID_19_WEB_1418.jpg","type":"image\/jpeg"}],"twitter_card":"summary_large_image","twitter_misc":{"Est. reading time":"4 minutes"},"schema":{"@context":"https:\/\/schema.org","@graph":[{"@type":"WebPage","@id":"https:\/\/webknjizara.hr\/proizvod\/ucinci-pandemije-covid-19-na-socijabilitet-gradana-i-gradanki-splita-anci-leburic-lucija-dujic\/","url":"https:\/\/webknjizara.hr\/proizvod\/ucinci-pandemije-covid-19-na-socijabilitet-gradana-i-gradanki-splita-anci-leburic-lucija-dujic\/","name":"U\u010cINCI PANDEMIJE COVID -19 NA SOCIJABILITET GRA\u0110ANA I GRA\u0110ANKI SPLITA, An\u010di Leburi\u0107, Lucija Duji\u0107 - Web-knji\u017eara","isPartOf":{"@id":"https:\/\/webknjizara.hr\/#website"},"primaryImageOfPage":{"@id":"https:\/\/webknjizara.hr\/proizvod\/ucinci-pandemije-covid-19-na-socijabilitet-gradana-i-gradanki-splita-anci-leburic-lucija-dujic\/#primaryimage"},"image":{"@id":"https:\/\/webknjizara.hr\/proizvod\/ucinci-pandemije-covid-19-na-socijabilitet-gradana-i-gradanki-splita-anci-leburic-lucija-dujic\/#primaryimage"},"thumbnailUrl":"https:\/\/webknjizara.hr\/wp-content\/uploads\/2023\/03\/Anci_Leburic_Lucija_Dujic_Ucinci_pandemije_COVID_19_WEB_1418.jpg","datePublished":"2023-03-27T06:26:57+00:00","dateModified":"2023-04-25T06:27:30+00:00","breadcrumb":{"@id":"https:\/\/webknjizara.hr\/proizvod\/ucinci-pandemije-covid-19-na-socijabilitet-gradana-i-gradanki-splita-anci-leburic-lucija-dujic\/#breadcrumb"},"inLanguage":"en-US","potentialAction":[{"@type":"ReadAction","target":["https:\/\/webknjizara.hr\/proizvod\/ucinci-pandemije-covid-19-na-socijabilitet-gradana-i-gradanki-splita-anci-leburic-lucija-dujic\/"]}]},{"@type":"ImageObject","inLanguage":"en-US","@id":"https:\/\/webknjizara.hr\/proizvod\/ucinci-pandemije-covid-19-na-socijabilitet-gradana-i-gradanki-splita-anci-leburic-lucija-dujic\/#primaryimage","url":"https:\/\/webknjizara.hr\/wp-content\/uploads\/2023\/03\/Anci_Leburic_Lucija_Dujic_Ucinci_pandemije_COVID_19_WEB_1418.jpg","contentUrl":"https:\/\/webknjizara.hr\/wp-content\/uploads\/2023\/03\/Anci_Leburic_Lucija_Dujic_Ucinci_pandemije_COVID_19_WEB_1418.jpg","width":300,"height":419},{"@type":"BreadcrumbList","@id":"https:\/\/webknjizara.hr\/proizvod\/ucinci-pandemije-covid-19-na-socijabilitet-gradana-i-gradanki-splita-anci-leburic-lucija-dujic\/#breadcrumb","itemListElement":[{"@type":"ListItem","position":1,"name":"Po\u010detna stranica","item":"https:\/\/webknjizara.hr\/en\/"},{"@type":"ListItem","position":2,"name":"Shop","item":"https:\/\/webknjizara.hr\/shop\/"},{"@type":"ListItem","position":3,"name":"U\u010cINCI PANDEMIJE COVID -19 NA SOCIJABILITET GRA\u0110ANA I GRA\u0110ANKI SPLITA, An\u010di Leburi\u0107, Lucija Duji\u0107"}]},{"@type":"WebSite","@id":"https:\/\/webknjizara.hr\/#website","url":"https:\/\/webknjizara.hr\/","name":"Web Knji\u017eara","description":"","publisher":{"@id":"https:\/\/webknjizara.hr\/#organization"},"potentialAction":[{"@type":"SearchAction","target":{"@type":"EntryPoint","urlTemplate":"https:\/\/webknjizara.hr\/?s={search_term_string}"},"query-input":{"@type":"PropertyValueSpecification","valueRequired":true,"valueName":"search_term_string"}}],"inLanguage":"en-US"},{"@type":"Organization","@id":"https:\/\/webknjizara.hr\/#organization","name":"REDAK D.O.O.","url":"https:\/\/webknjizara.hr\/","logo":{"@type":"ImageObject","inLanguage":"en-US","@id":"https:\/\/webknjizara.hr\/#\/schema\/logo\/image\/","url":"https:\/\/webknjizara.hr\/wp-content\/uploads\/2023\/01\/web-knjizara-logo.webp","contentUrl":"https:\/\/webknjizara.hr\/wp-content\/uploads\/2023\/01\/web-knjizara-logo.webp","width":324,"height":79,"caption":"REDAK D.O.O."},"image":{"@id":"https:\/\/webknjizara.hr\/#\/schema\/logo\/image\/"}}]}},"_links":{"self":[{"href":"https:\/\/webknjizara.hr\/en\/wp-json\/wp\/v2\/product\/13623","targetHints":{"allow":["GET"]}}],"collection":[{"href":"https:\/\/webknjizara.hr\/en\/wp-json\/wp\/v2\/product"}],"about":[{"href":"https:\/\/webknjizara.hr\/en\/wp-json\/wp\/v2\/types\/product"}],"replies":[{"embeddable":true,"href":"https:\/\/webknjizara.hr\/en\/wp-json\/wp\/v2\/comments?post=13623"}],"wp:featuredmedia":[{"embeddable":true,"href":"https:\/\/webknjizara.hr\/en\/wp-json\/wp\/v2\/media\/13624"}],"wp:attachment":[{"href":"https:\/\/webknjizara.hr\/en\/wp-json\/wp\/v2\/media?parent=13623"}],"wp:term":[{"taxonomy":"product_brand","embeddable":true,"href":"https:\/\/webknjizara.hr\/en\/wp-json\/wp\/v2\/product_brand?post=13623"},{"taxonomy":"product_cat","embeddable":true,"href":"https:\/\/webknjizara.hr\/en\/wp-json\/wp\/v2\/product_cat?post=13623"},{"taxonomy":"product_tag","embeddable":true,"href":"https:\/\/webknjizara.hr\/en\/wp-json\/wp\/v2\/product_tag?post=13623"}],"curies":[{"name":"wp","href":"https:\/\/api.w.org\/{rel}","templated":true}]}}