{"id":13497,"date":"2023-03-20T16:10:00","date_gmt":"2023-03-20T15:10:00","guid":{"rendered":"https:\/\/webknjizara.hr\/?post_type=product&#038;p=13497"},"modified":"2023-04-25T08:18:14","modified_gmt":"2023-04-25T06:18:14","slug":"imidz-upravljanje-osobnim-imidzem-gledis-sprah","status":"publish","type":"product","link":"https:\/\/webknjizara.hr\/en\/proizvod\/imidz-upravljanje-osobnim-imidzem-gledis-sprah\/","title":{"rendered":"IMID\u017d &#8211; UPRAVLJANJE OSOBNIM IMID\u017dEM, Gledis \u0160prah"},"content":{"rendered":"<p><strong>Sa\u017eetak:<\/strong> Knjiga IMID\u017d napisana je na osnovi osobnog iskustva autorice koja detaljno obja\u0161njava i savjetuje kako se upravlja osobnim imid\u017eem. Osobni Imid\u017e je proces gradnje svog identiteta u skladu s pravilima <em>dress koda,<\/em> estetike i bontona.<\/p>\n<p>U knjizi Imid\u017e prona\u0107i \u0107ete savjete kako stvoriti dobru percepciju sebe u o\u010dima sugovornika.<\/p>\n<p>Autorica iz iskustva govori o razlici op\u0107eg imid\u017ea izme\u0111u umjetnika na sceni i poslovnih ljudi.<\/p>\n<p>Imid\u017e je put kojim prikazujemo sebe bez izgovorene rije\u010di.<\/p>\n<p>Va\u0161 imid\u017e je va\u0161a poruka svijetu. Izgradite svoj osobni imid\u017e sa savjetima iz ove knjige.<\/p>\n<p>&nbsp;<\/p>\n<p>&nbsp;<\/p>\n<p><strong>Bilje\u0161ka o autorici: <\/strong>Gledis \u0160prah ro\u0111ena je 1973. g. u Puli gdje i danas \u017eivi i radi.<\/p>\n<p>Nakon dugogodi\u0161njeg rada u glazbenoj agenciji \u201eLira Intersound\u201c, u kojoj je kao estradna menad\u017eerica radila s velikim i poznatim svjetskim zvijezdama <em>show businessa,<\/em> svoje veliko iskustvo usmjerila je u ulogu savjetnice za imid\u017e.<\/p>\n<p>Kao stru\u010dnjakinja imid\u017e komunikacije u svom studiju Glam Style Studio priprema mlade djevojke za razna natjecanja ljepote i nudi im op\u0107u pripremu za budu\u0107i \u017eivot pod svjetlima reflektora.<\/p>\n<p>Mlade poduzetnice\/ke i poslovne ljude savjetuje i usavr\u0161ava u komunikacijskim vje\u0161tinama.<\/p>\n<p>Njezina prva knjiga <em>Sada je Dosta!<\/em> pokazala se kao odli\u010dan mali savjetnik na putu pronalaska sebe. I to ju je potaknulo da u ovoj knjizi <em>Imid\u017e <\/em>otkrije sve tajne osobnog imid\u017ea<\/p>\n<p>&nbsp;<\/p>\n<p><strong>Klju\u010dne rije\u010di: <\/strong>Glam Style Studio, Gledis \u0160prah, Pula, manekenstvo, izbori ljepote, koncerti, ljepota, \u017eena, cipele, \u0161tikla, kravata, poslovna komunikacija, imid\u017e, osobni razvoj, samopouzdanje, poslovni savjetnik, te\u010daj, trening, prezentacijske vje\u0161tine<\/p>\n<p><strong>Link: <\/strong><a href=\"http:\/\/www.GlamStyleStudio.hr\">www.GlamStyleStudio.hr<\/a><\/p>\n<p>&nbsp;<\/p>\n<p><strong>E-mail: <\/strong><a href=\"mailto:gledis@glamstylestudio.hr\" target=\"_blank\" rel=\"noopener\">Gledis \u0160prah<\/a><\/p>\n<p><strong>\u00a0<\/strong><\/p>\n<p>&nbsp;<\/p>\n<p><strong>Naslov: <\/strong>Imid\u017e &#8211; Upravljanje osobnim imid\u017eem<br \/>\n<strong>Autorica:<\/strong> Gledis \u0160prah<br \/>\n<strong>Broj stranica: <\/strong>184<br \/>\n<strong>Nakladnik: <\/strong>REDAK<br \/>\n<strong>Godina izdanja: <\/strong><strong>2023.<br \/>\n<\/strong><strong>ISBN:<\/strong> 978-953-336-898-6<br \/>\n<strong>Tisak:<\/strong> digitalni tisak knjiga &#8211; print na zahtjev<\/p>\n","protected":false},"excerpt":{"rendered":"<p>Sa\u017eetak: Knjiga IMID\u017d napisana je na osnovi osobnog iskustva autorice koja detaljno obja\u0161njava i savjetuje kako se upravlja osobnim imid\u017eem. Osobni Imid\u017e je proces gradnje svog identiteta u skladu s pravilima dress koda, estetike i bontona. U knjizi Imid\u017e prona\u0107i \u0107ete savjete kako stvoriti dobru percepciju sebe u o\u010dima sugovornika. Autorica iz iskustva govori o [&hellip;]<\/p>\n","protected":false},"featured_media":13498,"comment_status":"open","ping_status":"closed","template":"","meta":{"_acf_changed":false},"product_brand":[],"product_cat":[1489],"product_tag":[],"class_list":{"0":"post-13497","1":"product","2":"type-product","3":"status-publish","4":"has-post-thumbnail","6":"product_cat-publicistika","7":"pa_autor-gledis-sprah","8":"pa_nakladnik-redak","10":"first","11":"instock","12":"shipping-taxable","13":"purchasable","14":"product-type-simple"},"acf":[],"yoast_head":"<!-- This site is optimized with the Yoast SEO plugin v27.3 - https:\/\/yoast.com\/product\/yoast-seo-wordpress\/ -->\n<title>IMID\u017d - UPRAVLJANJE OSOBNIM IMID\u017dEM, Gledis \u0160prah - Web-knji\u017eara<\/title>\n<meta name=\"robots\" content=\"index, follow, max-snippet:-1, max-image-preview:large, max-video-preview:-1\" \/>\n<link rel=\"canonical\" href=\"https:\/\/webknjizara.hr\/proizvod\/imidz-upravljanje-osobnim-imidzem-gledis-sprah\/\" \/>\n<meta property=\"og:locale\" content=\"en_US\" \/>\n<meta property=\"og:type\" content=\"article\" \/>\n<meta property=\"og:title\" content=\"IMID\u017d - UPRAVLJANJE OSOBNIM IMID\u017dEM, Gledis \u0160prah - Web-knji\u017eara\" \/>\n<meta property=\"og:description\" content=\"Sa\u017eetak: Knjiga IMID\u017d napisana je na osnovi osobnog iskustva autorice koja detaljno obja\u0161njava i savjetuje kako se upravlja osobnim imid\u017eem. Osobni Imid\u017e je proces gradnje svog identiteta u skladu s pravilima dress koda, estetike i bontona. U knjizi Imid\u017e prona\u0107i \u0107ete savjete kako stvoriti dobru percepciju sebe u o\u010dima sugovornika. Autorica iz iskustva govori o [&hellip;]\" \/>\n<meta property=\"og:url\" content=\"https:\/\/webknjizara.hr\/proizvod\/imidz-upravljanje-osobnim-imidzem-gledis-sprah\/\" \/>\n<meta property=\"og:site_name\" content=\"Web-knji\u017eara\" \/>\n<meta property=\"article:modified_time\" content=\"2023-04-25T06:18:14+00:00\" \/>\n<meta property=\"og:image\" content=\"https:\/\/webknjizara.hr\/wp-content\/uploads\/2023\/03\/Gledis_Sprah_Imidz_-_Upravljanje_osobnim_imidzem_webknjizara_redak_WEB_1376-1.jpg\" \/>\n\t<meta property=\"og:image:width\" content=\"300\" \/>\n\t<meta property=\"og:image:height\" content=\"419\" \/>\n\t<meta property=\"og:image:type\" content=\"image\/jpeg\" \/>\n<meta name=\"twitter:card\" content=\"summary_large_image\" \/>\n<meta name=\"twitter:label1\" content=\"Est. reading time\" \/>\n\t<meta name=\"twitter:data1\" content=\"2 minutes\" \/>\n<script type=\"application\/ld+json\" class=\"yoast-schema-graph\">{\"@context\":\"https:\\\/\\\/schema.org\",\"@graph\":[{\"@type\":\"WebPage\",\"@id\":\"https:\\\/\\\/webknjizara.hr\\\/proizvod\\\/imidz-upravljanje-osobnim-imidzem-gledis-sprah\\\/\",\"url\":\"https:\\\/\\\/webknjizara.hr\\\/proizvod\\\/imidz-upravljanje-osobnim-imidzem-gledis-sprah\\\/\",\"name\":\"IMID\u017d - UPRAVLJANJE OSOBNIM IMID\u017dEM, Gledis \u0160prah - Web-knji\u017eara\",\"isPartOf\":{\"@id\":\"https:\\\/\\\/webknjizara.hr\\\/#website\"},\"primaryImageOfPage\":{\"@id\":\"https:\\\/\\\/webknjizara.hr\\\/proizvod\\\/imidz-upravljanje-osobnim-imidzem-gledis-sprah\\\/#primaryimage\"},\"image\":{\"@id\":\"https:\\\/\\\/webknjizara.hr\\\/proizvod\\\/imidz-upravljanje-osobnim-imidzem-gledis-sprah\\\/#primaryimage\"},\"thumbnailUrl\":\"https:\\\/\\\/webknjizara.hr\\\/wp-content\\\/uploads\\\/2023\\\/03\\\/Gledis_Sprah_Imidz_-_Upravljanje_osobnim_imidzem_webknjizara_redak_WEB_1376-1.jpg\",\"datePublished\":\"2023-03-20T15:10:00+00:00\",\"dateModified\":\"2023-04-25T06:18:14+00:00\",\"breadcrumb\":{\"@id\":\"https:\\\/\\\/webknjizara.hr\\\/proizvod\\\/imidz-upravljanje-osobnim-imidzem-gledis-sprah\\\/#breadcrumb\"},\"inLanguage\":\"en-US\",\"potentialAction\":[{\"@type\":\"ReadAction\",\"target\":[\"https:\\\/\\\/webknjizara.hr\\\/proizvod\\\/imidz-upravljanje-osobnim-imidzem-gledis-sprah\\\/\"]}]},{\"@type\":\"ImageObject\",\"inLanguage\":\"en-US\",\"@id\":\"https:\\\/\\\/webknjizara.hr\\\/proizvod\\\/imidz-upravljanje-osobnim-imidzem-gledis-sprah\\\/#primaryimage\",\"url\":\"https:\\\/\\\/webknjizara.hr\\\/wp-content\\\/uploads\\\/2023\\\/03\\\/Gledis_Sprah_Imidz_-_Upravljanje_osobnim_imidzem_webknjizara_redak_WEB_1376-1.jpg\",\"contentUrl\":\"https:\\\/\\\/webknjizara.hr\\\/wp-content\\\/uploads\\\/2023\\\/03\\\/Gledis_Sprah_Imidz_-_Upravljanje_osobnim_imidzem_webknjizara_redak_WEB_1376-1.jpg\",\"width\":300,\"height\":419},{\"@type\":\"BreadcrumbList\",\"@id\":\"https:\\\/\\\/webknjizara.hr\\\/proizvod\\\/imidz-upravljanje-osobnim-imidzem-gledis-sprah\\\/#breadcrumb\",\"itemListElement\":[{\"@type\":\"ListItem\",\"position\":1,\"name\":\"Po\u010detna stranica\",\"item\":\"https:\\\/\\\/webknjizara.hr\\\/en\\\/\"},{\"@type\":\"ListItem\",\"position\":2,\"name\":\"Shop\",\"item\":\"https:\\\/\\\/webknjizara.hr\\\/shop\\\/\"},{\"@type\":\"ListItem\",\"position\":3,\"name\":\"IMID\u017d &#8211; UPRAVLJANJE OSOBNIM IMID\u017dEM, Gledis \u0160prah\"}]},{\"@type\":\"WebSite\",\"@id\":\"https:\\\/\\\/webknjizara.hr\\\/#website\",\"url\":\"https:\\\/\\\/webknjizara.hr\\\/\",\"name\":\"Web Knji\u017eara\",\"description\":\"\",\"publisher\":{\"@id\":\"https:\\\/\\\/webknjizara.hr\\\/#organization\"},\"potentialAction\":[{\"@type\":\"SearchAction\",\"target\":{\"@type\":\"EntryPoint\",\"urlTemplate\":\"https:\\\/\\\/webknjizara.hr\\\/?s={search_term_string}\"},\"query-input\":{\"@type\":\"PropertyValueSpecification\",\"valueRequired\":true,\"valueName\":\"search_term_string\"}}],\"inLanguage\":\"en-US\"},{\"@type\":\"Organization\",\"@id\":\"https:\\\/\\\/webknjizara.hr\\\/#organization\",\"name\":\"REDAK D.O.O.\",\"url\":\"https:\\\/\\\/webknjizara.hr\\\/\",\"logo\":{\"@type\":\"ImageObject\",\"inLanguage\":\"en-US\",\"@id\":\"https:\\\/\\\/webknjizara.hr\\\/#\\\/schema\\\/logo\\\/image\\\/\",\"url\":\"https:\\\/\\\/webknjizara.hr\\\/wp-content\\\/uploads\\\/2023\\\/01\\\/web-knjizara-logo.webp\",\"contentUrl\":\"https:\\\/\\\/webknjizara.hr\\\/wp-content\\\/uploads\\\/2023\\\/01\\\/web-knjizara-logo.webp\",\"width\":324,\"height\":79,\"caption\":\"REDAK D.O.O.\"},\"image\":{\"@id\":\"https:\\\/\\\/webknjizara.hr\\\/#\\\/schema\\\/logo\\\/image\\\/\"}}]}<\/script>\n<!-- \/ Yoast SEO plugin. -->","yoast_head_json":{"title":"IMID\u017d - UPRAVLJANJE OSOBNIM IMID\u017dEM, Gledis \u0160prah - Web-knji\u017eara","robots":{"index":"index","follow":"follow","max-snippet":"max-snippet:-1","max-image-preview":"max-image-preview:large","max-video-preview":"max-video-preview:-1"},"canonical":"https:\/\/webknjizara.hr\/proizvod\/imidz-upravljanje-osobnim-imidzem-gledis-sprah\/","og_locale":"en_US","og_type":"article","og_title":"IMID\u017d - UPRAVLJANJE OSOBNIM IMID\u017dEM, Gledis \u0160prah - Web-knji\u017eara","og_description":"Sa\u017eetak: Knjiga IMID\u017d napisana je na osnovi osobnog iskustva autorice koja detaljno obja\u0161njava i savjetuje kako se upravlja osobnim imid\u017eem. Osobni Imid\u017e je proces gradnje svog identiteta u skladu s pravilima dress koda, estetike i bontona. U knjizi Imid\u017e prona\u0107i \u0107ete savjete kako stvoriti dobru percepciju sebe u o\u010dima sugovornika. Autorica iz iskustva govori o [&hellip;]","og_url":"https:\/\/webknjizara.hr\/proizvod\/imidz-upravljanje-osobnim-imidzem-gledis-sprah\/","og_site_name":"Web-knji\u017eara","article_modified_time":"2023-04-25T06:18:14+00:00","og_image":[{"width":300,"height":419,"url":"https:\/\/webknjizara.hr\/wp-content\/uploads\/2023\/03\/Gledis_Sprah_Imidz_-_Upravljanje_osobnim_imidzem_webknjizara_redak_WEB_1376-1.jpg","type":"image\/jpeg"}],"twitter_card":"summary_large_image","twitter_misc":{"Est. reading time":"2 minutes"},"schema":{"@context":"https:\/\/schema.org","@graph":[{"@type":"WebPage","@id":"https:\/\/webknjizara.hr\/proizvod\/imidz-upravljanje-osobnim-imidzem-gledis-sprah\/","url":"https:\/\/webknjizara.hr\/proizvod\/imidz-upravljanje-osobnim-imidzem-gledis-sprah\/","name":"IMID\u017d - UPRAVLJANJE OSOBNIM IMID\u017dEM, Gledis \u0160prah - Web-knji\u017eara","isPartOf":{"@id":"https:\/\/webknjizara.hr\/#website"},"primaryImageOfPage":{"@id":"https:\/\/webknjizara.hr\/proizvod\/imidz-upravljanje-osobnim-imidzem-gledis-sprah\/#primaryimage"},"image":{"@id":"https:\/\/webknjizara.hr\/proizvod\/imidz-upravljanje-osobnim-imidzem-gledis-sprah\/#primaryimage"},"thumbnailUrl":"https:\/\/webknjizara.hr\/wp-content\/uploads\/2023\/03\/Gledis_Sprah_Imidz_-_Upravljanje_osobnim_imidzem_webknjizara_redak_WEB_1376-1.jpg","datePublished":"2023-03-20T15:10:00+00:00","dateModified":"2023-04-25T06:18:14+00:00","breadcrumb":{"@id":"https:\/\/webknjizara.hr\/proizvod\/imidz-upravljanje-osobnim-imidzem-gledis-sprah\/#breadcrumb"},"inLanguage":"en-US","potentialAction":[{"@type":"ReadAction","target":["https:\/\/webknjizara.hr\/proizvod\/imidz-upravljanje-osobnim-imidzem-gledis-sprah\/"]}]},{"@type":"ImageObject","inLanguage":"en-US","@id":"https:\/\/webknjizara.hr\/proizvod\/imidz-upravljanje-osobnim-imidzem-gledis-sprah\/#primaryimage","url":"https:\/\/webknjizara.hr\/wp-content\/uploads\/2023\/03\/Gledis_Sprah_Imidz_-_Upravljanje_osobnim_imidzem_webknjizara_redak_WEB_1376-1.jpg","contentUrl":"https:\/\/webknjizara.hr\/wp-content\/uploads\/2023\/03\/Gledis_Sprah_Imidz_-_Upravljanje_osobnim_imidzem_webknjizara_redak_WEB_1376-1.jpg","width":300,"height":419},{"@type":"BreadcrumbList","@id":"https:\/\/webknjizara.hr\/proizvod\/imidz-upravljanje-osobnim-imidzem-gledis-sprah\/#breadcrumb","itemListElement":[{"@type":"ListItem","position":1,"name":"Po\u010detna stranica","item":"https:\/\/webknjizara.hr\/en\/"},{"@type":"ListItem","position":2,"name":"Shop","item":"https:\/\/webknjizara.hr\/shop\/"},{"@type":"ListItem","position":3,"name":"IMID\u017d &#8211; UPRAVLJANJE OSOBNIM IMID\u017dEM, Gledis \u0160prah"}]},{"@type":"WebSite","@id":"https:\/\/webknjizara.hr\/#website","url":"https:\/\/webknjizara.hr\/","name":"Web Knji\u017eara","description":"","publisher":{"@id":"https:\/\/webknjizara.hr\/#organization"},"potentialAction":[{"@type":"SearchAction","target":{"@type":"EntryPoint","urlTemplate":"https:\/\/webknjizara.hr\/?s={search_term_string}"},"query-input":{"@type":"PropertyValueSpecification","valueRequired":true,"valueName":"search_term_string"}}],"inLanguage":"en-US"},{"@type":"Organization","@id":"https:\/\/webknjizara.hr\/#organization","name":"REDAK D.O.O.","url":"https:\/\/webknjizara.hr\/","logo":{"@type":"ImageObject","inLanguage":"en-US","@id":"https:\/\/webknjizara.hr\/#\/schema\/logo\/image\/","url":"https:\/\/webknjizara.hr\/wp-content\/uploads\/2023\/01\/web-knjizara-logo.webp","contentUrl":"https:\/\/webknjizara.hr\/wp-content\/uploads\/2023\/01\/web-knjizara-logo.webp","width":324,"height":79,"caption":"REDAK D.O.O."},"image":{"@id":"https:\/\/webknjizara.hr\/#\/schema\/logo\/image\/"}}]}},"_links":{"self":[{"href":"https:\/\/webknjizara.hr\/en\/wp-json\/wp\/v2\/product\/13497","targetHints":{"allow":["GET"]}}],"collection":[{"href":"https:\/\/webknjizara.hr\/en\/wp-json\/wp\/v2\/product"}],"about":[{"href":"https:\/\/webknjizara.hr\/en\/wp-json\/wp\/v2\/types\/product"}],"replies":[{"embeddable":true,"href":"https:\/\/webknjizara.hr\/en\/wp-json\/wp\/v2\/comments?post=13497"}],"wp:featuredmedia":[{"embeddable":true,"href":"https:\/\/webknjizara.hr\/en\/wp-json\/wp\/v2\/media\/13498"}],"wp:attachment":[{"href":"https:\/\/webknjizara.hr\/en\/wp-json\/wp\/v2\/media?parent=13497"}],"wp:term":[{"taxonomy":"product_brand","embeddable":true,"href":"https:\/\/webknjizara.hr\/en\/wp-json\/wp\/v2\/product_brand?post=13497"},{"taxonomy":"product_cat","embeddable":true,"href":"https:\/\/webknjizara.hr\/en\/wp-json\/wp\/v2\/product_cat?post=13497"},{"taxonomy":"product_tag","embeddable":true,"href":"https:\/\/webknjizara.hr\/en\/wp-json\/wp\/v2\/product_tag?post=13497"}],"curies":[{"name":"wp","href":"https:\/\/api.w.org\/{rel}","templated":true}]}}